{"id":44760,"date":"2024-11-19T09:43:23","date_gmt":"2024-11-19T09:43:23","guid":{"rendered":"http:\/\/vevorshop.edigo.lv\/Prece\/vevor-precision-miter-gauge-standard-slot-3-4-x-3-8-aluminum-alloy-table-saw-miter-gauge-with-24-in-grating-15-angle-stops-adjustable-spring-loaded-plunger-and-removable-disc-for-woodworkin\/"},"modified":"2026-04-20T04:43:48","modified_gmt":"2026-04-20T01:43:48","slug":"vevor-precision-miter-gauge-standard-slot-3-4-x-3-8-aluminum-alloy-table-saw-miter-gauge-with-24-in-grating-15-angle-stops-adjustable-spring-loaded-plunger-and-removable-disc-for-woodworkin","status":"publish","type":"product","link":"https:\/\/vevorshop.lv\/et\/Prece\/vevor-tappisnurga-moodik-standardpesa-3-4-x-3-8-alumiiniumisulamist-lauasae-nurgamoodik-24-tollise-vorega-15-nurgapiirikut-reguleeritav-vedruga-kolb-ja-eemaldatav-ketas-puidutooks\/","title":{"rendered":"VEVOR Precision Miter Gauge for Table Saw, 19\u00d79.5 mm Slot, 61 cm Fence, 15 Angle Stops, Aluminum Alloy, Adjustable for Woodworking"},"content":{"rendered":"<div style=\"color: #fff!important; font-size: 16px; height: 24px; line-height: 24px; margin-top: -24px; \" class=\"product_original_name\">VEVOR t\u00e4ppisnurgam\u00f5\u00f5tur, standardpesa 19 x 9,5 mm, alumiiniumisulamist lauasae nurgam\u00f5\u00f5tur 61 cm v\u00f5rega, 15 nurgapiirikut, reguleeritav vedruga kolb ja eemaldatav ketas, puidut\u00f6\u00f6tlemiseks<\/div>\n<div style=\"color: #fff!important; font-size: 16px; height: 24px; line-height: 24px; margin-top: -24px; \" class=\"product_sku\">M4I4LKQN<\/div>\n<div style=\"color: #fff!important; font-size: 16px; height: 24px; line-height: 24px; margin-top: -24px; \" class=\"product_mpn\">TJXQGDKS6060DGXZUV0<\/div><div id=\"js-DM_at-goodDescRich\"><html><head><style>  body {    font-family: Arial;    line-height: 1.5;    color: #1c1c1c;    overflow-x: hidden;    margin: 0;    padding: 0;  }  .MsoNormal b {    font-weight: bolder;  }<\/style><style>  .container.small {    width: 970px;    margin: 0 auto;  }  .logo {    margin: 0 auto 0;  }  .logo img {    display: block;    margin: 0 auto;    max-width: 100%;  }  .logo .pc-banner {    display: block;    width: 1200px;    height: 247.4px;    margin: 0 auto;  }  .logo .pc-banner.small {    width: 970px;  }  .logo .pc-banner.small img {    height: auto!important;  }  .logo .m-banner {    display: none;  }  .ytvideo {    position: relative;    height: 546px;    width: 100%;    margin: 0 auto;  }  .ytvideo img {    width: 100%;    margin: 0 auto;  }  .ytvideo .play-btn {    width: 60px;    height: 42px;    position: absolute;    top: 50%;    left: 50%;    transform: translate(-50%, -50%);    background: url(\"data:image\/png;base64,iVBORw0KGgoAAAANSUhEUgAAAGQAAABGCAMAAAANWMFbAAAC+lBMVEUAAADBGB3kLCfBGB3kLCfcJC7BFx3KKSbiKybkLCbWJCPSIiLSIiLPICHAFx3kLCfgKSXNHiDZJiTIGx\/p4eHcjo7LHSDbJyTkLCbjKyfOHyHPIiL28fHJHB\/GGh7EGR7eKCXDGB3RISHlLSbBGB3AFxzGHB7DGB7BGB3hKybkKybAFx3lLCfAFxzDGR3hKibDGB7cJyTmz8\/elJTlwcHjurrUIyLlLSflLSfAFx3DGR7lLSfCFx3hKibhKibhKybjKybkLCblLSfbJSX49vbx7e3NNzjNMTLMJyjVIyLZf3\/ZQ0LaeHjx0tLgoqLkLCfCGB3HGx\/BGB3BFx3PICHCGB7WJCLOHyC\/Fxy\/Fx3lLCfQISHkLSe\/FxzbJiTBFx3FGx\/AGB7BFx3EGR7AGB3HHSDfKiXAFh3TISHYNzbhKibbJyTTIiL57e325+f039\/v2NjUV1fOHiHiqanfmprch4feKSXVIyPOICHmLibFGh\/mLSe\/Fx7XJCPeKSXXJSPNHyHaJyTGGh7lLCbmLCflLSjSIiLkLCbdKSXLHiC\/GB3KHh++Fh3lKyfoLiXcKCPkx8fYb2\/XaGfVXl3aU1LLHiDksbHgKibPICHbJyTfKSXbJyTCGB3KHSDiKybFGh7TIiL\/\/\/\/VIyPRISHIHB\/GGx\/HHB\/DGR7gKibdKCXLHiDZJiTMHiDNHyHYJSTOICHPICHWJCPcKCXXJSPjLCblLCf+\/f3NGR\/uLijzLynPGR\/IGB7WISHaIyLLGh7UAADxLynNAADRLzDbICLQAADIAAD3MCrUHSHXMTDpKSbLAADp5OTij4\/ejo\/VLy\/1LyngJSTcJCPQHx\/OHB7+\/PzaMS\/OLS\/vLijrLSjSAADaNTPwLyjkKSbNJCbYISHPHB\/KGB7WAAD7+vrn3d3aKynTKCjoLCfsKifRGh\/YAADq5+fhjo7QNDXXKCfmJyXt5+fTLzDLLi\/QKivYHRvMGBrQJCXLISPMExXLDxLaEAvkkI\/bOTfaFQ\/SCgpvLcnHAAAAmnRSTlMA+vv7+gT9Bvf9+8z8\/NSv\/Pr5+P7++vnQIBMP\/v38\/Pn348XDiCYf9OjbzcqxXVcx\/fz8+\/rj1r2poo1+fXFqX0orGP7+\/v7+\/fz8+\/r68uzn4trIxsG\/vri3p6GcmZSNbWVYUUZEPQv+\/f39+\/v7+\/v7+vr64tvV1NTTz87FtbSurqeblJKFg4B3bUY+NjL7+\/v7+\/v67t1cDo8JLQAABkRJREFUWMO0kz9rwkAYh0OIeJkum6YugUAhISCdKoj\/P4C7SMdS+gEKIhSKil10LSg4mzXkILdlEpxCpwTiWOLX6BujvQaEQuGeHLnL+\/64J+SIcKGYTYWnntpdLjrVdqvZmNdn0+EE40GtpuuWVS6Xx6N7YDSGpWXpeq02wHgynM7q80az1a52HpddtVcpsi1zFARBrdaxbhp9iUReTGmwA4KAAr7vx3EYejnCMI6hQYEgy0LQi4jUN0wL19vqFcUC9\/1dAKmEEFkWRYkh5oBejnxQJiSJPJ\/uKBp0Thszx9Mw8hMRIQjKsptCfuES9zr5WJY6vSFCIvE9fCMUmEM1A1kSXcYGxgVYsvI1IPKTZciSTI0us\/SMGG04gDzELDoFBwdcFJrF88dqgYMTiL6DILWYyfOWE8\/kIz38olCNlC03FK95+imxp6y4oUSvAnBjHHhKNtotSDqJzVFiK8c2SBqhZtsrTtgrLXwAyduxZHNE26eHUt5rtuM4WSmds3G+sUdWYo1L+XyxButoh5eKUHk5lByO3G1LqqCWVnfrv\/lyPtf\/4ps1cndNGIri8J1TJ0lx6dR\/oPjq1nbRwdp2dCk4CtIOLW3pVKRL6WZfS5vF2KkIQhpwSsjiYIgNCs1gEMGqiIq24NQX9NwoXFy8Ufrl3twTcg4fv8T9\/JBEySduj6Mjm4bMzYV7EEOxKjjoNDud7yY3Dy71Hq2oLmqfbNR723edH9PgMrNL2utoQ3VmaIDkiw\/4w51P06hlZsTZvkRrbVuSIs\/zwSOsycgzStQouoAkWQqioRT5XI7n2Z1wfVhoZmcAJLsoqjqpjbWCgpOAJXBwHK8PzWbNvoUZJND5wCnSkLAkZ1legx6vqQzjoiTahKlGUGLAiIIoABOHaNVw4sexZBym6\/HWlH5h3IC7yRbxtipcWxdTOkORKiNQAEkFf66x5S2oeRbroOlLgg0sSYkR0hRGEqJZ0jTPiQKatESdBckpWigxaapEH0lImHdWu9pUFF2XqMNM2Z4kped7IwEJw2qabwtrQqnpw6HyKkgcadKWsmpywwesDyIhYRpdzXddqegtGIJlXbAIUMOLkGxJUjRIkokwjUaX9d\/kK62ps\/tYUqZLIMkLTyBhsMZ3C5Z\/kDxOSCb\/DOs\/\/J0qcWSX\/2ipe56EgTCA4\/cB7NAYOsni4mZM1MUPAISoEwkDi4lhVBQ1cWQyIcwalw4EpqZN68JUSK7XC0kTlkLYii5uXSC8jT5ncCAS7mjCv0uHp\/3lueHEEAeQ\/\/VgmdN71\/2uCSA1Xr6DO6uI6sW56zqT2tp2PhgiRUAajV8CY2fkcz6WGNKMgLAt7tJAhD4YHMTeRxlALE6+43WqjSWi8ITxyJl8WrwWSNESQZZOqhDDntO3hJLsd5RtSpbJqdv3YrDJH3F7jL1R2O2aQkn2MyCyKYz0GPGIvSAMgBCrCEiJyKbBaYGwLW4uPRr0A0M4Ux5kUI7IBh+hMdiCEWNqhMZGyYMsOgNE58UQuEQeUnSWCMYwL54hkxK6IoqucQZbQ3pc3XtL0lky1dL0zZJJDpWJovFqpWj6JEHnyam2eQp5QRVAVHjWparTOaVwUOx99YS2MvgxIGV0bb+qIg2HX2qkFFJB+XZcbLiuRkuxD9GRroKyveLxdh4d7Orx+hb7qc3uVRuEogCOnyIxm4ubUoPgF4jianDrC+SDQDKEfJb0GUKmjCGPYHGJvVC6X4hw1\/sAfQAdfYyephIaspXe36RwOP+Ljvfx9B6B3i+Nk0DGq+oCbLn6JpBa9nWAveAIHwFAwtVcIJXPMPL8kRu5OAYPMaL1WScTxjiZDqB9LTJSWphow\/pTYKRTLjCBhvi9iBidvKcDasGSm0QQkycYuLBqj6QCELPctqChDWpTRMWkngNNpQ1Pfp1KkiT\/Y0DGffXAweUNfLAfaJFKDwhb6I+bkYRbkERoEeu3Fyjg2opMz2daZCS9jt6Q7txNfB+OZEVF6Zl5web2xunnLQrtrjXseXKaFYziYINeMFZVxS9VxRhOoesYwxPKXm+gWLG9cuFeq93UNNeJNsf1KlwuDok9n02n3TgIJpOxNfL9naIoQwXtfH9kjceTIIi709ncTg6LZbg+biLH1V6u\/7rxBem06VXKn9raAAAAAElFTkSuQmCC\")      no-repeat center center \/ contain;  }  @media screen and (max-width: 960px) and (orientation: portrait) {    .logo {      width: 100%;    }    .logo .pc-banner {      display: none;    }    .logo .m-banner {      display: block;      width: 100%;    }    .logo .m-banner img {      height: auto!important;    }    .ytvideo {      height: 200px;      width: 100%;    }  }<\/style><style>  .video-section {    width: 100%;    margin: 0 auto;  }  .video-section > img {    width: 100%;  }  .video-section iframe,  .video-section video {    width: 100%;    height: 100%;      }  .video-section-img-m,  .video-section-img-pc > img {    width: 100%;    height: auto;  }  .video-section-img-pc.small > img {    width: 970px;  }  .video-desc {    line-height: 1.5;    font-size: 20px;    font-weight: 400;    margin: 20px 0;    text-align: center;    color: #0f1111;    word-break: break-word;  }  @media screen and (max-width: 960px) and (orientation: portrait) {    .video-section {      width: 100%;    }    .video-section-pc,    .video-section-img-pc {      display: none;    }    .video-section-m,    .video-section-img-m {      display: block;    }    .video-desc {      font-size: 15px;    }  }  @media screen and (min-width: 960px) {    .video-section {      width: 100%;      margin: 0 auto;    }    .video-section-pc,    .video-section-img-pc {      display: block;    }    .video-section-m,    .video-section-img-m {      display: none;    }    .video-desc {      font-size: 20px;    }  }<\/style><style>  .section + .section {    margin-top: 35px;  }  .section-title {    text-align: center;    font-weight: bold;    color: #0d1111;    font-family: \"Arial\";    font-size: 32px;    margin: 15px 0;  }  .section-title:empty {    display: none;  }  .section-desc {    text-align: center;    font-weight: normal;    color: #0d1111;    margin-top: 20px;  }  .section-desc:empty {    display: none;  }  .section-img {    width: 1200px;    height: 492px;    margin: 0 auto;    display: block;  }  .section-img.small {    width: 970px;    height: auto;  }  .section-img.small > img {    height: auto;  }  .section-img > img {    width: 100%;    height: 100%;  }  .section-mobile-img {    display: none;    max-width: 100vw;    max-height: 75vw;    height: 450px;    margin: 0 auto;  }  .section-mobile-img > img {    width: 100%;    height: 100%;  }  @media screen and (max-width: 960px) and (orientation: portrait) {    .container {      width: 100%;    }    .container.small {      width: 100%;    }    .section-mobile-img {      display: block;    }    .section-img {      display: none;    }    .section-title {      font-size: 22px;      margin: 10px 0;    }    .section-desc {      margin-top: 10px;    }    .section + .section {      margin-top: 20px;    }  }<\/style><\/head><body><div class=\"container\"><div class=\"logo\"><div class=\"pc-banner\"><div><img decoding=\"async\" src=\"\/vevor\/vevor\/boutique-banner\/pc\/en-pc@1x.jpg\" style=\"width: 100%;\" \/><\/div><\/div><div class=\"m-banner\"><div><img decoding=\"async\" src=\"\/vevor\/vevor\/boutique-banner\/mobile\/en-m@1x.jpg\" style=\"width: 100%;\" \/><\/div><\/div><\/div><div class=\"section-title\">Puidut\u00f6\u00f6tlemine Tabelis N\u00e4gin Mitra N\u00e4idik koos 24 Riivimiseks<\/div><div class=\"video-section\"><div class=\"video-section-img-pc\"><img decoding=\"async\" src=\"\/vevor\/product\/TJXQGDKS6060DGXZU\/tablesaw-miter-gauge-a100-1.4.jpg\" alt=\"VEVOR tabelis n\u00e4gin mitra n\u00e4idik kohta puidut\u00f6\u00f6tlemine tabel, kus u ja t-kujuline pesa \u00fchilduvus skeeme.\" \/><\/div><div class=\"video-section-img-m\"><img decoding=\"async\" src=\"\/vevor\/product\/TJXQGDKS6060DGXZU\/tablesaw-miter-gauge-a100-1.4-m.jpg\" alt=\"VEVOR tabelis n\u00e4gin mitra n\u00e4idik kohta puidut\u00f6\u00f6tlemine tabel, kus u ja t-kujuline pesa \u00fchilduvus skeeme.\" \/><\/div><div class=\"section-desc\">Meie nurgam\u00f5\u00f5tur sobib enamiku standardsete lauasae pesadega, mille m\u00f5\u00f5tmed on 3\/4 x 3\/8 tolli (19 x 9,5 mm). Eemaldatava kettaga on see \u00fchilduv nii 3\/4'' x 3\/8'' T-kujuliste kui ka U-kujuliste pesadega. Projekteeritud 15 positiivse peatusauguga, on see ideaalne uuendus t\u00e4ppispuidut\u00f6\u00f6tlemiseks.<\/div><\/div><div class=\"section\"><div class=\"section-title\"><\/div><div class=\"section-img\"><img decoding=\"async\" src=\"\/vevor\/product\/TJXQGDKS6060DGXZU\/tablesaw-miter-gauge-a100-2.2.jpg\" alt=\"VEVOR tabelis n\u00e4gin mitra n\u00e4idik 15 positiivseid l\u00f5petab t\u00e4pse nurga korrigeerimine.\" \/><\/div><div class=\"section-mobile-img\"><img decoding=\"async\" src=\"\/vevor\/product\/TJXQGDKS6060DGXZU\/tablesaw-miter-gauge-a100-2.2-m.jpg\" alt=\"VEVOR tabelis n\u00e4gin mitra n\u00e4idik 15 positiivseid l\u00f5petab t\u00e4pse nurga korrigeerimine.\" \/><\/div><div class=\"section-desc\">Kogemus l\u00f5ikamise t\u00e4psus meie reguleeritav tahke alumiiniumist pea, projekteeritud 15 positiivseid stop augud, \u00fclim t\u00e4psus. \u00dcks peatus auk on 90 kraadi, kellel on veel seitse auku m\u00f5lemal k\u00fcljel 15\u00b0, 22.5\u00b0, 30\u00b0, 35\u00b0, 45\u00b0, 60\u00b0, ja 67.5\u00b0 katmiseks k\u00f5ige puidut\u00f6\u00f6tlemine nurga alt.<\/div><\/div><div class=\"section\"><div class=\"section-title\"><\/div><div class=\"section-img\"><img decoding=\"async\" src=\"\/vevor\/product\/TJXQGDKS6060DGXZU\/tablesaw-miter-gauge-a100-2.3.jpg\" alt=\"VEVOR tabelis n\u00e4gin mitra n\u00e4idik pakendis, lihtne kokku panna ja kalibreerida, veetud semi-monteeritud.\" \/><\/div><div class=\"section-mobile-img\"><img decoding=\"async\" src=\"\/vevor\/product\/TJXQGDKS6060DGXZU\/tablesaw-miter-gauge-a100-2.3-m.jpg\" alt=\"VEVOR tabelis n\u00e4gin mitra n\u00e4idik pakendis, lihtne kokku panna ja kalibreerida, veetud semi-monteeritud.\" \/><\/div><div class=\"section-desc\">See lauasae nurgam\u00f5\u00f5tur on osaliselt kokku pandud, et teie seadistamisprotsessi lihtsustada. Kui see saabub, ei pea te tegelema arvukate v\u00e4ikeste osadega. Lihtsalt kinnitage m\u00f5ned p\u00f5hikomponendid ja oletegi valmis.<\/div><\/div><div class=\"section\"><div class=\"section-title\"><\/div><div class=\"section-img\"><img decoding=\"async\" src=\"\/vevor\/product\/TJXQGDKS6060DGXZU\/tablesaw-miter-gauge-a100-2.4.jpg\" alt=\"lihtsam t\u00f6\u00f6ks VEVOR tabelis n\u00e4gin mitra n\u00e4idik; samme 1-3 l\u00f5igatud 45-kraadise puidu t\u00fckid vaevata.\" \/><\/div><div class=\"section-mobile-img\"><img decoding=\"async\" src=\"\/vevor\/product\/TJXQGDKS6060DGXZU\/tablesaw-miter-gauge-a100-2.4-m.jpg\" alt=\"lihtsam t\u00f6\u00f6ks VEVOR tabelis n\u00e4gin mitra n\u00e4idik; samme 1-3 l\u00f5igatud 45-kraadise puidu t\u00fckid vaevata.\" \/><\/div><div class=\"section-desc\">Meie tabelis n\u00e4gin mitra n\u00e4idik pakub terasest mitra baar varustatud reguleeritava rant kevadel kolvi k\u00fcljel. Kui tellimuse mitra n\u00e4idik tabelis n\u00e4gin, pesa, kui te m\u00e4rkate v\u00f5imalikke puuduj\u00e4\u00e4ke, lihtsalt kasutage komplektis kuuskant mutriv\u00f5ti, et reguleerida kolvi.<\/div><\/div><div class=\"section\"><div class=\"section-title\"><\/div><div class=\"section-img\"><img decoding=\"async\" src=\"\/vevor\/product\/TJXQGDKS6060DGXZU\/tablesaw-miter-gauge-a100-2.5.jpg\" alt=\"hea \u00fcksikasjalikult VEVOR tabelis n\u00e4gin mitra n\u00e4idik kumer riivimine, alumiinium, ja tekstuurne k\u00e4epide.\" \/><\/div><div class=\"section-mobile-img\"><img decoding=\"async\" src=\"\/vevor\/product\/TJXQGDKS6060DGXZU\/tablesaw-miter-gauge-a100-2.5-m.jpg\" alt=\"hea \u00fcksikasjalikult VEVOR tabelis n\u00e4gin mitra n\u00e4idik kumer riivimine, alumiinium, ja tekstuurne k\u00e4epide.\" \/><\/div><div class=\"section-desc\">See t\u00e4psusega mitra n\u00e4idik on valmistatud alumiinium sulamist, tagades vastupidavuse ja vastupanu deformatsioon. Kumer-n\u00f5gus riivimiseks koos fine-tuning kruvid k\u00e4sitsi mikro-korrigeerimised, nurk, plaadi skaala on lasergraveeringud, ja tekstureeritud metallist k\u00e4epide suurendab t\u00e4psust ja mugavust.<\/div><\/div><div class=\"section\"><div class=\"section-img\"><img decoding=\"async\" src=\"\/vevor\/product\/TJXQGDKS6060DGXZU\/tablesaw-miter-gauge-a100-1.11.jpg\" alt=\"VEVOR tabelis n\u00e4gin mitra n\u00e4idik 15 positiivseid peatub, alumiinium, m\u00f5\u00f5dud 650x550x120 mm.\" \/><\/div><div class=\"section-mobile-img\"><img decoding=\"async\" src=\"\/vevor\/product\/TJXQGDKS6060DGXZU\/tablesaw-miter-gauge-a100-1.11-m.jpg\" alt=\"VEVOR tabelis n\u00e4gin mitra n\u00e4idik 15 positiivseid peatub, alumiinium, m\u00f5\u00f5dud 650x550x120 mm.\" \/><\/div><\/div><\/div><\/body><\/html><\/div>\n<div class=\"DM_at-title\" id=\"js-DM_at-title\"> <div>Toote spetsifikatsioon<\/div> <i class=\"icon-arrowup_line\"><\/i> <\/div><div class=\"DM_at-goodsDescAttr\" id=\"js-DM_at-goodsDescAttr\"> <div class=\"DM_at-goodsDescAttrInner\"> <dl class=\"goodsDesc_item goodsDesc_item_even\"> <dt>Punkt Mudeli Number<\/dt> <dd> TN-1122C<\/dd> <\/dl> <dl class=\"goodsDesc_item\"> <dt>Peamine Materjal<\/dt> <dd> Alumiinium<\/dd> <\/dl> <dl class=\"goodsDesc_item goodsDesc_item_even\"> <dt>Reguleerimisnurk Valik<\/dt> <dd> \u00b170\u00b0<\/dd> <\/dl> <dl class=\"goodsDesc_item\"> <dt>Nurga T\u00e4psus<\/dt> <dd> \u00b10.5\u00b0<\/dd> <\/dl> <dl class=\"goodsDesc_item goodsDesc_item_even\"> <dt>Nurga Fikseerimise Meetod<\/dt> <dd> 15 Positiivseid Peatub<\/dd> <\/dl> <dl class=\"goodsDesc_item\"> <dt>Arv Kaldenurga Reguleerimine<\/dt> <dd> 15\u00b0, 22.5\u00b0, 30\u00b0, 35\u00b0, 45\u00b0, 60\u00b0, 67.5\u00b0, 90\u00b0, -67.5\u00b0, -60\u00b0, -45\u00b0, -35\u00b0, -30\u00b0, -22.5\u00b0, -15\u00b0<\/dd> <\/dl> <dl class=\"goodsDesc_item goodsDesc_item_even\"> <dt>Skaala<\/dt> <dd> Laser M\u00e4rgitud, Meeter-ja Imperial<\/dd> <\/dl> <dl class=\"goodsDesc_item\"> <dt>Kohaldatava T-pesa<\/dt> <dd> 0.75 x 0.375 in\/19 x 10 mm<\/dd> <\/dl> <dl class=\"goodsDesc_item goodsDesc_item_even\"> <dt>Toote M\u00f5\u00f5tmed<\/dt> <dd> 25.6 x x 21.7 4.7\/650 x 550 x 120 mm<\/dd> <\/dl> <dl class=\"goodsDesc_item\"> <dt>Neto kaal<\/dt> <dd> 4.1 lbs\/1.85 kg<\/dd> <\/dl> <\/div> <\/div>","protected":false},"excerpt":{"rendered":"<ul>\n<li> Sobib K\u00f5ige Tabel Saed: Meie mitra n\u00e4idik on asjatundlikult projekteeritud, et see sobiks enamus standardi tabelis n\u00e4gin slots m\u00f5\u00f5tmise 3\/4 x 3\/8 ( 19 x 9.5 mm). Et tagada t\u00e4iuslik sobi, siis palun m\u00f5\u00f5tke slots teie laual n\u00e4gin enne ostu. Featuring eemaldatav ketas, meie mitra n\u00e4idik \u00fchildub nii 3\/4&#034; x 3\/8&#034; T-kujuline ja U-kujulise pesa. Ideaalne enamik tabelis n\u00e4gin marki, ja on uuendada t\u00e4psus puidut\u00f6\u00f6tlemine. <\/li>\n<li> T\u00e4pselt Nurga L\u00f5ikamine: Kogemus l\u00f5ikamise t\u00e4psus meie reguleeritav tahke alumiiniumist pea, projekteeritud 15 positiivseid stop augud, \u00fclim t\u00e4psus. \u00dcks peatus auk on 90 kraadi, kellel on veel seitse auku m\u00f5lemal k\u00fcljel 15\u00b0, 22.5\u00b0, 30\u00b0, 35\u00b0, 45\u00b0, 60\u00b0, ja 67.5\u00b0 katmiseks k\u00f5ige puidut\u00f6\u00f6tlemine nurga alt. Rohkem keerulisi nurga jaotust\u00fckid, m\u00f5\u00f5tur kohandab proportsionaalselt, mis v\u00f5imaldab teil saavutada t\u00e4pset nurgad t\u00f5husalt ja vaevata. <\/li>\n<li> Osaliselt Kokkupandud Komponendid: See mitra n\u00e4idik tabelis n\u00e4gin tarnitakse osaliselt monteeritud, et t\u00e4iustada oma seadistamist. Kui see saabub, sa ei pea rahmeldama, millel on palju v\u00e4ikseid detaile. Lihtsalt lisada m\u00f5ned p\u00f5hilisi komponente, ja sa oled valmis minema. See s\u00e4ilitab t\u00e4psuse oma m\u00f5\u00f5dud ilma t\u00fc\u00fcpiline assamblee vaeva. <\/li>\n<li> Lihtne t\u00f6\u00f6, Lihtne Seadistamine: Meie tabelis n\u00e4gin mitra n\u00e4idik pakub terasest mitra baar varustatud reguleeritava rant kevadel kolvi k\u00fcljel. Kui tellimuse mitra n\u00e4idik tabelis n\u00e4gin, pesa, kui te m\u00e4rkate v\u00f5imalikke puuduj\u00e4\u00e4ke, lihtsalt kasutage komplektis kuuskant mutriv\u00f5ti, et reguleerida kolvi. See korrigeerimine tagab ideaalse mahtuma avasse, parandada kulumiskindlus ja lihtsustada teie t\u00f6\u00f6d. <\/li>\n<li> Rafineeritud Vastupidavus Iga Detail: See t\u00e4psus mitra n\u00e4idik on valmistatud alumiinium sulamist, tagades vastupidavuse ja vastupanu deformatsioon. Featuring kumer-n\u00f5gus riivimiseks koos fine-tuning kruvid, see v\u00f5imaldab k\u00e4sitsi, mikro-ja kohandusi, et suurendada t\u00e4psust. Nurk, plaadi skaala on hoolikalt s\u00f6\u00f6vitatud kasutades laser graveerimine tehnoloogia ja tekstureeritud metallist k\u00e4epide tagab kindla haarde, mis v\u00e4ldib libisemist. <\/li>\n<\/ul>","protected":false},"featured_media":311078,"comment_status":"closed","ping_status":"open","template":"","meta":{"om_disable_all_campaigns":false,"_uf_show_specific_survey":0,"_uf_disable_surveys":false},"location":[1935,1934],"product_brand":[21],"product_cat":[2753,3134,2374],"product_tag":[],"class_list":{"0":"post-44760","1":"product","2":"type-product","3":"status-publish","4":"has-post-thumbnail","6":"location-supplier_stock_location","7":"location-local_stock_location","8":"product_brand-vevor","9":"product_cat-power-tool-accessories","10":"product_cat-saw-accessories","11":"product_cat-tools","13":"first","14":"instock","15":"taxable","16":"shipping-taxable","17":"purchasable","18":"product-type-simple"},"aioseo_notices":[],"locations":[{"id":1935,"name":"Pieg\u0101d\u0101t\u0101ja noliktav\u0101 (5-7dd)","slug":"supplier_stock_location","quantity":"377"},{"id":1934,"name":"R\u012bgas veikal\u0101 (0-2d.d.)","slug":"local_stock_location","quantity":"0"}],"_links":{"self":[{"href":"https:\/\/vevorshop.lv\/et\/wp-json\/wp\/v2\/product\/44760","targetHints":{"allow":["GET"]}}],"collection":[{"href":"https:\/\/vevorshop.lv\/et\/wp-json\/wp\/v2\/product"}],"about":[{"href":"https:\/\/vevorshop.lv\/et\/wp-json\/wp\/v2\/types\/product"}],"replies":[{"embeddable":true,"href":"https:\/\/vevorshop.lv\/et\/wp-json\/wp\/v2\/comments?post=44760"}],"wp:featuredmedia":[{"embeddable":true,"href":"https:\/\/vevorshop.lv\/et\/wp-json\/wp\/v2\/media\/311078"}],"wp:attachment":[{"href":"https:\/\/vevorshop.lv\/et\/wp-json\/wp\/v2\/media?parent=44760"}],"wp:term":[{"taxonomy":"location","embeddable":true,"href":"https:\/\/vevorshop.lv\/et\/wp-json\/wp\/v2\/location?post=44760"},{"taxonomy":"product_brand","embeddable":true,"href":"https:\/\/vevorshop.lv\/et\/wp-json\/wp\/v2\/product_brand?post=44760"},{"taxonomy":"product_cat","embeddable":true,"href":"https:\/\/vevorshop.lv\/et\/wp-json\/wp\/v2\/product_cat?post=44760"},{"taxonomy":"product_tag","embeddable":true,"href":"https:\/\/vevorshop.lv\/et\/wp-json\/wp\/v2\/product_tag?post=44760"}],"curies":[{"name":"wp","href":"https:\/\/api.w.org\/{rel}","templated":true}]}}