{"id":45434,"date":"2024-11-19T10:24:49","date_gmt":"2024-11-19T10:24:49","guid":{"rendered":"http:\/\/vevorshop.edigo.lv\/Prece\/vevor-commode-chair-bedside-commode-with-padded-seat-drop-down-arms-7-level-adjustable-height-5-8l-removable-bucket-easy-to-assemble-350lbs-capacity-portable-toilet-for-adults-seniors\/"},"modified":"2026-04-20T04:36:34","modified_gmt":"2026-04-20T01:36:34","slug":"vevor-commode-chair-bedside-commode-with-padded-seat-drop-down-arms-7-level-adjustable-height-5-8l-removable-bucket-easy-to-assemble-350lbs-capacity-portable-toilet-for-adults-seniors","status":"publish","type":"product","link":"https:\/\/vevorshop.lv\/et\/Prece\/vevor-commode-chair-bedside-commode-with-padded-seat-drop-down-arms-7-level-adjustable-height-5-8l-removable-bucket-easy-to-assemble-350lbs-capacity-portable-toilet-for-adults-seniors\/","title":{"rendered":"VEVOR Kaasaskantav Tualetitool Polsterdatud Istmega, 7 K\u00f5rgustaset, 5.8L \u00c4mber, 160kg Kandev\u00f5ime, Eakatele ja T\u00e4iskasvanutele"},"content":{"rendered":"<div style=\"color: #fff!important; font-size: 16px; height: 24px; line-height: 24px; margin-top: -24px; \" class=\"product_original_name\">VEVOR Commode Chair, Bedside Commode with Padded Seat, Drop-Down Arms, 7-Level Adjustable Height, 5.8L Removable Bucket, Easy to Assemble, 350LBS Capacity, Portable Toilet for Adults Seniors<\/div>\n<div style=\"color: #fff!important; font-size: 16px; height: 24px; line-height: 24px; margin-top: -24px; \" class=\"product_sku\">M4I4LLMR<\/div>\n<div style=\"color: #fff!important; font-size: 16px; height: 24px; line-height: 24px; margin-top: -24px; \" class=\"product_mpn\">WLKBS350BGRZ6CIGBV0<\/div><div id=\"js-DM_at-goodDescRich\"><html><head><style>  body {    font-family: Arial;    line-height: 1.5;    color: #1c1c1c;    overflow-x: hidden;    margin: 0;    padding: 0;  }  .MsoNormal b {    font-weight: bolder;  }<\/style><style>  .container.small {    width: 970px;    margin: 0 auto;  }  .logo {    margin: 0 auto 0;  }  .logo img {    display: block;    margin: 0 auto;    max-width: 100%;  }  .logo .pc-banner {    display: block;    width: 1200px;    height: 247.4px;    margin: 0 auto;  }  .logo .pc-banner.small {    width: 970px;  }  .logo .pc-banner.small img {    height: auto!important;  }  .logo .m-banner {    display: none;  }  .ytvideo {    position: relative;    height: 546px;    width: 100%;    margin: 0 auto;  }  .ytvideo img {    width: 100%;    margin: 0 auto;  }  .ytvideo .play-btn {    width: 60px;    height: 42px;    position: absolute;    top: 50%;    left: 50%;    transform: translate(-50%, -50%);    background: url(\"data:image\/png;base64,iVBORw0KGgoAAAANSUhEUgAAAGQAAABGCAMAAAANWMFbAAAC+lBMVEUAAADBGB3kLCfBGB3kLCfcJC7BFx3KKSbiKybkLCbWJCPSIiLSIiLPICHAFx3kLCfgKSXNHiDZJiTIGx\/p4eHcjo7LHSDbJyTkLCbjKyfOHyHPIiL28fHJHB\/GGh7EGR7eKCXDGB3RISHlLSbBGB3AFxzGHB7DGB7BGB3hKybkKybAFx3lLCfAFxzDGR3hKibDGB7cJyTmz8\/elJTlwcHjurrUIyLlLSflLSfAFx3DGR7lLSfCFx3hKibhKibhKybjKybkLCblLSfbJSX49vbx7e3NNzjNMTLMJyjVIyLZf3\/ZQ0LaeHjx0tLgoqLkLCfCGB3HGx\/BGB3BFx3PICHCGB7WJCLOHyC\/Fxy\/Fx3lLCfQISHkLSe\/FxzbJiTBFx3FGx\/AGB7BFx3EGR7AGB3HHSDfKiXAFh3TISHYNzbhKibbJyTTIiL57e325+f039\/v2NjUV1fOHiHiqanfmprch4feKSXVIyPOICHmLibFGh\/mLSe\/Fx7XJCPeKSXXJSPNHyHaJyTGGh7lLCbmLCflLSjSIiLkLCbdKSXLHiC\/GB3KHh++Fh3lKyfoLiXcKCPkx8fYb2\/XaGfVXl3aU1LLHiDksbHgKibPICHbJyTfKSXbJyTCGB3KHSDiKybFGh7TIiL\/\/\/\/VIyPRISHIHB\/GGx\/HHB\/DGR7gKibdKCXLHiDZJiTMHiDNHyHYJSTOICHPICHWJCPcKCXXJSPjLCblLCf+\/f3NGR\/uLijzLynPGR\/IGB7WISHaIyLLGh7UAADxLynNAADRLzDbICLQAADIAAD3MCrUHSHXMTDpKSbLAADp5OTij4\/ejo\/VLy\/1LyngJSTcJCPQHx\/OHB7+\/PzaMS\/OLS\/vLijrLSjSAADaNTPwLyjkKSbNJCbYISHPHB\/KGB7WAAD7+vrn3d3aKynTKCjoLCfsKifRGh\/YAADq5+fhjo7QNDXXKCfmJyXt5+fTLzDLLi\/QKivYHRvMGBrQJCXLISPMExXLDxLaEAvkkI\/bOTfaFQ\/SCgpvLcnHAAAAmnRSTlMA+vv7+gT9Bvf9+8z8\/NSv\/Pr5+P7++vnQIBMP\/v38\/Pn348XDiCYf9OjbzcqxXVcx\/fz8+\/rj1r2poo1+fXFqX0orGP7+\/v7+\/fz8+\/r68uzn4trIxsG\/vri3p6GcmZSNbWVYUUZEPQv+\/f39+\/v7+\/v7+vr64tvV1NTTz87FtbSurqeblJKFg4B3bUY+NjL7+\/v7+\/v67t1cDo8JLQAABkRJREFUWMO0kz9rwkAYh0OIeJkum6YugUAhISCdKoj\/P4C7SMdS+gEKIhSKil10LSg4mzXkILdlEpxCpwTiWOLX6BujvQaEQuGeHLnL+\/64J+SIcKGYTYWnntpdLjrVdqvZmNdn0+EE40GtpuuWVS6Xx6N7YDSGpWXpeq02wHgynM7q80az1a52HpddtVcpsi1zFARBrdaxbhp9iUReTGmwA4KAAr7vx3EYejnCMI6hQYEgy0LQi4jUN0wL19vqFcUC9\/1dAKmEEFkWRYkh5oBejnxQJiSJPJ\/uKBp0Thszx9Mw8hMRIQjKsptCfuES9zr5WJY6vSFCIvE9fCMUmEM1A1kSXcYGxgVYsvI1IPKTZciSTI0us\/SMGG04gDzELDoFBwdcFJrF88dqgYMTiL6DILWYyfOWE8\/kIz38olCNlC03FK95+imxp6y4oUSvAnBjHHhKNtotSDqJzVFiK8c2SBqhZtsrTtgrLXwAyduxZHNE26eHUt5rtuM4WSmds3G+sUdWYo1L+XyxButoh5eKUHk5lByO3G1LqqCWVnfrv\/lyPtf\/4ps1cndNGIri8J1TJ0lx6dR\/oPjq1nbRwdp2dCk4CtIOLW3pVKRL6WZfS5vF2KkIQhpwSsjiYIgNCs1gEMGqiIq24NQX9NwoXFy8Ufrl3twTcg4fv8T9\/JBEySduj6Mjm4bMzYV7EEOxKjjoNDud7yY3Dy71Hq2oLmqfbNR723edH9PgMrNL2utoQ3VmaIDkiw\/4w51P06hlZsTZvkRrbVuSIs\/zwSOsycgzStQouoAkWQqioRT5XI7n2Z1wfVhoZmcAJLsoqjqpjbWCgpOAJXBwHK8PzWbNvoUZJND5wCnSkLAkZ1legx6vqQzjoiTahKlGUGLAiIIoABOHaNVw4sexZBym6\/HWlH5h3IC7yRbxtipcWxdTOkORKiNQAEkFf66x5S2oeRbroOlLgg0sSYkR0hRGEqJZ0jTPiQKatESdBckpWigxaapEH0lImHdWu9pUFF2XqMNM2Z4kped7IwEJw2qabwtrQqnpw6HyKkgcadKWsmpywwesDyIhYRpdzXddqegtGIJlXbAIUMOLkGxJUjRIkokwjUaX9d\/kK62ps\/tYUqZLIMkLTyBhsMZ3C5Z\/kDxOSCb\/DOs\/\/J0qcWSX\/2ipe56EgTCA4\/cB7NAYOsni4mZM1MUPAISoEwkDi4lhVBQ1cWQyIcwalw4EpqZN68JUSK7XC0kTlkLYii5uXSC8jT5ncCAS7mjCv0uHp\/3lueHEEAeQ\/\/VgmdN71\/2uCSA1Xr6DO6uI6sW56zqT2tp2PhgiRUAajV8CY2fkcz6WGNKMgLAt7tJAhD4YHMTeRxlALE6+43WqjSWi8ITxyJl8WrwWSNESQZZOqhDDntO3hJLsd5RtSpbJqdv3YrDJH3F7jL1R2O2aQkn2MyCyKYz0GPGIvSAMgBCrCEiJyKbBaYGwLW4uPRr0A0M4Ux5kUI7IBh+hMdiCEWNqhMZGyYMsOgNE58UQuEQeUnSWCMYwL54hkxK6IoqucQZbQ3pc3XtL0lky1dL0zZJJDpWJovFqpWj6JEHnyam2eQp5QRVAVHjWparTOaVwUOx99YS2MvgxIGV0bb+qIg2HX2qkFFJB+XZcbLiuRkuxD9GRroKyveLxdh4d7Orx+hb7qc3uVRuEogCOnyIxm4ubUoPgF4jianDrC+SDQDKEfJb0GUKmjCGPYHGJvVC6X4hw1\/sAfQAdfYyephIaspXe36RwOP+Ljvfx9B6B3i+Nk0DGq+oCbLn6JpBa9nWAveAIHwFAwtVcIJXPMPL8kRu5OAYPMaL1WScTxjiZDqB9LTJSWphow\/pTYKRTLjCBhvi9iBidvKcDasGSm0QQkycYuLBqj6QCELPctqChDWpTRMWkngNNpQ1Pfp1KkiT\/Y0DGffXAweUNfLAfaJFKDwhb6I+bkYRbkERoEeu3Fyjg2opMz2daZCS9jt6Q7txNfB+OZEVF6Zl5web2xunnLQrtrjXseXKaFYziYINeMFZVxS9VxRhOoesYwxPKXm+gWLG9cuFeq93UNNeJNsf1KlwuDok9n02n3TgIJpOxNfL9naIoQwXtfH9kjceTIIi709ncTg6LZbg+biLH1V6u\/7rxBem06VXKn9raAAAAAElFTkSuQmCC\")      no-repeat center center \/ contain;  }  @media screen and (max-width: 960px) and (orientation: portrait) {    .logo {      width: 100%;    }    .logo .pc-banner {      display: none;    }    .logo .m-banner {      display: block;      width: 100%;    }    .logo .m-banner img {      height: auto!important;    }    .ytvideo {      height: 200px;      width: 100%;    }  }<\/style><style>  .video-section {    width: 100%;    margin: 0 auto;  }  .video-section > img {    width: 100%;  }  .video-section iframe,  .video-section video {    width: 100%;    height: 100%;      }  .video-section-img-m,  .video-section-img-pc > img {    width: 100%;    height: auto;  }  .video-section-img-pc.small > img {    width: 970px;  }  .video-desc {    line-height: 1.5;    font-size: 20px;    font-weight: 400;    margin: 20px 0;    text-align: center;    color: #0f1111;    word-break: break-word;  }  @media screen and (max-width: 960px) and (orientation: portrait) {    .video-section {      width: 100%;    }    .video-section-pc,    .video-section-img-pc {      display: none;    }    .video-section-m,    .video-section-img-m {      display: block;    }    .video-desc {      font-size: 15px;    }  }  @media screen and (min-width: 960px) {    .video-section {      width: 100%;      margin: 0 auto;    }    .video-section-pc,    .video-section-img-pc {      display: block;    }    .video-section-m,    .video-section-img-m {      display: none;    }    .video-desc {      font-size: 20px;    }  }<\/style><style>  .section + .section {    margin-top: 35px;  }  .section-title {    text-align: center;    font-weight: bold;    color: #0d1111;    font-family: \"Arial\";    font-size: 32px;    margin: 15px 0;  }  .section-title:empty {    display: none;  }  .section-desc {    text-align: center;    font-weight: normal;    color: #0d1111;    margin-top: 20px;  }  .section-desc:empty {    display: none;  }  .section-img {    width: 1200px;    height: 492px;    margin: 0 auto;    display: block;  }  .section-img.small {    width: 970px;    height: auto;  }  .section-img.small > img {    height: auto;  }  .section-img > img {    width: 100%;    height: 100%;  }  .section-mobile-img {    display: none;    max-width: 100vw;    max-height: 75vw;    height: 450px;    margin: 0 auto;  }  .section-mobile-img > img {    width: 100%;    height: 100%;  }  @media screen and (max-width: 960px) and (orientation: portrait) {    .container {      width: 100%;    }    .container.small {      width: 100%;    }    .section-mobile-img {      display: block;    }    .section-img {      display: none;    }    .section-title {      font-size: 22px;      margin: 10px 0;    }    .section-desc {      margin-top: 10px;    }    .section + .section {      margin-top: 20px;    }  }<\/style><\/head><body><div class=\"container\"><div class=\"logo\"><div class=\"pc-banner\"><div><img decoding=\"async\" src=\"\/vevor\/vevor\/boutique-banner\/pc\/en-pc@1x.jpg\" style=\"width: 100%;\" \/><\/div><\/div><div class=\"m-banner\"><div><img decoding=\"async\" src=\"\/vevor\/vevor\/boutique-banner\/mobile\/en-m@1x.jpg\" style=\"width: 100%;\" \/><\/div><\/div><\/div><div class=\"section-title\">Kummut Tool<\/div><div class=\"video-section\"><div class=\"video-section-img-pc\"><img decoding=\"async\" src=\"\/vevor\/product\/WLKBS350BGRZ6CIGB\/commode-chair-a100-1.4.jpg\" alt=\"VEVOR kummut tool koos polsterdatud iste, raskeveokite terasest raam ja mugav seljatugi.\" \/><\/div><div class=\"video-section-img-m\"><img decoding=\"async\" src=\"\/vevor\/product\/WLKBS350BGRZ6CIGB\/commode-chair-a100-1.4-m.jpg\" alt=\"VEVOR kummut tool koos polsterdatud iste, raskeveokite terasest raam ja mugav seljatugi.\" \/><\/div><div class=\"section-desc\">Effortlessly adjust the commode chair's height, catering to users of various statures and reducing strain on knees and legs. Fits of different heights and sizes, reducing discomfort.<\/div><\/div><div class=\"section\"><div class=\"section-title\"><\/div><div class=\"section-img\"><img decoding=\"async\" src=\"\/vevor\/product\/WLKBS350BGRZ6CIGB\/commode-chair-a100-2.2.jpg\" alt=\"VEVOR kummut tool paindlik k\u00f5rguse reguleerimine, ergonoomiline disain, ja 5-tase push-nuppu settings.\" \/><\/div><div class=\"section-mobile-img\"><img decoding=\"async\" src=\"\/vevor\/product\/WLKBS350BGRZ6CIGB\/commode-chair-a100-2.2-m.jpg\" alt=\"VEVOR kummut tool paindlik k\u00f5rguse reguleerimine, ergonoomiline disain, ja 5-tase push-nuppu settings.\" \/><\/div><div class=\"section-desc\">Non-slip suu padjad ja polsterdatud relvade tagada turvalisem istudes ja seistes ja v\u00e4hendada riski libiseb ja kukub. Paksenenud wc iste tagab pikaajalise mugavuse ilma v\u00e4simus. *M\u00e4rkus: optimaalse stabiilsuse, v\u00e4ltida asetades jala pad ebatasastel pindadel, nagu vaibad v\u00f5i ebaregulaarne plaadid.<\/div><\/div><div class=\"section\"><div class=\"section-title\"><\/div><div class=\"section-img\"><img decoding=\"async\" src=\"\/vevor\/product\/WLKBS350BGRZ6CIGB\/commode-chair-a100-2.3.jpg\" alt=\"VEVOR kummut tool, millel on paks sponge wc iste, non-slip suu padjad, drop-down k\u00e4etoed ja seljatugi eemaldatav.\" \/><\/div><div class=\"section-mobile-img\"><img decoding=\"async\" src=\"\/vevor\/product\/WLKBS350BGRZ6CIGB\/commode-chair-a100-2.3-m.jpg\" alt=\"VEVOR kummut tool, millel on paks sponge wc iste, non-slip suu padjad, drop-down k\u00e4etoed ja seljatugi eemaldatav.\" \/><\/div><div class=\"section-desc\">Selle kummut tool on kaasas lihtne-to-remove wc-kopp on varustatud kaanega, et tegelikult sisaldab l\u00f5hnad, tagades puhtuse ja meelerahu magamistuba v\u00f5i \u00fcle\u00f6\u00f6 kasutada. See on m\u00f5eldud probleemivaba puhastamine.<\/div><\/div><div class=\"section\"><div class=\"section-title\"><\/div><div class=\"section-img\"><img decoding=\"async\" src=\"\/vevor\/product\/WLKBS350BGRZ6CIGB\/commode-chair-a100-2.4.jpg\" alt=\"3-in-1 VEVOR kummut tool 5.8 l, v\u00f5imsus, lift istme ja odorproof kaas; lihtne puhastada.\" \/><\/div><div class=\"section-mobile-img\"><img decoding=\"async\" src=\"\/vevor\/product\/WLKBS350BGRZ6CIGB\/commode-chair-a100-2.4-m.jpg\" alt=\"3-in-1 VEVOR kummut tool 5.8 l, v\u00f5imsus, lift istme ja odorproof kaas; lihtne puhastada.\" \/><\/div><div class=\"section-desc\">Ideaalne vanurid, rasedad isikud, puuetega, v\u00f5i keegi toibumas operatsiooni. See kummut tool aadressid toileting probleeme, mis pakub paindlikkust ja mobiilsust paigutuse magamistuba, vannituba v\u00f5i hooldust.<\/div><\/div><div class=\"section\"><div class=\"section-title\"><\/div><div class=\"section-img\"><img decoding=\"async\" src=\"\/vevor\/product\/WLKBS350BGRZ6CIGB\/commode-chair-a100-2.5.jpg\" alt=\"mitu stsenaariumid n\u00e4itavad, VEVOR kummut tool kasutada, wc, vannituba, magamistuba ja \u00f5endusabi ward.\" \/><\/div><div class=\"section-mobile-img\"><img decoding=\"async\" src=\"\/vevor\/product\/WLKBS350BGRZ6CIGB\/commode-chair-a100-2.5-m.jpg\" alt=\"mitu stsenaariumid n\u00e4itavad, VEVOR kummut tool kasutada, wc, vannituba, magamistuba ja \u00f5endusabi ward.\" \/><\/div><div class=\"section-desc\">Meisterdatud raskeveokite terasest, et toetus on kuni 350 lbs ilma painutamine v\u00f5i painutamata aja jooksul. See kummut tool lubadusi, vastupidavus ja t\u00f6\u00f6kindlus iga kasutaja.<\/div><\/div><div class=\"section\"><div class=\"section-img\"><img decoding=\"async\" src=\"\/vevor\/product\/WLKBS350BGRZ6CIGB\/commode-chair-a100-1.11.jpg\" alt=\"VEVOR kummut tool, reguleeritava k\u00f5rgusega, k\u00e4etoed, seljatugi, iste, s\u00e4\u00e4re torud, ja kummut tarvikud.\" \/><\/div><div class=\"section-mobile-img\"><img decoding=\"async\" src=\"\/vevor\/product\/WLKBS350BGRZ6CIGB\/commode-chair-a100-1.11-m.jpg\" alt=\"VEVOR kummut tool, reguleeritava k\u00f5rgusega, k\u00e4etoed, seljatugi, iste, s\u00e4\u00e4re torud, ja kummut tarvikud.\" \/><\/div><\/div><\/div><\/body><\/html><\/div>\n<div class=\"DM_at-title\" id=\"js-DM_at-title\"> <div>Toote spetsifikatsioon<\/div> <i class=\"icon-arrowup_line\"><\/i> <\/div><div class=\"DM_at-goodsDescAttr\" id=\"js-DM_at-goodsDescAttr\"> <div class=\"DM_at-goodsDescAttrInner\"> <dl class=\"goodsDesc_item goodsDesc_item_even\"> <dt>Punkt Mudeli Number<\/dt> <dd> FBL760101<\/dd> <\/dl> <dl class=\"goodsDesc_item\"> <dt>Raami Materjal<\/dt> <dd> Terasest(Q195)<\/dd> <\/dl> <dl class=\"goodsDesc_item goodsDesc_item_even\"> <dt>Istme Materjal<\/dt> <dd> Puit + K\u00e4sn + Nahast<\/dd> <\/dl> <dl class=\"goodsDesc_item\"> <dt>Seljatoe Materjal<\/dt> <dd> PVC + K\u00e4sn<\/dd> <\/dl> <dl class=\"goodsDesc_item goodsDesc_item_even\"> <dt>Maks. V\u00f5imsus<\/dt> <dd> 350 lbs\/158.8 kg<\/dd> <\/dl> <dl class=\"goodsDesc_item\"> <dt>K\u00f5rgus Vahemik<\/dt> <dd> 19.3-25.2 tolline\/490-640 mm<\/dd> <\/dl> <dl class=\"goodsDesc_item goodsDesc_item_even\"> <dt>Istme Suurus<\/dt> <dd> 16.3 x 16.3 x 1,7 tolli\/ 415 x 415 x 44 mm<\/dd> <\/dl> <dl class=\"goodsDesc_item\"> <dt>Seljatoe Suurus<\/dt> <dd> 17.1 x 7.9-tolline\/435 \u00d7 200 mm<\/dd> <\/dl> <dl class=\"goodsDesc_item goodsDesc_item_even\"> <dt>Neto Kaal<\/dt> <dd> 20.9 lbs \/ 9.45 kg<\/dd> <\/dl> <\/div> <\/div>","protected":false},"excerpt":{"rendered":"<ul>\n<li> 350 \u00a3 Raskeveokite Terasest Raam: Ehitatud tugeva 1.3 mm paksusest terasest raam, see kummut wc tagab vastupidavuse ja stabiilsuse. Selle disain lihtsustab kiire kokkupanek ilma t\u00f6\u00f6riistadeta, kasutades push-nuppu kujundus. T\u00e4iustatud tugevdatud k\u00e4sipuud ja turvaline kanalisatsioon, funktsioonide kauakestev vastupanu painutamine ja deformatsioon. <\/li>\n<li> 7-Tasandil Reguleeritav K\u00f5rgus: T\u00e4nu kasutajas\u00f5bralik push-nuppu kohandamise s\u00fcsteem, saate kergesti kohandada \u00f6\u00f6 kummut laius vahel 19.3 ja 25.2 tolline\/490 ja 640 mm ilma abivahenditeta. See funktsioon n\u00e4eb vajadustele, vanurid, rasedad, puuetega ja inimesed toibumas kirurgia, tagada mugav sobivus \u00fcle erinevate wc suurused. <\/li>\n<li> Non-Slip Disain: Varustatud libisemiskindla kummist suu padjad ja k\u00e4sipuud, see kummut tool annab suurep\u00e4rase veoj\u00f5u ja stabiilsuse kohta vannituba plaadid v\u00f5i magamistoa p\u00f5randad, v\u00e4hendada ohtu, et libiseb. Kaasas kaks t\u00e4iendavat suu padjad on lihtne asendamine, suurendamine ohutuse ja mugavuse kasutajad, kellel on piiratud liikuvus. <\/li>\n<li> Mugav Sponge K\u00e4sn Asukoht: v\u00e4lik\u00e4imlate istme \u00fchendab puidust, k\u00e4sn, ja nahk pehme, 1.7-inch paks polsterdus, mis on tuulekindel ja vett h\u00fclgav. Selle disain v\u00e4hendab ebamugavust ajal pikaajalist kasutamist, kuigi eemaldatav seljatugi toetab talje ja selg, pakkudes mugavus ja mitmek\u00fclgsus. <\/li>\n<li> Odorproof &#038; Spillproof: Featuring a 3-in-1 bucket with 5.8L capacity, this portable potty includes a cover for effective odor control and hygiene, ideal for bedroom use. The bucket is made from easy-to-clean PE material, with a splash-guard design for added convenience. <\/li>\n<\/ul>","protected":false},"featured_media":312098,"comment_status":"closed","ping_status":"open","template":"","meta":{"om_disable_all_campaigns":false,"_uf_show_specific_survey":0,"_uf_disable_surveys":false},"location":[1935,1934],"product_brand":[21],"product_cat":[2647,3992,2648],"product_tag":[],"class_list":{"0":"post-45434","1":"product","2":"type-product","3":"status-publish","4":"has-post-thumbnail","6":"location-supplier_stock_location","7":"location-local_stock_location","8":"product_brand-vevor","9":"product_cat-bath","10":"product_cat-commodes-toilets","11":"product_cat-toilets","13":"first","14":"instock","15":"taxable","16":"shipping-taxable","17":"purchasable","18":"product-type-simple"},"aioseo_notices":[],"locations":[{"id":1935,"name":"Pieg\u0101d\u0101t\u0101ja noliktav\u0101 (5-7dd)","slug":"supplier_stock_location","quantity":"47"},{"id":1934,"name":"R\u012bgas veikal\u0101 (0-2d.d.)","slug":"local_stock_location","quantity":"0"}],"_links":{"self":[{"href":"https:\/\/vevorshop.lv\/et\/wp-json\/wp\/v2\/product\/45434","targetHints":{"allow":["GET"]}}],"collection":[{"href":"https:\/\/vevorshop.lv\/et\/wp-json\/wp\/v2\/product"}],"about":[{"href":"https:\/\/vevorshop.lv\/et\/wp-json\/wp\/v2\/types\/product"}],"replies":[{"embeddable":true,"href":"https:\/\/vevorshop.lv\/et\/wp-json\/wp\/v2\/comments?post=45434"}],"wp:featuredmedia":[{"embeddable":true,"href":"https:\/\/vevorshop.lv\/et\/wp-json\/wp\/v2\/media\/312098"}],"wp:attachment":[{"href":"https:\/\/vevorshop.lv\/et\/wp-json\/wp\/v2\/media?parent=45434"}],"wp:term":[{"taxonomy":"location","embeddable":true,"href":"https:\/\/vevorshop.lv\/et\/wp-json\/wp\/v2\/location?post=45434"},{"taxonomy":"product_brand","embeddable":true,"href":"https:\/\/vevorshop.lv\/et\/wp-json\/wp\/v2\/product_brand?post=45434"},{"taxonomy":"product_cat","embeddable":true,"href":"https:\/\/vevorshop.lv\/et\/wp-json\/wp\/v2\/product_cat?post=45434"},{"taxonomy":"product_tag","embeddable":true,"href":"https:\/\/vevorshop.lv\/et\/wp-json\/wp\/v2\/product_tag?post=45434"}],"curies":[{"name":"wp","href":"https:\/\/api.w.org\/{rel}","templated":true}]}}