{"id":45921,"date":"2024-11-19T12:41:25","date_gmt":"2024-11-19T12:41:25","guid":{"rendered":"http:\/\/vevorshop.edigo.lv\/Prece\/vevor-hydraulic-pump-6-quart-double-acting-dump-trailer-pump-power-unit-dc-12v\/"},"modified":"2026-04-20T04:29:57","modified_gmt":"2026-04-20T01:29:57","slug":"vevor-hydraulic-pump-6-quart-double-acting-dump-trailer-pump-power-unit-dc-12v","status":"publish","type":"product","link":"https:\/\/vevorshop.lv\/et\/Prece\/vevor-hudropump-6-liitrine-kahetoimeline-kallurhaagis-pumba-jouallikas-dc-12v\/","title":{"rendered":"VEVOR 12V topelttoimiv h\u00fcdraulikapump, 6L paak, 0,91 GPM vool, 220 bar r\u00f5hk, kallurhaagistele ja autode t\u00f5stmiseks"},"content":{"rendered":"<div style=\"color: #fff!important; font-size: 16px; height: 24px; line-height: 24px; margin-top: -24px; \" class=\"product_original_name\">VEVOR h\u00fcdrauliline pump, 6-kvartaline h\u00fcdrauliline j\u00f5uallikas, kahetoimeline kallurhaagise pump, 0,91 GPM voolukiirus, 3200 PSI maksimaalne reljeefne r\u00f5hk, DC 12 V h\u00fcdrauliline pump kallurhaagise auto t\u00f5stmiseks<\/div>\n<div style=\"color: #fff!important; font-size: 16px; height: 24px; line-height: 24px; margin-top: -24px; \" class=\"product_sku\">M4I4LMAB<\/div>\n<div style=\"color: #fff!important; font-size: 16px; height: 24px; line-height: 24px; margin-top: -24px; \" class=\"product_mpn\">YXYYB12VZLDJJW6ZGV0<\/div><div id=\"js-DM_at-goodDescRich\"><html><head><style>  body {    font-family: Arial;    line-height: 1.5;    color: #1c1c1c;    overflow-x: hidden;    margin: 0;    padding: 0;  }  .MsoNormal b {    font-weight: bolder;  }<\/style><style>  .container.small {    width: 970px;    margin: 0 auto;  }  .logo {    margin: 0 auto 0;  }  .logo img {    display: block;    margin: 0 auto;    max-width: 100%;  }  .logo .pc-banner {    display: block;    width: 1200px;    height: 247.4px;    margin: 0 auto;  }  .logo .pc-banner.small {    width: 970px;  }  .logo .pc-banner.small img {    height: auto!important;  }  .logo .m-banner {    display: none;  }  .ytvideo {    position: relative;    height: 546px;    width: 100%;    margin: 0 auto;  }  .ytvideo img {    width: 100%;    margin: 0 auto;  }  .ytvideo .play-btn {    width: 60px;    height: 42px;    position: absolute;    top: 50%;    left: 50%;    transform: translate(-50%, -50%);    background: url(\"data:image\/png;base64,iVBORw0KGgoAAAANSUhEUgAAAGQAAABGCAMAAAANWMFbAAAC+lBMVEUAAADBGB3kLCfBGB3kLCfcJC7BFx3KKSbiKybkLCbWJCPSIiLSIiLPICHAFx3kLCfgKSXNHiDZJiTIGx\/p4eHcjo7LHSDbJyTkLCbjKyfOHyHPIiL28fHJHB\/GGh7EGR7eKCXDGB3RISHlLSbBGB3AFxzGHB7DGB7BGB3hKybkKybAFx3lLCfAFxzDGR3hKibDGB7cJyTmz8\/elJTlwcHjurrUIyLlLSflLSfAFx3DGR7lLSfCFx3hKibhKibhKybjKybkLCblLSfbJSX49vbx7e3NNzjNMTLMJyjVIyLZf3\/ZQ0LaeHjx0tLgoqLkLCfCGB3HGx\/BGB3BFx3PICHCGB7WJCLOHyC\/Fxy\/Fx3lLCfQISHkLSe\/FxzbJiTBFx3FGx\/AGB7BFx3EGR7AGB3HHSDfKiXAFh3TISHYNzbhKibbJyTTIiL57e325+f039\/v2NjUV1fOHiHiqanfmprch4feKSXVIyPOICHmLibFGh\/mLSe\/Fx7XJCPeKSXXJSPNHyHaJyTGGh7lLCbmLCflLSjSIiLkLCbdKSXLHiC\/GB3KHh++Fh3lKyfoLiXcKCPkx8fYb2\/XaGfVXl3aU1LLHiDksbHgKibPICHbJyTfKSXbJyTCGB3KHSDiKybFGh7TIiL\/\/\/\/VIyPRISHIHB\/GGx\/HHB\/DGR7gKibdKCXLHiDZJiTMHiDNHyHYJSTOICHPICHWJCPcKCXXJSPjLCblLCf+\/f3NGR\/uLijzLynPGR\/IGB7WISHaIyLLGh7UAADxLynNAADRLzDbICLQAADIAAD3MCrUHSHXMTDpKSbLAADp5OTij4\/ejo\/VLy\/1LyngJSTcJCPQHx\/OHB7+\/PzaMS\/OLS\/vLijrLSjSAADaNTPwLyjkKSbNJCbYISHPHB\/KGB7WAAD7+vrn3d3aKynTKCjoLCfsKifRGh\/YAADq5+fhjo7QNDXXKCfmJyXt5+fTLzDLLi\/QKivYHRvMGBrQJCXLISPMExXLDxLaEAvkkI\/bOTfaFQ\/SCgpvLcnHAAAAmnRSTlMA+vv7+gT9Bvf9+8z8\/NSv\/Pr5+P7++vnQIBMP\/v38\/Pn348XDiCYf9OjbzcqxXVcx\/fz8+\/rj1r2poo1+fXFqX0orGP7+\/v7+\/fz8+\/r68uzn4trIxsG\/vri3p6GcmZSNbWVYUUZEPQv+\/f39+\/v7+\/v7+vr64tvV1NTTz87FtbSurqeblJKFg4B3bUY+NjL7+\/v7+\/v67t1cDo8JLQAABkRJREFUWMO0kz9rwkAYh0OIeJkum6YugUAhISCdKoj\/P4C7SMdS+gEKIhSKil10LSg4mzXkILdlEpxCpwTiWOLX6BujvQaEQuGeHLnL+\/64J+SIcKGYTYWnntpdLjrVdqvZmNdn0+EE40GtpuuWVS6Xx6N7YDSGpWXpeq02wHgynM7q80az1a52HpddtVcpsi1zFARBrdaxbhp9iUReTGmwA4KAAr7vx3EYejnCMI6hQYEgy0LQi4jUN0wL19vqFcUC9\/1dAKmEEFkWRYkh5oBejnxQJiSJPJ\/uKBp0Thszx9Mw8hMRIQjKsptCfuES9zr5WJY6vSFCIvE9fCMUmEM1A1kSXcYGxgVYsvI1IPKTZciSTI0us\/SMGG04gDzELDoFBwdcFJrF88dqgYMTiL6DILWYyfOWE8\/kIz38olCNlC03FK95+imxp6y4oUSvAnBjHHhKNtotSDqJzVFiK8c2SBqhZtsrTtgrLXwAyduxZHNE26eHUt5rtuM4WSmds3G+sUdWYo1L+XyxButoh5eKUHk5lByO3G1LqqCWVnfrv\/lyPtf\/4ps1cndNGIri8J1TJ0lx6dR\/oPjq1nbRwdp2dCk4CtIOLW3pVKRL6WZfS5vF2KkIQhpwSsjiYIgNCs1gEMGqiIq24NQX9NwoXFy8Ufrl3twTcg4fv8T9\/JBEySduj6Mjm4bMzYV7EEOxKjjoNDud7yY3Dy71Hq2oLmqfbNR723edH9PgMrNL2utoQ3VmaIDkiw\/4w51P06hlZsTZvkRrbVuSIs\/zwSOsycgzStQouoAkWQqioRT5XI7n2Z1wfVhoZmcAJLsoqjqpjbWCgpOAJXBwHK8PzWbNvoUZJND5wCnSkLAkZ1legx6vqQzjoiTahKlGUGLAiIIoABOHaNVw4sexZBym6\/HWlH5h3IC7yRbxtipcWxdTOkORKiNQAEkFf66x5S2oeRbroOlLgg0sSYkR0hRGEqJZ0jTPiQKatESdBckpWigxaapEH0lImHdWu9pUFF2XqMNM2Z4kped7IwEJw2qabwtrQqnpw6HyKkgcadKWsmpywwesDyIhYRpdzXddqegtGIJlXbAIUMOLkGxJUjRIkokwjUaX9d\/kK62ps\/tYUqZLIMkLTyBhsMZ3C5Z\/kDxOSCb\/DOs\/\/J0qcWSX\/2ipe56EgTCA4\/cB7NAYOsni4mZM1MUPAISoEwkDi4lhVBQ1cWQyIcwalw4EpqZN68JUSK7XC0kTlkLYii5uXSC8jT5ncCAS7mjCv0uHp\/3lueHEEAeQ\/\/VgmdN71\/2uCSA1Xr6DO6uI6sW56zqT2tp2PhgiRUAajV8CY2fkcz6WGNKMgLAt7tJAhD4YHMTeRxlALE6+43WqjSWi8ITxyJl8WrwWSNESQZZOqhDDntO3hJLsd5RtSpbJqdv3YrDJH3F7jL1R2O2aQkn2MyCyKYz0GPGIvSAMgBCrCEiJyKbBaYGwLW4uPRr0A0M4Ux5kUI7IBh+hMdiCEWNqhMZGyYMsOgNE58UQuEQeUnSWCMYwL54hkxK6IoqucQZbQ3pc3XtL0lky1dL0zZJJDpWJovFqpWj6JEHnyam2eQp5QRVAVHjWparTOaVwUOx99YS2MvgxIGV0bb+qIg2HX2qkFFJB+XZcbLiuRkuxD9GRroKyveLxdh4d7Orx+hb7qc3uVRuEogCOnyIxm4ubUoPgF4jianDrC+SDQDKEfJb0GUKmjCGPYHGJvVC6X4hw1\/sAfQAdfYyephIaspXe36RwOP+Ljvfx9B6B3i+Nk0DGq+oCbLn6JpBa9nWAveAIHwFAwtVcIJXPMPL8kRu5OAYPMaL1WScTxjiZDqB9LTJSWphow\/pTYKRTLjCBhvi9iBidvKcDasGSm0QQkycYuLBqj6QCELPctqChDWpTRMWkngNNpQ1Pfp1KkiT\/Y0DGffXAweUNfLAfaJFKDwhb6I+bkYRbkERoEeu3Fyjg2opMz2daZCS9jt6Q7txNfB+OZEVF6Zl5web2xunnLQrtrjXseXKaFYziYINeMFZVxS9VxRhOoesYwxPKXm+gWLG9cuFeq93UNNeJNsf1KlwuDok9n02n3TgIJpOxNfL9naIoQwXtfH9kjceTIIi709ncTg6LZbg+biLH1V6u\/7rxBem06VXKn9raAAAAAElFTkSuQmCC\")      no-repeat center center \/ contain;  }  @media screen and (max-width: 960px) and (orientation: portrait) {    .logo {      width: 100%;    }    .logo .pc-banner {      display: none;    }    .logo .m-banner {      display: block;      width: 100%;    }    .logo .m-banner img {      height: auto!important;    }    .ytvideo {      height: 200px;      width: 100%;    }  }<\/style><style>  .video-section {    width: 100%;    margin: 0 auto;  }  .video-section > img {    width: 100%;  }  .video-section iframe,  .video-section video {    width: 100%;    height: 100%;      }  .video-section-img-m,  .video-section-img-pc > img {    width: 100%;    height: auto;  }  .video-section-img-pc.small > img {    width: 970px;  }  .video-desc {    line-height: 1.5;    font-size: 20px;    font-weight: 400;    margin: 20px 0;    text-align: center;    color: #0f1111;    word-break: break-word;  }  @media screen and (max-width: 960px) and (orientation: portrait) {    .video-section {      width: 100%;    }    .video-section-pc,    .video-section-img-pc {      display: none;    }    .video-section-m,    .video-section-img-m {      display: block;    }    .video-desc {      font-size: 15px;    }  }  @media screen and (min-width: 960px) {    .video-section {      width: 100%;      margin: 0 auto;    }    .video-section-pc,    .video-section-img-pc {      display: block;    }    .video-section-m,    .video-section-img-m {      display: none;    }    .video-desc {      font-size: 20px;    }  }<\/style><style>  .section + .section {    margin-top: 35px;  }  .section-title {    text-align: center;    font-weight: bold;    color: #0d1111;    font-family: \"Arial\";    font-size: 32px;    margin: 15px 0;  }  .section-title:empty {    display: none;  }  .section-desc {    text-align: center;    font-weight: normal;    color: #0d1111;    margin-top: 20px;  }  .section-desc:empty {    display: none;  }  .section-img {    width: 1200px;    height: 492px;    margin: 0 auto;    display: block;  }  .section-img.small {    width: 970px;    height: auto;  }  .section-img.small > img {    height: auto;  }  .section-img > img {    width: 100%;    height: 100%;  }  .section-mobile-img {    display: none;    max-width: 100vw;    max-height: 75vw;    height: 450px;    margin: 0 auto;  }  .section-mobile-img > img {    width: 100%;    height: 100%;  }  @media screen and (max-width: 960px) and (orientation: portrait) {    .container {      width: 100%;    }    .container.small {      width: 100%;    }    .section-mobile-img {      display: block;    }    .section-img {      display: none;    }    .section-title {      font-size: 22px;      margin: 10px 0;    }    .section-desc {      margin-top: 10px;    }    .section + .section {      margin-top: 20px;    }  }<\/style><\/head><body><div class=\"container\"><div class=\"logo\"><div class=\"pc-banner\"><div><img decoding=\"async\" src=\"\/vevor\/vevor\/boutique-banner\/pc\/en-pc@1x.jpg\" style=\"width: 100%;\" \/><\/div><\/div><div class=\"m-banner\"><div><img decoding=\"async\" src=\"\/vevor\/vevor\/boutique-banner\/mobile\/en-m@1x.jpg\" style=\"width: 100%;\" \/><\/div><\/div><\/div><div class=\"section-title\">Pump Up Your Power<\/div><div class=\"video-section\"><video class=\"video-section-pc\" controls poster=\"\/vevor\/product\/YXYYB12VZLDJJW6ZG\/hydraulic-power-units-a100-1.4.jpg\"><source src=\"\/vevor\/product\/YXYYB12VZLDJA6M7W\/hydraulic-power-units-tvc2.mp4\" type=\"video\/mp4\" \/><\/video><video class=\"video-section-m\" controls poster=\"\/vevor\/product\/YXYYB12VZLDJJW6ZG\/hydraulic-power-units-a100-1.4-m.jpg\"><source src=\"\/vevor\/product\/YXYYB12VZLDJA6M7W\/hydraulic-power-units-tvc2.mp4\" type=\"video\/mp4\" \/><\/video><div class=\"section-desc\">VEVORi h\u00fcdropumbal on 12V alalisvoolumootor, mille v\u00f5imsus on 1,6 kW. See kahetoimeline j\u00f5uallikas tagab stabiilsed t\u00f5stetoimingud. Peate lisama ainult h\u00fcdraulika\u00f5li, \u00fchendama toite ja torud. Keerulist seadistust pole vaja. See on mitmek\u00fclgne suurte masinate, nihkekahvlite, liftide, t\u00f5stukite ja muu jaoks<\/div><\/div><div class=\"section\"><div class=\"section-title\"><\/div><div class=\"section-img\"><img decoding=\"async\" src=\"\/vevor\/product\/YXYYB12VZLDJJW6ZG\/hydraulic-power-units-a100-2.2.jpg\" \/><\/div><div class=\"section-mobile-img\"><img decoding=\"async\" src=\"\/vevor\/product\/YXYYB12VZLDJJW6ZG\/hydraulic-power-units-a100-2.2-m.jpg\" \/><\/div><div class=\"section-desc\">Oma capacious k\u00fctusepaak ja v\u00f5imas mootor, selle h\u00fcdraulilise pumba vaevata, liftid, rasketehnika, pakkudes kiiret k\u00e4ivitumist, t\u00e4pne kontroll ja pidev t\u00f6\u00f6kindlus. H\u00fcvasti seiskumine ja sagedased rikked.<\/div><\/div><div class=\"section\"><div class=\"section-title\"><\/div><div class=\"section-img\"><img decoding=\"async\" src=\"\/vevor\/product\/YXYYB12VZLDJJW6ZG\/hydraulic-power-units-a100-2.3.jpg\" \/><\/div><div class=\"section-mobile-img\"><img decoding=\"async\" src=\"\/vevor\/product\/YXYYB12VZLDJJW6ZG\/hydraulic-power-units-a100-2.3-m.jpg\" \/><\/div><div class=\"section-desc\">Meie topelt-toimega v\u00f5imsusega seade tagab dual-action t\u00f5stmise m\u00f5ju. H\u00fcdrauliline \u00f5li vaheldumisi kaks sadamat, mis on \u00fchtlaselt jaotavad j\u00f5ud \u00fcle oma varustuse. See disain s\u00e4\u00e4stab energiat ning tagab t\u00e4psuse operatsiooni, millega ta peale \u00fche, kes tegutseb j\u00f5uallikat.<\/div><\/div><div class=\"section\"><div class=\"section-title\"><\/div><div class=\"section-img\"><img decoding=\"async\" src=\"\/vevor\/product\/YXYYB12VZLDJJW6ZG\/hydraulic-power-units-a100-2.4.jpg\" \/><\/div><div class=\"section-mobile-img\"><img decoding=\"async\" src=\"\/vevor\/product\/YXYYB12VZLDJJW6ZG\/hydraulic-power-units-a100-2.4-m.jpg\" \/><\/div><div class=\"section-desc\">Pange t\u00e4hele, et pidev pikaajaline t\u00f6\u00f6 ei ole soovitatav. Kui seda kasutatakse S3 t\u00f6\u00f6s\u00fcsteemis, t\u00f6\u00f6tab see ts\u00fcklitena: 30-ndate sissel\u00fclitamine, 270-ndate v\u00e4ljal\u00fclitamine ja 180-ndate maksimaalne pidev t\u00f6\u00f6aeg. Pikendatud t\u00f6\u00f6 jaoks on katkendlik 360-ndate pidev t\u00f6\u00f6aeg.<\/div><\/div><div class=\"section\"><div class=\"section-title\"><\/div><div class=\"section-img\"><img decoding=\"async\" src=\"\/vevor\/product\/YXYYB12VZLDJJW6ZG\/hydraulic-power-units-a100-2.5.jpg\" \/><\/div><div class=\"section-mobile-img\"><img decoding=\"async\" src=\"\/vevor\/product\/YXYYB12VZLDJJW6ZG\/hydraulic-power-units-a100-2.5-m.jpg\" \/><\/div><div class=\"section-desc\">See 12V h\u00fcdropump, mida usaldavad professionaalsed mehaanikud ja ehitusplatsid, on teie v\u00f5imas liitlane selliste \u00fclesannete t\u00e4itmiseks nagu konsooli tagaplaadi kasutamine, nihkekahvli t\u00f5steplatvormid, vertikaalsed t\u00f5steplatvormid, poolelektrilised t\u00f5ukurid, kallurhaagised ja palju muud.<\/div><\/div><div class=\"section\"><div class=\"section-img\"><img decoding=\"async\" src=\"\/vevor\/product\/YXYYB12VZLDJJW6ZG\/hydraulic-power-units-a100-1.11.jpg\" alt=\"VEVOR h\u00fcdrauliline pump, 12v, 6 quart, 28.5 lbs, koos kaitsva katte, turvaline pakendamine ja sae#6 pesa.\" \/><\/div><div class=\"section-mobile-img\"><img decoding=\"async\" src=\"\/vevor\/product\/YXYYB12VZLDJJW6ZG\/hydraulic-power-units-a100-1.11-m.jpg\" alt=\"VEVOR h\u00fcdrauliline pump, 12v, 6 quart, 28.5 lbs, koos kaitsva katte, turvaline pakendamine ja sae#6 pesa.\" \/><\/div><\/div><\/div><\/body><\/html><\/div>\n<div class=\"DM_at-title\" id=\"js-DM_at-title\"> <div>Toote spetsifikatsioon<\/div> <i class=\"icon-arrowup_line\"><\/i> <\/div><div class=\"DM_at-goodsDescAttr\" id=\"js-DM_at-goodsDescAttr\"> <div class=\"DM_at-goodsDescAttrInner\"> <dl class=\"goodsDesc_item goodsDesc_item_even\"> <dt>Punkt Mudeli Number<\/dt> <dd> TDDC12V-1,6KW-S-6L<\/dd> <\/dl> <dl class=\"goodsDesc_item\"> <dt>Pinge<\/dt> <dd> DC12V<\/dd> <\/dl> <dl class=\"goodsDesc_item goodsDesc_item_even\"> <dt>T\u00fc\u00fcp<\/dt> <dd> Double-action<\/dd> <\/dl> <dl class=\"goodsDesc_item\"> <dt>Mahutipark<\/dt> <dd> 6 Quart\/1.5 Gal<\/dd> <\/dl> <dl class=\"goodsDesc_item goodsDesc_item_even\"> <dt>V\u00f5imsus<\/dt> <dd> 1,6 kW<\/dd> <\/dl> <dl class=\"goodsDesc_item\"> <dt>Liiklus<\/dt> <dd> 1.1 mL\/r<\/dd> <\/dl> <dl class=\"goodsDesc_item goodsDesc_item_even\"> <dt>Vooluhulk<\/dt> <dd> 0.91 GPM<\/dd> <\/dl> <dl class=\"goodsDesc_item\"> <dt>P\u00f6\u00f6rlemise Kiirus<\/dt> <dd> 2600r\/min<\/dd> <\/dl> <dl class=\"goodsDesc_item goodsDesc_item_even\"> <dt>Materjal<\/dt> <dd> Terasest (GC01)<\/dd> <\/dl> <dl class=\"goodsDesc_item\"> <dt>Neto Kaal<\/dt> <dd> 28.5 lbs\/12.95 kg<\/dd> <\/dl> <dl class=\"goodsDesc_item goodsDesc_item_even\"> <dt>Toote M\u00f5\u00f5tmed<\/dt> <dd> 18.9 x 7.3 x 7.5 tolli\/481\u00d7186\u00d7190 mm<\/dd> <\/dl> <\/div> <\/div>","protected":false},"excerpt":{"rendered":"<ul>\n<li> High-Powered J\u00f5udlus: Meie h\u00fcdrauliline pump v\u00f5tab vastu 12V, 1,6 kW DC mootor, mis tagab k\u00f5rge vooluhulk kuni 0.91 GPM. 6-gallon tank ja 16-20Mpa \u00f5li surve, see powerhouse vabastab maksimaalne surve 3200 psi; pr\u00fcgila teisaldatav pump saab vaevata hakkama rasked s\u00f5idukid ja masinad, t\u00f5ste-neid lihtsalt. Kogemus v\u00f5imu! <\/li>\n<li> T\u00e4psus Double-Action T\u00f5ste: M\u00f5eldud t\u00e4psust, meie hydraulic power unit t\u00f6\u00f6tab double-action v\u00f5imsus mehhanism. Tagab h\u00fcdrauliline \u00f5li t\u00f6\u00f6tab vaheldumisi nii sadamad, mis on \u00fchtlaselt jaotavad j\u00f5ud \u00fcle oma varustuse. Sisseehitatud ohutuse kaitseklapp vabastab automaatselt surve kui piir on \u00fcletatud, turvalisemaks muutmine t\u00f6\u00f6ks v\u00e4hem eba\u00f5nnestumisi. <\/li>\n<li> Kiusame vaba Setup On: 12V h\u00fcdraulika pump saabub eelnevalt kokku pandud. Lisada h\u00fcdrauliline \u00f5li ja \u00fchendage toide ja torustik, ja sa oled valmis alustama. VEVOR h\u00fcdraulilise pumba sisaldab SAE#6 converter, mist\u00f5ttu see sobib meeter ja Ameerika liidesed teie mugavuse huvides. <\/li>\n<li> Ehitatud, et Kesta: Meie h\u00fcdrauliline pump on ehitatud karm. Ta on uhke tugev \u00fcldine katmine, viia miinimumini oht, et \u00f5li lekib. Rooste-t\u00f5end, tahke metall-terasest mahuti tagab vastupidavuse, isegi suure m\u00f5juga olukordades ja igap\u00e4evaseks kasutamiseks. See on projekteeritud taluma k\u00fclmav\u00e4rinad paigaldamine rasketehnika. <\/li>\n<li> Mitmek\u00fclgne Rakendused: See topelt-acting hydraulic pump ei piirdu ainult \u00fcks \u00fclesanne. See on mitmek\u00fclgne t\u00f6\u00f6hobune, mis sobib erinevate t\u00f5ste-ja stantsimine rakendused. Alates pr\u00fcgila haagiste ja konteinerite veoauto tailplates h\u00fcdrauliline puit l\u00f5hkujad, v\u00e4ike pressid, t\u00f5steplatvormid, semi-elektriline push veoautod, kopp vedajad, ja rohkem. <\/li>\n<\/ul>","protected":false},"featured_media":312837,"comment_status":"closed","ping_status":"open","template":"","meta":{"om_disable_all_campaigns":false,"_uf_show_specific_survey":0,"_uf_disable_surveys":false},"location":[1935,1934],"product_brand":[21],"product_cat":[133,2463,2462,2464],"product_tag":[],"class_list":{"0":"post-45921","1":"product","2":"type-product","3":"status-publish","4":"has-post-thumbnail","6":"location-supplier_stock_location","7":"location-local_stock_location","8":"product_brand-vevor","9":"product_cat-automotive","10":"product_cat-car-lift-accessories","11":"product_cat-shop-equipment","12":"product_cat-tank-hydraulic-pump","14":"first","15":"instock","16":"taxable","17":"shipping-taxable","18":"purchasable","19":"product-type-simple"},"aioseo_notices":[],"locations":[{"id":1935,"name":"Pieg\u0101d\u0101t\u0101ja noliktav\u0101 (5-7dd)","slug":"supplier_stock_location","quantity":"10"},{"id":1934,"name":"R\u012bgas veikal\u0101 (0-2d.d.)","slug":"local_stock_location","quantity":"0"}],"_links":{"self":[{"href":"https:\/\/vevorshop.lv\/et\/wp-json\/wp\/v2\/product\/45921","targetHints":{"allow":["GET"]}}],"collection":[{"href":"https:\/\/vevorshop.lv\/et\/wp-json\/wp\/v2\/product"}],"about":[{"href":"https:\/\/vevorshop.lv\/et\/wp-json\/wp\/v2\/types\/product"}],"replies":[{"embeddable":true,"href":"https:\/\/vevorshop.lv\/et\/wp-json\/wp\/v2\/comments?post=45921"}],"wp:featuredmedia":[{"embeddable":true,"href":"https:\/\/vevorshop.lv\/et\/wp-json\/wp\/v2\/media\/312837"}],"wp:attachment":[{"href":"https:\/\/vevorshop.lv\/et\/wp-json\/wp\/v2\/media?parent=45921"}],"wp:term":[{"taxonomy":"location","embeddable":true,"href":"https:\/\/vevorshop.lv\/et\/wp-json\/wp\/v2\/location?post=45921"},{"taxonomy":"product_brand","embeddable":true,"href":"https:\/\/vevorshop.lv\/et\/wp-json\/wp\/v2\/product_brand?post=45921"},{"taxonomy":"product_cat","embeddable":true,"href":"https:\/\/vevorshop.lv\/et\/wp-json\/wp\/v2\/product_cat?post=45921"},{"taxonomy":"product_tag","embeddable":true,"href":"https:\/\/vevorshop.lv\/et\/wp-json\/wp\/v2\/product_tag?post=45921"}],"curies":[{"name":"wp","href":"https:\/\/api.w.org\/{rel}","templated":true}]}}