{"id":460045,"date":"2026-04-06T22:57:37","date_gmt":"2026-04-06T19:57:37","guid":{"rendered":"https:\/\/vevorshop.lv\/en_us\/Prece\/vevor-smartphone-thermal-imaging-camera-512x384-macro-lens-25-hz-20c-to-550c-for-android-ios-infrared-imager\/"},"modified":"2026-04-23T12:12:14","modified_gmt":"2026-04-23T09:12:14","slug":"vevor-smartphone-thermal-imaging-camera-512x384-macro-lens-25-hz-20c-to-550c-for-android-ios-infrared-imager","status":"publish","type":"product","link":"https:\/\/vevorshop.lv\/et\/Prece\/vevor-smartphone-thermal-imaging-camera-512x384-macro-lens-25-hz-20c-to-550c-for-android-ios-infrared-imager\/","title":{"rendered":"VEVOR nutitelefoni termopildikaamera 512\u00d7384, makroobjektiiv, 25 Hz, -20 \u00b0C kuni 550 \u00b0C, Androidile ja iOS-ile, infrapunakaamera"},"content":{"rendered":"<div style=\"color: #fff!important; font-size: 16px; height: 24px; line-height: 24px; margin-top: -24px; \" class=\"product_original_name\">VEVOR Thermal Imaging Camera for Android & iOS, 512 x 384 Super Resolution with Macro Lens, 25HZ Refresh Rate Infrared Thermal Imager for Smartphones Tablets, 256 x 192 IR Resolution, -20\u00b0C to 550\u00b0C<\/div>\n<div style=\"color: #fff!important; font-size: 16px; height: 24px; line-height: 24px; margin-top: -24px; \" class=\"product_sku\">MNNHQ842<\/div>\n<div style=\"color: #fff!important; font-size: 16px; height: 24px; line-height: 24px; margin-top: -24px; \" class=\"product_mpn\">KDSRCXY2561960W1B001V9<\/div><div id=\"js-DM_at-goodDescRich\"><html><head><style>  body {    font-family: Arial;    line-height: 1.5;    color: #1c1c1c;    overflow-x: hidden;    margin: 0;    padding: 0;  }  .MsoNormal b {    font-weight: bolder;  }<\/style><style>  .container.small {    width: 970px;    margin: 0 auto;  }  .logo {    margin: 0 auto 0;  }  .logo img {    display: block;    margin: 0 auto;    max-width: 100%;  }  .logo .pc-banner {    display: block;    width: 1200px;    height: 247.4px;    margin: 0 auto;  }  .logo .pc-banner.small {    width: 970px;  }  .logo .pc-banner.small img {    height: auto!important;  }  .logo .m-banner {    display: none;  }  .ytvideo {    position: relative;    height: 546px;    width: 100%;    margin: 0 auto;  }  .ytvideo img {    width: 100%;    margin: 0 auto;  }  .ytvideo .play-btn {    width: 60px;    height: 42px;    position: absolute;    top: 50%;    left: 50%;    transform: translate(-50%, -50%);    background: url(\"data:image\/png;base64,iVBORw0KGgoAAAANSUhEUgAAAGQAAABGCAMAAAANWMFbAAAC+lBMVEUAAADBGB3kLCfBGB3kLCfcJC7BFx3KKSbiKybkLCbWJCPSIiLSIiLPICHAFx3kLCfgKSXNHiDZJiTIGx\/p4eHcjo7LHSDbJyTkLCbjKyfOHyHPIiL28fHJHB\/GGh7EGR7eKCXDGB3RISHlLSbBGB3AFxzGHB7DGB7BGB3hKybkKybAFx3lLCfAFxzDGR3hKibDGB7cJyTmz8\/elJTlwcHjurrUIyLlLSflLSfAFx3DGR7lLSfCFx3hKibhKibhKybjKybkLCblLSfbJSX49vbx7e3NNzjNMTLMJyjVIyLZf3\/ZQ0LaeHjx0tLgoqLkLCfCGB3HGx\/BGB3BFx3PICHCGB7WJCLOHyC\/Fxy\/Fx3lLCfQISHkLSe\/FxzbJiTBFx3FGx\/AGB7BFx3EGR7AGB3HHSDfKiXAFh3TISHYNzbhKibbJyTTIiL57e325+f039\/v2NjUV1fOHiHiqanfmprch4feKSXVIyPOICHmLibFGh\/mLSe\/Fx7XJCPeKSXXJSPNHyHaJyTGGh7lLCbmLCflLSjSIiLkLCbdKSXLHiC\/GB3KHh++Fh3lKyfoLiXcKCPkx8fYb2\/XaGfVXl3aU1LLHiDksbHgKibPICHbJyTfKSXbJyTCGB3KHSDiKybFGh7TIiL\/\/\/\/VIyPRISHIHB\/GGx\/HHB\/DGR7gKibdKCXLHiDZJiTMHiDNHyHYJSTOICHPICHWJCPcKCXXJSPjLCblLCf+\/f3NGR\/uLijzLynPGR\/IGB7WISHaIyLLGh7UAADxLynNAADRLzDbICLQAADIAAD3MCrUHSHXMTDpKSbLAADp5OTij4\/ejo\/VLy\/1LyngJSTcJCPQHx\/OHB7+\/PzaMS\/OLS\/vLijrLSjSAADaNTPwLyjkKSbNJCbYISHPHB\/KGB7WAAD7+vrn3d3aKynTKCjoLCfsKifRGh\/YAADq5+fhjo7QNDXXKCfmJyXt5+fTLzDLLi\/QKivYHRvMGBrQJCXLISPMExXLDxLaEAvkkI\/bOTfaFQ\/SCgpvLcnHAAAAmnRSTlMA+vv7+gT9Bvf9+8z8\/NSv\/Pr5+P7++vnQIBMP\/v38\/Pn348XDiCYf9OjbzcqxXVcx\/fz8+\/rj1r2poo1+fXFqX0orGP7+\/v7+\/fz8+\/r68uzn4trIxsG\/vri3p6GcmZSNbWVYUUZEPQv+\/f39+\/v7+\/v7+vr64tvV1NTTz87FtbSurqeblJKFg4B3bUY+NjL7+\/v7+\/v67t1cDo8JLQAABkRJREFUWMO0kz9rwkAYh0OIeJkum6YugUAhISCdKoj\/P4C7SMdS+gEKIhSKil10LSg4mzXkILdlEpxCpwTiWOLX6BujvQaEQuGeHLnL+\/64J+SIcKGYTYWnntpdLjrVdqvZmNdn0+EE40GtpuuWVS6Xx6N7YDSGpWXpeq02wHgynM7q80az1a52HpddtVcpsi1zFARBrdaxbhp9iUReTGmwA4KAAr7vx3EYejnCMI6hQYEgy0LQi4jUN0wL19vqFcUC9\/1dAKmEEFkWRYkh5oBejnxQJiSJPJ\/uKBp0Thszx9Mw8hMRIQjKsptCfuES9zr5WJY6vSFCIvE9fCMUmEM1A1kSXcYGxgVYsvI1IPKTZciSTI0us\/SMGG04gDzELDoFBwdcFJrF88dqgYMTiL6DILWYyfOWE8\/kIz38olCNlC03FK95+imxp6y4oUSvAnBjHHhKNtotSDqJzVFiK8c2SBqhZtsrTtgrLXwAyduxZHNE26eHUt5rtuM4WSmds3G+sUdWYo1L+XyxButoh5eKUHk5lByO3G1LqqCWVnfrv\/lyPtf\/4ps1cndNGIri8J1TJ0lx6dR\/oPjq1nbRwdp2dCk4CtIOLW3pVKRL6WZfS5vF2KkIQhpwSsjiYIgNCs1gEMGqiIq24NQX9NwoXFy8Ufrl3twTcg4fv8T9\/JBEySduj6Mjm4bMzYV7EEOxKjjoNDud7yY3Dy71Hq2oLmqfbNR723edH9PgMrNL2utoQ3VmaIDkiw\/4w51P06hlZsTZvkRrbVuSIs\/zwSOsycgzStQouoAkWQqioRT5XI7n2Z1wfVhoZmcAJLsoqjqpjbWCgpOAJXBwHK8PzWbNvoUZJND5wCnSkLAkZ1legx6vqQzjoiTahKlGUGLAiIIoABOHaNVw4sexZBym6\/HWlH5h3IC7yRbxtipcWxdTOkORKiNQAEkFf66x5S2oeRbroOlLgg0sSYkR0hRGEqJZ0jTPiQKatESdBckpWigxaapEH0lImHdWu9pUFF2XqMNM2Z4kped7IwEJw2qabwtrQqnpw6HyKkgcadKWsmpywwesDyIhYRpdzXddqegtGIJlXbAIUMOLkGxJUjRIkokwjUaX9d\/kK62ps\/tYUqZLIMkLTyBhsMZ3C5Z\/kDxOSCb\/DOs\/\/J0qcWSX\/2ipe56EgTCA4\/cB7NAYOsni4mZM1MUPAISoEwkDi4lhVBQ1cWQyIcwalw4EpqZN68JUSK7XC0kTlkLYii5uXSC8jT5ncCAS7mjCv0uHp\/3lueHEEAeQ\/\/VgmdN71\/2uCSA1Xr6DO6uI6sW56zqT2tp2PhgiRUAajV8CY2fkcz6WGNKMgLAt7tJAhD4YHMTeRxlALE6+43WqjSWi8ITxyJl8WrwWSNESQZZOqhDDntO3hJLsd5RtSpbJqdv3YrDJH3F7jL1R2O2aQkn2MyCyKYz0GPGIvSAMgBCrCEiJyKbBaYGwLW4uPRr0A0M4Ux5kUI7IBh+hMdiCEWNqhMZGyYMsOgNE58UQuEQeUnSWCMYwL54hkxK6IoqucQZbQ3pc3XtL0lky1dL0zZJJDpWJovFqpWj6JEHnyam2eQp5QRVAVHjWparTOaVwUOx99YS2MvgxIGV0bb+qIg2HX2qkFFJB+XZcbLiuRkuxD9GRroKyveLxdh4d7Orx+hb7qc3uVRuEogCOnyIxm4ubUoPgF4jianDrC+SDQDKEfJb0GUKmjCGPYHGJvVC6X4hw1\/sAfQAdfYyephIaspXe36RwOP+Ljvfx9B6B3i+Nk0DGq+oCbLn6JpBa9nWAveAIHwFAwtVcIJXPMPL8kRu5OAYPMaL1WScTxjiZDqB9LTJSWphow\/pTYKRTLjCBhvi9iBidvKcDasGSm0QQkycYuLBqj6QCELPctqChDWpTRMWkngNNpQ1Pfp1KkiT\/Y0DGffXAweUNfLAfaJFKDwhb6I+bkYRbkERoEeu3Fyjg2opMz2daZCS9jt6Q7txNfB+OZEVF6Zl5web2xunnLQrtrjXseXKaFYziYINeMFZVxS9VxRhOoesYwxPKXm+gWLG9cuFeq93UNNeJNsf1KlwuDok9n02n3TgIJpOxNfL9naIoQwXtfH9kjceTIIi709ncTg6LZbg+biLH1V6u\/7rxBem06VXKn9raAAAAAElFTkSuQmCC\")      no-repeat center center \/ contain;  }  @media screen and (max-width: 960px) and (orientation: portrait) {    .logo {      width: 100%;    }    .logo .pc-banner {      display: none;    }    .logo .m-banner {      display: block;      width: 100%;    }    .logo .m-banner img {      height: auto!important;    }    .ytvideo {      height: 200px;      width: 100%;    }  }<\/style><style>  .video-section {    width: 100%;    margin: 0 auto;  }  .video-section > img {    width: 100%;  }  .video-section iframe,  .video-section video {    width: 100%;    height: 100%;      }  .video-section-img-m,  .video-section-img-pc > img {    width: 100%;    height: auto;  }  .video-section-img-pc.small > img {    width: 970px;  }  .video-desc {    line-height: 1.5;    font-size: 20px;    font-weight: 400;    margin: 20px 0;    text-align: center;    color: #0f1111;    word-break: break-word;  }  @media screen and (max-width: 960px) and (orientation: portrait) {    .video-section {      width: 100%;    }    .video-section-pc,    .video-section-img-pc {      display: none;    }    .video-section-m,    .video-section-img-m {      display: block;    }    .video-desc {      font-size: 15px;    }  }  @media screen and (min-width: 960px) {    .video-section {      width: 100%;      margin: 0 auto;    }    .video-section-pc,    .video-section-img-pc {      display: block;    }    .video-section-m,    .video-section-img-m {      display: none;    }    .video-desc {      font-size: 20px;    }  }<\/style><style>  .section + .section {    margin-top: 35px;  }  .section-title {    text-align: center;    font-weight: bold;    color: #0d1111;    font-family: \"Arial\";    font-size: 32px;    margin: 15px 0;  }  .section-title:empty {    display: none;  }  .section-desc {    text-align: center;    font-weight: normal;    color: #0d1111;    margin-top: 20px;  }  .section-desc:empty {    display: none;  }  .section-img {    width: 1200px;    height: 492px;    margin: 0 auto;    display: block;  }  .section-img.small {    width: 970px;    height: auto;  }  .section-img.small > img {    height: auto;  }  .section-img > img {    width: 100%;    height: 100%;  }  .section-mobile-img {    display: none;    max-width: 100vw;    max-height: 75vw;    height: 450px;    margin: 0 auto;  }  .section-mobile-img > img {    width: 100%;    height: 100%;  }  @media screen and (max-width: 960px) and (orientation: portrait) {    .container {      width: 100%;    }    .container.small {      width: 100%;    }    .section-mobile-img {      display: block;    }    .section-img {      display: none;    }    .section-title {      font-size: 22px;      margin: 10px 0;    }    .section-desc {      margin-top: 10px;    }    .section + .section {      margin-top: 20px;    }  }<\/style><\/head><body><div class=\"container\"><div class=\"logo\"><div class=\"pc-banner\"><div><img decoding=\"async\" src=\"\/vevor\/vevor\/boutique-banner\/pc\/en-pc@1x.jpg\" style=\"width: 100%;\" \/><\/div><\/div><div class=\"m-banner\"><div><img decoding=\"async\" src=\"\/vevor\/vevor\/boutique-banner\/mobile\/en-m@1x.jpg\" style=\"width: 100%;\" \/><\/div><\/div><\/div><div class=\"section-title\">Vaadake n\u00e4htamatut, tuvastage probleemid h\u00f5lpsalt<\/div><div class=\"video-section\"><div class=\"video-section-img-pc\"><img decoding=\"async\" src=\"\/vevor\/product\/KDSRCXY2561960W1B001\/thermal-imaging-camera-a100-1.4.jpg\" \/><\/div><div class=\"video-section-img-m\"><img decoding=\"async\" src=\"\/vevor\/product\/KDSRCXY2561960W1B001\/thermal-imaging-camera-a100-1.4-m.jpg\" \/><\/div><div class=\"section-desc\">With 512 x 384 super resolution, 256 x 192 IR resolution, an included macro lens, 25HZ refresh rate and -4 to 1022\u2109 temperature measurement, VEVOR thermal imaging camera for Android & iOS is an ideal choice for home inspection, HVAC, electrical diagnostics, and more.<\/div><\/div><div class=\"section\"><div class=\"section-title\"><\/div><div class=\"section-img\"><img decoding=\"async\" src=\"\/vevor\/product\/KDSRCXY2561960W1B001\/thermal-imaging-camera-a100-2.2.jpg\" \/><\/div><div class=\"section-mobile-img\"><img decoding=\"async\" src=\"\/vevor\/product\/KDSRCXY2561960W1B001\/thermal-imaging-camera-a100-2.2-m.jpg\" \/><\/div><div class=\"section-desc\">Toetab nii video - kui ka fotosalvestust, et j\u00e4lgida d\u00fcnaamilisi temperatuurimuutusi v\u00f5i j\u00e4\u00e4dvustada selgeid termopilte, et neid oleks lihtsam kontrollida.<\/div><\/div><div class=\"section\"><div class=\"section-title\"><\/div><div class=\"section-img\"><img decoding=\"async\" src=\"\/vevor\/product\/KDSRCXY2561960W1B001\/thermal-imaging-camera-a100-2.3.jpg\" \/><\/div><div class=\"section-mobile-img\"><img decoding=\"async\" src=\"\/vevor\/product\/KDSRCXY2561960W1B001\/thermal-imaging-camera-a100-2.3-m.jpg\" \/><\/div><div class=\"section-desc\">J\u00e4\u00e4dvustage oma telefoniga n\u00e4htava valgusega pilt ja katke see PIP-re\u017eiimis termopildiga, et kiiresti ja t\u00e4pselt m\u00e4\u00e4rata rikete asukohad.<\/div><\/div><div class=\"section\"><div class=\"section-title\"><\/div><div class=\"section-img\"><img decoding=\"async\" src=\"\/vevor\/product\/KDSRCXY2561960W1B001\/thermal-imaging-camera-a100-2.4.jpg\" \/><\/div><div class=\"section-mobile-img\"><img decoding=\"async\" src=\"\/vevor\/product\/KDSRCXY2561960W1B001\/thermal-imaging-camera-a100-2.4-m.jpg\" \/><\/div><div class=\"section-desc\">Valige 6 v\u00e4rvipaleti hulgast, et kuvada termopilte vastavalt oma eelistustele, muutes temperatuurierinevused selgemaks ning aidates teil kuuma ja k\u00fclma laike h\u00f5lpsamini tuvastada.<\/div><\/div><div class=\"section\"><div class=\"section-title\"><\/div><div class=\"section-img\"><img decoding=\"async\" src=\"\/vevor\/product\/KDSRCXY2561960W1B001\/thermal-imaging-camera-a100-2.5.jpg\" \/><\/div><div class=\"section-mobile-img\"><img decoding=\"async\" src=\"\/vevor\/product\/KDSRCXY2561960W1B001\/thermal-imaging-camera-a100-2.5-m.jpg\" \/><\/div><div class=\"section-desc\">Includes a macro lens for more precise thermal inspection of small components. Pocket-sized for easy portability and built to withstand drops from 59-inch (1.5 m). Widely used for electrical, HVAC, home inspections, and automotive diagnostics.<\/div><\/div><div class=\"section\"><div class=\"section-img\"><img decoding=\"async\" src=\"\/vevor\/product\/KDSRCXY2561960W1B001\/thermal-imaging-camera-a100-1.11.jpg\" \/><\/div><div class=\"section-mobile-img\"><img decoding=\"async\" src=\"\/vevor\/product\/KDSRCXY2561960W1B001\/thermal-imaging-camera-a100-1.11-m.jpg\" \/><\/div><\/div><\/div><\/body><\/html><\/div>\n<div class=\"DM_at-title\" id=\"js-DM_at-title\"> <div>Toote spetsifikatsioon<\/div> <i class=\"icon-arrowup_line\"><\/i> <\/div><div class=\"DM_at-goodsDescAttr\" id=\"js-DM_at-goodsDescAttr\"> <div class=\"DM_at-goodsDescAttrInner\"> <dl class=\"goodsDesc_item goodsDesc_item_even\"> <dt>Punkt Mudeli Number<\/dt> <dd> VT256<\/dd> <\/dl> <dl class=\"goodsDesc_item\"> <dt>IR termiline eraldusv\u00f5ime<\/dt> <dd> 256 x 192<\/dd> <\/dl> <dl class=\"goodsDesc_item goodsDesc_item_even\"> <dt>TISR t\u00e4iustatud eraldusv\u00f5ime<\/dt> <dd> 512 x 384<\/dd> <\/dl> <dl class=\"goodsDesc_item\"> <dt>V\u00e4rskendussagedus<\/dt> <dd> 25 Hz<\/dd> <\/dl> <dl class=\"goodsDesc_item goodsDesc_item_even\"> <dt>\u00dchilduv S\u00fcsteem<\/dt> <dd> Android ja iOS<\/dd> <\/dl> <dl class=\"goodsDesc_item\"> <dt>Termiline Tundlikkus<\/dt> <dd> \u226440 mK<\/dd> <\/dl> <dl class=\"goodsDesc_item goodsDesc_item_even\"> <dt>Emissiivsus<\/dt> <dd> 0,01 1,0<\/dd> <\/dl> <dl class=\"goodsDesc_item\"> <dt>M\u00f5\u00f5tmiskaugus<\/dt> <dd> 11,8 \u00b5118 in \/0,3 \u00b53 m<\/dd> <\/dl> <dl class=\"goodsDesc_item goodsDesc_item_even\"> <dt>Temperatuuri m\u00f5\u00f5tmisvahemik<\/dt> <dd> -4 \u00b0F kuni 1022 \u00b0F\/-20 \u00b0C kuni 550 \u00b0C<\/dd> <\/dl> <dl class=\"goodsDesc_item\"> <dt>V\u00e4rvipaletid<\/dt> <dd> 6<\/dd> <\/dl> <dl class=\"goodsDesc_item goodsDesc_item_even\"> <dt>Temperatuuri eraldusv\u00f5ime<\/dt> <dd> 32,18 \u00b0F\/0,1 \u00b0C<\/dd> <\/dl> <dl class=\"goodsDesc_item\"> <dt>Vaatev\u00e4li<\/dt> <dd> 50\u00b0 x 37,2\u00b0<\/dd> <\/dl> <dl class=\"goodsDesc_item goodsDesc_item_even\"> <dt>Lainepikkus Vahemikus<\/dt> <dd> 8-14 \u00b5m<\/dd> <\/dl> <dl class=\"goodsDesc_item\"> <dt>T\u00f6\u00f6temperatuur<\/dt> <dd> 14 \u00b0F kuni 122 \u00b0F \/ -10 \u00b0C kuni 50 \u00b0C<\/dd> <\/dl> <dl class=\"goodsDesc_item goodsDesc_item_even\"> <dt>Ladustamise Temperatuur<\/dt> <dd> -4 \u00b0F kuni 140 \u00b0F \/ -20 \u00b0C kuni 60 \u00b0C<\/dd> <\/dl> <dl class=\"goodsDesc_item\"> <dt>Peamine Materjal<\/dt> <dd> Alumiinium<\/dd> <\/dl> <dl class=\"goodsDesc_item goodsDesc_item_even\"> <dt>Neto Kaal<\/dt> <dd> 1.09 oz \/ 31g<\/dd> <\/dl> <dl class=\"goodsDesc_item\"> <dt>Toote M\u00f5\u00f5tmed<\/dt> <dd> 1,97 x 0,71 x 1,50 tolli\/50 x 18 x 38 mm<\/dd> <\/dl> <\/div> <\/div>","protected":false},"excerpt":{"rendered":"<ul>\n<li> High Definition Imaging: VEVOR thermal imager adopts TISR enhancement technology, upgrading the original 256 x 192 IR resolution to a 512 x 384 super resolution. Combined with the 25Hz refresh rate and \u226440 mK thermal sensitivity, it delivers clearer, smoother detail display without delay <\/li>\n<li> \u00dchildub Android &amp; iOS s\u00fcsteemidega: varustatud C-t\u00fc\u00fcpi pordi ja 8-kontaktilise kaabli adapteriga, \u00fchildub Android 8.0 v\u00f5i uuema versiooniga ja iOS 12.0 v\u00f5i uuema versiooniga. Rakenduse allalaadimiseks ja seadme muutmiseks mitmeotstarbeliseks termopildikaameraks skannige lihtsalt QR-kood. Taskusuurune, kaasaskantav, \u00fchendage ja m\u00e4ngige <\/li>\n<li> More Precise &#038; Quick Inspection: Includes a macro lens that enables precise thermal inspection of small components like chips and circuit boards, helping detect tiny hotspots and faults with greater accuracy. Built-in high\/low-temperature alarms provide instant alerts to quickly identify overheating or low-temperature zones  <\/li>\n<li> T\u00e4pne m\u00f5\u00f5tmine: toetab -4\u00b0 F kuni 1022\u00b0 F laia temperatuuri m\u00f5\u00f5tmist. See n\u00e4htava valgusega infrapunakaamera j\u00e4lgib automaatselt kuumi ja k\u00fclmi kohti ning kuvab kesk-, maksimaal- ja miinimumandmeid. 6 v\u00e4rvipaleti, termopildistamise ja PIP-re\u017eiimiga, et kohaneda erinevate keskkondadega <\/li>\n<li> Laiad rakendused: see Androidi ja iOS-i infrapuna termopildistaja toetab piltide j\u00e4\u00e4dvustamist, videosalvestust ja 10 keelevalikut. Kasutatakse laialdaselt HVAC-i t\u00f5rkeotsinguks, elektrikontrolliks, torustiku kontrollimiseks, hoonete diagnostikaks, autodiagnostikaks ja t\u00f6\u00f6stuslikuks kontrolliks <\/li>\n<\/ul>","protected":false},"featured_media":460046,"comment_status":"open","ping_status":"open","template":"","meta":{"om_disable_all_campaigns":false,"_uf_show_specific_survey":0,"_uf_disable_surveys":false},"location":[1935,1934],"product_brand":[],"product_cat":[34,3192,184,3703,3193],"product_tag":[],"class_list":{"0":"post-460045","1":"product","2":"type-product","3":"status-publish","4":"has-post-thumbnail","6":"location-supplier_stock_location","7":"location-local_stock_location","8":"product_cat-electrical","9":"product_cat-electrical-testers","10":"product_cat-electrical-tools","11":"product_cat-pocket-thermal-imager","12":"product_cat-specialty-meters-electrical-testers","14":"first","15":"instock","16":"taxable","17":"shipping-taxable","18":"purchasable","19":"product-type-simple"},"aioseo_notices":[],"locations":[{"id":1935,"name":"Pieg\u0101d\u0101t\u0101ja noliktav\u0101 (5-7dd)","slug":"supplier_stock_location","quantity":"10"},{"id":1934,"name":"R\u012bgas veikal\u0101 (0-2d.d.)","slug":"local_stock_location","quantity":"0"}],"_links":{"self":[{"href":"https:\/\/vevorshop.lv\/et\/wp-json\/wp\/v2\/product\/460045","targetHints":{"allow":["GET"]}}],"collection":[{"href":"https:\/\/vevorshop.lv\/et\/wp-json\/wp\/v2\/product"}],"about":[{"href":"https:\/\/vevorshop.lv\/et\/wp-json\/wp\/v2\/types\/product"}],"replies":[{"embeddable":true,"href":"https:\/\/vevorshop.lv\/et\/wp-json\/wp\/v2\/comments?post=460045"}],"wp:featuredmedia":[{"embeddable":true,"href":"https:\/\/vevorshop.lv\/et\/wp-json\/wp\/v2\/media\/460046"}],"wp:attachment":[{"href":"https:\/\/vevorshop.lv\/et\/wp-json\/wp\/v2\/media?parent=460045"}],"wp:term":[{"taxonomy":"location","embeddable":true,"href":"https:\/\/vevorshop.lv\/et\/wp-json\/wp\/v2\/location?post=460045"},{"taxonomy":"product_brand","embeddable":true,"href":"https:\/\/vevorshop.lv\/et\/wp-json\/wp\/v2\/product_brand?post=460045"},{"taxonomy":"product_cat","embeddable":true,"href":"https:\/\/vevorshop.lv\/et\/wp-json\/wp\/v2\/product_cat?post=460045"},{"taxonomy":"product_tag","embeddable":true,"href":"https:\/\/vevorshop.lv\/et\/wp-json\/wp\/v2\/product_tag?post=460045"}],"curies":[{"name":"wp","href":"https:\/\/api.w.org\/{rel}","templated":true}]}}