{"id":460097,"date":"2026-04-06T23:04:35","date_gmt":"2026-04-06T20:04:35","guid":{"rendered":"https:\/\/vevorshop.lv\/en_us\/Prece\/vevor-smartphone-thermal-imaging-camera-512x384-25-hz-20c-550c-android-ios-infrared-imager-with-6-color-palettes\/"},"modified":"2026-04-19T19:19:43","modified_gmt":"2026-04-19T16:19:43","slug":"vevor-smartphone-thermal-imaging-camera-512x384-25-hz-20c-550c-android-ios-infrared-imager-with-6-color-palettes","status":"publish","type":"product","link":"https:\/\/vevorshop.lv\/et\/Prece\/vevor-nutitelefoni-termopildikaamera-512x384-25-hz-20-c-550-c-android-ios-infrapunapildistaja-6-varvipaletiga\/","title":{"rendered":"VEVOR nutitelefoni termopildikaamera 512\u00d7384, 25 Hz, -20\u00b0C, 550\u00b0C, Android &amp; iOS infrapunakaamera 6 v\u00e4rvipaletiga"},"content":{"rendered":"<div style=\"color: #fff!important; font-size: 16px; height: 24px; line-height: 24px; margin-top: -24px; \" class=\"product_original_name\">VEVOR termopildikaamera Androidile ja iOS-ile, 512 x 384 \u00fclieraldusv\u00f5imega, 25 HZ v\u00e4rskenduskiirusega infrapuna termokaamera nutitelefonide tahvelarvutitele, 256 x 192 IR eraldusv\u00f5imega, -20 \u00b0C kuni 550 \u00b0C ja 6 v\u00e4rvipaletti<\/div>\n<div style=\"color: #fff!important; font-size: 16px; height: 24px; line-height: 24px; margin-top: -24px; \" class=\"product_sku\">MNNHQTZE<\/div>\n<div style=\"color: #fff!important; font-size: 16px; height: 24px; line-height: 24px; margin-top: -24px; \" class=\"product_mpn\">KDSRCXY256197A8E3001V9<\/div><div id=\"js-DM_at-goodDescRich\"><html><head><style>  body {    font-family: Arial;    line-height: 1.5;    color: #1c1c1c;    overflow-x: hidden;    margin: 0;    padding: 0;  }  .MsoNormal b {    font-weight: bolder;  }<\/style><style>  .container.small {    width: 970px;    margin: 0 auto;  }  .logo {    margin: 0 auto 0;  }  .logo img {    display: block;    margin: 0 auto;    max-width: 100%;  }  .logo .pc-banner {    display: block;    width: 1200px;    height: 247.4px;    margin: 0 auto;  }  .logo .pc-banner.small {    width: 970px;  }  .logo .pc-banner.small img {    height: auto!important;  }  .logo .m-banner {    display: none;  }  .ytvideo {    position: relative;    height: 546px;    width: 100%;    margin: 0 auto;  }  .ytvideo img {    width: 100%;    margin: 0 auto;  }  .ytvideo .play-btn {    width: 60px;    height: 42px;    position: absolute;    top: 50%;    left: 50%;    transform: translate(-50%, -50%);    background: url(\"data:image\/png;base64,iVBORw0KGgoAAAANSUhEUgAAAGQAAABGCAMAAAANWMFbAAAC+lBMVEUAAADBGB3kLCfBGB3kLCfcJC7BFx3KKSbiKybkLCbWJCPSIiLSIiLPICHAFx3kLCfgKSXNHiDZJiTIGx\/p4eHcjo7LHSDbJyTkLCbjKyfOHyHPIiL28fHJHB\/GGh7EGR7eKCXDGB3RISHlLSbBGB3AFxzGHB7DGB7BGB3hKybkKybAFx3lLCfAFxzDGR3hKibDGB7cJyTmz8\/elJTlwcHjurrUIyLlLSflLSfAFx3DGR7lLSfCFx3hKibhKibhKybjKybkLCblLSfbJSX49vbx7e3NNzjNMTLMJyjVIyLZf3\/ZQ0LaeHjx0tLgoqLkLCfCGB3HGx\/BGB3BFx3PICHCGB7WJCLOHyC\/Fxy\/Fx3lLCfQISHkLSe\/FxzbJiTBFx3FGx\/AGB7BFx3EGR7AGB3HHSDfKiXAFh3TISHYNzbhKibbJyTTIiL57e325+f039\/v2NjUV1fOHiHiqanfmprch4feKSXVIyPOICHmLibFGh\/mLSe\/Fx7XJCPeKSXXJSPNHyHaJyTGGh7lLCbmLCflLSjSIiLkLCbdKSXLHiC\/GB3KHh++Fh3lKyfoLiXcKCPkx8fYb2\/XaGfVXl3aU1LLHiDksbHgKibPICHbJyTfKSXbJyTCGB3KHSDiKybFGh7TIiL\/\/\/\/VIyPRISHIHB\/GGx\/HHB\/DGR7gKibdKCXLHiDZJiTMHiDNHyHYJSTOICHPICHWJCPcKCXXJSPjLCblLCf+\/f3NGR\/uLijzLynPGR\/IGB7WISHaIyLLGh7UAADxLynNAADRLzDbICLQAADIAAD3MCrUHSHXMTDpKSbLAADp5OTij4\/ejo\/VLy\/1LyngJSTcJCPQHx\/OHB7+\/PzaMS\/OLS\/vLijrLSjSAADaNTPwLyjkKSbNJCbYISHPHB\/KGB7WAAD7+vrn3d3aKynTKCjoLCfsKifRGh\/YAADq5+fhjo7QNDXXKCfmJyXt5+fTLzDLLi\/QKivYHRvMGBrQJCXLISPMExXLDxLaEAvkkI\/bOTfaFQ\/SCgpvLcnHAAAAmnRSTlMA+vv7+gT9Bvf9+8z8\/NSv\/Pr5+P7++vnQIBMP\/v38\/Pn348XDiCYf9OjbzcqxXVcx\/fz8+\/rj1r2poo1+fXFqX0orGP7+\/v7+\/fz8+\/r68uzn4trIxsG\/vri3p6GcmZSNbWVYUUZEPQv+\/f39+\/v7+\/v7+vr64tvV1NTTz87FtbSurqeblJKFg4B3bUY+NjL7+\/v7+\/v67t1cDo8JLQAABkRJREFUWMO0kz9rwkAYh0OIeJkum6YugUAhISCdKoj\/P4C7SMdS+gEKIhSKil10LSg4mzXkILdlEpxCpwTiWOLX6BujvQaEQuGeHLnL+\/64J+SIcKGYTYWnntpdLjrVdqvZmNdn0+EE40GtpuuWVS6Xx6N7YDSGpWXpeq02wHgynM7q80az1a52HpddtVcpsi1zFARBrdaxbhp9iUReTGmwA4KAAr7vx3EYejnCMI6hQYEgy0LQi4jUN0wL19vqFcUC9\/1dAKmEEFkWRYkh5oBejnxQJiSJPJ\/uKBp0Thszx9Mw8hMRIQjKsptCfuES9zr5WJY6vSFCIvE9fCMUmEM1A1kSXcYGxgVYsvI1IPKTZciSTI0us\/SMGG04gDzELDoFBwdcFJrF88dqgYMTiL6DILWYyfOWE8\/kIz38olCNlC03FK95+imxp6y4oUSvAnBjHHhKNtotSDqJzVFiK8c2SBqhZtsrTtgrLXwAyduxZHNE26eHUt5rtuM4WSmds3G+sUdWYo1L+XyxButoh5eKUHk5lByO3G1LqqCWVnfrv\/lyPtf\/4ps1cndNGIri8J1TJ0lx6dR\/oPjq1nbRwdp2dCk4CtIOLW3pVKRL6WZfS5vF2KkIQhpwSsjiYIgNCs1gEMGqiIq24NQX9NwoXFy8Ufrl3twTcg4fv8T9\/JBEySduj6Mjm4bMzYV7EEOxKjjoNDud7yY3Dy71Hq2oLmqfbNR723edH9PgMrNL2utoQ3VmaIDkiw\/4w51P06hlZsTZvkRrbVuSIs\/zwSOsycgzStQouoAkWQqioRT5XI7n2Z1wfVhoZmcAJLsoqjqpjbWCgpOAJXBwHK8PzWbNvoUZJND5wCnSkLAkZ1legx6vqQzjoiTahKlGUGLAiIIoABOHaNVw4sexZBym6\/HWlH5h3IC7yRbxtipcWxdTOkORKiNQAEkFf66x5S2oeRbroOlLgg0sSYkR0hRGEqJZ0jTPiQKatESdBckpWigxaapEH0lImHdWu9pUFF2XqMNM2Z4kped7IwEJw2qabwtrQqnpw6HyKkgcadKWsmpywwesDyIhYRpdzXddqegtGIJlXbAIUMOLkGxJUjRIkokwjUaX9d\/kK62ps\/tYUqZLIMkLTyBhsMZ3C5Z\/kDxOSCb\/DOs\/\/J0qcWSX\/2ipe56EgTCA4\/cB7NAYOsni4mZM1MUPAISoEwkDi4lhVBQ1cWQyIcwalw4EpqZN68JUSK7XC0kTlkLYii5uXSC8jT5ncCAS7mjCv0uHp\/3lueHEEAeQ\/\/VgmdN71\/2uCSA1Xr6DO6uI6sW56zqT2tp2PhgiRUAajV8CY2fkcz6WGNKMgLAt7tJAhD4YHMTeRxlALE6+43WqjSWi8ITxyJl8WrwWSNESQZZOqhDDntO3hJLsd5RtSpbJqdv3YrDJH3F7jL1R2O2aQkn2MyCyKYz0GPGIvSAMgBCrCEiJyKbBaYGwLW4uPRr0A0M4Ux5kUI7IBh+hMdiCEWNqhMZGyYMsOgNE58UQuEQeUnSWCMYwL54hkxK6IoqucQZbQ3pc3XtL0lky1dL0zZJJDpWJovFqpWj6JEHnyam2eQp5QRVAVHjWparTOaVwUOx99YS2MvgxIGV0bb+qIg2HX2qkFFJB+XZcbLiuRkuxD9GRroKyveLxdh4d7Orx+hb7qc3uVRuEogCOnyIxm4ubUoPgF4jianDrC+SDQDKEfJb0GUKmjCGPYHGJvVC6X4hw1\/sAfQAdfYyephIaspXe36RwOP+Ljvfx9B6B3i+Nk0DGq+oCbLn6JpBa9nWAveAIHwFAwtVcIJXPMPL8kRu5OAYPMaL1WScTxjiZDqB9LTJSWphow\/pTYKRTLjCBhvi9iBidvKcDasGSm0QQkycYuLBqj6QCELPctqChDWpTRMWkngNNpQ1Pfp1KkiT\/Y0DGffXAweUNfLAfaJFKDwhb6I+bkYRbkERoEeu3Fyjg2opMz2daZCS9jt6Q7txNfB+OZEVF6Zl5web2xunnLQrtrjXseXKaFYziYINeMFZVxS9VxRhOoesYwxPKXm+gWLG9cuFeq93UNNeJNsf1KlwuDok9n02n3TgIJpOxNfL9naIoQwXtfH9kjceTIIi709ncTg6LZbg+biLH1V6u\/7rxBem06VXKn9raAAAAAElFTkSuQmCC\")      no-repeat center center \/ contain;  }  @media screen and (max-width: 960px) and (orientation: portrait) {    .logo {      width: 100%;    }    .logo .pc-banner {      display: none;    }    .logo .m-banner {      display: block;      width: 100%;    }    .logo .m-banner img {      height: auto!important;    }    .ytvideo {      height: 200px;      width: 100%;    }  }<\/style><style>  .video-section {    width: 100%;    margin: 0 auto;  }  .video-section > img {    width: 100%;  }  .video-section iframe,  .video-section video {    width: 100%;    height: 100%;      }  .video-section-img-m,  .video-section-img-pc > img {    width: 100%;    height: auto;  }  .video-section-img-pc.small > img {    width: 970px;  }  .video-desc {    line-height: 1.5;    font-size: 20px;    font-weight: 400;    margin: 20px 0;    text-align: center;    color: #0f1111;    word-break: break-word;  }  @media screen and (max-width: 960px) and (orientation: portrait) {    .video-section {      width: 100%;    }    .video-section-pc,    .video-section-img-pc {      display: none;    }    .video-section-m,    .video-section-img-m {      display: block;    }    .video-desc {      font-size: 15px;    }  }  @media screen and (min-width: 960px) {    .video-section {      width: 100%;      margin: 0 auto;    }    .video-section-pc,    .video-section-img-pc {      display: block;    }    .video-section-m,    .video-section-img-m {      display: none;    }    .video-desc {      font-size: 20px;    }  }<\/style><style>  .section + .section {    margin-top: 35px;  }  .section-title {    text-align: center;    font-weight: bold;    color: #0d1111;    font-family: \"Arial\";    font-size: 32px;    margin: 15px 0;  }  .section-title:empty {    display: none;  }  .section-desc {    text-align: center;    font-weight: normal;    color: #0d1111;    margin-top: 20px;  }  .section-desc:empty {    display: none;  }  .section-img {    width: 1200px;    height: 492px;    margin: 0 auto;    display: block;  }  .section-img.small {    width: 970px;    height: auto;  }  .section-img.small > img {    height: auto;  }  .section-img > img {    width: 100%;    height: 100%;  }  .section-mobile-img {    display: none;    max-width: 100vw;    max-height: 75vw;    height: 450px;    margin: 0 auto;  }  .section-mobile-img > img {    width: 100%;    height: 100%;  }  @media screen and (max-width: 960px) and (orientation: portrait) {    .container {      width: 100%;    }    .container.small {      width: 100%;    }    .section-mobile-img {      display: block;    }    .section-img {      display: none;    }    .section-title {      font-size: 22px;      margin: 10px 0;    }    .section-desc {      margin-top: 10px;    }    .section + .section {      margin-top: 20px;    }  }<\/style><\/head><body><div class=\"container\"><div class=\"logo\"><div class=\"pc-banner\"><div><img decoding=\"async\" src=\"\/vevor\/vevor\/boutique-banner\/pc\/en-pc@1x.jpg\" style=\"width: 100%;\" \/><\/div><\/div><div class=\"m-banner\"><div><img decoding=\"async\" src=\"\/vevor\/vevor\/boutique-banner\/mobile\/en-m@1x.jpg\" style=\"width: 100%;\" \/><\/div><\/div><\/div><div class=\"section-title\">Vaadake n\u00e4htamatut, tuvastage probleemid h\u00f5lpsalt<\/div><div class=\"video-section\"><div class=\"video-section-img-pc\"><img decoding=\"async\" src=\"\/vevor\/product\/KDSRCXY256197A8E3001\/thermal-imaging-camera-a100-1.4.jpg\" \/><\/div><div class=\"video-section-img-m\"><img decoding=\"async\" src=\"\/vevor\/product\/KDSRCXY256197A8E3001\/thermal-imaging-camera-a100-1.4-m.jpg\" \/><\/div><div class=\"section-desc\">512 x 384 \u00fclieraldusv\u00f5ime, 256 x 192 IR eraldusv\u00f5ime, 25 HZ v\u00e4rskendussageduse ja -4 kuni 1022 \u00b0F temperatuuri m\u00f5\u00f5tmisega on VEVOR-i termopildikaamera Androidile ja iOS-ile ideaalne valik koduseks kontrolliks, HVAC-ks, elektridiagnostikaks ja muuks.<\/div><\/div><div class=\"section\"><div class=\"section-title\"><\/div><div class=\"section-img\"><img decoding=\"async\" src=\"\/vevor\/product\/KDSRCXY256197A8E3001\/thermal-imaging-camera-a100-2.2.jpg\" \/><\/div><div class=\"section-mobile-img\"><img decoding=\"async\" src=\"\/vevor\/product\/KDSRCXY256197A8E3001\/thermal-imaging-camera-a100-2.2-m.jpg\" \/><\/div><div class=\"section-desc\">Toetab nii video - kui ka fotosalvestust, et j\u00e4lgida d\u00fcnaamilisi temperatuurimuutusi v\u00f5i j\u00e4\u00e4dvustada selgeid termopilte, et neid oleks lihtsam kontrollida.<\/div><\/div><div class=\"section\"><div class=\"section-title\"><\/div><div class=\"section-img\"><img decoding=\"async\" src=\"\/vevor\/product\/KDSRCXY256197A8E3001\/thermal-imaging-camera-a100-2.3.jpg\" \/><\/div><div class=\"section-mobile-img\"><img decoding=\"async\" src=\"\/vevor\/product\/KDSRCXY256197A8E3001\/thermal-imaging-camera-a100-2.3-m.jpg\" \/><\/div><div class=\"section-desc\">J\u00e4\u00e4dvustage oma telefoniga n\u00e4htava valgusega pilt ja katke see PIP-re\u017eiimis termopildiga, et kiiresti ja t\u00e4pselt m\u00e4\u00e4rata rikete asukohad.<\/div><\/div><div class=\"section\"><div class=\"section-title\"><\/div><div class=\"section-img\"><img decoding=\"async\" src=\"\/vevor\/product\/KDSRCXY256197A8E3001\/thermal-imaging-camera-a100-2.4.jpg\" \/><\/div><div class=\"section-mobile-img\"><img decoding=\"async\" src=\"\/vevor\/product\/KDSRCXY256197A8E3001\/thermal-imaging-camera-a100-2.4-m.jpg\" \/><\/div><div class=\"section-desc\">Valige 6 v\u00e4rvipaleti hulgast, et kuvada termopilte vastavalt oma eelistustele, muutes temperatuurierinevused selgemaks ning aidates teil kuuma ja k\u00fclma laike h\u00f5lpsamini tuvastada.<\/div><\/div><div class=\"section\"><div class=\"section-title\"><\/div><div class=\"section-img\"><img decoding=\"async\" src=\"\/vevor\/product\/KDSRCXY256197A8E3001\/thermal-imaging-camera-a100-2.5.jpg\" \/><\/div><div class=\"section-mobile-img\"><img decoding=\"async\" src=\"\/vevor\/product\/KDSRCXY256197A8E3001\/thermal-imaging-camera-a100-2.5-m.jpg\" \/><\/div><div class=\"section-desc\">Kompaktne taskusuurune disain, mis tagab h\u00f5lpsa kaasaskantavuse, mis on ehitatud taluma 59-tollise (1,5 m) kukkumisi. Kasutatakse laialdaselt elektri-, HVAC-, torustiku-, kodukontrolli-, autodiagnostika- ja lekketuvastuseks.<\/div><\/div><div class=\"section\"><div class=\"section-img\"><img decoding=\"async\" src=\"\/vevor\/product\/KDSRCXY256197A8E3001\/thermal-imaging-camera-a100-1.11.jpg\" \/><\/div><div class=\"section-mobile-img\"><img decoding=\"async\" src=\"\/vevor\/product\/KDSRCXY256197A8E3001\/thermal-imaging-camera-a100-1.11-m.jpg\" \/><\/div><\/div><\/div><\/body><\/html><\/div>\n<div class=\"DM_at-title\" id=\"js-DM_at-title\"> <div>Toote spetsifikatsioon<\/div> <i class=\"icon-arrowup_line\"><\/i> <\/div><div class=\"DM_at-goodsDescAttr\" id=\"js-DM_at-goodsDescAttr\"> <div class=\"DM_at-goodsDescAttrInner\"> <dl class=\"goodsDesc_item goodsDesc_item_even\"> <dt>Punkt Mudeli Number<\/dt> <dd> VT256<\/dd> <\/dl> <dl class=\"goodsDesc_item\"> <dt>IR termiline eraldusv\u00f5ime<\/dt> <dd> 256 x 192<\/dd> <\/dl> <dl class=\"goodsDesc_item goodsDesc_item_even\"> <dt>TISR t\u00e4iustatud eraldusv\u00f5ime<\/dt> <dd> 512 x 384<\/dd> <\/dl> <dl class=\"goodsDesc_item\"> <dt>V\u00e4rskendussagedus<\/dt> <dd> 25 Hz<\/dd> <\/dl> <dl class=\"goodsDesc_item goodsDesc_item_even\"> <dt>\u00dchilduv S\u00fcsteem<\/dt> <dd> Android ja iOS<\/dd> <\/dl> <dl class=\"goodsDesc_item\"> <dt>Termiline Tundlikkus<\/dt> <dd> \u226440 mK<\/dd> <\/dl> <dl class=\"goodsDesc_item goodsDesc_item_even\"> <dt>Emissiivsus<\/dt> <dd> 0,01 1,0<\/dd> <\/dl> <dl class=\"goodsDesc_item\"> <dt>M\u00f5\u00f5tmiskaugus<\/dt> <dd> 11,8 \u00b5118 in \/0,3 \u00b53 m<\/dd> <\/dl> <dl class=\"goodsDesc_item goodsDesc_item_even\"> <dt>Temperatuuri m\u00f5\u00f5tmisvahemik<\/dt> <dd> -4 \u00b0F kuni 1022 \u00b0F\/-20 \u00b0C kuni 550 \u00b0C<\/dd> <\/dl> <dl class=\"goodsDesc_item\"> <dt>V\u00e4rvipaletid<\/dt> <dd> 6<\/dd> <\/dl> <dl class=\"goodsDesc_item goodsDesc_item_even\"> <dt>Temperatuuri eraldusv\u00f5ime<\/dt> <dd> 32,18 \u00b0F\/0,1 \u00b0C<\/dd> <\/dl> <dl class=\"goodsDesc_item\"> <dt>Vaatev\u00e4li<\/dt> <dd> 50\u00b0 x 37,2\u00b0<\/dd> <\/dl> <dl class=\"goodsDesc_item goodsDesc_item_even\"> <dt>Lainepikkus Vahemikus<\/dt> <dd> -14 \u03bcm<\/dd> <\/dl> <dl class=\"goodsDesc_item\"> <dt>T\u00f6\u00f6temperatuur<\/dt> <dd> 14 \u00b0F kuni 122 \u00b0F \/ -10 \u00b0C kuni 50 \u00b0C<\/dd> <\/dl> <dl class=\"goodsDesc_item goodsDesc_item_even\"> <dt>Ladustamise Temperatuur<\/dt> <dd> -4 \u00b0F kuni 140 \u00b0F \/ -20 \u00b0C kuni 60 \u00b0C<\/dd> <\/dl> <dl class=\"goodsDesc_item\"> <dt>Peamine Materjal<\/dt> <dd> Alumiinium<\/dd> <\/dl> <dl class=\"goodsDesc_item goodsDesc_item_even\"> <dt>Neto Kaal<\/dt> <dd> 0,88 untsi \/25 g<\/dd> <\/dl> <dl class=\"goodsDesc_item\"> <dt>Toote M\u00f5\u00f5tmed<\/dt> <dd> 1,97 x 0,71 x 1,50 tolli\/50 x 18 x 38 mm<\/dd> <\/dl> <\/div> <\/div>","protected":false},"excerpt":{"rendered":"<ul>\n<li> K\u00f5rglahutusega pildistamine: VEVOR termopildistaja v\u00f5tab kasutusele TISR-i t\u00e4iustamise tehnoloogia, uuendades algse 256 x 192 IR eraldusv\u00f5ime 512 x 384 super eraldusv\u00f5imeks. Koos 25 Hz v\u00e4rskendussageduse ja \u226440 mK termilise tundlikkusega tagab see viivitamata selgema ja sujuvama detailide kuvamise <\/li>\n<li> \u00dchildub Android &amp; iOS s\u00fcsteemidega: varustatud C-t\u00fc\u00fcpi pordi ja 8-kontaktilise kaabli adapteriga, \u00fchildub Android 8.0 v\u00f5i uuema versiooniga ja iOS 12.0 v\u00f5i uuema versiooniga. Rakenduse allalaadimiseks ja seadme muutmiseks mitmeotstarbeliseks termopildikaameraks skannige lihtsalt QR-kood. Taskusuurune, kaasaskantav, \u00fchendage ja m\u00e4ngige <\/li>\n<li> T\u00e4pne m\u00f5\u00f5tmine: toetab -4\u00b0 F kuni 1022\u00b0 F laia temperatuuri m\u00f5\u00f5tmist. See n\u00e4htava valgusega infrapunakaamera j\u00e4lgib automaatselt kuumi ja k\u00fclmi kohti ning kuvab kesk-, maksimaal- ja miinimumandmeid. 6 v\u00e4rvipaleti, termopildistamise ja PIP-re\u017eiimiga, et kohaneda erinevate keskkondadega <\/li>\n<li> Kiire t\u00f5rketuvastus: sisseehitatud k\u00f5rge\/madala temperatuuriga h\u00e4ired, et automaatselt j\u00e4lgida k\u00f5rvalekaldeid ja v\u00e4ljastada koheseid hoiatusi. Aitab teil kiiresti tuvastada \u00fclekuumenemise v\u00f5i madala temperatuuriga tsoone, tuvastab t\u00e4pselt vead ja muudab v\u00f5imalikud probleemid varajaseks tegutsemiseks selgelt n\u00e4htavaks <\/li>\n<li> Laiad rakendused: see Androidi ja iOS-i infrapuna termopildistaja toetab piltide j\u00e4\u00e4dvustamist, videosalvestust ja 10 keelevalikut. Kasutatakse laialdaselt HVAC-i t\u00f5rkeotsinguks, elektrikontrolliks, torustiku kontrollimiseks, hoonete diagnostikaks, autodiagnostikaks ja t\u00f6\u00f6stuslikuks kontrolliks <\/li>\n<\/ul>","protected":false},"featured_media":460098,"comment_status":"open","ping_status":"open","template":"","meta":{"om_disable_all_campaigns":false,"_uf_show_specific_survey":0,"_uf_disable_surveys":false},"location":[1935,1934],"product_brand":[],"product_cat":[34,3192,184,3703,3193],"product_tag":[],"class_list":{"0":"post-460097","1":"product","2":"type-product","3":"status-publish","4":"has-post-thumbnail","6":"location-supplier_stock_location","7":"location-local_stock_location","8":"product_cat-electrical","9":"product_cat-electrical-testers","10":"product_cat-electrical-tools","11":"product_cat-pocket-thermal-imager","12":"product_cat-specialty-meters-electrical-testers","14":"first","15":"instock","16":"taxable","17":"shipping-taxable","18":"purchasable","19":"product-type-simple"},"aioseo_notices":[],"locations":[{"id":1935,"name":"Pieg\u0101d\u0101t\u0101ja noliktav\u0101 (5-7dd)","slug":"supplier_stock_location","quantity":"20"},{"id":1934,"name":"R\u012bgas veikal\u0101 (0-2d.d.)","slug":"local_stock_location","quantity":"0"}],"_links":{"self":[{"href":"https:\/\/vevorshop.lv\/et\/wp-json\/wp\/v2\/product\/460097","targetHints":{"allow":["GET"]}}],"collection":[{"href":"https:\/\/vevorshop.lv\/et\/wp-json\/wp\/v2\/product"}],"about":[{"href":"https:\/\/vevorshop.lv\/et\/wp-json\/wp\/v2\/types\/product"}],"replies":[{"embeddable":true,"href":"https:\/\/vevorshop.lv\/et\/wp-json\/wp\/v2\/comments?post=460097"}],"wp:featuredmedia":[{"embeddable":true,"href":"https:\/\/vevorshop.lv\/et\/wp-json\/wp\/v2\/media\/460098"}],"wp:attachment":[{"href":"https:\/\/vevorshop.lv\/et\/wp-json\/wp\/v2\/media?parent=460097"}],"wp:term":[{"taxonomy":"location","embeddable":true,"href":"https:\/\/vevorshop.lv\/et\/wp-json\/wp\/v2\/location?post=460097"},{"taxonomy":"product_brand","embeddable":true,"href":"https:\/\/vevorshop.lv\/et\/wp-json\/wp\/v2\/product_brand?post=460097"},{"taxonomy":"product_cat","embeddable":true,"href":"https:\/\/vevorshop.lv\/et\/wp-json\/wp\/v2\/product_cat?post=460097"},{"taxonomy":"product_tag","embeddable":true,"href":"https:\/\/vevorshop.lv\/et\/wp-json\/wp\/v2\/product_tag?post=460097"}],"curies":[{"name":"wp","href":"https:\/\/api.w.org\/{rel}","templated":true}]}}