{"id":46191,"date":"2024-11-19T12:57:52","date_gmt":"2024-11-19T12:57:52","guid":{"rendered":"http:\/\/vevorshop.edigo.lv\/Prece\/vevor-10-gallon-heavy-duty-sand-blaster-60-110-psi-with-2-nozzles-7-5ft-hose\/"},"modified":"2026-05-05T02:38:30","modified_gmt":"2026-05-04T23:38:30","slug":"vevor-10-gallon-heavy-duty-sand-blaster-60-110-psi-with-2-nozzles-7-5ft-hose","status":"publish","type":"product","link":"https:\/\/vevorshop.lv\/et\/Prece\/vevor-10-gallonine-raskeveokite-liivaprits-60-110-psi-2-duusiga-7-5-jalga-voolik\/","title":{"rendered":"VEVOR 37.9L liivaprits 2 keraamilise d\u00fc\u00fcsi ja 228,6 cm voolikuga, 60\u2013110 PSI, rooste ja v\u00e4rvi eemaldamiseks"},"content":{"rendered":"<div style=\"color: #fff!important; font-size: 16px; height: 24px; line-height: 24px; margin-top: -24px; \" class=\"product_original_name\">VEVOR 37,9 L raskeveokite liivaprits 60-110 PSI 2 d\u00fc\u00fcsi ja 7,5 jalga\/228,6 cm voolikuga<\/div>\n<div style=\"color: #fff!important; font-size: 16px; height: 24px; line-height: 24px; margin-top: -24px; \" class=\"product_sku\">M4I4LMNM<\/div>\n<div style=\"color: #fff!important; font-size: 16px; height: 24px; line-height: 24px; margin-top: -24px; \" class=\"product_mpn\">PSG10JL6125PCA4TFV0<\/div><div id=\"js-DM_at-goodDescRich\"><html><head><style>  body {    font-family: Arial;    line-height: 1.5;    color: #1c1c1c;    overflow-x: hidden;    margin: 0;    padding: 0;  }  .MsoNormal b {    font-weight: bolder;  }<\/style><style>  .container.small {    width: 970px;    margin: 0 auto;  }  .logo {    margin: 0 auto 0;  }  .logo img {    display: block;    margin: 0 auto;    max-width: 100%;  }  .logo .pc-banner {    display: block;    width: 1200px;    height: 247.4px;    margin: 0 auto;  }  .logo .pc-banner.small {    width: 970px;  }  .logo .pc-banner.small img {    height: auto!important;  }  .logo .m-banner {    display: none;  }  .ytvideo {    position: relative;    height: 546px;    width: 100%;    margin: 0 auto;  }  .ytvideo img {    width: 100%;    margin: 0 auto;  }  .ytvideo .play-btn {    width: 60px;    height: 42px;    position: absolute;    top: 50%;    left: 50%;    transform: translate(-50%, -50%);    background: url(\"data:image\/png;base64,iVBORw0KGgoAAAANSUhEUgAAAGQAAABGCAMAAAANWMFbAAAC+lBMVEUAAADBGB3kLCfBGB3kLCfcJC7BFx3KKSbiKybkLCbWJCPSIiLSIiLPICHAFx3kLCfgKSXNHiDZJiTIGx\/p4eHcjo7LHSDbJyTkLCbjKyfOHyHPIiL28fHJHB\/GGh7EGR7eKCXDGB3RISHlLSbBGB3AFxzGHB7DGB7BGB3hKybkKybAFx3lLCfAFxzDGR3hKibDGB7cJyTmz8\/elJTlwcHjurrUIyLlLSflLSfAFx3DGR7lLSfCFx3hKibhKibhKybjKybkLCblLSfbJSX49vbx7e3NNzjNMTLMJyjVIyLZf3\/ZQ0LaeHjx0tLgoqLkLCfCGB3HGx\/BGB3BFx3PICHCGB7WJCLOHyC\/Fxy\/Fx3lLCfQISHkLSe\/FxzbJiTBFx3FGx\/AGB7BFx3EGR7AGB3HHSDfKiXAFh3TISHYNzbhKibbJyTTIiL57e325+f039\/v2NjUV1fOHiHiqanfmprch4feKSXVIyPOICHmLibFGh\/mLSe\/Fx7XJCPeKSXXJSPNHyHaJyTGGh7lLCbmLCflLSjSIiLkLCbdKSXLHiC\/GB3KHh++Fh3lKyfoLiXcKCPkx8fYb2\/XaGfVXl3aU1LLHiDksbHgKibPICHbJyTfKSXbJyTCGB3KHSDiKybFGh7TIiL\/\/\/\/VIyPRISHIHB\/GGx\/HHB\/DGR7gKibdKCXLHiDZJiTMHiDNHyHYJSTOICHPICHWJCPcKCXXJSPjLCblLCf+\/f3NGR\/uLijzLynPGR\/IGB7WISHaIyLLGh7UAADxLynNAADRLzDbICLQAADIAAD3MCrUHSHXMTDpKSbLAADp5OTij4\/ejo\/VLy\/1LyngJSTcJCPQHx\/OHB7+\/PzaMS\/OLS\/vLijrLSjSAADaNTPwLyjkKSbNJCbYISHPHB\/KGB7WAAD7+vrn3d3aKynTKCjoLCfsKifRGh\/YAADq5+fhjo7QNDXXKCfmJyXt5+fTLzDLLi\/QKivYHRvMGBrQJCXLISPMExXLDxLaEAvkkI\/bOTfaFQ\/SCgpvLcnHAAAAmnRSTlMA+vv7+gT9Bvf9+8z8\/NSv\/Pr5+P7++vnQIBMP\/v38\/Pn348XDiCYf9OjbzcqxXVcx\/fz8+\/rj1r2poo1+fXFqX0orGP7+\/v7+\/fz8+\/r68uzn4trIxsG\/vri3p6GcmZSNbWVYUUZEPQv+\/f39+\/v7+\/v7+vr64tvV1NTTz87FtbSurqeblJKFg4B3bUY+NjL7+\/v7+\/v67t1cDo8JLQAABkRJREFUWMO0kz9rwkAYh0OIeJkum6YugUAhISCdKoj\/P4C7SMdS+gEKIhSKil10LSg4mzXkILdlEpxCpwTiWOLX6BujvQaEQuGeHLnL+\/64J+SIcKGYTYWnntpdLjrVdqvZmNdn0+EE40GtpuuWVS6Xx6N7YDSGpWXpeq02wHgynM7q80az1a52HpddtVcpsi1zFARBrdaxbhp9iUReTGmwA4KAAr7vx3EYejnCMI6hQYEgy0LQi4jUN0wL19vqFcUC9\/1dAKmEEFkWRYkh5oBejnxQJiSJPJ\/uKBp0Thszx9Mw8hMRIQjKsptCfuES9zr5WJY6vSFCIvE9fCMUmEM1A1kSXcYGxgVYsvI1IPKTZciSTI0us\/SMGG04gDzELDoFBwdcFJrF88dqgYMTiL6DILWYyfOWE8\/kIz38olCNlC03FK95+imxp6y4oUSvAnBjHHhKNtotSDqJzVFiK8c2SBqhZtsrTtgrLXwAyduxZHNE26eHUt5rtuM4WSmds3G+sUdWYo1L+XyxButoh5eKUHk5lByO3G1LqqCWVnfrv\/lyPtf\/4ps1cndNGIri8J1TJ0lx6dR\/oPjq1nbRwdp2dCk4CtIOLW3pVKRL6WZfS5vF2KkIQhpwSsjiYIgNCs1gEMGqiIq24NQX9NwoXFy8Ufrl3twTcg4fv8T9\/JBEySduj6Mjm4bMzYV7EEOxKjjoNDud7yY3Dy71Hq2oLmqfbNR723edH9PgMrNL2utoQ3VmaIDkiw\/4w51P06hlZsTZvkRrbVuSIs\/zwSOsycgzStQouoAkWQqioRT5XI7n2Z1wfVhoZmcAJLsoqjqpjbWCgpOAJXBwHK8PzWbNvoUZJND5wCnSkLAkZ1legx6vqQzjoiTahKlGUGLAiIIoABOHaNVw4sexZBym6\/HWlH5h3IC7yRbxtipcWxdTOkORKiNQAEkFf66x5S2oeRbroOlLgg0sSYkR0hRGEqJZ0jTPiQKatESdBckpWigxaapEH0lImHdWu9pUFF2XqMNM2Z4kped7IwEJw2qabwtrQqnpw6HyKkgcadKWsmpywwesDyIhYRpdzXddqegtGIJlXbAIUMOLkGxJUjRIkokwjUaX9d\/kK62ps\/tYUqZLIMkLTyBhsMZ3C5Z\/kDxOSCb\/DOs\/\/J0qcWSX\/2ipe56EgTCA4\/cB7NAYOsni4mZM1MUPAISoEwkDi4lhVBQ1cWQyIcwalw4EpqZN68JUSK7XC0kTlkLYii5uXSC8jT5ncCAS7mjCv0uHp\/3lueHEEAeQ\/\/VgmdN71\/2uCSA1Xr6DO6uI6sW56zqT2tp2PhgiRUAajV8CY2fkcz6WGNKMgLAt7tJAhD4YHMTeRxlALE6+43WqjSWi8ITxyJl8WrwWSNESQZZOqhDDntO3hJLsd5RtSpbJqdv3YrDJH3F7jL1R2O2aQkn2MyCyKYz0GPGIvSAMgBCrCEiJyKbBaYGwLW4uPRr0A0M4Ux5kUI7IBh+hMdiCEWNqhMZGyYMsOgNE58UQuEQeUnSWCMYwL54hkxK6IoqucQZbQ3pc3XtL0lky1dL0zZJJDpWJovFqpWj6JEHnyam2eQp5QRVAVHjWparTOaVwUOx99YS2MvgxIGV0bb+qIg2HX2qkFFJB+XZcbLiuRkuxD9GRroKyveLxdh4d7Orx+hb7qc3uVRuEogCOnyIxm4ubUoPgF4jianDrC+SDQDKEfJb0GUKmjCGPYHGJvVC6X4hw1\/sAfQAdfYyephIaspXe36RwOP+Ljvfx9B6B3i+Nk0DGq+oCbLn6JpBa9nWAveAIHwFAwtVcIJXPMPL8kRu5OAYPMaL1WScTxjiZDqB9LTJSWphow\/pTYKRTLjCBhvi9iBidvKcDasGSm0QQkycYuLBqj6QCELPctqChDWpTRMWkngNNpQ1Pfp1KkiT\/Y0DGffXAweUNfLAfaJFKDwhb6I+bkYRbkERoEeu3Fyjg2opMz2daZCS9jt6Q7txNfB+OZEVF6Zl5web2xunnLQrtrjXseXKaFYziYINeMFZVxS9VxRhOoesYwxPKXm+gWLG9cuFeq93UNNeJNsf1KlwuDok9n02n3TgIJpOxNfL9naIoQwXtfH9kjceTIIi709ncTg6LZbg+biLH1V6u\/7rxBem06VXKn9raAAAAAElFTkSuQmCC\")      no-repeat center center \/ contain;  }  @media screen and (max-width: 960px) and (orientation: portrait) {    .logo {      width: 100%;    }    .logo .pc-banner {      display: none;    }    .logo .m-banner {      display: block;      width: 100%;    }    .logo .m-banner img {      height: auto!important;    }    .ytvideo {      height: 200px;      width: 100%;    }  }<\/style><style>  .video-section {    width: 100%;    margin: 0 auto;  }  .video-section > img {    width: 100%;  }  .video-section iframe,  .video-section video {    width: 100%;    height: 100%;      }  .video-section-img-m,  .video-section-img-pc > img {    width: 100%;    height: auto;  }  .video-section-img-pc.small > img {    width: 970px;  }  .video-desc {    line-height: 1.5;    font-size: 20px;    font-weight: 400;    margin: 20px 0;    text-align: center;    color: #0f1111;    word-break: break-word;  }  @media screen and (max-width: 960px) and (orientation: portrait) {    .video-section {      width: 100%;    }    .video-section-pc,    .video-section-img-pc {      display: none;    }    .video-section-m,    .video-section-img-m {      display: block;    }    .video-desc {      font-size: 15px;    }  }  @media screen and (min-width: 960px) {    .video-section {      width: 100%;      margin: 0 auto;    }    .video-section-pc,    .video-section-img-pc {      display: block;    }    .video-section-m,    .video-section-img-m {      display: none;    }    .video-desc {      font-size: 20px;    }  }<\/style><style>  .section + .section {    margin-top: 35px;  }  .section-title {    text-align: center;    font-weight: bold;    color: #0d1111;    font-family: \"Arial\";    font-size: 32px;    margin: 15px 0;  }  .section-title:empty {    display: none;  }  .section-desc {    text-align: center;    font-weight: normal;    color: #0d1111;    margin-top: 20px;  }  .section-desc:empty {    display: none;  }  .section-img {    width: 1200px;    height: 492px;    margin: 0 auto;    display: block;  }  .section-img.small {    width: 970px;    height: auto;  }  .section-img.small > img {    height: auto;  }  .section-img > img {    width: 100%;    height: 100%;  }  .section-mobile-img {    display: none;    max-width: 100vw;    max-height: 75vw;    height: 450px;    margin: 0 auto;  }  .section-mobile-img > img {    width: 100%;    height: 100%;  }  @media screen and (max-width: 960px) and (orientation: portrait) {    .container {      width: 100%;    }    .container.small {      width: 100%;    }    .section-mobile-img {      display: block;    }    .section-img {      display: none;    }    .section-title {      font-size: 22px;      margin: 10px 0;    }    .section-desc {      margin-top: 10px;    }    .section + .section {      margin-top: 20px;    }  }<\/style><\/head><body><div class=\"container\"><div class=\"logo\"><div class=\"pc-banner\"><div><img decoding=\"async\" src=\"\/vevor\/vevor\/boutique-banner\/pc\/en-pc@1x.jpg\" style=\"width: 100%;\" \/><\/div><\/div><div class=\"m-banner\"><div><img decoding=\"async\" src=\"\/vevor\/vevor\/boutique-banner\/mobile\/en-m@1x.jpg\" style=\"width: 100%;\" \/><\/div><\/div><\/div><div class=\"section-title\">T\u00f5sta pinnat\u00f6\u00f6tlus T\u00e4pselt Liivapritsit\u00f6\u00f6d<\/div><div class=\"video-section\"><div class=\"video-section-img-pc\"><img decoding=\"async\" src=\"\/vevor\/product\/PSG10JL6125PCA4TF\/abrasive-blaster-tank-a100-1.4.jpg\" alt=\"VEVOR 10 gallon liiva blaster kasutamine t\u00f6\u00f6taja poolt, n\u00e4idates enne ja p\u00e4rast liivapritsit\u00f6\u00f6d tulemusi.\" \/><\/div><div class=\"video-section-img-m\"><img decoding=\"async\" src=\"\/vevor\/product\/PSG10JL6125PCA4TF\/abrasive-blaster-tank-a100-1.4-m.jpg\" alt=\"VEVOR 10 gallon liiva blaster kasutamine t\u00f6\u00f6taja poolt, n\u00e4idates enne ja p\u00e4rast liivapritsit\u00f6\u00f6d tulemusi.\" \/><\/div><div class=\"section-desc\">Valida VEVOR 10-gallon raskeveokite sandblaster ja kogemusi on lihtsam, t\u00f5husam ja t\u00e4pne pinnat\u00f6\u00f6tlus. See v\u00f5imaldab k\u00f5rge r\u00f5hu pinnat\u00f6\u00f6tlus, vaevata eemaldada rooste, v\u00e4rvi, peitsi ja poleerimine suured alad, samuti t\u00e4idab t\u00e4iuslik liivapritsit\u00f6\u00f6d jaoks kumerate pindade ja l\u00fcnki.<\/div><\/div><div class=\"section\"><div class=\"section-title\"><\/div><div class=\"section-img\"><img decoding=\"async\" src=\"\/vevor\/product\/PSG10JL6125PCA4TF\/abrasive-blaster-tank-a100-2.2.jpg\" alt=\"punane VEVOR 10 gallon liiva blaster funktsioone semi-automaatne etteanne, abrasiiv, valve ja kasutamise juhend.\" \/><\/div><div class=\"section-mobile-img\"><img decoding=\"async\" src=\"\/vevor\/product\/PSG10JL6125PCA4TF\/abrasive-blaster-tank-a100-2.2-m.jpg\" alt=\"punane VEVOR 10 gallon liiva blaster funktsioone semi-automaatne etteanne, abrasiiv, valve ja kasutamise juhend.\" \/><\/div><div class=\"section-desc\">Meie abrasiivl\u00f5hkamispaagi spetsiaalselt loodud poolautomaatne \u00fclest\u00f5mmatav etteandeport mitte ainult ei muuda abrasiivide lisamist ja eemaldamist mugavaks, vaid hoiab t\u00f5husalt \u00e4ra ka abrasiivse lekke ja saastumise t\u00f6\u00f6tamise ajal, tagades puhta ja ohutu t\u00f6\u00f6keskkonna.<\/div><\/div><div class=\"section\"><div class=\"section-title\"><\/div><div class=\"section-img\"><img decoding=\"async\" src=\"\/vevor\/product\/PSG10JL6125PCA4TF\/abrasive-blaster-tank-a100-2.3.jpg\" alt=\"VEVOR 10 gallon liiva blaster omadused ja eelised v\u00f5rreldes traditsioonilise brass-kuulkraan spray gun.\" \/><\/div><div class=\"section-mobile-img\"><img decoding=\"async\" src=\"\/vevor\/product\/PSG10JL6125PCA4TF\/abrasive-blaster-tank-a100-2.3-m.jpg\" alt=\"VEVOR 10 gallon liiva blaster omadused ja eelised v\u00f5rreldes traditsioonilise brass-kuulkraan spray gun.\" \/><\/div><div class=\"section-desc\">Tugevdatud alumiinium liivapritsit\u00f6\u00f6d relv v\u00f5imaldab lihtsat ja t\u00e4pset kontrolli, mist\u00f5ttu see sobib suur-ala ja pika kestusega liivapritsit\u00f6\u00f6d \u00fclesandeid. V\u00f5rreldes traditsioonilise brass-kuulkraan pihustusp\u00fcstolid, meie raskeveokite liiva blaster gun on vastupidav, usaldusv\u00e4\u00e4rne ja lihtne kasutada.<\/div><\/div><div class=\"section\"><div class=\"section-title\"><\/div><div class=\"section-img\"><img decoding=\"async\" src=\"\/vevor\/product\/PSG10JL6125PCA4TF\/abrasive-blaster-tank-a100-2.4.jpg\" alt=\"kulumiskindel keraamika pihustid VEVOR 10 gallon liiva blaster, ennetada deformatsioone ja ummistumist.\" \/><\/div><div class=\"section-mobile-img\"><img decoding=\"async\" src=\"\/vevor\/product\/PSG10JL6125PCA4TF\/abrasive-blaster-tank-a100-2.4-m.jpg\" alt=\"kulumiskindel keraamika pihustid VEVOR 10 gallon liiva blaster, ennetada deformatsioone ja ummistumist.\" \/><\/div><div class=\"section-desc\">Meie keraamilised d\u00fc\u00fcsid on kulumiskindel, kuumuskindel ja vastupidav deformatsiooni, v\u00e4ltida abrasiivseid puukingad p\u00f5hjustatud otsik deformatsioon. Saadaval kahes suuruses: 1\/8&#034; (Pre-installed) ja 3\/32&#034;, need keraamilised d\u00fc\u00fcsid tagavad stabiilse liivapritsit\u00f6\u00f6d j\u00f5udlust.<\/div><\/div><div class=\"section\"><div class=\"section-title\"><\/div><div class=\"section-img\"><img decoding=\"async\" src=\"\/vevor\/product\/PSG10JL6125PCA4TF\/abrasive-blaster-tank-a100-2.5.jpg\" alt=\"t\u00f6\u00f6taja, kasutades VEVOR 10 gallon liiva blaster lihtne-to-move disain, mis sobib ideaalselt suur-ala liivapritsit\u00f6\u00f6d.\" \/><\/div><div class=\"section-mobile-img\"><img decoding=\"async\" src=\"\/vevor\/product\/PSG10JL6125PCA4TF\/abrasive-blaster-tank-a100-2.5-m.jpg\" alt=\"t\u00f6\u00f6taja, kasutades VEVOR 10 gallon liiva blaster lihtne-to-move disain, mis sobib ideaalselt suur-ala liivapritsit\u00f6\u00f6d.\" \/><\/div><div class=\"section-desc\">Kummist rattad ja lai k\u00e4epide tagamaks vaevatu liikumine, mist\u00f5ttu on ideaalne suur-ala pidev t\u00f6\u00f6. Lisada 7,5 jalga kummist voolik pakub laiendatud j\u00f5uda juurdep\u00e4\u00e4su raskesti ligip\u00e4\u00e4setavates piirkondades ja alumine tugi annab erakordne stabiilsus.<\/div><\/div><div class=\"section\"><div class=\"section-img\"><img decoding=\"async\" src=\"\/vevor\/product\/PSG10JL6125PCA4TF\/abrasive-blaster-tank-a100-1.11.jpg\" alt=\"VEVOR 10 gallon liiva blaster m\u00f5\u00f5tmed ja tarvikuid, sh maski, pihustid, ja kirjeldused.\" \/><\/div><div class=\"section-mobile-img\"><img decoding=\"async\" src=\"\/vevor\/product\/PSG10JL6125PCA4TF\/abrasive-blaster-tank-a100-1.11-m.jpg\" alt=\"VEVOR 10 gallon liiva blaster m\u00f5\u00f5tmed ja tarvikuid, sh maski, pihustid, ja kirjeldused.\" \/><\/div><\/div><\/div><\/body><\/html><\/div>\n<div class=\"DM_at-title\" id=\"js-DM_at-title\"> <div>Toote spetsifikatsioon<\/div> <i class=\"icon-arrowup_line\"><\/i> <\/div><div class=\"DM_at-goodsDescAttr\" id=\"js-DM_at-goodsDescAttr\"> <div class=\"DM_at-goodsDescAttrInner\"> <dl class=\"goodsDesc_item goodsDesc_item_even\"> <dt>Punkt Mudeli Number<\/dt> <dd> FR-Q904<\/dd> <\/dl> <dl class=\"goodsDesc_item\"> <dt>Paagi Maht<\/dt> <dd> 10 Gallon \/ 37 L<\/dd> <\/dl> <dl class=\"goodsDesc_item goodsDesc_item_even\"> <dt>Soovitatud Abrasiivseid V\u00f5imsus<\/dt> <dd> 4.2 Gallon \/ 16 L<\/dd> <\/dl> <dl class=\"goodsDesc_item\"> <dt>T\u00f6\u00f6r\u00f5hk<\/dt> <dd> 60 - 110 PSI<\/dd> <\/dl> <dl class=\"goodsDesc_item goodsDesc_item_even\"> <dt>Kohaldatava Abrasiivsete<\/dt> <dd> 60-100 Karedus<\/dd> <\/dl> <dl class=\"goodsDesc_item\"> <dt>Vooliku Pikkus<\/dt> <dd> 7.5 ft \/ 2.3 m<\/dd> <\/dl> <dl class=\"goodsDesc_item goodsDesc_item_even\"> <dt>Ratta Suurus<\/dt> <dd> \u00d87.7&#034; x 1.6&#034; \/ \u00d8195 x 40 mm<\/dd> <\/dl> <dl class=\"goodsDesc_item\"> <dt>Toote Kaal<\/dt> <dd> 39.8 lbs \/ kg 18.04<\/dd> <\/dl> <dl class=\"goodsDesc_item goodsDesc_item_even\"> <dt>Toote M\u00f5\u00f5tmed<\/dt> <dd> 20.5&#034; x 15.0&#034; x 37,4&#034; \/ 520 x 380 x 950 mm<\/dd> <\/dl> <\/div> <\/div>","protected":false},"excerpt":{"rendered":"<ul>\n<li> T\u00f5hus pinnat\u00f6\u00f6tlus: VEVOR 10 Gallon raskeveokite liivaprits sobib ideaalselt suure pindalaga pinnat\u00f6\u00f6tluseks. See pakub suurt liivapritsi tihedust, tagades rooste ja pleki kiire ja t\u00f5husa eemaldamise raudraamidel, kujudel, autov\u00e4rvil v\u00f5i marmorist grav\u00fc\u00fcridel. T\u00f6\u00f6r\u00f5hk: 60-110 PSI. \u00d5hutarbimine: 6-25 CFM. (Palun valmistage eraldi ette 5,5 KW \u00f5hukompressor) <\/li>\n<li> Kasutajas\u00f5bralik disain: meie liivapritsil on poolautomaatne \u00fclest\u00f5mmatav etteandeport, mida on lihtne lisada ja eemaldada abrasiivid, v\u00e4ltides samal ajal lekkeid v\u00f5i saastumist. Soovitame abrasiivset v\u00f5imsust 4,2 gallonit, mis sobib suurep\u00e4raselt 60-100 liivaga s\u00f6\u00f6tme jaoks, nagu kivis\u00f6e r\u00e4bu, klaashelmed, p\u00e4hklikoored ja palju muud. (PALUN M\u00c4RKUS: kasutatud abrasiiv peab olema kuiv, vastasel juhul p\u00f5hjustab see ummistumist) <\/li>\n<li> Raskeveokite Liiva Blaster Relv: Erinevalt traditsiooniliste messing kuulkraan liivapritsit\u00f6\u00f6d relv, meie uuendatud alumiinium raskeveokite liiva blaster gun on vastupidav ja lihtne kontrollida. See v\u00f5imaldab kiiret k\u00e4sitsi korrigeerimine surve ja spray mahu, ideaalne pika kestusega, suure tihedusega ja suur-ala liivapritsit\u00f6\u00f6d \u00fclesandeid. <\/li>\n<li> Vastupidav Keraamiline D\u00fc\u00fcs: Sandblaster komplekt sisaldab 2 keraamilised d\u00fc\u00fcsid, mis on saadaval 1\/8&#034; (Pre-installed) ja 3\/32&#034; suurused, pakkudes hea kulumiskindlus, korrosiooni ja soojus-vastupanu v\u00f5rreldes metallist pihustid. Enam ei muretse umbes abrasiivne m\u00f5ju, kulumine, staatiline buildup v\u00f5i s\u00e4demeid. <\/li>\n<li> Valmis tegutsema: Varustatud kahe 7.7-tolline kummist rattad ja 7,5 jalga pikk kulumiskindel voolik, meie k\u00f5rge r\u00f5hu all \u00f5hu sandblaster tank on lihtne liigutada ja j\u00f5uab raske juurdep\u00e4\u00e4suga alasid. Plus, k\u00f5ik torude muhvid on suletud seoses gaasijuhtme kate lisatud vastupidavuse ja turvalisuse. <\/li>\n<\/ul>","protected":false},"featured_media":313256,"comment_status":"closed","ping_status":"open","template":"","meta":{"om_disable_all_campaigns":false,"_uf_show_specific_survey":0,"_uf_disable_surveys":false},"location":[1935,1934],"product_brand":[21],"product_cat":[2826,2683,2684,2825,2824],"product_tag":[],"class_list":{"0":"post-46191","1":"product","2":"type-product","3":"status-publish","4":"has-post-thumbnail","6":"location-supplier_stock_location","7":"location-local_stock_location","8":"product_brand-vevor","9":"product_cat-abrasive-blaster-tank","10":"product_cat-paint","11":"product_cat-paint-supplies","12":"product_cat-power-sander-accessories","13":"product_cat-sanding-supplies","15":"first","16":"instock","17":"taxable","18":"shipping-taxable","19":"purchasable","20":"product-type-simple"},"aioseo_notices":[],"locations":[{"id":1935,"name":"Pieg\u0101d\u0101t\u0101ja noliktav\u0101 (5-7dd)","slug":"supplier_stock_location","quantity":"28"},{"id":1934,"name":"R\u012bgas veikal\u0101 (0-2d.d.)","slug":"local_stock_location","quantity":"0"}],"_links":{"self":[{"href":"https:\/\/vevorshop.lv\/et\/wp-json\/wp\/v2\/product\/46191","targetHints":{"allow":["GET"]}}],"collection":[{"href":"https:\/\/vevorshop.lv\/et\/wp-json\/wp\/v2\/product"}],"about":[{"href":"https:\/\/vevorshop.lv\/et\/wp-json\/wp\/v2\/types\/product"}],"replies":[{"embeddable":true,"href":"https:\/\/vevorshop.lv\/et\/wp-json\/wp\/v2\/comments?post=46191"}],"wp:featuredmedia":[{"embeddable":true,"href":"https:\/\/vevorshop.lv\/et\/wp-json\/wp\/v2\/media\/313256"}],"wp:attachment":[{"href":"https:\/\/vevorshop.lv\/et\/wp-json\/wp\/v2\/media?parent=46191"}],"wp:term":[{"taxonomy":"location","embeddable":true,"href":"https:\/\/vevorshop.lv\/et\/wp-json\/wp\/v2\/location?post=46191"},{"taxonomy":"product_brand","embeddable":true,"href":"https:\/\/vevorshop.lv\/et\/wp-json\/wp\/v2\/product_brand?post=46191"},{"taxonomy":"product_cat","embeddable":true,"href":"https:\/\/vevorshop.lv\/et\/wp-json\/wp\/v2\/product_cat?post=46191"},{"taxonomy":"product_tag","embeddable":true,"href":"https:\/\/vevorshop.lv\/et\/wp-json\/wp\/v2\/product_tag?post=46191"}],"curies":[{"name":"wp","href":"https:\/\/api.w.org\/{rel}","templated":true}]}}