{"id":462257,"date":"2026-04-15T09:26:46","date_gmt":"2026-04-15T06:26:46","guid":{"rendered":"https:\/\/vevorshop.lv\/en_us\/Prece\/vevor-rechargeable-clip-on-grow-tent-fan-10-speed-usb-plant-fan-with-smart-45-90-oscillation-for-hydroponic-air-circulation-black\/"},"modified":"2026-04-17T10:49:16","modified_gmt":"2026-04-17T07:49:16","slug":"vevor-rechargeable-clip-on-grow-tent-fan-10-speed-usb-plant-fan-with-smart-45-90-oscillation-for-hydroponic-air-circulation-black","status":"publish","type":"product","link":"https:\/\/vevorshop.lv\/et\/Prece\/vevor-rechargeable-clip-on-grow-tent-fan-10-speed-usb-plant-fan-with-smart-45-90-oscillation-for-hydroponic-air-circulation-black\/","title":{"rendered":"VEVOR laetav taimede klipsventilaator, 10-kiirusega USB kasvutelgi ventilaator 45\u00b0\/90\u00b0 nutika ostsillatsiooniga h\u00fcdroponilisele \u00f5huringlusele, must"},"content":{"rendered":"<div style=\"color: #fff!important; font-size: 16px; height: 24px; line-height: 24px; margin-top: -24px; \" class=\"product_original_name\">VEVOR Plant Fan, Grow Tent Clip On Fan Rechargeable, USB Port with 9 Speeds & Circulation Mode, Smart Control, Powerful Oscillating, Long Runtime for Hydroponics Circulation Cooling, Black, 1 Pack<\/div>\n<div style=\"color: #fff!important; font-size: 16px; height: 24px; line-height: 24px; margin-top: -24px; \" class=\"product_sku\">MNSZRGER<\/div>\n<div style=\"color: #fff!important; font-size: 16px; height: 24px; line-height: 24px; margin-top: -24px; \" class=\"product_mpn\">JGSFSZWK6INCUNSL5001V9<\/div><div id=\"js-DM_at-goodDescRich\"><html><head><style>  body {    font-family: Arial;    line-height: 1.5;    color: #1c1c1c;    overflow-x: hidden;    margin: 0;    padding: 0;  }  .MsoNormal b {    font-weight: bolder;  }<\/style><style>  .container.small {    width: 970px;    margin: 0 auto;  }  .logo {    margin: 0 auto 0;  }  .logo img {    display: block;    margin: 0 auto;    max-width: 100%;  }  .logo .pc-banner {    display: block;    width: 1200px;    height: 247.4px;    margin: 0 auto;  }  .logo .pc-banner.small {    width: 970px;  }  .logo .pc-banner.small img {    height: auto!important;  }  .logo .m-banner {    display: none;  }  .ytvideo {    position: relative;    height: 546px;    width: 100%;    margin: 0 auto;  }  .ytvideo img {    width: 100%;    margin: 0 auto;  }  .ytvideo .play-btn {    width: 60px;    height: 42px;    position: absolute;    top: 50%;    left: 50%;    transform: translate(-50%, -50%);    background: url(\"data:image\/png;base64,iVBORw0KGgoAAAANSUhEUgAAAGQAAABGCAMAAAANWMFbAAAC+lBMVEUAAADBGB3kLCfBGB3kLCfcJC7BFx3KKSbiKybkLCbWJCPSIiLSIiLPICHAFx3kLCfgKSXNHiDZJiTIGx\/p4eHcjo7LHSDbJyTkLCbjKyfOHyHPIiL28fHJHB\/GGh7EGR7eKCXDGB3RISHlLSbBGB3AFxzGHB7DGB7BGB3hKybkKybAFx3lLCfAFxzDGR3hKibDGB7cJyTmz8\/elJTlwcHjurrUIyLlLSflLSfAFx3DGR7lLSfCFx3hKibhKibhKybjKybkLCblLSfbJSX49vbx7e3NNzjNMTLMJyjVIyLZf3\/ZQ0LaeHjx0tLgoqLkLCfCGB3HGx\/BGB3BFx3PICHCGB7WJCLOHyC\/Fxy\/Fx3lLCfQISHkLSe\/FxzbJiTBFx3FGx\/AGB7BFx3EGR7AGB3HHSDfKiXAFh3TISHYNzbhKibbJyTTIiL57e325+f039\/v2NjUV1fOHiHiqanfmprch4feKSXVIyPOICHmLibFGh\/mLSe\/Fx7XJCPeKSXXJSPNHyHaJyTGGh7lLCbmLCflLSjSIiLkLCbdKSXLHiC\/GB3KHh++Fh3lKyfoLiXcKCPkx8fYb2\/XaGfVXl3aU1LLHiDksbHgKibPICHbJyTfKSXbJyTCGB3KHSDiKybFGh7TIiL\/\/\/\/VIyPRISHIHB\/GGx\/HHB\/DGR7gKibdKCXLHiDZJiTMHiDNHyHYJSTOICHPICHWJCPcKCXXJSPjLCblLCf+\/f3NGR\/uLijzLynPGR\/IGB7WISHaIyLLGh7UAADxLynNAADRLzDbICLQAADIAAD3MCrUHSHXMTDpKSbLAADp5OTij4\/ejo\/VLy\/1LyngJSTcJCPQHx\/OHB7+\/PzaMS\/OLS\/vLijrLSjSAADaNTPwLyjkKSbNJCbYISHPHB\/KGB7WAAD7+vrn3d3aKynTKCjoLCfsKifRGh\/YAADq5+fhjo7QNDXXKCfmJyXt5+fTLzDLLi\/QKivYHRvMGBrQJCXLISPMExXLDxLaEAvkkI\/bOTfaFQ\/SCgpvLcnHAAAAmnRSTlMA+vv7+gT9Bvf9+8z8\/NSv\/Pr5+P7++vnQIBMP\/v38\/Pn348XDiCYf9OjbzcqxXVcx\/fz8+\/rj1r2poo1+fXFqX0orGP7+\/v7+\/fz8+\/r68uzn4trIxsG\/vri3p6GcmZSNbWVYUUZEPQv+\/f39+\/v7+\/v7+vr64tvV1NTTz87FtbSurqeblJKFg4B3bUY+NjL7+\/v7+\/v67t1cDo8JLQAABkRJREFUWMO0kz9rwkAYh0OIeJkum6YugUAhISCdKoj\/P4C7SMdS+gEKIhSKil10LSg4mzXkILdlEpxCpwTiWOLX6BujvQaEQuGeHLnL+\/64J+SIcKGYTYWnntpdLjrVdqvZmNdn0+EE40GtpuuWVS6Xx6N7YDSGpWXpeq02wHgynM7q80az1a52HpddtVcpsi1zFARBrdaxbhp9iUReTGmwA4KAAr7vx3EYejnCMI6hQYEgy0LQi4jUN0wL19vqFcUC9\/1dAKmEEFkWRYkh5oBejnxQJiSJPJ\/uKBp0Thszx9Mw8hMRIQjKsptCfuES9zr5WJY6vSFCIvE9fCMUmEM1A1kSXcYGxgVYsvI1IPKTZciSTI0us\/SMGG04gDzELDoFBwdcFJrF88dqgYMTiL6DILWYyfOWE8\/kIz38olCNlC03FK95+imxp6y4oUSvAnBjHHhKNtotSDqJzVFiK8c2SBqhZtsrTtgrLXwAyduxZHNE26eHUt5rtuM4WSmds3G+sUdWYo1L+XyxButoh5eKUHk5lByO3G1LqqCWVnfrv\/lyPtf\/4ps1cndNGIri8J1TJ0lx6dR\/oPjq1nbRwdp2dCk4CtIOLW3pVKRL6WZfS5vF2KkIQhpwSsjiYIgNCs1gEMGqiIq24NQX9NwoXFy8Ufrl3twTcg4fv8T9\/JBEySduj6Mjm4bMzYV7EEOxKjjoNDud7yY3Dy71Hq2oLmqfbNR723edH9PgMrNL2utoQ3VmaIDkiw\/4w51P06hlZsTZvkRrbVuSIs\/zwSOsycgzStQouoAkWQqioRT5XI7n2Z1wfVhoZmcAJLsoqjqpjbWCgpOAJXBwHK8PzWbNvoUZJND5wCnSkLAkZ1legx6vqQzjoiTahKlGUGLAiIIoABOHaNVw4sexZBym6\/HWlH5h3IC7yRbxtipcWxdTOkORKiNQAEkFf66x5S2oeRbroOlLgg0sSYkR0hRGEqJZ0jTPiQKatESdBckpWigxaapEH0lImHdWu9pUFF2XqMNM2Z4kped7IwEJw2qabwtrQqnpw6HyKkgcadKWsmpywwesDyIhYRpdzXddqegtGIJlXbAIUMOLkGxJUjRIkokwjUaX9d\/kK62ps\/tYUqZLIMkLTyBhsMZ3C5Z\/kDxOSCb\/DOs\/\/J0qcWSX\/2ipe56EgTCA4\/cB7NAYOsni4mZM1MUPAISoEwkDi4lhVBQ1cWQyIcwalw4EpqZN68JUSK7XC0kTlkLYii5uXSC8jT5ncCAS7mjCv0uHp\/3lueHEEAeQ\/\/VgmdN71\/2uCSA1Xr6DO6uI6sW56zqT2tp2PhgiRUAajV8CY2fkcz6WGNKMgLAt7tJAhD4YHMTeRxlALE6+43WqjSWi8ITxyJl8WrwWSNESQZZOqhDDntO3hJLsd5RtSpbJqdv3YrDJH3F7jL1R2O2aQkn2MyCyKYz0GPGIvSAMgBCrCEiJyKbBaYGwLW4uPRr0A0M4Ux5kUI7IBh+hMdiCEWNqhMZGyYMsOgNE58UQuEQeUnSWCMYwL54hkxK6IoqucQZbQ3pc3XtL0lky1dL0zZJJDpWJovFqpWj6JEHnyam2eQp5QRVAVHjWparTOaVwUOx99YS2MvgxIGV0bb+qIg2HX2qkFFJB+XZcbLiuRkuxD9GRroKyveLxdh4d7Orx+hb7qc3uVRuEogCOnyIxm4ubUoPgF4jianDrC+SDQDKEfJb0GUKmjCGPYHGJvVC6X4hw1\/sAfQAdfYyephIaspXe36RwOP+Ljvfx9B6B3i+Nk0DGq+oCbLn6JpBa9nWAveAIHwFAwtVcIJXPMPL8kRu5OAYPMaL1WScTxjiZDqB9LTJSWphow\/pTYKRTLjCBhvi9iBidvKcDasGSm0QQkycYuLBqj6QCELPctqChDWpTRMWkngNNpQ1Pfp1KkiT\/Y0DGffXAweUNfLAfaJFKDwhb6I+bkYRbkERoEeu3Fyjg2opMz2daZCS9jt6Q7txNfB+OZEVF6Zl5web2xunnLQrtrjXseXKaFYziYINeMFZVxS9VxRhOoesYwxPKXm+gWLG9cuFeq93UNNeJNsf1KlwuDok9n02n3TgIJpOxNfL9naIoQwXtfH9kjceTIIi709ncTg6LZbg+biLH1V6u\/7rxBem06VXKn9raAAAAAElFTkSuQmCC\")      no-repeat center center \/ contain;  }  @media screen and (max-width: 960px) and (orientation: portrait) {    .logo {      width: 100%;    }    .logo .pc-banner {      display: none;    }    .logo .m-banner {      display: block;      width: 100%;    }    .logo .m-banner img {      height: auto!important;    }    .ytvideo {      height: 200px;      width: 100%;    }  }<\/style><style>  .video-section {    width: 100%;    margin: 0 auto;  }  .video-section > img {    width: 100%;  }  .video-section iframe,  .video-section video {    width: 100%;    height: 100%;      }  .video-section-img-m,  .video-section-img-pc > img {    width: 100%;    height: auto;  }  .video-section-img-pc.small > img {    width: 970px;  }  .video-desc {    line-height: 1.5;    font-size: 20px;    font-weight: 400;    margin: 20px 0;    text-align: center;    color: #0f1111;    word-break: break-word;  }  @media screen and (max-width: 960px) and (orientation: portrait) {    .video-section {      width: 100%;    }    .video-section-pc,    .video-section-img-pc {      display: none;    }    .video-section-m,    .video-section-img-m {      display: block;    }    .video-desc {      font-size: 15px;    }  }  @media screen and (min-width: 960px) {    .video-section {      width: 100%;      margin: 0 auto;    }    .video-section-pc,    .video-section-img-pc {      display: block;    }    .video-section-m,    .video-section-img-m {      display: none;    }    .video-desc {      font-size: 20px;    }  }<\/style><style>  .section + .section {    margin-top: 35px;  }  .section-title {    text-align: center;    font-weight: bold;    color: #0d1111;    font-family: \"Arial\";    font-size: 32px;    margin: 15px 0;  }  .section-title:empty {    display: none;  }  .section-desc {    text-align: center;    font-weight: normal;    color: #0d1111;    margin-top: 20px;  }  .section-desc:empty {    display: none;  }  .section-img {    width: 1200px;    height: 492px;    margin: 0 auto;    display: block;  }  .section-img.small {    width: 970px;    height: auto;  }  .section-img.small > img {    height: auto;  }  .section-img > img {    width: 100%;    height: 100%;  }  .section-mobile-img {    display: none;    max-width: 100vw;    max-height: 75vw;    height: 450px;    margin: 0 auto;  }  .section-mobile-img > img {    width: 100%;    height: 100%;  }  @media screen and (max-width: 960px) and (orientation: portrait) {    .container {      width: 100%;    }    .container.small {      width: 100%;    }    .section-mobile-img {      display: block;    }    .section-img {      display: none;    }    .section-title {      font-size: 22px;      margin: 10px 0;    }    .section-desc {      margin-top: 10px;    }    .section + .section {      margin-top: 20px;    }  }<\/style><\/head><body><div class=\"container\"><div class=\"logo\"><div class=\"pc-banner\"><div><img decoding=\"async\" src=\"\/vevor\/vevor\/boutique-banner\/pc\/en-pc@1x.jpg\" style=\"width: 100%;\" \/><\/div><\/div><div class=\"m-banner\"><div><img decoding=\"async\" src=\"\/vevor\/vevor\/boutique-banner\/mobile\/en-m@1x.jpg\" style=\"width: 100%;\" \/><\/div><\/div><\/div><div class=\"section-title\">Customized Airflow<\/div><div class=\"video-section\"><div class=\"video-section-img-pc\"><img decoding=\"async\" src=\"https:\/\/vevor-goods.vevor.net\/product\/JGSFSZWK6INCUNSL5001\/clip- fan-a100-1.4.jpg?x-oss-process=image\/format,webp\" \/><\/div><div class=\"video-section-img-m\"><img decoding=\"async\" src=\"https:\/\/vevor-goods.vevor.net\/product\/JGSFSZWK6INCUNSL5001\/clip- fan-a100-1.4-m.jpg?x-oss-process=image\/format,webp\" \/><\/div><div class=\"section-desc\">This plant fan is engineered for grow tents, offering 10 speed levels to match airflow needs from gentle seedling breeze to strong airflow for mature plants. With 125 CFM airflow, this grow fan promotes even leaf respiration and helps avoid uneven growth caused by stagnant air.<\/div><\/div><div class=\"section\"><div class=\"section-title\"><\/div><div class=\"section-img\"><img decoding=\"async\" src=\"https:\/\/vevor-goods.vevor.net\/product\/JGSFSZWK6INCUNSL5001\/clip- fan-a100-2.2.jpg?x-oss-process=image\/format,webp\" \/><\/div><div class=\"section-mobile-img\"><img decoding=\"async\" src=\"https:\/\/vevor-goods.vevor.net\/product\/JGSFSZWK6INCUNSL5001\/clip- fan-a100-2.2-m.jpg?x-oss-process=image\/format,webp\" \/><\/div><div class=\"section-desc\">Optimized airflow design with 5-blade fan delivers quiet operation without interfering with temperature or humidity monitoring devices. This seedling fan supports continuous nighttime airflow without disturbing the plant rest cycle.<\/div><\/div><div class=\"section\"><div class=\"section-title\"><\/div><div class=\"section-img\"><img decoding=\"async\" src=\"https:\/\/vevor-goods.vevor.net\/product\/JGSFSZWK6INCUNSL5001\/clip- fan-a100-2.3.jpg?x-oss-process=image\/format,webp\" \/><\/div><div class=\"section-mobile-img\"><img decoding=\"async\" src=\"https:\/\/vevor-goods.vevor.net\/product\/JGSFSZWK6INCUNSL5001\/clip- fan-a100-2.3-m.jpg?x-oss-process=image\/format,webp\" \/><\/div><div class=\"section-desc\">Supports 45\u00b0 and 90\u00b0 oscillation for wide, dead-zone-free airflow coverage. Features 9 fixed speed levels plus 1 circulation mode with automatic switching between 1.3\u20133.9 m\/s, simulating natural wind patterns for healthier plant growth.<\/div><\/div><div class=\"section\"><div class=\"section-title\"><\/div><div class=\"section-img\"><img decoding=\"async\" src=\"https:\/\/vevor-goods.vevor.net\/product\/JGSFSZWK6INCUNSL5001\/clip- fan-a100-2.4.jpg?x-oss-process=image\/format,webp\" \/><\/div><div class=\"section-mobile-img\"><img decoding=\"async\" src=\"https:\/\/vevor-goods.vevor.net\/product\/JGSFSZWK6INCUNSL5001\/clip- fan-a100-2.4-m.jpg?x-oss-process=image\/format,webp\" \/><\/div><div class=\"section-desc\">Innovative square clip fan clamp provides stable and versatile mounting, adapting to poles of different sizes. Securely attaches to grow racks and tent frames for reliable airflow positioning.<\/div><\/div><div class=\"section\"><div class=\"section-title\"><\/div><div class=\"section-img\"><img decoding=\"async\" src=\"https:\/\/vevor-goods.vevor.net\/product\/JGSFSZWK6INCUNSL5001\/clip- fan-a100-2.5.jpg?x-oss-process=image\/format,webp\" \/><\/div><div class=\"section-mobile-img\"><img decoding=\"async\" src=\"https:\/\/vevor-goods.vevor.net\/product\/JGSFSZWK6INCUNSL5001\/clip- fan-a100-2.5-m.jpg?x-oss-process=image\/format,webp\" \/><\/div><div class=\"section-desc\">Includes a Type-C to Type-C charging cable, compatible with common greenhouse power sources. Cable length supports clean routing on various structures. Compact body makes this small clip on fan easy to install, move, and carry.<\/div><\/div><div class=\"section\"><div class=\"section-img\"><img decoding=\"async\" src=\"https:\/\/vevor-goods.vevor.net\/product\/JGSFSZWK6INCUNSL5001\/clip- fan-a100-1.11.jpg?x-oss-process=image\/format,webp\" \/><\/div><div class=\"section-mobile-img\"><img decoding=\"async\" src=\"https:\/\/vevor-goods.vevor.net\/product\/JGSFSZWK6INCUNSL5001\/clip- fan-a100-1.11-m.jpg?x-oss-process=image\/format,webp\" \/><\/div><\/div><\/div><\/body><\/html><\/div>\n<div class=\"DM_at-title\" id=\"js-DM_at-title\"> <div>Toote spetsifikatsioon<\/div> <i class=\"icon-arrowup_line\"><\/i> <\/div><div class=\"DM_at-goodsDescAttr\" id=\"js-DM_at-goodsDescAttr\"> <div class=\"DM_at-goodsDescAttrInner\"> <dl class=\"goodsDesc_item goodsDesc_item_even\"> <dt>Item Number<\/dt> <dd> RF6-PA<\/dd> <\/dl> <dl class=\"goodsDesc_item\"> <dt>Kogus<\/dt> <dd> 1<\/dd> <\/dl> <dl class=\"goodsDesc_item goodsDesc_item_even\"> <dt>\u00d5huvoolu<\/dt> <dd> 125 CFM<\/dd> <\/dl> <dl class=\"goodsDesc_item\"> <dt>Kiiruse Seaded<\/dt> <dd> 10<\/dd> <\/dl> <dl class=\"goodsDesc_item goodsDesc_item_even\"> <dt>V\u00f5imsus<\/dt> <dd> 6.2 W<\/dd> <\/dl> <dl class=\"goodsDesc_item\"> <dt>Pinge<\/dt> <dd> DC 12 V<\/dd> <\/dl> <dl class=\"goodsDesc_item goodsDesc_item_even\"> <dt>M\u00fcra Tase<\/dt> <dd> 48 dB(A) or less<\/dd> <\/dl> <dl class=\"goodsDesc_item\"> <dt>Toote Suurus<\/dt> <dd> 8.1 x 7.9 x 9.3 in \/ 206 x 200 x 235 mm<\/dd> <\/dl> <dl class=\"goodsDesc_item goodsDesc_item_even\"> <dt>Neto Kaal<\/dt> <dd> 1.2 lbs \/ 0.54 kg<\/dd> <\/dl> <\/div> <\/div>","protected":false},"excerpt":{"rendered":"<ul>\n<li> Plant Growth Dedicated: Dual-motor plant fan (1-pack) optimized for leaf CO\u2082 absorption. This grow fan provides consistent airflow from seedling to maturity. ABS housing fits most grow tents, improving internal air circulation efficiency <\/li>\n<li> 10 Adjustable Speed Levels: 9 fixed speeds (1.3\u20133.9 m\/s) plus automatic circulation mode. 5-blade ABS fan delivers up to 125 CFM airflow. This seedling fan meets airflow needs at different growth stages while operating at \u226448 dB <\/li>\n<li> 45\u00b0 \/ 90\u00b0 Smart Oscillation: Automatic oscillation with 45\u00b0 and 90\u00b0 angle options ensures wide coverage inside the grow tent. Simulates natural airflow to support better plant development, with manual vertical tilt for height adjustment <\/li>\n<li> Compact &#038; Lightweight: Single clip fan with a compact, lightweight body and premium black ABS housing. Designed to fit various grow tent layouts and space configurations. <\/li>\n<li> Flexible Power Supply: Includes a 1.5 m USB to Type-C cable, compatible with power banks and DC power sources. This clip on fan supports flexible power placement and clean cable management for different grow tent setups <\/li>\n<\/ul>","protected":false},"featured_media":462258,"comment_status":"open","ping_status":"open","template":"","meta":{"om_disable_all_campaigns":false,"_uf_show_specific_survey":0,"_uf_disable_surveys":false},"location":[1935,1934],"product_brand":[],"product_cat":[5530,2417,2418,2397,2374],"product_tag":[],"class_list":{"0":"post-462257","1":"product","2":"type-product","3":"status-publish","4":"has-post-thumbnail","6":"location-supplier_stock_location","7":"location-local_stock_location","8":"product_cat-clip-fan","9":"product_cat-jobsite","10":"product_cat-jobsite-fans","11":"product_cat-power-tools-tools","12":"product_cat-tools","14":"first","15":"instock","16":"taxable","17":"shipping-taxable","18":"purchasable","19":"product-type-simple"},"aioseo_notices":[],"locations":[{"id":1935,"name":"Pieg\u0101d\u0101t\u0101ja noliktav\u0101 (5-7dd)","slug":"supplier_stock_location","quantity":"224"},{"id":1934,"name":"R\u012bgas veikal\u0101 (0-2d.d.)","slug":"local_stock_location","quantity":"0"}],"_links":{"self":[{"href":"https:\/\/vevorshop.lv\/et\/wp-json\/wp\/v2\/product\/462257","targetHints":{"allow":["GET"]}}],"collection":[{"href":"https:\/\/vevorshop.lv\/et\/wp-json\/wp\/v2\/product"}],"about":[{"href":"https:\/\/vevorshop.lv\/et\/wp-json\/wp\/v2\/types\/product"}],"replies":[{"embeddable":true,"href":"https:\/\/vevorshop.lv\/et\/wp-json\/wp\/v2\/comments?post=462257"}],"wp:featuredmedia":[{"embeddable":true,"href":"https:\/\/vevorshop.lv\/et\/wp-json\/wp\/v2\/media\/462258"}],"wp:attachment":[{"href":"https:\/\/vevorshop.lv\/et\/wp-json\/wp\/v2\/media?parent=462257"}],"wp:term":[{"taxonomy":"location","embeddable":true,"href":"https:\/\/vevorshop.lv\/et\/wp-json\/wp\/v2\/location?post=462257"},{"taxonomy":"product_brand","embeddable":true,"href":"https:\/\/vevorshop.lv\/et\/wp-json\/wp\/v2\/product_brand?post=462257"},{"taxonomy":"product_cat","embeddable":true,"href":"https:\/\/vevorshop.lv\/et\/wp-json\/wp\/v2\/product_cat?post=462257"},{"taxonomy":"product_tag","embeddable":true,"href":"https:\/\/vevorshop.lv\/et\/wp-json\/wp\/v2\/product_tag?post=462257"}],"curies":[{"name":"wp","href":"https:\/\/api.w.org\/{rel}","templated":true}]}}