{"id":464400,"date":"2026-05-11T01:38:14","date_gmt":"2026-05-10T22:38:14","guid":{"rendered":"https:\/\/vevorshop.lv\/en_us\/Prece\/vevor-22m-x-13mm-drain-cleaner-machine-on-wheels-with-auto-feed-8-cutters-foot-switch-for-50-150mm-sewer-pipes\/"},"modified":"2026-05-12T03:41:30","modified_gmt":"2026-05-12T00:41:30","slug":"vevor-22m-x-13mm-drain-cleaner-machine-on-wheels-with-auto-feed-8-cutters-foot-switch-for-50-150mm-sewer-pipes","status":"publish","type":"product","link":"https:\/\/vevorshop.lv\/et\/Prece\/vevor-22m-x-13mm-drain-cleaner-machine-on-wheels-with-auto-feed-8-cutters-foot-switch-for-50-150mm-sewer-pipes\/","title":{"rendered":"VEVOR 22m x 13mm kanalisatsiooni puhastusmasin ratastel, automaatse etteandega, 8 l\u00f5ikuriga ja jalgl\u00fclitiga 50\u2013150mm torudele"},"content":{"rendered":"<div style=\"color: #fff!important;font-size: 16px;height: 24px;line-height: 24px;margin-top: -24px\" class=\"product_original_name\">VEVOR Drain Cleaner Machine 22m x 13mm, Auto Feed Sewer Snake Drain Auger on Wheels, Portable Drain Cleaning Machine with 8 Cutters &amp; Air-Activated Foot Switch for 50mm to 150mm Pipes<\/div>\n<div style=\"color: #fff!important;font-size: 16px;height: 24px;line-height: 24px;margin-top: -24px\" class=\"product_sku\">MORRUKRD<\/div>\n<div style=\"color: #fff!important;font-size: 16px;height: 24px;line-height: 24px;margin-top: -24px\" class=\"product_mpn\">ZDJJKLSGDSTJOA12M002V2<\/div><div id=\"js-DM_at-goodDescRich\"><style>  body {    font-family: Arial;    line-height: 1.5;    color: #1c1c1c;    overflow-x: hidden;    margin: 0;    padding: 0;  }  .MsoNormal b {    font-weight: bolder;  }<\/style><style>  .container.small {    width: 970px;    margin: 0 auto;  }  .logo {    margin: 0 auto 0;  }  .logo img {    display: block;    margin: 0 auto;    max-width: 100%;  }  .logo .pc-banner {    display: block;    width: 1200px;    height: 247.4px;    margin: 0 auto;  }  .logo .pc-banner.small {    width: 970px;  }  .logo .pc-banner.small img {    height: auto!important;  }  .logo .m-banner {    display: none;  }  .ytvideo {    position: relative;    height: 546px;    width: 100%;    margin: 0 auto;  }  .ytvideo img {    width: 100%;    margin: 0 auto;  }  .ytvideo .play-btn {    width: 60px;    height: 42px;    position: absolute;    top: 50%;    left: 50%;    transform: translate(-50%, -50%);    background: url(\"data:image\/png;base64,iVBORw0KGgoAAAANSUhEUgAAAGQAAABGCAMAAAANWMFbAAAC+lBMVEUAAADBGB3kLCfBGB3kLCfcJC7BFx3KKSbiKybkLCbWJCPSIiLSIiLPICHAFx3kLCfgKSXNHiDZJiTIGx\/p4eHcjo7LHSDbJyTkLCbjKyfOHyHPIiL28fHJHB\/GGh7EGR7eKCXDGB3RISHlLSbBGB3AFxzGHB7DGB7BGB3hKybkKybAFx3lLCfAFxzDGR3hKibDGB7cJyTmz8\/elJTlwcHjurrUIyLlLSflLSfAFx3DGR7lLSfCFx3hKibhKibhKybjKybkLCblLSfbJSX49vbx7e3NNzjNMTLMJyjVIyLZf3\/ZQ0LaeHjx0tLgoqLkLCfCGB3HGx\/BGB3BFx3PICHCGB7WJCLOHyC\/Fxy\/Fx3lLCfQISHkLSe\/FxzbJiTBFx3FGx\/AGB7BFx3EGR7AGB3HHSDfKiXAFh3TISHYNzbhKibbJyTTIiL57e325+f039\/v2NjUV1fOHiHiqanfmprch4feKSXVIyPOICHmLibFGh\/mLSe\/Fx7XJCPeKSXXJSPNHyHaJyTGGh7lLCbmLCflLSjSIiLkLCbdKSXLHiC\/GB3KHh++Fh3lKyfoLiXcKCPkx8fYb2\/XaGfVXl3aU1LLHiDksbHgKibPICHbJyTfKSXbJyTCGB3KHSDiKybFGh7TIiL\/\/\/\/VIyPRISHIHB\/GGx\/HHB\/DGR7gKibdKCXLHiDZJiTMHiDNHyHYJSTOICHPICHWJCPcKCXXJSPjLCblLCf+\/f3NGR\/uLijzLynPGR\/IGB7WISHaIyLLGh7UAADxLynNAADRLzDbICLQAADIAAD3MCrUHSHXMTDpKSbLAADp5OTij4\/ejo\/VLy\/1LyngJSTcJCPQHx\/OHB7+\/PzaMS\/OLS\/vLijrLSjSAADaNTPwLyjkKSbNJCbYISHPHB\/KGB7WAAD7+vrn3d3aKynTKCjoLCfsKifRGh\/YAADq5+fhjo7QNDXXKCfmJyXt5+fTLzDLLi\/QKivYHRvMGBrQJCXLISPMExXLDxLaEAvkkI\/bOTfaFQ\/SCgpvLcnHAAAAmnRSTlMA+vv7+gT9Bvf9+8z8\/NSv\/Pr5+P7++vnQIBMP\/v38\/Pn348XDiCYf9OjbzcqxXVcx\/fz8+\/rj1r2poo1+fXFqX0orGP7+\/v7+\/fz8+\/r68uzn4trIxsG\/vri3p6GcmZSNbWVYUUZEPQv+\/f39+\/v7+\/v7+vr64tvV1NTTz87FtbSurqeblJKFg4B3bUY+NjL7+\/v7+\/v67t1cDo8JLQAABkRJREFUWMO0kz9rwkAYh0OIeJkum6YugUAhISCdKoj\/P4C7SMdS+gEKIhSKil10LSg4mzXkILdlEpxCpwTiWOLX6BujvQaEQuGeHLnL+\/64J+SIcKGYTYWnntpdLjrVdqvZmNdn0+EE40GtpuuWVS6Xx6N7YDSGpWXpeq02wHgynM7q80az1a52HpddtVcpsi1zFARBrdaxbhp9iUReTGmwA4KAAr7vx3EYejnCMI6hQYEgy0LQi4jUN0wL19vqFcUC9\/1dAKmEEFkWRYkh5oBejnxQJiSJPJ\/uKBp0Thszx9Mw8hMRIQjKsptCfuES9zr5WJY6vSFCIvE9fCMUmEM1A1kSXcYGxgVYsvI1IPKTZciSTI0us\/SMGG04gDzELDoFBwdcFJrF88dqgYMTiL6DILWYyfOWE8\/kIz38olCNlC03FK95+imxp6y4oUSvAnBjHHhKNtotSDqJzVFiK8c2SBqhZtsrTtgrLXwAyduxZHNE26eHUt5rtuM4WSmds3G+sUdWYo1L+XyxButoh5eKUHk5lByO3G1LqqCWVnfrv\/lyPtf\/4ps1cndNGIri8J1TJ0lx6dR\/oPjq1nbRwdp2dCk4CtIOLW3pVKRL6WZfS5vF2KkIQhpwSsjiYIgNCs1gEMGqiIq24NQX9NwoXFy8Ufrl3twTcg4fv8T9\/JBEySduj6Mjm4bMzYV7EEOxKjjoNDud7yY3Dy71Hq2oLmqfbNR723edH9PgMrNL2utoQ3VmaIDkiw\/4w51P06hlZsTZvkRrbVuSIs\/zwSOsycgzStQouoAkWQqioRT5XI7n2Z1wfVhoZmcAJLsoqjqpjbWCgpOAJXBwHK8PzWbNvoUZJND5wCnSkLAkZ1legx6vqQzjoiTahKlGUGLAiIIoABOHaNVw4sexZBym6\/HWlH5h3IC7yRbxtipcWxdTOkORKiNQAEkFf66x5S2oeRbroOlLgg0sSYkR0hRGEqJZ0jTPiQKatESdBckpWigxaapEH0lImHdWu9pUFF2XqMNM2Z4kped7IwEJw2qabwtrQqnpw6HyKkgcadKWsmpywwesDyIhYRpdzXddqegtGIJlXbAIUMOLkGxJUjRIkokwjUaX9d\/kK62ps\/tYUqZLIMkLTyBhsMZ3C5Z\/kDxOSCb\/DOs\/\/J0qcWSX\/2ipe56EgTCA4\/cB7NAYOsni4mZM1MUPAISoEwkDi4lhVBQ1cWQyIcwalw4EpqZN68JUSK7XC0kTlkLYii5uXSC8jT5ncCAS7mjCv0uHp\/3lueHEEAeQ\/\/VgmdN71\/2uCSA1Xr6DO6uI6sW56zqT2tp2PhgiRUAajV8CY2fkcz6WGNKMgLAt7tJAhD4YHMTeRxlALE6+43WqjSWi8ITxyJl8WrwWSNESQZZOqhDDntO3hJLsd5RtSpbJqdv3YrDJH3F7jL1R2O2aQkn2MyCyKYz0GPGIvSAMgBCrCEiJyKbBaYGwLW4uPRr0A0M4Ux5kUI7IBh+hMdiCEWNqhMZGyYMsOgNE58UQuEQeUnSWCMYwL54hkxK6IoqucQZbQ3pc3XtL0lky1dL0zZJJDpWJovFqpWj6JEHnyam2eQp5QRVAVHjWparTOaVwUOx99YS2MvgxIGV0bb+qIg2HX2qkFFJB+XZcbLiuRkuxD9GRroKyveLxdh4d7Orx+hb7qc3uVRuEogCOnyIxm4ubUoPgF4jianDrC+SDQDKEfJb0GUKmjCGPYHGJvVC6X4hw1\/sAfQAdfYyephIaspXe36RwOP+Ljvfx9B6B3i+Nk0DGq+oCbLn6JpBa9nWAveAIHwFAwtVcIJXPMPL8kRu5OAYPMaL1WScTxjiZDqB9LTJSWphow\/pTYKRTLjCBhvi9iBidvKcDasGSm0QQkycYuLBqj6QCELPctqChDWpTRMWkngNNpQ1Pfp1KkiT\/Y0DGffXAweUNfLAfaJFKDwhb6I+bkYRbkERoEeu3Fyjg2opMz2daZCS9jt6Q7txNfB+OZEVF6Zl5web2xunnLQrtrjXseXKaFYziYINeMFZVxS9VxRhOoesYwxPKXm+gWLG9cuFeq93UNNeJNsf1KlwuDok9n02n3TgIJpOxNfL9naIoQwXtfH9kjceTIIi709ncTg6LZbg+biLH1V6u\/7rxBem06VXKn9raAAAAAElFTkSuQmCC\")      no-repeat center center \/ contain;  }  @media screen and (max-width: 960px) and (orientation: portrait) {    .logo {      width: 100%;    }    .logo .pc-banner {      display: none;    }    .logo .m-banner {      display: block;      width: 100%;    }    .logo .m-banner img {      height: auto!important;    }    .ytvideo {      height: 200px;      width: 100%;    }  }<\/style><style>  .video-section {    width: 100%;    margin: 0 auto;  }  .video-section &gt; img {    width: 100%;  }  .video-section iframe,  .video-section video {    width: 100%;    height: 100%;      }  .video-section-img-m,  .video-section-img-pc &gt; img {    width: 100%;    height: auto;  }  .video-section-img-pc.small &gt; img {    width: 970px;  }  .video-desc {    line-height: 1.5;    font-size: 20px;    font-weight: 400;    margin: 20px 0;    text-align: center;    color: #0f1111;    word-break: break-word;  }  @media screen and (max-width: 960px) and (orientation: portrait) {    .video-section {      width: 100%;    }    .video-section-pc,    .video-section-img-pc {      display: none;    }    .video-section-m,    .video-section-img-m {      display: block;    }    .video-desc {      font-size: 15px;    }  }  @media screen and (min-width: 960px) {    .video-section {      width: 100%;      margin: 0 auto;    }    .video-section-pc,    .video-section-img-pc {      display: block;    }    .video-section-m,    .video-section-img-m {      display: none;    }    .video-desc {      font-size: 20px;    }  }<\/style><style>  .section + .section {    margin-top: 35px;  }  .section-title {    text-align: center;    font-weight: bold;    color: #0d1111;    font-family: \"Arial\";    font-size: 32px;    margin: 15px 0;  }  .section-title:empty {    display: none;  }  .section-desc {    text-align: center;    font-weight: normal;    color: #0d1111;    margin-top: 20px;  }  .section-desc:empty {    display: none;  }  .section-img {    width: 1200px;    height: 492px;    margin: 0 auto;    display: block;  }  .section-img.small {    width: 970px;    height: auto;  }  .section-img.small &gt; img {    height: auto;  }  .section-img &gt; img {    width: 100%;    height: 100%;  }  .section-mobile-img {    display: none;    max-width: 100vw;    max-height: 75vw;    height: 450px;    margin: 0 auto;  }  .section-mobile-img &gt; img {    width: 100%;    height: 100%;  }  @media screen and (max-width: 960px) and (orientation: portrait) {    .container {      width: 100%;    }    .container.small {      width: 100%;    }    .section-mobile-img {      display: block;    }    .section-img {      display: none;    }    .section-title {      font-size: 22px;      margin: 10px 0;    }    .section-desc {      margin-top: 10px;    }    .section + .section {      margin-top: 20px;    }  }<\/style><div class=\"container\"><div class=\"logo\"><div class=\"pc-banner\"><div><img decoding=\"async\" src=\"\/vevor\/vevor\/boutique-banner\/pc\/en-pc@1x.jpg\" style=\"width: 100%\" \/><\/div><\/div><div class=\"m-banner\"><div><img decoding=\"async\" src=\"\/vevor\/vevor\/boutique-banner\/mobile\/en-m@1x.jpg\" style=\"width: 100%\" \/><\/div><\/div><\/div><div class=\"section-title\">Kunagi Muretsema P\u00fcsivad Ummistab J\u00e4lle !<\/div><div class=\"video-section\"><video class=\"video-section-pc\" controls poster=\"\/vevor\/product\/ZDJJKLSGDSTJOA12M002\/drain-cleaner-machine-a100-1.4.jpg\"><\/video><video class=\"video-section-m\" controls poster=\"\/vevor\/product\/ZDJJKLSGDSTJOA12M002\/drain-cleaner-machine-a100-1.4-m.jpg\"><\/video><div class=\"section-desc\">Are you tired of clogged drainage pipes, expensive plumbing services, and incomplete unclogging? Say bye to unpleasant smells and troublesome maintenance! Let the VEVOR electric drain cleaning machine with 22m x 13mm solid core steel cable deliver fast, efficient pipe blockage clearing.<\/div><\/div><div class=\"section\"><div class=\"section-title\"><\/div><div class=\"section-img\"><img decoding=\"async\" src=\"\/vevor\/product\/ZDJJKLSGDSTJOA12M002\/drain-cleaner-machine-a100-2.2.jpg\" \/><\/div><div class=\"section-mobile-img\"><img decoding=\"async\" src=\"\/vevor\/product\/ZDJJKLSGDSTJOA12M002\/drain-cleaner-machine-a100-2.2-m.jpg\" \/><\/div><div class=\"section-desc\">Meie tahke s\u00fcdamikuga terastross navigeerib h\u00f5lpsalt l\u00e4bi 50 mm - 150 mm torude, et k\u00f5rvaldada ummistused. See on loodud rooste, korrosiooni ja sasipuntrate vastu v\u00f5itlemiseks ning tagab pikaajalise j\u00f5udluse erinevate sanitaartehniliste \u00fclesannete jaoks.<\/div><\/div><div class=\"section\"><div class=\"section-title\"><\/div><div class=\"section-img\"><img decoding=\"async\" src=\"\/vevor\/product\/ZDJJKLSGDSTJOA12M002\/drain-cleaner-machine-a100-2.3.jpg\" \/><\/div><div class=\"section-mobile-img\"><img decoding=\"async\" src=\"\/vevor\/product\/ZDJJKLSGDSTJOA12M002\/drain-cleaner-machine-a100-2.3-m.jpg\" \/><\/div><div class=\"section-desc\">Vastupidav plasttrummel v\u00f5imaldab h\u00f5lpsalt j\u00e4lgida kaabli kasutamist, hoides samal ajal kaablit korralikult hoituna.<\/div><\/div><div class=\"section\"><div class=\"section-title\"><\/div><div class=\"section-img\"><img decoding=\"async\" src=\"\/vevor\/product\/ZDJJKLSGDSTJOA12M002\/drain-cleaner-machine-a100-2.4.jpg\" \/><\/div><div class=\"section-mobile-img\"><img decoding=\"async\" src=\"\/vevor\/product\/ZDJJKLSGDSTJOA12M002\/drain-cleaner-machine-a100-2.4-m.jpg\" \/><\/div><div class=\"section-desc\">Elektrilisel \u00e4ravooluteol on 8 l\u00f5ikurit, mis sobivad ideaalselt kanalisatsioonitorude, valamute ja tualettide ummistuste k\u00f5rvaldamiseks. Lihtsustage probleemide hooldust ja k\u00f5rvaldage halvad l\u00f5hnad.<\/div><\/div><div class=\"section\"><div class=\"section-title\"><\/div><div class=\"section-img\"><img decoding=\"async\" src=\"\/vevor\/product\/ZDJJKLSGDSTJOA12M002\/drain-cleaner-machine-a100-2.5.jpg\" \/><\/div><div class=\"section-mobile-img\"><img decoding=\"async\" src=\"\/vevor\/product\/ZDJJKLSGDSTJOA12M002\/drain-cleaner-machine-a100-2.5-m.jpg\" \/><\/div><div class=\"section-desc\">VEVOR kanalisatsiooni \u00e4ravoolutigu \u00fchendab mugavuse vastupidavusega, millel on suured rattad pingutuseta liikumiseks ja teleskoopk\u00e4epide ergonoomilisemaks kasutamiseks.<\/div><\/div><div class=\"section\"><div class=\"section-img\"><img decoding=\"async\" src=\"\/vevor\/product\/ZDJJKLSGDSTJOA12M002\/drain-cleaner-machine-a100-1.11.jpg\" \/><\/div><div class=\"section-mobile-img\"><img decoding=\"async\" src=\"\/vevor\/product\/ZDJJKLSGDSTJOA12M002\/drain-cleaner-machine-a100-1.11-m.jpg\" \/><\/div><\/div><\/div><\/div>\n<div class=\"DM_at-title\" id=\"js-DM_at-title\"> <div>Toote spetsifikatsioon<\/div> <i class=\"icon-arrowup_line\"><\/i> <\/div><div class=\"DM_at-goodsDescAttr\" id=\"js-DM_at-goodsDescAttr\"> <div class=\"DM_at-goodsDescAttrInner\"> <dl class=\"goodsDesc_item goodsDesc_item_even\"> <dt>Punkt Mudeli Number<\/dt> <dd> JR-480Z<\/dd> <\/dl> <dl class=\"goodsDesc_item\"> <dt>S\u00f6\u00f6tmisviisi<\/dt> <dd> Automaatne S\u00f6\u00f6tmine<\/dd> <\/dl> <dl class=\"goodsDesc_item goodsDesc_item_even\"> <dt>Kaabli Pikkus<\/dt> <dd> 75 jalga \/22 m<\/dd> <\/dl> <dl class=\"goodsDesc_item\"> <dt>Kaabli L\u00e4bim\u00f5\u00f5t<\/dt> <dd> 1\/2 tolli \/13 mm<\/dd> <\/dl> <dl class=\"goodsDesc_item goodsDesc_item_even\"> <dt>Kaabli T\u00fc\u00fcp<\/dt> <dd> Solid Core terasest kaabel<\/dd> <\/dl> <dl class=\"goodsDesc_item\"> <dt>Kohaldatav toru l\u00e4bim\u00f5\u00f5t<\/dt> <dd> \u03a62-6 tolli \/ \u03a650-150 mm <\/dd> <\/dl> <dl class=\"goodsDesc_item goodsDesc_item_even\"> <dt>Ratta Suurus<\/dt> <dd> \u03a67,5 tolli <\/dd> <\/dl> <dl class=\"goodsDesc_item\"> <dt>Vahetatavad l\u00f5ikurid<\/dt> <dd> 8 TK l\u00f5ikurid<\/dd> <\/dl> <dl class=\"goodsDesc_item goodsDesc_item_even\"> <dt>Neto Kaal<\/dt> <dd> 86,2 naela \/39,1 kg<\/dd> <\/dl> <dl class=\"goodsDesc_item\"> <dt>Toote M\u00f5\u00f5tmed<\/dt> <dd> 25.2 x 20.5 x (25.2 - 38.6) inch \/ 640 x 520 x (640 - 980) mm<\/dd> <\/dl> <\/div> <\/div>","protected":false},"excerpt":{"rendered":"<ul>\n<li> T\u00f5hus ummistuste puhastamine: VEVORi \u00e4ravoolupuhasti masinal on automaatne etteandes\u00fcsteem kaabli sisse- ja v\u00e4ljavoolutorude toiteks. T\u00e4iustatud edasi-\/tagurpidi juhtimise ja \u00f5huga aktiveeritava jalgl\u00fclitiga, muutub kaabli haldamine pingutuseta <\/li>\n<li> Premium Steel Core Cable: Our 22m x 13mm solid core steel cable resists breakage, twisting, kinking, and corrosion, smoothly navigating 50mm to 150mm complex curved pipes for more reliable and efficient clog-clearing results <\/li>\n<li> 8 vahetatavat l\u00f5ikurit: elektrilisel \u00e4ravooluteol on 8 l\u00f5ikurit, mis sobivad ideaalselt torude, p\u00f5randa \u00e4ravoolutorude, valamute ja tualettide ummistuste k\u00f5rvaldamiseks. Lihtsustage probleemide hooldust ja k\u00f5rvaldage halb l\u00f5hn ', mis sobib kodudesse, kinnisvarasse ja restoranidesse <\/li>\n<li> Movable and Space-Saving: Take it anywhere, store it with ease! This drain cleaning machine is equipped with large wheels for effortless movement. And the telescopic handle provides more ergonomic use and makes transport and storage easier <\/li>\n<li> Durable &amp; Convenient: Our sewer drain auger features a semi-enclosed plastic drum that is durable and rust-resistant, allows easy observation of the cable length, and helps keep the cable neatly stored <\/li>\n<\/ul>","protected":false},"featured_media":464401,"comment_status":"open","ping_status":"open","template":"","meta":{"om_disable_all_campaigns":false,"_uf_show_specific_survey":0,"_uf_disable_surveys":false},"location":[1935,1934],"product_brand":[],"product_cat":[2465,2467,71,150,2466],"product_tag":[],"class_list":{"0":"post-464400","1":"product","2":"type-product","3":"status-publish","4":"has-post-thumbnail","6":"location-supplier_stock_location","7":"location-local_stock_location","8":"product_cat-drain-cleaning-tools","9":"product_cat-pipe-drain-cleaner-machine","10":"product_cat-plumbing","11":"product_cat-plumbing-tools","12":"product_cat-sewer-machines","14":"first","15":"instock","16":"taxable","17":"shipping-taxable","18":"purchasable","19":"product-type-simple"},"aioseo_notices":[],"locations":[{"id":1935,"name":"Pieg\u0101d\u0101t\u0101ja noliktav\u0101 (5-7dd)","slug":"supplier_stock_location","quantity":"12"},{"id":1934,"name":"R\u012bgas veikal\u0101 (0-2d.d.)","slug":"local_stock_location","quantity":"0"}],"_links":{"self":[{"href":"https:\/\/vevorshop.lv\/et\/wp-json\/wp\/v2\/product\/464400","targetHints":{"allow":["GET"]}}],"collection":[{"href":"https:\/\/vevorshop.lv\/et\/wp-json\/wp\/v2\/product"}],"about":[{"href":"https:\/\/vevorshop.lv\/et\/wp-json\/wp\/v2\/types\/product"}],"replies":[{"embeddable":true,"href":"https:\/\/vevorshop.lv\/et\/wp-json\/wp\/v2\/comments?post=464400"}],"wp:featuredmedia":[{"embeddable":true,"href":"https:\/\/vevorshop.lv\/et\/wp-json\/wp\/v2\/media\/464401"}],"wp:attachment":[{"href":"https:\/\/vevorshop.lv\/et\/wp-json\/wp\/v2\/media?parent=464400"}],"wp:term":[{"taxonomy":"location","embeddable":true,"href":"https:\/\/vevorshop.lv\/et\/wp-json\/wp\/v2\/location?post=464400"},{"taxonomy":"product_brand","embeddable":true,"href":"https:\/\/vevorshop.lv\/et\/wp-json\/wp\/v2\/product_brand?post=464400"},{"taxonomy":"product_cat","embeddable":true,"href":"https:\/\/vevorshop.lv\/et\/wp-json\/wp\/v2\/product_cat?post=464400"},{"taxonomy":"product_tag","embeddable":true,"href":"https:\/\/vevorshop.lv\/et\/wp-json\/wp\/v2\/product_tag?post=464400"}],"curies":[{"name":"wp","href":"https:\/\/api.w.org\/{rel}","templated":true}]}}