{"id":47316,"date":"2024-11-19T14:07:05","date_gmt":"2024-11-19T14:07:05","guid":{"rendered":"http:\/\/vevorshop.edigo.lv\/Prece\/vevor-airbrush-kit-dual-fan-air-tank-compressor-system-kit-with-3-5l-air-tank\/"},"modified":"2026-04-06T02:17:23","modified_gmt":"2026-04-05T23:17:23","slug":"vevor-airbrush-kit-dual-fan-air-tank-compressor-system-kit-with-3-5l-air-tank","status":"publish","type":"product","link":"https:\/\/vevorshop.lv\/et\/Prece\/vevor-aerograafi-komplekt-kahe-ventilaatoriga-ohupaagi-kompressori-susteemi-komplekt-3-5-l-ohupaagiga\/","title":{"rendered":"VEVOR aerograafi komplekt 3,5L paaguti, 0,3mm aerograafi, kahe ventilaatoriga kompressori, hoidiku ja puhastuskomplektiga kunsti, meigi, kookide ja t\u00e4toveeringute jaoks"},"content":{"rendered":"<div style=\"color: #fff!important; font-size: 16px; height: 24px; line-height: 24px; margin-top: -24px; \" class=\"product_original_name\">VEVOR Airbrush Kit, kahe ventilaatoriga \u00f5hupaagi kompressori s\u00fcsteemi komplekt 3,5-liitrise \u00f5hupaagiga, \u00f5huharja komplekt 0,3 mm otsaga aerod\u00fcnaamilise harjaga, hoidik, v\u00e4rvisegamisratas, puhastusharja komplekt, Art Nail Cookie Tattoo<\/div>\n<div style=\"color: #fff!important; font-size: 16px; height: 24px; line-height: 24px; margin-top: -24px; \" class=\"product_sku\">M4I4LO5P<\/div>\n<div style=\"color: #fff!important; font-size: 16px; height: 24px; line-height: 24px; margin-top: -24px; \" class=\"product_mpn\">JCBTZ2GOGYQG69XUGV2<\/div><div id=\"js-DM_at-goodDescRich\"><html><head><style>  body {    font-family: Arial;    line-height: 1.5;    color: #1c1c1c;    overflow-x: hidden;    margin: 0;    padding: 0;  }  .MsoNormal b {    font-weight: bolder;  }<\/style><style>  .container.small {    width: 970px;    margin: 0 auto;  }  .logo {    margin: 0 auto 0;  }  .logo img {    display: block;    margin: 0 auto;    max-width: 100%;  }  .logo .pc-banner {    display: block;    width: 1200px;    height: 247.4px;    margin: 0 auto;  }  .logo .pc-banner.small {    width: 970px;  }  .logo .pc-banner.small img {    height: auto!important;  }  .logo .m-banner {    display: none;  }  .ytvideo {    position: relative;    height: 546px;    width: 100%;    margin: 0 auto;  }  .ytvideo img {    width: 100%;    margin: 0 auto;  }  .ytvideo .play-btn {    width: 60px;    height: 42px;    position: absolute;    top: 50%;    left: 50%;    transform: translate(-50%, -50%);    background: url(\"data:image\/png;base64,iVBORw0KGgoAAAANSUhEUgAAAGQAAABGCAMAAAANWMFbAAAC+lBMVEUAAADBGB3kLCfBGB3kLCfcJC7BFx3KKSbiKybkLCbWJCPSIiLSIiLPICHAFx3kLCfgKSXNHiDZJiTIGx\/p4eHcjo7LHSDbJyTkLCbjKyfOHyHPIiL28fHJHB\/GGh7EGR7eKCXDGB3RISHlLSbBGB3AFxzGHB7DGB7BGB3hKybkKybAFx3lLCfAFxzDGR3hKibDGB7cJyTmz8\/elJTlwcHjurrUIyLlLSflLSfAFx3DGR7lLSfCFx3hKibhKibhKybjKybkLCblLSfbJSX49vbx7e3NNzjNMTLMJyjVIyLZf3\/ZQ0LaeHjx0tLgoqLkLCfCGB3HGx\/BGB3BFx3PICHCGB7WJCLOHyC\/Fxy\/Fx3lLCfQISHkLSe\/FxzbJiTBFx3FGx\/AGB7BFx3EGR7AGB3HHSDfKiXAFh3TISHYNzbhKibbJyTTIiL57e325+f039\/v2NjUV1fOHiHiqanfmprch4feKSXVIyPOICHmLibFGh\/mLSe\/Fx7XJCPeKSXXJSPNHyHaJyTGGh7lLCbmLCflLSjSIiLkLCbdKSXLHiC\/GB3KHh++Fh3lKyfoLiXcKCPkx8fYb2\/XaGfVXl3aU1LLHiDksbHgKibPICHbJyTfKSXbJyTCGB3KHSDiKybFGh7TIiL\/\/\/\/VIyPRISHIHB\/GGx\/HHB\/DGR7gKibdKCXLHiDZJiTMHiDNHyHYJSTOICHPICHWJCPcKCXXJSPjLCblLCf+\/f3NGR\/uLijzLynPGR\/IGB7WISHaIyLLGh7UAADxLynNAADRLzDbICLQAADIAAD3MCrUHSHXMTDpKSbLAADp5OTij4\/ejo\/VLy\/1LyngJSTcJCPQHx\/OHB7+\/PzaMS\/OLS\/vLijrLSjSAADaNTPwLyjkKSbNJCbYISHPHB\/KGB7WAAD7+vrn3d3aKynTKCjoLCfsKifRGh\/YAADq5+fhjo7QNDXXKCfmJyXt5+fTLzDLLi\/QKivYHRvMGBrQJCXLISPMExXLDxLaEAvkkI\/bOTfaFQ\/SCgpvLcnHAAAAmnRSTlMA+vv7+gT9Bvf9+8z8\/NSv\/Pr5+P7++vnQIBMP\/v38\/Pn348XDiCYf9OjbzcqxXVcx\/fz8+\/rj1r2poo1+fXFqX0orGP7+\/v7+\/fz8+\/r68uzn4trIxsG\/vri3p6GcmZSNbWVYUUZEPQv+\/f39+\/v7+\/v7+vr64tvV1NTTz87FtbSurqeblJKFg4B3bUY+NjL7+\/v7+\/v67t1cDo8JLQAABkRJREFUWMO0kz9rwkAYh0OIeJkum6YugUAhISCdKoj\/P4C7SMdS+gEKIhSKil10LSg4mzXkILdlEpxCpwTiWOLX6BujvQaEQuGeHLnL+\/64J+SIcKGYTYWnntpdLjrVdqvZmNdn0+EE40GtpuuWVS6Xx6N7YDSGpWXpeq02wHgynM7q80az1a52HpddtVcpsi1zFARBrdaxbhp9iUReTGmwA4KAAr7vx3EYejnCMI6hQYEgy0LQi4jUN0wL19vqFcUC9\/1dAKmEEFkWRYkh5oBejnxQJiSJPJ\/uKBp0Thszx9Mw8hMRIQjKsptCfuES9zr5WJY6vSFCIvE9fCMUmEM1A1kSXcYGxgVYsvI1IPKTZciSTI0us\/SMGG04gDzELDoFBwdcFJrF88dqgYMTiL6DILWYyfOWE8\/kIz38olCNlC03FK95+imxp6y4oUSvAnBjHHhKNtotSDqJzVFiK8c2SBqhZtsrTtgrLXwAyduxZHNE26eHUt5rtuM4WSmds3G+sUdWYo1L+XyxButoh5eKUHk5lByO3G1LqqCWVnfrv\/lyPtf\/4ps1cndNGIri8J1TJ0lx6dR\/oPjq1nbRwdp2dCk4CtIOLW3pVKRL6WZfS5vF2KkIQhpwSsjiYIgNCs1gEMGqiIq24NQX9NwoXFy8Ufrl3twTcg4fv8T9\/JBEySduj6Mjm4bMzYV7EEOxKjjoNDud7yY3Dy71Hq2oLmqfbNR723edH9PgMrNL2utoQ3VmaIDkiw\/4w51P06hlZsTZvkRrbVuSIs\/zwSOsycgzStQouoAkWQqioRT5XI7n2Z1wfVhoZmcAJLsoqjqpjbWCgpOAJXBwHK8PzWbNvoUZJND5wCnSkLAkZ1legx6vqQzjoiTahKlGUGLAiIIoABOHaNVw4sexZBym6\/HWlH5h3IC7yRbxtipcWxdTOkORKiNQAEkFf66x5S2oeRbroOlLgg0sSYkR0hRGEqJZ0jTPiQKatESdBckpWigxaapEH0lImHdWu9pUFF2XqMNM2Z4kped7IwEJw2qabwtrQqnpw6HyKkgcadKWsmpywwesDyIhYRpdzXddqegtGIJlXbAIUMOLkGxJUjRIkokwjUaX9d\/kK62ps\/tYUqZLIMkLTyBhsMZ3C5Z\/kDxOSCb\/DOs\/\/J0qcWSX\/2ipe56EgTCA4\/cB7NAYOsni4mZM1MUPAISoEwkDi4lhVBQ1cWQyIcwalw4EpqZN68JUSK7XC0kTlkLYii5uXSC8jT5ncCAS7mjCv0uHp\/3lueHEEAeQ\/\/VgmdN71\/2uCSA1Xr6DO6uI6sW56zqT2tp2PhgiRUAajV8CY2fkcz6WGNKMgLAt7tJAhD4YHMTeRxlALE6+43WqjSWi8ITxyJl8WrwWSNESQZZOqhDDntO3hJLsd5RtSpbJqdv3YrDJH3F7jL1R2O2aQkn2MyCyKYz0GPGIvSAMgBCrCEiJyKbBaYGwLW4uPRr0A0M4Ux5kUI7IBh+hMdiCEWNqhMZGyYMsOgNE58UQuEQeUnSWCMYwL54hkxK6IoqucQZbQ3pc3XtL0lky1dL0zZJJDpWJovFqpWj6JEHnyam2eQp5QRVAVHjWparTOaVwUOx99YS2MvgxIGV0bb+qIg2HX2qkFFJB+XZcbLiuRkuxD9GRroKyveLxdh4d7Orx+hb7qc3uVRuEogCOnyIxm4ubUoPgF4jianDrC+SDQDKEfJb0GUKmjCGPYHGJvVC6X4hw1\/sAfQAdfYyephIaspXe36RwOP+Ljvfx9B6B3i+Nk0DGq+oCbLn6JpBa9nWAveAIHwFAwtVcIJXPMPL8kRu5OAYPMaL1WScTxjiZDqB9LTJSWphow\/pTYKRTLjCBhvi9iBidvKcDasGSm0QQkycYuLBqj6QCELPctqChDWpTRMWkngNNpQ1Pfp1KkiT\/Y0DGffXAweUNfLAfaJFKDwhb6I+bkYRbkERoEeu3Fyjg2opMz2daZCS9jt6Q7txNfB+OZEVF6Zl5web2xunnLQrtrjXseXKaFYziYINeMFZVxS9VxRhOoesYwxPKXm+gWLG9cuFeq93UNNeJNsf1KlwuDok9n02n3TgIJpOxNfL9naIoQwXtfH9kjceTIIi709ncTg6LZbg+biLH1V6u\/7rxBem06VXKn9raAAAAAElFTkSuQmCC\")      no-repeat center center \/ contain;  }  @media screen and (max-width: 960px) and (orientation: portrait) {    .logo {      width: 100%;    }    .logo .pc-banner {      display: none;    }    .logo .m-banner {      display: block;      width: 100%;    }    .logo .m-banner img {      height: auto!important;    }    .ytvideo {      height: 200px;      width: 100%;    }  }<\/style><style>  .video-section {    width: 100%;    margin: 0 auto;  }  .video-section > img {    width: 100%;  }  .video-section iframe,  .video-section video {    width: 100%;    height: 100%;      }  .video-section-img-m,  .video-section-img-pc > img {    width: 100%;    height: auto;  }  .video-section-img-pc.small > img {    width: 970px;  }  .video-desc {    line-height: 1.5;    font-size: 20px;    font-weight: 400;    margin: 20px 0;    text-align: center;    color: #0f1111;    word-break: break-word;  }  @media screen and (max-width: 960px) and (orientation: portrait) {    .video-section {      width: 100%;    }    .video-section-pc,    .video-section-img-pc {      display: none;    }    .video-section-m,    .video-section-img-m {      display: block;    }    .video-desc {      font-size: 15px;    }  }  @media screen and (min-width: 960px) {    .video-section {      width: 100%;      margin: 0 auto;    }    .video-section-pc,    .video-section-img-pc {      display: block;    }    .video-section-m,    .video-section-img-m {      display: none;    }    .video-desc {      font-size: 20px;    }  }<\/style><style>  .section + .section {    margin-top: 35px;  }  .section-title {    text-align: center;    font-weight: bold;    color: #0d1111;    font-family: \"Arial\";    font-size: 32px;    margin: 15px 0;  }  .section-title:empty {    display: none;  }  .section-desc {    text-align: center;    font-weight: normal;    color: #0d1111;    margin-top: 20px;  }  .section-desc:empty {    display: none;  }  .section-img {    width: 1200px;    height: 492px;    margin: 0 auto;    display: block;  }  .section-img.small {    width: 970px;    height: auto;  }  .section-img.small > img {    height: auto;  }  .section-img > img {    width: 100%;    height: 100%;  }  .section-mobile-img {    display: none;    max-width: 100vw;    max-height: 75vw;    height: 450px;    margin: 0 auto;  }  .section-mobile-img > img {    width: 100%;    height: 100%;  }  @media screen and (max-width: 960px) and (orientation: portrait) {    .container {      width: 100%;    }    .container.small {      width: 100%;    }    .section-mobile-img {      display: block;    }    .section-img {      display: none;    }    .section-title {      font-size: 22px;      margin: 10px 0;    }    .section-desc {      margin-top: 10px;    }    .section + .section {      margin-top: 20px;    }  }<\/style><\/head><body><div class=\"container small\"><div class=\"logo\"><div class=\"pc-banner small\"><div><img decoding=\"async\" src=\"\/vevor\/vevor\/boutique-banner\/pc\/en-pc@1x.jpg\" style=\"width: 100%;\" \/><\/div><\/div><div class=\"m-banner\"><div><img decoding=\"async\" src=\"\/vevor\/vevor\/boutique-banner\/mobile\/en-m@1x.jpg\" style=\"width: 100%;\" \/><\/div><\/div><\/div><div class=\"section-title\">Vastupidav, Rohkem Isegi, Turvalisem<\/div><div class=\"video-section\"><div class=\"video-section-img-pc small\"><img decoding=\"async\" src=\"\/vevor\/product\/JCBTZ2GOGYQG69XUG\/airbrush-sets-a100-1.4-pt.jpg\" \/><\/div><div class=\"video-section-img-m\"><img decoding=\"async\" src=\"\/vevor\/product\/JCBTZ2GOGYQG69XUG\/airbrush-sets-a100-1.4-pt.jpg\" \/><\/div><div class=\"section-desc\">Professionaalne hinne 0,3 mm pen vastab teie vajadustele k\u00e4itlemise v\u00e4ikseid objekte. Pihusti saab lahti v\u00f5tta ja paigaldada ilma t\u00f6\u00f6riistadeta. Kui seda ei kasutata, pen saab asetada pen omanik, ja teisaldatav k\u00e4epide v\u00f5imaldab teil liikuda masin lihtsalt.<\/div><\/div><div class=\"section\"><div class=\"section-title\"><\/div><div class=\"section-img small\"><img decoding=\"async\" src=\"\/vevor\/product\/JCBTZ2GOGYQG69XUG\/airbrush-sets-a100-2.2-pt.jpg\" \/><\/div><div class=\"section-mobile-img\"><img decoding=\"async\" src=\"\/vevor\/product\/JCBTZ2GOGYQG69XUG\/airbrush-sets-a100-2.2-pt.jpg\" \/><\/div><div class=\"section-desc\">Saate reguleerida \u00f5hu r\u00f5hk vastavalt oma erinevaid vajadusi. Suure ala pihustamine, seada see, et k\u00f5rge r\u00f5hu jaoks kiire kohaldamine. T\u00e4psemat pihustamine, seada see, et madal r\u00f5hk, t\u00e4pne taotlus. R\u00f5hu n\u00e4idik v\u00f5imaldab j\u00e4lgida r\u00f5hu, tagades t\u00e4psed pihustamisel.<\/div><\/div><div class=\"section\"><div class=\"section-title\"><\/div><div class=\"section-img small\"><img decoding=\"async\" src=\"\/vevor\/product\/JCBTZ2GOGYQG69XUG\/airbrush-sets-a100-2.3-pt.jpg\" \/><\/div><div class=\"section-mobile-img\"><img decoding=\"async\" src=\"\/vevor\/product\/JCBTZ2GOGYQG69XUG\/airbrush-sets-a100-2.3-pt.jpg\" \/><\/div><div class=\"section-desc\">Pen komplekt sisaldab 1\/6hp \u00f5hukompressor koos suurep\u00e4rase dual-fan s\u00fcsteem, mis annab 23-25 L\/Min \u00f5huvool. Masin j\u00e4\u00e4b lahe t\u00f6\u00f6 ajal, tagab pika t\u00f6\u00f6aja ja pikendab selle eluiga. 3,5 L suure mahutavusega \u00f5hk tank tagab \u00fchtlasema ja stabiilsema \u00f5huvoolu.<\/div><\/div><div class=\"section\"><div class=\"section-title\"><\/div><div class=\"section-img small\"><img decoding=\"async\" src=\"\/vevor\/product\/JCBTZ2GOGYQG69XUG\/airbrush-sets-a100-2.4-pt.jpg\" \/><\/div><div class=\"section-mobile-img\"><img decoding=\"async\" src=\"\/vevor\/product\/JCBTZ2GOGYQG69XUG\/airbrush-sets-a100-2.4-pt.jpg\" \/><\/div><div class=\"section-desc\">Kvaliteetne mootor meie air brush set v\u00f5imaldab joosta stabiilselt madal m\u00fcratase 47dB. Saate keskenduda oma loomingut vaiksem ja mugavam t\u00f6\u00f6keskkond, mis teeb oma t\u00f6\u00f6d t\u00f5husamaks.<\/div><\/div><div class=\"section\"><div class=\"section-title\"><\/div><div class=\"section-img small\"><img decoding=\"async\" src=\"\/vevor\/product\/JCBTZ2GOGYQG69XUG\/airbrush-sets-a100-2.5-pt.jpg\" \/><\/div><div class=\"section-mobile-img\"><img decoding=\"async\" src=\"\/vevor\/product\/JCBTZ2GOGYQG69XUG\/airbrush-sets-a100-2.5-pt.jpg\" \/><\/div><div class=\"section-desc\">\u00d5hu pintsliga v\u00e4rvimine komplekt on FDA (toidu-ohutu t\u00f5estatud, mist\u00f5ttu see sobib toidu valmistamiseks nagu n\u00e4iteks koogid ja magustoidud, ohutuse tagamine lastele. Saate seda kasutada ka mudeli v\u00e4rvimine, nail art, meik pihustamine, graffiti, maali, ja keha meik.<\/div><\/div><div class=\"section\"><div class=\"section-img small\"><img decoding=\"async\" src=\"\/vevor\/product\/JCBTZ2GOGYQG69XUG\/airbrush-sets-a100-1.11-pt.jpg\" \/><\/div><div class=\"section-mobile-img\"><img decoding=\"async\" src=\"\/vevor\/product\/JCBTZ2GOGYQG69XUG\/airbrush-sets-a100-1.11-pt.jpg\" \/><\/div><\/div><\/div><\/body><\/html><\/div>\n<div class=\"DM_at-title\" id=\"js-DM_at-title\"> <div>Toote spetsifikatsioon<\/div> <i class=\"icon-arrowup_line\"><\/i> <\/div><div class=\"DM_at-goodsDescAttr\" id=\"js-DM_at-goodsDescAttr\"> <div class=\"DM_at-goodsDescAttrInner\"> <dl class=\"goodsDesc_item goodsDesc_item_even\"> <dt>Punkt Mudeli Number<\/dt> <dd> TC-20B<\/dd> <\/dl> <dl class=\"goodsDesc_item\"> <dt>Sisendv\u00f5imsus<\/dt> <dd> 1\/6hp\uff0c120W<\/dd> <\/dl> <dl class=\"goodsDesc_item goodsDesc_item_even\"> <dt>\u00d5hu Paagi Maht<\/dt> <dd> 3.5 L<\/dd> <\/dl> <dl class=\"goodsDesc_item\"> <dt>Vooliku Pikkus<\/dt> <dd> 6 ft \/ 1.83 m<\/dd> <\/dl> <dl class=\"goodsDesc_item goodsDesc_item_even\"> <dt>R\u00f5hk<\/dt> <dd> 15-50 PSI<\/dd> <\/dl> <dl class=\"goodsDesc_item\"> <dt>\u00d5huvoolu<\/dt> <dd> 23-25 L\/Min<\/dd> <\/dl> <dl class=\"goodsDesc_item goodsDesc_item_even\"> <dt>Otsik<\/dt> <dd> 0,3 mm<\/dd> <\/dl> <dl class=\"goodsDesc_item\"> <dt>Tassi Mahutavus<\/dt> <dd> 9 ml \/ oz 0.3<\/dd> <\/dl> <dl class=\"goodsDesc_item goodsDesc_item_even\"> <dt>Maksimaalsed M\u00f5\u00f5tmed(Pxlxk)<\/dt> <dd> 12.2 x 5,5 x 15.4 in \/ 310 x 140 x 390 mm<\/dd> <\/dl> <dl class=\"goodsDesc_item\"> <dt>Neto Kaal(sealhulgas k\u00f5ik tarvikud)<\/dt> <dd> 12.1 lbs \/ 5.5 kg<\/dd> <\/dl> <\/div> <\/div>","protected":false},"excerpt":{"rendered":"<ul>\n<li> V\u00f5imas ja Stabiilne J\u00f5udlus: Varustatud 2 jahutuse f\u00e4nnid 23-25 L\/Min \u00f5huvool, meie pen komplekt tagab v\u00e4ga hea jahutuse v\u00f5imeid pikemat kasutamist, kaitstes masinat \u00fclekuumenemist. Masin t\u00f6\u00f6tab \u00fchtlaselt ja vaikselt juures 47dB, luues mugavam pritsimise kogemus teile. <\/li>\n<li> Hea Atomization Efekt: 3,5 L suur \u00f5hu storage tank air brush set tagab stabiilsema \u00f5hu r\u00f5hk v\u00e4ljund ja t\u00e4iuslik atomization m\u00f5ju. Reguleeritav \u00f5hu r\u00f5hk saab t\u00e4pselt m\u00e4\u00e4rata teie n\u00f5utava taseme saavutamine eri pritsimise m\u00f5ju. See l\u00f5peb automaatselt teatud surve, mist\u00f5ttu on turvalisem kasutada. <\/li>\n<li> Professionaalse Kvaliteediga 0,3 mm Pen: Kui 0,3 mm suurus on t\u00e4iuslik k\u00e4itlemise v\u00e4ikeste objektide ja \u00fcksikasjalikud pihustamisel. Professionaalne 8MAC (Mikro-\u00d5hu-Channel) s\u00fcsteem v\u00f5imaldab k\u00f5rge micronization pihustamine, pakkudes suurep\u00e4rast atomization ja t\u00e4pne spray kontrolli. Meie pen komplekt koos kompressor annab teile sujuvam pritsimise kogemus. <\/li>\n<li> P\u00f5hjalik Lisavarustus: Meie air brush maali komplekt sisaldab 0,3 mm pen set (t\u00f6\u00f6riistakast, 0,3 mm pen komponent, kiir\u00fchendus, tilguti voolikut, wrench), p\u00f5imitud voolik, pen omanik, v\u00e4rv ratta kaardi, 5 pintslite, 5 puhastus-vardad ja k\u00e4sitsi. See on mugav nii kasutus-ja hooldusjuhend. <\/li>\n<li> Mitmek\u00fclgne Kasutamine: pen komplekt koos \u00f5hukompressor on FDA (toidu-ohutu, mist\u00f5ttu see sobib toidu valmistamiseks nagu n\u00e4iteks koogid ja magustoidud. Lisaks, see vastab teie ametialaste vajadustega mudeli v\u00e4rvimine, nail art, meik pihustamine, graffiti, maali, ja keha meik. <\/li>\n<\/ul>","protected":false},"featured_media":314983,"comment_status":"closed","ping_status":"open","template":"","meta":{"om_disable_all_campaigns":false,"_monsterinsights_skip_tracking":false,"_monsterinsights_sitenote_active":false,"_monsterinsights_sitenote_note":"","_monsterinsights_sitenote_category":0,"_uf_show_specific_survey":0,"_uf_disable_surveys":false},"location":[1935,1934],"product_brand":[21],"product_cat":[3212,2445,3211,2446],"product_tag":[],"class_list":{"0":"post-47316","1":"product","2":"type-product","3":"status-publish","4":"has-post-thumbnail","6":"location-supplier_stock_location","7":"location-local_stock_location","8":"product_brand-vevor","9":"product_cat-airbrush-compressor-combo-kit","10":"product_cat-appliances","11":"product_cat-arts-crafts-supplies","12":"product_cat-crafts-sewing","14":"first","15":"outofstock","16":"taxable","17":"shipping-taxable","18":"purchasable","19":"product-type-simple"},"aioseo_notices":[],"jetpack_sharing_enabled":true,"locations":[{"id":1935,"name":"Pieg\u0101d\u0101t\u0101ja noliktav\u0101 (5-7d.d.)","slug":"supplier_stock_location","quantity":"0"},{"id":1934,"name":"R\u012bgas veikal\u0101 (0-2d.d.)","slug":"local_stock_location","quantity":"0"}],"_links":{"self":[{"href":"https:\/\/vevorshop.lv\/et\/wp-json\/wp\/v2\/product\/47316","targetHints":{"allow":["GET"]}}],"collection":[{"href":"https:\/\/vevorshop.lv\/et\/wp-json\/wp\/v2\/product"}],"about":[{"href":"https:\/\/vevorshop.lv\/et\/wp-json\/wp\/v2\/types\/product"}],"replies":[{"embeddable":true,"href":"https:\/\/vevorshop.lv\/et\/wp-json\/wp\/v2\/comments?post=47316"}],"wp:featuredmedia":[{"embeddable":true,"href":"https:\/\/vevorshop.lv\/et\/wp-json\/wp\/v2\/media\/314983"}],"wp:attachment":[{"href":"https:\/\/vevorshop.lv\/et\/wp-json\/wp\/v2\/media?parent=47316"}],"wp:term":[{"taxonomy":"location","embeddable":true,"href":"https:\/\/vevorshop.lv\/et\/wp-json\/wp\/v2\/location?post=47316"},{"taxonomy":"product_brand","embeddable":true,"href":"https:\/\/vevorshop.lv\/et\/wp-json\/wp\/v2\/product_brand?post=47316"},{"taxonomy":"product_cat","embeddable":true,"href":"https:\/\/vevorshop.lv\/et\/wp-json\/wp\/v2\/product_cat?post=47316"},{"taxonomy":"product_tag","embeddable":true,"href":"https:\/\/vevorshop.lv\/et\/wp-json\/wp\/v2\/product_tag?post=47316"}],"curies":[{"name":"wp","href":"https:\/\/api.w.org\/{rel}","templated":true}]}}