{"id":47331,"date":"2024-11-19T14:07:05","date_gmt":"2024-11-19T14:07:05","guid":{"rendered":"http:\/\/vevorshop.edigo.lv\/Prece\/vevor-hydraulic-toe-jack-10-ton-on-toe-toe-jack-lift-20-ton-on-top-lift-capacity-machine-jack-1-2-7-5-in-toe-height-12-6-18-9-in-top-height-air-hydraulic-claw-jack-for-machinery-industry\/"},"modified":"2026-04-20T04:14:06","modified_gmt":"2026-04-20T01:14:06","slug":"vevor-hydraulic-toe-jack-10-ton-on-toe-toe-jack-lift-20-ton-on-top-lift-capacity-machine-jack-1-2-7-5-in-toe-height-12-6-18-9-in-top-height-air-hydraulic-claw-jack-for-machinery-industry","status":"publish","type":"product","link":"https:\/\/vevorshop.lv\/et\/Prece\/vevor-hydraulic-toe-jack-10-ton-on-toe-toe-jack-lift-20-ton-on-top-lift-capacity-machine-jack-1-2-7-5-in-toe-height-12-6-18-9-in-top-height-air-hydraulic-claw-jack-for-machinery-industry\/","title":{"rendered":"VEVOR H\u00fcdrauliline Varbast Tungraud 10 t Varbal \/ 20 t \u00dclal, 30\u2013190 mm Varba K\u00f5rgus, 320\u2013480 mm \u00dclaosa, T\u00f6\u00f6stuseks"},"content":{"rendered":"<div style=\"color: #fff!important; font-size: 16px; height: 24px; line-height: 24px; margin-top: -24px; \" class=\"product_original_name\">VEVOR Hydraulic Toe Jack, 10 Ton On Toe Toe Jack Lift, 20 Ton On Top Lift Capacity Machine Jack, 1.2-7.5 in Toe Height, 12.6-18.9 in Top Height, Air Hydraulic Claw Jack for Machinery, Industry<\/div>\n<div style=\"color: #fff!important; font-size: 16px; height: 24px; line-height: 24px; margin-top: -24px; \" class=\"product_sku\">M4I4LO6A<\/div>\n<div style=\"color: #fff!important; font-size: 16px; height: 24px; line-height: 24px; margin-top: -24px; \" class=\"product_mpn\">JZQJDWQBKXZ1ZCJXYV0<\/div><div id=\"js-DM_at-goodDescRich\"><html><head><style>  body {    font-family: Arial;    line-height: 1.5;    color: #1c1c1c;    overflow-x: hidden;    margin: 0;    padding: 0;  }  .MsoNormal b {    font-weight: bolder;  }<\/style><style>  .container.small {    width: 970px;    margin: 0 auto;  }  .logo {    margin: 0 auto 0;  }  .logo img {    display: block;    margin: 0 auto;    max-width: 100%;  }  .logo .pc-banner {    display: block;    width: 1200px;    height: 247.4px;    margin: 0 auto;  }  .logo .pc-banner.small {    width: 970px;  }  .logo .pc-banner.small img {    height: auto!important;  }  .logo .m-banner {    display: none;  }  .ytvideo {    position: relative;    height: 546px;    width: 100%;    margin: 0 auto;  }  .ytvideo img {    width: 100%;    margin: 0 auto;  }  .ytvideo .play-btn {    width: 60px;    height: 42px;    position: absolute;    top: 50%;    left: 50%;    transform: translate(-50%, -50%);    background: url(\"data:image\/png;base64,iVBORw0KGgoAAAANSUhEUgAAAGQAAABGCAMAAAANWMFbAAAC+lBMVEUAAADBGB3kLCfBGB3kLCfcJC7BFx3KKSbiKybkLCbWJCPSIiLSIiLPICHAFx3kLCfgKSXNHiDZJiTIGx\/p4eHcjo7LHSDbJyTkLCbjKyfOHyHPIiL28fHJHB\/GGh7EGR7eKCXDGB3RISHlLSbBGB3AFxzGHB7DGB7BGB3hKybkKybAFx3lLCfAFxzDGR3hKibDGB7cJyTmz8\/elJTlwcHjurrUIyLlLSflLSfAFx3DGR7lLSfCFx3hKibhKibhKybjKybkLCblLSfbJSX49vbx7e3NNzjNMTLMJyjVIyLZf3\/ZQ0LaeHjx0tLgoqLkLCfCGB3HGx\/BGB3BFx3PICHCGB7WJCLOHyC\/Fxy\/Fx3lLCfQISHkLSe\/FxzbJiTBFx3FGx\/AGB7BFx3EGR7AGB3HHSDfKiXAFh3TISHYNzbhKibbJyTTIiL57e325+f039\/v2NjUV1fOHiHiqanfmprch4feKSXVIyPOICHmLibFGh\/mLSe\/Fx7XJCPeKSXXJSPNHyHaJyTGGh7lLCbmLCflLSjSIiLkLCbdKSXLHiC\/GB3KHh++Fh3lKyfoLiXcKCPkx8fYb2\/XaGfVXl3aU1LLHiDksbHgKibPICHbJyTfKSXbJyTCGB3KHSDiKybFGh7TIiL\/\/\/\/VIyPRISHIHB\/GGx\/HHB\/DGR7gKibdKCXLHiDZJiTMHiDNHyHYJSTOICHPICHWJCPcKCXXJSPjLCblLCf+\/f3NGR\/uLijzLynPGR\/IGB7WISHaIyLLGh7UAADxLynNAADRLzDbICLQAADIAAD3MCrUHSHXMTDpKSbLAADp5OTij4\/ejo\/VLy\/1LyngJSTcJCPQHx\/OHB7+\/PzaMS\/OLS\/vLijrLSjSAADaNTPwLyjkKSbNJCbYISHPHB\/KGB7WAAD7+vrn3d3aKynTKCjoLCfsKifRGh\/YAADq5+fhjo7QNDXXKCfmJyXt5+fTLzDLLi\/QKivYHRvMGBrQJCXLISPMExXLDxLaEAvkkI\/bOTfaFQ\/SCgpvLcnHAAAAmnRSTlMA+vv7+gT9Bvf9+8z8\/NSv\/Pr5+P7++vnQIBMP\/v38\/Pn348XDiCYf9OjbzcqxXVcx\/fz8+\/rj1r2poo1+fXFqX0orGP7+\/v7+\/fz8+\/r68uzn4trIxsG\/vri3p6GcmZSNbWVYUUZEPQv+\/f39+\/v7+\/v7+vr64tvV1NTTz87FtbSurqeblJKFg4B3bUY+NjL7+\/v7+\/v67t1cDo8JLQAABkRJREFUWMO0kz9rwkAYh0OIeJkum6YugUAhISCdKoj\/P4C7SMdS+gEKIhSKil10LSg4mzXkILdlEpxCpwTiWOLX6BujvQaEQuGeHLnL+\/64J+SIcKGYTYWnntpdLjrVdqvZmNdn0+EE40GtpuuWVS6Xx6N7YDSGpWXpeq02wHgynM7q80az1a52HpddtVcpsi1zFARBrdaxbhp9iUReTGmwA4KAAr7vx3EYejnCMI6hQYEgy0LQi4jUN0wL19vqFcUC9\/1dAKmEEFkWRYkh5oBejnxQJiSJPJ\/uKBp0Thszx9Mw8hMRIQjKsptCfuES9zr5WJY6vSFCIvE9fCMUmEM1A1kSXcYGxgVYsvI1IPKTZciSTI0us\/SMGG04gDzELDoFBwdcFJrF88dqgYMTiL6DILWYyfOWE8\/kIz38olCNlC03FK95+imxp6y4oUSvAnBjHHhKNtotSDqJzVFiK8c2SBqhZtsrTtgrLXwAyduxZHNE26eHUt5rtuM4WSmds3G+sUdWYo1L+XyxButoh5eKUHk5lByO3G1LqqCWVnfrv\/lyPtf\/4ps1cndNGIri8J1TJ0lx6dR\/oPjq1nbRwdp2dCk4CtIOLW3pVKRL6WZfS5vF2KkIQhpwSsjiYIgNCs1gEMGqiIq24NQX9NwoXFy8Ufrl3twTcg4fv8T9\/JBEySduj6Mjm4bMzYV7EEOxKjjoNDud7yY3Dy71Hq2oLmqfbNR723edH9PgMrNL2utoQ3VmaIDkiw\/4w51P06hlZsTZvkRrbVuSIs\/zwSOsycgzStQouoAkWQqioRT5XI7n2Z1wfVhoZmcAJLsoqjqpjbWCgpOAJXBwHK8PzWbNvoUZJND5wCnSkLAkZ1legx6vqQzjoiTahKlGUGLAiIIoABOHaNVw4sexZBym6\/HWlH5h3IC7yRbxtipcWxdTOkORKiNQAEkFf66x5S2oeRbroOlLgg0sSYkR0hRGEqJZ0jTPiQKatESdBckpWigxaapEH0lImHdWu9pUFF2XqMNM2Z4kped7IwEJw2qabwtrQqnpw6HyKkgcadKWsmpywwesDyIhYRpdzXddqegtGIJlXbAIUMOLkGxJUjRIkokwjUaX9d\/kK62ps\/tYUqZLIMkLTyBhsMZ3C5Z\/kDxOSCb\/DOs\/\/J0qcWSX\/2ipe56EgTCA4\/cB7NAYOsni4mZM1MUPAISoEwkDi4lhVBQ1cWQyIcwalw4EpqZN68JUSK7XC0kTlkLYii5uXSC8jT5ncCAS7mjCv0uHp\/3lueHEEAeQ\/\/VgmdN71\/2uCSA1Xr6DO6uI6sW56zqT2tp2PhgiRUAajV8CY2fkcz6WGNKMgLAt7tJAhD4YHMTeRxlALE6+43WqjSWi8ITxyJl8WrwWSNESQZZOqhDDntO3hJLsd5RtSpbJqdv3YrDJH3F7jL1R2O2aQkn2MyCyKYz0GPGIvSAMgBCrCEiJyKbBaYGwLW4uPRr0A0M4Ux5kUI7IBh+hMdiCEWNqhMZGyYMsOgNE58UQuEQeUnSWCMYwL54hkxK6IoqucQZbQ3pc3XtL0lky1dL0zZJJDpWJovFqpWj6JEHnyam2eQp5QRVAVHjWparTOaVwUOx99YS2MvgxIGV0bb+qIg2HX2qkFFJB+XZcbLiuRkuxD9GRroKyveLxdh4d7Orx+hb7qc3uVRuEogCOnyIxm4ubUoPgF4jianDrC+SDQDKEfJb0GUKmjCGPYHGJvVC6X4hw1\/sAfQAdfYyephIaspXe36RwOP+Ljvfx9B6B3i+Nk0DGq+oCbLn6JpBa9nWAveAIHwFAwtVcIJXPMPL8kRu5OAYPMaL1WScTxjiZDqB9LTJSWphow\/pTYKRTLjCBhvi9iBidvKcDasGSm0QQkycYuLBqj6QCELPctqChDWpTRMWkngNNpQ1Pfp1KkiT\/Y0DGffXAweUNfLAfaJFKDwhb6I+bkYRbkERoEeu3Fyjg2opMz2daZCS9jt6Q7txNfB+OZEVF6Zl5web2xunnLQrtrjXseXKaFYziYINeMFZVxS9VxRhOoesYwxPKXm+gWLG9cuFeq93UNNeJNsf1KlwuDok9n02n3TgIJpOxNfL9naIoQwXtfH9kjceTIIi709ncTg6LZbg+biLH1V6u\/7rxBem06VXKn9raAAAAAElFTkSuQmCC\")      no-repeat center center \/ contain;  }  @media screen and (max-width: 960px) and (orientation: portrait) {    .logo {      width: 100%;    }    .logo .pc-banner {      display: none;    }    .logo .m-banner {      display: block;      width: 100%;    }    .logo .m-banner img {      height: auto!important;    }    .ytvideo {      height: 200px;      width: 100%;    }  }<\/style><style>  .video-section {    width: 100%;    margin: 0 auto;  }  .video-section > img {    width: 100%;  }  .video-section iframe,  .video-section video {    width: 100%;    height: 100%;      }  .video-section-img-m,  .video-section-img-pc > img {    width: 100%;    height: auto;  }  .video-section-img-pc.small > img {    width: 970px;  }  .video-desc {    line-height: 1.5;    font-size: 20px;    font-weight: 400;    margin: 20px 0;    text-align: center;    color: #0f1111;    word-break: break-word;  }  @media screen and (max-width: 960px) and (orientation: portrait) {    .video-section {      width: 100%;    }    .video-section-pc,    .video-section-img-pc {      display: none;    }    .video-section-m,    .video-section-img-m {      display: block;    }    .video-desc {      font-size: 15px;    }  }  @media screen and (min-width: 960px) {    .video-section {      width: 100%;      margin: 0 auto;    }    .video-section-pc,    .video-section-img-pc {      display: block;    }    .video-section-m,    .video-section-img-m {      display: none;    }    .video-desc {      font-size: 20px;    }  }<\/style><style>  .section + .section {    margin-top: 35px;  }  .section-title {    text-align: center;    font-weight: bold;    color: #0d1111;    font-family: \"Arial\";    font-size: 32px;    margin: 15px 0;  }  .section-title:empty {    display: none;  }  .section-desc {    text-align: center;    font-weight: normal;    color: #0d1111;    margin-top: 20px;  }  .section-desc:empty {    display: none;  }  .section-img {    width: 1200px;    height: 492px;    margin: 0 auto;    display: block;  }  .section-img.small {    width: 970px;    height: auto;  }  .section-img.small > img {    height: auto;  }  .section-img > img {    width: 100%;    height: 100%;  }  .section-mobile-img {    display: none;    max-width: 100vw;    max-height: 75vw;    height: 450px;    margin: 0 auto;  }  .section-mobile-img > img {    width: 100%;    height: 100%;  }  @media screen and (max-width: 960px) and (orientation: portrait) {    .container {      width: 100%;    }    .container.small {      width: 100%;    }    .section-mobile-img {      display: block;    }    .section-img {      display: none;    }    .section-title {      font-size: 22px;      margin: 10px 0;    }    .section-desc {      margin-top: 10px;    }    .section + .section {      margin-top: 20px;    }  }<\/style><\/head><body><div class=\"container\"><div class=\"logo\"><div class=\"pc-banner\"><div><img decoding=\"async\" src=\"\/vevor\/vevor\/boutique-banner\/pc\/en-pc@1x.jpg\" style=\"width: 100%;\" \/><\/div><\/div><div class=\"m-banner\"><div><img decoding=\"async\" src=\"\/vevor\/vevor\/boutique-banner\/mobile\/en-m@1x.jpg\" style=\"width: 100%;\" \/><\/div><\/div><\/div><div class=\"section-title\">10 Tonni H\u00fcdraulilise Varba Jack<\/div><div class=\"video-section\"><div class=\"video-section-img-pc\"><img decoding=\"async\" src=\"\/vevor\/product\/JZQJDWQBKXZ1ZCJXY\/toe-jack-a100-1.4.jpg\" alt=\"VEVOR h\u00fcdrauliline varba jack autode hooldus, ehitus, ehitus, seadmete k\u00e4sitsemise ja sulatus masinad.\" \/><\/div><div class=\"video-section-img-m\"><img decoding=\"async\" src=\"\/vevor\/product\/JZQJDWQBKXZ1ZCJXY\/toe-jack-a100-1.4-m.jpg\" alt=\"VEVOR h\u00fcdrauliline varba jack autode hooldus, ehitus, ehitus, seadmete k\u00e4sitsemise ja sulatus masinad.\" \/><\/div><div class=\"section-desc\">Mitmek\u00fclgne varba jack koos t\u00f6\u00f6stus-klassi kvaliteediga, see lihtsustab t\u00f5ste-ja hooldust\u00f6\u00f6d vaevata. Laialdaselt kasutatakse, auto remont, seadmed k\u00e4sitsemise, ehitus-ja sulatus t\u00f6\u00f6d, see pakub olulist abi mitu stsenaariumi kergust.<\/div><\/div><div class=\"section\"><div class=\"section-title\"><\/div><div class=\"section-img\"><img decoding=\"async\" src=\"\/vevor\/product\/JZQJDWQBKXZ1ZCJXY\/toe-jack-a100-2.2.jpg\" alt=\"VEVOR h\u00fcdrauliline varba jack koos 10-tonnise madalat profiili varba laagri-ja 20-tonnise suure mahutavuse top t\u00f5ste valikud\" \/><\/div><div class=\"section-mobile-img\"><img decoding=\"async\" src=\"\/vevor\/product\/JZQJDWQBKXZ1ZCJXY\/toe-jack-a100-2.2-m.jpg\" alt=\"VEVOR h\u00fcdrauliline varba jack koos 10-tonnise madalat profiili varba laagri-ja 20-tonnise suure mahutavuse top t\u00f5ste valikud\" \/><\/div><div class=\"section-desc\">Kaks kandepunkti: \u00dclemine ja varvas, erineva kaaluv\u00f5imega. Varvas t\u00f5stab madala \u0161assiiga s\u00f5idukeid ja seadmeid, \u00fclemine aga raskeid t\u00f6\u00f6stusseadmeid. See on ideaalne lahendus erinevate s\u00f5idukite ja masinate t\u00f5stmiseks, t\u00f5stega seotud v\u00e4ljakutsete h\u00f5lpsaks lahendamiseks.<\/div><\/div><div class=\"section\"><div class=\"section-title\"><\/div><div class=\"section-img\"><img decoding=\"async\" src=\"\/vevor\/product\/JZQJDWQBKXZ1ZCJXY\/toe-jack-a100-2.3.jpg\" alt=\"VEVOR h\u00fcdrauliline varba jack t\u00f5ste madala kliirensiga seadmed 1.2-tolline ultra-madala profiiliga disain.\" \/><\/div><div class=\"section-mobile-img\"><img decoding=\"async\" src=\"\/vevor\/product\/JZQJDWQBKXZ1ZCJXY\/toe-jack-a100-2.3-m.jpg\" alt=\"VEVOR h\u00fcdrauliline varba jack t\u00f5ste madala kliirensiga seadmed 1.2-tolline ultra-madala profiiliga disain.\" \/><\/div><div class=\"section-desc\">Toe\/top k\u00f5rgused reguleeritavad erinevates olukordades. Lihtsalt pannakse madal kliirens valdkondades, vaid paar minutit vaeva, liftid s\u00f5idukid\/t\u00f6\u00f6stuslikud seadmed, kiiresti ja t\u00f5husalt, hoides kokku aega ja kulusid.<\/div><\/div><div class=\"section\"><div class=\"section-title\"><\/div><div class=\"section-img\"><img decoding=\"async\" src=\"\/vevor\/product\/JZQJDWQBKXZ1ZCJXY\/toe-jack-a100-2.4.jpg\" alt=\"VEVOR h\u00fcdrauliline varba jack paksude kevadel, tahke \u00fclaosa, ja vastupidav \u00fches t\u00fckis k\u00fc\u00fcnis jaoks stabiliseeritud t\u00f5stmiseks.\" \/><\/div><div class=\"section-mobile-img\"><img decoding=\"async\" src=\"\/vevor\/product\/JZQJDWQBKXZ1ZCJXY\/toe-jack-a100-2.4-m.jpg\" alt=\"VEVOR h\u00fcdrauliline varba jack paksude kevadel, tahke \u00fclaosa, ja vastupidav \u00fches t\u00fckis k\u00fc\u00fcnis jaoks stabiliseeritud t\u00f5stmiseks.\" \/><\/div><div class=\"section-desc\">Kvaliteetsed komponendid tagavad stabiilse t\u00f5stmiseks. Paks ja elastne compression springs pakkuda stabiilsust ja usaldusv\u00e4\u00e4rne tagasil\u00f6\u00f6gi. Laienenud \u00fclemine pind k\u00e4epidemed suured seadmed vaevata, samal ajal kui \u00fches t\u00fckis k\u00fc\u00fcnis disain tagab tugev kaalu-laager.<\/div><\/div><div class=\"section\"><div class=\"section-title\"><\/div><div class=\"section-img\"><img decoding=\"async\" src=\"\/vevor\/product\/JZQJDWQBKXZ1ZCJXY\/toe-jack-a100-2.5.jpg\" alt=\"VEVOR h\u00fcdrauliline varba jack koos plahvatus-t\u00f5end, korrosioon-vastupidavad, lekke-vastupidavad, \u00f5mbluseta terasest kiht.\" \/><\/div><div class=\"section-mobile-img\"><img decoding=\"async\" src=\"\/vevor\/product\/JZQJDWQBKXZ1ZCJXY\/toe-jack-a100-2.5-m.jpg\" alt=\"VEVOR h\u00fcdrauliline varba jack koos plahvatus-t\u00f5end, korrosioon-vastupidavad, lekke-vastupidavad, \u00f5mbluseta terasest kiht.\" \/><\/div><div class=\"section-desc\">Kolmekordsete roostekindlate kihtidega \u00f5mblusteta keevitatud konstruktsioon tagab ohutuse ja vastupidavuse. See on seest plahvatuskindel ja lekkekindel, v\u00e4ljast aga korrosioonikindel. Lisaks tagavad kulumiskindlad peav\u00f5llid, h\u00fcdrolaagrid ja terasest r\u00f5ngastihendid kauakestva j\u00f5udluse.<\/div><\/div><div class=\"section\"><div class=\"section-img\"><img decoding=\"async\" src=\"\/vevor\/product\/JZQJDWQBKXZ1ZCJXY\/toe-jack-a100-1.11.jpg\" alt=\"VEVOR h\u00fcdrauliline varba jack 20 tonni v\u00f5imsus, 11.7 x 8.3 x 12.4 suurus, ja 73.9 lbs kaal.\" \/><\/div><div class=\"section-mobile-img\"><img decoding=\"async\" src=\"\/vevor\/product\/JZQJDWQBKXZ1ZCJXY\/toe-jack-a100-1.11-m.jpg\" alt=\"VEVOR h\u00fcdrauliline varba jack 20 tonni v\u00f5imsus, 11.7 x 8.3 x 12.4 suurus, ja 73.9 lbs kaal.\" \/><\/div><\/div><\/div><\/body><\/html><\/div>\n<div class=\"DM_at-title\" id=\"js-DM_at-title\"> <div>Toote spetsifikatsioon<\/div> <i class=\"icon-arrowup_line\"><\/i> <\/div><div class=\"DM_at-goodsDescAttr\" id=\"js-DM_at-goodsDescAttr\"> <div class=\"DM_at-goodsDescAttrInner\"> <dl class=\"goodsDesc_item goodsDesc_item_even\"> <dt>Punkt Mudeli Number<\/dt> <dd> 107A-0010-00-00<\/dd> <\/dl> <dl class=\"goodsDesc_item\"> <dt>Toote Suurus<\/dt> <dd> 11.7 x 8.3 x 12.4 tolline \/ 297 x 210 x 315 mm<\/dd> <\/dl> <dl class=\"goodsDesc_item goodsDesc_item_even\"> <dt>Max Kandev\u00f5ime<\/dt> <dd> 20 Tonni \/ 44000 lbs (Top), 10 T \/ 22000 lbs (Varvas)<\/dd> <\/dl> <dl class=\"goodsDesc_item\"> <dt>Lift Valik<\/dt> <dd> 12.6-18.9-tolline \/ 320-480 mm (Top), 1.2-7.5 tolli \/ 30-190 mm (Varvas)<\/dd> <\/dl> <dl class=\"goodsDesc_item goodsDesc_item_even\"> <dt>Neto Kaal<\/dt> <dd> 73.9 lbs \/ 33.5 kg (K\u00f5ik tarvikud kaasas)<\/dd> <\/dl> <\/div> <\/div>","protected":false},"excerpt":{"rendered":"<ul>\n<li> Tugev kandev\u00f5ime: Mille t\u00f5stev\u00f5ime on kuni 20 tonni (\u00fcleval) ja 10 tonni (toe), siis on ideaalne auto-ja t\u00f6\u00f6stuslikele t\u00f5ste-\u00fclesanded. Ohutult t\u00f5sta s\u00f5idukite kergust, tehes t\u00f5ste-v\u00e4simatu ja juhitavuse jaoks \u00fcks operaator. <\/li>\n<li> Vastab Eri K\u00f5rgus N\u00f5uded: Top K\u00f5rgus Vahemik: 12.6-18.9 tolline (320-480 mm) \/ Toe K\u00f5rgus Vahemik: 1.2-7.5 tolli (30-190 mm), see n\u00e4eb, et erinevate k\u00f5rguste vahemikke, lahendada t\u00f5stmise probleeme madala profiiliga seadmed. Lihtsalt, lift madal kliirens s\u00f5idukite, t\u00f6\u00f6stuse seadmed ja mahutid, kasutatakse laialdaselt s\u00f5iduki hooldus -, ehitus-toimingud, seadmete k\u00e4sitsemise ja rohkem. <\/li>\n<li> Mugav ja Vaevatu T\u00f5ste: mis on Varustatud 3-astmeline kokkupandav k\u00e4epide, see v\u00f5imaldab paindlikku kohandamist k\u00e4epide pikkus vastavalt olukorrale. Pikendatud k\u00e4epide pakub laiemat valikut algatusel, tehes t\u00f5ste rohkem sujuv ja stabiilne, vastupidav ehitus vastupidavad purunemist. Kui seda ei kasutata, siis saab lahti v\u00f5tta ja ladustada kompaktselt, s\u00e4\u00e4stes ruumi ja suurendada mugavust. <\/li>\n<li> Rooste-Vastupidavad \u00d5mblusteta ja Keevitatud Terasest: Featuring t\u00e4ielikult keevitatud struktuur tagab stabiilsuse ja v\u00e4hendada ohtu, et \u00f5li lekke. Seotud vastupidav tihendid, see v\u00e4hendab h\u00f5\u00f5rdumist sisemine varras, sobib sage t\u00f5stet\u00f6id. V\u00e4limine kiht on kaetud korrosiooni-vastupidavad l\u00f5peta, tagades pikaajalise ohutuse ja vastupidavuse. <\/li>\n<li> Ohutu ja T\u00f5rgeteta Toimimine: Varustatud integreeritud \u00fclekoormus kaitse, valve s\u00fcsteemi, see takistab kiire laskumise t\u00f5ttu \u00fclekoormus, millega tagatakse ohutu t\u00f5stet\u00f6id. Lisaks on paks ja tihe compression springs pakkuda vastupidavust, v\u00e4hendada ohtu, deformatsioon ja purunemine, tagades sujuva ja turvalise t\u00f5stmiseks. <\/li>\n<\/ul>","protected":false},"featured_media":315007,"comment_status":"closed","ping_status":"open","template":"","meta":{"om_disable_all_campaigns":false,"_uf_show_specific_survey":0,"_uf_disable_surveys":false},"location":[1935,1934],"product_brand":[21],"product_cat":[133,2580,2462,4190],"product_tag":[],"class_list":{"0":"post-47331","1":"product","2":"type-product","3":"status-publish","4":"has-post-thumbnail","6":"location-supplier_stock_location","7":"location-local_stock_location","8":"product_brand-vevor","9":"product_cat-automotive","10":"product_cat-car-jacks","11":"product_cat-shop-equipment","12":"product_cat-toe-jacks-car-jacks","14":"first","15":"instock","16":"taxable","17":"shipping-taxable","18":"purchasable","19":"product-type-simple"},"aioseo_notices":[],"locations":[{"id":1935,"name":"Pieg\u0101d\u0101t\u0101ja noliktav\u0101 (5-7dd)","slug":"supplier_stock_location","quantity":"46"},{"id":1934,"name":"R\u012bgas veikal\u0101 (0-2d.d.)","slug":"local_stock_location","quantity":"0"}],"_links":{"self":[{"href":"https:\/\/vevorshop.lv\/et\/wp-json\/wp\/v2\/product\/47331","targetHints":{"allow":["GET"]}}],"collection":[{"href":"https:\/\/vevorshop.lv\/et\/wp-json\/wp\/v2\/product"}],"about":[{"href":"https:\/\/vevorshop.lv\/et\/wp-json\/wp\/v2\/types\/product"}],"replies":[{"embeddable":true,"href":"https:\/\/vevorshop.lv\/et\/wp-json\/wp\/v2\/comments?post=47331"}],"wp:featuredmedia":[{"embeddable":true,"href":"https:\/\/vevorshop.lv\/et\/wp-json\/wp\/v2\/media\/315007"}],"wp:attachment":[{"href":"https:\/\/vevorshop.lv\/et\/wp-json\/wp\/v2\/media?parent=47331"}],"wp:term":[{"taxonomy":"location","embeddable":true,"href":"https:\/\/vevorshop.lv\/et\/wp-json\/wp\/v2\/location?post=47331"},{"taxonomy":"product_brand","embeddable":true,"href":"https:\/\/vevorshop.lv\/et\/wp-json\/wp\/v2\/product_brand?post=47331"},{"taxonomy":"product_cat","embeddable":true,"href":"https:\/\/vevorshop.lv\/et\/wp-json\/wp\/v2\/product_cat?post=47331"},{"taxonomy":"product_tag","embeddable":true,"href":"https:\/\/vevorshop.lv\/et\/wp-json\/wp\/v2\/product_tag?post=47331"}],"curies":[{"name":"wp","href":"https:\/\/api.w.org\/{rel}","templated":true}]}}