{"id":48263,"date":"2024-11-19T15:01:47","date_gmt":"2024-11-19T15:01:47","guid":{"rendered":"http:\/\/vevorshop.edigo.lv\/Prece\/vevor-rattan-chairs-set-of-4-mid-century-modern-dining-chair-upholstered-velvet-accent-chair-with-rattan-back-retro-dining-room-kitchen-chair-for-living-room-bedroom-reading-room-office-black\/"},"modified":"2026-04-28T22:13:21","modified_gmt":"2026-04-28T19:13:21","slug":"vevor-rattan-chairs-set-of-4-mid-century-modern-dining-chair-upholstered-velvet-accent-chair-with-rattan-back-retro-dining-room-kitchen-chair-for-living-room-bedroom-reading-room-office-black","status":"publish","type":"product","link":"https:\/\/vevorshop.lv\/et\/Prece\/vevor-rotangist-toolide-komplekt-4-sajandi-keskpaiga-kaasaegsest-soogitoolist-polsterdatud-samet-aktsenttool-rotangist-seljaga-retro-soogituba-koogitool-elutoa-magamistoa-lugemissaali-kontori-must\/","title":{"rendered":"VEVOR 4 Musta Rotangist Tooli Komplekt \u2013 Retro Sametist Aktsenttoolid Elutoale, Magamistoale, Kontorile"},"content":{"rendered":"<div style=\"color: #fff!important; font-size: 16px; height: 24px; line-height: 24px; margin-top: -24px; \" class=\"product_original_name\">VEVOR rotangist toolid, 4-liikmeline komplekt, sajandi keskpaiga kaasaegne s\u00f6\u00f6gitool, polsterdatud samet aktsenttool rotangist seljaga, retro s\u00f6\u00f6gitoa k\u00f6\u00f6gitool elutuppa, magamistuba, lugemissaal, kontor, must<\/div>\n<div style=\"color: #fff!important; font-size: 16px; height: 24px; line-height: 24px; margin-top: -24px; \" class=\"product_sku\">M4I4LPD4<\/div>\n<div style=\"color: #fff!important; font-size: 16px; height: 24px; line-height: 24px; margin-top: -24px; \" class=\"product_mpn\">TBYCYTERHS40ZKRPTV0<\/div><div id=\"js-DM_at-goodDescRich\"><html><head><style>  body {    font-family: Arial;    line-height: 1.5;    color: #1c1c1c;    overflow-x: hidden;    margin: 0;    padding: 0;  }  .MsoNormal b {    font-weight: bolder;  }<\/style><style>  .container.small {    width: 970px;    margin: 0 auto;  }  .logo {    margin: 0 auto 0;  }  .logo img {    display: block;    margin: 0 auto;    max-width: 100%;  }  .logo .pc-banner {    display: block;    width: 1200px;    height: 247.4px;    margin: 0 auto;  }  .logo .pc-banner.small {    width: 970px;  }  .logo .pc-banner.small img {    height: auto!important;  }  .logo .m-banner {    display: none;  }  .ytvideo {    position: relative;    height: 546px;    width: 100%;    margin: 0 auto;  }  .ytvideo img {    width: 100%;    margin: 0 auto;  }  .ytvideo .play-btn {    width: 60px;    height: 42px;    position: absolute;    top: 50%;    left: 50%;    transform: translate(-50%, -50%);    background: url(\"data:image\/png;base64,iVBORw0KGgoAAAANSUhEUgAAAGQAAABGCAMAAAANWMFbAAAC+lBMVEUAAADBGB3kLCfBGB3kLCfcJC7BFx3KKSbiKybkLCbWJCPSIiLSIiLPICHAFx3kLCfgKSXNHiDZJiTIGx\/p4eHcjo7LHSDbJyTkLCbjKyfOHyHPIiL28fHJHB\/GGh7EGR7eKCXDGB3RISHlLSbBGB3AFxzGHB7DGB7BGB3hKybkKybAFx3lLCfAFxzDGR3hKibDGB7cJyTmz8\/elJTlwcHjurrUIyLlLSflLSfAFx3DGR7lLSfCFx3hKibhKibhKybjKybkLCblLSfbJSX49vbx7e3NNzjNMTLMJyjVIyLZf3\/ZQ0LaeHjx0tLgoqLkLCfCGB3HGx\/BGB3BFx3PICHCGB7WJCLOHyC\/Fxy\/Fx3lLCfQISHkLSe\/FxzbJiTBFx3FGx\/AGB7BFx3EGR7AGB3HHSDfKiXAFh3TISHYNzbhKibbJyTTIiL57e325+f039\/v2NjUV1fOHiHiqanfmprch4feKSXVIyPOICHmLibFGh\/mLSe\/Fx7XJCPeKSXXJSPNHyHaJyTGGh7lLCbmLCflLSjSIiLkLCbdKSXLHiC\/GB3KHh++Fh3lKyfoLiXcKCPkx8fYb2\/XaGfVXl3aU1LLHiDksbHgKibPICHbJyTfKSXbJyTCGB3KHSDiKybFGh7TIiL\/\/\/\/VIyPRISHIHB\/GGx\/HHB\/DGR7gKibdKCXLHiDZJiTMHiDNHyHYJSTOICHPICHWJCPcKCXXJSPjLCblLCf+\/f3NGR\/uLijzLynPGR\/IGB7WISHaIyLLGh7UAADxLynNAADRLzDbICLQAADIAAD3MCrUHSHXMTDpKSbLAADp5OTij4\/ejo\/VLy\/1LyngJSTcJCPQHx\/OHB7+\/PzaMS\/OLS\/vLijrLSjSAADaNTPwLyjkKSbNJCbYISHPHB\/KGB7WAAD7+vrn3d3aKynTKCjoLCfsKifRGh\/YAADq5+fhjo7QNDXXKCfmJyXt5+fTLzDLLi\/QKivYHRvMGBrQJCXLISPMExXLDxLaEAvkkI\/bOTfaFQ\/SCgpvLcnHAAAAmnRSTlMA+vv7+gT9Bvf9+8z8\/NSv\/Pr5+P7++vnQIBMP\/v38\/Pn348XDiCYf9OjbzcqxXVcx\/fz8+\/rj1r2poo1+fXFqX0orGP7+\/v7+\/fz8+\/r68uzn4trIxsG\/vri3p6GcmZSNbWVYUUZEPQv+\/f39+\/v7+\/v7+vr64tvV1NTTz87FtbSurqeblJKFg4B3bUY+NjL7+\/v7+\/v67t1cDo8JLQAABkRJREFUWMO0kz9rwkAYh0OIeJkum6YugUAhISCdKoj\/P4C7SMdS+gEKIhSKil10LSg4mzXkILdlEpxCpwTiWOLX6BujvQaEQuGeHLnL+\/64J+SIcKGYTYWnntpdLjrVdqvZmNdn0+EE40GtpuuWVS6Xx6N7YDSGpWXpeq02wHgynM7q80az1a52HpddtVcpsi1zFARBrdaxbhp9iUReTGmwA4KAAr7vx3EYejnCMI6hQYEgy0LQi4jUN0wL19vqFcUC9\/1dAKmEEFkWRYkh5oBejnxQJiSJPJ\/uKBp0Thszx9Mw8hMRIQjKsptCfuES9zr5WJY6vSFCIvE9fCMUmEM1A1kSXcYGxgVYsvI1IPKTZciSTI0us\/SMGG04gDzELDoFBwdcFJrF88dqgYMTiL6DILWYyfOWE8\/kIz38olCNlC03FK95+imxp6y4oUSvAnBjHHhKNtotSDqJzVFiK8c2SBqhZtsrTtgrLXwAyduxZHNE26eHUt5rtuM4WSmds3G+sUdWYo1L+XyxButoh5eKUHk5lByO3G1LqqCWVnfrv\/lyPtf\/4ps1cndNGIri8J1TJ0lx6dR\/oPjq1nbRwdp2dCk4CtIOLW3pVKRL6WZfS5vF2KkIQhpwSsjiYIgNCs1gEMGqiIq24NQX9NwoXFy8Ufrl3twTcg4fv8T9\/JBEySduj6Mjm4bMzYV7EEOxKjjoNDud7yY3Dy71Hq2oLmqfbNR723edH9PgMrNL2utoQ3VmaIDkiw\/4w51P06hlZsTZvkRrbVuSIs\/zwSOsycgzStQouoAkWQqioRT5XI7n2Z1wfVhoZmcAJLsoqjqpjbWCgpOAJXBwHK8PzWbNvoUZJND5wCnSkLAkZ1legx6vqQzjoiTahKlGUGLAiIIoABOHaNVw4sexZBym6\/HWlH5h3IC7yRbxtipcWxdTOkORKiNQAEkFf66x5S2oeRbroOlLgg0sSYkR0hRGEqJZ0jTPiQKatESdBckpWigxaapEH0lImHdWu9pUFF2XqMNM2Z4kped7IwEJw2qabwtrQqnpw6HyKkgcadKWsmpywwesDyIhYRpdzXddqegtGIJlXbAIUMOLkGxJUjRIkokwjUaX9d\/kK62ps\/tYUqZLIMkLTyBhsMZ3C5Z\/kDxOSCb\/DOs\/\/J0qcWSX\/2ipe56EgTCA4\/cB7NAYOsni4mZM1MUPAISoEwkDi4lhVBQ1cWQyIcwalw4EpqZN68JUSK7XC0kTlkLYii5uXSC8jT5ncCAS7mjCv0uHp\/3lueHEEAeQ\/\/VgmdN71\/2uCSA1Xr6DO6uI6sW56zqT2tp2PhgiRUAajV8CY2fkcz6WGNKMgLAt7tJAhD4YHMTeRxlALE6+43WqjSWi8ITxyJl8WrwWSNESQZZOqhDDntO3hJLsd5RtSpbJqdv3YrDJH3F7jL1R2O2aQkn2MyCyKYz0GPGIvSAMgBCrCEiJyKbBaYGwLW4uPRr0A0M4Ux5kUI7IBh+hMdiCEWNqhMZGyYMsOgNE58UQuEQeUnSWCMYwL54hkxK6IoqucQZbQ3pc3XtL0lky1dL0zZJJDpWJovFqpWj6JEHnyam2eQp5QRVAVHjWparTOaVwUOx99YS2MvgxIGV0bb+qIg2HX2qkFFJB+XZcbLiuRkuxD9GRroKyveLxdh4d7Orx+hb7qc3uVRuEogCOnyIxm4ubUoPgF4jianDrC+SDQDKEfJb0GUKmjCGPYHGJvVC6X4hw1\/sAfQAdfYyephIaspXe36RwOP+Ljvfx9B6B3i+Nk0DGq+oCbLn6JpBa9nWAveAIHwFAwtVcIJXPMPL8kRu5OAYPMaL1WScTxjiZDqB9LTJSWphow\/pTYKRTLjCBhvi9iBidvKcDasGSm0QQkycYuLBqj6QCELPctqChDWpTRMWkngNNpQ1Pfp1KkiT\/Y0DGffXAweUNfLAfaJFKDwhb6I+bkYRbkERoEeu3Fyjg2opMz2daZCS9jt6Q7txNfB+OZEVF6Zl5web2xunnLQrtrjXseXKaFYziYINeMFZVxS9VxRhOoesYwxPKXm+gWLG9cuFeq93UNNeJNsf1KlwuDok9n02n3TgIJpOxNfL9naIoQwXtfH9kjceTIIi709ncTg6LZbg+biLH1V6u\/7rxBem06VXKn9raAAAAAElFTkSuQmCC\")      no-repeat center center \/ contain;  }  @media screen and (max-width: 960px) and (orientation: portrait) {    .logo {      width: 100%;    }    .logo .pc-banner {      display: none;    }    .logo .m-banner {      display: block;      width: 100%;    }    .logo .m-banner img {      height: auto!important;    }    .ytvideo {      height: 200px;      width: 100%;    }  }<\/style><style>  .video-section {    width: 100%;    margin: 0 auto;  }  .video-section > img {    width: 100%;  }  .video-section iframe,  .video-section video {    width: 100%;    height: 100%;      }  .video-section-img-m,  .video-section-img-pc > img {    width: 100%;    height: auto;  }  .video-section-img-pc.small > img {    width: 970px;  }  .video-desc {    line-height: 1.5;    font-size: 20px;    font-weight: 400;    margin: 20px 0;    text-align: center;    color: #0f1111;    word-break: break-word;  }  @media screen and (max-width: 960px) and (orientation: portrait) {    .video-section {      width: 100%;    }    .video-section-pc,    .video-section-img-pc {      display: none;    }    .video-section-m,    .video-section-img-m {      display: block;    }    .video-desc {      font-size: 15px;    }  }  @media screen and (min-width: 960px) {    .video-section {      width: 100%;      margin: 0 auto;    }    .video-section-pc,    .video-section-img-pc {      display: block;    }    .video-section-m,    .video-section-img-m {      display: none;    }    .video-desc {      font-size: 20px;    }  }<\/style><style>  .section + .section {    margin-top: 35px;  }  .section-title {    text-align: center;    font-weight: bold;    color: #0d1111;    font-family: \"Arial\";    font-size: 32px;    margin: 15px 0;  }  .section-title:empty {    display: none;  }  .section-desc {    text-align: center;    font-weight: normal;    color: #0d1111;    margin-top: 20px;  }  .section-desc:empty {    display: none;  }  .section-img {    width: 1200px;    height: 492px;    margin: 0 auto;    display: block;  }  .section-img.small {    width: 970px;    height: auto;  }  .section-img.small > img {    height: auto;  }  .section-img > img {    width: 100%;    height: 100%;  }  .section-mobile-img {    display: none;    max-width: 100vw;    max-height: 75vw;    height: 450px;    margin: 0 auto;  }  .section-mobile-img > img {    width: 100%;    height: 100%;  }  @media screen and (max-width: 960px) and (orientation: portrait) {    .container {      width: 100%;    }    .container.small {      width: 100%;    }    .section-mobile-img {      display: block;    }    .section-img {      display: none;    }    .section-title {      font-size: 22px;      margin: 10px 0;    }    .section-desc {      margin-top: 10px;    }    .section + .section {      margin-top: 20px;    }  }<\/style><\/head><body><div class=\"container\"><div class=\"logo\"><div class=\"pc-banner\"><div><img decoding=\"async\" src=\"\/vevor\/vevor\/boutique-banner\/pc\/en-pc@1x.jpg\" style=\"width: 100%;\" \/><\/div><\/div><div class=\"m-banner\"><div><img decoding=\"async\" src=\"\/vevor\/vevor\/boutique-banner\/mobile\/en-m@1x.jpg\" style=\"width: 100%;\" \/><\/div><\/div><\/div><div class=\"section-title\">VEVOR Rotangist Tool \u2013 T\u00f5sta Oma Ruumi<\/div><div class=\"video-section\"><div class=\"video-section-img-pc\"><img decoding=\"async\" src=\"\/vevor\/product\/TBYCYTERHS40ZKRPT\/rattan-chair-a100-1.4.jpg\" alt=\"VEVOR rotangist s\u00f6\u00f6gituba toolid f\u00fc\u00fcsiline rotangist disain ja mugav pehme padi hubane kodus.\" \/><\/div><div class=\"video-section-img-m\"><img decoding=\"async\" src=\"\/vevor\/product\/TBYCYTERHS40ZKRPT\/rattan-chair-a100-1.4-m.jpg\" alt=\"VEVOR rotangist s\u00f6\u00f6gituba toolid f\u00fc\u00fcsiline rotangist disain ja mugav pehme padi hubane kodus.\" \/><\/div><div class=\"section-desc\">Sukelduda l\u00f5\u00f5gastuda meie rotangist tool, meisterdatud lisatasu PE rotangist, et t\u00e4iuslik segu retro ja t\u00e4nap\u00e4eva vibes. Tunned, et f\u00fc\u00fcsiline ilu kui sul l\u00f5\u00f5gastuda stiil.<\/div><\/div><div class=\"section\"><div class=\"section-title\"><\/div><div class=\"section-img\"><img decoding=\"async\" src=\"\/vevor\/product\/TBYCYTERHS40ZKRPT\/rattan-chair-a100-2.2.jpg\" alt=\"ergonoomiline VEVOR rotangist s\u00f6\u00f6gituba tool polsterdatud istme ja \u00fcksikasjalikud mugavuse tsoonid optimaalse istekohad.\" \/><\/div><div class=\"section-mobile-img\"><img decoding=\"async\" src=\"\/vevor\/product\/TBYCYTERHS40ZKRPT\/rattan-chair-a100-2.2-m.jpg\" alt=\"ergonoomiline VEVOR rotangist s\u00f6\u00f6gituba tool polsterdatud istme ja \u00fcksikasjalikud mugavuse tsoonid optimaalse istekohad.\" \/><\/div><div class=\"section-desc\">Vajuvad luksus meie avar rotangist v\u00e4ljas juhatusel, pakkudes laia istme ja paks padi \u00fclim l\u00f5\u00f5gastus. H\u00fcvasti j\u00e4ikus ja tere vankumatu tugi oma keha.<\/div><\/div><div class=\"section\"><div class=\"section-title\"><\/div><div class=\"section-img\"><img decoding=\"async\" src=\"\/vevor\/product\/TBYCYTERHS40ZKRPT\/rattan-chair-a100-2.3.jpg\" alt=\"inimene istub VEVOR rotangist s\u00f6\u00f6gituba tool konsool metallist raam hubane s\u00f6\u00f6gituba.\" \/><\/div><div class=\"section-mobile-img\"><img decoding=\"async\" src=\"\/vevor\/product\/TBYCYTERHS40ZKRPT\/rattan-chair-a100-2.3-m.jpg\" alt=\"inimene istub VEVOR rotangist s\u00f6\u00f6gituba tool konsool metallist raam hubane s\u00f6\u00f6gituba.\" \/><\/div><div class=\"section-desc\">Meie rotangist aktsenttool, mis on ehitatud sitkelt integreeritud konsoolmetallraamiga, on \u00fcletamatu kandev\u00f5imega. See on loodud kergelt tahapoole kallutamiseks, kallistades ideaalselt teie alaselja maksimaalse mugavuse tagamiseks.<\/div><\/div><div class=\"section\"><div class=\"section-title\"><\/div><div class=\"section-img\"><img decoding=\"async\" src=\"\/vevor\/product\/TBYCYTERHS40ZKRPT\/rattan-chair-a100-2.4.jpg\" alt=\"VEVOR rotangist s\u00f6\u00f6gituba toolid elutuba, s\u00f6\u00f6gituba, uuring, ja magamistuba seaded.\" \/><\/div><div class=\"section-mobile-img\"><img decoding=\"async\" src=\"\/vevor\/product\/TBYCYTERHS40ZKRPT\/rattan-chair-a100-2.4-m.jpg\" alt=\"VEVOR rotangist s\u00f6\u00f6gituba toolid elutuba, s\u00f6\u00f6gituba, uuring, ja magamistuba seaded.\" \/><\/div><div class=\"section-desc\">Olgu selleks elutuba, r\u00f5du v\u00f5i \u00f5ppet\u00f6\u00f6, meie VEVORi v\u00e4lirotangist tool sobib kohe, lisades igale ruumile hubase h\u00f5ngu. \u00dcksk\u00f5ik kuhu need paigutate, oodake mugavust ja stiili, et eeskuju j\u00e4rgida.<\/div><\/div><div class=\"section\"><div class=\"section-title\"><\/div><div class=\"section-img\"><img decoding=\"async\" src=\"\/vevor\/product\/TBYCYTERHS40ZKRPT\/rattan-chair-a100-2.5.jpg\" alt=\"lihtne paigaldus-juhendid VEVOR rotangist s\u00f6\u00f6gituba toolid neljast etapist: setup, raam, iste, seljatugi.\" \/><\/div><div class=\"section-mobile-img\"><img decoding=\"async\" src=\"\/vevor\/product\/TBYCYTERHS40ZKRPT\/rattan-chair-a100-2.5-m.jpg\" alt=\"lihtne paigaldus-juhendid VEVOR rotangist s\u00f6\u00f6gituba toolid neljast etapist: setup, raam, iste, seljatugi.\" \/><\/div><div class=\"section-desc\">H\u00fcvasti assamblee peavalu! Meie rotangist terrass tool on kaasas selged juhised ja k\u00f5ik kinnitused, mida vajate kiusame vaba setup. Kulutada v\u00e4hem aega hoone ja rohkem aega puhkamiseks.<\/div><\/div><div class=\"section\"><div class=\"section-img\"><img decoding=\"async\" src=\"\/vevor\/product\/TBYCYTERHS40ZKRPT\/rattan-chair-a100-1.11.jpg\" alt=\"VEVOR rotangist s\u00f6\u00f6gituba toolid \u00fclevaade, mille m\u00f5\u00f5tmed ja andmed, istmepadjad ja toote kaalust.\" \/><\/div><div class=\"section-mobile-img\"><img decoding=\"async\" src=\"\/vevor\/product\/TBYCYTERHS40ZKRPT\/rattan-chair-a100-1.11-m.jpg\" alt=\"VEVOR rotangist s\u00f6\u00f6gituba toolid \u00fclevaade, mille m\u00f5\u00f5tmed ja andmed, istmepadjad ja toote kaalust.\" \/><\/div><\/div><\/div><\/body><\/html><\/div>\n<div class=\"DM_at-title\" id=\"js-DM_at-title\"> <div>Toote spetsifikatsioon<\/div> <i class=\"icon-arrowup_line\"><\/i> <\/div><div class=\"DM_at-goodsDescAttr\" id=\"js-DM_at-goodsDescAttr\"> <div class=\"DM_at-goodsDescAttrInner\"> <dl class=\"goodsDesc_item goodsDesc_item_even\"> <dt>Punkt Mudeli Number<\/dt> <dd> 9832<\/dd> <\/dl> <dl class=\"goodsDesc_item\"> <dt>Kogus<\/dt> <dd> 4 TK<\/dd> <\/dl> <dl class=\"goodsDesc_item goodsDesc_item_even\"> <dt>Seljatoe Suurus<\/dt> <dd> 17.13 x 10.63 in\/435 x 270 mm<\/dd> <\/dl> <dl class=\"goodsDesc_item\"> <dt>Istmepadja Suurus<\/dt> <dd> 17.72 x 16.93 in\/450 x 430 mm<\/dd> <\/dl> <dl class=\"goodsDesc_item goodsDesc_item_even\"> <dt>Istmepadja Materjal<\/dt> <dd> Velvet<\/dd> <\/dl> <dl class=\"goodsDesc_item\"> <dt>Toetab Jala Suurus<\/dt> <dd> 0.98 in\/25 mm (0,08 tolli\/2 mm, Seina Paksus)<\/dd> <\/dl> <dl class=\"goodsDesc_item goodsDesc_item_even\"> <dt>Istmepadja Paksus<\/dt> <dd> 2.76 in\/70 mm<\/dd> <\/dl> <dl class=\"goodsDesc_item\"> <dt>Toote Kaal<\/dt> <dd> 62.61 lbs\/28.4 kg<\/dd> <\/dl> <dl class=\"goodsDesc_item goodsDesc_item_even\"> <dt>Toote Suurus<\/dt> <dd> 17.71 x 22.44 x 32.87 in\/450 x 570 x 835 mm<\/dd> <\/dl> <\/div> <\/div>","protected":false},"excerpt":{"rendered":"<ul>\n<li> Peen Rotangist Kudumine: Vajuma l\u00f5\u00f5gastuda meie m\u00f5tlikult projekteeritud rotangist tool. Meisterdatud lisatasu PE rotangist, see on hingav ja mugav oma vedeleb vajadustele. Rotangist kootud seljatugi ja velvet istme padi on unikaalselt esteetiline ja segu retro ja t\u00e4nap\u00e4evast stiili. <\/li>\n<li> M\u00f5eldud Mugavust: Meie rotangist v\u00e4ljas tool on k\u00f5ik umbes mugavust, mille iga detail hoolikalt l\u00e4bi kaaluda. \u00dcmardatud servad suurendada oma esteetika ja tagada sujuvam tunda. Pluss, palus 70 mm velvet padi lubadusi hubane istekoha kogemus. <\/li>\n<li> Rock-Solid Struktuur: Meie rotangist aktsent tool uhke vastupidav raam koos integreeritud konsool metalli struktuuri, tagades suurep\u00e4rase kandvate j\u00f5udlust. Tailiha tagasi ja l\u00f5\u00f5gastuda \u2013 veidi kallutada seljatugi pakub t\u00e4iuslikku toetust oma talje ja tagasi, muutes pikka tundi istudes imelihtne. <\/li>\n<li> Mitmek\u00fclgne M\u00e4ng: Alates elutoad ja r\u00f5dud uuringud, meie v\u00e4ljas rotangist tool vaevata segudes, pakkudes mugavust, kuhu ta maandub. Selle lihtsa, elegantse disaini vaevata t\u00e4iendab mis tahes decor, t\u00f5stame oma ruumi lihtsalt. <\/li>\n<li> Assamblee on Tehtud Lihtsaks: h\u00fcvasti keeruline seadistuse! Meie rotangist terrass tool on varustatud selgete paigaldusjuhistega ja k\u00f5ik tarvikud, mida vajate. Kulutada v\u00e4hem aega kokkupanek ja rohkem aega nautida elu, on v\u00e4he hetki. <\/li>\n<\/ul>","protected":false},"featured_media":316400,"comment_status":"closed","ping_status":"open","template":"","meta":{"om_disable_all_campaigns":false,"_uf_show_specific_survey":0,"_uf_disable_surveys":false},"location":[1935,1934],"product_brand":[21],"product_cat":[4209,4208,2530,2706,4210],"product_tag":[],"class_list":{"0":"post-48263","1":"product","2":"type-product","3":"status-publish","4":"has-post-thumbnail","6":"location-supplier_stock_location","7":"location-local_stock_location","8":"product_brand-vevor","9":"product_cat-accent-chairs-chairs","10":"product_cat-chairs","11":"product_cat-furniture-2","12":"product_cat-living-room-furniture-furniture-2","13":"product_cat-rattan-chair-accent-chairs-chairs","15":"first","16":"instock","17":"taxable","18":"shipping-taxable","19":"purchasable","20":"product-type-simple"},"aioseo_notices":[],"locations":[{"id":1935,"name":"Pieg\u0101d\u0101t\u0101ja noliktav\u0101 (5-7dd)","slug":"supplier_stock_location","quantity":"5"},{"id":1934,"name":"R\u012bgas veikal\u0101 (0-2d.d.)","slug":"local_stock_location","quantity":"0"}],"_links":{"self":[{"href":"https:\/\/vevorshop.lv\/et\/wp-json\/wp\/v2\/product\/48263","targetHints":{"allow":["GET"]}}],"collection":[{"href":"https:\/\/vevorshop.lv\/et\/wp-json\/wp\/v2\/product"}],"about":[{"href":"https:\/\/vevorshop.lv\/et\/wp-json\/wp\/v2\/types\/product"}],"replies":[{"embeddable":true,"href":"https:\/\/vevorshop.lv\/et\/wp-json\/wp\/v2\/comments?post=48263"}],"wp:featuredmedia":[{"embeddable":true,"href":"https:\/\/vevorshop.lv\/et\/wp-json\/wp\/v2\/media\/316400"}],"wp:attachment":[{"href":"https:\/\/vevorshop.lv\/et\/wp-json\/wp\/v2\/media?parent=48263"}],"wp:term":[{"taxonomy":"location","embeddable":true,"href":"https:\/\/vevorshop.lv\/et\/wp-json\/wp\/v2\/location?post=48263"},{"taxonomy":"product_brand","embeddable":true,"href":"https:\/\/vevorshop.lv\/et\/wp-json\/wp\/v2\/product_brand?post=48263"},{"taxonomy":"product_cat","embeddable":true,"href":"https:\/\/vevorshop.lv\/et\/wp-json\/wp\/v2\/product_cat?post=48263"},{"taxonomy":"product_tag","embeddable":true,"href":"https:\/\/vevorshop.lv\/et\/wp-json\/wp\/v2\/product_tag?post=48263"}],"curies":[{"name":"wp","href":"https:\/\/api.w.org\/{rel}","templated":true}]}}