{"id":48406,"date":"2024-11-19T15:11:38","date_gmt":"2024-11-19T15:11:38","guid":{"rendered":"http:\/\/vevorshop.edigo.lv\/Prece\/vevor-1-x-20-kinetic-recovery-tow-rope-38000-lbs-heavy-duty-off-road-snatch-strap-extreme-duty-30-elasticity-energy-snatch-strap-for-jeep-car-truck-atv-utv-suv-tractor\/"},"modified":"2026-04-20T04:01:40","modified_gmt":"2026-04-20T01:01:40","slug":"vevor-1-x-20-kinetic-recovery-tow-rope-38000-lbs-heavy-duty-off-road-snatch-strap-extreme-duty-30-elasticity-energy-snatch-strap-for-jeep-car-truck-atv-utv-suv-tractor","status":"publish","type":"product","link":"https:\/\/vevorshop.lv\/et\/Prece\/vevor-1-x-20-kineetiline-taaskasutamine-puksiirkois-38000-naela-raskeveokite-off-road-rebimisrihm-aarmuslik-tookoormus-30-elastsusenergia-rebimisrihm-dziibiauto-veoauto-atv-utv-maasturi-traktorile\/","title":{"rendered":"VEVOR 2.54 cm x 6.1 m Tugev Kineetiline Pukseerimisk\u00f6is, 17,237.5 kg, 30% Elastne, Maasturitele, Veokitele, ATVdele, Traktoritele"},"content":{"rendered":"<div style=\"color: #fff!important; font-size: 16px; height: 24px; line-height: 24px; margin-top: -24px; \" class=\"product_original_name\">VEVOR 1\" (2,54 cm) x 20'\/6,1 m kineetiline taastav pukseerimisk\u00f6is 38 000 naela\/17 237,5 kg, raskeveokite off Road rebimisrihm, ekstreemveokite 30% elastsusenergia rebimisrihm Jeep Car Truck ATV UTV maasturi traktorile<\/div>\n<div style=\"color: #fff!important; font-size: 16px; height: 24px; line-height: 24px; margin-top: -24px; \" class=\"product_sku\">M4I4LPKQ<\/div>\n<div style=\"color: #fff!important; font-size: 16px; height: 24px; line-height: 24px; margin-top: -24px; \" class=\"product_mpn\">SZNL1IN20FT0HUP3WV0<\/div><div id=\"js-DM_at-goodDescRich\"><html><head><style>  body {    font-family: Arial;    line-height: 1.5;    color: #1c1c1c;    overflow-x: hidden;    margin: 0;    padding: 0;  }  .MsoNormal b {    font-weight: bolder;  }<\/style><style>  .container.small {    width: 970px;    margin: 0 auto;  }  .logo {    margin: 0 auto 0;  }  .logo img {    display: block;    margin: 0 auto;    max-width: 100%;  }  .logo .pc-banner {    display: block;    width: 1200px;    height: 247.4px;    margin: 0 auto;  }  .logo .pc-banner.small {    width: 970px;  }  .logo .pc-banner.small img {    height: auto!important;  }  .logo .m-banner {    display: none;  }  .ytvideo {    position: relative;    height: 546px;    width: 100%;    margin: 0 auto;  }  .ytvideo img {    width: 100%;    margin: 0 auto;  }  .ytvideo .play-btn {    width: 60px;    height: 42px;    position: absolute;    top: 50%;    left: 50%;    transform: translate(-50%, -50%);    background: url(\"data:image\/png;base64,iVBORw0KGgoAAAANSUhEUgAAAGQAAABGCAMAAAANWMFbAAAC+lBMVEUAAADBGB3kLCfBGB3kLCfcJC7BFx3KKSbiKybkLCbWJCPSIiLSIiLPICHAFx3kLCfgKSXNHiDZJiTIGx\/p4eHcjo7LHSDbJyTkLCbjKyfOHyHPIiL28fHJHB\/GGh7EGR7eKCXDGB3RISHlLSbBGB3AFxzGHB7DGB7BGB3hKybkKybAFx3lLCfAFxzDGR3hKibDGB7cJyTmz8\/elJTlwcHjurrUIyLlLSflLSfAFx3DGR7lLSfCFx3hKibhKibhKybjKybkLCblLSfbJSX49vbx7e3NNzjNMTLMJyjVIyLZf3\/ZQ0LaeHjx0tLgoqLkLCfCGB3HGx\/BGB3BFx3PICHCGB7WJCLOHyC\/Fxy\/Fx3lLCfQISHkLSe\/FxzbJiTBFx3FGx\/AGB7BFx3EGR7AGB3HHSDfKiXAFh3TISHYNzbhKibbJyTTIiL57e325+f039\/v2NjUV1fOHiHiqanfmprch4feKSXVIyPOICHmLibFGh\/mLSe\/Fx7XJCPeKSXXJSPNHyHaJyTGGh7lLCbmLCflLSjSIiLkLCbdKSXLHiC\/GB3KHh++Fh3lKyfoLiXcKCPkx8fYb2\/XaGfVXl3aU1LLHiDksbHgKibPICHbJyTfKSXbJyTCGB3KHSDiKybFGh7TIiL\/\/\/\/VIyPRISHIHB\/GGx\/HHB\/DGR7gKibdKCXLHiDZJiTMHiDNHyHYJSTOICHPICHWJCPcKCXXJSPjLCblLCf+\/f3NGR\/uLijzLynPGR\/IGB7WISHaIyLLGh7UAADxLynNAADRLzDbICLQAADIAAD3MCrUHSHXMTDpKSbLAADp5OTij4\/ejo\/VLy\/1LyngJSTcJCPQHx\/OHB7+\/PzaMS\/OLS\/vLijrLSjSAADaNTPwLyjkKSbNJCbYISHPHB\/KGB7WAAD7+vrn3d3aKynTKCjoLCfsKifRGh\/YAADq5+fhjo7QNDXXKCfmJyXt5+fTLzDLLi\/QKivYHRvMGBrQJCXLISPMExXLDxLaEAvkkI\/bOTfaFQ\/SCgpvLcnHAAAAmnRSTlMA+vv7+gT9Bvf9+8z8\/NSv\/Pr5+P7++vnQIBMP\/v38\/Pn348XDiCYf9OjbzcqxXVcx\/fz8+\/rj1r2poo1+fXFqX0orGP7+\/v7+\/fz8+\/r68uzn4trIxsG\/vri3p6GcmZSNbWVYUUZEPQv+\/f39+\/v7+\/v7+vr64tvV1NTTz87FtbSurqeblJKFg4B3bUY+NjL7+\/v7+\/v67t1cDo8JLQAABkRJREFUWMO0kz9rwkAYh0OIeJkum6YugUAhISCdKoj\/P4C7SMdS+gEKIhSKil10LSg4mzXkILdlEpxCpwTiWOLX6BujvQaEQuGeHLnL+\/64J+SIcKGYTYWnntpdLjrVdqvZmNdn0+EE40GtpuuWVS6Xx6N7YDSGpWXpeq02wHgynM7q80az1a52HpddtVcpsi1zFARBrdaxbhp9iUReTGmwA4KAAr7vx3EYejnCMI6hQYEgy0LQi4jUN0wL19vqFcUC9\/1dAKmEEFkWRYkh5oBejnxQJiSJPJ\/uKBp0Thszx9Mw8hMRIQjKsptCfuES9zr5WJY6vSFCIvE9fCMUmEM1A1kSXcYGxgVYsvI1IPKTZciSTI0us\/SMGG04gDzELDoFBwdcFJrF88dqgYMTiL6DILWYyfOWE8\/kIz38olCNlC03FK95+imxp6y4oUSvAnBjHHhKNtotSDqJzVFiK8c2SBqhZtsrTtgrLXwAyduxZHNE26eHUt5rtuM4WSmds3G+sUdWYo1L+XyxButoh5eKUHk5lByO3G1LqqCWVnfrv\/lyPtf\/4ps1cndNGIri8J1TJ0lx6dR\/oPjq1nbRwdp2dCk4CtIOLW3pVKRL6WZfS5vF2KkIQhpwSsjiYIgNCs1gEMGqiIq24NQX9NwoXFy8Ufrl3twTcg4fv8T9\/JBEySduj6Mjm4bMzYV7EEOxKjjoNDud7yY3Dy71Hq2oLmqfbNR723edH9PgMrNL2utoQ3VmaIDkiw\/4w51P06hlZsTZvkRrbVuSIs\/zwSOsycgzStQouoAkWQqioRT5XI7n2Z1wfVhoZmcAJLsoqjqpjbWCgpOAJXBwHK8PzWbNvoUZJND5wCnSkLAkZ1legx6vqQzjoiTahKlGUGLAiIIoABOHaNVw4sexZBym6\/HWlH5h3IC7yRbxtipcWxdTOkORKiNQAEkFf66x5S2oeRbroOlLgg0sSYkR0hRGEqJZ0jTPiQKatESdBckpWigxaapEH0lImHdWu9pUFF2XqMNM2Z4kped7IwEJw2qabwtrQqnpw6HyKkgcadKWsmpywwesDyIhYRpdzXddqegtGIJlXbAIUMOLkGxJUjRIkokwjUaX9d\/kK62ps\/tYUqZLIMkLTyBhsMZ3C5Z\/kDxOSCb\/DOs\/\/J0qcWSX\/2ipe56EgTCA4\/cB7NAYOsni4mZM1MUPAISoEwkDi4lhVBQ1cWQyIcwalw4EpqZN68JUSK7XC0kTlkLYii5uXSC8jT5ncCAS7mjCv0uHp\/3lueHEEAeQ\/\/VgmdN71\/2uCSA1Xr6DO6uI6sW56zqT2tp2PhgiRUAajV8CY2fkcz6WGNKMgLAt7tJAhD4YHMTeRxlALE6+43WqjSWi8ITxyJl8WrwWSNESQZZOqhDDntO3hJLsd5RtSpbJqdv3YrDJH3F7jL1R2O2aQkn2MyCyKYz0GPGIvSAMgBCrCEiJyKbBaYGwLW4uPRr0A0M4Ux5kUI7IBh+hMdiCEWNqhMZGyYMsOgNE58UQuEQeUnSWCMYwL54hkxK6IoqucQZbQ3pc3XtL0lky1dL0zZJJDpWJovFqpWj6JEHnyam2eQp5QRVAVHjWparTOaVwUOx99YS2MvgxIGV0bb+qIg2HX2qkFFJB+XZcbLiuRkuxD9GRroKyveLxdh4d7Orx+hb7qc3uVRuEogCOnyIxm4ubUoPgF4jianDrC+SDQDKEfJb0GUKmjCGPYHGJvVC6X4hw1\/sAfQAdfYyephIaspXe36RwOP+Ljvfx9B6B3i+Nk0DGq+oCbLn6JpBa9nWAveAIHwFAwtVcIJXPMPL8kRu5OAYPMaL1WScTxjiZDqB9LTJSWphow\/pTYKRTLjCBhvi9iBidvKcDasGSm0QQkycYuLBqj6QCELPctqChDWpTRMWkngNNpQ1Pfp1KkiT\/Y0DGffXAweUNfLAfaJFKDwhb6I+bkYRbkERoEeu3Fyjg2opMz2daZCS9jt6Q7txNfB+OZEVF6Zl5web2xunnLQrtrjXseXKaFYziYINeMFZVxS9VxRhOoesYwxPKXm+gWLG9cuFeq93UNNeJNsf1KlwuDok9n02n3TgIJpOxNfL9naIoQwXtfH9kjceTIIi709ncTg6LZbg+biLH1V6u\/7rxBem06VXKn9raAAAAAElFTkSuQmCC\")      no-repeat center center \/ contain;  }  @media screen and (max-width: 960px) and (orientation: portrait) {    .logo {      width: 100%;    }    .logo .pc-banner {      display: none;    }    .logo .m-banner {      display: block;      width: 100%;    }    .logo .m-banner img {      height: auto!important;    }    .ytvideo {      height: 200px;      width: 100%;    }  }<\/style><style>  .video-section {    width: 100%;    margin: 0 auto;  }  .video-section > img {    width: 100%;  }  .video-section iframe,  .video-section video {    width: 100%;    height: 100%;      }  .video-section-img-m,  .video-section-img-pc > img {    width: 100%;    height: auto;  }  .video-section-img-pc.small > img {    width: 970px;  }  .video-desc {    line-height: 1.5;    font-size: 20px;    font-weight: 400;    margin: 20px 0;    text-align: center;    color: #0f1111;    word-break: break-word;  }  @media screen and (max-width: 960px) and (orientation: portrait) {    .video-section {      width: 100%;    }    .video-section-pc,    .video-section-img-pc {      display: none;    }    .video-section-m,    .video-section-img-m {      display: block;    }    .video-desc {      font-size: 15px;    }  }  @media screen and (min-width: 960px) {    .video-section {      width: 100%;      margin: 0 auto;    }    .video-section-pc,    .video-section-img-pc {      display: block;    }    .video-section-m,    .video-section-img-m {      display: none;    }    .video-desc {      font-size: 20px;    }  }<\/style><style>  .section + .section {    margin-top: 35px;  }  .section-title {    text-align: center;    font-weight: bold;    color: #0d1111;    font-family: \"Arial\";    font-size: 32px;    margin: 15px 0;  }  .section-title:empty {    display: none;  }  .section-desc {    text-align: center;    font-weight: normal;    color: #0d1111;    margin-top: 20px;  }  .section-desc:empty {    display: none;  }  .section-img {    width: 1200px;    height: 492px;    margin: 0 auto;    display: block;  }  .section-img.small {    width: 970px;    height: auto;  }  .section-img.small > img {    height: auto;  }  .section-img > img {    width: 100%;    height: 100%;  }  .section-mobile-img {    display: none;    max-width: 100vw;    max-height: 75vw;    height: 450px;    margin: 0 auto;  }  .section-mobile-img > img {    width: 100%;    height: 100%;  }  @media screen and (max-width: 960px) and (orientation: portrait) {    .container {      width: 100%;    }    .container.small {      width: 100%;    }    .section-mobile-img {      display: block;    }    .section-img {      display: none;    }    .section-title {      font-size: 22px;      margin: 10px 0;    }    .section-desc {      margin-top: 10px;    }    .section + .section {      margin-top: 20px;    }  }<\/style><\/head><body><div class=\"container\"><div class=\"logo\"><div class=\"pc-banner\"><div><img decoding=\"async\" src=\"\/vevor\/vevor\/boutique-banner\/pc\/en-pc@1x.jpg\" style=\"width: 100%;\" \/><\/div><\/div><div class=\"m-banner\"><div><img decoding=\"async\" src=\"\/vevor\/vevor\/boutique-banner\/mobile\/en-m@1x.jpg\" style=\"width: 100%;\" \/><\/div><\/div><\/div><div class=\"section-title\">VEVOR Vedada Rihma \u2013 Oma Semu Seiklus<\/div><div class=\"video-section\"><div class=\"video-section-img-pc\"><img decoding=\"async\" src=\"\/vevor\/product\/SZNL1IN20FT0HUP3W\/tow-strap-a100-1.4.jpg\" alt=\"VEVOR kineetiline taastamise veok\u00f6is, 1 x 20 jalga, 38000 lbs purustamine tugevus, mille ladustamise kott lumi.\" \/><\/div><div class=\"video-section-img-m\"><img decoding=\"async\" src=\"\/vevor\/product\/SZNL1IN20FT0HUP3W\/tow-strap-a100-1.4-m.jpg\" alt=\"VEVOR kineetiline taastamise veok\u00f6is, 1 x 20 jalga, 38000 lbs purustamine tugevus, mille ladustamise kott lumi.\" \/><\/div><div class=\"section-desc\">Muljetavaldav purustamine tugevus ja lihtsalt \u00f5ige pikkusega, meie takud rihm on go-to ekstreemsed off-roading ja h\u00e4daolukorra p\u00e4\u00e4stab. Valmistatud vastupidavast nailonist materjal, see annab suurep\u00e4rase elastsuse tagada ohutu kasutamine, v\u00e4hendada vibratsiooni ja kaitsta oma armastatud s\u00f5iduki kahju.<\/div><\/div><div class=\"section\"><div class=\"section-title\"><\/div><div class=\"section-img\"><img decoding=\"async\" src=\"\/vevor\/product\/SZNL1IN20FT0HUP3W\/tow-strap-a100-2.2.jpg\" alt=\"VEVOR kineetiline taastamise veok\u00f6is, millel on kahekordne-punutud nailon ehitus -, kaitse-varrukad ja tugevdatud punkti.\" \/><\/div><div class=\"section-mobile-img\"><img decoding=\"async\" src=\"\/vevor\/product\/SZNL1IN20FT0HUP3W\/tow-strap-a100-2.2-m.jpg\" alt=\"VEVOR kineetiline taastamise veok\u00f6is, millel on kahekordne-punutud nailon ehitus -, kaitse-varrukad ja tugevdatud punkti.\" \/><\/div><div class=\"section-desc\">Tugevdatud 32-tuumalise punutise ja spetsiaalse pinnakattega, on meie pukseerimisk\u00f6is tegutsemiseks valmis. Olgu selleks vihm v\u00f5i s\u00e4ra, see on seljaga, tagades pikema eluea ja t\u00f6\u00f6kindluse erinevates v\u00e4liskeskkondades.<\/div><\/div><div class=\"section\"><div class=\"section-title\"><\/div><div class=\"section-img\"><img decoding=\"async\" src=\"\/vevor\/product\/SZNL1IN20FT0HUP3W\/tow-strap-a100-2.3.jpg\" alt=\"sujuv venitus VEVOR kineetiline taastamise veok\u00f6is 30% venitada m\u00e4\u00e4r kahe 4x4 s\u00f5idukid.\" \/><\/div><div class=\"section-mobile-img\"><img decoding=\"async\" src=\"\/vevor\/product\/SZNL1IN20FT0HUP3W\/tow-strap-a100-2.3-m.jpg\" alt=\"sujuv venitus VEVOR kineetiline taastamise veok\u00f6is 30% venitada m\u00e4\u00e4r kahe 4x4 s\u00f5idukid.\" \/><\/div><div class=\"section-desc\">Meie taastumisrihm venib 30% v\u00f5rra ja neelab \u0161okid nagu t\u0161empion, hoides teie pukseerimise stabiilsena ja turvaliselt isegi pikkadel vedudel. Lisaks on need piisavalt karmid, et tulla toime mis tahes raske maastikuga. Turvalisus, mugavus ja stabiilsus on k\u00f5ik \u00fches rihmas, muutes pukseerimise sujuvaks ja lihtsaks.<\/div><\/div><div class=\"section\"><div class=\"section-title\"><\/div><div class=\"section-img\"><img decoding=\"async\" src=\"\/vevor\/product\/SZNL1IN20FT0HUP3W\/tow-strap-a100-2.4.jpg\" alt=\"VEVOR kineetiline taastamise veok\u00f6is koti kivid maastikuauto, edendades ohutust ja kompaktne ladustamine.\" \/><\/div><div class=\"section-mobile-img\"><img decoding=\"async\" src=\"\/vevor\/product\/SZNL1IN20FT0HUP3W\/tow-strap-a100-2.4-m.jpg\" alt=\"VEVOR kineetiline taastamise veok\u00f6is koti kivid maastikuauto, edendades ohutust ja kompaktne ladustamine.\" \/><\/div><div class=\"section-desc\">V\u00e4sinud kogukas k\u00e4ik v\u00f5tavad ruumi? Meie kineetiline taastamise k\u00f6is on m\u00f5eldud lihtne ladustada ilma probleemideta. Viska see oma kohver v\u00f5i seljakott ja unustada seda, kuni sa seda vajad.<\/div><\/div><div class=\"section\"><div class=\"section-title\"><\/div><div class=\"section-img\"><img decoding=\"async\" src=\"\/vevor\/product\/SZNL1IN20FT0HUP3W\/tow-strap-a100-2.5.jpg\" alt=\"VEVOR kineetiline taastamise veok\u00f6is jaoks atv, utv, maastur, autod, veoautod, mootorpaadid; s\u00f5iduki p\u00e4\u00e4stmiseks on tehtud lihtsaks.\" \/><\/div><div class=\"section-mobile-img\"><img decoding=\"async\" src=\"\/vevor\/product\/SZNL1IN20FT0HUP3W\/tow-strap-a100-2.5-m.jpg\" alt=\"VEVOR kineetiline taastamise veok\u00f6is jaoks atv, utv, maastur, autod, veoautod, mootorpaadid; s\u00f5iduki p\u00e4\u00e4stmiseks on tehtud lihtsaks.\" \/><\/div><div class=\"section-desc\">Alates mudaaukudest kuni lumiste radadeni - meie taastumisk\u00f6is on seda k\u00f5ike n\u00e4inud. See on teie lahendus mis tahes v\u00e4liv\u00e4ljakutse jaoks, testitud ja usaldusv\u00e4\u00e4rne teie meelerahu jaoks.<\/div><\/div><div class=\"section\"><div class=\"section-img\"><img decoding=\"async\" src=\"\/vevor\/product\/SZNL1IN20FT0HUP3W\/tow-strap-a100-1.11.jpg\" alt=\"VEVOR kineetiline taastamise veok\u00f6is, 20 jala pikkuse, 1 l\u00e4bim\u00f5\u00f5t on 38000 lbs purustamine tugevus, mille kott.\" \/><\/div><div class=\"section-mobile-img\"><img decoding=\"async\" src=\"\/vevor\/product\/SZNL1IN20FT0HUP3W\/tow-strap-a100-1.11-m.jpg\" alt=\"VEVOR kineetiline taastamise veok\u00f6is, 20 jala pikkuse, 1 l\u00e4bim\u00f5\u00f5t on 38000 lbs purustamine tugevus, mille kott.\" \/><\/div><\/div><\/div><\/body><\/html><\/div>\n<div class=\"DM_at-title\" id=\"js-DM_at-title\"> <div>Toote spetsifikatsioon<\/div> <i class=\"icon-arrowup_line\"><\/i> <\/div><div class=\"DM_at-goodsDescAttr\" id=\"js-DM_at-goodsDescAttr\"> <div class=\"DM_at-goodsDescAttrInner\"> <dl class=\"goodsDesc_item goodsDesc_item_even\"> <dt>Punkt Mudeli Number<\/dt> <dd> JL-NY-25-6<\/dd> <\/dl> <dl class=\"goodsDesc_item\"> <dt>Materjal<\/dt> <dd> Nailon<\/dd> <\/dl> <dl class=\"goodsDesc_item goodsDesc_item_even\"> <dt>Vedada Rihma L\u00e4bim\u00f5\u00f5t<\/dt> <dd> 1\/25.4 mm<\/dd> <\/dl> <dl class=\"goodsDesc_item\"> <dt>Pikkus<\/dt> <dd> 20 ft\/6096 mm<\/dd> <\/dl> <dl class=\"goodsDesc_item goodsDesc_item_even\"> <dt>Vedada Rihma Purustamine Tugevus<\/dt> <dd> 38000 lbs\/17237 kg<\/dd> <\/dl> <dl class=\"goodsDesc_item\"> <dt>Toote Kaal<\/dt> <dd> 6.06 lbs\/2.75 kg<\/dd> <\/dl> <dl class=\"goodsDesc_item goodsDesc_item_even\"> <dt>Toote Suurus<\/dt> <dd> 1 x 20 ft\/25.4 mm x 6.1 m<\/dd> <\/dl> <\/div> <\/div>","protected":false},"excerpt":{"rendered":"<ul>\n<li> Raskeveokite S\u00f5iduki Vedamiseks Sang muljetavaldav 38,000 lbs purustamine tugevus, meie takud rihm on ideaalne puksiir veoautod, off-road s\u00f5idukite ja rasketehnika. Kell 20 jalga pikk ja 1 cm lai, see on teie go-to v\u00f5idelda mis tahes kaljune maastik v\u00f5i h\u00e4daolukorra puhul. <\/li>\n<li> T\u00e4psus Kudumine: Meie veok\u00f6is on valmistatud k\u00f5rge kvaliteediga nailonist ja kootud t\u00e4pselt, kasutades 32-core tehnoloogia. See ei ole lihtsalt tugev ja stabiilne, kuid pakub ka ekstra turvalisuse kasutamise ajal. Plus, millel spetsiaalne kattekiht ja PU ravi, see on veekindel ja niiskus-resistentne, t\u00e4itmise tagamine isegi vihmane v\u00f5i lumine tingimused ja vastupidavuse. <\/li>\n<li> L\u00f6\u00f6ke: Meisterdatud nailon materjal suurem tugevus, vastupidavus ja kulumiskindlus, meie taastumise rihm on 30% pikenemine m\u00e4\u00e4r ja suurep\u00e4raseid l\u00f6\u00f6ke. See t\u00e4hendab, et isegi pikk loomust, p\u00fcsib see paigal, ilma liigse \u00f5\u00f5tsuv, et tagada sujuv t\u00f5mba s\u00f5idukite ummikus muda, lumi, v\u00f5i j\u00e4rsk maastik. H\u00fcvasti m\u00f5ju kahjustada teie s\u00f5iduki! <\/li>\n<li> Mugav Ladustamise Disain: M\u00f5eldud on lihtne ladustada ja \u00fclekantavus, oma kineetilise taastamise k\u00f6is on ideaalne valik nii seikluslik v\u00e4ljas\u00f5itudel ja igap\u00e4evaseid h\u00e4daolukordi. See on kompaktne ja kaasaskantav, paigaldamise ideaalselt autos, seljakott, v\u00f5i kapp v\u00f5tmata \u00fcles lisaruumi. Alati valmis olla, ilma et segaks! <\/li>\n<li> Seiklus-Valmis Mitmek\u00fclgsus: s\u00fcgaval muda, libe lumi, ja k\u00f5rb uurimine, et m\u00e4gi p\u00e4\u00e4stet\u00f6\u00f6de, meie taastumise k\u00f6is on kuni v\u00e4ljakutse. Mis on spetsiaalselt kavandatud kasutamiseks erinevates keerukates keskkondades ja mitme s\u00f5iduki t\u00fc\u00fcpi, see on koosk\u00f5las Maasturid, pickup, kerge-ja raskeveokid, ja rohkem. <\/li>\n<\/ul>","protected":false},"featured_media":316616,"comment_status":"closed","ping_status":"open","template":"","meta":{"om_disable_all_campaigns":false,"_uf_show_specific_survey":0,"_uf_disable_surveys":false},"location":[1935,1934],"product_brand":[21],"product_cat":[133,3765,4202,3197],"product_tag":[],"class_list":{"0":"post-48406","1":"product","2":"type-product","3":"status-publish","4":"has-post-thumbnail","6":"location-supplier_stock_location","7":"location-local_stock_location","8":"product_brand-vevor","9":"product_cat-automotive","10":"product_cat-tow-ropes-cables-chains","11":"product_cat-tow-strap-tow-ropes-cables-chains","12":"product_cat-towing-equipment","14":"first","15":"instock","16":"featured","17":"taxable","18":"shipping-taxable","19":"purchasable","20":"product-type-simple"},"aioseo_notices":[],"locations":[{"id":1935,"name":"Pieg\u0101d\u0101t\u0101ja noliktav\u0101 (5-7dd)","slug":"supplier_stock_location","quantity":"46"},{"id":1934,"name":"R\u012bgas veikal\u0101 (0-2d.d.)","slug":"local_stock_location","quantity":"0"}],"_links":{"self":[{"href":"https:\/\/vevorshop.lv\/et\/wp-json\/wp\/v2\/product\/48406","targetHints":{"allow":["GET"]}}],"collection":[{"href":"https:\/\/vevorshop.lv\/et\/wp-json\/wp\/v2\/product"}],"about":[{"href":"https:\/\/vevorshop.lv\/et\/wp-json\/wp\/v2\/types\/product"}],"replies":[{"embeddable":true,"href":"https:\/\/vevorshop.lv\/et\/wp-json\/wp\/v2\/comments?post=48406"}],"wp:featuredmedia":[{"embeddable":true,"href":"https:\/\/vevorshop.lv\/et\/wp-json\/wp\/v2\/media\/316616"}],"wp:attachment":[{"href":"https:\/\/vevorshop.lv\/et\/wp-json\/wp\/v2\/media?parent=48406"}],"wp:term":[{"taxonomy":"location","embeddable":true,"href":"https:\/\/vevorshop.lv\/et\/wp-json\/wp\/v2\/location?post=48406"},{"taxonomy":"product_brand","embeddable":true,"href":"https:\/\/vevorshop.lv\/et\/wp-json\/wp\/v2\/product_brand?post=48406"},{"taxonomy":"product_cat","embeddable":true,"href":"https:\/\/vevorshop.lv\/et\/wp-json\/wp\/v2\/product_cat?post=48406"},{"taxonomy":"product_tag","embeddable":true,"href":"https:\/\/vevorshop.lv\/et\/wp-json\/wp\/v2\/product_tag?post=48406"}],"curies":[{"name":"wp","href":"https:\/\/api.w.org\/{rel}","templated":true}]}}