{"id":48895,"date":"2024-11-19T15:41:06","date_gmt":"2024-11-19T15:41:06","guid":{"rendered":"http:\/\/vevorshop.edigo.lv\/Prece\/vevor-submersible-utility-pump-sump-pump-700w-4148-gph-33-ft-head-water-pump\/"},"modified":"2026-04-20T03:55:39","modified_gmt":"2026-04-20T00:55:39","slug":"vevor-submersible-utility-pump-sump-pump-700w-4148-gph-33-ft-head-water-pump","status":"publish","type":"product","link":"https:\/\/vevorshop.lv\/et\/Prece\/vevor-sukelaparaat-kommunaalpump-karteri-pump-700-w-4148-gph-33-ft-pea-veepump\/","title":{"rendered":"VEVOR 700W Sukeldatav veepump, 15 700 L\/h, 10 m t\u00f5stev\u00f5ime, IPX8, aeda, basseini, tiiki, kuivenduseks"},"content":{"rendered":"<div style=\"color: #fff!important; font-size: 16px; height: 24px; line-height: 24px; margin-top: -24px; \" class=\"product_original_name\">VEVOR Sukelaparaat Kommunaalpump Sump Pump 700 W 4148 GPH\/15 700 LPH 33 jalga\/10 m Pea Veepump<\/div>\n<div style=\"color: #fff!important; font-size: 16px; height: 24px; line-height: 24px; margin-top: -24px; \" class=\"product_sku\">M4I4LQ9Q<\/div>\n<div style=\"color: #fff!important; font-size: 16px; height: 24px; line-height: 24px; margin-top: -24px; \" class=\"product_mpn\">QSSZBSL10HP08XUGUV2<\/div><div id=\"js-DM_at-goodDescRich\"><html><head><style>  body {    font-family: Arial;    line-height: 1.5;    color: #1c1c1c;    overflow-x: hidden;    margin: 0;    padding: 0;  }  .MsoNormal b {    font-weight: bolder;  }<\/style><style>  .container.small {    width: 970px;    margin: 0 auto;  }  .logo {    margin: 0 auto 0;  }  .logo img {    display: block;    margin: 0 auto;    max-width: 100%;  }  .logo .pc-banner {    display: block;    width: 1200px;    height: 247.4px;    margin: 0 auto;  }  .logo .pc-banner.small {    width: 970px;  }  .logo .pc-banner.small img {    height: auto!important;  }  .logo .m-banner {    display: none;  }  .ytvideo {    position: relative;    height: 546px;    width: 100%;    margin: 0 auto;  }  .ytvideo img {    width: 100%;    margin: 0 auto;  }  .ytvideo .play-btn {    width: 60px;    height: 42px;    position: absolute;    top: 50%;    left: 50%;    transform: translate(-50%, -50%);    background: url(\"data:image\/png;base64,iVBORw0KGgoAAAANSUhEUgAAAGQAAABGCAMAAAANWMFbAAAC+lBMVEUAAADBGB3kLCfBGB3kLCfcJC7BFx3KKSbiKybkLCbWJCPSIiLSIiLPICHAFx3kLCfgKSXNHiDZJiTIGx\/p4eHcjo7LHSDbJyTkLCbjKyfOHyHPIiL28fHJHB\/GGh7EGR7eKCXDGB3RISHlLSbBGB3AFxzGHB7DGB7BGB3hKybkKybAFx3lLCfAFxzDGR3hKibDGB7cJyTmz8\/elJTlwcHjurrUIyLlLSflLSfAFx3DGR7lLSfCFx3hKibhKibhKybjKybkLCblLSfbJSX49vbx7e3NNzjNMTLMJyjVIyLZf3\/ZQ0LaeHjx0tLgoqLkLCfCGB3HGx\/BGB3BFx3PICHCGB7WJCLOHyC\/Fxy\/Fx3lLCfQISHkLSe\/FxzbJiTBFx3FGx\/AGB7BFx3EGR7AGB3HHSDfKiXAFh3TISHYNzbhKibbJyTTIiL57e325+f039\/v2NjUV1fOHiHiqanfmprch4feKSXVIyPOICHmLibFGh\/mLSe\/Fx7XJCPeKSXXJSPNHyHaJyTGGh7lLCbmLCflLSjSIiLkLCbdKSXLHiC\/GB3KHh++Fh3lKyfoLiXcKCPkx8fYb2\/XaGfVXl3aU1LLHiDksbHgKibPICHbJyTfKSXbJyTCGB3KHSDiKybFGh7TIiL\/\/\/\/VIyPRISHIHB\/GGx\/HHB\/DGR7gKibdKCXLHiDZJiTMHiDNHyHYJSTOICHPICHWJCPcKCXXJSPjLCblLCf+\/f3NGR\/uLijzLynPGR\/IGB7WISHaIyLLGh7UAADxLynNAADRLzDbICLQAADIAAD3MCrUHSHXMTDpKSbLAADp5OTij4\/ejo\/VLy\/1LyngJSTcJCPQHx\/OHB7+\/PzaMS\/OLS\/vLijrLSjSAADaNTPwLyjkKSbNJCbYISHPHB\/KGB7WAAD7+vrn3d3aKynTKCjoLCfsKifRGh\/YAADq5+fhjo7QNDXXKCfmJyXt5+fTLzDLLi\/QKivYHRvMGBrQJCXLISPMExXLDxLaEAvkkI\/bOTfaFQ\/SCgpvLcnHAAAAmnRSTlMA+vv7+gT9Bvf9+8z8\/NSv\/Pr5+P7++vnQIBMP\/v38\/Pn348XDiCYf9OjbzcqxXVcx\/fz8+\/rj1r2poo1+fXFqX0orGP7+\/v7+\/fz8+\/r68uzn4trIxsG\/vri3p6GcmZSNbWVYUUZEPQv+\/f39+\/v7+\/v7+vr64tvV1NTTz87FtbSurqeblJKFg4B3bUY+NjL7+\/v7+\/v67t1cDo8JLQAABkRJREFUWMO0kz9rwkAYh0OIeJkum6YugUAhISCdKoj\/P4C7SMdS+gEKIhSKil10LSg4mzXkILdlEpxCpwTiWOLX6BujvQaEQuGeHLnL+\/64J+SIcKGYTYWnntpdLjrVdqvZmNdn0+EE40GtpuuWVS6Xx6N7YDSGpWXpeq02wHgynM7q80az1a52HpddtVcpsi1zFARBrdaxbhp9iUReTGmwA4KAAr7vx3EYejnCMI6hQYEgy0LQi4jUN0wL19vqFcUC9\/1dAKmEEFkWRYkh5oBejnxQJiSJPJ\/uKBp0Thszx9Mw8hMRIQjKsptCfuES9zr5WJY6vSFCIvE9fCMUmEM1A1kSXcYGxgVYsvI1IPKTZciSTI0us\/SMGG04gDzELDoFBwdcFJrF88dqgYMTiL6DILWYyfOWE8\/kIz38olCNlC03FK95+imxp6y4oUSvAnBjHHhKNtotSDqJzVFiK8c2SBqhZtsrTtgrLXwAyduxZHNE26eHUt5rtuM4WSmds3G+sUdWYo1L+XyxButoh5eKUHk5lByO3G1LqqCWVnfrv\/lyPtf\/4ps1cndNGIri8J1TJ0lx6dR\/oPjq1nbRwdp2dCk4CtIOLW3pVKRL6WZfS5vF2KkIQhpwSsjiYIgNCs1gEMGqiIq24NQX9NwoXFy8Ufrl3twTcg4fv8T9\/JBEySduj6Mjm4bMzYV7EEOxKjjoNDud7yY3Dy71Hq2oLmqfbNR723edH9PgMrNL2utoQ3VmaIDkiw\/4w51P06hlZsTZvkRrbVuSIs\/zwSOsycgzStQouoAkWQqioRT5XI7n2Z1wfVhoZmcAJLsoqjqpjbWCgpOAJXBwHK8PzWbNvoUZJND5wCnSkLAkZ1legx6vqQzjoiTahKlGUGLAiIIoABOHaNVw4sexZBym6\/HWlH5h3IC7yRbxtipcWxdTOkORKiNQAEkFf66x5S2oeRbroOlLgg0sSYkR0hRGEqJZ0jTPiQKatESdBckpWigxaapEH0lImHdWu9pUFF2XqMNM2Z4kped7IwEJw2qabwtrQqnpw6HyKkgcadKWsmpywwesDyIhYRpdzXddqegtGIJlXbAIUMOLkGxJUjRIkokwjUaX9d\/kK62ps\/tYUqZLIMkLTyBhsMZ3C5Z\/kDxOSCb\/DOs\/\/J0qcWSX\/2ipe56EgTCA4\/cB7NAYOsni4mZM1MUPAISoEwkDi4lhVBQ1cWQyIcwalw4EpqZN68JUSK7XC0kTlkLYii5uXSC8jT5ncCAS7mjCv0uHp\/3lueHEEAeQ\/\/VgmdN71\/2uCSA1Xr6DO6uI6sW56zqT2tp2PhgiRUAajV8CY2fkcz6WGNKMgLAt7tJAhD4YHMTeRxlALE6+43WqjSWi8ITxyJl8WrwWSNESQZZOqhDDntO3hJLsd5RtSpbJqdv3YrDJH3F7jL1R2O2aQkn2MyCyKYz0GPGIvSAMgBCrCEiJyKbBaYGwLW4uPRr0A0M4Ux5kUI7IBh+hMdiCEWNqhMZGyYMsOgNE58UQuEQeUnSWCMYwL54hkxK6IoqucQZbQ3pc3XtL0lky1dL0zZJJDpWJovFqpWj6JEHnyam2eQp5QRVAVHjWparTOaVwUOx99YS2MvgxIGV0bb+qIg2HX2qkFFJB+XZcbLiuRkuxD9GRroKyveLxdh4d7Orx+hb7qc3uVRuEogCOnyIxm4ubUoPgF4jianDrC+SDQDKEfJb0GUKmjCGPYHGJvVC6X4hw1\/sAfQAdfYyephIaspXe36RwOP+Ljvfx9B6B3i+Nk0DGq+oCbLn6JpBa9nWAveAIHwFAwtVcIJXPMPL8kRu5OAYPMaL1WScTxjiZDqB9LTJSWphow\/pTYKRTLjCBhvi9iBidvKcDasGSm0QQkycYuLBqj6QCELPctqChDWpTRMWkngNNpQ1Pfp1KkiT\/Y0DGffXAweUNfLAfaJFKDwhb6I+bkYRbkERoEeu3Fyjg2opMz2daZCS9jt6Q7txNfB+OZEVF6Zl5web2xunnLQrtrjXseXKaFYziYINeMFZVxS9VxRhOoesYwxPKXm+gWLG9cuFeq93UNNeJNsf1KlwuDok9n02n3TgIJpOxNfL9naIoQwXtfH9kjceTIIi709ncTg6LZbg+biLH1V6u\/7rxBem06VXKn9raAAAAAElFTkSuQmCC\")      no-repeat center center \/ contain;  }  @media screen and (max-width: 960px) and (orientation: portrait) {    .logo {      width: 100%;    }    .logo .pc-banner {      display: none;    }    .logo .m-banner {      display: block;      width: 100%;    }    .logo .m-banner img {      height: auto!important;    }    .ytvideo {      height: 200px;      width: 100%;    }  }<\/style><style>  .video-section {    width: 100%;    margin: 0 auto;  }  .video-section > img {    width: 100%;  }  .video-section iframe,  .video-section video {    width: 100%;    height: 100%;      }  .video-section-img-m,  .video-section-img-pc > img {    width: 100%;    height: auto;  }  .video-section-img-pc.small > img {    width: 970px;  }  .video-desc {    line-height: 1.5;    font-size: 20px;    font-weight: 400;    margin: 20px 0;    text-align: center;    color: #0f1111;    word-break: break-word;  }  @media screen and (max-width: 960px) and (orientation: portrait) {    .video-section {      width: 100%;    }    .video-section-pc,    .video-section-img-pc {      display: none;    }    .video-section-m,    .video-section-img-m {      display: block;    }    .video-desc {      font-size: 15px;    }  }  @media screen and (min-width: 960px) {    .video-section {      width: 100%;      margin: 0 auto;    }    .video-section-pc,    .video-section-img-pc {      display: block;    }    .video-section-m,    .video-section-img-m {      display: none;    }    .video-desc {      font-size: 20px;    }  }<\/style><style>  .section + .section {    margin-top: 35px;  }  .section-title {    text-align: center;    font-weight: bold;    color: #0d1111;    font-family: \"Arial\";    font-size: 32px;    margin: 15px 0;  }  .section-title:empty {    display: none;  }  .section-desc {    text-align: center;    font-weight: normal;    color: #0d1111;    margin-top: 20px;  }  .section-desc:empty {    display: none;  }  .section-img {    width: 1200px;    height: 492px;    margin: 0 auto;    display: block;  }  .section-img.small {    width: 970px;    height: auto;  }  .section-img.small > img {    height: auto;  }  .section-img > img {    width: 100%;    height: 100%;  }  .section-mobile-img {    display: none;    max-width: 100vw;    max-height: 75vw;    height: 450px;    margin: 0 auto;  }  .section-mobile-img > img {    width: 100%;    height: 100%;  }  @media screen and (max-width: 960px) and (orientation: portrait) {    .container {      width: 100%;    }    .container.small {      width: 100%;    }    .section-mobile-img {      display: block;    }    .section-img {      display: none;    }    .section-title {      font-size: 22px;      margin: 10px 0;    }    .section-desc {      margin-top: 10px;    }    .section + .section {      margin-top: 20px;    }  }<\/style><\/head><body><div class=\"container\"><div class=\"logo\"><div class=\"pc-banner\"><div><img decoding=\"async\" src=\"\/vevor\/vevor\/boutique-banner\/pc\/en-pc@1x.jpg\" style=\"width: 100%;\" \/><\/div><\/div><div class=\"m-banner\"><div><img decoding=\"async\" src=\"\/vevor\/vevor\/boutique-banner\/mobile\/en-m@1x.jpg\" style=\"width: 100%;\" \/><\/div><\/div><\/div><div class=\"section-title\">VEVOR Sukeldatavad Utility Pump \u2013 Hoida Oma Hoovis Kuiv<\/div><div class=\"video-section\"><div class=\"video-section-img-pc\"><img decoding=\"async\" src=\"\/vevor\/product\/QSSZBSL10HP08XUGU\/utility-pump-a100-1.4.jpg\" alt=\"VEVORi kommunaalpump basseinis, mis n\u00e4itab \u00fclekoormuskaitset, 4000 gph voolu ja maksimaalselt 31 jalga pead.\" \/><\/div><div class=\"video-section-img-m\"><img decoding=\"async\" src=\"\/vevor\/product\/QSSZBSL10HP08XUGU\/utility-pump-a100-1.4-m.jpg\" alt=\"VEVORi kommunaalpump basseinis, mis n\u00e4itab \u00fclekoormuskaitset, 4000 gph voolu ja maksimaalselt 31 jalga pead.\" \/><\/div><div class=\"section-desc\">V\u00e4sinud \u00f5ue \u00fcleujutus? Meie utility pump on siin p\u00e4\u00e4sta p\u00e4ev! Tema v\u00f5imas mootor ja nutikad \u00fclekoormuskaitse, see kiiresti kanalisatsiooni vett, mist\u00f5ttu on must-olla oma hoovis.<\/div><\/div><div class=\"section\"><div class=\"section-title\"><\/div><div class=\"section-img\"><img decoding=\"async\" src=\"\/vevor\/product\/QSSZBSL10HP08XUGU\/utility-pump-a100-2.2.jpg\" alt=\"VEVORi kommunaalpump basseinis, millel on k\u00f5rge kvaliteet, vastupidavus ja ipx8 veekindel reiting.\" \/><\/div><div class=\"section-mobile-img\"><img decoding=\"async\" src=\"\/vevor\/product\/QSSZBSL10HP08XUGU\/utility-pump-a100-2.2-m.jpg\" alt=\"VEVORi kommunaalpump basseinis, millel on k\u00f5rge kvaliteet, vastupidavus ja ipx8 veekindel reiting.\" \/><\/div><div class=\"section-desc\">Meie sukeldatud veepump, mis on valmistatud sitketest materjalidest, nagu nailon ja klaaskiud, on ehitatud kestma. See on vastupidav ja vastupidav, nii et saate sellele loota, et teie \u00f5ue oleks kuiv ja puhas.<\/div><\/div><div class=\"section\"><div class=\"section-title\"><\/div><div class=\"section-img\"><img decoding=\"async\" src=\"\/vevor\/product\/QSSZBSL10HP08XUGU\/utility-pump-a100-2.3.jpg\" alt=\"VEVOR kommunaalpump, mis n\u00e4itab mitut toruadapterit erinevate liideste jaoks basseini \u00e4\u00e4res.\" \/><\/div><div class=\"section-mobile-img\"><img decoding=\"async\" src=\"\/vevor\/product\/QSSZBSL10HP08XUGU\/utility-pump-a100-2.3-m.jpg\" alt=\"VEVOR kommunaalpump, mis n\u00e4itab mitut toruadapterit erinevate liideste jaoks basseini \u00e4\u00e4res.\" \/><\/div><div class=\"section-desc\">Ei ole vaja r\u00f5hutada umbes liitmikud! Meie sukeldatavad utility pump on kaasas k\u00f5ik tarvikud, mida vajate kiusame vaba \u00e4ravoolu igas olukorras.<\/div><\/div><div class=\"section\"><div class=\"section-title\"><\/div><div class=\"section-img\"><img decoding=\"async\" src=\"\/vevor\/product\/QSSZBSL10HP08XUGU\/utility-pump-a100-2.4.jpg\" alt=\"kaasaskantava k\u00e4epideme ja eemaldatava p\u00f5hjafiltriga VEVOR kommunaalpump t\u00f5husaks liiva ja kruusa filtreerimiseks.\" \/><\/div><div class=\"section-mobile-img\"><img decoding=\"async\" src=\"\/vevor\/product\/QSSZBSL10HP08XUGU\/utility-pump-a100-2.4-m.jpg\" alt=\"kaasaskantava k\u00e4epideme ja eemaldatava p\u00f5hjafiltriga VEVOR kommunaalpump t\u00f5husaks liiva ja kruusa filtreerimiseks.\" \/><\/div><div class=\"section-desc\">Oleme muutnud operatsiooni imelihtsaks! 10 jala pikkuse toitejuhtme, k\u00e4ep\u00e4rase kandek\u00e4epideme ja h\u00f5lpsasti puhastatava filtriga on meie karteripumba kasutamine ja hooldamine koogit\u00fckk.<\/div><\/div><div class=\"section\"><div class=\"section-title\"><\/div><div class=\"section-img\"><img decoding=\"async\" src=\"\/vevor\/product\/QSSZBSL10HP08XUGU\/utility-pump-a100-2.5.jpg\" alt=\"VEVOR kommunaalpump, mida kasutatakse basseinis, aiatiigis, \u00fcleujutatud alal ja madalal lamamisalal. lai rakendus.\" \/><\/div><div class=\"section-mobile-img\"><img decoding=\"async\" src=\"\/vevor\/product\/QSSZBSL10HP08XUGU\/utility-pump-a100-2.5-m.jpg\" alt=\"VEVOR kommunaalpump, mida kasutatakse basseinis, aiatiigis, \u00fcleujutatud alal ja madalal lamamisalal. lai rakendus.\" \/><\/div><div class=\"section-desc\">Olgu see tiik, aed v\u00f5i bassein, meie sukeldatav pump on oma \u00fclesannete k\u00f5rgusel. J\u00e4ta h\u00fcvasti veeprobleemidega ja tere v\u00e4rskele puhtale \u00f5uele!<\/div><\/div><div class=\"section\"><div class=\"section-img\"><img decoding=\"async\" src=\"\/vevor\/product\/QSSZBSL10HP08XUGU\/utility-pump-a100-1.11.jpg\" alt=\"VEVOR kommunaalpump zxq1100-b 1 hj v\u00f5imsusega, 4000 gph voolukiirusega, ipx8 veekindel ja 31 jalga max peaga.\" \/><\/div><div class=\"section-mobile-img\"><img decoding=\"async\" src=\"\/vevor\/product\/QSSZBSL10HP08XUGU\/utility-pump-a100-1.11-m.jpg\" alt=\"VEVOR kommunaalpump zxq1100-b 1 hj v\u00f5imsusega, 4000 gph voolukiirusega, ipx8 veekindel ja 31 jalga max peaga.\" \/><\/div><\/div><\/div><\/body><\/html><\/div>\n<div class=\"DM_at-title\" id=\"js-DM_at-title\"> <div>Toote spetsifikatsioon<\/div> <i class=\"icon-arrowup_line\"><\/i> <\/div><div class=\"DM_at-goodsDescAttr\" id=\"js-DM_at-goodsDescAttr\"> <div class=\"DM_at-goodsDescAttrInner\"> <dl class=\"goodsDesc_item goodsDesc_item_even\"> <dt>Punkt Mudeli Number<\/dt> <dd> ZXQ1000-B<\/dd> <\/dl> <dl class=\"goodsDesc_item\"> <dt>Max V\u00f5imsus<\/dt> <dd> 700W<\/dd> <\/dl> <dl class=\"goodsDesc_item goodsDesc_item_even\"> <dt>Max Voolu<\/dt> <dd> 4148 GPH (15700 L\/H)<\/dd> <\/dl> <dl class=\"goodsDesc_item\"> <dt>Max Pea<\/dt> <dd> 33 jalga\/10,1 m<\/dd> <\/dl> <dl class=\"goodsDesc_item goodsDesc_item_even\"> <dt>Veekindel Reiting<\/dt> <dd> Ipx8-ga<\/dd> <\/dl> <dl class=\"goodsDesc_item\"> <dt>Heakskiidu Suurus<\/dt> <dd> G1-1\/2&#034;<\/dd> <\/dl> <dl class=\"goodsDesc_item goodsDesc_item_even\"> <dt>Toote Kaal<\/dt> <dd> 12,90 naela\/5,85 kg<\/dd> <\/dl> <dl class=\"goodsDesc_item\"> <dt>Toote Suurus<\/dt> <dd> 6,42 x 6,1 x 12,52 tolli\/163 x 155 x 318 mm<\/dd> <\/dl> <\/div> <\/div>","protected":false},"excerpt":{"rendered":"<ul>\n<li> T\u00f5hus drenaa\u017e: v\u00f5imsa vasktraadi mootori ja sisseehitatud \u00fclekoormuskaitsega on meie kommunaalpump ohutu ja t\u00f5hus. See pumpab kuni 4148 GPH (15700 L\/H) ja suudab t\u00f5sta vett kuni 33 jalga, lahendades kiiresti k\u00f5ik \u00f5ue veeprobleemid. <\/li>\n<li> Kvaliteetne Materjal: h\u00fcvasti \u00f5hukesest pumbad. See sukeldatavad vee pump on valmistatud tipptasemel materjalidest ja k\u00f5rge mehaaniline tugevus ja kulumiskindlus, tagades vastupidavuse ja stabiilsuse. Lisaks ipx8-ga-see on veekindel, nii et seda v\u00f5ib k\u00e4sitleda pikaajalise veealuse kasutada ilma probleemideta. <\/li>\n<li> Suurep\u00e4rane \u00fchilduvus: meie sukelaparaadiga kommunaalpumbaga on kaasas G1-1\/2\u2033 k\u00fc\u00fcnarnuki v\u00e4liskeere, G1-1\/2\u2033 sirge sisekeere, G1\u2033, 25 mm ja 32 mm keermestatud toruadapter, mis muudab selle kasutamise igas olukorras imelihtsaks. Praktiline adapteri disain v\u00f5imaldab teil h\u00f5lpsasti lahendada erinevaid veepuhastusprobleeme oma hoovis, suurendades mitmek\u00fclgsust ja mugavust. <\/li>\n<li> Kasutajas\u00f5bralik Disain: Me oleme k\u00f5ige peale m\u00f5elnud, et muuta oma elu lihtsamaks. 10 jalga pikk toitejuhe, p\u00f5hjas eemaldatav filter ja mugav kandesang, k\u00e4itamise ja hooldamise meie \u00f5livann pump on imelihtne. Pumbata vett pole kunagi olnud nii mugav! <\/li>\n<li> Mitmek\u00fclgne J\u00f5udlus: Alates tiigid, basseinid, meie sqe pump on teile kaetud. See on ideaalne aiad, vee-kanalid, madalad laigud \u2013 you name it. Mis iganes on sinu vee vajadusi, meie pumba pakub lahenduse. <\/li>\n<\/ul>","protected":false},"featured_media":317372,"comment_status":"closed","ping_status":"open","template":"","meta":{"om_disable_all_campaigns":false,"_uf_show_specific_survey":0,"_uf_disable_surveys":false},"location":[1935,1934],"product_brand":[21],"product_cat":[71,4223,2941,1158],"product_tag":[],"class_list":{"0":"post-48895","1":"product","2":"type-product","3":"status-publish","4":"has-post-thumbnail","6":"location-supplier_stock_location","7":"location-local_stock_location","8":"product_brand-vevor","9":"product_cat-plumbing","10":"product_cat-submersible-utility-pumps-utility-pumps","11":"product_cat-utility-pumps","12":"product_cat-water-pumps-plumbing","14":"first","15":"instock","16":"taxable","17":"shipping-taxable","18":"purchasable","19":"product-type-simple"},"aioseo_notices":[],"locations":[{"id":1935,"name":"Pieg\u0101d\u0101t\u0101ja noliktav\u0101 (5-7dd)","slug":"supplier_stock_location","quantity":"131"},{"id":1934,"name":"R\u012bgas veikal\u0101 (0-2d.d.)","slug":"local_stock_location","quantity":"0"}],"_links":{"self":[{"href":"https:\/\/vevorshop.lv\/et\/wp-json\/wp\/v2\/product\/48895","targetHints":{"allow":["GET"]}}],"collection":[{"href":"https:\/\/vevorshop.lv\/et\/wp-json\/wp\/v2\/product"}],"about":[{"href":"https:\/\/vevorshop.lv\/et\/wp-json\/wp\/v2\/types\/product"}],"replies":[{"embeddable":true,"href":"https:\/\/vevorshop.lv\/et\/wp-json\/wp\/v2\/comments?post=48895"}],"wp:featuredmedia":[{"embeddable":true,"href":"https:\/\/vevorshop.lv\/et\/wp-json\/wp\/v2\/media\/317372"}],"wp:attachment":[{"href":"https:\/\/vevorshop.lv\/et\/wp-json\/wp\/v2\/media?parent=48895"}],"wp:term":[{"taxonomy":"location","embeddable":true,"href":"https:\/\/vevorshop.lv\/et\/wp-json\/wp\/v2\/location?post=48895"},{"taxonomy":"product_brand","embeddable":true,"href":"https:\/\/vevorshop.lv\/et\/wp-json\/wp\/v2\/product_brand?post=48895"},{"taxonomy":"product_cat","embeddable":true,"href":"https:\/\/vevorshop.lv\/et\/wp-json\/wp\/v2\/product_cat?post=48895"},{"taxonomy":"product_tag","embeddable":true,"href":"https:\/\/vevorshop.lv\/et\/wp-json\/wp\/v2\/product_tag?post=48895"}],"curies":[{"name":"wp","href":"https:\/\/api.w.org\/{rel}","templated":true}]}}