{"id":49931,"date":"2024-11-19T16:50:20","date_gmt":"2024-11-19T16:50:20","guid":{"rendered":"http:\/\/vevorshop.edigo.lv\/Prece\/vevor-glass-clamp-4-pcs-rectangle-railing-bracket-for-0-31-0-47-glass-black\/"},"modified":"2026-04-20T03:42:24","modified_gmt":"2026-04-20T00:42:24","slug":"vevor-glass-clamp-4-pcs-rectangle-railing-bracket-for-0-31-0-47-glass-black","status":"publish","type":"product","link":"https:\/\/vevorshop.lv\/et\/Prece\/vevor-klaasklamber-4-tk-ristkulikukujuline-piirdeklamber-0-31-0-47-klaasmust\/","title":{"rendered":"VEVOR 4 tk roostevabast terasest klaasiklambrid 8\u201312 mm karastatud klaasile, ristk\u00fclikukujulised kinnitused r\u00f5dule, basseinile, aeda, trepile"},"content":{"rendered":"<div style=\"color: #fff!important; font-size: 16px; height: 24px; line-height: 24px; margin-top: -24px; \" class=\"product_original_name\">VEVOR klaasklamber, 4 tk ristk\u00fclikukujuline klaaspiirdeklamber 0,31 \"-0,47\" karastatud klaasile, 304 roostevabast terasest klaasist kinnitusklamber, 0,2 \u039a paks klaasist riiulklamber r\u00f5dule, aiale, basseinile, trepile<\/div>\n<div style=\"color: #fff!important; font-size: 16px; height: 24px; line-height: 24px; margin-top: -24px; \" class=\"product_sku\">M4I4LRMT<\/div>\n<div style=\"color: #fff!important; font-size: 16px; height: 24px; line-height: 24px; margin-top: -24px; \" class=\"product_mpn\">BLZJHSZFX4PCO6SWDV0<\/div><div id=\"js-DM_at-goodDescRich\"><html><head><style>  body {    font-family: Arial;    line-height: 1.5;    color: #1c1c1c;    overflow-x: hidden;    margin: 0;    padding: 0;  }  .MsoNormal b {    font-weight: bolder;  }<\/style><style>  .container.small {    width: 970px;    margin: 0 auto;  }  .logo {    margin: 0 auto 0;  }  .logo img {    display: block;    margin: 0 auto;    max-width: 100%;  }  .logo .pc-banner {    display: block;    width: 1200px;    height: 247.4px;    margin: 0 auto;  }  .logo .pc-banner.small {    width: 970px;  }  .logo .pc-banner.small img {    height: auto!important;  }  .logo .m-banner {    display: none;  }  .ytvideo {    position: relative;    height: 546px;    width: 100%;    margin: 0 auto;  }  .ytvideo img {    width: 100%;    margin: 0 auto;  }  .ytvideo .play-btn {    width: 60px;    height: 42px;    position: absolute;    top: 50%;    left: 50%;    transform: translate(-50%, -50%);    background: url(\"data:image\/png;base64,iVBORw0KGgoAAAANSUhEUgAAAGQAAABGCAMAAAANWMFbAAAC+lBMVEUAAADBGB3kLCfBGB3kLCfcJC7BFx3KKSbiKybkLCbWJCPSIiLSIiLPICHAFx3kLCfgKSXNHiDZJiTIGx\/p4eHcjo7LHSDbJyTkLCbjKyfOHyHPIiL28fHJHB\/GGh7EGR7eKCXDGB3RISHlLSbBGB3AFxzGHB7DGB7BGB3hKybkKybAFx3lLCfAFxzDGR3hKibDGB7cJyTmz8\/elJTlwcHjurrUIyLlLSflLSfAFx3DGR7lLSfCFx3hKibhKibhKybjKybkLCblLSfbJSX49vbx7e3NNzjNMTLMJyjVIyLZf3\/ZQ0LaeHjx0tLgoqLkLCfCGB3HGx\/BGB3BFx3PICHCGB7WJCLOHyC\/Fxy\/Fx3lLCfQISHkLSe\/FxzbJiTBFx3FGx\/AGB7BFx3EGR7AGB3HHSDfKiXAFh3TISHYNzbhKibbJyTTIiL57e325+f039\/v2NjUV1fOHiHiqanfmprch4feKSXVIyPOICHmLibFGh\/mLSe\/Fx7XJCPeKSXXJSPNHyHaJyTGGh7lLCbmLCflLSjSIiLkLCbdKSXLHiC\/GB3KHh++Fh3lKyfoLiXcKCPkx8fYb2\/XaGfVXl3aU1LLHiDksbHgKibPICHbJyTfKSXbJyTCGB3KHSDiKybFGh7TIiL\/\/\/\/VIyPRISHIHB\/GGx\/HHB\/DGR7gKibdKCXLHiDZJiTMHiDNHyHYJSTOICHPICHWJCPcKCXXJSPjLCblLCf+\/f3NGR\/uLijzLynPGR\/IGB7WISHaIyLLGh7UAADxLynNAADRLzDbICLQAADIAAD3MCrUHSHXMTDpKSbLAADp5OTij4\/ejo\/VLy\/1LyngJSTcJCPQHx\/OHB7+\/PzaMS\/OLS\/vLijrLSjSAADaNTPwLyjkKSbNJCbYISHPHB\/KGB7WAAD7+vrn3d3aKynTKCjoLCfsKifRGh\/YAADq5+fhjo7QNDXXKCfmJyXt5+fTLzDLLi\/QKivYHRvMGBrQJCXLISPMExXLDxLaEAvkkI\/bOTfaFQ\/SCgpvLcnHAAAAmnRSTlMA+vv7+gT9Bvf9+8z8\/NSv\/Pr5+P7++vnQIBMP\/v38\/Pn348XDiCYf9OjbzcqxXVcx\/fz8+\/rj1r2poo1+fXFqX0orGP7+\/v7+\/fz8+\/r68uzn4trIxsG\/vri3p6GcmZSNbWVYUUZEPQv+\/f39+\/v7+\/v7+vr64tvV1NTTz87FtbSurqeblJKFg4B3bUY+NjL7+\/v7+\/v67t1cDo8JLQAABkRJREFUWMO0kz9rwkAYh0OIeJkum6YugUAhISCdKoj\/P4C7SMdS+gEKIhSKil10LSg4mzXkILdlEpxCpwTiWOLX6BujvQaEQuGeHLnL+\/64J+SIcKGYTYWnntpdLjrVdqvZmNdn0+EE40GtpuuWVS6Xx6N7YDSGpWXpeq02wHgynM7q80az1a52HpddtVcpsi1zFARBrdaxbhp9iUReTGmwA4KAAr7vx3EYejnCMI6hQYEgy0LQi4jUN0wL19vqFcUC9\/1dAKmEEFkWRYkh5oBejnxQJiSJPJ\/uKBp0Thszx9Mw8hMRIQjKsptCfuES9zr5WJY6vSFCIvE9fCMUmEM1A1kSXcYGxgVYsvI1IPKTZciSTI0us\/SMGG04gDzELDoFBwdcFJrF88dqgYMTiL6DILWYyfOWE8\/kIz38olCNlC03FK95+imxp6y4oUSvAnBjHHhKNtotSDqJzVFiK8c2SBqhZtsrTtgrLXwAyduxZHNE26eHUt5rtuM4WSmds3G+sUdWYo1L+XyxButoh5eKUHk5lByO3G1LqqCWVnfrv\/lyPtf\/4ps1cndNGIri8J1TJ0lx6dR\/oPjq1nbRwdp2dCk4CtIOLW3pVKRL6WZfS5vF2KkIQhpwSsjiYIgNCs1gEMGqiIq24NQX9NwoXFy8Ufrl3twTcg4fv8T9\/JBEySduj6Mjm4bMzYV7EEOxKjjoNDud7yY3Dy71Hq2oLmqfbNR723edH9PgMrNL2utoQ3VmaIDkiw\/4w51P06hlZsTZvkRrbVuSIs\/zwSOsycgzStQouoAkWQqioRT5XI7n2Z1wfVhoZmcAJLsoqjqpjbWCgpOAJXBwHK8PzWbNvoUZJND5wCnSkLAkZ1legx6vqQzjoiTahKlGUGLAiIIoABOHaNVw4sexZBym6\/HWlH5h3IC7yRbxtipcWxdTOkORKiNQAEkFf66x5S2oeRbroOlLgg0sSYkR0hRGEqJZ0jTPiQKatESdBckpWigxaapEH0lImHdWu9pUFF2XqMNM2Z4kped7IwEJw2qabwtrQqnpw6HyKkgcadKWsmpywwesDyIhYRpdzXddqegtGIJlXbAIUMOLkGxJUjRIkokwjUaX9d\/kK62ps\/tYUqZLIMkLTyBhsMZ3C5Z\/kDxOSCb\/DOs\/\/J0qcWSX\/2ipe56EgTCA4\/cB7NAYOsni4mZM1MUPAISoEwkDi4lhVBQ1cWQyIcwalw4EpqZN68JUSK7XC0kTlkLYii5uXSC8jT5ncCAS7mjCv0uHp\/3lueHEEAeQ\/\/VgmdN71\/2uCSA1Xr6DO6uI6sW56zqT2tp2PhgiRUAajV8CY2fkcz6WGNKMgLAt7tJAhD4YHMTeRxlALE6+43WqjSWi8ITxyJl8WrwWSNESQZZOqhDDntO3hJLsd5RtSpbJqdv3YrDJH3F7jL1R2O2aQkn2MyCyKYz0GPGIvSAMgBCrCEiJyKbBaYGwLW4uPRr0A0M4Ux5kUI7IBh+hMdiCEWNqhMZGyYMsOgNE58UQuEQeUnSWCMYwL54hkxK6IoqucQZbQ3pc3XtL0lky1dL0zZJJDpWJovFqpWj6JEHnyam2eQp5QRVAVHjWparTOaVwUOx99YS2MvgxIGV0bb+qIg2HX2qkFFJB+XZcbLiuRkuxD9GRroKyveLxdh4d7Orx+hb7qc3uVRuEogCOnyIxm4ubUoPgF4jianDrC+SDQDKEfJb0GUKmjCGPYHGJvVC6X4hw1\/sAfQAdfYyephIaspXe36RwOP+Ljvfx9B6B3i+Nk0DGq+oCbLn6JpBa9nWAveAIHwFAwtVcIJXPMPL8kRu5OAYPMaL1WScTxjiZDqB9LTJSWphow\/pTYKRTLjCBhvi9iBidvKcDasGSm0QQkycYuLBqj6QCELPctqChDWpTRMWkngNNpQ1Pfp1KkiT\/Y0DGffXAweUNfLAfaJFKDwhb6I+bkYRbkERoEeu3Fyjg2opMz2daZCS9jt6Q7txNfB+OZEVF6Zl5web2xunnLQrtrjXseXKaFYziYINeMFZVxS9VxRhOoesYwxPKXm+gWLG9cuFeq93UNNeJNsf1KlwuDok9n02n3TgIJpOxNfL9naIoQwXtfH9kjceTIIi709ncTg6LZbg+biLH1V6u\/7rxBem06VXKn9raAAAAAElFTkSuQmCC\")      no-repeat center center \/ contain;  }  @media screen and (max-width: 960px) and (orientation: portrait) {    .logo {      width: 100%;    }    .logo .pc-banner {      display: none;    }    .logo .m-banner {      display: block;      width: 100%;    }    .logo .m-banner img {      height: auto!important;    }    .ytvideo {      height: 200px;      width: 100%;    }  }<\/style><style>  .video-section {    width: 100%;    margin: 0 auto;  }  .video-section > img {    width: 100%;  }  .video-section iframe,  .video-section video {    width: 100%;    height: 100%;      }  .video-section-img-m,  .video-section-img-pc > img {    width: 100%;    height: auto;  }  .video-section-img-pc.small > img {    width: 970px;  }  .video-desc {    line-height: 1.5;    font-size: 20px;    font-weight: 400;    margin: 20px 0;    text-align: center;    color: #0f1111;    word-break: break-word;  }  @media screen and (max-width: 960px) and (orientation: portrait) {    .video-section {      width: 100%;    }    .video-section-pc,    .video-section-img-pc {      display: none;    }    .video-section-m,    .video-section-img-m {      display: block;    }    .video-desc {      font-size: 15px;    }  }  @media screen and (min-width: 960px) {    .video-section {      width: 100%;      margin: 0 auto;    }    .video-section-pc,    .video-section-img-pc {      display: block;    }    .video-section-m,    .video-section-img-m {      display: none;    }    .video-desc {      font-size: 20px;    }  }<\/style><style>  .section + .section {    margin-top: 35px;  }  .section-title {    text-align: center;    font-weight: bold;    color: #0d1111;    font-family: \"Arial\";    font-size: 32px;    margin: 15px 0;  }  .section-title:empty {    display: none;  }  .section-desc {    text-align: center;    font-weight: normal;    color: #0d1111;    margin-top: 20px;  }  .section-desc:empty {    display: none;  }  .section-img {    width: 1200px;    height: 492px;    margin: 0 auto;    display: block;  }  .section-img.small {    width: 970px;    height: auto;  }  .section-img.small > img {    height: auto;  }  .section-img > img {    width: 100%;    height: 100%;  }  .section-mobile-img {    display: none;    max-width: 100vw;    max-height: 75vw;    height: 450px;    margin: 0 auto;  }  .section-mobile-img > img {    width: 100%;    height: 100%;  }  @media screen and (max-width: 960px) and (orientation: portrait) {    .container {      width: 100%;    }    .container.small {      width: 100%;    }    .section-mobile-img {      display: block;    }    .section-img {      display: none;    }    .section-title {      font-size: 22px;      margin: 10px 0;    }    .section-desc {      margin-top: 10px;    }    .section + .section {      margin-top: 20px;    }  }<\/style><\/head><body><div class=\"container small\"><div class=\"logo\"><div class=\"pc-banner small\"><div><img decoding=\"async\" src=\"\/vevor\/vevor\/boutique-banner\/pc\/en-pc@1x.jpg\" style=\"width: 100%;\" \/><\/div><\/div><div class=\"m-banner\"><div><img decoding=\"async\" src=\"\/vevor\/vevor\/boutique-banner\/mobile\/en-m@1x.jpg\" style=\"width: 100%;\" \/><\/div><\/div><\/div><div class=\"section-title\">Usaldusv\u00e4\u00e4rne J\u00f5udu Oma Klaasist Paneelid!<\/div><div class=\"video-section\"><div class=\"video-section-img-pc small\"><img decoding=\"async\" src=\"\/vevor\/product\/BLZJHSZFX4PCO6SWD\/glass-clamp-a100-1.4-pt.jpg\" alt=\"VEVOR klaas klamber, pakkudes 180\u00b0 ristk\u00fclikukujuline stabiilsuse klaasist piirded, koos bi-directional paigaldus.\" \/><\/div><div class=\"video-section-img-m\"><img decoding=\"async\" src=\"\/vevor\/product\/BLZJHSZFX4PCO6SWD\/glass-clamp-a100-1.4-pt.jpg\" alt=\"VEVOR klaas klamber, pakkudes 180\u00b0 ristk\u00fclikukujuline stabiilsuse klaasist piirded, koos bi-directional paigaldus.\" \/><\/div><div class=\"section-desc\">See klaas klamber kinnitub klaasist paneelid erinevaid seadeid. Valmistatud k\u00f5rge kvaliteediga roostevabast terasest, see on rooste ja korrosiooni-vastupidav, ideaalne v\u00e4litingimustes kasutamiseks. Ideaalne bassein, aiad, piirded, ja r\u00f5du tekid, see pakub vastupidav ja stiilne lahendus teie klaas s\u00f5imamine vajadustele.<\/div><\/div><div class=\"section\"><div class=\"section-title\"><\/div><div class=\"section-img small\"><img decoding=\"async\" src=\"\/vevor\/product\/BLZJHSZFX4PCO6SWD\/glass-clamp-a100-2.2-pt.jpg\" alt=\"VEVOR klaas klamber, suur kandev\u00f5ime, p\u00fcsivus, korrosiooni-vastupidavad sus304, kuuskant mutriv\u00f5ti, mitu padjad.\" \/><\/div><div class=\"section-mobile-img\"><img decoding=\"async\" src=\"\/vevor\/product\/BLZJHSZFX4PCO6SWD\/glass-clamp-a100-2.2-pt.jpg\" alt=\"VEVOR klaas klamber, suur kandev\u00f5ime, p\u00fcsivus, korrosiooni-vastupidavad sus304, kuuskant mutriv\u00f5ti, mitu padjad.\" \/><\/div><div class=\"section-desc\">Erinevalt U-kujuline klaasist vaheseinad, see ruut klamber omadused dual avad paremini toetada ja tugev kandev\u00f5ime. Ruut disain tagab suurema kontakti valdkonnas, pakkudes suuremat stabiilsust ja turvalisust.<\/div><\/div><div class=\"section\"><div class=\"section-title\"><\/div><div class=\"section-img small\"><img decoding=\"async\" src=\"\/vevor\/product\/BLZJHSZFX4PCO6SWD\/glass-clamp-a100-2.3-pt.jpg\" alt=\"sile serv VEVOR klaas klamber burr-tasuta, turvaline kasutamine; omadused sile, ohutu kujundus.\" \/><\/div><div class=\"section-mobile-img\"><img decoding=\"async\" src=\"\/vevor\/product\/BLZJHSZFX4PCO6SWD\/glass-clamp-a100-2.3-pt.jpg\" alt=\"sile serv VEVOR klaas klamber burr-tasuta, turvaline kasutamine; omadused sile, ohutu kujundus.\" \/><\/div><div class=\"section-desc\">Meie klaas klamber on valmistatud premium roostevabast terasest korrosioonile vastupidavad ja sobivad iga ilmaga. Seda saab taaskasutada ja kergesti kohaneda erinevate klaasi paksused.<\/div><\/div><div class=\"section\"><div class=\"section-title\"><\/div><div class=\"section-img small\"><img decoding=\"async\" src=\"\/vevor\/product\/BLZJHSZFX4PCO6SWD\/glass-clamp-a100-2.4-pt.jpg\" alt=\"VEVOR klaas klamber komplekt 4 tutvustada turvaline klaas osamakse on kaasaegne r\u00f5du-vaade ookeanile.\" \/><\/div><div class=\"section-mobile-img\"><img decoding=\"async\" src=\"\/vevor\/product\/BLZJHSZFX4PCO6SWD\/glass-clamp-a100-2.4-pt.jpg\" alt=\"VEVOR klaas klamber komplekt 4 tutvustada turvaline klaas osamakse on kaasaegne r\u00f5du-vaade ookeanile.\" \/><\/div><div class=\"section-desc\">See klaas klamber omadused sile serv disain teravaid burrs, tagada ohutu kasutamine ilma riski v\u00e4hendamine.<\/div><\/div><div class=\"section\"><div class=\"section-title\"><\/div><div class=\"section-img small\"><img decoding=\"async\" src=\"\/vevor\/product\/BLZJHSZFX4PCO6SWD\/glass-clamp-a100-2.5-pt.jpg\" alt=\"mitmek\u00fclgne VEVOR klaas klamber rakendused, trepid, terrass, r\u00f5dud, platvormid ja basseinid.\" \/><\/div><div class=\"section-mobile-img\"><img decoding=\"async\" src=\"\/vevor\/product\/BLZJHSZFX4PCO6SWD\/glass-clamp-a100-2.5-pt.jpg\" alt=\"mitmek\u00fclgne VEVOR klaas klamber rakendused, trepid, terrass, r\u00f5dud, platvormid ja basseinid.\" \/><\/div><div class=\"section-desc\">Klaas klamber komplekt tuleb koos p\u00f5hjaliku tarvikud, mis teeb paigaldamise v\u00e4ga mugavaks. Iga osa on m\u00f5eldud t\u00e4iuslik fit, tagades turvalise ja stabiilse setup.<\/div><\/div><div class=\"section\"><div class=\"section-img small\"><img decoding=\"async\" src=\"\/vevor\/product\/BLZJHSZFX4PCO6SWD\/glass-clamp-a100-1.11-pt.jpg\" alt=\"VEVOR klaas klamber roostevaba terasest komplekt, mille m\u00f5\u00f5tmed ja kummi padjad, sobib 8-12mm klaasist.\" \/><\/div><div class=\"section-mobile-img\"><img decoding=\"async\" src=\"\/vevor\/product\/BLZJHSZFX4PCO6SWD\/glass-clamp-a100-1.11-pt.jpg\" alt=\"VEVOR klaas klamber roostevaba terasest komplekt, mille m\u00f5\u00f5tmed ja kummi padjad, sobib 8-12mm klaasist.\" \/><\/div><\/div><\/div><\/body><\/html><\/div>\n<div class=\"DM_at-title\" id=\"js-DM_at-title\"> <div>Toote spetsifikatsioon<\/div> <i class=\"icon-arrowup_line\"><\/i> <\/div><div class=\"DM_at-goodsDescAttr\" id=\"js-DM_at-goodsDescAttr\"> <div class=\"DM_at-goodsDescAttrInner\"> <dl class=\"goodsDesc_item goodsDesc_item_even\"> <dt>Mudel<\/dt> <dd> YSBLJ01<\/dd> <\/dl> <dl class=\"goodsDesc_item\"> <dt>Kogus<\/dt> <dd> 4 tk<\/dd> <\/dl> <dl class=\"goodsDesc_item goodsDesc_item_even\"> <dt>Kohaldatava Klaasi Paksus<\/dt> <dd> 0.31-0.47 in \/ 8-12mm<\/dd> <\/dl> <dl class=\"goodsDesc_item\"> <dt>Seina Paksus<\/dt> <dd> 0.2&#034; \/ 5 mm<\/dd> <\/dl> <dl class=\"goodsDesc_item goodsDesc_item_even\"> <dt>Peamine Materjal<\/dt> <dd> Roostevaba Teras SUS304<\/dd> <\/dl> <dl class=\"goodsDesc_item\"> <dt>Neto Kaal (koos tarvikutega)<\/dt> <dd> 4.96 lbs \/ 2.25 kg<\/dd> <\/dl> <dl class=\"goodsDesc_item goodsDesc_item_even\"> <dt>\u00dcldine M\u00f5\u00f5tmed (L x W x H)<\/dt> <dd> 3.94x1.97x0.96&#034; \/ 100x50x24.5mm<\/dd> <\/dl> <\/div> <\/div>","protected":false},"excerpt":{"rendered":"<ul>\n<li> Vastupidav ja Kauakestev: Valmistatud roostevabast terasest SUS304, meie klaasi klambreid on uskumatult tugev ja rooste-vastupidavad, tagades, pikendada eluiga ja t\u00f6\u00f6kindlus isegi v\u00e4ljas seaded. <\/li>\n<li> Kiire Paigaldus: klaas klamber kaasas, kuuskant mutriv\u00f5ti lihtne paigaldada. Lihtsalt keerake lahti poldid, aseta klaasi vahe, ja pinguta kruvid. <\/li>\n<li> K\u00f5rge \u00dchilduvus: klaas kanduri sisaldab kolm reguleeritava kummi padjad, paigaldamise klaas suurus 5\/16 tolli (8 mm), 3\/8 tolli (10 mm) ja 1\/2 tolli kohta (12 mm), mis v\u00f5imaldab teil kohandada vastavalt teie vajadustele. <\/li>\n<li> Bi-Directional Klaas Klamber: See 180\u00b0 bi-directional klaas klamber on ava s\u00fcgavus 1.17&#034;, ava laius 0.57&#034;, ja seina paksus 0,2&#034;. Seda saab paigaldada igal pool klaasi, mis pakub mitmek\u00fclgne kasutamine. <\/li>\n<li> K\u00f5rge Tugevus, Stabiilsus: \u00fcldine ehitus ja \u00fchendamine kruvid on valmistatud k\u00f5rge k\u00f5vadus 304 roostevabast terasest, stabiilsuse tagamisel frameless klaas ja v\u00e4hendada vibratsiooni tugev tuul. <\/li>\n<\/ul>","protected":false},"featured_media":318927,"comment_status":"closed","ping_status":"open","template":"","meta":{"om_disable_all_campaigns":false,"_monsterinsights_skip_tracking":false,"_monsterinsights_sitenote_active":false,"_monsterinsights_sitenote_note":"","_monsterinsights_sitenote_category":0,"_uf_show_specific_survey":0,"_uf_disable_surveys":false},"location":[1935,1934],"product_brand":[21],"product_cat":[4239,2938,2937,2936,4240,2423],"product_tag":[],"class_list":{"0":"post-49931","1":"product","2":"type-product","3":"status-publish","4":"has-post-thumbnail","6":"location-supplier_stock_location","7":"location-local_stock_location","8":"product_brand-vevor","9":"product_cat-connectors-deck-railing-systems","10":"product_cat-deck-railing-systems","11":"product_cat-deck-railings","12":"product_cat-decking","13":"product_cat-glass-railing-clamp","14":"product_cat-lumber-composites","16":"first","17":"outofstock","18":"taxable","19":"shipping-taxable","20":"purchasable","21":"product-type-simple"},"aioseo_notices":[],"jetpack_sharing_enabled":true,"locations":[{"id":1935,"name":"Pieg\u0101d\u0101t\u0101ja noliktav\u0101 (5-7dd)","slug":"supplier_stock_location","quantity":"0"},{"id":1934,"name":"R\u012bgas veikal\u0101 (0-2d.d.)","slug":"local_stock_location","quantity":"0"}],"_links":{"self":[{"href":"https:\/\/vevorshop.lv\/et\/wp-json\/wp\/v2\/product\/49931","targetHints":{"allow":["GET"]}}],"collection":[{"href":"https:\/\/vevorshop.lv\/et\/wp-json\/wp\/v2\/product"}],"about":[{"href":"https:\/\/vevorshop.lv\/et\/wp-json\/wp\/v2\/types\/product"}],"replies":[{"embeddable":true,"href":"https:\/\/vevorshop.lv\/et\/wp-json\/wp\/v2\/comments?post=49931"}],"wp:featuredmedia":[{"embeddable":true,"href":"https:\/\/vevorshop.lv\/et\/wp-json\/wp\/v2\/media\/318927"}],"wp:attachment":[{"href":"https:\/\/vevorshop.lv\/et\/wp-json\/wp\/v2\/media?parent=49931"}],"wp:term":[{"taxonomy":"location","embeddable":true,"href":"https:\/\/vevorshop.lv\/et\/wp-json\/wp\/v2\/location?post=49931"},{"taxonomy":"product_brand","embeddable":true,"href":"https:\/\/vevorshop.lv\/et\/wp-json\/wp\/v2\/product_brand?post=49931"},{"taxonomy":"product_cat","embeddable":true,"href":"https:\/\/vevorshop.lv\/et\/wp-json\/wp\/v2\/product_cat?post=49931"},{"taxonomy":"product_tag","embeddable":true,"href":"https:\/\/vevorshop.lv\/et\/wp-json\/wp\/v2\/product_tag?post=49931"}],"curies":[{"name":"wp","href":"https:\/\/api.w.org\/{rel}","templated":true}]}}