{"id":50658,"date":"2025-01-24T12:51:37","date_gmt":"2025-01-24T12:51:37","guid":{"rendered":"http:\/\/vevorshop.edigo.lv\/Prece\/vevor-infrared-paint-curing-lamp-handheld-1000w-for-auto-body-drying\/"},"modified":"2026-02-26T16:40:05","modified_gmt":"2026-02-26T14:40:05","slug":"vevor-infrared-paint-curing-lamp-handheld-1000w-for-auto-body-drying","status":"publish","type":"product","link":"https:\/\/vevorshop.lv\/et\/Prece\/vevor-infrared-paint-curing-lamp-handheld-1000w-for-auto-body-drying\/","title":{"rendered":"VEVOR 1000W Infrapuna V\u00e4rvikuivatuslamp \u2013 K\u00e4sik\u00e4es Auto K\u00fctteseade, 0.23\u33a1 Katvus Remondiks, V\u00e4rvikabiinidele"},"content":{"rendered":"<div style=\"color: #fff!important; font-size: 16px; height: 24px; line-height: 24px; margin-top: -24px; \" class=\"product_original_name\">VEVOR Infrared Curing Lamp, 1000W High Power, Handheld Auto Heating Car Curing Light, 2.48 sq.ft Baking Area Spray Baking Booth Heaters, Paint Dryer for On-Site Repair, Engine Drying<\/div>\n<div style=\"color: #fff!important; font-size: 16px; height: 24px; line-height: 24px; margin-top: -24px; \" class=\"product_sku\">M4I4LSNK<\/div>\n<div style=\"color: #fff!important; font-size: 16px; height: 24px; line-height: 24px; margin-top: -24px; \" class=\"product_mpn\">SCSKQD1000W077ED5V2<\/div><div id=\"js-DM_at-goodDescRich\"><html><head><style>  body {    font-family: Arial;    line-height: 1.5;    color: #1c1c1c;    overflow-x: hidden;    margin: 0;    padding: 0;  }  .MsoNormal b {    font-weight: bolder;  }<\/style><style>  .container.small {    width: 970px;    margin: 0 auto;  }  .logo {    margin: 0 auto 0;  }  .logo img {    display: block;    margin: 0 auto;    max-width: 100%;  }  .logo .pc-banner {    display: block;    width: 1200px;    height: 247.4px;    margin: 0 auto;  }  .logo .pc-banner.small {    width: 970px;  }  .logo .pc-banner.small img {    height: auto!important;  }  .logo .m-banner {    display: none;  }  .ytvideo {    position: relative;    height: 546px;    width: 100%;    margin: 0 auto;  }  .ytvideo img {    width: 100%;    margin: 0 auto;  }  .ytvideo .play-btn {    width: 60px;    height: 42px;    position: absolute;    top: 50%;    left: 50%;    transform: translate(-50%, -50%);    background: url(\"data:image\/png;base64,iVBORw0KGgoAAAANSUhEUgAAAGQAAABGCAMAAAANWMFbAAAC+lBMVEUAAADBGB3kLCfBGB3kLCfcJC7BFx3KKSbiKybkLCbWJCPSIiLSIiLPICHAFx3kLCfgKSXNHiDZJiTIGx\/p4eHcjo7LHSDbJyTkLCbjKyfOHyHPIiL28fHJHB\/GGh7EGR7eKCXDGB3RISHlLSbBGB3AFxzGHB7DGB7BGB3hKybkKybAFx3lLCfAFxzDGR3hKibDGB7cJyTmz8\/elJTlwcHjurrUIyLlLSflLSfAFx3DGR7lLSfCFx3hKibhKibhKybjKybkLCblLSfbJSX49vbx7e3NNzjNMTLMJyjVIyLZf3\/ZQ0LaeHjx0tLgoqLkLCfCGB3HGx\/BGB3BFx3PICHCGB7WJCLOHyC\/Fxy\/Fx3lLCfQISHkLSe\/FxzbJiTBFx3FGx\/AGB7BFx3EGR7AGB3HHSDfKiXAFh3TISHYNzbhKibbJyTTIiL57e325+f039\/v2NjUV1fOHiHiqanfmprch4feKSXVIyPOICHmLibFGh\/mLSe\/Fx7XJCPeKSXXJSPNHyHaJyTGGh7lLCbmLCflLSjSIiLkLCbdKSXLHiC\/GB3KHh++Fh3lKyfoLiXcKCPkx8fYb2\/XaGfVXl3aU1LLHiDksbHgKibPICHbJyTfKSXbJyTCGB3KHSDiKybFGh7TIiL\/\/\/\/VIyPRISHIHB\/GGx\/HHB\/DGR7gKibdKCXLHiDZJiTMHiDNHyHYJSTOICHPICHWJCPcKCXXJSPjLCblLCf+\/f3NGR\/uLijzLynPGR\/IGB7WISHaIyLLGh7UAADxLynNAADRLzDbICLQAADIAAD3MCrUHSHXMTDpKSbLAADp5OTij4\/ejo\/VLy\/1LyngJSTcJCPQHx\/OHB7+\/PzaMS\/OLS\/vLijrLSjSAADaNTPwLyjkKSbNJCbYISHPHB\/KGB7WAAD7+vrn3d3aKynTKCjoLCfsKifRGh\/YAADq5+fhjo7QNDXXKCfmJyXt5+fTLzDLLi\/QKivYHRvMGBrQJCXLISPMExXLDxLaEAvkkI\/bOTfaFQ\/SCgpvLcnHAAAAmnRSTlMA+vv7+gT9Bvf9+8z8\/NSv\/Pr5+P7++vnQIBMP\/v38\/Pn348XDiCYf9OjbzcqxXVcx\/fz8+\/rj1r2poo1+fXFqX0orGP7+\/v7+\/fz8+\/r68uzn4trIxsG\/vri3p6GcmZSNbWVYUUZEPQv+\/f39+\/v7+\/v7+vr64tvV1NTTz87FtbSurqeblJKFg4B3bUY+NjL7+\/v7+\/v67t1cDo8JLQAABkRJREFUWMO0kz9rwkAYh0OIeJkum6YugUAhISCdKoj\/P4C7SMdS+gEKIhSKil10LSg4mzXkILdlEpxCpwTiWOLX6BujvQaEQuGeHLnL+\/64J+SIcKGYTYWnntpdLjrVdqvZmNdn0+EE40GtpuuWVS6Xx6N7YDSGpWXpeq02wHgynM7q80az1a52HpddtVcpsi1zFARBrdaxbhp9iUReTGmwA4KAAr7vx3EYejnCMI6hQYEgy0LQi4jUN0wL19vqFcUC9\/1dAKmEEFkWRYkh5oBejnxQJiSJPJ\/uKBp0Thszx9Mw8hMRIQjKsptCfuES9zr5WJY6vSFCIvE9fCMUmEM1A1kSXcYGxgVYsvI1IPKTZciSTI0us\/SMGG04gDzELDoFBwdcFJrF88dqgYMTiL6DILWYyfOWE8\/kIz38olCNlC03FK95+imxp6y4oUSvAnBjHHhKNtotSDqJzVFiK8c2SBqhZtsrTtgrLXwAyduxZHNE26eHUt5rtuM4WSmds3G+sUdWYo1L+XyxButoh5eKUHk5lByO3G1LqqCWVnfrv\/lyPtf\/4ps1cndNGIri8J1TJ0lx6dR\/oPjq1nbRwdp2dCk4CtIOLW3pVKRL6WZfS5vF2KkIQhpwSsjiYIgNCs1gEMGqiIq24NQX9NwoXFy8Ufrl3twTcg4fv8T9\/JBEySduj6Mjm4bMzYV7EEOxKjjoNDud7yY3Dy71Hq2oLmqfbNR723edH9PgMrNL2utoQ3VmaIDkiw\/4w51P06hlZsTZvkRrbVuSIs\/zwSOsycgzStQouoAkWQqioRT5XI7n2Z1wfVhoZmcAJLsoqjqpjbWCgpOAJXBwHK8PzWbNvoUZJND5wCnSkLAkZ1legx6vqQzjoiTahKlGUGLAiIIoABOHaNVw4sexZBym6\/HWlH5h3IC7yRbxtipcWxdTOkORKiNQAEkFf66x5S2oeRbroOlLgg0sSYkR0hRGEqJZ0jTPiQKatESdBckpWigxaapEH0lImHdWu9pUFF2XqMNM2Z4kped7IwEJw2qabwtrQqnpw6HyKkgcadKWsmpywwesDyIhYRpdzXddqegtGIJlXbAIUMOLkGxJUjRIkokwjUaX9d\/kK62ps\/tYUqZLIMkLTyBhsMZ3C5Z\/kDxOSCb\/DOs\/\/J0qcWSX\/2ipe56EgTCA4\/cB7NAYOsni4mZM1MUPAISoEwkDi4lhVBQ1cWQyIcwalw4EpqZN68JUSK7XC0kTlkLYii5uXSC8jT5ncCAS7mjCv0uHp\/3lueHEEAeQ\/\/VgmdN71\/2uCSA1Xr6DO6uI6sW56zqT2tp2PhgiRUAajV8CY2fkcz6WGNKMgLAt7tJAhD4YHMTeRxlALE6+43WqjSWi8ITxyJl8WrwWSNESQZZOqhDDntO3hJLsd5RtSpbJqdv3YrDJH3F7jL1R2O2aQkn2MyCyKYz0GPGIvSAMgBCrCEiJyKbBaYGwLW4uPRr0A0M4Ux5kUI7IBh+hMdiCEWNqhMZGyYMsOgNE58UQuEQeUnSWCMYwL54hkxK6IoqucQZbQ3pc3XtL0lky1dL0zZJJDpWJovFqpWj6JEHnyam2eQp5QRVAVHjWparTOaVwUOx99YS2MvgxIGV0bb+qIg2HX2qkFFJB+XZcbLiuRkuxD9GRroKyveLxdh4d7Orx+hb7qc3uVRuEogCOnyIxm4ubUoPgF4jianDrC+SDQDKEfJb0GUKmjCGPYHGJvVC6X4hw1\/sAfQAdfYyephIaspXe36RwOP+Ljvfx9B6B3i+Nk0DGq+oCbLn6JpBa9nWAveAIHwFAwtVcIJXPMPL8kRu5OAYPMaL1WScTxjiZDqB9LTJSWphow\/pTYKRTLjCBhvi9iBidvKcDasGSm0QQkycYuLBqj6QCELPctqChDWpTRMWkngNNpQ1Pfp1KkiT\/Y0DGffXAweUNfLAfaJFKDwhb6I+bkYRbkERoEeu3Fyjg2opMz2daZCS9jt6Q7txNfB+OZEVF6Zl5web2xunnLQrtrjXseXKaFYziYINeMFZVxS9VxRhOoesYwxPKXm+gWLG9cuFeq93UNNeJNsf1KlwuDok9n02n3TgIJpOxNfL9naIoQwXtfH9kjceTIIi709ncTg6LZbg+biLH1V6u\/7rxBem06VXKn9raAAAAAElFTkSuQmCC\")      no-repeat center center \/ contain;  }  @media screen and (max-width: 960px) and (orientation: portrait) {    .logo {      width: 100%;    }    .logo .pc-banner {      display: none;    }    .logo .m-banner {      display: block;      width: 100%;    }    .logo .m-banner img {      height: auto!important;    }    .ytvideo {      height: 200px;      width: 100%;    }  }<\/style><style>  .video-section {    width: 100%;    margin: 0 auto;  }  .video-section > img {    width: 100%;  }  .video-section iframe,  .video-section video {    width: 100%;    height: 100%;      }  .video-section-img-m,  .video-section-img-pc > img {    width: 100%;    height: auto;  }  .video-section-img-pc.small > img {    width: 970px;  }  .video-desc {    line-height: 1.5;    font-size: 20px;    font-weight: 400;    margin: 20px 0;    text-align: center;    color: #0f1111;    word-break: break-word;  }  @media screen and (max-width: 960px) and (orientation: portrait) {    .video-section {      width: 100%;    }    .video-section-pc,    .video-section-img-pc {      display: none;    }    .video-section-m,    .video-section-img-m {      display: block;    }    .video-desc {      font-size: 15px;    }  }  @media screen and (min-width: 960px) {    .video-section {      width: 100%;      margin: 0 auto;    }    .video-section-pc,    .video-section-img-pc {      display: block;    }    .video-section-m,    .video-section-img-m {      display: none;    }    .video-desc {      font-size: 20px;    }  }<\/style><style>  .section + .section {    margin-top: 35px;  }  .section-title {    text-align: center;    font-weight: bold;    color: #0d1111;    font-family: \"Arial\";    font-size: 32px;    margin: 15px 0;  }  .section-title:empty {    display: none;  }  .section-desc {    text-align: center;    font-weight: normal;    color: #0d1111;    margin-top: 20px;  }  .section-desc:empty {    display: none;  }  .section-img {    width: 1200px;    height: 492px;    margin: 0 auto;    display: block;  }  .section-img.small {    width: 970px;    height: auto;  }  .section-img.small > img {    height: auto;  }  .section-img > img {    width: 100%;    height: 100%;  }  .section-mobile-img {    display: none;    max-width: 100vw;    max-height: 75vw;    height: 450px;    margin: 0 auto;  }  .section-mobile-img > img {    width: 100%;    height: 100%;  }  @media screen and (max-width: 960px) and (orientation: portrait) {    .container {      width: 100%;    }    .container.small {      width: 100%;    }    .section-mobile-img {      display: block;    }    .section-img {      display: none;    }    .section-title {      font-size: 22px;      margin: 10px 0;    }    .section-desc {      margin-top: 10px;    }    .section + .section {      margin-top: 20px;    }  }<\/style><\/head><body><div class=\"container\"><div class=\"logo\"><div class=\"pc-banner\"><div><img decoding=\"async\" src=\"\/vevor\/vevor\/boutique-banner\/pc\/en-pc@1x.jpg\" style=\"width: 100%;\" \/><\/div><\/div><div class=\"m-banner\"><div><img decoding=\"async\" src=\"\/vevor\/vevor\/boutique-banner\/mobile\/en-m@1x.jpg\" style=\"width: 100%;\" \/><\/div><\/div><\/div><div class=\"section-title\">Saavutada Veatu Viimistluse Kiiresti Oma V\u00e4rvi Kuivati Lamp!<\/div><div class=\"video-section\"><div class=\"video-section-img-pc\"><img decoding=\"async\" src=\"\/vevor\/product\/SCSKQD1000W077ED5\/paint-dryer-a100-1.4.jpg\" alt=\"VEVOR infrapuna kuivatamise lamp, kerge ja lihtne korraldada, ideaalne nurgad, pragudeta ja kitsas valdkonnas.\" \/><\/div><div class=\"video-section-img-m\"><img decoding=\"async\" src=\"\/vevor\/product\/SCSKQD1000W077ED5\/paint-dryer-a100-1.4-m.jpg\" alt=\"VEVOR infrapuna kuivatamise lamp, kerge ja lihtne korraldada, ideaalne nurgad, pragudeta ja kitsas valdkonnas.\" \/><\/div><div class=\"section-desc\">See v\u00e4rv kuivati lamp sobib kuivatamiseks autod, m\u00f6\u00f6bel ja maalid. See pakub kiire kuivamise, turvalisus ja vastupidavus. Varustatud erinevate praktiliste \u00fclesannete, see on lihtne kasutada ja ideaalne valik k\u00f5ikidele teie kuivatamine vajadustele.<\/div><\/div><div class=\"section\"><div class=\"section-title\"><\/div><div class=\"section-img\"><img decoding=\"async\" src=\"\/vevor\/product\/SCSKQD1000W077ED5\/paint-dryer-a100-2.2.jpg\" alt=\"VEVOR infrapuna kuivatamise lamp: kiire levik kahjustamata silma v\u00f5i nahale, mis n\u00e4itab kihi lakk ja ravi korda.\" \/><\/div><div class=\"section-mobile-img\"><img decoding=\"async\" src=\"\/vevor\/product\/SCSKQD1000W077ED5\/paint-dryer-a100-2.2-m.jpg\" alt=\"VEVOR infrapuna kuivatamise lamp: kiire levik kahjustamata silma v\u00f5i nahale, mis n\u00e4itab kihi lakk ja ravi korda.\" \/><\/div><div class=\"section-desc\">Kerge ja v\u00e4ga portable, lihtne hoida ja kasutada, ilma et v\u00e4simus isegi pikka aega. Mis on spetsiaalselt ette n\u00e4htud t\u00e4psuse kuivatamine nurgad, pragudeta, ja piklikud valdkondades, mist\u00f5ttu on mugavam erinevate maali \u00fclesandeid.<\/div><\/div><div class=\"section\"><div class=\"section-title\"><\/div><div class=\"section-img\"><img decoding=\"async\" src=\"\/vevor\/product\/SCSKQD1000W077ED5\/paint-dryer-a100-2.3.jpg\" alt=\"VEVOR infrapuna kuivatamise lamp kasutab: auto kuivatamine -, filmi -, k\u00fctte -, kunstniku-kuivatamine, m\u00f6\u00f6blit\/seina v\u00e4rvi kuivamise.\" \/><\/div><div class=\"section-mobile-img\"><img decoding=\"async\" src=\"\/vevor\/product\/SCSKQD1000W077ED5\/paint-dryer-a100-2.3-m.jpg\" alt=\"VEVOR infrapuna kuivatamise lamp kasutab: auto kuivatamine -, filmi -, k\u00fctte -, kunstniku-kuivatamine, m\u00f6\u00f6blit\/seina v\u00e4rvi kuivamise.\" \/><\/div><div class=\"section-desc\">L\u00fchikese infrapuna-lained v\u00f5ivad tungida otse v\u00e4rvikiht, kiirendades selle reaktsiooni. See p\u00f5hjustab vee lahusti v\u00e4rvi kiiresti aurustuda, mis v\u00f5imaldab v\u00e4rvi ravida kiiresti. Samuti suurendab pinna l\u00e4ige ja-katte nakkumise, v\u00e4hendab kortse ja pisaraid.<\/div><\/div><div class=\"section\"><div class=\"section-title\"><\/div><div class=\"section-img\"><img decoding=\"async\" src=\"\/vevor\/product\/SCSKQD1000W077ED5\/paint-dryer-a100-2.4.jpg\" alt=\"VEVOR infrapuna kuivatamise lamp, millel on mitu ventilatsiooni augud, soojuse-vastupidavad, pikk kasutusiga, anti-p\u00f5letushaavu.\" \/><\/div><div class=\"section-mobile-img\"><img decoding=\"async\" src=\"\/vevor\/product\/SCSKQD1000W077ED5\/paint-dryer-a100-2.4-m.jpg\" alt=\"VEVOR infrapuna kuivatamise lamp, millel on mitu ventilatsiooni augud, soojuse-vastupidavad, pikk kasutusiga, anti-p\u00f5letushaavu.\" \/><\/div><div class=\"section-desc\">Paindlikult vastab teie kuivatamine vajadustele eri stsenaariume, nagu autot\u00f6\u00f6stus, kodumasinate, ja kunsti. \u00dche lambi mitmel otstarbel, mugav ja praktiline.<\/div><\/div><div class=\"section\"><div class=\"section-title\"><\/div><div class=\"section-img\"><img decoding=\"async\" src=\"\/vevor\/product\/SCSKQD1000W077ED5\/paint-dryer-a100-2.5.jpg\" alt=\"VEVOR infrapuna kuivatamise lamp workbench vahendid, tausta, n\u00e4idates, kompaktne, lihtne ladustada.\" \/><\/div><div class=\"section-mobile-img\"><img decoding=\"async\" src=\"\/vevor\/product\/SCSKQD1000W077ED5\/paint-dryer-a100-2.5-m.jpg\" alt=\"VEVOR infrapuna kuivatamise lamp workbench vahendid, tausta, n\u00e4idates, kompaktne, lihtne ladustada.\" \/><\/div><div class=\"section-desc\">Mitu soojushajutamise augud, taga ja k\u00fclgedel, v\u00e4rvi kuivati lamp aidata kiiresti hajutada soojuse t\u00f6\u00f6tamise ajal, v\u00e4ltida \u00fclekuumenemist kahju.<\/div><\/div><div class=\"section\"><div class=\"section-img\"><img decoding=\"async\" src=\"\/vevor\/product\/SCSKQD1000W077ED5\/paint-dryer-a100-1.11.jpg\" alt=\"VEVOR infrapuna kuivatamise lamp, mille v\u00f5imsus 1000w, roostevabast terasest konstruktsioon, 14.76x2.76x6.42 tolli.\" \/><\/div><div class=\"section-mobile-img\"><img decoding=\"async\" src=\"\/vevor\/product\/SCSKQD1000W077ED5\/paint-dryer-a100-1.11-m.jpg\" alt=\"VEVOR infrapuna kuivatamise lamp, mille v\u00f5imsus 1000w, roostevabast terasest konstruktsioon, 14.76x2.76x6.42 tolli.\" \/><\/div><\/div><\/div><\/body><\/html><\/div>\n<div class=\"DM_at-title\" id=\"js-DM_at-title\"> <div>Toote spetsifikatsioon<\/div> <i class=\"icon-arrowup_line\"><\/i> <\/div><div class=\"DM_at-goodsDescAttr\" id=\"js-DM_at-goodsDescAttr\"> <div class=\"DM_at-goodsDescAttrInner\"> <dl class=\"goodsDesc_item goodsDesc_item_even\"> <dt>Mudel<\/dt> <dd> 1AX<\/dd> <\/dl> <dl class=\"goodsDesc_item\"> <dt>Esmane Materjal<\/dt> <dd> Roostevaba Teras,Alumiinium,S\u00fcsinik Terasest<\/dd> <\/dl> <dl class=\"goodsDesc_item goodsDesc_item_even\"> <dt>Toote M\u00f5\u00f5tmed<\/dt> <dd> 14.76 x 2.76 x 6.42 tolline \/ 375 x 70 x 163 mm<\/dd> <\/dl> <dl class=\"goodsDesc_item\"> <dt>Aluse M\u00f5\u00f5tmed<\/dt> <dd> 42.52 x 32.28 x 94.49 tolline \/ 1080 x 820 x 2400 mm<\/dd> <\/dl> <dl class=\"goodsDesc_item goodsDesc_item_even\"> <dt>V\u00f5imsus<\/dt> <dd> 1000W<\/dd> <\/dl> <dl class=\"goodsDesc_item\"> <dt>Neto Kaal<\/dt> <dd> 3.75 lbs \/ 1,7 kg<\/dd> <\/dl> <dl class=\"goodsDesc_item goodsDesc_item_even\"> <dt>K\u00fcpsetamine Ala<\/dt> <dd> 0.23 \u33a1 \/ 2.48 sq.ft<\/dd> <\/dl> <dl class=\"goodsDesc_item\"> <dt>Emitter Eluiga<\/dt> <dd> 5000h<\/dd> <\/dl> <\/div> <\/div>","protected":false},"excerpt":{"rendered":"<ul>\n<li> 1000W Kiire Kuivamise: pihutoodete lambi pea kiiresti kuivab krunt, mis h\u00f5lmab 2.48 sq.ft \/ 0.23\u33a1. L\u00fchilaine infrapuna pakub k\u00f5rge levik ja kvarts lampi toru parandab l\u00e4ige. See on m\u00f5eldud kasutajatele, kes otsivad t\u00f5hus, kiire, ja kvaliteetne maali tulemusi. <\/li>\n<li> T\u00e4ielik Auto K\u00fcpsetamine: Koos 360\u00b0 t\u00e4is-auto levialas, see v\u00e4rv kuivati vastab k\u00f5igile maali vajadused alates kaitseraud taga, mis h\u00f5lmab iga auto osa kohta eestpoolt tahapoole, pakkudes tervikliku ja t\u00f5husa maali lahendus. <\/li>\n<li> Anti-Scald Disain: \u00fcldise disaini siledad servad mugav t\u00f6\u00f6d ilma k\u00e4si kriimustada. See sisaldab ka anti-scald iluv\u00f5re ja soojuse hajumise augud, et v\u00e4ltida \u00fclekuumenemist ja juhuslikke p\u00f5letusi. <\/li>\n<li> Ohutuse Kaitse: aadress ohutusega seotud probleeme, pakume k\u00f5rge kvaliteediga halogeenlamp torud ja anti-oks\u00fcdatsiooni roostevabast terasest lambi kate. Paksenenud alus tagab stabiilsuse ja hoiab \u00e4ra loksutada, tagades pikaajalise kasutamise meelerahu. <\/li>\n<li> Paigaldamiseks ei Vaja: h\u00fcvasti keeruline installi. Paigaldamiseks ei ole vaja, lihtsalt \u00fchenda seinakontaktist ja see on kasutamiseks valmis. See mitmek\u00fclgne lamp v\u00f5ib h\u00f5lpsasti hakkama kuivatamine \u00fclesanded automotive krundid, film taotlused, ja seinav\u00e4rv. <\/li>\n<\/ul>","protected":false},"featured_media":320018,"comment_status":"closed","ping_status":"open","template":"","meta":{"om_disable_all_campaigns":false,"_monsterinsights_skip_tracking":false,"_monsterinsights_sitenote_active":false,"_monsterinsights_sitenote_note":"","_monsterinsights_sitenote_category":0,"_uf_show_specific_survey":0,"_uf_disable_surveys":false},"location":[1935,1934],"product_brand":[21],"product_cat":[2986,2527,4250,4251,3060],"product_tag":[],"class_list":{"0":"post-50658","1":"product","2":"type-product","3":"status-publish","4":"has-post-thumbnail","6":"location-supplier_stock_location","7":"location-local_stock_location","8":"product_brand-vevor","9":"product_cat-heaters","10":"product_cat-heating-venting-cooling","11":"product_cat-infrared-heaters","12":"product_cat-paint-curing-lamp-infrared-heaters","13":"product_cat-space-heaters","15":"first","16":"outofstock","17":"taxable","18":"shipping-taxable","19":"purchasable","20":"product-type-simple"},"aioseo_notices":[],"jetpack_sharing_enabled":true,"locations":[{"id":1935,"name":"Pieg\u0101d\u0101t\u0101ja noliktav\u0101 (5-7d.d.)","slug":"supplier_stock_location","quantity":"0"},{"id":1934,"name":"R\u012bgas veikal\u0101 (0-2d.d.)","slug":"local_stock_location","quantity":"0"}],"_links":{"self":[{"href":"https:\/\/vevorshop.lv\/et\/wp-json\/wp\/v2\/product\/50658","targetHints":{"allow":["GET"]}}],"collection":[{"href":"https:\/\/vevorshop.lv\/et\/wp-json\/wp\/v2\/product"}],"about":[{"href":"https:\/\/vevorshop.lv\/et\/wp-json\/wp\/v2\/types\/product"}],"replies":[{"embeddable":true,"href":"https:\/\/vevorshop.lv\/et\/wp-json\/wp\/v2\/comments?post=50658"}],"wp:featuredmedia":[{"embeddable":true,"href":"https:\/\/vevorshop.lv\/et\/wp-json\/wp\/v2\/media\/320018"}],"wp:attachment":[{"href":"https:\/\/vevorshop.lv\/et\/wp-json\/wp\/v2\/media?parent=50658"}],"wp:term":[{"taxonomy":"location","embeddable":true,"href":"https:\/\/vevorshop.lv\/et\/wp-json\/wp\/v2\/location?post=50658"},{"taxonomy":"product_brand","embeddable":true,"href":"https:\/\/vevorshop.lv\/et\/wp-json\/wp\/v2\/product_brand?post=50658"},{"taxonomy":"product_cat","embeddable":true,"href":"https:\/\/vevorshop.lv\/et\/wp-json\/wp\/v2\/product_cat?post=50658"},{"taxonomy":"product_tag","embeddable":true,"href":"https:\/\/vevorshop.lv\/et\/wp-json\/wp\/v2\/product_tag?post=50658"}],"curies":[{"name":"wp","href":"https:\/\/api.w.org\/{rel}","templated":true}]}}