{"id":51385,"date":"2024-11-19T19:29:56","date_gmt":"2024-11-19T19:29:56","guid":{"rendered":"http:\/\/vevorshop.edigo.lv\/Prece\/vevor-live-animal-cage-trap-50-x-20-x-26-humane-cat-trap-cats-squirrels-mouse\/"},"modified":"2026-05-06T16:33:16","modified_gmt":"2026-05-06T13:33:16","slug":"vevor-live-animal-cage-trap-50-x-20-x-26-humane-cat-trap-cats-squirrels-mouse","status":"publish","type":"product","link":"https:\/\/vevorshop.lv\/et\/Prece\/vevor-elusloomade-puuriloks-50-x-20-x-26-humaanne-kassiloks-kassid-oravad-hiir-2\/","title":{"rendered":"VEVOR 127x51x66 cm humaanne kokkupandav loomap\u00fc\u00fcnis, tsingitud rauast puur sangaga kassidele, hulkuvatele koertele, pesukarudele, rebastele"},"content":{"rendered":"<div style=\"color: #fff!important; font-size: 16px; height: 24px; line-height: 24px; margin-top: -24px; \" class=\"product_original_name\">VEVOR elusloomade puuril\u00f5ks, 50 \"x 20\" x 26\" Humane Cat Trap tsingitud raud, kokkupandav loomade l\u00f5ks k\u00e4epidemega hulkuvatele koertele, v\u00f6\u00f6lased, pesukarud, marmotid, rebased<\/div>\n<div style=\"color: #fff!important; font-size: 16px; height: 24px; line-height: 24px; margin-top: -24px; \" class=\"product_sku\">M4I4LV1Z<\/div>\n<div style=\"color: #fff!important; font-size: 16px; height: 24px; line-height: 24px; margin-top: -24px; \" class=\"product_mpn\">YBL50YC00000VGIXYV0<\/div><div id=\"js-DM_at-goodDescRich\"><html><head><style>  body {    font-family: Arial;    line-height: 1.5;    color: #1c1c1c;    overflow-x: hidden;    margin: 0;    padding: 0;  }  .MsoNormal b {    font-weight: bolder;  }<\/style><style>  .container.small {    width: 970px;    margin: 0 auto;  }  .logo {    margin: 0 auto 0;  }  .logo img {    display: block;    margin: 0 auto;    max-width: 100%;  }  .logo .pc-banner {    display: block;    width: 1200px;    height: 247.4px;    margin: 0 auto;  }  .logo .pc-banner.small {    width: 970px;  }  .logo .pc-banner.small img {    height: auto!important;  }  .logo .m-banner {    display: none;  }  .ytvideo {    position: relative;    height: 546px;    width: 100%;    margin: 0 auto;  }  .ytvideo img {    width: 100%;    margin: 0 auto;  }  .ytvideo .play-btn {    width: 60px;    height: 42px;    position: absolute;    top: 50%;    left: 50%;    transform: translate(-50%, -50%);    background: url(\"data:image\/png;base64,iVBORw0KGgoAAAANSUhEUgAAAGQAAABGCAMAAAANWMFbAAAC+lBMVEUAAADBGB3kLCfBGB3kLCfcJC7BFx3KKSbiKybkLCbWJCPSIiLSIiLPICHAFx3kLCfgKSXNHiDZJiTIGx\/p4eHcjo7LHSDbJyTkLCbjKyfOHyHPIiL28fHJHB\/GGh7EGR7eKCXDGB3RISHlLSbBGB3AFxzGHB7DGB7BGB3hKybkKybAFx3lLCfAFxzDGR3hKibDGB7cJyTmz8\/elJTlwcHjurrUIyLlLSflLSfAFx3DGR7lLSfCFx3hKibhKibhKybjKybkLCblLSfbJSX49vbx7e3NNzjNMTLMJyjVIyLZf3\/ZQ0LaeHjx0tLgoqLkLCfCGB3HGx\/BGB3BFx3PICHCGB7WJCLOHyC\/Fxy\/Fx3lLCfQISHkLSe\/FxzbJiTBFx3FGx\/AGB7BFx3EGR7AGB3HHSDfKiXAFh3TISHYNzbhKibbJyTTIiL57e325+f039\/v2NjUV1fOHiHiqanfmprch4feKSXVIyPOICHmLibFGh\/mLSe\/Fx7XJCPeKSXXJSPNHyHaJyTGGh7lLCbmLCflLSjSIiLkLCbdKSXLHiC\/GB3KHh++Fh3lKyfoLiXcKCPkx8fYb2\/XaGfVXl3aU1LLHiDksbHgKibPICHbJyTfKSXbJyTCGB3KHSDiKybFGh7TIiL\/\/\/\/VIyPRISHIHB\/GGx\/HHB\/DGR7gKibdKCXLHiDZJiTMHiDNHyHYJSTOICHPICHWJCPcKCXXJSPjLCblLCf+\/f3NGR\/uLijzLynPGR\/IGB7WISHaIyLLGh7UAADxLynNAADRLzDbICLQAADIAAD3MCrUHSHXMTDpKSbLAADp5OTij4\/ejo\/VLy\/1LyngJSTcJCPQHx\/OHB7+\/PzaMS\/OLS\/vLijrLSjSAADaNTPwLyjkKSbNJCbYISHPHB\/KGB7WAAD7+vrn3d3aKynTKCjoLCfsKifRGh\/YAADq5+fhjo7QNDXXKCfmJyXt5+fTLzDLLi\/QKivYHRvMGBrQJCXLISPMExXLDxLaEAvkkI\/bOTfaFQ\/SCgpvLcnHAAAAmnRSTlMA+vv7+gT9Bvf9+8z8\/NSv\/Pr5+P7++vnQIBMP\/v38\/Pn348XDiCYf9OjbzcqxXVcx\/fz8+\/rj1r2poo1+fXFqX0orGP7+\/v7+\/fz8+\/r68uzn4trIxsG\/vri3p6GcmZSNbWVYUUZEPQv+\/f39+\/v7+\/v7+vr64tvV1NTTz87FtbSurqeblJKFg4B3bUY+NjL7+\/v7+\/v67t1cDo8JLQAABkRJREFUWMO0kz9rwkAYh0OIeJkum6YugUAhISCdKoj\/P4C7SMdS+gEKIhSKil10LSg4mzXkILdlEpxCpwTiWOLX6BujvQaEQuGeHLnL+\/64J+SIcKGYTYWnntpdLjrVdqvZmNdn0+EE40GtpuuWVS6Xx6N7YDSGpWXpeq02wHgynM7q80az1a52HpddtVcpsi1zFARBrdaxbhp9iUReTGmwA4KAAr7vx3EYejnCMI6hQYEgy0LQi4jUN0wL19vqFcUC9\/1dAKmEEFkWRYkh5oBejnxQJiSJPJ\/uKBp0Thszx9Mw8hMRIQjKsptCfuES9zr5WJY6vSFCIvE9fCMUmEM1A1kSXcYGxgVYsvI1IPKTZciSTI0us\/SMGG04gDzELDoFBwdcFJrF88dqgYMTiL6DILWYyfOWE8\/kIz38olCNlC03FK95+imxp6y4oUSvAnBjHHhKNtotSDqJzVFiK8c2SBqhZtsrTtgrLXwAyduxZHNE26eHUt5rtuM4WSmds3G+sUdWYo1L+XyxButoh5eKUHk5lByO3G1LqqCWVnfrv\/lyPtf\/4ps1cndNGIri8J1TJ0lx6dR\/oPjq1nbRwdp2dCk4CtIOLW3pVKRL6WZfS5vF2KkIQhpwSsjiYIgNCs1gEMGqiIq24NQX9NwoXFy8Ufrl3twTcg4fv8T9\/JBEySduj6Mjm4bMzYV7EEOxKjjoNDud7yY3Dy71Hq2oLmqfbNR723edH9PgMrNL2utoQ3VmaIDkiw\/4w51P06hlZsTZvkRrbVuSIs\/zwSOsycgzStQouoAkWQqioRT5XI7n2Z1wfVhoZmcAJLsoqjqpjbWCgpOAJXBwHK8PzWbNvoUZJND5wCnSkLAkZ1legx6vqQzjoiTahKlGUGLAiIIoABOHaNVw4sexZBym6\/HWlH5h3IC7yRbxtipcWxdTOkORKiNQAEkFf66x5S2oeRbroOlLgg0sSYkR0hRGEqJZ0jTPiQKatESdBckpWigxaapEH0lImHdWu9pUFF2XqMNM2Z4kped7IwEJw2qabwtrQqnpw6HyKkgcadKWsmpywwesDyIhYRpdzXddqegtGIJlXbAIUMOLkGxJUjRIkokwjUaX9d\/kK62ps\/tYUqZLIMkLTyBhsMZ3C5Z\/kDxOSCb\/DOs\/\/J0qcWSX\/2ipe56EgTCA4\/cB7NAYOsni4mZM1MUPAISoEwkDi4lhVBQ1cWQyIcwalw4EpqZN68JUSK7XC0kTlkLYii5uXSC8jT5ncCAS7mjCv0uHp\/3lueHEEAeQ\/\/VgmdN71\/2uCSA1Xr6DO6uI6sW56zqT2tp2PhgiRUAajV8CY2fkcz6WGNKMgLAt7tJAhD4YHMTeRxlALE6+43WqjSWi8ITxyJl8WrwWSNESQZZOqhDDntO3hJLsd5RtSpbJqdv3YrDJH3F7jL1R2O2aQkn2MyCyKYz0GPGIvSAMgBCrCEiJyKbBaYGwLW4uPRr0A0M4Ux5kUI7IBh+hMdiCEWNqhMZGyYMsOgNE58UQuEQeUnSWCMYwL54hkxK6IoqucQZbQ3pc3XtL0lky1dL0zZJJDpWJovFqpWj6JEHnyam2eQp5QRVAVHjWparTOaVwUOx99YS2MvgxIGV0bb+qIg2HX2qkFFJB+XZcbLiuRkuxD9GRroKyveLxdh4d7Orx+hb7qc3uVRuEogCOnyIxm4ubUoPgF4jianDrC+SDQDKEfJb0GUKmjCGPYHGJvVC6X4hw1\/sAfQAdfYyephIaspXe36RwOP+Ljvfx9B6B3i+Nk0DGq+oCbLn6JpBa9nWAveAIHwFAwtVcIJXPMPL8kRu5OAYPMaL1WScTxjiZDqB9LTJSWphow\/pTYKRTLjCBhvi9iBidvKcDasGSm0QQkycYuLBqj6QCELPctqChDWpTRMWkngNNpQ1Pfp1KkiT\/Y0DGffXAweUNfLAfaJFKDwhb6I+bkYRbkERoEeu3Fyjg2opMz2daZCS9jt6Q7txNfB+OZEVF6Zl5web2xunnLQrtrjXseXKaFYziYINeMFZVxS9VxRhOoesYwxPKXm+gWLG9cuFeq93UNNeJNsf1KlwuDok9n02n3TgIJpOxNfL9naIoQwXtfH9kjceTIIi709ncTg6LZbg+biLH1V6u\/7rxBem06VXKn9raAAAAAElFTkSuQmCC\")      no-repeat center center \/ contain;  }  @media screen and (max-width: 960px) and (orientation: portrait) {    .logo {      width: 100%;    }    .logo .pc-banner {      display: none;    }    .logo .m-banner {      display: block;      width: 100%;    }    .logo .m-banner img {      height: auto!important;    }    .ytvideo {      height: 200px;      width: 100%;    }  }<\/style><style>  .video-section {    width: 100%;    margin: 0 auto;  }  .video-section > img {    width: 100%;  }  .video-section iframe,  .video-section video {    width: 100%;    height: 100%;      }  .video-section-img-m,  .video-section-img-pc > img {    width: 100%;    height: auto;  }  .video-section-img-pc.small > img {    width: 970px;  }  .video-desc {    line-height: 1.5;    font-size: 20px;    font-weight: 400;    margin: 20px 0;    text-align: center;    color: #0f1111;    word-break: break-word;  }  @media screen and (max-width: 960px) and (orientation: portrait) {    .video-section {      width: 100%;    }    .video-section-pc,    .video-section-img-pc {      display: none;    }    .video-section-m,    .video-section-img-m {      display: block;    }    .video-desc {      font-size: 15px;    }  }  @media screen and (min-width: 960px) {    .video-section {      width: 100%;      margin: 0 auto;    }    .video-section-pc,    .video-section-img-pc {      display: block;    }    .video-section-m,    .video-section-img-m {      display: none;    }    .video-desc {      font-size: 20px;    }  }<\/style><style>  .section + .section {    margin-top: 35px;  }  .section-title {    text-align: center;    font-weight: bold;    color: #0d1111;    font-family: \"Arial\";    font-size: 32px;    margin: 15px 0;  }  .section-title:empty {    display: none;  }  .section-desc {    text-align: center;    font-weight: normal;    color: #0d1111;    margin-top: 20px;  }  .section-desc:empty {    display: none;  }  .section-img {    width: 1200px;    height: 492px;    margin: 0 auto;    display: block;  }  .section-img.small {    width: 970px;    height: auto;  }  .section-img.small > img {    height: auto;  }  .section-img > img {    width: 100%;    height: 100%;  }  .section-mobile-img {    display: none;    max-width: 100vw;    max-height: 75vw;    height: 450px;    margin: 0 auto;  }  .section-mobile-img > img {    width: 100%;    height: 100%;  }  @media screen and (max-width: 960px) and (orientation: portrait) {    .container {      width: 100%;    }    .container.small {      width: 100%;    }    .section-mobile-img {      display: block;    }    .section-img {      display: none;    }    .section-title {      font-size: 22px;      margin: 10px 0;    }    .section-desc {      margin-top: 10px;    }    .section + .section {      margin-top: 20px;    }  }<\/style><\/head><body><div class=\"container\"><div class=\"logo\"><div class=\"pc-banner\"><div><img decoding=\"async\" src=\"\/vevor\/vevor\/boutique-banner\/pc\/en-pc@1x.jpg\" style=\"width: 100%;\" \/><\/div><\/div><div class=\"m-banner\"><div><img decoding=\"async\" src=\"\/vevor\/vevor\/boutique-banner\/mobile\/en-m@1x.jpg\" style=\"width: 100%;\" \/><\/div><\/div><\/div><div class=\"section-title\">50 tolline Universaalne P\u00fc\u00fcnisjahi Puuri<\/div><div class=\"video-section\"><div class=\"video-section-img-pc\"><img decoding=\"async\" src=\"\/vevor\/product\/YBL50YC00000VGIXY\/cage-trap-a100-1.4.jpg\" \/><\/div><div class=\"video-section-img-m\"><img decoding=\"async\" src=\"\/vevor\/product\/YBL50YC00000VGIXY\/cage-trap-a100-1.4-m.jpg\" \/><\/div><div class=\"section-desc\">Eel-monteeritud kassi l\u00f5ksu kaob vajadus keerukate koost. Valmistatud tugevast rauast traati ja traatv\u00f5rk-ukseline, loomade l\u00f5ksu puuri on vastupidav ja stabiilne. Sujuv sisemine servi kaitsta loomi kahju. Sobib taasleidmiseks v\u00f5i raskustes olevate \u00e4ri\u00fchingute p\u00e4\u00e4stmiseks street elusloodusele, et p\u00fc\u00fcnisjahi puur on v\u00e4ga v\u00f5imekas.<\/div><\/div><div class=\"section\"><div class=\"section-title\"><\/div><div class=\"section-img\"><img decoding=\"async\" src=\"\/vevor\/product\/YBL50YC00000VGIXY\/cage-trap-a100-2.2.jpg\" \/><\/div><div class=\"section-mobile-img\"><img decoding=\"async\" src=\"\/vevor\/product\/YBL50YC00000VGIXY\/cage-trap-a100-2.2-m.jpg\" \/><\/div><div class=\"section-desc\">K\u00e4epide on loodud kaitsma teid k\u00e4hrikup\u00fc\u00fcduri liigutamise ajal. Sujuvad traatv\u00f5rgu servad hoiavad loomi vigastamast. V\u00e4line p\u00fc\u00fcnishoob hoiab \u00e4ra juhusliku k\u00e4ivitamise. V\u00e4iksem v\u00f5rgusilma suurus tagab, et loomad ei p\u00e4\u00e4se p\u00f5genema ega varastada s\u00f6\u00f6ta, kaitstes isegi metsloomade r\u00fcnnakute eest.<\/div><\/div><div class=\"section\"><div class=\"section-title\"><\/div><div class=\"section-img\"><img decoding=\"async\" src=\"\/vevor\/product\/YBL50YC00000VGIXY\/cage-trap-a100-2.3.jpg\" \/><\/div><div class=\"section-mobile-img\"><img decoding=\"async\" src=\"\/vevor\/product\/YBL50YC00000VGIXY\/cage-trap-a100-2.3-m.jpg\" \/><\/div><div class=\"section-desc\">Meie loomade m\u00f5rd on valmistatud 0.1&#034;\/2,5 mm paksenenud traat. Ta lihtsalt talub v\u00f5itlused ja hammustab metsloomade. Tsingitud pind ravi suurendab vastupanu rooste ja korrosiooni eest, tagades pika t\u00f6\u00f6ea isegi karmides v\u00e4listingimustes tingimused.<\/div><\/div><div class=\"section\"><div class=\"section-title\"><\/div><div class=\"section-img\"><img decoding=\"async\" src=\"\/vevor\/product\/YBL50YC00000VGIXY\/cage-trap-a100-2.4.jpg\" \/><\/div><div class=\"section-mobile-img\"><img decoding=\"async\" src=\"\/vevor\/product\/YBL50YC00000VGIXY\/cage-trap-a100-2.4-m.jpg\" \/><\/div><div class=\"section-desc\">See reaalajas l\u00f5ks on eelnevalt kokku pandud ja kasutusvalmis. Lihtsalt \u00fchendage l\u00f5ksumehhanism ja olete k\u00f5ik l\u00f5ksu p\u00fc\u00fcdmiseks valmis. Suurendatud k\u00e4epide muudab puuri liigutamise lihtsaks ja selle kokkupandav disain v\u00f5imaldab mugavat ja ruumis\u00e4\u00e4stlikku salvestusruumi, kui seda ei kasutata.<\/div><\/div><div class=\"section\"><div class=\"section-title\"><\/div><div class=\"section-img\"><img decoding=\"async\" src=\"\/vevor\/product\/YBL50YC00000VGIXY\/cage-trap-a100-2.5.jpg\" \/><\/div><div class=\"section-mobile-img\"><img decoding=\"async\" src=\"\/vevor\/product\/YBL50YC00000VGIXY\/cage-trap-a100-2.5-m.jpg\" \/><\/div><div class=\"section-desc\">Kas hulkuvad kassid ja koerad linnapiirkondades, mis tegelevad koopaoravad ja oravad kahjulik talumaadel v\u00f5i juhtimise k\u00e4hrikud sissetungijad oma isiklikku ruumi, meie multi-funktsionaalne groundhog l\u00f5ksu v\u00f5ib olla teie usaldusv\u00e4\u00e4rne abiline lahendada need probleemid.<\/div><\/div><div class=\"section\"><div class=\"section-img\"><img decoding=\"async\" src=\"\/vevor\/product\/YBL50YC00000VGIXY\/cage-trap-a100-1.11.jpg\" \/><\/div><div class=\"section-mobile-img\"><img decoding=\"async\" src=\"\/vevor\/product\/YBL50YC00000VGIXY\/cage-trap-a100-1.11-m.jpg\" \/><\/div><\/div><\/div><\/body><\/html><\/div>\n<div class=\"DM_at-title\" id=\"js-DM_at-title\"> <div>Toote spetsifikatsioon<\/div> <i class=\"icon-arrowup_line\"><\/i> <\/div><div class=\"DM_at-goodsDescAttr\" id=\"js-DM_at-goodsDescAttr\"> <div class=\"DM_at-goodsDescAttrInner\"> <dl class=\"goodsDesc_item goodsDesc_item_even\"> <dt>Punkt Mudeli Number<\/dt> <dd> LB-33B<\/dd> <\/dl> <dl class=\"goodsDesc_item\"> <dt>Suurus<\/dt> <dd> 50 x 20 x 26 tolli \/ 1270 x 508 x 660 mm<\/dd> <\/dl> <dl class=\"goodsDesc_item goodsDesc_item_even\"> <dt>Uks<\/dt> <dd> Raud V\u00f5re Uks<\/dd> <\/dl> <dl class=\"goodsDesc_item\"> <dt>Kokkupandav<\/dt> <dd> Jah<\/dd> <\/dl> <dl class=\"goodsDesc_item goodsDesc_item_even\"> <dt>K\u00e4epide<\/dt> <dd> V\u00e4line<\/dd> <\/dl> <dl class=\"goodsDesc_item\"> <dt>Peamine Materjal<\/dt> <dd> Tsingitud Traat Rauast<\/dd> <\/dl> <dl class=\"goodsDesc_item goodsDesc_item_even\"> <dt>Neto Kaal<\/dt> <dd> 33 lb \/ 15 kg<\/dd> <\/dl> <dl class=\"goodsDesc_item\"> <dt>V\u00f5rgusilma Materjal Traat<\/dt> <dd> Tsingitud Traat Rauast<\/dd> <\/dl> <dl class=\"goodsDesc_item goodsDesc_item_even\"> <dt>Pedaali Materjal<\/dt> <dd> Tsingitud Lehtmetalli (Tugevdatud Serv)<\/dd> <\/dl> <dl class=\"goodsDesc_item\"> <dt>K\u00e4epideme Materjal<\/dt> <dd> Tsingitud Traat Rauast<\/dd> <\/dl> <\/div> <\/div>","protected":false},"excerpt":{"rendered":"<ul>\n<li> Lai Rakendus: Nagu linna-ja k\u00f5rbes \u00f6kos\u00fcsteemides p\u00f5imuvad, loomad v\u00f5ivad h\u00e4irida sinu elu. Meie kass l\u00f5ksu on mitmek\u00fclgne lahendus erinevate loomade, sealhulgas k\u00e4hrikud, armadillos, kassid, \u00fcmisejad, hulkuvad koerad, rebased. See t\u00f5husalt lahendada k\u00fcsimusi, nagu p\u00f5llumaa sissetungi, release, ja ahistamist. <\/li>\n<li> Rinnapiimasarnane Kujundused: Me esikohale inimliku hoole meie pesukaru l\u00f5ksu. L-kujuline hoob tagab l\u00f5ksu ei kahjusta loomi, kui k\u00e4ivitub. Tihe v\u00f5re takistab p\u00f5geneb ja kaitseb v\u00e4liste r\u00fcnnakute v\u00f5i varastatud toitu. Sile traat servad v\u00e4ltida loomade paanikasse v\u00f5i hammustamine traat, tagada nende ohutus. <\/li>\n<li> Tugev ja Vastupidav: Meie loomade l\u00f5ksu on ehitatud viimase. See on ehitatud tugev, paksenenud juhtmed, mis taluvad loomade hammustused ja m\u00f5ju ilma deformatsioon v\u00f5i l\u00f5henemist. Tsingitud kate n\u00e4eb suurep\u00e4rane korrosioonikindlus, tagades stabiilsust ja vastupidavust k\u00f5ikides ilmastikuoludes. <\/li>\n<li> Lihtne ja kasutajas\u00f5bralik: Meie live l\u00f5ks on m\u00f5eldud teie mugavuse huvides. Tegemist on eelnevalt kokku pandud, s\u00e4\u00e4stes t\u00fc\u00fctu setup samme. Lihtsalt paljastama puuri, turvaline tagumine uks ja \u00fchendage l\u00f5ksu mehhanism, et alustada, kasutades seda kiiresti. See s\u00e4\u00e4stab aega ja vaeva, mis v\u00f5imaldab teil tegeleda pildista t\u00f6\u00f6 kiiresti. <\/li>\n<li> Kaasaskantav ja Lihtne Pood: Meie t\u00f5husat groundhog l\u00f5ksu on kaasaskantav ja lihtne s\u00e4ilitada. Seadmel on mugav k\u00e4epide kergeks liikuvus, pikendatud disain, mis hoiab \u00e4ra vigastused loomadest. On kokkupandav disain v\u00f5imaldab h\u00f5lpsat s\u00e4ilitamist, vabastades ruumi, kui seda ei kasutata. <\/li>\n<\/ul>","protected":false},"featured_media":322631,"comment_status":"closed","ping_status":"open","template":"","meta":{"om_disable_all_campaigns":false,"_uf_show_specific_survey":0,"_uf_disable_surveys":false},"location":[1935,1934],"product_brand":[21],"product_cat":[3564,2370,2365,3563],"product_tag":[],"class_list":{"0":"post-51385","1":"product","2":"type-product","3":"status-publish","4":"has-post-thumbnail","6":"location-supplier_stock_location","7":"location-local_stock_location","8":"product_brand-vevor","9":"product_cat-animal-traps","10":"product_cat-garden-center","11":"product_cat-outdoors","12":"product_cat-pest-control","14":"first","15":"instock","16":"taxable","17":"shipping-taxable","18":"purchasable","19":"product-type-simple"},"aioseo_notices":[],"locations":[{"id":1935,"name":"Pieg\u0101d\u0101t\u0101ja noliktav\u0101 (5-7dd)","slug":"supplier_stock_location","quantity":"69"},{"id":1934,"name":"R\u012bgas veikal\u0101 (0-2d.d.)","slug":"local_stock_location","quantity":"0"}],"_links":{"self":[{"href":"https:\/\/vevorshop.lv\/et\/wp-json\/wp\/v2\/product\/51385","targetHints":{"allow":["GET"]}}],"collection":[{"href":"https:\/\/vevorshop.lv\/et\/wp-json\/wp\/v2\/product"}],"about":[{"href":"https:\/\/vevorshop.lv\/et\/wp-json\/wp\/v2\/types\/product"}],"replies":[{"embeddable":true,"href":"https:\/\/vevorshop.lv\/et\/wp-json\/wp\/v2\/comments?post=51385"}],"wp:featuredmedia":[{"embeddable":true,"href":"https:\/\/vevorshop.lv\/et\/wp-json\/wp\/v2\/media\/322631"}],"wp:attachment":[{"href":"https:\/\/vevorshop.lv\/et\/wp-json\/wp\/v2\/media?parent=51385"}],"wp:term":[{"taxonomy":"location","embeddable":true,"href":"https:\/\/vevorshop.lv\/et\/wp-json\/wp\/v2\/location?post=51385"},{"taxonomy":"product_brand","embeddable":true,"href":"https:\/\/vevorshop.lv\/et\/wp-json\/wp\/v2\/product_brand?post=51385"},{"taxonomy":"product_cat","embeddable":true,"href":"https:\/\/vevorshop.lv\/et\/wp-json\/wp\/v2\/product_cat?post=51385"},{"taxonomy":"product_tag","embeddable":true,"href":"https:\/\/vevorshop.lv\/et\/wp-json\/wp\/v2\/product_tag?post=51385"}],"curies":[{"name":"wp","href":"https:\/\/api.w.org\/{rel}","templated":true}]}}