{"id":51619,"date":"2024-11-19T19:51:56","date_gmt":"2024-11-19T19:51:56","guid":{"rendered":"http:\/\/vevorshop.edigo.lv\/Prece\/vevor-portable-car-refrigerator-freezer-compressor-45-l-single-zone-for-car-home\/"},"modified":"2026-04-20T03:01:33","modified_gmt":"2026-04-20T00:01:33","slug":"vevor-portable-car-refrigerator-freezer-compressor-45-l-single-zone-for-car-home","status":"publish","type":"product","link":"https:\/\/vevorshop.lv\/et\/Prece\/vevor-kaasaskantav-auto-kulmik-sugavkulmik-kompressor-45-l-uhe-tsooni-auto-koju\/","title":{"rendered":"VEVOR 45L Kaasaskantav Auto K\u00fclmik-S\u00fcgavk\u00fclmik, -20\u00b0C kuni 20\u00b0C, 12\/24V DC &amp; 100-240V AC, Bluetooth, Matkamiseks, S\u00f5idukile"},"content":{"rendered":"<div style=\"color: #fff!important; font-size: 16px; height: 24px; line-height: 24px; margin-top: -24px; \" class=\"product_original_name\">VEVOR Autok\u00fclmik, 12-voldine autok\u00fclmik, 45-liitrine \u00fchetsooniline kaasaskantav s\u00fcgavk\u00fclmik sisseehitatud valgustiga, -4\u00b0F-68\u00b0F, 12\/24 V alalisvool ja 100-240 V vahelduvvoolu kompressorjahuti v\u00e4listingimustes, telkimiseks, haagissuvila jaoks<\/div>\n<div style=\"color: #fff!important; font-size: 16px; height: 24px; line-height: 24px; margin-top: -24px; \" class=\"product_sku\">M4I4LVSW<\/div>\n<div style=\"color: #fff!important; font-size: 16px; height: 24px; line-height: 24px; margin-top: -24px; \" class=\"product_mpn\">WLCZBXX50LDQE4XSUV2<\/div><div id=\"js-DM_at-goodDescRich\"><html><head><style>  body {    font-family: Arial;    line-height: 1.5;    color: #1c1c1c;    overflow-x: hidden;    margin: 0;    padding: 0;  }  .MsoNormal b {    font-weight: bolder;  }<\/style><style>  .container.small {    width: 970px;    margin: 0 auto;  }  .logo {    margin: 0 auto 0;  }  .logo img {    display: block;    margin: 0 auto;    max-width: 100%;  }  .logo .pc-banner {    display: block;    width: 1200px;    height: 247.4px;    margin: 0 auto;  }  .logo .pc-banner.small {    width: 970px;  }  .logo .pc-banner.small img {    height: auto!important;  }  .logo .m-banner {    display: none;  }  .ytvideo {    position: relative;    height: 546px;    width: 100%;    margin: 0 auto;  }  .ytvideo img {    width: 100%;    margin: 0 auto;  }  .ytvideo .play-btn {    width: 60px;    height: 42px;    position: absolute;    top: 50%;    left: 50%;    transform: translate(-50%, -50%);    background: url(\"data:image\/png;base64,iVBORw0KGgoAAAANSUhEUgAAAGQAAABGCAMAAAANWMFbAAAC+lBMVEUAAADBGB3kLCfBGB3kLCfcJC7BFx3KKSbiKybkLCbWJCPSIiLSIiLPICHAFx3kLCfgKSXNHiDZJiTIGx\/p4eHcjo7LHSDbJyTkLCbjKyfOHyHPIiL28fHJHB\/GGh7EGR7eKCXDGB3RISHlLSbBGB3AFxzGHB7DGB7BGB3hKybkKybAFx3lLCfAFxzDGR3hKibDGB7cJyTmz8\/elJTlwcHjurrUIyLlLSflLSfAFx3DGR7lLSfCFx3hKibhKibhKybjKybkLCblLSfbJSX49vbx7e3NNzjNMTLMJyjVIyLZf3\/ZQ0LaeHjx0tLgoqLkLCfCGB3HGx\/BGB3BFx3PICHCGB7WJCLOHyC\/Fxy\/Fx3lLCfQISHkLSe\/FxzbJiTBFx3FGx\/AGB7BFx3EGR7AGB3HHSDfKiXAFh3TISHYNzbhKibbJyTTIiL57e325+f039\/v2NjUV1fOHiHiqanfmprch4feKSXVIyPOICHmLibFGh\/mLSe\/Fx7XJCPeKSXXJSPNHyHaJyTGGh7lLCbmLCflLSjSIiLkLCbdKSXLHiC\/GB3KHh++Fh3lKyfoLiXcKCPkx8fYb2\/XaGfVXl3aU1LLHiDksbHgKibPICHbJyTfKSXbJyTCGB3KHSDiKybFGh7TIiL\/\/\/\/VIyPRISHIHB\/GGx\/HHB\/DGR7gKibdKCXLHiDZJiTMHiDNHyHYJSTOICHPICHWJCPcKCXXJSPjLCblLCf+\/f3NGR\/uLijzLynPGR\/IGB7WISHaIyLLGh7UAADxLynNAADRLzDbICLQAADIAAD3MCrUHSHXMTDpKSbLAADp5OTij4\/ejo\/VLy\/1LyngJSTcJCPQHx\/OHB7+\/PzaMS\/OLS\/vLijrLSjSAADaNTPwLyjkKSbNJCbYISHPHB\/KGB7WAAD7+vrn3d3aKynTKCjoLCfsKifRGh\/YAADq5+fhjo7QNDXXKCfmJyXt5+fTLzDLLi\/QKivYHRvMGBrQJCXLISPMExXLDxLaEAvkkI\/bOTfaFQ\/SCgpvLcnHAAAAmnRSTlMA+vv7+gT9Bvf9+8z8\/NSv\/Pr5+P7++vnQIBMP\/v38\/Pn348XDiCYf9OjbzcqxXVcx\/fz8+\/rj1r2poo1+fXFqX0orGP7+\/v7+\/fz8+\/r68uzn4trIxsG\/vri3p6GcmZSNbWVYUUZEPQv+\/f39+\/v7+\/v7+vr64tvV1NTTz87FtbSurqeblJKFg4B3bUY+NjL7+\/v7+\/v67t1cDo8JLQAABkRJREFUWMO0kz9rwkAYh0OIeJkum6YugUAhISCdKoj\/P4C7SMdS+gEKIhSKil10LSg4mzXkILdlEpxCpwTiWOLX6BujvQaEQuGeHLnL+\/64J+SIcKGYTYWnntpdLjrVdqvZmNdn0+EE40GtpuuWVS6Xx6N7YDSGpWXpeq02wHgynM7q80az1a52HpddtVcpsi1zFARBrdaxbhp9iUReTGmwA4KAAr7vx3EYejnCMI6hQYEgy0LQi4jUN0wL19vqFcUC9\/1dAKmEEFkWRYkh5oBejnxQJiSJPJ\/uKBp0Thszx9Mw8hMRIQjKsptCfuES9zr5WJY6vSFCIvE9fCMUmEM1A1kSXcYGxgVYsvI1IPKTZciSTI0us\/SMGG04gDzELDoFBwdcFJrF88dqgYMTiL6DILWYyfOWE8\/kIz38olCNlC03FK95+imxp6y4oUSvAnBjHHhKNtotSDqJzVFiK8c2SBqhZtsrTtgrLXwAyduxZHNE26eHUt5rtuM4WSmds3G+sUdWYo1L+XyxButoh5eKUHk5lByO3G1LqqCWVnfrv\/lyPtf\/4ps1cndNGIri8J1TJ0lx6dR\/oPjq1nbRwdp2dCk4CtIOLW3pVKRL6WZfS5vF2KkIQhpwSsjiYIgNCs1gEMGqiIq24NQX9NwoXFy8Ufrl3twTcg4fv8T9\/JBEySduj6Mjm4bMzYV7EEOxKjjoNDud7yY3Dy71Hq2oLmqfbNR723edH9PgMrNL2utoQ3VmaIDkiw\/4w51P06hlZsTZvkRrbVuSIs\/zwSOsycgzStQouoAkWQqioRT5XI7n2Z1wfVhoZmcAJLsoqjqpjbWCgpOAJXBwHK8PzWbNvoUZJND5wCnSkLAkZ1legx6vqQzjoiTahKlGUGLAiIIoABOHaNVw4sexZBym6\/HWlH5h3IC7yRbxtipcWxdTOkORKiNQAEkFf66x5S2oeRbroOlLgg0sSYkR0hRGEqJZ0jTPiQKatESdBckpWigxaapEH0lImHdWu9pUFF2XqMNM2Z4kped7IwEJw2qabwtrQqnpw6HyKkgcadKWsmpywwesDyIhYRpdzXddqegtGIJlXbAIUMOLkGxJUjRIkokwjUaX9d\/kK62ps\/tYUqZLIMkLTyBhsMZ3C5Z\/kDxOSCb\/DOs\/\/J0qcWSX\/2ipe56EgTCA4\/cB7NAYOsni4mZM1MUPAISoEwkDi4lhVBQ1cWQyIcwalw4EpqZN68JUSK7XC0kTlkLYii5uXSC8jT5ncCAS7mjCv0uHp\/3lueHEEAeQ\/\/VgmdN71\/2uCSA1Xr6DO6uI6sW56zqT2tp2PhgiRUAajV8CY2fkcz6WGNKMgLAt7tJAhD4YHMTeRxlALE6+43WqjSWi8ITxyJl8WrwWSNESQZZOqhDDntO3hJLsd5RtSpbJqdv3YrDJH3F7jL1R2O2aQkn2MyCyKYz0GPGIvSAMgBCrCEiJyKbBaYGwLW4uPRr0A0M4Ux5kUI7IBh+hMdiCEWNqhMZGyYMsOgNE58UQuEQeUnSWCMYwL54hkxK6IoqucQZbQ3pc3XtL0lky1dL0zZJJDpWJovFqpWj6JEHnyam2eQp5QRVAVHjWparTOaVwUOx99YS2MvgxIGV0bb+qIg2HX2qkFFJB+XZcbLiuRkuxD9GRroKyveLxdh4d7Orx+hb7qc3uVRuEogCOnyIxm4ubUoPgF4jianDrC+SDQDKEfJb0GUKmjCGPYHGJvVC6X4hw1\/sAfQAdfYyephIaspXe36RwOP+Ljvfx9B6B3i+Nk0DGq+oCbLn6JpBa9nWAveAIHwFAwtVcIJXPMPL8kRu5OAYPMaL1WScTxjiZDqB9LTJSWphow\/pTYKRTLjCBhvi9iBidvKcDasGSm0QQkycYuLBqj6QCELPctqChDWpTRMWkngNNpQ1Pfp1KkiT\/Y0DGffXAweUNfLAfaJFKDwhb6I+bkYRbkERoEeu3Fyjg2opMz2daZCS9jt6Q7txNfB+OZEVF6Zl5web2xunnLQrtrjXseXKaFYziYINeMFZVxS9VxRhOoesYwxPKXm+gWLG9cuFeq93UNNeJNsf1KlwuDok9n02n3TgIJpOxNfL9naIoQwXtfH9kjceTIIi709ncTg6LZbg+biLH1V6u\/7rxBem06VXKn9raAAAAAElFTkSuQmCC\")      no-repeat center center \/ contain;  }  @media screen and (max-width: 960px) and (orientation: portrait) {    .logo {      width: 100%;    }    .logo .pc-banner {      display: none;    }    .logo .m-banner {      display: block;      width: 100%;    }    .logo .m-banner img {      height: auto!important;    }    .ytvideo {      height: 200px;      width: 100%;    }  }<\/style><style>  .video-section {    width: 100%;    margin: 0 auto;  }  .video-section > img {    width: 100%;  }  .video-section iframe,  .video-section video {    width: 100%;    height: 100%;      }  .video-section-img-m,  .video-section-img-pc > img {    width: 100%;    height: auto;  }  .video-section-img-pc.small > img {    width: 970px;  }  .video-desc {    line-height: 1.5;    font-size: 20px;    font-weight: 400;    margin: 20px 0;    text-align: center;    color: #0f1111;    word-break: break-word;  }  @media screen and (max-width: 960px) and (orientation: portrait) {    .video-section {      width: 100%;    }    .video-section-pc,    .video-section-img-pc {      display: none;    }    .video-section-m,    .video-section-img-m {      display: block;    }    .video-desc {      font-size: 15px;    }  }  @media screen and (min-width: 960px) {    .video-section {      width: 100%;      margin: 0 auto;    }    .video-section-pc,    .video-section-img-pc {      display: block;    }    .video-section-m,    .video-section-img-m {      display: none;    }    .video-desc {      font-size: 20px;    }  }<\/style><style>  .section + .section {    margin-top: 35px;  }  .section-title {    text-align: center;    font-weight: bold;    color: #0d1111;    font-family: \"Arial\";    font-size: 32px;    margin: 15px 0;  }  .section-title:empty {    display: none;  }  .section-desc {    text-align: center;    font-weight: normal;    color: #0d1111;    margin-top: 20px;  }  .section-desc:empty {    display: none;  }  .section-img {    width: 1200px;    height: 492px;    margin: 0 auto;    display: block;  }  .section-img.small {    width: 970px;    height: auto;  }  .section-img.small > img {    height: auto;  }  .section-img > img {    width: 100%;    height: 100%;  }  .section-mobile-img {    display: none;    max-width: 100vw;    max-height: 75vw;    height: 450px;    margin: 0 auto;  }  .section-mobile-img > img {    width: 100%;    height: 100%;  }  @media screen and (max-width: 960px) and (orientation: portrait) {    .container {      width: 100%;    }    .container.small {      width: 100%;    }    .section-mobile-img {      display: block;    }    .section-img {      display: none;    }    .section-title {      font-size: 22px;      margin: 10px 0;    }    .section-desc {      margin-top: 10px;    }    .section + .section {      margin-top: 20px;    }  }<\/style><\/head><body><div class=\"container small\"><div class=\"logo\"><div class=\"pc-banner small\"><div><img decoding=\"async\" src=\"\/vevor\/vevor\/boutique-banner\/pc\/en-pc@1x.jpg\" style=\"width: 100%;\" \/><\/div><\/div><div class=\"m-banner\"><div><img decoding=\"async\" src=\"\/vevor\/vevor\/boutique-banner\/mobile\/en-m@1x.jpg\" style=\"width: 100%;\" \/><\/div><\/div><\/div><div class=\"section-title\">Kaasaskantav Auto K\u00fclmkapp<\/div><div class=\"video-section\"><div class=\"video-section-img-pc small\"><img decoding=\"async\" src=\"\/vevor\/product\/WLCZBXX50LDQE4XSU\/car-refrigerator-a100-1.4-pt.jpg\" \/><\/div><div class=\"video-section-img-m\"><img decoding=\"async\" src=\"\/vevor\/product\/WLCZBXX50LDQE4XSU\/car-refrigerator-a100-1.4-pt.jpg\" \/><\/div><div class=\"section-desc\">45-liitrine t\u00e4iustatud kompressoriga autok\u00fclmik kiireks jahutamiseks 1,5 H, mis on v\u00f5imeline s\u00e4ilitama nii k\u00f5rgel kui ka madalal temperatuuril, s\u00e4ilitades suurep\u00e4rase t\u00f6\u00f6 vahemikus 16 ~ 38 \u00b0C \/60,8 ~ 100,4 \u00b0F.<\/div><\/div><div class=\"section\"><div class=\"section-title\"><\/div><div class=\"section-img small\"><img decoding=\"async\" src=\"\/vevor\/product\/WLCZBXX50LDQE4XSU\/car-refrigerator-a100-2.2-pt.jpg\" \/><\/div><div class=\"section-mobile-img\"><img decoding=\"async\" src=\"\/vevor\/product\/WLCZBXX50LDQE4XSU\/car-refrigerator-a100-2.2-pt.jpg\" \/><\/div><div class=\"section-desc\">Reguleeritav temperatuur -20 ~ 20 \u2103 \/ -4 ~ 68 \u2109, sobib k\u00fclmutus -, \u00f5lle -, joogid, puuviljad, j\u00e4\u00e4tis, erinevad lihad, ja rohkem.<\/div><\/div><div class=\"section\"><div class=\"section-title\"><\/div><div class=\"section-img small\"><img decoding=\"async\" src=\"\/vevor\/product\/WLCZBXX50LDQE4XSU\/car-refrigerator-a100-2.3-pt.jpg\" \/><\/div><div class=\"section-mobile-img\"><img decoding=\"async\" src=\"\/vevor\/product\/WLCZBXX50LDQE4XSU\/car-refrigerator-a100-2.3-pt.jpg\" \/><\/div><div class=\"section-desc\">T\u00f6\u00f6tab \u226445 detsibelli juures, tarbib 0,48 kWh 24 tunni kohta. Kompressor tagab optimaalse j\u00f5udluse ka kuni 45 kraadise kalde korral.<\/div><\/div><div class=\"section\"><div class=\"section-title\"><\/div><div class=\"section-img small\"><img decoding=\"async\" src=\"\/vevor\/product\/WLCZBXX50LDQE4XSU\/car-refrigerator-a100-2.4-pt.jpg\" \/><\/div><div class=\"section-mobile-img\"><img decoding=\"async\" src=\"\/vevor\/product\/WLCZBXX50LDQE4XSU\/car-refrigerator-a100-2.4-pt.jpg\" \/><\/div><div class=\"section-desc\">Sisseehitatud k\u00e4epide lihtsaks transportimiseks, sisseehitatud valgusdisain, mis valgustab sisemust avamisel, muutes toiduainete valimise lihtsaks.<\/div><\/div><div class=\"section\"><div class=\"section-title\"><\/div><div class=\"section-img small\"><img decoding=\"async\" src=\"\/vevor\/product\/WLCZBXX50LDQE4XSU\/car-refrigerator-a100-2.5-pt.jpg\" \/><\/div><div class=\"section-mobile-img\"><img decoding=\"async\" src=\"\/vevor\/product\/WLCZBXX50LDQE4XSU\/car-refrigerator-a100-2.5-pt.jpg\" \/><\/div><div class=\"section-desc\">Varustatud adapter, sigaretis\u00fc\u00fctaja juhe, ja AC toitekaabel, seda saab kasutada nii kodus, jahtide, RVs, autod, veoautod ja kaubikud.<\/div><\/div><div class=\"section\"><div class=\"section-img small\"><img decoding=\"async\" src=\"\/vevor\/product\/WLCZBXX50LDQE4XSU\/car-refrigerator-a100-1.11-pt.jpg\" \/><\/div><div class=\"section-mobile-img\"><img decoding=\"async\" src=\"\/vevor\/product\/WLCZBXX50LDQE4XSU\/car-refrigerator-a100-1.11-pt.jpg\" \/><\/div><\/div><\/div><\/body><\/html><\/div>\n<div class=\"DM_at-title\" id=\"js-DM_at-title\"> <div>Toote spetsifikatsioon<\/div> <i class=\"icon-arrowup_line\"><\/i> <\/div><div class=\"DM_at-goodsDescAttr\" id=\"js-DM_at-goodsDescAttr\"> <div class=\"DM_at-goodsDescAttrInner\"> <dl class=\"goodsDesc_item goodsDesc_item_even\"> <dt>Punkt Mudeli Number<\/dt> <dd> NL50<\/dd> <\/dl> <dl class=\"goodsDesc_item\"> <dt>Pinge<\/dt> <dd> AC100-240V (50\/60Hz) KS 12\/24V<\/dd> <\/dl> <dl class=\"goodsDesc_item goodsDesc_item_even\"> <dt>V\u00f5imsus<\/dt> <dd> 60W<\/dd> <\/dl> <dl class=\"goodsDesc_item\"> <dt>Temperatuur Reguleeritav Vahemikus<\/dt> <dd> - 20 ~ 20 \u2103 \/ -4 ~ 68 \u2109<\/dd> <\/dl> <dl class=\"goodsDesc_item goodsDesc_item_even\"> <dt>V\u00f5imsus<\/dt> <dd> 45 l \/47,6 qt<\/dd> <\/dl> <dl class=\"goodsDesc_item\"> <dt>M\u00fcra<\/dt> <dd> Kuni 45dB<\/dd> <\/dl> <dl class=\"goodsDesc_item goodsDesc_item_even\"> <dt>Vooderdisega Materjal<\/dt> <dd> Vaakum-tekkis PUUSAD<\/dd> <\/dl> <dl class=\"goodsDesc_item\"> <dt>Pealisriie Materjal<\/dt> <dd> PP + HDPE<\/dd> <\/dl> <dl class=\"goodsDesc_item goodsDesc_item_even\"> <dt>Neto Kaal<\/dt> <dd> 13,3 kg \/29,3 naela<\/dd> <\/dl> <dl class=\"goodsDesc_item\"> <dt>Toote Suurus<\/dt> <dd> 618 x 376 x 514 mm \/ 24,3 x 14,8 x 20,2 tolli<\/dd> <\/dl> <\/div> <\/div>","protected":false},"excerpt":{"rendered":"<ul>\n<li> Suur mahutavus: kaasaskantava k\u00fclmiku s\u00fcgavk\u00fclmiku \u00fche kambri maht on 45 liitrit. See tugev haagissuvila k\u00fclmik mahutab 79 purki 330 ml koolat v\u00f5i 58 pudelit 550 ml vett v\u00f5i 18 pudelit 750 ml punast veini, mis mahutab mereande, suupisteid, liha ja jooke, mis vastavad l\u00fchikeste reiside, nagu reisimine, paadis\u00f5it ja telkimine, vajadustele. <\/li>\n<li> 1.5 H Kiire Jahutamine: See 12V auto k\u00fclmik kasutab kompressor jahutamise tehnoloogia, j\u00f5udes -20\u00b0C \/ -4\u00b0F seiskamise hetkel umbes 1,5 H kell 77\u00b0F \u00fcmbritseva keskkonna temperatuur. See jahutab kiiresti ja tavaliselt isegi siis, kui viltune kuni 45 kraadi v\u00f5rra, mist\u00f5ttu see on teie kaaslane v\u00e4ljas telkimine v\u00f5i t\u00f6\u00f6, hoida oma toidu v\u00e4rske. Ei ole vaja j\u00e4\u00e4kuubikuid, takistada toiduainete riknemist ja s\u00e4\u00e4sta raha ja ruumi. <\/li>\n<li> LED-ekraan ja Bluetooth-juhtimine: LED-juhtpaneel v\u00f5imaldab teil otse vaadata autok\u00fclmiku t\u00f6\u00f6olekut ja reguleerida temperatuurivahemikku igal ajal. Paneelil saate m\u00e4\u00e4rata mis tahes temperatuuri vahemikus -20 \u00b0C kuni 20 \u00b0C \/ -4 \u00b0F kuni 68 \u00b0F. Elektrijahutil on ka Bluetooth-re\u017eiim, mis \u00fchendatakse kaugjuhtimiseks mobiilirakendusega. <\/li>\n<li> Vaikne ja energiat\u00f5hus: k\u00fclmik t\u00f6\u00f6tab m\u00fcraga \u2264 45dB, tagades teile p\u00e4rast pikki s\u00f5ite hea une. LCD-puuteekraani kaudu saate valida ka ECO ja Maxi re\u017eiimide vahel. ECO energias\u00e4\u00e4sture\u017eiimis on selle kaasaskantava k\u00fclmiku t\u00f6\u00f6v\u00f5imsus alla 36W. Isegi MAX-re\u017eiimis (41W) t\u00f6\u00f6tades tarbib selle intelligentne tsirkulatsioon v\u00e4hem kui 1 kWh\/p\u00e4evas. <\/li>\n<li> Kahekordne kasutamine kodu\/auto jaoks: suure mahutavusega disainiga sellel on sisseehitatud valgusti, mis l\u00fclitub kasti avamisel automaatselt sisse, muutes selle mugavaks toidule juurdep\u00e4\u00e4suks. Lisaks on autok\u00fclmik varustatud 110\/240 V vahelduvvoolu ja 12\/24 V alalisvoolu adapteritega, mis v\u00f5imaldab seda kasutada kodus, jahtidel, haagissuvilatel, autodel, veoautodel ja kaubikutel. <\/li>\n<\/ul>","protected":false},"featured_media":323423,"comment_status":"closed","ping_status":"open","template":"","meta":{"om_disable_all_campaigns":false,"_monsterinsights_skip_tracking":false,"_monsterinsights_sitenote_active":false,"_monsterinsights_sitenote_note":"","_monsterinsights_sitenote_category":0,"_uf_show_specific_survey":0,"_uf_disable_surveys":false},"location":[1935,1934],"product_brand":[21],"product_cat":[2871,2872,2389,2870,2365],"product_tag":[],"class_list":{"0":"post-51619","1":"product","2":"type-product","3":"status-publish","4":"has-post-thumbnail","6":"location-supplier_stock_location","7":"location-local_stock_location","8":"product_brand-vevor","9":"product_cat-car-refrigerator-outdoor-kitchens","10":"product_cat-compressor-car-refrigerator","11":"product_cat-outdoor-cooking","12":"product_cat-outdoor-kitchens","13":"product_cat-outdoors","15":"first","16":"instock","17":"featured","18":"taxable","19":"shipping-taxable","20":"purchasable","21":"product-type-simple"},"aioseo_notices":[],"jetpack_sharing_enabled":true,"locations":[{"id":1935,"name":"Pieg\u0101d\u0101t\u0101ja noliktav\u0101 (5-7dd)","slug":"supplier_stock_location","quantity":"891"},{"id":1934,"name":"R\u012bgas veikal\u0101 (0-2d.d.)","slug":"local_stock_location","quantity":"0"}],"_links":{"self":[{"href":"https:\/\/vevorshop.lv\/et\/wp-json\/wp\/v2\/product\/51619","targetHints":{"allow":["GET"]}}],"collection":[{"href":"https:\/\/vevorshop.lv\/et\/wp-json\/wp\/v2\/product"}],"about":[{"href":"https:\/\/vevorshop.lv\/et\/wp-json\/wp\/v2\/types\/product"}],"replies":[{"embeddable":true,"href":"https:\/\/vevorshop.lv\/et\/wp-json\/wp\/v2\/comments?post=51619"}],"wp:featuredmedia":[{"embeddable":true,"href":"https:\/\/vevorshop.lv\/et\/wp-json\/wp\/v2\/media\/323423"}],"wp:attachment":[{"href":"https:\/\/vevorshop.lv\/et\/wp-json\/wp\/v2\/media?parent=51619"}],"wp:term":[{"taxonomy":"location","embeddable":true,"href":"https:\/\/vevorshop.lv\/et\/wp-json\/wp\/v2\/location?post=51619"},{"taxonomy":"product_brand","embeddable":true,"href":"https:\/\/vevorshop.lv\/et\/wp-json\/wp\/v2\/product_brand?post=51619"},{"taxonomy":"product_cat","embeddable":true,"href":"https:\/\/vevorshop.lv\/et\/wp-json\/wp\/v2\/product_cat?post=51619"},{"taxonomy":"product_tag","embeddable":true,"href":"https:\/\/vevorshop.lv\/et\/wp-json\/wp\/v2\/product_tag?post=51619"}],"curies":[{"name":"wp","href":"https:\/\/api.w.org\/{rel}","templated":true}]}}