{"id":51902,"date":"2024-11-19T20:33:16","date_gmt":"2024-11-19T20:33:16","guid":{"rendered":"http:\/\/vevorshop.edigo.lv\/Prece\/vevor-cast-iron-sign-post-8ft-fixed-u-channel-heavy-duty-post-sign-holder-green\/"},"modified":"2026-04-20T02:47:48","modified_gmt":"2026-04-19T23:47:48","slug":"vevor-cast-iron-sign-post-8ft-fixed-u-channel-heavy-duty-post-sign-holder-green","status":"publish","type":"product","link":"https:\/\/vevorshop.lv\/et\/Prece\/vevor-malmist-margi-post-8-jalga-fikseeritud-u-kanali-raskeveokite-posti-margihoidja-roheline\/","title":{"rendered":"VEVOR 243 cm U-kujuline sildipostide komplekt, 4 tk, tugevad terasest aiapostid eelpuuritud aukudega aeda, talusse, liiklusalale"},"content":{"rendered":"<div style=\"color: #fff!important; font-size: 16px; height: 24px; line-height: 24px; margin-top: -24px; \" class=\"product_original_name\">VEVOR 8 FT U-kanaliga m\u00e4rgipost, 4-pakendi roheline raskeveokite terasest fikseeritud aiapost, terasest aia U-kanaliga m\u00e4rk aia, sisehoovi, talu v\u00f5i liiklusristmiku jaoks<\/div>\n<div style=\"color: #fff!important; font-size: 16px; height: 24px; line-height: 24px; margin-top: -24px; \" class=\"product_sku\">M4I4LXHG<\/div>\n<div style=\"color: #fff!important; font-size: 16px; height: 24px; line-height: 24px; margin-top: -24px; \" class=\"product_mpn\">LBGGDLBGZT8FZM8UOV0<\/div><div id=\"js-DM_at-goodDescRich\"><html><head><style>  body {    font-family: Arial;    line-height: 1.5;    color: #1c1c1c;    overflow-x: hidden;    margin: 0;    padding: 0;  }  .MsoNormal b {    font-weight: bolder;  }<\/style><style>  .container.small {    width: 970px;    margin: 0 auto;  }  .logo {    margin: 0 auto 0;  }  .logo img {    display: block;    margin: 0 auto;    max-width: 100%;  }  .logo .pc-banner {    display: block;    width: 1200px;    height: 247.4px;    margin: 0 auto;  }  .logo .pc-banner.small {    width: 970px;  }  .logo .pc-banner.small img {    height: auto!important;  }  .logo .m-banner {    display: none;  }  .ytvideo {    position: relative;    height: 546px;    width: 100%;    margin: 0 auto;  }  .ytvideo img {    width: 100%;    margin: 0 auto;  }  .ytvideo .play-btn {    width: 60px;    height: 42px;    position: absolute;    top: 50%;    left: 50%;    transform: translate(-50%, -50%);    background: url(\"data:image\/png;base64,iVBORw0KGgoAAAANSUhEUgAAAGQAAABGCAMAAAANWMFbAAAC+lBMVEUAAADBGB3kLCfBGB3kLCfcJC7BFx3KKSbiKybkLCbWJCPSIiLSIiLPICHAFx3kLCfgKSXNHiDZJiTIGx\/p4eHcjo7LHSDbJyTkLCbjKyfOHyHPIiL28fHJHB\/GGh7EGR7eKCXDGB3RISHlLSbBGB3AFxzGHB7DGB7BGB3hKybkKybAFx3lLCfAFxzDGR3hKibDGB7cJyTmz8\/elJTlwcHjurrUIyLlLSflLSfAFx3DGR7lLSfCFx3hKibhKibhKybjKybkLCblLSfbJSX49vbx7e3NNzjNMTLMJyjVIyLZf3\/ZQ0LaeHjx0tLgoqLkLCfCGB3HGx\/BGB3BFx3PICHCGB7WJCLOHyC\/Fxy\/Fx3lLCfQISHkLSe\/FxzbJiTBFx3FGx\/AGB7BFx3EGR7AGB3HHSDfKiXAFh3TISHYNzbhKibbJyTTIiL57e325+f039\/v2NjUV1fOHiHiqanfmprch4feKSXVIyPOICHmLibFGh\/mLSe\/Fx7XJCPeKSXXJSPNHyHaJyTGGh7lLCbmLCflLSjSIiLkLCbdKSXLHiC\/GB3KHh++Fh3lKyfoLiXcKCPkx8fYb2\/XaGfVXl3aU1LLHiDksbHgKibPICHbJyTfKSXbJyTCGB3KHSDiKybFGh7TIiL\/\/\/\/VIyPRISHIHB\/GGx\/HHB\/DGR7gKibdKCXLHiDZJiTMHiDNHyHYJSTOICHPICHWJCPcKCXXJSPjLCblLCf+\/f3NGR\/uLijzLynPGR\/IGB7WISHaIyLLGh7UAADxLynNAADRLzDbICLQAADIAAD3MCrUHSHXMTDpKSbLAADp5OTij4\/ejo\/VLy\/1LyngJSTcJCPQHx\/OHB7+\/PzaMS\/OLS\/vLijrLSjSAADaNTPwLyjkKSbNJCbYISHPHB\/KGB7WAAD7+vrn3d3aKynTKCjoLCfsKifRGh\/YAADq5+fhjo7QNDXXKCfmJyXt5+fTLzDLLi\/QKivYHRvMGBrQJCXLISPMExXLDxLaEAvkkI\/bOTfaFQ\/SCgpvLcnHAAAAmnRSTlMA+vv7+gT9Bvf9+8z8\/NSv\/Pr5+P7++vnQIBMP\/v38\/Pn348XDiCYf9OjbzcqxXVcx\/fz8+\/rj1r2poo1+fXFqX0orGP7+\/v7+\/fz8+\/r68uzn4trIxsG\/vri3p6GcmZSNbWVYUUZEPQv+\/f39+\/v7+\/v7+vr64tvV1NTTz87FtbSurqeblJKFg4B3bUY+NjL7+\/v7+\/v67t1cDo8JLQAABkRJREFUWMO0kz9rwkAYh0OIeJkum6YugUAhISCdKoj\/P4C7SMdS+gEKIhSKil10LSg4mzXkILdlEpxCpwTiWOLX6BujvQaEQuGeHLnL+\/64J+SIcKGYTYWnntpdLjrVdqvZmNdn0+EE40GtpuuWVS6Xx6N7YDSGpWXpeq02wHgynM7q80az1a52HpddtVcpsi1zFARBrdaxbhp9iUReTGmwA4KAAr7vx3EYejnCMI6hQYEgy0LQi4jUN0wL19vqFcUC9\/1dAKmEEFkWRYkh5oBejnxQJiSJPJ\/uKBp0Thszx9Mw8hMRIQjKsptCfuES9zr5WJY6vSFCIvE9fCMUmEM1A1kSXcYGxgVYsvI1IPKTZciSTI0us\/SMGG04gDzELDoFBwdcFJrF88dqgYMTiL6DILWYyfOWE8\/kIz38olCNlC03FK95+imxp6y4oUSvAnBjHHhKNtotSDqJzVFiK8c2SBqhZtsrTtgrLXwAyduxZHNE26eHUt5rtuM4WSmds3G+sUdWYo1L+XyxButoh5eKUHk5lByO3G1LqqCWVnfrv\/lyPtf\/4ps1cndNGIri8J1TJ0lx6dR\/oPjq1nbRwdp2dCk4CtIOLW3pVKRL6WZfS5vF2KkIQhpwSsjiYIgNCs1gEMGqiIq24NQX9NwoXFy8Ufrl3twTcg4fv8T9\/JBEySduj6Mjm4bMzYV7EEOxKjjoNDud7yY3Dy71Hq2oLmqfbNR723edH9PgMrNL2utoQ3VmaIDkiw\/4w51P06hlZsTZvkRrbVuSIs\/zwSOsycgzStQouoAkWQqioRT5XI7n2Z1wfVhoZmcAJLsoqjqpjbWCgpOAJXBwHK8PzWbNvoUZJND5wCnSkLAkZ1legx6vqQzjoiTahKlGUGLAiIIoABOHaNVw4sexZBym6\/HWlH5h3IC7yRbxtipcWxdTOkORKiNQAEkFf66x5S2oeRbroOlLgg0sSYkR0hRGEqJZ0jTPiQKatESdBckpWigxaapEH0lImHdWu9pUFF2XqMNM2Z4kped7IwEJw2qabwtrQqnpw6HyKkgcadKWsmpywwesDyIhYRpdzXddqegtGIJlXbAIUMOLkGxJUjRIkokwjUaX9d\/kK62ps\/tYUqZLIMkLTyBhsMZ3C5Z\/kDxOSCb\/DOs\/\/J0qcWSX\/2ipe56EgTCA4\/cB7NAYOsni4mZM1MUPAISoEwkDi4lhVBQ1cWQyIcwalw4EpqZN68JUSK7XC0kTlkLYii5uXSC8jT5ncCAS7mjCv0uHp\/3lueHEEAeQ\/\/VgmdN71\/2uCSA1Xr6DO6uI6sW56zqT2tp2PhgiRUAajV8CY2fkcz6WGNKMgLAt7tJAhD4YHMTeRxlALE6+43WqjSWi8ITxyJl8WrwWSNESQZZOqhDDntO3hJLsd5RtSpbJqdv3YrDJH3F7jL1R2O2aQkn2MyCyKYz0GPGIvSAMgBCrCEiJyKbBaYGwLW4uPRr0A0M4Ux5kUI7IBh+hMdiCEWNqhMZGyYMsOgNE58UQuEQeUnSWCMYwL54hkxK6IoqucQZbQ3pc3XtL0lky1dL0zZJJDpWJovFqpWj6JEHnyam2eQp5QRVAVHjWparTOaVwUOx99YS2MvgxIGV0bb+qIg2HX2qkFFJB+XZcbLiuRkuxD9GRroKyveLxdh4d7Orx+hb7qc3uVRuEogCOnyIxm4ubUoPgF4jianDrC+SDQDKEfJb0GUKmjCGPYHGJvVC6X4hw1\/sAfQAdfYyephIaspXe36RwOP+Ljvfx9B6B3i+Nk0DGq+oCbLn6JpBa9nWAveAIHwFAwtVcIJXPMPL8kRu5OAYPMaL1WScTxjiZDqB9LTJSWphow\/pTYKRTLjCBhvi9iBidvKcDasGSm0QQkycYuLBqj6QCELPctqChDWpTRMWkngNNpQ1Pfp1KkiT\/Y0DGffXAweUNfLAfaJFKDwhb6I+bkYRbkERoEeu3Fyjg2opMz2daZCS9jt6Q7txNfB+OZEVF6Zl5web2xunnLQrtrjXseXKaFYziYINeMFZVxS9VxRhOoesYwxPKXm+gWLG9cuFeq93UNNeJNsf1KlwuDok9n02n3TgIJpOxNfL9naIoQwXtfH9kjceTIIi709ncTg6LZbg+biLH1V6u\/7rxBem06VXKn9raAAAAAElFTkSuQmCC\")      no-repeat center center \/ contain;  }  @media screen and (max-width: 960px) and (orientation: portrait) {    .logo {      width: 100%;    }    .logo .pc-banner {      display: none;    }    .logo .m-banner {      display: block;      width: 100%;    }    .logo .m-banner img {      height: auto!important;    }    .ytvideo {      height: 200px;      width: 100%;    }  }<\/style><style>  .video-section {    width: 100%;    margin: 0 auto;  }  .video-section > img {    width: 100%;  }  .video-section iframe,  .video-section video {    width: 100%;    height: 100%;      }  .video-section-img-m,  .video-section-img-pc > img {    width: 100%;    height: auto;  }  .video-section-img-pc.small > img {    width: 970px;  }  .video-desc {    line-height: 1.5;    font-size: 20px;    font-weight: 400;    margin: 20px 0;    text-align: center;    color: #0f1111;    word-break: break-word;  }  @media screen and (max-width: 960px) and (orientation: portrait) {    .video-section {      width: 100%;    }    .video-section-pc,    .video-section-img-pc {      display: none;    }    .video-section-m,    .video-section-img-m {      display: block;    }    .video-desc {      font-size: 15px;    }  }  @media screen and (min-width: 960px) {    .video-section {      width: 100%;      margin: 0 auto;    }    .video-section-pc,    .video-section-img-pc {      display: block;    }    .video-section-m,    .video-section-img-m {      display: none;    }    .video-desc {      font-size: 20px;    }  }<\/style><style>  .section + .section {    margin-top: 35px;  }  .section-title {    text-align: center;    font-weight: bold;    color: #0d1111;    font-family: \"Arial\";    font-size: 32px;    margin: 15px 0;  }  .section-title:empty {    display: none;  }  .section-desc {    text-align: center;    font-weight: normal;    color: #0d1111;    margin-top: 20px;  }  .section-desc:empty {    display: none;  }  .section-img {    width: 1200px;    height: 492px;    margin: 0 auto;    display: block;  }  .section-img.small {    width: 970px;    height: auto;  }  .section-img.small > img {    height: auto;  }  .section-img > img {    width: 100%;    height: 100%;  }  .section-mobile-img {    display: none;    max-width: 100vw;    max-height: 75vw;    height: 450px;    margin: 0 auto;  }  .section-mobile-img > img {    width: 100%;    height: 100%;  }  @media screen and (max-width: 960px) and (orientation: portrait) {    .container {      width: 100%;    }    .container.small {      width: 100%;    }    .section-mobile-img {      display: block;    }    .section-img {      display: none;    }    .section-title {      font-size: 22px;      margin: 10px 0;    }    .section-desc {      margin-top: 10px;    }    .section + .section {      margin-top: 20px;    }  }<\/style><\/head><body><div class=\"container small\"><div class=\"logo\"><div class=\"pc-banner small\"><div><img decoding=\"async\" src=\"\/vevor\/vevor\/boutique-banner\/pc\/en-pc@1x.jpg\" style=\"width: 100%;\" \/><\/div><\/div><div class=\"m-banner\"><div><img decoding=\"async\" src=\"\/vevor\/vevor\/boutique-banner\/mobile\/en-m@1x.jpg\" style=\"width: 100%;\" \/><\/div><\/div><\/div><div class=\"section-title\">VEVOR M\u00e4rk Post-Hoiatus Jalak\u00e4ijate ja S\u00f5idukite Juhend Liinid v\u00f5i Anda Hoiatusi<\/div><div class=\"video-section\"><div class=\"video-section-img-pc small\"><img decoding=\"async\" src=\"\" \/><\/div><div class=\"video-section-img-m\"><img decoding=\"async\" src=\"\" \/><\/div><div class=\"section-desc\">See fikseeritud kirjutama postitus on tehtud raskeveokite tsingitud terasest, mis tagab suure tugevuse ja vastupidavuse. See on rooste-vastupidavad ja korrosiooni-vastupidav, mist\u00f5ttu on vastupidav kanda isegi pikaajalise kasutamise.<\/div><\/div><div class=\"section\"><div class=\"section-title\">Standard Suurus<\/div><div class=\"section-img small\"><img decoding=\"async\" src=\"\" \/><\/div><div class=\"section-mobile-img\"><img decoding=\"async\" src=\"\" \/><\/div><div class=\"section-desc\">Fikseeritud m\u00e4rk, masti on eelnevalt puuritud standard augu suurused ja vahed k\u00f5ikide masti k\u00f5rgusega, mis v\u00f5imaldab lihtne viimine ja paigaldamise oma m\u00e4rgistused.<\/div><\/div><div class=\"section\"><div class=\"section-title\">Lihtne Paigaldus<\/div><div class=\"section-img small\"><img decoding=\"async\" src=\"\" \/><\/div><div class=\"section-mobile-img\"><img decoding=\"async\" src=\"\" \/><\/div><div class=\"section-desc\">Installi see fikseeritud post t\u00e4hise omanik on mugav ja lihtne, ei ole vaja spetsiaalseid t\u00f6\u00f6riistu v\u00f5i pingutav kaevamine. Lihtsalt sisestage teiba maasse ja turvaline m\u00e4rk poltidega, mis v\u00f5imaldab ka algajatele, et installimine l\u00f5pule viia iseseisvalt.<\/div><\/div><div class=\"section\"><div class=\"section-title\">Laialdane Kohaldamine<\/div><div class=\"section-img small\"><img decoding=\"async\" src=\"\" \/><\/div><div class=\"section-mobile-img\"><img decoding=\"async\" src=\"\" \/><\/div><div class=\"section-desc\">See fikseeritud metallist m\u00e4rk postitus sobib erinevate keskkondade, sh era-aedades, sise\u00f5uede, talud ja liiklus ristmikud, et hoiatada jalak\u00e4ijaid ja s\u00f5idukeid, juhend liinid, annab hoiatusi, v\u00f5i serveeri teabe ja reklaami eesm\u00e4rkidel.<\/div><\/div><div class=\"section\"><div class=\"section-title\">Pulberv\u00e4rvitud Pind<\/div><div class=\"section-img small\"><img decoding=\"async\" src=\"\" \/><\/div><div class=\"section-mobile-img\"><img decoding=\"async\" src=\"\" \/><\/div><div class=\"section-desc\">Pind on korrosiooni-vastupidavad, et v\u00e4ltida roostetamine parkimine m\u00e4rk postitus. Lisaks, roheline lakk annab loomuliku ilme, mis \u00fchendab harmooniliselt koos keskkond.<\/div><\/div><div class=\"section\"><div class=\"section-img small\"><img decoding=\"async\" src=\"\" \/><\/div><div class=\"section-mobile-img\"><img decoding=\"async\" src=\"\" \/><\/div><\/div><\/div><\/body><\/html><\/div>\n<div class=\"DM_at-title\" id=\"js-DM_at-title\"> <div>Toote spetsifikatsioon<\/div> <i class=\"icon-arrowup_line\"><\/i> <\/div><div class=\"DM_at-goodsDescAttr\" id=\"js-DM_at-goodsDescAttr\"> <div class=\"DM_at-goodsDescAttrInner\"> <dl class=\"goodsDesc_item goodsDesc_item_even\"> <dt>Punkt Mudeli Number<\/dt> <dd> DM-PK-8<\/dd> <\/dl> <dl class=\"goodsDesc_item\"> <dt>Kogus<\/dt> <dd> 4 tk<\/dd> <\/dl> <dl class=\"goodsDesc_item goodsDesc_item_even\"> <dt>Pikkus<\/dt> <dd> 8 ft<\/dd> <\/dl> <dl class=\"goodsDesc_item\"> <dt>V\u00e4rv<\/dt> <dd> Roheline<\/dd> <\/dl> <dl class=\"goodsDesc_item goodsDesc_item_even\"> <dt>Paksus<\/dt> <dd> 0.07&#034;\/1,8 mm<\/dd> <\/dl> <dl class=\"goodsDesc_item\"> <dt>Eelnevalt puuritud Aukude T\u00f6\u00f6tlemine<\/dt> <dd> 30 Aukude Diameeter \u03c60.39&#034;\/10 mm<\/dd> <\/dl> <dl class=\"goodsDesc_item goodsDesc_item_even\"> <dt>Pinnat\u00f6\u00f6tlus<\/dt> <dd> Spray Lakk<\/dd> <\/dl> <dl class=\"goodsDesc_item\"> <dt>Peamine Materjal<\/dt> <dd> Tsingitud Terasest Q355<\/dd> <\/dl> <dl class=\"goodsDesc_item goodsDesc_item_even\"> <dt>Toote Kaal<\/dt> <dd> 41.01 lbs\/18.6 kg<\/dd> <\/dl> <dl class=\"goodsDesc_item\"> <dt>Toote M\u00f5\u00f5tmed<\/dt> <dd> 96.06 x 3.15 x 1.38 in\/2440 x 80 x 35 mm<\/dd> <\/dl> <\/div> <\/div>","protected":false},"excerpt":{"rendered":"<ul>\n<li> Vastupidav ja Tugev: 4 m\u00e4rk postitused on valmistatud k\u00f5rge kvaliteediga galvaniseeritud terasest Q235 valandid, tagades suure tugevuse ja vastupidavuse. Nad on t\u00f6\u00f6deldud korrosiooni-vastupidav kate, et v\u00e4ltida roostetamine aiapostid. Roheline lakk annab loomuliku v\u00e4limusega, segamine harmooniliselt koos keskkonna \u00fcldise esteetilise ja koosk\u00f5lastatud vaadata. <\/li>\n<li> Eelnevalt puuritud Augud: Need postitus m\u00e4rk omanikele funktsioon eelnevalt puuritud, milleks on 0,39&#034;\/10mm augud, 30 augud eelnevalt puuritud per post. Augu kaugus ja suurus on standardiseeritud k\u00f5ik p\u00e4rast k\u00f5rgused, v\u00f5imaldades lihtne paigaldada. <\/li>\n<li> Lihtne Paigaldus: metallist m\u00e4rk postitus sisaldab 8 komplekti kruvid turvaline millega ja lihtne sisestamise maasse ilma spetsiaalsete t\u00f6\u00f6riistadeta v\u00f5i pingutav kaevamine. Lihtsalt l\u00fckka 6-suu postitusi maasse. M\u00e4rkus: vasar saab kasutada k\u00f5vu pindu. <\/li>\n<li> P\u00f5hjalik Lisavarustus: M\u00e4rk seista kaasas t\u00e4ielik tarvikud, sealhulgas 4 t\u00fckki 6-suu postitusi, 8 v\u00e4line kuuskantpeaga poldid M9.8*60, 8 korter pesurid, 8 vedruseibid, 8 p\u00e4hklid ja 1 kasutusjuhendi. Iga osa on t\u00e4pselt tehtud, et tagada sujuv \u00fchendamine. <\/li>\n<li> Lai Kasutusala: Need m\u00e4rgi postid sobivad era-aedades, tehased, talud ja liiklus ristmikud suunata jalak\u00e4ijate ja s\u00f5idukite m\u00e4rgi radu, v\u00f5i esitab vajalikud hoiatused. Nad v\u00f5ivad kasutada ka tee\u00e4\u00e4rseid aedu ja pubid, et kuvada m\u00e4rke v\u00f5i b\u00e4nnereid teabe ja reklaami eesm\u00e4rkidel. <\/li>\n<\/ul>","protected":false},"featured_media":325314,"comment_status":"closed","ping_status":"open","template":"","meta":{"om_disable_all_campaigns":false,"_uf_show_specific_survey":0,"_uf_disable_surveys":false},"location":[1935,1934],"product_brand":[21],"product_cat":[4305,2424,2423,4306],"product_tag":[],"class_list":{"0":"post-51902","1":"product","2":"type-product","3":"status-publish","4":"has-post-thumbnail","6":"location-supplier_stock_location","7":"location-local_stock_location","8":"product_brand-vevor","9":"product_cat-fence-gate-parts","10":"product_cat-fencing-gates","11":"product_cat-lumber-composites","12":"product_cat-sign-post-fence-gate-parts","14":"first","15":"instock","16":"taxable","17":"shipping-taxable","18":"purchasable","19":"product-type-simple"},"aioseo_notices":[],"locations":[{"id":1935,"name":"Pieg\u0101d\u0101t\u0101ja noliktav\u0101 (5-7dd)","slug":"supplier_stock_location","quantity":"60"},{"id":1934,"name":"R\u012bgas veikal\u0101 (0-2d.d.)","slug":"local_stock_location","quantity":"0"}],"_links":{"self":[{"href":"https:\/\/vevorshop.lv\/et\/wp-json\/wp\/v2\/product\/51902","targetHints":{"allow":["GET"]}}],"collection":[{"href":"https:\/\/vevorshop.lv\/et\/wp-json\/wp\/v2\/product"}],"about":[{"href":"https:\/\/vevorshop.lv\/et\/wp-json\/wp\/v2\/types\/product"}],"replies":[{"embeddable":true,"href":"https:\/\/vevorshop.lv\/et\/wp-json\/wp\/v2\/comments?post=51902"}],"wp:featuredmedia":[{"embeddable":true,"href":"https:\/\/vevorshop.lv\/et\/wp-json\/wp\/v2\/media\/325314"}],"wp:attachment":[{"href":"https:\/\/vevorshop.lv\/et\/wp-json\/wp\/v2\/media?parent=51902"}],"wp:term":[{"taxonomy":"location","embeddable":true,"href":"https:\/\/vevorshop.lv\/et\/wp-json\/wp\/v2\/location?post=51902"},{"taxonomy":"product_brand","embeddable":true,"href":"https:\/\/vevorshop.lv\/et\/wp-json\/wp\/v2\/product_brand?post=51902"},{"taxonomy":"product_cat","embeddable":true,"href":"https:\/\/vevorshop.lv\/et\/wp-json\/wp\/v2\/product_cat?post=51902"},{"taxonomy":"product_tag","embeddable":true,"href":"https:\/\/vevorshop.lv\/et\/wp-json\/wp\/v2\/product_tag?post=51902"}],"curies":[{"name":"wp","href":"https:\/\/api.w.org\/{rel}","templated":true}]}}