{"id":51916,"date":"2024-11-19T20:35:04","date_gmt":"2024-11-19T20:35:04","guid":{"rendered":"http:\/\/vevorshop.edigo.lv\/Prece\/vevor-8-seat-portable-folding-sport-bench-outdoor-camping-chair-with-carry-bag\/"},"modified":"2026-05-06T04:36:53","modified_gmt":"2026-05-06T01:36:53","slug":"vevor-8-seat-portable-folding-sport-bench-outdoor-camping-chair-with-carry-bag","status":"publish","type":"product","link":"https:\/\/vevorshop.lv\/et\/Prece\/vevor-8-seat-portable-folding-sport-bench-outdoor-camping-chair-with-carry-bag\/","title":{"rendered":"VEVOR 8-kohaline kaasaskantav kokkupandav spordipink seljatoe, k\u00fcljetaskute ja kandekotiga, 315\u00d783,6\u00d744,2 cm, must"},"content":{"rendered":"<div style=\"color: #fff!important; font-size: 16px; height: 24px; line-height: 24px; margin-top: -24px; \" class=\"product_original_name\">VEVOR Portable Folding Bench, 8 Seat Foldable Soccer Bench with Side Pockets and Carrying Bag, Lightweight Sideline Seating with Back Rest for Football, Baseball, Camping, Outdoor Events, Black<\/div>\n<div style=\"color: #fff!important; font-size: 16px; height: 24px; line-height: 24px; margin-top: -24px; \" class=\"product_sku\">M4I4LXK7<\/div>\n<div style=\"color: #fff!important; font-size: 16px; height: 24px; line-height: 24px; margin-top: -24px; \" class=\"product_mpn\">BKZDYDZYDKB84K243V0<\/div><div id=\"js-DM_at-goodDescRich\"><html><head><style>  body {    font-family: Arial;    line-height: 1.5;    color: #1c1c1c;    overflow-x: hidden;    margin: 0;    padding: 0;  }  .MsoNormal b {    font-weight: bolder;  }<\/style><style>  .container.small {    width: 970px;    margin: 0 auto;  }  .logo {    margin: 0 auto 0;  }  .logo img {    display: block;    margin: 0 auto;    max-width: 100%;  }  .logo .pc-banner {    display: block;    width: 1200px;    height: 247.4px;    margin: 0 auto;  }  .logo .pc-banner.small {    width: 970px;  }  .logo .pc-banner.small img {    height: auto!important;  }  .logo .m-banner {    display: none;  }  .ytvideo {    position: relative;    height: 546px;    width: 100%;    margin: 0 auto;  }  .ytvideo img {    width: 100%;    margin: 0 auto;  }  .ytvideo .play-btn {    width: 60px;    height: 42px;    position: absolute;    top: 50%;    left: 50%;    transform: translate(-50%, -50%);    background: url(\"data:image\/png;base64,iVBORw0KGgoAAAANSUhEUgAAAGQAAABGCAMAAAANWMFbAAAC+lBMVEUAAADBGB3kLCfBGB3kLCfcJC7BFx3KKSbiKybkLCbWJCPSIiLSIiLPICHAFx3kLCfgKSXNHiDZJiTIGx\/p4eHcjo7LHSDbJyTkLCbjKyfOHyHPIiL28fHJHB\/GGh7EGR7eKCXDGB3RISHlLSbBGB3AFxzGHB7DGB7BGB3hKybkKybAFx3lLCfAFxzDGR3hKibDGB7cJyTmz8\/elJTlwcHjurrUIyLlLSflLSfAFx3DGR7lLSfCFx3hKibhKibhKybjKybkLCblLSfbJSX49vbx7e3NNzjNMTLMJyjVIyLZf3\/ZQ0LaeHjx0tLgoqLkLCfCGB3HGx\/BGB3BFx3PICHCGB7WJCLOHyC\/Fxy\/Fx3lLCfQISHkLSe\/FxzbJiTBFx3FGx\/AGB7BFx3EGR7AGB3HHSDfKiXAFh3TISHYNzbhKibbJyTTIiL57e325+f039\/v2NjUV1fOHiHiqanfmprch4feKSXVIyPOICHmLibFGh\/mLSe\/Fx7XJCPeKSXXJSPNHyHaJyTGGh7lLCbmLCflLSjSIiLkLCbdKSXLHiC\/GB3KHh++Fh3lKyfoLiXcKCPkx8fYb2\/XaGfVXl3aU1LLHiDksbHgKibPICHbJyTfKSXbJyTCGB3KHSDiKybFGh7TIiL\/\/\/\/VIyPRISHIHB\/GGx\/HHB\/DGR7gKibdKCXLHiDZJiTMHiDNHyHYJSTOICHPICHWJCPcKCXXJSPjLCblLCf+\/f3NGR\/uLijzLynPGR\/IGB7WISHaIyLLGh7UAADxLynNAADRLzDbICLQAADIAAD3MCrUHSHXMTDpKSbLAADp5OTij4\/ejo\/VLy\/1LyngJSTcJCPQHx\/OHB7+\/PzaMS\/OLS\/vLijrLSjSAADaNTPwLyjkKSbNJCbYISHPHB\/KGB7WAAD7+vrn3d3aKynTKCjoLCfsKifRGh\/YAADq5+fhjo7QNDXXKCfmJyXt5+fTLzDLLi\/QKivYHRvMGBrQJCXLISPMExXLDxLaEAvkkI\/bOTfaFQ\/SCgpvLcnHAAAAmnRSTlMA+vv7+gT9Bvf9+8z8\/NSv\/Pr5+P7++vnQIBMP\/v38\/Pn348XDiCYf9OjbzcqxXVcx\/fz8+\/rj1r2poo1+fXFqX0orGP7+\/v7+\/fz8+\/r68uzn4trIxsG\/vri3p6GcmZSNbWVYUUZEPQv+\/f39+\/v7+\/v7+vr64tvV1NTTz87FtbSurqeblJKFg4B3bUY+NjL7+\/v7+\/v67t1cDo8JLQAABkRJREFUWMO0kz9rwkAYh0OIeJkum6YugUAhISCdKoj\/P4C7SMdS+gEKIhSKil10LSg4mzXkILdlEpxCpwTiWOLX6BujvQaEQuGeHLnL+\/64J+SIcKGYTYWnntpdLjrVdqvZmNdn0+EE40GtpuuWVS6Xx6N7YDSGpWXpeq02wHgynM7q80az1a52HpddtVcpsi1zFARBrdaxbhp9iUReTGmwA4KAAr7vx3EYejnCMI6hQYEgy0LQi4jUN0wL19vqFcUC9\/1dAKmEEFkWRYkh5oBejnxQJiSJPJ\/uKBp0Thszx9Mw8hMRIQjKsptCfuES9zr5WJY6vSFCIvE9fCMUmEM1A1kSXcYGxgVYsvI1IPKTZciSTI0us\/SMGG04gDzELDoFBwdcFJrF88dqgYMTiL6DILWYyfOWE8\/kIz38olCNlC03FK95+imxp6y4oUSvAnBjHHhKNtotSDqJzVFiK8c2SBqhZtsrTtgrLXwAyduxZHNE26eHUt5rtuM4WSmds3G+sUdWYo1L+XyxButoh5eKUHk5lByO3G1LqqCWVnfrv\/lyPtf\/4ps1cndNGIri8J1TJ0lx6dR\/oPjq1nbRwdp2dCk4CtIOLW3pVKRL6WZfS5vF2KkIQhpwSsjiYIgNCs1gEMGqiIq24NQX9NwoXFy8Ufrl3twTcg4fv8T9\/JBEySduj6Mjm4bMzYV7EEOxKjjoNDud7yY3Dy71Hq2oLmqfbNR723edH9PgMrNL2utoQ3VmaIDkiw\/4w51P06hlZsTZvkRrbVuSIs\/zwSOsycgzStQouoAkWQqioRT5XI7n2Z1wfVhoZmcAJLsoqjqpjbWCgpOAJXBwHK8PzWbNvoUZJND5wCnSkLAkZ1legx6vqQzjoiTahKlGUGLAiIIoABOHaNVw4sexZBym6\/HWlH5h3IC7yRbxtipcWxdTOkORKiNQAEkFf66x5S2oeRbroOlLgg0sSYkR0hRGEqJZ0jTPiQKatESdBckpWigxaapEH0lImHdWu9pUFF2XqMNM2Z4kped7IwEJw2qabwtrQqnpw6HyKkgcadKWsmpywwesDyIhYRpdzXddqegtGIJlXbAIUMOLkGxJUjRIkokwjUaX9d\/kK62ps\/tYUqZLIMkLTyBhsMZ3C5Z\/kDxOSCb\/DOs\/\/J0qcWSX\/2ipe56EgTCA4\/cB7NAYOsni4mZM1MUPAISoEwkDi4lhVBQ1cWQyIcwalw4EpqZN68JUSK7XC0kTlkLYii5uXSC8jT5ncCAS7mjCv0uHp\/3lueHEEAeQ\/\/VgmdN71\/2uCSA1Xr6DO6uI6sW56zqT2tp2PhgiRUAajV8CY2fkcz6WGNKMgLAt7tJAhD4YHMTeRxlALE6+43WqjSWi8ITxyJl8WrwWSNESQZZOqhDDntO3hJLsd5RtSpbJqdv3YrDJH3F7jL1R2O2aQkn2MyCyKYz0GPGIvSAMgBCrCEiJyKbBaYGwLW4uPRr0A0M4Ux5kUI7IBh+hMdiCEWNqhMZGyYMsOgNE58UQuEQeUnSWCMYwL54hkxK6IoqucQZbQ3pc3XtL0lky1dL0zZJJDpWJovFqpWj6JEHnyam2eQp5QRVAVHjWparTOaVwUOx99YS2MvgxIGV0bb+qIg2HX2qkFFJB+XZcbLiuRkuxD9GRroKyveLxdh4d7Orx+hb7qc3uVRuEogCOnyIxm4ubUoPgF4jianDrC+SDQDKEfJb0GUKmjCGPYHGJvVC6X4hw1\/sAfQAdfYyephIaspXe36RwOP+Ljvfx9B6B3i+Nk0DGq+oCbLn6JpBa9nWAveAIHwFAwtVcIJXPMPL8kRu5OAYPMaL1WScTxjiZDqB9LTJSWphow\/pTYKRTLjCBhvi9iBidvKcDasGSm0QQkycYuLBqj6QCELPctqChDWpTRMWkngNNpQ1Pfp1KkiT\/Y0DGffXAweUNfLAfaJFKDwhb6I+bkYRbkERoEeu3Fyjg2opMz2daZCS9jt6Q7txNfB+OZEVF6Zl5web2xunnLQrtrjXseXKaFYziYINeMFZVxS9VxRhOoesYwxPKXm+gWLG9cuFeq93UNNeJNsf1KlwuDok9n02n3TgIJpOxNfL9naIoQwXtfH9kjceTIIi709ncTg6LZbg+biLH1V6u\/7rxBem06VXKn9raAAAAAElFTkSuQmCC\")      no-repeat center center \/ contain;  }  @media screen and (max-width: 960px) and (orientation: portrait) {    .logo {      width: 100%;    }    .logo .pc-banner {      display: none;    }    .logo .m-banner {      display: block;      width: 100%;    }    .logo .m-banner img {      height: auto!important;    }    .ytvideo {      height: 200px;      width: 100%;    }  }<\/style><style>  .video-section {    width: 100%;    margin: 0 auto;  }  .video-section > img {    width: 100%;  }  .video-section iframe,  .video-section video {    width: 100%;    height: 100%;      }  .video-section-img-m,  .video-section-img-pc > img {    width: 100%;    height: auto;  }  .video-section-img-pc.small > img {    width: 970px;  }  .video-desc {    line-height: 1.5;    font-size: 20px;    font-weight: 400;    margin: 20px 0;    text-align: center;    color: #0f1111;    word-break: break-word;  }  @media screen and (max-width: 960px) and (orientation: portrait) {    .video-section {      width: 100%;    }    .video-section-pc,    .video-section-img-pc {      display: none;    }    .video-section-m,    .video-section-img-m {      display: block;    }    .video-desc {      font-size: 15px;    }  }  @media screen and (min-width: 960px) {    .video-section {      width: 100%;      margin: 0 auto;    }    .video-section-pc,    .video-section-img-pc {      display: block;    }    .video-section-m,    .video-section-img-m {      display: none;    }    .video-desc {      font-size: 20px;    }  }<\/style><style>  .section + .section {    margin-top: 35px;  }  .section-title {    text-align: center;    font-weight: bold;    color: #0d1111;    font-family: \"Arial\";    font-size: 32px;    margin: 15px 0;  }  .section-title:empty {    display: none;  }  .section-desc {    text-align: center;    font-weight: normal;    color: #0d1111;    margin-top: 20px;  }  .section-desc:empty {    display: none;  }  .section-img {    width: 1200px;    height: 492px;    margin: 0 auto;    display: block;  }  .section-img.small {    width: 970px;    height: auto;  }  .section-img.small > img {    height: auto;  }  .section-img > img {    width: 100%;    height: 100%;  }  .section-mobile-img {    display: none;    max-width: 100vw;    max-height: 75vw;    height: 450px;    margin: 0 auto;  }  .section-mobile-img > img {    width: 100%;    height: 100%;  }  @media screen and (max-width: 960px) and (orientation: portrait) {    .container {      width: 100%;    }    .container.small {      width: 100%;    }    .section-mobile-img {      display: block;    }    .section-img {      display: none;    }    .section-title {      font-size: 22px;      margin: 10px 0;    }    .section-desc {      margin-top: 10px;    }    .section + .section {      margin-top: 20px;    }  }<\/style><\/head><body><div class=\"container small\"><div class=\"logo\"><div class=\"pc-banner small\"><div><img decoding=\"async\" src=\"\/vevor\/vevor\/boutique-banner\/pc\/en-pc@1x.jpg\" style=\"width: 100%;\" \/><\/div><\/div><div class=\"m-banner\"><div><img decoding=\"async\" src=\"\/vevor\/vevor\/boutique-banner\/mobile\/en-m@1x.jpg\" style=\"width: 100%;\" \/><\/div><\/div><\/div><div class=\"section-title\">Kokkupandav Kangas Jalgpall Team Pink<\/div><div class=\"video-section\"><div class=\"video-section-img-pc small\"><img decoding=\"async\" src=\"\/vevor\/product\/BKZDYDZYDKB84K243\/playing-field-bleachers-a100-1.4-pt.jpg\" alt=\"VEVOR kokkuklapitavad sport pink, 8 istekohti, ehitatud v\u00e4ljas tegevust, roheline v\u00e4li.\" \/><\/div><div class=\"video-section-img-m\"><img decoding=\"async\" src=\"\/vevor\/product\/BKZDYDZYDKB84K243\/playing-field-bleachers-a100-1.4-pt.jpg\" alt=\"VEVOR kokkuklapitavad sport pink, 8 istekohti, ehitatud v\u00e4ljas tegevust, roheline v\u00e4li.\" \/><\/div><div class=\"section-desc\">See toode on valmistatud vastupidavast 600D oxfordi kangast, millel on paksendatud, tugevdatud tugipostid, mis tagavad suurema tugevuse ja stabiilsuse. Kokkupandava disainiga sobib see ideaalselt spordi\u00fcritusteks, pidudeks, v\u00e4litelkimiseks v\u00f5i mis tahes juhuks, kui vajate k\u00fclgjoone istekohti.<\/div><\/div><div class=\"section\"><div class=\"section-title\"><\/div><div class=\"section-img small\"><img decoding=\"async\" src=\"\/vevor\/product\/BKZDYDZYDKB84K243\/playing-field-bleachers-a100-2.2-pt.jpg\" alt=\"VEVOR kokkuklapitavad sport stendil a jalgpalliv\u00e4ljaku vastupidav kangas, rauast raam, ja k\u00fcljel taskud ladustamiseks.\" \/><\/div><div class=\"section-mobile-img\"><img decoding=\"async\" src=\"\/vevor\/product\/BKZDYDZYDKB84K243\/playing-field-bleachers-a100-2.2-pt.jpg\" alt=\"VEVOR kokkuklapitavad sport stendil a jalgpalliv\u00e4ljaku vastupidav kangas, rauast raam, ja k\u00fcljel taskud ladustamiseks.\" \/><\/div><div class=\"section-desc\">Meie kokkupandav pink on valmistatud kvaliteetsest 600D oxford kangast, pakkudes tugevust, t\u00f6\u00f6kindlust ja mugavust. Kokkupandaval istmel on vastupidav metallraam, mis tagab pikaajalise kasutamise ja stabiilse konstruktsiooni.<\/div><\/div><div class=\"section\"><div class=\"section-title\"><\/div><div class=\"section-img small\"><img decoding=\"async\" src=\"\/vevor\/product\/BKZDYDZYDKB84K243\/playing-field-bleachers-a100-2.3-pt.jpg\" alt=\"VEVOR kokkuklapitavad sport pink valikud: 6-iste seljatoega, 8-istme ja seljatoe, 6-iste, ilma seljatugi.\" \/><\/div><div class=\"section-mobile-img\"><img decoding=\"async\" src=\"\/vevor\/product\/BKZDYDZYDKB84K243\/playing-field-bleachers-a100-2.3-pt.jpg\" alt=\"VEVOR kokkuklapitavad sport pink valikud: 6-iste seljatoega, 8-istme ja seljatoe, 6-iste, ilma seljatugi.\" \/><\/div><div class=\"section-desc\">Sellel kokkupandaval pingiistmel on funktsionaalsuse parandamiseks l\u00e4bim\u00f5eldud hoiutaskud, mille m\u00f5lemas otsas on k\u00fcljetaskud, mis on m\u00f5eldud bussilaua, esmaabikomplekti, telefoni, v\u00f5tmete ja muu hoidmiseks.<\/div><\/div><div class=\"section\"><div class=\"section-title\"><\/div><div class=\"section-img small\"><img decoding=\"async\" src=\"\/vevor\/product\/BKZDYDZYDKB84K243\/playing-field-bleachers-a100-2.4-pt.jpg\" alt=\"VEVOR kokkuklapitavad sport pink koos v\u00e4simatu kokkuklapitavad ja ladustamine, esile lihtsaid samme kompaktne kasutada.\" \/><\/div><div class=\"section-mobile-img\"><img decoding=\"async\" src=\"\/vevor\/product\/BKZDYDZYDKB84K243\/playing-field-bleachers-a100-2.4-pt.jpg\" alt=\"VEVOR kokkuklapitavad sport pink koos v\u00e4simatu kokkuklapitavad ja ladustamine, esile lihtsaid samme kompaktne kasutada.\" \/><\/div><div class=\"section-desc\">Sobib kasutamiseks v\u00e4li- ja siseruumides, spordiv\u00e4ljakutel, pidudel, koosviibimistel v\u00f5i kaubanduslikel kohtadel - seda kokkupandavat jalgpallipinki on lihtne transportida ja see sobib kenasti kandekotti. See seadistab hetkega istumiseks vaid sekunditega<\/div><\/div><div class=\"section\"><div class=\"section-title\"><\/div><div class=\"section-img small\"><img decoding=\"async\" src=\"\/vevor\/product\/BKZDYDZYDKB84K243\/playing-field-bleachers-a100-2.5-pt.jpg\" alt=\"VEVOR kokkuklapitavad sport pink kuvatakse erinevaid stsenaariume: isiku -, spordi -, matka -, ja kohtumine. sobib igas vanuses.\" \/><\/div><div class=\"section-mobile-img\"><img decoding=\"async\" src=\"\/vevor\/product\/BKZDYDZYDKB84K243\/playing-field-bleachers-a100-2.5-pt.jpg\" alt=\"VEVOR kokkuklapitavad sport pink kuvatakse erinevaid stsenaariume: isiku -, spordi -, matka -, ja kohtumine. sobib igas vanuses.\" \/><\/div><div class=\"section-desc\">See kaasaskantav spordipink on mitmek\u00fclgne ja sobib igas vanuses. Spordi\u00fcritustel, nagu jalgpall v\u00f5i korvpall, pakub see sportlastele ja m\u00e4ngijatele puhkekohta ning sobib suurep\u00e4raselt ka v\u00e4litegevusteks, reisimiseks ja telkimiseks.<\/div><\/div><div class=\"section\"><div class=\"section-img small\"><img decoding=\"async\" src=\"\/vevor\/product\/BKZDYDZYDKB84K243\/playing-field-bleachers-a100-1.11-pt.jpg\" alt=\"VEVOR kokkuklapitavad sport pink, must, 8-kohaline, 600d oxford kangast, 124x33x17 tolli, 24 lbs kaal.\" \/><\/div><div class=\"section-mobile-img\"><img decoding=\"async\" src=\"\/vevor\/product\/BKZDYDZYDKB84K243\/playing-field-bleachers-a100-1.11-pt.jpg\" alt=\"VEVOR kokkuklapitavad sport pink, must, 8-kohaline, 600d oxford kangast, 124x33x17 tolli, 24 lbs kaal.\" \/><\/div><\/div><\/div><\/body><\/html><\/div>\n<div class=\"DM_at-title\" id=\"js-DM_at-title\"> <div>Toote spetsifikatsioon<\/div> <i class=\"icon-arrowup_line\"><\/i> <\/div><div class=\"DM_at-goodsDescAttr\" id=\"js-DM_at-goodsDescAttr\"> <div class=\"DM_at-goodsDescAttrInner\"> <dl class=\"goodsDesc_item goodsDesc_item_even\"> <dt>Punkt Mudeli Number<\/dt> <dd> GV-DR8B<\/dd> <\/dl> <dl class=\"goodsDesc_item\"> <dt>V\u00e4rv<\/dt> <dd> Must<\/dd> <\/dl> <dl class=\"goodsDesc_item goodsDesc_item_even\"> <dt>Materjal<\/dt> <dd> 600D Oxford Kangast<\/dd> <\/dl> <dl class=\"goodsDesc_item\"> <dt>Neto Kaal<\/dt> <dd> 24.6 lbs \/ 10.95 kg<\/dd> <\/dl> <dl class=\"goodsDesc_item goodsDesc_item_even\"> <dt>Toote M\u00f5\u00f5tmed<\/dt> <dd> 124.6 x 32.8 x 17.0 inch \/ 3150 x 836 x 442 mm<\/dd> <\/dl> <\/div> <\/div>","protected":false},"excerpt":{"rendered":"<ul>\n<li> Comfortable Seating: This 124.6&#215;32.8&#215;17.0 inch \/ 3150x836x442 mm portable 8-person folding bench is highly portable and lightweight, featuring a backrest and an oversized seat for comfortable use. No assembly is required\u2014simply open the package and it\u2019s ready to use <\/li>\n<li> Kasutajas\u00f5bralik disain: jalgpallipingi m\u00f5lemal k\u00fcljel on k\u00fcljetaskud, mis sobivad ideaalselt selliste esemete hoidmiseks nagu bussilaud, esmaabikomplekt, telefon ja v\u00f5tmed, pakkudes l\u00e4bim\u00f5eldud panipaika <\/li>\n<li> Turvaline ja stabiilne: See meeskonna pink on valmistatud esmaklassilisest 600D oxfordi kangast, pakkudes nii tugevust kui ka mugavust. Kokkupandaval istmel on \u00d816 mm raudtorud, mille seinapaksus on 1 mm, tagades vastupidavuse ja stabiilse metallraami konstruktsiooni <\/li>\n<li> Lihtne kokku panna ja liigutada: meie jalgpallipingi istekohti on lihtne transportida ja selle t\u00f5hus hoiukujundus maksimeerib ruumikasutust. Ideaalne v\u00e4li- ja siseruumides, spordiv\u00e4ljakutel, pidudel, koosviibimistel v\u00f5i kaubanduslikel kohtadel - selle saab koheseks istumiseks seadistada vaid sekunditega  <\/li>\n<li> Lai rakendus: see kaasaskantav kokkupandav spordipink sobib igas vanuses. Spordi\u00fcritustel, nagu jalgpall v\u00f5i korvpall, pakub see sportlastele ja m\u00e4ngijatele puhkepaika ning sobib ideaalselt ka v\u00e4litegevusteks, reisimiseks ja telkimiseks <\/li>\n<\/ul>","protected":false},"featured_media":325429,"comment_status":"closed","ping_status":"open","template":"","meta":{"om_disable_all_campaigns":false,"_uf_show_specific_survey":0,"_uf_disable_surveys":false},"location":[1935,1934],"product_brand":[21],"product_cat":[3959,4318,2378],"product_tag":[],"class_list":{"0":"post-51916","1":"product","2":"type-product","3":"status-publish","4":"has-post-thumbnail","6":"location-supplier_stock_location","7":"location-local_stock_location","8":"product_brand-vevor","9":"product_cat-field-equipment-sports-outdoors","10":"product_cat-playing-field-bench-field-equipment-sports-outdoors","11":"product_cat-sports-outdoors","13":"first","14":"instock","15":"taxable","16":"shipping-taxable","17":"purchasable","18":"product-type-simple"},"aioseo_notices":[],"locations":[{"id":1935,"name":"Pieg\u0101d\u0101t\u0101ja noliktav\u0101 (5-7dd)","slug":"supplier_stock_location","quantity":"308"},{"id":1934,"name":"R\u012bgas veikal\u0101 (0-2d.d.)","slug":"local_stock_location","quantity":"0"}],"_links":{"self":[{"href":"https:\/\/vevorshop.lv\/et\/wp-json\/wp\/v2\/product\/51916","targetHints":{"allow":["GET"]}}],"collection":[{"href":"https:\/\/vevorshop.lv\/et\/wp-json\/wp\/v2\/product"}],"about":[{"href":"https:\/\/vevorshop.lv\/et\/wp-json\/wp\/v2\/types\/product"}],"replies":[{"embeddable":true,"href":"https:\/\/vevorshop.lv\/et\/wp-json\/wp\/v2\/comments?post=51916"}],"wp:featuredmedia":[{"embeddable":true,"href":"https:\/\/vevorshop.lv\/et\/wp-json\/wp\/v2\/media\/325429"}],"wp:attachment":[{"href":"https:\/\/vevorshop.lv\/et\/wp-json\/wp\/v2\/media?parent=51916"}],"wp:term":[{"taxonomy":"location","embeddable":true,"href":"https:\/\/vevorshop.lv\/et\/wp-json\/wp\/v2\/location?post=51916"},{"taxonomy":"product_brand","embeddable":true,"href":"https:\/\/vevorshop.lv\/et\/wp-json\/wp\/v2\/product_brand?post=51916"},{"taxonomy":"product_cat","embeddable":true,"href":"https:\/\/vevorshop.lv\/et\/wp-json\/wp\/v2\/product_cat?post=51916"},{"taxonomy":"product_tag","embeddable":true,"href":"https:\/\/vevorshop.lv\/et\/wp-json\/wp\/v2\/product_tag?post=51916"}],"curies":[{"name":"wp","href":"https:\/\/api.w.org\/{rel}","templated":true}]}}