{"id":52014,"date":"2024-11-19T20:44:51","date_gmt":"2024-11-19T20:44:51","guid":{"rendered":"http:\/\/vevorshop.edigo.lv\/Prece\/vevor-manual-sausage-stuffer-7-l-vertical-sausage-machine-304-stainless-steel\/"},"modified":"2026-04-06T12:03:50","modified_gmt":"2026-04-06T09:03:50","slug":"vevor-manual-sausage-stuffer-7-l-vertical-sausage-machine-304-stainless-steel","status":"publish","type":"product","link":"https:\/\/vevorshop.lv\/et\/Prece\/vevor-manual-sausage-stuffer-7-l-vertical-sausage-machine-304-stainless-steel\/","title":{"rendered":"VEVOR 7L Vertikaalne K\u00e4sitsi Vorstit\u00e4idis, Kahe Kiirusega, 304 Roostevaba Teras, 5 Toru, Koduseks ja \u00c4rikasutuseks"},"content":{"rendered":"<div style=\"color: #fff!important; font-size: 16px; height: 24px; line-height: 24px; margin-top: -24px; \" class=\"product_original_name\">VEVOR Manual Sausage Stuffer, 7 L \/ 15 LBS Vertical Sausage Machine, Dual-Speed Meat Stuffer, Made of Food-Grade 304 Stainless Steel, Includes 5 Stuffing Tubes, for Home Kitchen Restaurant Commercial<\/div>\n<div style=\"color: #fff!important; font-size: 16px; height: 24px; line-height: 24px; margin-top: -24px; \" class=\"product_sku\">M4I4LXVD<\/div>\n<div style=\"color: #fff!important; font-size: 16px; height: 24px; line-height: 24px; margin-top: -24px; \" class=\"product_mpn\">SDLSBXGGCJ7L5STTEV0<\/div><div id=\"js-DM_at-goodDescRich\"><html><head><style>  body {    font-family: Arial;    line-height: 1.5;    color: #1c1c1c;    overflow-x: hidden;    margin: 0;    padding: 0;  }  .MsoNormal b {    font-weight: bolder;  }<\/style><style>  .container.small {    width: 970px;    margin: 0 auto;  }  .logo {    margin: 0 auto 0;  }  .logo img {    display: block;    margin: 0 auto;    max-width: 100%;  }  .logo .pc-banner {    display: block;    width: 1200px;    height: 247.4px;    margin: 0 auto;  }  .logo .pc-banner.small {    width: 970px;  }  .logo .pc-banner.small img {    height: auto!important;  }  .logo .m-banner {    display: none;  }  .ytvideo {    position: relative;    height: 546px;    width: 100%;    margin: 0 auto;  }  .ytvideo img {    width: 100%;    margin: 0 auto;  }  .ytvideo .play-btn {    width: 60px;    height: 42px;    position: absolute;    top: 50%;    left: 50%;    transform: translate(-50%, -50%);    background: url(\"data:image\/png;base64,iVBORw0KGgoAAAANSUhEUgAAAGQAAABGCAMAAAANWMFbAAAC+lBMVEUAAADBGB3kLCfBGB3kLCfcJC7BFx3KKSbiKybkLCbWJCPSIiLSIiLPICHAFx3kLCfgKSXNHiDZJiTIGx\/p4eHcjo7LHSDbJyTkLCbjKyfOHyHPIiL28fHJHB\/GGh7EGR7eKCXDGB3RISHlLSbBGB3AFxzGHB7DGB7BGB3hKybkKybAFx3lLCfAFxzDGR3hKibDGB7cJyTmz8\/elJTlwcHjurrUIyLlLSflLSfAFx3DGR7lLSfCFx3hKibhKibhKybjKybkLCblLSfbJSX49vbx7e3NNzjNMTLMJyjVIyLZf3\/ZQ0LaeHjx0tLgoqLkLCfCGB3HGx\/BGB3BFx3PICHCGB7WJCLOHyC\/Fxy\/Fx3lLCfQISHkLSe\/FxzbJiTBFx3FGx\/AGB7BFx3EGR7AGB3HHSDfKiXAFh3TISHYNzbhKibbJyTTIiL57e325+f039\/v2NjUV1fOHiHiqanfmprch4feKSXVIyPOICHmLibFGh\/mLSe\/Fx7XJCPeKSXXJSPNHyHaJyTGGh7lLCbmLCflLSjSIiLkLCbdKSXLHiC\/GB3KHh++Fh3lKyfoLiXcKCPkx8fYb2\/XaGfVXl3aU1LLHiDksbHgKibPICHbJyTfKSXbJyTCGB3KHSDiKybFGh7TIiL\/\/\/\/VIyPRISHIHB\/GGx\/HHB\/DGR7gKibdKCXLHiDZJiTMHiDNHyHYJSTOICHPICHWJCPcKCXXJSPjLCblLCf+\/f3NGR\/uLijzLynPGR\/IGB7WISHaIyLLGh7UAADxLynNAADRLzDbICLQAADIAAD3MCrUHSHXMTDpKSbLAADp5OTij4\/ejo\/VLy\/1LyngJSTcJCPQHx\/OHB7+\/PzaMS\/OLS\/vLijrLSjSAADaNTPwLyjkKSbNJCbYISHPHB\/KGB7WAAD7+vrn3d3aKynTKCjoLCfsKifRGh\/YAADq5+fhjo7QNDXXKCfmJyXt5+fTLzDLLi\/QKivYHRvMGBrQJCXLISPMExXLDxLaEAvkkI\/bOTfaFQ\/SCgpvLcnHAAAAmnRSTlMA+vv7+gT9Bvf9+8z8\/NSv\/Pr5+P7++vnQIBMP\/v38\/Pn348XDiCYf9OjbzcqxXVcx\/fz8+\/rj1r2poo1+fXFqX0orGP7+\/v7+\/fz8+\/r68uzn4trIxsG\/vri3p6GcmZSNbWVYUUZEPQv+\/f39+\/v7+\/v7+vr64tvV1NTTz87FtbSurqeblJKFg4B3bUY+NjL7+\/v7+\/v67t1cDo8JLQAABkRJREFUWMO0kz9rwkAYh0OIeJkum6YugUAhISCdKoj\/P4C7SMdS+gEKIhSKil10LSg4mzXkILdlEpxCpwTiWOLX6BujvQaEQuGeHLnL+\/64J+SIcKGYTYWnntpdLjrVdqvZmNdn0+EE40GtpuuWVS6Xx6N7YDSGpWXpeq02wHgynM7q80az1a52HpddtVcpsi1zFARBrdaxbhp9iUReTGmwA4KAAr7vx3EYejnCMI6hQYEgy0LQi4jUN0wL19vqFcUC9\/1dAKmEEFkWRYkh5oBejnxQJiSJPJ\/uKBp0Thszx9Mw8hMRIQjKsptCfuES9zr5WJY6vSFCIvE9fCMUmEM1A1kSXcYGxgVYsvI1IPKTZciSTI0us\/SMGG04gDzELDoFBwdcFJrF88dqgYMTiL6DILWYyfOWE8\/kIz38olCNlC03FK95+imxp6y4oUSvAnBjHHhKNtotSDqJzVFiK8c2SBqhZtsrTtgrLXwAyduxZHNE26eHUt5rtuM4WSmds3G+sUdWYo1L+XyxButoh5eKUHk5lByO3G1LqqCWVnfrv\/lyPtf\/4ps1cndNGIri8J1TJ0lx6dR\/oPjq1nbRwdp2dCk4CtIOLW3pVKRL6WZfS5vF2KkIQhpwSsjiYIgNCs1gEMGqiIq24NQX9NwoXFy8Ufrl3twTcg4fv8T9\/JBEySduj6Mjm4bMzYV7EEOxKjjoNDud7yY3Dy71Hq2oLmqfbNR723edH9PgMrNL2utoQ3VmaIDkiw\/4w51P06hlZsTZvkRrbVuSIs\/zwSOsycgzStQouoAkWQqioRT5XI7n2Z1wfVhoZmcAJLsoqjqpjbWCgpOAJXBwHK8PzWbNvoUZJND5wCnSkLAkZ1legx6vqQzjoiTahKlGUGLAiIIoABOHaNVw4sexZBym6\/HWlH5h3IC7yRbxtipcWxdTOkORKiNQAEkFf66x5S2oeRbroOlLgg0sSYkR0hRGEqJZ0jTPiQKatESdBckpWigxaapEH0lImHdWu9pUFF2XqMNM2Z4kped7IwEJw2qabwtrQqnpw6HyKkgcadKWsmpywwesDyIhYRpdzXddqegtGIJlXbAIUMOLkGxJUjRIkokwjUaX9d\/kK62ps\/tYUqZLIMkLTyBhsMZ3C5Z\/kDxOSCb\/DOs\/\/J0qcWSX\/2ipe56EgTCA4\/cB7NAYOsni4mZM1MUPAISoEwkDi4lhVBQ1cWQyIcwalw4EpqZN68JUSK7XC0kTlkLYii5uXSC8jT5ncCAS7mjCv0uHp\/3lueHEEAeQ\/\/VgmdN71\/2uCSA1Xr6DO6uI6sW56zqT2tp2PhgiRUAajV8CY2fkcz6WGNKMgLAt7tJAhD4YHMTeRxlALE6+43WqjSWi8ITxyJl8WrwWSNESQZZOqhDDntO3hJLsd5RtSpbJqdv3YrDJH3F7jL1R2O2aQkn2MyCyKYz0GPGIvSAMgBCrCEiJyKbBaYGwLW4uPRr0A0M4Ux5kUI7IBh+hMdiCEWNqhMZGyYMsOgNE58UQuEQeUnSWCMYwL54hkxK6IoqucQZbQ3pc3XtL0lky1dL0zZJJDpWJovFqpWj6JEHnyam2eQp5QRVAVHjWparTOaVwUOx99YS2MvgxIGV0bb+qIg2HX2qkFFJB+XZcbLiuRkuxD9GRroKyveLxdh4d7Orx+hb7qc3uVRuEogCOnyIxm4ubUoPgF4jianDrC+SDQDKEfJb0GUKmjCGPYHGJvVC6X4hw1\/sAfQAdfYyephIaspXe36RwOP+Ljvfx9B6B3i+Nk0DGq+oCbLn6JpBa9nWAveAIHwFAwtVcIJXPMPL8kRu5OAYPMaL1WScTxjiZDqB9LTJSWphow\/pTYKRTLjCBhvi9iBidvKcDasGSm0QQkycYuLBqj6QCELPctqChDWpTRMWkngNNpQ1Pfp1KkiT\/Y0DGffXAweUNfLAfaJFKDwhb6I+bkYRbkERoEeu3Fyjg2opMz2daZCS9jt6Q7txNfB+OZEVF6Zl5web2xunnLQrtrjXseXKaFYziYINeMFZVxS9VxRhOoesYwxPKXm+gWLG9cuFeq93UNNeJNsf1KlwuDok9n02n3TgIJpOxNfL9naIoQwXtfH9kjceTIIi709ncTg6LZbg+biLH1V6u\/7rxBem06VXKn9raAAAAAElFTkSuQmCC\")      no-repeat center center \/ contain;  }  @media screen and (max-width: 960px) and (orientation: portrait) {    .logo {      width: 100%;    }    .logo .pc-banner {      display: none;    }    .logo .m-banner {      display: block;      width: 100%;    }    .logo .m-banner img {      height: auto!important;    }    .ytvideo {      height: 200px;      width: 100%;    }  }<\/style><style>  .video-section {    width: 100%;    margin: 0 auto;  }  .video-section > img {    width: 100%;  }  .video-section iframe,  .video-section video {    width: 100%;    height: 100%;      }  .video-section-img-m,  .video-section-img-pc > img {    width: 100%;    height: auto;  }  .video-section-img-pc.small > img {    width: 970px;  }  .video-desc {    line-height: 1.5;    font-size: 20px;    font-weight: 400;    margin: 20px 0;    text-align: center;    color: #0f1111;    word-break: break-word;  }  @media screen and (max-width: 960px) and (orientation: portrait) {    .video-section {      width: 100%;    }    .video-section-pc,    .video-section-img-pc {      display: none;    }    .video-section-m,    .video-section-img-m {      display: block;    }    .video-desc {      font-size: 15px;    }  }  @media screen and (min-width: 960px) {    .video-section {      width: 100%;      margin: 0 auto;    }    .video-section-pc,    .video-section-img-pc {      display: block;    }    .video-section-m,    .video-section-img-m {      display: none;    }    .video-desc {      font-size: 20px;    }  }<\/style><style>  .section + .section {    margin-top: 35px;  }  .section-title {    text-align: center;    font-weight: bold;    color: #0d1111;    font-family: \"Arial\";    font-size: 32px;    margin: 15px 0;  }  .section-title:empty {    display: none;  }  .section-desc {    text-align: center;    font-weight: normal;    color: #0d1111;    margin-top: 20px;  }  .section-desc:empty {    display: none;  }  .section-img {    width: 1200px;    height: 492px;    margin: 0 auto;    display: block;  }  .section-img.small {    width: 970px;    height: auto;  }  .section-img.small > img {    height: auto;  }  .section-img > img {    width: 100%;    height: 100%;  }  .section-mobile-img {    display: none;    max-width: 100vw;    max-height: 75vw;    height: 450px;    margin: 0 auto;  }  .section-mobile-img > img {    width: 100%;    height: 100%;  }  @media screen and (max-width: 960px) and (orientation: portrait) {    .container {      width: 100%;    }    .container.small {      width: 100%;    }    .section-mobile-img {      display: block;    }    .section-img {      display: none;    }    .section-title {      font-size: 22px;      margin: 10px 0;    }    .section-desc {      margin-top: 10px;    }    .section + .section {      margin-top: 20px;    }  }<\/style><\/head><body><div class=\"container small\"><div class=\"logo\"><div class=\"pc-banner small\"><div><img decoding=\"async\" src=\"\/vevor\/vevor\/boutique-banner\/pc\/en-pc@1x.jpg\" style=\"width: 100%;\" \/><\/div><\/div><div class=\"m-banner\"><div><img decoding=\"async\" src=\"\/vevor\/vevor\/boutique-banner\/mobile\/en-m@1x.jpg\" style=\"width: 100%;\" \/><\/div><\/div><\/div><div class=\"section-title\">Kaubandus Vorst Reklaamiklipp Masin<\/div><div class=\"video-section\"><div class=\"video-section-img-pc small\"><img decoding=\"async\" src=\"\/vevor\/product\/SDLSBXGGCJ7L5STTE\/sausage-stuffer-a100-1.4-pt.jpg\" alt=\"VEVOR vorst reklaamiklipp on kasutada toore liha kohta plaadid, munad ja maitseained k\u00f6\u00f6k counter.\" \/><\/div><div class=\"video-section-img-m\"><img decoding=\"async\" src=\"\/vevor\/product\/SDLSBXGGCJ7L5STTE\/sausage-stuffer-a100-1.4-pt.jpg\" alt=\"VEVOR vorst reklaamiklipp on kasutada toore liha kohta plaadid, munad ja maitseained k\u00f6\u00f6k counter.\" \/><\/div><div class=\"section-desc\">See 7 L \/ 15 lbs vorst reklaamiklipp omadused \u00f5hu v\u00e4ljalaske klapp, mis toodavad vorstid, mis on tihedalt pakitud minimaalse \u00f5hu mullid. Ajal vorst t\u00e4idis, saate reguleerida kiirust, kiire v\u00f5i aeglane t\u00f5husaks toimimiseks. See on ideaalne t\u00f6\u00f6stuslikuks kasutamiseks supermarketites, restoranid ja palju muud.<\/div><\/div><div class=\"section\"><div class=\"section-title\"><\/div><div class=\"section-img small\"><img decoding=\"async\" src=\"\/vevor\/product\/SDLSBXGGCJ7L5STTE\/sausage-stuffer-a100-2.2-pt.jpg\" alt=\"VEVOR vorst reklaamiklipp k\u00f6\u00f6k; 7l\/15lbs v\u00f5imsus koos 2-k\u00e4igulise k\u00e4igukasti t\u00f5husa vorsti tegemise.\" \/><\/div><div class=\"section-mobile-img\"><img decoding=\"async\" src=\"\/vevor\/product\/SDLSBXGGCJ7L5STTE\/sausage-stuffer-a100-2.2-pt.jpg\" alt=\"VEVOR vorst reklaamiklipp k\u00f6\u00f6k; 7l\/15lbs v\u00f5imsus koos 2-k\u00e4igulise k\u00e4igukasti t\u00f5husa vorsti tegemise.\" \/><\/div><div class=\"section-desc\">7 L \/ 15 lbs v\u00f5imsus v\u00f5imaldab teha rohkem vorstid korraga. Euroopa ulatuses kallutatav barrel disain v\u00f5imaldab valada materjalid otse ja kiiresti teha vorstid.<\/div><\/div><div class=\"section\"><div class=\"section-title\"><\/div><div class=\"section-img small\"><img decoding=\"async\" src=\"\/vevor\/product\/SDLSBXGGCJ7L5STTE\/sausage-stuffer-a100-2.3-pt.jpg\" alt=\"VEVOR vorst reklaamiklipp \u00fche augu heitgaasi armatuuri kiire vorsti teha, on v\u00e4hendada \u00f5hu mullid.\" \/><\/div><div class=\"section-mobile-img\"><img decoding=\"async\" src=\"\/vevor\/product\/SDLSBXGGCJ7L5STTE\/sausage-stuffer-a100-2.3-pt.jpg\" alt=\"VEVOR vorst reklaamiklipp \u00fche augu heitgaasi armatuuri kiire vorsti teha, on v\u00e4hendada \u00f5hu mullid.\" \/><\/div><div class=\"section-desc\">2-kiiruse reguleerimine v\u00f5imaldab vabalt reguleerimine speed p\u00f5hjal vorst tingimused, tagades optimaalse vorst tekstuuri. \u00dche augu heitgaasi armatuuri disain kaob \u00fcleliigne \u00f5hk, v\u00e4hendades vorst mullid.<\/div><\/div><div class=\"section\"><div class=\"section-title\"><\/div><div class=\"section-img small\"><img decoding=\"async\" src=\"\/vevor\/product\/SDLSBXGGCJ7L5STTE\/sausage-stuffer-a100-2.4-pt.jpg\" alt=\"VEVOR vorst reklaamiklipp tehtud toidu-grade roostevabast terasest, rooste-vastupidavad, vastupidav, lihtne puhastada.\" \/><\/div><div class=\"section-mobile-img\"><img decoding=\"async\" src=\"\/vevor\/product\/SDLSBXGGCJ7L5STTE\/sausage-stuffer-a100-2.4-pt.jpg\" alt=\"VEVOR vorst reklaamiklipp tehtud toidu-grade roostevabast terasest, rooste-vastupidavad, vastupidav, lihtne puhastada.\" \/><\/div><div class=\"section-desc\">Valmistatud tugevast roostevabast terasest, see on korrosioonikindel ja vastupidav. K\u00f5ik osad, mis puutuvad kokku toiduainetega on tehtud toidu-grade roostevabast terasest SUS304, tagades ohutuse ja vastupidavuse.<\/div><\/div><div class=\"section\"><div class=\"section-title\"><\/div><div class=\"section-img small\"><img decoding=\"async\" src=\"\/vevor\/product\/SDLSBXGGCJ7L5STTE\/sausage-stuffer-a100-2.5-pt.jpg\" alt=\"VEVOR vorst reklaamiklipp 5 t\u00e4idis toru suurused suupiste pulgad, hommikus\u00f6\u00f6k lingid ja erinevaid vorstid.\" \/><\/div><div class=\"section-mobile-img\"><img decoding=\"async\" src=\"\/vevor\/product\/SDLSBXGGCJ7L5STTE\/sausage-stuffer-a100-2.5-pt.jpg\" alt=\"VEVOR vorst reklaamiklipp 5 t\u00e4idis toru suurused suupiste pulgad, hommikus\u00f6\u00f6k lingid ja erinevaid vorstid.\" \/><\/div><div class=\"section-desc\">Sisaldab 5 erineva l\u00e4bim\u00f5\u00f5duga vorst-torud teha vorsti erineva suurusega, sobib kasutamiseks k\u00f6\u00f6kides, baarid, restoranid, toidu t\u00f6\u00f6tlemise rajatised.<\/div><\/div><div class=\"section\"><div class=\"section-img small\"><img decoding=\"async\" src=\"\/vevor\/product\/SDLSBXGGCJ7L5STTE\/sausage-stuffer-a100-1.11-pt.jpg\" alt=\"VEVOR vorst reklaamiklipp, mille suurus kirjeldused ja t\u00e4idis toru m\u00f5\u00f5tmed illustreeritud pool.\" \/><\/div><div class=\"section-mobile-img\"><img decoding=\"async\" src=\"\/vevor\/product\/SDLSBXGGCJ7L5STTE\/sausage-stuffer-a100-1.11-pt.jpg\" alt=\"VEVOR vorst reklaamiklipp, mille suurus kirjeldused ja t\u00e4idis toru m\u00f5\u00f5tmed illustreeritud pool.\" \/><\/div><\/div><\/div><\/body><\/html><\/div>\n<div class=\"DM_at-title\" id=\"js-DM_at-title\"> <div>Toote spetsifikatsioon<\/div> <i class=\"icon-arrowup_line\"><\/i> <\/div><div class=\"DM_at-goodsDescAttr\" id=\"js-DM_at-goodsDescAttr\"> <div class=\"DM_at-goodsDescAttrInner\"> <dl class=\"goodsDesc_item goodsDesc_item_even\"> <dt>Punkt Mudeli Number<\/dt> <dd> 1A-SS715<\/dd> <\/dl> <dl class=\"goodsDesc_item\"> <dt>V\u00f5imsus<\/dt> <dd> 7 L \/ 15 lbs<\/dd> <\/dl> <dl class=\"goodsDesc_item goodsDesc_item_even\"> <dt>P\u00f6\u00f6rlemiskiirus K\u00e4ik<\/dt> <dd> 2 K\u00e4iku<\/dd> <\/dl> <dl class=\"goodsDesc_item\"> <dt>Peamine Materjal<\/dt> <dd> 304 Roostevabast Terasest \/ 201 Roostevabast Terasest<\/dd> <\/dl> <dl class=\"goodsDesc_item goodsDesc_item_even\"> <dt>Toote Kaal<\/dt> <dd> 11,9 kg \/ 26.2 lbs<\/dd> <\/dl> <dl class=\"goodsDesc_item\"> <dt>Toote Suurus<\/dt> <dd> 385 x 440 x 785 mm \/ 15.2 x 17.3 x 30.9 aastal<\/dd> <\/dl> <\/div> <\/div>","protected":false},"excerpt":{"rendered":"<ul>\n<li> Dual Speed Adjustment (Kiire\/Aeglane): Pakub kahte kiirus: kiire, kiire vorst t\u00e4itmine ja aeglane t\u00e4pse korpus t\u00e4itmine. Hotellis on ergonoomiliselt kujundatud mugavad k\u00e4epidemed t\u00f5hus ja lihtne. <\/li>\n<li> \u00d5hu V\u00e4ljalaske Klapp: Vajutamine vabastab rohkem \u00f5hku, k\u00f5rvaldades vajadust pistma palju auke korpus eemaldada mullid, v\u00e4ltides korpuse purunemine ja vorst t\u00e4idis eba\u00f5nnestumisi. <\/li>\n<li> Mitut Liiki Tarvikud: Varustatud 5 erineva suurusega vorst torud ja tarvikud teha vorsti, kuuma koera, churros, jne. Sobib nii \u00e4ri-kui ka kodus kasutamiseks. <\/li>\n<li> Suur 7 L \/ 15 lbs Mahutavusega: 7 L \/ 15 lbs suure mahutavusega (barrel, siis saavad hakkama suurte vorsti tootmise, ideaalne \u00e4ri rakendused, nagu n\u00e4iteks kauplused, restoranid, toidu t\u00f6\u00f6tlemise tehastes, ja kodus kasutamiseks. <\/li>\n<li> Toidu-Klassi Materjal: Valmistatud peamiselt vastupidav roostevabast terasest keha, alus -, silindri -, ja torud. Komponendid otseses kokkupuutes toiduga on valmistatud SUS304 materjali, koosoleku toidu h\u00fcgieeni n\u00f5udeid, tagamaks, et iga amps on ohutu. On eemaldatav disain h\u00f5lbustab lihtne puhastada. <\/li>\n<\/ul>","protected":false},"featured_media":325871,"comment_status":"closed","ping_status":"open","template":"","meta":{"om_disable_all_campaigns":false,"_monsterinsights_skip_tracking":false,"_monsterinsights_sitenote_active":false,"_monsterinsights_sitenote_note":"","_monsterinsights_sitenote_category":0,"_uf_show_specific_survey":0,"_uf_disable_surveys":false},"location":[1935,1934],"product_brand":[21],"product_cat":[2445,2559,2560,2449],"product_tag":[],"class_list":{"0":"post-52014","1":"product","2":"type-product","3":"status-publish","4":"has-post-thumbnail","6":"location-supplier_stock_location","7":"location-local_stock_location","8":"product_brand-vevor","9":"product_cat-appliances","10":"product_cat-meat-poultry-tools","11":"product_cat-sausage-stuffers","12":"product_cat-small-kitchen-appliances","14":"first","15":"instock","16":"taxable","17":"shipping-taxable","18":"purchasable","19":"product-type-simple"},"aioseo_notices":[],"jetpack_sharing_enabled":true,"locations":[{"id":1935,"name":"Pieg\u0101d\u0101t\u0101ja noliktav\u0101 (5-7d.d.)","slug":"supplier_stock_location","quantity":"13"},{"id":1934,"name":"R\u012bgas veikal\u0101 (0-2d.d.)","slug":"local_stock_location","quantity":"0"}],"_links":{"self":[{"href":"https:\/\/vevorshop.lv\/et\/wp-json\/wp\/v2\/product\/52014","targetHints":{"allow":["GET"]}}],"collection":[{"href":"https:\/\/vevorshop.lv\/et\/wp-json\/wp\/v2\/product"}],"about":[{"href":"https:\/\/vevorshop.lv\/et\/wp-json\/wp\/v2\/types\/product"}],"replies":[{"embeddable":true,"href":"https:\/\/vevorshop.lv\/et\/wp-json\/wp\/v2\/comments?post=52014"}],"wp:featuredmedia":[{"embeddable":true,"href":"https:\/\/vevorshop.lv\/et\/wp-json\/wp\/v2\/media\/325871"}],"wp:attachment":[{"href":"https:\/\/vevorshop.lv\/et\/wp-json\/wp\/v2\/media?parent=52014"}],"wp:term":[{"taxonomy":"location","embeddable":true,"href":"https:\/\/vevorshop.lv\/et\/wp-json\/wp\/v2\/location?post=52014"},{"taxonomy":"product_brand","embeddable":true,"href":"https:\/\/vevorshop.lv\/et\/wp-json\/wp\/v2\/product_brand?post=52014"},{"taxonomy":"product_cat","embeddable":true,"href":"https:\/\/vevorshop.lv\/et\/wp-json\/wp\/v2\/product_cat?post=52014"},{"taxonomy":"product_tag","embeddable":true,"href":"https:\/\/vevorshop.lv\/et\/wp-json\/wp\/v2\/product_tag?post=52014"}],"curies":[{"name":"wp","href":"https:\/\/api.w.org\/{rel}","templated":true}]}}