{"id":52888,"date":"2024-11-19T22:24:47","date_gmt":"2024-11-19T22:24:47","guid":{"rendered":"http:\/\/vevorshop.edigo.lv\/Prece\/vevor-fire-pit-ring-round-36-inch-outer-steel-liner-diy-campfire-ring-firepit\/"},"modified":"2026-05-08T00:23:29","modified_gmt":"2026-05-07T21:23:29","slug":"vevor-fire-pit-ring-round-36-inch-outer-steel-liner-diy-campfire-ring-firepit","status":"publish","type":"product","link":"https:\/\/vevorshop.lv\/et\/Prece\/vevori-tulekoldesormus-ummargune-36-tolline-valimine-terasvooder-diy-lokkerongas-tulekoldes\/","title":{"rendered":"VEVOR 91cm l\u00f5kkealus, 76cm sisel\u00e4bim\u00f5\u00f5t, 25cm k\u00f5rgus, 2.5mm terasest v\u00e4likasutuseks ja telkimiseks"},"content":{"rendered":"<div style=\"color: #fff!important; font-size: 16px; height: 24px; line-height: 24px; margin-top: -24px; \" class=\"product_original_name\">VEVOR Fire Pit Ring, 36-tolline v\u00e4limine\/30-tolline sisemine l\u00e4bim\u00f5\u00f5t, 10-tolline k\u00f5rgus 2,5 mm paksune Fire Pit Insert, raskeveokite s\u00fcsinikterasest vooder DIY l\u00f5kker\u00f5ngas \u00fclal v\u00f5i maa sees, v\u00e4litelkimiseks, l\u00f5kked<\/div>\n<div style=\"color: #fff!important; font-size: 16px; height: 24px; line-height: 24px; margin-top: -24px; \" class=\"product_sku\">M4I4M1JV<\/div>\n<div style=\"color: #fff!important; font-size: 16px; height: 24px; line-height: 24px; margin-top: -24px; \" class=\"product_mpn\">YXHH25MM30INHNM6WV0<\/div><div id=\"js-DM_at-goodDescRich\"><html><head><style>  body {    font-family: Arial;    line-height: 1.5;    color: #1c1c1c;    overflow-x: hidden;    margin: 0;    padding: 0;  }  .MsoNormal b {    font-weight: bolder;  }<\/style><style>  .container.small {    width: 970px;    margin: 0 auto;  }  .logo {    margin: 0 auto 0;  }  .logo img {    display: block;    margin: 0 auto;    max-width: 100%;  }  .logo .pc-banner {    display: block;    width: 1200px;    height: 247.4px;    margin: 0 auto;  }  .logo .pc-banner.small {    width: 970px;  }  .logo .pc-banner.small img {    height: auto!important;  }  .logo .m-banner {    display: none;  }  .ytvideo {    position: relative;    height: 546px;    width: 100%;    margin: 0 auto;  }  .ytvideo img {    width: 100%;    margin: 0 auto;  }  .ytvideo .play-btn {    width: 60px;    height: 42px;    position: absolute;    top: 50%;    left: 50%;    transform: translate(-50%, -50%);    background: url(\"data:image\/png;base64,iVBORw0KGgoAAAANSUhEUgAAAGQAAABGCAMAAAANWMFbAAAC+lBMVEUAAADBGB3kLCfBGB3kLCfcJC7BFx3KKSbiKybkLCbWJCPSIiLSIiLPICHAFx3kLCfgKSXNHiDZJiTIGx\/p4eHcjo7LHSDbJyTkLCbjKyfOHyHPIiL28fHJHB\/GGh7EGR7eKCXDGB3RISHlLSbBGB3AFxzGHB7DGB7BGB3hKybkKybAFx3lLCfAFxzDGR3hKibDGB7cJyTmz8\/elJTlwcHjurrUIyLlLSflLSfAFx3DGR7lLSfCFx3hKibhKibhKybjKybkLCblLSfbJSX49vbx7e3NNzjNMTLMJyjVIyLZf3\/ZQ0LaeHjx0tLgoqLkLCfCGB3HGx\/BGB3BFx3PICHCGB7WJCLOHyC\/Fxy\/Fx3lLCfQISHkLSe\/FxzbJiTBFx3FGx\/AGB7BFx3EGR7AGB3HHSDfKiXAFh3TISHYNzbhKibbJyTTIiL57e325+f039\/v2NjUV1fOHiHiqanfmprch4feKSXVIyPOICHmLibFGh\/mLSe\/Fx7XJCPeKSXXJSPNHyHaJyTGGh7lLCbmLCflLSjSIiLkLCbdKSXLHiC\/GB3KHh++Fh3lKyfoLiXcKCPkx8fYb2\/XaGfVXl3aU1LLHiDksbHgKibPICHbJyTfKSXbJyTCGB3KHSDiKybFGh7TIiL\/\/\/\/VIyPRISHIHB\/GGx\/HHB\/DGR7gKibdKCXLHiDZJiTMHiDNHyHYJSTOICHPICHWJCPcKCXXJSPjLCblLCf+\/f3NGR\/uLijzLynPGR\/IGB7WISHaIyLLGh7UAADxLynNAADRLzDbICLQAADIAAD3MCrUHSHXMTDpKSbLAADp5OTij4\/ejo\/VLy\/1LyngJSTcJCPQHx\/OHB7+\/PzaMS\/OLS\/vLijrLSjSAADaNTPwLyjkKSbNJCbYISHPHB\/KGB7WAAD7+vrn3d3aKynTKCjoLCfsKifRGh\/YAADq5+fhjo7QNDXXKCfmJyXt5+fTLzDLLi\/QKivYHRvMGBrQJCXLISPMExXLDxLaEAvkkI\/bOTfaFQ\/SCgpvLcnHAAAAmnRSTlMA+vv7+gT9Bvf9+8z8\/NSv\/Pr5+P7++vnQIBMP\/v38\/Pn348XDiCYf9OjbzcqxXVcx\/fz8+\/rj1r2poo1+fXFqX0orGP7+\/v7+\/fz8+\/r68uzn4trIxsG\/vri3p6GcmZSNbWVYUUZEPQv+\/f39+\/v7+\/v7+vr64tvV1NTTz87FtbSurqeblJKFg4B3bUY+NjL7+\/v7+\/v67t1cDo8JLQAABkRJREFUWMO0kz9rwkAYh0OIeJkum6YugUAhISCdKoj\/P4C7SMdS+gEKIhSKil10LSg4mzXkILdlEpxCpwTiWOLX6BujvQaEQuGeHLnL+\/64J+SIcKGYTYWnntpdLjrVdqvZmNdn0+EE40GtpuuWVS6Xx6N7YDSGpWXpeq02wHgynM7q80az1a52HpddtVcpsi1zFARBrdaxbhp9iUReTGmwA4KAAr7vx3EYejnCMI6hQYEgy0LQi4jUN0wL19vqFcUC9\/1dAKmEEFkWRYkh5oBejnxQJiSJPJ\/uKBp0Thszx9Mw8hMRIQjKsptCfuES9zr5WJY6vSFCIvE9fCMUmEM1A1kSXcYGxgVYsvI1IPKTZciSTI0us\/SMGG04gDzELDoFBwdcFJrF88dqgYMTiL6DILWYyfOWE8\/kIz38olCNlC03FK95+imxp6y4oUSvAnBjHHhKNtotSDqJzVFiK8c2SBqhZtsrTtgrLXwAyduxZHNE26eHUt5rtuM4WSmds3G+sUdWYo1L+XyxButoh5eKUHk5lByO3G1LqqCWVnfrv\/lyPtf\/4ps1cndNGIri8J1TJ0lx6dR\/oPjq1nbRwdp2dCk4CtIOLW3pVKRL6WZfS5vF2KkIQhpwSsjiYIgNCs1gEMGqiIq24NQX9NwoXFy8Ufrl3twTcg4fv8T9\/JBEySduj6Mjm4bMzYV7EEOxKjjoNDud7yY3Dy71Hq2oLmqfbNR723edH9PgMrNL2utoQ3VmaIDkiw\/4w51P06hlZsTZvkRrbVuSIs\/zwSOsycgzStQouoAkWQqioRT5XI7n2Z1wfVhoZmcAJLsoqjqpjbWCgpOAJXBwHK8PzWbNvoUZJND5wCnSkLAkZ1legx6vqQzjoiTahKlGUGLAiIIoABOHaNVw4sexZBym6\/HWlH5h3IC7yRbxtipcWxdTOkORKiNQAEkFf66x5S2oeRbroOlLgg0sSYkR0hRGEqJZ0jTPiQKatESdBckpWigxaapEH0lImHdWu9pUFF2XqMNM2Z4kped7IwEJw2qabwtrQqnpw6HyKkgcadKWsmpywwesDyIhYRpdzXddqegtGIJlXbAIUMOLkGxJUjRIkokwjUaX9d\/kK62ps\/tYUqZLIMkLTyBhsMZ3C5Z\/kDxOSCb\/DOs\/\/J0qcWSX\/2ipe56EgTCA4\/cB7NAYOsni4mZM1MUPAISoEwkDi4lhVBQ1cWQyIcwalw4EpqZN68JUSK7XC0kTlkLYii5uXSC8jT5ncCAS7mjCv0uHp\/3lueHEEAeQ\/\/VgmdN71\/2uCSA1Xr6DO6uI6sW56zqT2tp2PhgiRUAajV8CY2fkcz6WGNKMgLAt7tJAhD4YHMTeRxlALE6+43WqjSWi8ITxyJl8WrwWSNESQZZOqhDDntO3hJLsd5RtSpbJqdv3YrDJH3F7jL1R2O2aQkn2MyCyKYz0GPGIvSAMgBCrCEiJyKbBaYGwLW4uPRr0A0M4Ux5kUI7IBh+hMdiCEWNqhMZGyYMsOgNE58UQuEQeUnSWCMYwL54hkxK6IoqucQZbQ3pc3XtL0lky1dL0zZJJDpWJovFqpWj6JEHnyam2eQp5QRVAVHjWparTOaVwUOx99YS2MvgxIGV0bb+qIg2HX2qkFFJB+XZcbLiuRkuxD9GRroKyveLxdh4d7Orx+hb7qc3uVRuEogCOnyIxm4ubUoPgF4jianDrC+SDQDKEfJb0GUKmjCGPYHGJvVC6X4hw1\/sAfQAdfYyephIaspXe36RwOP+Ljvfx9B6B3i+Nk0DGq+oCbLn6JpBa9nWAveAIHwFAwtVcIJXPMPL8kRu5OAYPMaL1WScTxjiZDqB9LTJSWphow\/pTYKRTLjCBhvi9iBidvKcDasGSm0QQkycYuLBqj6QCELPctqChDWpTRMWkngNNpQ1Pfp1KkiT\/Y0DGffXAweUNfLAfaJFKDwhb6I+bkYRbkERoEeu3Fyjg2opMz2daZCS9jt6Q7txNfB+OZEVF6Zl5web2xunnLQrtrjXseXKaFYziYINeMFZVxS9VxRhOoesYwxPKXm+gWLG9cuFeq93UNNeJNsf1KlwuDok9n02n3TgIJpOxNfL9naIoQwXtfH9kjceTIIi709ncTg6LZbg+biLH1V6u\/7rxBem06VXKn9raAAAAAElFTkSuQmCC\")      no-repeat center center \/ contain;  }  @media screen and (max-width: 960px) and (orientation: portrait) {    .logo {      width: 100%;    }    .logo .pc-banner {      display: none;    }    .logo .m-banner {      display: block;      width: 100%;    }    .logo .m-banner img {      height: auto!important;    }    .ytvideo {      height: 200px;      width: 100%;    }  }<\/style><style>  .video-section {    width: 100%;    margin: 0 auto;  }  .video-section > img {    width: 100%;  }  .video-section iframe,  .video-section video {    width: 100%;    height: 100%;      }  .video-section-img-m,  .video-section-img-pc > img {    width: 100%;    height: auto;  }  .video-section-img-pc.small > img {    width: 970px;  }  .video-desc {    line-height: 1.5;    font-size: 20px;    font-weight: 400;    margin: 20px 0;    text-align: center;    color: #0f1111;    word-break: break-word;  }  @media screen and (max-width: 960px) and (orientation: portrait) {    .video-section {      width: 100%;    }    .video-section-pc,    .video-section-img-pc {      display: none;    }    .video-section-m,    .video-section-img-m {      display: block;    }    .video-desc {      font-size: 15px;    }  }  @media screen and (min-width: 960px) {    .video-section {      width: 100%;      margin: 0 auto;    }    .video-section-pc,    .video-section-img-pc {      display: block;    }    .video-section-m,    .video-section-img-m {      display: none;    }    .video-desc {      font-size: 20px;    }  }<\/style><style>  .section + .section {    margin-top: 35px;  }  .section-title {    text-align: center;    font-weight: bold;    color: #0d1111;    font-family: \"Arial\";    font-size: 32px;    margin: 15px 0;  }  .section-title:empty {    display: none;  }  .section-desc {    text-align: center;    font-weight: normal;    color: #0d1111;    margin-top: 20px;  }  .section-desc:empty {    display: none;  }  .section-img {    width: 1200px;    height: 492px;    margin: 0 auto;    display: block;  }  .section-img.small {    width: 970px;    height: auto;  }  .section-img.small > img {    height: auto;  }  .section-img > img {    width: 100%;    height: 100%;  }  .section-mobile-img {    display: none;    max-width: 100vw;    max-height: 75vw;    height: 450px;    margin: 0 auto;  }  .section-mobile-img > img {    width: 100%;    height: 100%;  }  @media screen and (max-width: 960px) and (orientation: portrait) {    .container {      width: 100%;    }    .container.small {      width: 100%;    }    .section-mobile-img {      display: block;    }    .section-img {      display: none;    }    .section-title {      font-size: 22px;      margin: 10px 0;    }    .section-desc {      margin-top: 10px;    }    .section + .section {      margin-top: 20px;    }  }<\/style><\/head><body><div class=\"container small\"><div class=\"logo\"><div class=\"pc-banner small\"><div><img decoding=\"async\" src=\"\/vevor\/vevor\/boutique-banner\/pc\/en-pc@1x.jpg\" style=\"width: 100%;\" \/><\/div><\/div><div class=\"m-banner\"><div><img decoding=\"async\" src=\"\/vevor\/vevor\/boutique-banner\/mobile\/en-m@1x.jpg\" style=\"width: 100%;\" \/><\/div><\/div><\/div><div class=\"section-title\">Nautige hubaseid tulekahjusid VEVORi roostekindla tuler\u00f5ngaga<\/div><div class=\"video-section\"><div class=\"video-section-img-pc small\"><img decoding=\"async\" src=\"\/vevor\/product\/YXHH25MM30INHNM6W\/fire-rings-a100-1.4-pt.jpg\" alt=\"VEVOR tulekahju pit ringi ohutu ja mugav l\u00f5ke kogemusi rasketehnika-tollimaks ehitus.\" \/><\/div><div class=\"video-section-img-m\"><img decoding=\"async\" src=\"\/vevor\/product\/YXHH25MM30INHNM6W\/fire-rings-a100-1.4-pt.jpg\" alt=\"VEVOR tulekahju pit ringi ohutu ja mugav l\u00f5ke kogemusi rasketehnika-tollimaks ehitus.\" \/><\/div><div class=\"section-desc\">See tulekahju ringi, valmistatud k\u00f5rge-temperatuur vastupidavast s\u00fcsinikterasest, mille matt musta pulberv\u00e4rviga, mis on rooste ja korrosiooni eest. See pakub piisavalt ruumi leek kasvu, mis on ideaalne pargis v\u00f5i aias, telkimine, luua soe \u00f5hkkond puhkus \u00f6\u00f6d v\u00f5i koosviibimised s\u00f5pradega.<\/div><\/div><div class=\"section\"><div class=\"section-title\"><\/div><div class=\"section-img small\"><img decoding=\"async\" src=\"\/vevor\/product\/YXHH25MM30INHNM6W\/fire-rings-a100-2.2-pt.jpg\" alt=\"v\u00e4ljas kogumine, mille VEVOR tulekahju pit ringi, tutvustades m\u00f5\u00f5tmed: 36in v\u00e4limine l\u00e4bim\u00f5\u00f5t, 30in sisemine l\u00e4bim\u00f5\u00f5t, 10in k\u00f5rgus.\" \/><\/div><div class=\"section-mobile-img\"><img decoding=\"async\" src=\"\/vevor\/product\/YXHH25MM30INHNM6W\/fire-rings-a100-2.2-pt.jpg\" alt=\"v\u00e4ljas kogumine, mille VEVOR tulekahju pit ringi, tutvustades m\u00f5\u00f5tmed: 36in v\u00e4limine l\u00e4bim\u00f5\u00f5t, 30in sisemine l\u00e4bim\u00f5\u00f5t, 10in k\u00f5rgus.\" \/><\/div><div class=\"section-desc\">Valmistatud tugev terasest taluma k\u00f5rget temperatuuri, mis on kaetud matt must k\u00f5rge-temperatuur pulber. Vastupidav taluma \u00e4\u00e4rmuslike soojus-ja karmi ilmaga ilma kahju.<\/div><\/div><div class=\"section\"><div class=\"section-title\"><\/div><div class=\"section-img small\"><img decoding=\"async\" src=\"\/vevor\/product\/YXHH25MM30INHNM6W\/fire-rings-a100-2.3-pt.jpg\" alt=\"kaks kasutamise v\u00f5imalusi VEVOR tulekahju pit ring: maapealne ja maa, ideaalne diy entusiastid.\" \/><\/div><div class=\"section-mobile-img\"><img decoding=\"async\" src=\"\/vevor\/product\/YXHH25MM30INHNM6W\/fire-rings-a100-2.3-pt.jpg\" alt=\"kaks kasutamise v\u00f5imalusi VEVOR tulekahju pit ring: maapealne ja maa, ideaalne diy entusiastid.\" \/><\/div><div class=\"section-desc\">Pakub piisavalt ruumi p\u00f5letamine puidust, mis tagab parema \u00f5huvoolu, et t\u00e4ielikult s\u00fc\u00fcdata ja hoida tulekahju. Suurema l\u00e4bim\u00f5\u00f5duga leek soodustab majanduskasvu, luua ilus leegid.<\/div><\/div><div class=\"section\"><div class=\"section-title\"><\/div><div class=\"section-img small\"><img decoding=\"async\" src=\"\/vevor\/product\/YXHH25MM30INHNM6W\/fire-rings-a100-2.4-pt.jpg\" alt=\"VEVOR tulekahju pit-r\u00f5ngas n\u00e4itab, kruvid, servad ja k\u00fcljed turvaline, sujuv \u00fchendamine.\" \/><\/div><div class=\"section-mobile-img\"><img decoding=\"async\" src=\"\/vevor\/product\/YXHH25MM30INHNM6W\/fire-rings-a100-2.4-pt.jpg\" alt=\"VEVOR tulekahju pit-r\u00f5ngas n\u00e4itab, kruvid, servad ja k\u00fcljed turvaline, sujuv \u00fchendamine.\" \/><\/div><div class=\"section-desc\">Saab paindlikult kasutada DIY projekte, lihtne kasutada vastupidav tulekahju pit ringi v\u00f5i s\u00fcvistatud maasse mulla t\u00e4is servadest luua maapealne tulekahju pit. V\u00f5ib olla ka koos telliseid, kive v\u00f5i muid materjale.<\/div><\/div><div class=\"section\"><div class=\"section-title\"><\/div><div class=\"section-img small\"><img decoding=\"async\" src=\"\/vevor\/product\/YXHH25MM30INHNM6W\/fire-rings-a100-2.5-pt.jpg\" alt=\"VEVOR tulekahju pit ringi eest pool k\u00fctte -, telkimis-ja toiduvalmistamise, koduses bbq, ja rannas l\u00f5ke kogunemised.\" \/><\/div><div class=\"section-mobile-img\"><img decoding=\"async\" src=\"\/vevor\/product\/YXHH25MM30INHNM6W\/fire-rings-a100-2.5-pt.jpg\" alt=\"VEVOR tulekahju pit ringi eest pool k\u00fctte -, telkimis-ja toiduvalmistamise, koduses bbq, ja rannas l\u00f5ke kogunemised.\" \/><\/div><div class=\"section-desc\">Varustatud kruvidega \u00fcmber \u00fcmmarguse tuler\u00f5nga serva ja k\u00fclgede mitme tugevduse tagamiseks, tagades stabiilsuse. \u00dclemised liigendid sobivad korralikult ja tihedalt kokku, \u00f5mblusteta ja vastupidavad, v\u00e4ltides kasutamise ajal l\u00f5dvenemist v\u00f5i deformatsiooni.<\/div><\/div><div class=\"section\"><div class=\"section-img small\"><img decoding=\"async\" src=\"\/vevor\/product\/YXHH25MM30INHNM6W\/fire-rings-a100-1.11-pt.jpg\" alt=\"VEVOR tulekahju pit s\u00f5rmus 36 l\u00e4bim\u00f5\u00f5duga, 10 k\u00f5rgus, must carbon steel, 36.51 lbs kaal.\" \/><\/div><div class=\"section-mobile-img\"><img decoding=\"async\" src=\"\/vevor\/product\/YXHH25MM30INHNM6W\/fire-rings-a100-1.11-pt.jpg\" alt=\"VEVOR tulekahju pit s\u00f5rmus 36 l\u00e4bim\u00f5\u00f5duga, 10 k\u00f5rgus, must carbon steel, 36.51 lbs kaal.\" \/><\/div><\/div><\/div><\/body><\/html><\/div>\n<div class=\"DM_at-title\" id=\"js-DM_at-title\"> <div>Toote spetsifikatsioon<\/div> <i class=\"icon-arrowup_line\"><\/i> <\/div><div class=\"DM_at-goodsDescAttr\" id=\"js-DM_at-goodsDescAttr\"> <div class=\"DM_at-goodsDescAttrInner\"> <dl class=\"goodsDesc_item goodsDesc_item_even\"> <dt>Mudel<\/dt> <dd> VOLD-30-10<\/dd> <\/dl> <dl class=\"goodsDesc_item\"> <dt>V\u00e4lisl\u00e4bim\u00f5\u00f5t<\/dt> <dd> \u03c636 in \/ 914.4 mm<\/dd> <\/dl> <dl class=\"goodsDesc_item goodsDesc_item_even\"> <dt>Sisel\u00e4bim\u00f5\u00f5t<\/dt> <dd> \u03c630 in \/ 762 mm<\/dd> <\/dl> <dl class=\"goodsDesc_item\"> <dt>K\u00f5rgus<\/dt> <dd> 10 \/ 254 mm<\/dd> <\/dl> <dl class=\"goodsDesc_item goodsDesc_item_even\"> <dt>Paksus<\/dt> <dd> 0.1 in \/ 2,5 mm<\/dd> <\/dl> <dl class=\"goodsDesc_item\"> <dt>Osalaiuste arv<\/dt> <dd> 7<\/dd> <\/dl> <dl class=\"goodsDesc_item goodsDesc_item_even\"> <dt>V\u00e4rv<\/dt> <dd> Must<\/dd> <\/dl> <dl class=\"goodsDesc_item\"> <dt>Peamine Materjal<\/dt> <dd> Q235 S\u00fcsinikusisaldusega Teras<\/dd> <\/dl> <dl class=\"goodsDesc_item goodsDesc_item_even\"> <dt>Toote Kaal<\/dt> <dd> 36.51 lbs \/ 16.56 kg<\/dd> <\/dl> <dl class=\"goodsDesc_item\"> <dt>Toote M\u00f5\u00f5tmed<\/dt> <dd> 35.95 x 35.95 x 8.86 in \/ 913 x 913 x 225 mm<\/dd> <\/dl> <\/div> <\/div>","protected":false},"excerpt":{"rendered":"<ul>\n<li> Vastupidav Teras Konstruktsioon: Valmistatud k\u00f5rge-temperatuur vastupidav s\u00fcsinik terasest, kaetud matt must k\u00f5rge-temperatuur pulber. Rooste-vastupidavad, korrosiooni-vastupidav ja kulumiskindel, see vastu \u00e4\u00e4rmise kuumuse ja karm ilm, s\u00e4ilitades kuju \u00fcle pika-pikaajalise kasutamise. <\/li>\n<li> Suur Suurus: V\u00e4limine l\u00e4bim\u00f5\u00f5t 36 cm (914.4 mm), sisemine l\u00e4bim\u00f5\u00f5t on 30 tolli (762 mm), k\u00f5rgus 10 cm (254 mm), ja paksus 0,1 tolli (2,5 mm), milles on rohkesti v\u00e4lise ruumi puit ja s\u00fcsi, tagades optimaalse \u00f5huvoolu t\u00e4ielik p\u00f5lemine. <\/li>\n<li> DIY Mitmek\u00fclgsus: V\u00f5ib kasutada iseseisvalt, kui tulekahju pit vooderdise v\u00f5i integreeritud maastik materjalid nagu tellised v\u00f5i kivid. Kui seda kasutatakse \u00fcksinda, matta alt maa ja surround koos pinnase luua in-ground fire pit. <\/li>\n<li> Lihtne Paigaldus: M\u00f5eldud 7 paneelid lihtne kokkupanek, kasutades komplektis kruvid ja mutriv\u00f5ti. Ei ole t\u00e4iendavaid vahendeid vaja; paigaldamine on kiire, tavaliselt l\u00f5pule minutit, isegi algajatele. <\/li>\n<li> Laialdane kasutus: Ideaalne koduses -, aia v\u00f5i terrass, grillid, nautida campfires koos pere ja s\u00f5pradega, ja t\u00e4iuslik eriliste s\u00fcndmuste v\u00f5i puhkuse kogunemised, et luua soe \u00f5hkkond. <\/li>\n<\/ul>","protected":false},"featured_media":330223,"comment_status":"closed","ping_status":"open","template":"","meta":{"om_disable_all_campaigns":false,"_uf_show_specific_survey":0,"_uf_disable_surveys":false},"location":[1935,1934],"product_brand":[21],"product_cat":[3143,3983,3023,2365],"product_tag":[],"class_list":{"0":"post-52888","1":"product","2":"type-product","3":"status-publish","4":"has-post-thumbnail","6":"location-supplier_stock_location","7":"location-local_stock_location","8":"product_brand-vevor","9":"product_cat-fire-pits-outdoor-heating","10":"product_cat-fire-rings","11":"product_cat-outdoor-heating","12":"product_cat-outdoors","14":"first","15":"instock","16":"taxable","17":"shipping-taxable","18":"purchasable","19":"product-type-simple"},"aioseo_notices":[],"locations":[{"id":1935,"name":"Pieg\u0101d\u0101t\u0101ja noliktav\u0101 (5-7dd)","slug":"supplier_stock_location","quantity":"32"},{"id":1934,"name":"R\u012bgas veikal\u0101 (0-2d.d.)","slug":"local_stock_location","quantity":"0"}],"_links":{"self":[{"href":"https:\/\/vevorshop.lv\/et\/wp-json\/wp\/v2\/product\/52888","targetHints":{"allow":["GET"]}}],"collection":[{"href":"https:\/\/vevorshop.lv\/et\/wp-json\/wp\/v2\/product"}],"about":[{"href":"https:\/\/vevorshop.lv\/et\/wp-json\/wp\/v2\/types\/product"}],"replies":[{"embeddable":true,"href":"https:\/\/vevorshop.lv\/et\/wp-json\/wp\/v2\/comments?post=52888"}],"wp:featuredmedia":[{"embeddable":true,"href":"https:\/\/vevorshop.lv\/et\/wp-json\/wp\/v2\/media\/330223"}],"wp:attachment":[{"href":"https:\/\/vevorshop.lv\/et\/wp-json\/wp\/v2\/media?parent=52888"}],"wp:term":[{"taxonomy":"location","embeddable":true,"href":"https:\/\/vevorshop.lv\/et\/wp-json\/wp\/v2\/location?post=52888"},{"taxonomy":"product_brand","embeddable":true,"href":"https:\/\/vevorshop.lv\/et\/wp-json\/wp\/v2\/product_brand?post=52888"},{"taxonomy":"product_cat","embeddable":true,"href":"https:\/\/vevorshop.lv\/et\/wp-json\/wp\/v2\/product_cat?post=52888"},{"taxonomy":"product_tag","embeddable":true,"href":"https:\/\/vevorshop.lv\/et\/wp-json\/wp\/v2\/product_tag?post=52888"}],"curies":[{"name":"wp","href":"https:\/\/api.w.org\/{rel}","templated":true}]}}