{"id":53030,"date":"2024-11-19T22:41:59","date_gmt":"2024-11-19T22:41:59","guid":{"rendered":"http:\/\/vevorshop.edigo.lv\/Prece\/vevor-10-6cfm-portable-tire-inflator-dual-cylinder-air-compressor-12v-150psi\/"},"modified":"2026-04-20T01:18:35","modified_gmt":"2026-04-19T22:18:35","slug":"vevor-10-6cfm-portable-tire-inflator-dual-cylinder-air-compressor-12v-150psi","status":"publish","type":"product","link":"https:\/\/vevorshop.lv\/et\/Prece\/vevor-10-6-cfm-kaasaskantav-rehvitaitur-kahesilindriline-ohukompressor-12-v-150psi\/","title":{"rendered":"VEVOR 12V kahe silindriga \u00f5hukompressor 150 PSI 300 L\/min, kiire 30s t\u00e4itmine, kaasaskantav rehvipump auto veoauto SUV RV jaoks"},"content":{"rendered":"<div style=\"color: #fff!important; font-size: 16px; height: 24px; line-height: 24px; margin-top: -24px; \" class=\"product_original_name\">VEVOR 10.6 CFM raskeveokite \u00f5hukompressor, 30-ndate kiire t\u00e4ispuhumine | Kahesilindriline kaasaskantav rehvipump, 12 V 150PSI Offroad \u00f5hupump koos adapteritega veoautodele Automaastur 4 x 4 S\u00f5iduki haagissuvila<\/div>\n<div style=\"color: #fff!important; font-size: 16px; height: 24px; line-height: 24px; margin-top: -24px; \" class=\"product_sku\">M4I4M27B<\/div>\n<div style=\"color: #fff!important; font-size: 16px; height: 24px; line-height: 24px; margin-top: -24px; \" class=\"product_mpn\">ZXLTCQJSG10CPFKT5V2<\/div><div id=\"js-DM_at-goodDescRich\"><html><head><style>  body {    font-family: Arial;    line-height: 1.5;    color: #1c1c1c;    overflow-x: hidden;    margin: 0;    padding: 0;  }  .MsoNormal b {    font-weight: bolder;  }<\/style><style>  .container.small {    width: 970px;    margin: 0 auto;  }  .logo {    margin: 0 auto 0;  }  .logo img {    display: block;    margin: 0 auto;    max-width: 100%;  }  .logo .pc-banner {    display: block;    width: 1200px;    height: 247.4px;    margin: 0 auto;  }  .logo .pc-banner.small {    width: 970px;  }  .logo .pc-banner.small img {    height: auto!important;  }  .logo .m-banner {    display: none;  }  .ytvideo {    position: relative;    height: 546px;    width: 100%;    margin: 0 auto;  }  .ytvideo img {    width: 100%;    margin: 0 auto;  }  .ytvideo .play-btn {    width: 60px;    height: 42px;    position: absolute;    top: 50%;    left: 50%;    transform: translate(-50%, -50%);    background: url(\"data:image\/png;base64,iVBORw0KGgoAAAANSUhEUgAAAGQAAABGCAMAAAANWMFbAAAC+lBMVEUAAADBGB3kLCfBGB3kLCfcJC7BFx3KKSbiKybkLCbWJCPSIiLSIiLPICHAFx3kLCfgKSXNHiDZJiTIGx\/p4eHcjo7LHSDbJyTkLCbjKyfOHyHPIiL28fHJHB\/GGh7EGR7eKCXDGB3RISHlLSbBGB3AFxzGHB7DGB7BGB3hKybkKybAFx3lLCfAFxzDGR3hKibDGB7cJyTmz8\/elJTlwcHjurrUIyLlLSflLSfAFx3DGR7lLSfCFx3hKibhKibhKybjKybkLCblLSfbJSX49vbx7e3NNzjNMTLMJyjVIyLZf3\/ZQ0LaeHjx0tLgoqLkLCfCGB3HGx\/BGB3BFx3PICHCGB7WJCLOHyC\/Fxy\/Fx3lLCfQISHkLSe\/FxzbJiTBFx3FGx\/AGB7BFx3EGR7AGB3HHSDfKiXAFh3TISHYNzbhKibbJyTTIiL57e325+f039\/v2NjUV1fOHiHiqanfmprch4feKSXVIyPOICHmLibFGh\/mLSe\/Fx7XJCPeKSXXJSPNHyHaJyTGGh7lLCbmLCflLSjSIiLkLCbdKSXLHiC\/GB3KHh++Fh3lKyfoLiXcKCPkx8fYb2\/XaGfVXl3aU1LLHiDksbHgKibPICHbJyTfKSXbJyTCGB3KHSDiKybFGh7TIiL\/\/\/\/VIyPRISHIHB\/GGx\/HHB\/DGR7gKibdKCXLHiDZJiTMHiDNHyHYJSTOICHPICHWJCPcKCXXJSPjLCblLCf+\/f3NGR\/uLijzLynPGR\/IGB7WISHaIyLLGh7UAADxLynNAADRLzDbICLQAADIAAD3MCrUHSHXMTDpKSbLAADp5OTij4\/ejo\/VLy\/1LyngJSTcJCPQHx\/OHB7+\/PzaMS\/OLS\/vLijrLSjSAADaNTPwLyjkKSbNJCbYISHPHB\/KGB7WAAD7+vrn3d3aKynTKCjoLCfsKifRGh\/YAADq5+fhjo7QNDXXKCfmJyXt5+fTLzDLLi\/QKivYHRvMGBrQJCXLISPMExXLDxLaEAvkkI\/bOTfaFQ\/SCgpvLcnHAAAAmnRSTlMA+vv7+gT9Bvf9+8z8\/NSv\/Pr5+P7++vnQIBMP\/v38\/Pn348XDiCYf9OjbzcqxXVcx\/fz8+\/rj1r2poo1+fXFqX0orGP7+\/v7+\/fz8+\/r68uzn4trIxsG\/vri3p6GcmZSNbWVYUUZEPQv+\/f39+\/v7+\/v7+vr64tvV1NTTz87FtbSurqeblJKFg4B3bUY+NjL7+\/v7+\/v67t1cDo8JLQAABkRJREFUWMO0kz9rwkAYh0OIeJkum6YugUAhISCdKoj\/P4C7SMdS+gEKIhSKil10LSg4mzXkILdlEpxCpwTiWOLX6BujvQaEQuGeHLnL+\/64J+SIcKGYTYWnntpdLjrVdqvZmNdn0+EE40GtpuuWVS6Xx6N7YDSGpWXpeq02wHgynM7q80az1a52HpddtVcpsi1zFARBrdaxbhp9iUReTGmwA4KAAr7vx3EYejnCMI6hQYEgy0LQi4jUN0wL19vqFcUC9\/1dAKmEEFkWRYkh5oBejnxQJiSJPJ\/uKBp0Thszx9Mw8hMRIQjKsptCfuES9zr5WJY6vSFCIvE9fCMUmEM1A1kSXcYGxgVYsvI1IPKTZciSTI0us\/SMGG04gDzELDoFBwdcFJrF88dqgYMTiL6DILWYyfOWE8\/kIz38olCNlC03FK95+imxp6y4oUSvAnBjHHhKNtotSDqJzVFiK8c2SBqhZtsrTtgrLXwAyduxZHNE26eHUt5rtuM4WSmds3G+sUdWYo1L+XyxButoh5eKUHk5lByO3G1LqqCWVnfrv\/lyPtf\/4ps1cndNGIri8J1TJ0lx6dR\/oPjq1nbRwdp2dCk4CtIOLW3pVKRL6WZfS5vF2KkIQhpwSsjiYIgNCs1gEMGqiIq24NQX9NwoXFy8Ufrl3twTcg4fv8T9\/JBEySduj6Mjm4bMzYV7EEOxKjjoNDud7yY3Dy71Hq2oLmqfbNR723edH9PgMrNL2utoQ3VmaIDkiw\/4w51P06hlZsTZvkRrbVuSIs\/zwSOsycgzStQouoAkWQqioRT5XI7n2Z1wfVhoZmcAJLsoqjqpjbWCgpOAJXBwHK8PzWbNvoUZJND5wCnSkLAkZ1legx6vqQzjoiTahKlGUGLAiIIoABOHaNVw4sexZBym6\/HWlH5h3IC7yRbxtipcWxdTOkORKiNQAEkFf66x5S2oeRbroOlLgg0sSYkR0hRGEqJZ0jTPiQKatESdBckpWigxaapEH0lImHdWu9pUFF2XqMNM2Z4kped7IwEJw2qabwtrQqnpw6HyKkgcadKWsmpywwesDyIhYRpdzXddqegtGIJlXbAIUMOLkGxJUjRIkokwjUaX9d\/kK62ps\/tYUqZLIMkLTyBhsMZ3C5Z\/kDxOSCb\/DOs\/\/J0qcWSX\/2ipe56EgTCA4\/cB7NAYOsni4mZM1MUPAISoEwkDi4lhVBQ1cWQyIcwalw4EpqZN68JUSK7XC0kTlkLYii5uXSC8jT5ncCAS7mjCv0uHp\/3lueHEEAeQ\/\/VgmdN71\/2uCSA1Xr6DO6uI6sW56zqT2tp2PhgiRUAajV8CY2fkcz6WGNKMgLAt7tJAhD4YHMTeRxlALE6+43WqjSWi8ITxyJl8WrwWSNESQZZOqhDDntO3hJLsd5RtSpbJqdv3YrDJH3F7jL1R2O2aQkn2MyCyKYz0GPGIvSAMgBCrCEiJyKbBaYGwLW4uPRr0A0M4Ux5kUI7IBh+hMdiCEWNqhMZGyYMsOgNE58UQuEQeUnSWCMYwL54hkxK6IoqucQZbQ3pc3XtL0lky1dL0zZJJDpWJovFqpWj6JEHnyam2eQp5QRVAVHjWparTOaVwUOx99YS2MvgxIGV0bb+qIg2HX2qkFFJB+XZcbLiuRkuxD9GRroKyveLxdh4d7Orx+hb7qc3uVRuEogCOnyIxm4ubUoPgF4jianDrC+SDQDKEfJb0GUKmjCGPYHGJvVC6X4hw1\/sAfQAdfYyephIaspXe36RwOP+Ljvfx9B6B3i+Nk0DGq+oCbLn6JpBa9nWAveAIHwFAwtVcIJXPMPL8kRu5OAYPMaL1WScTxjiZDqB9LTJSWphow\/pTYKRTLjCBhvi9iBidvKcDasGSm0QQkycYuLBqj6QCELPctqChDWpTRMWkngNNpQ1Pfp1KkiT\/Y0DGffXAweUNfLAfaJFKDwhb6I+bkYRbkERoEeu3Fyjg2opMz2daZCS9jt6Q7txNfB+OZEVF6Zl5web2xunnLQrtrjXseXKaFYziYINeMFZVxS9VxRhOoesYwxPKXm+gWLG9cuFeq93UNNeJNsf1KlwuDok9n02n3TgIJpOxNfL9naIoQwXtfH9kjceTIIi709ncTg6LZbg+biLH1V6u\/7rxBem06VXKn9raAAAAAElFTkSuQmCC\")      no-repeat center center \/ contain;  }  @media screen and (max-width: 960px) and (orientation: portrait) {    .logo {      width: 100%;    }    .logo .pc-banner {      display: none;    }    .logo .m-banner {      display: block;      width: 100%;    }    .logo .m-banner img {      height: auto!important;    }    .ytvideo {      height: 200px;      width: 100%;    }  }<\/style><style>  .video-section {    width: 100%;    margin: 0 auto;  }  .video-section > img {    width: 100%;  }  .video-section iframe,  .video-section video {    width: 100%;    height: 100%;      }  .video-section-img-m,  .video-section-img-pc > img {    width: 100%;    height: auto;  }  .video-section-img-pc.small > img {    width: 970px;  }  .video-desc {    line-height: 1.5;    font-size: 20px;    font-weight: 400;    margin: 20px 0;    text-align: center;    color: #0f1111;    word-break: break-word;  }  @media screen and (max-width: 960px) and (orientation: portrait) {    .video-section {      width: 100%;    }    .video-section-pc,    .video-section-img-pc {      display: none;    }    .video-section-m,    .video-section-img-m {      display: block;    }    .video-desc {      font-size: 15px;    }  }  @media screen and (min-width: 960px) {    .video-section {      width: 100%;      margin: 0 auto;    }    .video-section-pc,    .video-section-img-pc {      display: block;    }    .video-section-m,    .video-section-img-m {      display: none;    }    .video-desc {      font-size: 20px;    }  }<\/style><style>  .section + .section {    margin-top: 35px;  }  .section-title {    text-align: center;    font-weight: bold;    color: #0d1111;    font-family: \"Arial\";    font-size: 32px;    margin: 15px 0;  }  .section-title:empty {    display: none;  }  .section-desc {    text-align: center;    font-weight: normal;    color: #0d1111;    margin-top: 20px;  }  .section-desc:empty {    display: none;  }  .section-img {    width: 1200px;    height: 492px;    margin: 0 auto;    display: block;  }  .section-img.small {    width: 970px;    height: auto;  }  .section-img.small > img {    height: auto;  }  .section-img > img {    width: 100%;    height: 100%;  }  .section-mobile-img {    display: none;    max-width: 100vw;    max-height: 75vw;    height: 450px;    margin: 0 auto;  }  .section-mobile-img > img {    width: 100%;    height: 100%;  }  @media screen and (max-width: 960px) and (orientation: portrait) {    .container {      width: 100%;    }    .container.small {      width: 100%;    }    .section-mobile-img {      display: block;    }    .section-img {      display: none;    }    .section-title {      font-size: 22px;      margin: 10px 0;    }    .section-desc {      margin-top: 10px;    }    .section + .section {      margin-top: 20px;    }  }<\/style><\/head><body><div class=\"container small\"><div class=\"logo\"><div class=\"pc-banner small\"><div><img decoding=\"async\" src=\"\/vevor\/vevor\/boutique-banner\/pc\/en-pc@1x.jpg\" style=\"width: 100%;\" \/><\/div><\/div><div class=\"m-banner\"><div><img decoding=\"async\" src=\"\/vevor\/vevor\/boutique-banner\/mobile\/en-m@1x.jpg\" style=\"width: 100%;\" \/><\/div><\/div><\/div><div class=\"section-title\">2X Kiirem Inflatsioon, matkale Ei Aja<\/div><div class=\"video-section\"><div class=\"video-section-img-pc small\"><img decoding=\"async\" src=\"\/vevor\/product\/ZXLTCQJSG10CPFKT5\/portable-tire-inflator-a100-1.4-pt.jpg\" \/><\/div><div class=\"video-section-img-m\"><img decoding=\"async\" src=\"\/vevor\/product\/ZXLTCQJSG10CPFKT5\/portable-tire-inflator-a100-1.4-pt.jpg\" \/><\/div><div class=\"section-desc\">J\u00e4\u00e4da valmistatud VEVOR dual-silindri raskeveokite \u00f5hukompressor \u2014 teie usaldusv\u00e4\u00e4rne kaaslane 2X kiirem inflatsioon. T\u00e4iendatud dual silindrid, 150 PSI suurim r\u00f5hk ja 10.6 CFM suure \u00f5huvoolu, see kaasaskantav rehvi inflator tagab teil saada tagasi teele kiiresti, s\u00e4\u00e4stes v\u00e4\u00e4rtuslikku aega.<\/div><\/div><div class=\"section\"><div class=\"section-title\"><\/div><div class=\"section-img small\"><img decoding=\"async\" src=\"\/vevor\/product\/ZXLTCQJSG10CPFKT5\/portable-tire-inflator-a100-2.2-pt.jpg\" \/><\/div><div class=\"section-mobile-img\"><img decoding=\"async\" src=\"\/vevor\/product\/ZXLTCQJSG10CPFKT5\/portable-tire-inflator-a100-2.2-pt.jpg\" \/><\/div><div class=\"section-desc\">Pakume sulle 6.5 jalga toitejuhe ja 26ft kummi-\u00f5huvoolik, mis v\u00f5imaldab teil kergesti hakkama \u00fclesannetega, pikkade vahemaade taha. \u00d5hu voolik ka funktsioonid mehaaniline manomeeter, mis annavad reaalajas r\u00f5hu j\u00e4lgimise, tagades teil v\u00f5ib j\u00e4lgida \u00f5hur\u00f5hu ja igal ajal.<\/div><\/div><div class=\"section\"><div class=\"section-title\"><\/div><div class=\"section-img small\"><img decoding=\"async\" src=\"\/vevor\/product\/ZXLTCQJSG10CPFKT5\/portable-tire-inflator-a100-2.3-pt.jpg\" \/><\/div><div class=\"section-mobile-img\"><img decoding=\"async\" src=\"\/vevor\/product\/ZXLTCQJSG10CPFKT5\/portable-tire-inflator-a100-2.3-pt.jpg\" \/><\/div><div class=\"section-desc\">Varustatud 3 otsik adapterid, see 12V kaasaskantav rehvi inflator on mitmek\u00fclgne, erinevate s\u00f5idukite, sealhulgas autod, Maasturid, veoautod, kaubikud, ja RVs. Samuti n\u00e4eb mootorrattad, jalgrattad, pallid ja muud vabaaja seadmed nagu t\u00e4ispuhutavad m\u00e4nguasjad ja paadid.<\/div><\/div><div class=\"section\"><div class=\"section-title\"><\/div><div class=\"section-img small\"><img decoding=\"async\" src=\"\/vevor\/product\/ZXLTCQJSG10CPFKT5\/portable-tire-inflator-a100-2.4-pt.jpg\" \/><\/div><div class=\"section-mobile-img\"><img decoding=\"async\" src=\"\/vevor\/product\/ZXLTCQJSG10CPFKT5\/portable-tire-inflator-a100-2.4-pt.jpg\" \/><\/div><div class=\"section-desc\">Sihtotstarbelise 4-astmelise protsessiga 3 kinnitage klambrid, \u00fchendage \u00f5huvoolik \u00f5hu v\u00e4ljalaskeava ja rehviga, kinnitage akuklamber oma s\u00f5iduki aku k\u00fclge ja alustage t\u00e4itmist ' t\u00e4itmis\u00fclesannete t\u00e4itmine on vaevatu ja probleemideta.<\/div><\/div><div class=\"section\"><div class=\"section-title\"><\/div><div class=\"section-img small\"><img decoding=\"async\" src=\"\/vevor\/product\/ZXLTCQJSG10CPFKT5\/portable-tire-inflator-a100-2.5-pt.jpg\" \/><\/div><div class=\"section-mobile-img\"><img decoding=\"async\" src=\"\/vevor\/product\/ZXLTCQJSG10CPFKT5\/portable-tire-inflator-a100-2.5-pt.jpg\" \/><\/div><div class=\"section-desc\">See kahesilindriline \u00f5hupump on kerge ja sellel on mugav k\u00e4epide, mis muudab selle h\u00f5lpsaks kaasaskandmiseks ja hoiustamiseks teie s\u00f5iduki pagasiruumis v\u00f5i kaasav\u00f5tmiseks liikvel olles. Olenemata sellest, kas olete maanteereisil v\u00f5i naudite v\u00e4liseiklusi, on kiire inflatsioon alati teie k\u00e4eulatuses.<\/div><\/div><div class=\"section\"><div class=\"section-img small\"><img decoding=\"async\" src=\"\/vevor\/product\/ZXLTCQJSG10CPFKT5\/portable-tire-inflator-a100-1.11-pt.jpg\" \/><\/div><div class=\"section-mobile-img\"><img decoding=\"async\" src=\"\/vevor\/product\/ZXLTCQJSG10CPFKT5\/portable-tire-inflator-a100-1.11-pt.jpg\" \/><\/div><\/div><\/div><\/body><\/html><\/div>\n<div class=\"DM_at-title\" id=\"js-DM_at-title\"> <div>Toote spetsifikatsioon<\/div> <i class=\"icon-arrowup_line\"><\/i> <\/div><div class=\"DM_at-goodsDescAttr\" id=\"js-DM_at-goodsDescAttr\"> <div class=\"DM_at-goodsDescAttrInner\"> <dl class=\"goodsDesc_item goodsDesc_item_even\"> <dt>Punkt Mudeli Number<\/dt> <dd> YD-127D<\/dd> <\/dl> <dl class=\"goodsDesc_item\"> <dt>Sisend Pinge<\/dt> <dd> DC12V-DC13.8V<\/dd> <\/dl> <dl class=\"goodsDesc_item goodsDesc_item_even\"> <dt>Laadimisvool<\/dt> <dd> MAX 75A<\/dd> <\/dl> <dl class=\"goodsDesc_item\"> <dt>Maksimaalne T\u00f6\u00f6r\u00f5hk<\/dt> <dd> 150 PSI<\/dd> <\/dl> <dl class=\"goodsDesc_item goodsDesc_item_even\"> <dt>Maksimaalne \u00d5huvoolu<\/dt> <dd> 10.6 CFM<\/dd> <\/dl> <dl class=\"goodsDesc_item\"> <dt>Peamine Materjal<\/dt> <dd> Raud + Alumiinium<\/dd> <\/dl> <dl class=\"goodsDesc_item goodsDesc_item_even\"> <dt>Neto Kaal<\/dt> <dd> 26.3 lbs \/ 10.7 kg<\/dd> <\/dl> <dl class=\"goodsDesc_item\"> <dt>Toote M\u00f5\u00f5tmed<\/dt> <dd> 14.37 x 5.91 x 8.94 tolli \/ 365 x 150 x 227 mm<\/dd> <\/dl> <\/div> <\/div>","protected":false},"excerpt":{"rendered":"<ul>\n<li> 30S V\u00e4lk-Kiire Inflatsioon: Saada tagasi teele flash koos VEVOR dual-silindri rehvi inflator. T\u00e4iendatud dual silindrid, 150 PSI suurim r\u00f5hk ja 10.6 CFM suure \u00f5huvoolu, meie 12V raskeveokite \u00f5hukompressor avanemisel 2X kiiremini kui teised, pakkudes 30s kiire inflatsioon. <\/li>\n<li> Mitmek\u00fclgsed kasutusv\u00f5imalused: Varustatud 3 otsik adapterid, see kaasaskantav rehvi inflator on ideaalne autod, Maasturid, veoautod, kaubikud, RVs, samuti mootorrattad, jalgrattad, pallid ja muud vabaaja seadmed nagu t\u00e4ispuhutavad m\u00e4nguasjad ja paadid. <\/li>\n<li> Auto-Soojus-Cut-Off Kaitse: Koos sisse-ehitatud \u00fclekuumenemise kaitse, see 150PSI kaasaskantav veoauto rehvi inflator takistab mootori kahju \u00fclekoormus, tagada ohutu ja laiendatud kasutamisel, samal ajal suurendades seadmete eluiga. <\/li>\n<li> Lihtne teha: Kerge ja featuring mugav k\u00e4epide, meie raskeveokite offroad air pump on ideaalne ladustamiseks oma s\u00f5iduki pagasiruumi v\u00f5i v\u00f5tta teiega minna, tagades kiire inflatsioon, kui vaja. <\/li>\n<li> T\u00e4ielik Pakett: Sisaldab Raskeveokite Dual-Silindri \u00d5hu Kompressor + 6.5 jalga toitejuhe + 26ft Kummist \u00f5huvoolik Mehaaniline manomeeter + 3 Otsik Adapterid + P\u00f6idla Lukk Adapter + Kaasaskantav T\u00f6\u00f6riist Kott. Alati valmis maantee reise! <\/li>\n<\/ul>","protected":false},"featured_media":330931,"comment_status":"closed","ping_status":"open","template":"","meta":{"om_disable_all_campaigns":false,"_monsterinsights_skip_tracking":false,"_monsterinsights_sitenote_active":false,"_monsterinsights_sitenote_note":"","_monsterinsights_sitenote_category":0,"_uf_show_specific_survey":0,"_uf_disable_surveys":false},"location":[1935,1934],"product_brand":[21],"product_cat":[2375,3263,4402,2374],"product_tag":[],"class_list":{"0":"post-53030","1":"product","2":"type-product","3":"status-publish","4":"has-post-thumbnail","6":"location-supplier_stock_location","7":"location-local_stock_location","8":"product_brand-vevor","9":"product_cat-air-compressor-tools","10":"product_cat-inflators","11":"product_cat-portable-air-compressors-inflators","12":"product_cat-tools","14":"first","15":"instock","16":"taxable","17":"shipping-taxable","18":"purchasable","19":"product-type-simple"},"aioseo_notices":[],"jetpack_sharing_enabled":true,"locations":[{"id":1935,"name":"Pieg\u0101d\u0101t\u0101ja noliktav\u0101 (5-7dd)","slug":"supplier_stock_location","quantity":"183"},{"id":1934,"name":"R\u012bgas veikal\u0101 (0-2d.d.)","slug":"local_stock_location","quantity":"0"}],"_links":{"self":[{"href":"https:\/\/vevorshop.lv\/et\/wp-json\/wp\/v2\/product\/53030","targetHints":{"allow":["GET"]}}],"collection":[{"href":"https:\/\/vevorshop.lv\/et\/wp-json\/wp\/v2\/product"}],"about":[{"href":"https:\/\/vevorshop.lv\/et\/wp-json\/wp\/v2\/types\/product"}],"replies":[{"embeddable":true,"href":"https:\/\/vevorshop.lv\/et\/wp-json\/wp\/v2\/comments?post=53030"}],"wp:featuredmedia":[{"embeddable":true,"href":"https:\/\/vevorshop.lv\/et\/wp-json\/wp\/v2\/media\/330931"}],"wp:attachment":[{"href":"https:\/\/vevorshop.lv\/et\/wp-json\/wp\/v2\/media?parent=53030"}],"wp:term":[{"taxonomy":"location","embeddable":true,"href":"https:\/\/vevorshop.lv\/et\/wp-json\/wp\/v2\/location?post=53030"},{"taxonomy":"product_brand","embeddable":true,"href":"https:\/\/vevorshop.lv\/et\/wp-json\/wp\/v2\/product_brand?post=53030"},{"taxonomy":"product_cat","embeddable":true,"href":"https:\/\/vevorshop.lv\/et\/wp-json\/wp\/v2\/product_cat?post=53030"},{"taxonomy":"product_tag","embeddable":true,"href":"https:\/\/vevorshop.lv\/et\/wp-json\/wp\/v2\/product_tag?post=53030"}],"curies":[{"name":"wp","href":"https:\/\/api.w.org\/{rel}","templated":true}]}}