{"id":53486,"date":"2024-11-19T23:40:09","date_gmt":"2024-11-19T23:40:09","guid":{"rendered":"http:\/\/vevorshop.edigo.lv\/Prece\/vevor-automotive-smoke-machine-leak-detector-evap-vacuum-diagnostic-leak-tester\/"},"modified":"2026-05-08T22:21:18","modified_gmt":"2026-05-08T19:21:18","slug":"vevor-automotive-smoke-machine-leak-detector-evap-vacuum-diagnostic-leak-tester","status":"publish","type":"product","link":"https:\/\/vevorshop.lv\/et\/Prece\/vevor-auto-suitsumasina-lekkedetektor-aurustusvaakumdiagnostika-lekketest\/","title":{"rendered":"VEVOR auto suitsulekete detektor sisseehitatud pumbaga, kahe re\u017eiimiga EVAP tester k\u00fctuse- ja vaakums\u00fcsteemidele"},"content":{"rendered":"<div style=\"color: #fff!important; font-size: 16px; height: 24px; line-height: 24px; margin-top: -24px; \" class=\"product_original_name\">VEVOR Automotive Suitsumasina lekkedetektor, EVAP Suitsumasina lekketester sisseehitatud \u00f5hupumba ja r\u00f5hum\u00f5\u00f5turiga, kahere\u017eiimiline diagnostiline lekkedetektor vaakumi, k\u00fctuse, torujuhtmes\u00fcsteemi testimiseks<\/div>\n<div style=\"color: #fff!important; font-size: 16px; height: 24px; line-height: 24px; margin-top: -24px; \" class=\"product_sku\">M4I4M4EG<\/div>\n<div style=\"color: #fff!important; font-size: 16px; height: 24px; line-height: 24px; margin-top: -24px; \" class=\"product_mpn\">YWCLYWSDQBWLNAY99V9<\/div><div id=\"js-DM_at-goodDescRich\"><html><head><style>  body {    font-family: Arial;    line-height: 1.5;    color: #1c1c1c;    overflow-x: hidden;    margin: 0;    padding: 0;  }  .MsoNormal b {    font-weight: bolder;  }<\/style><style>  .container.small {    width: 970px;    margin: 0 auto;  }  .logo {    margin: 0 auto 0;  }  .logo img {    display: block;    margin: 0 auto;    max-width: 100%;  }  .logo .pc-banner {    display: block;    width: 1200px;    height: 247.4px;    margin: 0 auto;  }  .logo .pc-banner.small {    width: 970px;  }  .logo .pc-banner.small img {    height: auto!important;  }  .logo .m-banner {    display: none;  }  .ytvideo {    position: relative;    height: 546px;    width: 100%;    margin: 0 auto;  }  .ytvideo img {    width: 100%;    margin: 0 auto;  }  .ytvideo .play-btn {    width: 60px;    height: 42px;    position: absolute;    top: 50%;    left: 50%;    transform: translate(-50%, -50%);    background: url(\"data:image\/png;base64,iVBORw0KGgoAAAANSUhEUgAAAGQAAABGCAMAAAANWMFbAAAC+lBMVEUAAADBGB3kLCfBGB3kLCfcJC7BFx3KKSbiKybkLCbWJCPSIiLSIiLPICHAFx3kLCfgKSXNHiDZJiTIGx\/p4eHcjo7LHSDbJyTkLCbjKyfOHyHPIiL28fHJHB\/GGh7EGR7eKCXDGB3RISHlLSbBGB3AFxzGHB7DGB7BGB3hKybkKybAFx3lLCfAFxzDGR3hKibDGB7cJyTmz8\/elJTlwcHjurrUIyLlLSflLSfAFx3DGR7lLSfCFx3hKibhKibhKybjKybkLCblLSfbJSX49vbx7e3NNzjNMTLMJyjVIyLZf3\/ZQ0LaeHjx0tLgoqLkLCfCGB3HGx\/BGB3BFx3PICHCGB7WJCLOHyC\/Fxy\/Fx3lLCfQISHkLSe\/FxzbJiTBFx3FGx\/AGB7BFx3EGR7AGB3HHSDfKiXAFh3TISHYNzbhKibbJyTTIiL57e325+f039\/v2NjUV1fOHiHiqanfmprch4feKSXVIyPOICHmLibFGh\/mLSe\/Fx7XJCPeKSXXJSPNHyHaJyTGGh7lLCbmLCflLSjSIiLkLCbdKSXLHiC\/GB3KHh++Fh3lKyfoLiXcKCPkx8fYb2\/XaGfVXl3aU1LLHiDksbHgKibPICHbJyTfKSXbJyTCGB3KHSDiKybFGh7TIiL\/\/\/\/VIyPRISHIHB\/GGx\/HHB\/DGR7gKibdKCXLHiDZJiTMHiDNHyHYJSTOICHPICHWJCPcKCXXJSPjLCblLCf+\/f3NGR\/uLijzLynPGR\/IGB7WISHaIyLLGh7UAADxLynNAADRLzDbICLQAADIAAD3MCrUHSHXMTDpKSbLAADp5OTij4\/ejo\/VLy\/1LyngJSTcJCPQHx\/OHB7+\/PzaMS\/OLS\/vLijrLSjSAADaNTPwLyjkKSbNJCbYISHPHB\/KGB7WAAD7+vrn3d3aKynTKCjoLCfsKifRGh\/YAADq5+fhjo7QNDXXKCfmJyXt5+fTLzDLLi\/QKivYHRvMGBrQJCXLISPMExXLDxLaEAvkkI\/bOTfaFQ\/SCgpvLcnHAAAAmnRSTlMA+vv7+gT9Bvf9+8z8\/NSv\/Pr5+P7++vnQIBMP\/v38\/Pn348XDiCYf9OjbzcqxXVcx\/fz8+\/rj1r2poo1+fXFqX0orGP7+\/v7+\/fz8+\/r68uzn4trIxsG\/vri3p6GcmZSNbWVYUUZEPQv+\/f39+\/v7+\/v7+vr64tvV1NTTz87FtbSurqeblJKFg4B3bUY+NjL7+\/v7+\/v67t1cDo8JLQAABkRJREFUWMO0kz9rwkAYh0OIeJkum6YugUAhISCdKoj\/P4C7SMdS+gEKIhSKil10LSg4mzXkILdlEpxCpwTiWOLX6BujvQaEQuGeHLnL+\/64J+SIcKGYTYWnntpdLjrVdqvZmNdn0+EE40GtpuuWVS6Xx6N7YDSGpWXpeq02wHgynM7q80az1a52HpddtVcpsi1zFARBrdaxbhp9iUReTGmwA4KAAr7vx3EYejnCMI6hQYEgy0LQi4jUN0wL19vqFcUC9\/1dAKmEEFkWRYkh5oBejnxQJiSJPJ\/uKBp0Thszx9Mw8hMRIQjKsptCfuES9zr5WJY6vSFCIvE9fCMUmEM1A1kSXcYGxgVYsvI1IPKTZciSTI0us\/SMGG04gDzELDoFBwdcFJrF88dqgYMTiL6DILWYyfOWE8\/kIz38olCNlC03FK95+imxp6y4oUSvAnBjHHhKNtotSDqJzVFiK8c2SBqhZtsrTtgrLXwAyduxZHNE26eHUt5rtuM4WSmds3G+sUdWYo1L+XyxButoh5eKUHk5lByO3G1LqqCWVnfrv\/lyPtf\/4ps1cndNGIri8J1TJ0lx6dR\/oPjq1nbRwdp2dCk4CtIOLW3pVKRL6WZfS5vF2KkIQhpwSsjiYIgNCs1gEMGqiIq24NQX9NwoXFy8Ufrl3twTcg4fv8T9\/JBEySduj6Mjm4bMzYV7EEOxKjjoNDud7yY3Dy71Hq2oLmqfbNR723edH9PgMrNL2utoQ3VmaIDkiw\/4w51P06hlZsTZvkRrbVuSIs\/zwSOsycgzStQouoAkWQqioRT5XI7n2Z1wfVhoZmcAJLsoqjqpjbWCgpOAJXBwHK8PzWbNvoUZJND5wCnSkLAkZ1legx6vqQzjoiTahKlGUGLAiIIoABOHaNVw4sexZBym6\/HWlH5h3IC7yRbxtipcWxdTOkORKiNQAEkFf66x5S2oeRbroOlLgg0sSYkR0hRGEqJZ0jTPiQKatESdBckpWigxaapEH0lImHdWu9pUFF2XqMNM2Z4kped7IwEJw2qabwtrQqnpw6HyKkgcadKWsmpywwesDyIhYRpdzXddqegtGIJlXbAIUMOLkGxJUjRIkokwjUaX9d\/kK62ps\/tYUqZLIMkLTyBhsMZ3C5Z\/kDxOSCb\/DOs\/\/J0qcWSX\/2ipe56EgTCA4\/cB7NAYOsni4mZM1MUPAISoEwkDi4lhVBQ1cWQyIcwalw4EpqZN68JUSK7XC0kTlkLYii5uXSC8jT5ncCAS7mjCv0uHp\/3lueHEEAeQ\/\/VgmdN71\/2uCSA1Xr6DO6uI6sW56zqT2tp2PhgiRUAajV8CY2fkcz6WGNKMgLAt7tJAhD4YHMTeRxlALE6+43WqjSWi8ITxyJl8WrwWSNESQZZOqhDDntO3hJLsd5RtSpbJqdv3YrDJH3F7jL1R2O2aQkn2MyCyKYz0GPGIvSAMgBCrCEiJyKbBaYGwLW4uPRr0A0M4Ux5kUI7IBh+hMdiCEWNqhMZGyYMsOgNE58UQuEQeUnSWCMYwL54hkxK6IoqucQZbQ3pc3XtL0lky1dL0zZJJDpWJovFqpWj6JEHnyam2eQp5QRVAVHjWparTOaVwUOx99YS2MvgxIGV0bb+qIg2HX2qkFFJB+XZcbLiuRkuxD9GRroKyveLxdh4d7Orx+hb7qc3uVRuEogCOnyIxm4ubUoPgF4jianDrC+SDQDKEfJb0GUKmjCGPYHGJvVC6X4hw1\/sAfQAdfYyephIaspXe36RwOP+Ljvfx9B6B3i+Nk0DGq+oCbLn6JpBa9nWAveAIHwFAwtVcIJXPMPL8kRu5OAYPMaL1WScTxjiZDqB9LTJSWphow\/pTYKRTLjCBhvi9iBidvKcDasGSm0QQkycYuLBqj6QCELPctqChDWpTRMWkngNNpQ1Pfp1KkiT\/Y0DGffXAweUNfLAfaJFKDwhb6I+bkYRbkERoEeu3Fyjg2opMz2daZCS9jt6Q7txNfB+OZEVF6Zl5web2xunnLQrtrjXseXKaFYziYINeMFZVxS9VxRhOoesYwxPKXm+gWLG9cuFeq93UNNeJNsf1KlwuDok9n02n3TgIJpOxNfL9naIoQwXtfH9kjceTIIi709ncTg6LZbg+biLH1V6u\/7rxBem06VXKn9raAAAAAElFTkSuQmCC\")      no-repeat center center \/ contain;  }  @media screen and (max-width: 960px) and (orientation: portrait) {    .logo {      width: 100%;    }    .logo .pc-banner {      display: none;    }    .logo .m-banner {      display: block;      width: 100%;    }    .logo .m-banner img {      height: auto!important;    }    .ytvideo {      height: 200px;      width: 100%;    }  }<\/style><style>  .video-section {    width: 100%;    margin: 0 auto;  }  .video-section > img {    width: 100%;  }  .video-section iframe,  .video-section video {    width: 100%;    height: 100%;      }  .video-section-img-m,  .video-section-img-pc > img {    width: 100%;    height: auto;  }  .video-section-img-pc.small > img {    width: 970px;  }  .video-desc {    line-height: 1.5;    font-size: 20px;    font-weight: 400;    margin: 20px 0;    text-align: center;    color: #0f1111;    word-break: break-word;  }  @media screen and (max-width: 960px) and (orientation: portrait) {    .video-section {      width: 100%;    }    .video-section-pc,    .video-section-img-pc {      display: none;    }    .video-section-m,    .video-section-img-m {      display: block;    }    .video-desc {      font-size: 15px;    }  }  @media screen and (min-width: 960px) {    .video-section {      width: 100%;      margin: 0 auto;    }    .video-section-pc,    .video-section-img-pc {      display: block;    }    .video-section-m,    .video-section-img-m {      display: none;    }    .video-desc {      font-size: 20px;    }  }<\/style><style>  .section + .section {    margin-top: 35px;  }  .section-title {    text-align: center;    font-weight: bold;    color: #0d1111;    font-family: \"Arial\";    font-size: 32px;    margin: 15px 0;  }  .section-title:empty {    display: none;  }  .section-desc {    text-align: center;    font-weight: normal;    color: #0d1111;    margin-top: 20px;  }  .section-desc:empty {    display: none;  }  .section-img {    width: 1200px;    height: 492px;    margin: 0 auto;    display: block;  }  .section-img.small {    width: 970px;    height: auto;  }  .section-img.small > img {    height: auto;  }  .section-img > img {    width: 100%;    height: 100%;  }  .section-mobile-img {    display: none;    max-width: 100vw;    max-height: 75vw;    height: 450px;    margin: 0 auto;  }  .section-mobile-img > img {    width: 100%;    height: 100%;  }  @media screen and (max-width: 960px) and (orientation: portrait) {    .container {      width: 100%;    }    .container.small {      width: 100%;    }    .section-mobile-img {      display: block;    }    .section-img {      display: none;    }    .section-title {      font-size: 22px;      margin: 10px 0;    }    .section-desc {      margin-top: 10px;    }    .section + .section {      margin-top: 20px;    }  }<\/style><\/head><body><div class=\"container small\"><div class=\"logo\"><div class=\"pc-banner small\"><div><img decoding=\"async\" src=\"\/vevor\/vevor\/boutique-banner\/pc\/en-pc@1x.jpg\" style=\"width: 100%;\" \/><\/div><\/div><div class=\"m-banner\"><div><img decoding=\"async\" src=\"\/vevor\/vevor\/boutique-banner\/mobile\/en-m@1x.jpg\" style=\"width: 100%;\" \/><\/div><\/div><\/div><div class=\"section-title\">T\u00e4pselt Lekib, Lahendada Probleeme, S\u00f5ita Sujuvalt<\/div><div class=\"video-section\"><div class=\"video-section-img-pc small\"><img decoding=\"async\" src=\"\/vevor\/product\/YWCLYWSDQBWLNAY99\/smoke-leak-detector-a100-1.4-pt.jpg\" \/><\/div><div class=\"video-section-img-m\"><img decoding=\"async\" src=\"\/vevor\/product\/YWCLYWSDQBWLNAY99\/smoke-leak-detector-a100-1.4-pt.jpg\" \/><\/div><div class=\"section-desc\">\u00dclim kaaslane lekke katsetamiseks! VEVOR automotive suitsu masin on m\u00f5eldud k\u00e4epide erinevaid diagnostika \u00fclesanded: EVAP s\u00fcsteemid, k\u00fctusepaagi s\u00fcsteemid, v\u00e4ljalaske ja sisselaske s\u00fcsteemid, jne. Ideaalne autodele, mootorratastele, Atv-d, ja kerged veoautod, see masin h\u00f5lmab teie diagnostika vajab kergust.<\/div><\/div><div class=\"section\"><div class=\"section-title\"><\/div><div class=\"section-img small\"><img decoding=\"async\" src=\"\/vevor\/product\/YWCLYWSDQBWLNAY99\/smoke-leak-detector-a100-2.2-pt.jpg\" \/><\/div><div class=\"section-mobile-img\"><img decoding=\"async\" src=\"\/vevor\/product\/YWCLYWSDQBWLNAY99\/smoke-leak-detector-a100-2.2-pt.jpg\" \/><\/div><div class=\"section-desc\">Meie suitsu masin lekib tester on varustatud sisseehitatud air pump, mis tagab t\u00f5husa ja probleemivaba t\u00f6\u00f6. See sisseehitatud pump muudab teie diagnostika-protsessist, mis v\u00f5imaldab teil liikuda ja kasuta suitsu tester kuskil, ei ole vaja osta t\u00e4iendavat \u00f5hu pump.<\/div><\/div><div class=\"section\"><div class=\"section-title\"><\/div><div class=\"section-img small\"><img decoding=\"async\" src=\"\/vevor\/product\/YWCLYWSDQBWLNAY99\/smoke-leak-detector-a100-2.3-pt.jpg\" \/><\/div><div class=\"section-mobile-img\"><img decoding=\"async\" src=\"\/vevor\/product\/YWCLYWSDQBWLNAY99\/smoke-leak-detector-a100-2.3-pt.jpg\" \/><\/div><div class=\"section-desc\">Mitmek\u00fclgne avastamine koos 2 modes\u2014meie EVAP vaakum heitgaasi k\u00fctust lekib tester pakub kahte praktilist re\u017eiimid. \u00d5hu re\u017eiim on ideaalne kindlaks teha, kas on mingeid lekkeid, kuigi suitsu re\u017eiim aitab teil leida lekke punkti accuarately.<\/div><\/div><div class=\"section\"><div class=\"section-title\"><\/div><div class=\"section-img small\"><img decoding=\"async\" src=\"\/vevor\/product\/YWCLYWSDQBWLNAY99\/smoke-leak-detector-a100-2.4-pt.jpg\" \/><\/div><div class=\"section-mobile-img\"><img decoding=\"async\" src=\"\/vevor\/product\/YWCLYWSDQBWLNAY99\/smoke-leak-detector-a100-2.4-pt.jpg\" \/><\/div><div class=\"section-desc\">Kogemusi ohutu testimine meie toru k\u00fctuse leke diagnostika-detektor, mis sisaldab t\u00e4iustatud \u00fclekuumenemise kaitse. Kavandatud toimima jooksul -4\u00b0F kuni 167\u00b0F, see leak detector on ehitatud nii, et k\u00e4epide mitmekesise keskkonna tingimused, tagades usaldusv\u00e4\u00e4rseid tulemuslikkuse.<\/div><\/div><div class=\"section\"><div class=\"section-title\"><\/div><div class=\"section-img small\"><img decoding=\"async\" src=\"\/vevor\/product\/YWCLYWSDQBWLNAY99\/smoke-leak-detector-a100-2.5-pt.jpg\" \/><\/div><div class=\"section-mobile-img\"><img decoding=\"async\" src=\"\/vevor\/product\/YWCLYWSDQBWLNAY99\/smoke-leak-detector-a100-2.5-pt.jpg\" \/><\/div><div class=\"section-desc\">Meie k\u00fctuse toru diagnostika tester kaasas on universaalne adapter, EVAP adapter, sisselaske pordi adapter, koonus adapter, 8 \u00fcpp pistikud, toitejuhe klamber, ventiili core mutriv\u00f5ti, suitsu toru, ja tankimine pudel. Enne kasutamist \u00e4rge unustage lisada 10-20 ml beebi\u00f5li v\u00f5i mineraal \u00f5li (ei ole komplektis)<\/div><\/div><div class=\"section\"><div class=\"section-img small\"><img decoding=\"async\" src=\"\/vevor\/product\/YWCLYWSDQBWLNAY99\/smoke-leak-detector-a100-1.11-pt.jpg\" \/><\/div><div class=\"section-mobile-img\"><img decoding=\"async\" src=\"\/vevor\/product\/YWCLYWSDQBWLNAY99\/smoke-leak-detector-a100-1.11-pt.jpg\" \/><\/div><\/div><\/div><\/body><\/html><\/div>\n<div class=\"DM_at-title\" id=\"js-DM_at-title\"> <div>Toote spetsifikatsioon<\/div> <i class=\"icon-arrowup_line\"><\/i> <\/div><div class=\"DM_at-goodsDescAttr\" id=\"js-DM_at-goodsDescAttr\"> <div class=\"DM_at-goodsDescAttrInner\"> <dl class=\"goodsDesc_item goodsDesc_item_even\"> <dt>Punkt Mudeli Number<\/dt> <dd> SD314<\/dd> <\/dl> <dl class=\"goodsDesc_item\"> <dt>Pinge<\/dt> <dd> DC12V<\/dd> <\/dl> <dl class=\"goodsDesc_item goodsDesc_item_even\"> <dt>Suitsu Praegune Re\u017eiim<\/dt> <dd> 5.6 - 6.8 A<\/dd> <\/dl> <dl class=\"goodsDesc_item\"> <dt>V\u00e4ljundr\u00f5hu<\/dt> <dd> 19 - 23 PSI<\/dd> <\/dl> <dl class=\"goodsDesc_item goodsDesc_item_even\"> <dt>V\u00e4ljund Voolu<\/dt> <dd> 8 L\/min<\/dd> <\/dl> <dl class=\"goodsDesc_item\"> <dt>T\u00f6\u00f6temperatuur<\/dt> <dd> -4\u00b0F kuni 167\u00b0F \/ -20\u2103 kuni 75\u2103<\/dd> <\/dl> <dl class=\"goodsDesc_item goodsDesc_item_even\"> <dt>Tuvastus Re\u017eiimid<\/dt> <dd> \u00d5hu Re\u017eiim, Suitsu Re\u017eiim<\/dd> <\/dl> <dl class=\"goodsDesc_item\"> <dt>Peamised Materjalid<\/dt> <dd> Teras, Alumiinium, Messing -, Silikooni<\/dd> <\/dl> <dl class=\"goodsDesc_item goodsDesc_item_even\"> <dt>Toote Kaal<\/dt> <dd>8.8 lbs \/ 3.99 kg<\/dd> <\/dl> <dl class=\"goodsDesc_item\"> <dt>Toote M\u00f5\u00f5tmed<\/dt> <dd> 10.0&#034; x 6.9 x 7.8&#034; \/ 255 x 176 x 197 mm<\/dd> <\/dl> <\/div> <\/div>","protected":false},"excerpt":{"rendered":"<ul>\n<li> Mitmek\u00fclgne Testimise Taotlus: VEVOR automotive suitsu masin on oma l\u00f5pliku katsetamise tool \u2014 kas olete tegelevad EVAP s\u00fcsteemid, k\u00fctusepaagid, v\u00e4ljalaskes\u00fcsteemi, sisselaske s\u00fcsteemid, auto tihendid, v\u00f5i mitmesugused toruliitmikud, see leak detector on teile kaetud. Sobib autode, mootorrataste, Atv, kerged veoautod, see pakub terviklikku lahendust p\u00f5hjalik s\u00f5iduki leke diagnostika. <\/li>\n<li> Sisseehitatud \u00f5hupump: K\u00f5rvaldada vaeva v\u00e4lised pumbad. Meie k\u00f5ik-\u00fches suitsu masin lekke detektor funktsioone sisseehitatud \u00f5hupump koos 8L\/min suitsu v\u00e4ljund ja 19-23 PSI r\u00f5hu, provideing kiire, tugeva, stabiilse ja suitsu tarne. Nautige pingutusteta leke diagnostika ajal ja igal pool, ei ole vaja osta t\u00e4iendavat air pump ! <\/li>\n<li> 2 Tuvastus Re\u017eiimid: V\u00f5ta rahulikult kahe tuvastamise re\u017eiimi, 2 s\u00f5ltumatut nupud. \u00d5hu re\u017eiim on ideaalne kindlaks teha, kas on lekkeid, kuigi suitsu mode aidata teil leida lekke punkti accuarately. See kahekordne funktsionaalsus tagab tervikliku l\u00e4henemise nii alg-ja \u00fcksikasjalikud diagnostika. <\/li>\n<li> Ohutum Operatsioon: Varustatud digitaalne manomeeter, see gaasijuhe k\u00fctuse leke diagnostika-detektor aitab teil j\u00e4lgida r\u00f5hu muutused reaalajas, m\u00e4\u00e4rata raskus lekib. Samuti funktsioone, intelligentne \u00fclekuumenemise kaitse muretu ohutu testimine, mis automaatselt l\u00fclitub v\u00e4lja, kui ta avastab, \u00fclekuumenemisega. <\/li>\n<li> T\u00e4ielik Accessory Kit: T\u00e4ielikult varustatud t\u00f5husa diagnostika \u2013 meie DC12V automotive suitsu masin kaasas on universaalne adapter, EVAP adapter, sisselaske pordi adapter, koonus adapter, 8 \u00fcpp pistikud, toitejuhe klamber, ventiili core mutriv\u00f5ti, suitsu toru, ja tankimine pudel. Enne kasutamist palun lisage 10-20 ml beebi\u00f5li v\u00f5i mineraal \u00f5li (ei ole komplektis) <\/li>\n<\/ul>","protected":false},"featured_media":333390,"comment_status":"closed","ping_status":"open","template":"","meta":{"om_disable_all_campaigns":false,"_uf_show_specific_survey":0,"_uf_disable_surveys":false},"location":[1935,1934],"product_brand":[21],"product_cat":[2745,133,3269,2746],"product_tag":[],"class_list":{"0":"post-53486","1":"product","2":"type-product","3":"status-publish","4":"has-post-thumbnail","6":"location-supplier_stock_location","7":"location-local_stock_location","8":"product_brand-vevor","9":"product_cat-auto-parts","10":"product_cat-automotive","11":"product_cat-automotive-smoke-machine-leak-detector","12":"product_cat-fuel-systems","14":"first","15":"instock","16":"taxable","17":"shipping-taxable","18":"purchasable","19":"product-type-simple"},"aioseo_notices":[],"locations":[{"id":1935,"name":"Pieg\u0101d\u0101t\u0101ja noliktav\u0101 (5-7dd)","slug":"supplier_stock_location","quantity":"411"},{"id":1934,"name":"R\u012bgas veikal\u0101 (0-2d.d.)","slug":"local_stock_location","quantity":"0"}],"_links":{"self":[{"href":"https:\/\/vevorshop.lv\/et\/wp-json\/wp\/v2\/product\/53486","targetHints":{"allow":["GET"]}}],"collection":[{"href":"https:\/\/vevorshop.lv\/et\/wp-json\/wp\/v2\/product"}],"about":[{"href":"https:\/\/vevorshop.lv\/et\/wp-json\/wp\/v2\/types\/product"}],"replies":[{"embeddable":true,"href":"https:\/\/vevorshop.lv\/et\/wp-json\/wp\/v2\/comments?post=53486"}],"wp:featuredmedia":[{"embeddable":true,"href":"https:\/\/vevorshop.lv\/et\/wp-json\/wp\/v2\/media\/333390"}],"wp:attachment":[{"href":"https:\/\/vevorshop.lv\/et\/wp-json\/wp\/v2\/media?parent=53486"}],"wp:term":[{"taxonomy":"location","embeddable":true,"href":"https:\/\/vevorshop.lv\/et\/wp-json\/wp\/v2\/location?post=53486"},{"taxonomy":"product_brand","embeddable":true,"href":"https:\/\/vevorshop.lv\/et\/wp-json\/wp\/v2\/product_brand?post=53486"},{"taxonomy":"product_cat","embeddable":true,"href":"https:\/\/vevorshop.lv\/et\/wp-json\/wp\/v2\/product_cat?post=53486"},{"taxonomy":"product_tag","embeddable":true,"href":"https:\/\/vevorshop.lv\/et\/wp-json\/wp\/v2\/product_tag?post=53486"}],"curies":[{"name":"wp","href":"https:\/\/api.w.org\/{rel}","templated":true}]}}