{"id":53764,"date":"2024-11-20T00:18:59","date_gmt":"2024-11-20T00:18:59","guid":{"rendered":"http:\/\/vevorshop.edigo.lv\/Prece\/vevor-kitchen-playset-kids-pretend-cooking-play-toy-74-piece-accessories-pink\/"},"modified":"2026-05-01T21:24:46","modified_gmt":"2026-05-01T18:24:46","slug":"vevor-kitchen-playset-kids-pretend-cooking-play-toy-74-piece-accessories-pink","status":"publish","type":"product","link":"https:\/\/vevorshop.lv\/et\/Prece\/vevor-kitchen-playset-kids-pretend-cooking-play-toy-74-piece-accessories-pink\/","title":{"rendered":"VEVOR 3-\u00fches laste m\u00e4nguk\u00f6\u00f6k tulede, helide ja 74 tarvikuga, roosa, lastele vanuses 3\u20138, 127\u00d789\u00d728 cm"},"content":{"rendered":"<div style=\"color: #fff!important; font-size: 16px; height: 24px; line-height: 24px; margin-top: -24px; \" class=\"product_original_name\">VEVOR Kids Kitchen Playset, 3-in-1 Toddler Kitchen with Simulated Spray, Sounds and Lights, Play Kitchen Set with 74 PCS Cooking Accessory Set for Toddlers, Preschoolers, Children Ages 3-8, Pink<\/div>\n<div style=\"color: #fff!important; font-size: 16px; height: 24px; line-height: 24px; margin-top: -24px; \" class=\"product_sku\">M4I4M5SM<\/div>\n<div style=\"color: #fff!important; font-size: 16px; height: 24px; line-height: 24px; margin-top: -24px; \" class=\"product_mpn\">ZTCFWJTZFSSHSHZQ5V0<\/div><div id=\"js-DM_at-goodDescRich\"><html><head><style>  body {    font-family: Arial;    line-height: 1.5;    color: #1c1c1c;    overflow-x: hidden;    margin: 0;    padding: 0;  }  .MsoNormal b {    font-weight: bolder;  }<\/style><style>  .container.small {    width: 970px;    margin: 0 auto;  }  .logo {    margin: 0 auto 0;  }  .logo img {    display: block;    margin: 0 auto;    max-width: 100%;  }  .logo .pc-banner {    display: block;    width: 1200px;    height: 247.4px;    margin: 0 auto;  }  .logo .pc-banner.small {    width: 970px;  }  .logo .pc-banner.small img {    height: auto!important;  }  .logo .m-banner {    display: none;  }  .ytvideo {    position: relative;    height: 546px;    width: 100%;    margin: 0 auto;  }  .ytvideo img {    width: 100%;    margin: 0 auto;  }  .ytvideo .play-btn {    width: 60px;    height: 42px;    position: absolute;    top: 50%;    left: 50%;    transform: translate(-50%, -50%);    background: url(\"data:image\/png;base64,iVBORw0KGgoAAAANSUhEUgAAAGQAAABGCAMAAAANWMFbAAAC+lBMVEUAAADBGB3kLCfBGB3kLCfcJC7BFx3KKSbiKybkLCbWJCPSIiLSIiLPICHAFx3kLCfgKSXNHiDZJiTIGx\/p4eHcjo7LHSDbJyTkLCbjKyfOHyHPIiL28fHJHB\/GGh7EGR7eKCXDGB3RISHlLSbBGB3AFxzGHB7DGB7BGB3hKybkKybAFx3lLCfAFxzDGR3hKibDGB7cJyTmz8\/elJTlwcHjurrUIyLlLSflLSfAFx3DGR7lLSfCFx3hKibhKibhKybjKybkLCblLSfbJSX49vbx7e3NNzjNMTLMJyjVIyLZf3\/ZQ0LaeHjx0tLgoqLkLCfCGB3HGx\/BGB3BFx3PICHCGB7WJCLOHyC\/Fxy\/Fx3lLCfQISHkLSe\/FxzbJiTBFx3FGx\/AGB7BFx3EGR7AGB3HHSDfKiXAFh3TISHYNzbhKibbJyTTIiL57e325+f039\/v2NjUV1fOHiHiqanfmprch4feKSXVIyPOICHmLibFGh\/mLSe\/Fx7XJCPeKSXXJSPNHyHaJyTGGh7lLCbmLCflLSjSIiLkLCbdKSXLHiC\/GB3KHh++Fh3lKyfoLiXcKCPkx8fYb2\/XaGfVXl3aU1LLHiDksbHgKibPICHbJyTfKSXbJyTCGB3KHSDiKybFGh7TIiL\/\/\/\/VIyPRISHIHB\/GGx\/HHB\/DGR7gKibdKCXLHiDZJiTMHiDNHyHYJSTOICHPICHWJCPcKCXXJSPjLCblLCf+\/f3NGR\/uLijzLynPGR\/IGB7WISHaIyLLGh7UAADxLynNAADRLzDbICLQAADIAAD3MCrUHSHXMTDpKSbLAADp5OTij4\/ejo\/VLy\/1LyngJSTcJCPQHx\/OHB7+\/PzaMS\/OLS\/vLijrLSjSAADaNTPwLyjkKSbNJCbYISHPHB\/KGB7WAAD7+vrn3d3aKynTKCjoLCfsKifRGh\/YAADq5+fhjo7QNDXXKCfmJyXt5+fTLzDLLi\/QKivYHRvMGBrQJCXLISPMExXLDxLaEAvkkI\/bOTfaFQ\/SCgpvLcnHAAAAmnRSTlMA+vv7+gT9Bvf9+8z8\/NSv\/Pr5+P7++vnQIBMP\/v38\/Pn348XDiCYf9OjbzcqxXVcx\/fz8+\/rj1r2poo1+fXFqX0orGP7+\/v7+\/fz8+\/r68uzn4trIxsG\/vri3p6GcmZSNbWVYUUZEPQv+\/f39+\/v7+\/v7+vr64tvV1NTTz87FtbSurqeblJKFg4B3bUY+NjL7+\/v7+\/v67t1cDo8JLQAABkRJREFUWMO0kz9rwkAYh0OIeJkum6YugUAhISCdKoj\/P4C7SMdS+gEKIhSKil10LSg4mzXkILdlEpxCpwTiWOLX6BujvQaEQuGeHLnL+\/64J+SIcKGYTYWnntpdLjrVdqvZmNdn0+EE40GtpuuWVS6Xx6N7YDSGpWXpeq02wHgynM7q80az1a52HpddtVcpsi1zFARBrdaxbhp9iUReTGmwA4KAAr7vx3EYejnCMI6hQYEgy0LQi4jUN0wL19vqFcUC9\/1dAKmEEFkWRYkh5oBejnxQJiSJPJ\/uKBp0Thszx9Mw8hMRIQjKsptCfuES9zr5WJY6vSFCIvE9fCMUmEM1A1kSXcYGxgVYsvI1IPKTZciSTI0us\/SMGG04gDzELDoFBwdcFJrF88dqgYMTiL6DILWYyfOWE8\/kIz38olCNlC03FK95+imxp6y4oUSvAnBjHHhKNtotSDqJzVFiK8c2SBqhZtsrTtgrLXwAyduxZHNE26eHUt5rtuM4WSmds3G+sUdWYo1L+XyxButoh5eKUHk5lByO3G1LqqCWVnfrv\/lyPtf\/4ps1cndNGIri8J1TJ0lx6dR\/oPjq1nbRwdp2dCk4CtIOLW3pVKRL6WZfS5vF2KkIQhpwSsjiYIgNCs1gEMGqiIq24NQX9NwoXFy8Ufrl3twTcg4fv8T9\/JBEySduj6Mjm4bMzYV7EEOxKjjoNDud7yY3Dy71Hq2oLmqfbNR723edH9PgMrNL2utoQ3VmaIDkiw\/4w51P06hlZsTZvkRrbVuSIs\/zwSOsycgzStQouoAkWQqioRT5XI7n2Z1wfVhoZmcAJLsoqjqpjbWCgpOAJXBwHK8PzWbNvoUZJND5wCnSkLAkZ1legx6vqQzjoiTahKlGUGLAiIIoABOHaNVw4sexZBym6\/HWlH5h3IC7yRbxtipcWxdTOkORKiNQAEkFf66x5S2oeRbroOlLgg0sSYkR0hRGEqJZ0jTPiQKatESdBckpWigxaapEH0lImHdWu9pUFF2XqMNM2Z4kped7IwEJw2qabwtrQqnpw6HyKkgcadKWsmpywwesDyIhYRpdzXddqegtGIJlXbAIUMOLkGxJUjRIkokwjUaX9d\/kK62ps\/tYUqZLIMkLTyBhsMZ3C5Z\/kDxOSCb\/DOs\/\/J0qcWSX\/2ipe56EgTCA4\/cB7NAYOsni4mZM1MUPAISoEwkDi4lhVBQ1cWQyIcwalw4EpqZN68JUSK7XC0kTlkLYii5uXSC8jT5ncCAS7mjCv0uHp\/3lueHEEAeQ\/\/VgmdN71\/2uCSA1Xr6DO6uI6sW56zqT2tp2PhgiRUAajV8CY2fkcz6WGNKMgLAt7tJAhD4YHMTeRxlALE6+43WqjSWi8ITxyJl8WrwWSNESQZZOqhDDntO3hJLsd5RtSpbJqdv3YrDJH3F7jL1R2O2aQkn2MyCyKYz0GPGIvSAMgBCrCEiJyKbBaYGwLW4uPRr0A0M4Ux5kUI7IBh+hMdiCEWNqhMZGyYMsOgNE58UQuEQeUnSWCMYwL54hkxK6IoqucQZbQ3pc3XtL0lky1dL0zZJJDpWJovFqpWj6JEHnyam2eQp5QRVAVHjWparTOaVwUOx99YS2MvgxIGV0bb+qIg2HX2qkFFJB+XZcbLiuRkuxD9GRroKyveLxdh4d7Orx+hb7qc3uVRuEogCOnyIxm4ubUoPgF4jianDrC+SDQDKEfJb0GUKmjCGPYHGJvVC6X4hw1\/sAfQAdfYyephIaspXe36RwOP+Ljvfx9B6B3i+Nk0DGq+oCbLn6JpBa9nWAveAIHwFAwtVcIJXPMPL8kRu5OAYPMaL1WScTxjiZDqB9LTJSWphow\/pTYKRTLjCBhvi9iBidvKcDasGSm0QQkycYuLBqj6QCELPctqChDWpTRMWkngNNpQ1Pfp1KkiT\/Y0DGffXAweUNfLAfaJFKDwhb6I+bkYRbkERoEeu3Fyjg2opMz2daZCS9jt6Q7txNfB+OZEVF6Zl5web2xunnLQrtrjXseXKaFYziYINeMFZVxS9VxRhOoesYwxPKXm+gWLG9cuFeq93UNNeJNsf1KlwuDok9n02n3TgIJpOxNfL9naIoQwXtfH9kjceTIIi709ncTg6LZbg+biLH1V6u\/7rxBem06VXKn9raAAAAAElFTkSuQmCC\")      no-repeat center center \/ contain;  }  @media screen and (max-width: 960px) and (orientation: portrait) {    .logo {      width: 100%;    }    .logo .pc-banner {      display: none;    }    .logo .m-banner {      display: block;      width: 100%;    }    .logo .m-banner img {      height: auto!important;    }    .ytvideo {      height: 200px;      width: 100%;    }  }<\/style><style>  .video-section {    width: 100%;    margin: 0 auto;  }  .video-section > img {    width: 100%;  }  .video-section iframe,  .video-section video {    width: 100%;    height: 100%;      }  .video-section-img-m,  .video-section-img-pc > img {    width: 100%;    height: auto;  }  .video-section-img-pc.small > img {    width: 970px;  }  .video-desc {    line-height: 1.5;    font-size: 20px;    font-weight: 400;    margin: 20px 0;    text-align: center;    color: #0f1111;    word-break: break-word;  }  @media screen and (max-width: 960px) and (orientation: portrait) {    .video-section {      width: 100%;    }    .video-section-pc,    .video-section-img-pc {      display: none;    }    .video-section-m,    .video-section-img-m {      display: block;    }    .video-desc {      font-size: 15px;    }  }  @media screen and (min-width: 960px) {    .video-section {      width: 100%;      margin: 0 auto;    }    .video-section-pc,    .video-section-img-pc {      display: block;    }    .video-section-m,    .video-section-img-m {      display: none;    }    .video-desc {      font-size: 20px;    }  }<\/style><style>  .section + .section {    margin-top: 35px;  }  .section-title {    text-align: center;    font-weight: bold;    color: #0d1111;    font-family: \"Arial\";    font-size: 32px;    margin: 15px 0;  }  .section-title:empty {    display: none;  }  .section-desc {    text-align: center;    font-weight: normal;    color: #0d1111;    margin-top: 20px;  }  .section-desc:empty {    display: none;  }  .section-img {    width: 1200px;    height: 492px;    margin: 0 auto;    display: block;  }  .section-img.small {    width: 970px;    height: auto;  }  .section-img.small > img {    height: auto;  }  .section-img > img {    width: 100%;    height: 100%;  }  .section-mobile-img {    display: none;    max-width: 100vw;    max-height: 75vw;    height: 450px;    margin: 0 auto;  }  .section-mobile-img > img {    width: 100%;    height: 100%;  }  @media screen and (max-width: 960px) and (orientation: portrait) {    .container {      width: 100%;    }    .container.small {      width: 100%;    }    .section-mobile-img {      display: block;    }    .section-img {      display: none;    }    .section-title {      font-size: 22px;      margin: 10px 0;    }    .section-desc {      margin-top: 10px;    }    .section + .section {      margin-top: 20px;    }  }<\/style><\/head><body><div class=\"container small\"><div class=\"logo\"><div class=\"pc-banner small\"><div><img decoding=\"async\" src=\"\/vevor\/vevor\/boutique-banner\/pc\/en-pc@1x.jpg\" style=\"width: 100%;\" \/><\/div><\/div><div class=\"m-banner\"><div><img decoding=\"async\" src=\"\/vevor\/vevor\/boutique-banner\/mobile\/en-m@1x.jpg\" style=\"width: 100%;\" \/><\/div><\/div><\/div><div class=\"section-title\">Sepustaa L\u00f5bus ja Loovust VEVOR Lapsed, K\u00f6\u00f6k Playset<\/div><div class=\"video-section\"><div class=\"video-section-img-pc small\"><img decoding=\"async\" src=\"\/vevor\/product\/ZTCFWJTZFSSHSHZQ5\/kitchen-playset-a100-1.4-pt.jpg\" \/><\/div><div class=\"video-section-img-m\"><img decoding=\"async\" src=\"\/vevor\/product\/ZTCFWJTZFSSHSHZQ5\/kitchen-playset-a100-1.4-pt.jpg\" \/><\/div><div class=\"section-desc\">Meie k\u00f6\u00f6gi m\u00e4ngukomplekt pakub oma uuendusliku disaini, tugeva konstruktsiooni ja tervises\u00f5bralike materjalidega segu l\u00f5busast ja funktsionaalsusest. Sellel on realistlikud k\u00f6\u00f6gifunktsioonid, mis aitavad arendada teie lapse sotsiaalseid oskusi, loovust ja k\u00e4e-silma koordinatsiooni.<\/div><\/div><div class=\"section\"><div class=\"section-title\"><\/div><div class=\"section-img small\"><img decoding=\"async\" src=\"\/vevor\/product\/ZTCFWJTZFSSHSHZQ5\/kitchen-playset-a100-2.2-pt.jpg\" \/><\/div><div class=\"section-mobile-img\"><img decoding=\"async\" src=\"\/vevor\/product\/ZTCFWJTZFSSHSHZQ5\/kitchen-playset-a100-2.2-pt.jpg\" \/><\/div><div class=\"section-desc\">Meie 3-in-1 k\u00f6\u00f6k m\u00e4nguasja saab luua mitmel viisil\u2014kas nii, nagu eraldi t\u00fckid v\u00f5i kombineerida koos\u2014pakuvad l\u00f5putuid v\u00f5imalusi m\u00e4ngida. Tema avatud disain sobib iga m\u00e4nguv\u00e4ljak ja on piisavalt suur grupp m\u00e4ngida, mist\u00f5ttu on ideaalne sotsiaalse tegevuse ajal s\u00e4demeid loovust ja kujutlusv\u00f5imet.<\/div><\/div><div class=\"section\"><div class=\"section-title\"><\/div><div class=\"section-img small\"><img decoding=\"async\" src=\"\/vevor\/product\/ZTCFWJTZFSSHSHZQ5\/kitchen-playset-a100-2.3-pt.jpg\" \/><\/div><div class=\"section-mobile-img\"><img decoding=\"async\" src=\"\/vevor\/product\/ZTCFWJTZFSSHSHZQ5\/kitchen-playset-a100-2.3-pt.jpg\" \/><\/div><div class=\"section-desc\">Tervises\u00f5bralikest materjalidest valmistatud meie laste k\u00f6\u00f6gi m\u00e4ngukomplekt on BPA-vaba ja kahjutu, tagades turvalise m\u00e4ngu. See on ehitatud kestma, nii et v\u00f5ite tunda end kindlalt, et teie laps m\u00e4ngib kvaliteetse ja vastupidava m\u00e4nguasjaga.<\/div><\/div><div class=\"section\"><div class=\"section-title\"><\/div><div class=\"section-img small\"><img decoding=\"async\" src=\"\/vevor\/product\/ZTCFWJTZFSSHSHZQ5\/kitchen-playset-a100-2.4-pt.jpg\" \/><\/div><div class=\"section-mobile-img\"><img decoding=\"async\" src=\"\/vevor\/product\/ZTCFWJTZFSSHSHZQ5\/kitchen-playset-a100-2.4-pt.jpg\" \/><\/div><div class=\"section-desc\">Naudi lapsed k\u00f6\u00f6ki, mis toob k\u00f6\u00f6k elu realistlikud helid ja tuled. Funktsioonid nagu sizzling pliit ja toimimise seadmeid teha m\u00e4nguaeg huvitavat ja d\u00fcnaamilist, loovuse ja praktilisi oskusi, samal ajal edendades sotsiaalset suhtlemist.<\/div><\/div><div class=\"section\"><div class=\"section-title\"><\/div><div class=\"section-img small\"><img decoding=\"async\" src=\"\/vevor\/product\/ZTCFWJTZFSSHSHZQ5\/kitchen-playset-a100-2.5-pt.jpg\" \/><\/div><div class=\"section-mobile-img\"><img decoding=\"async\" src=\"\/vevor\/product\/ZTCFWJTZFSSHSHZQ5\/kitchen-playset-a100-2.5-pt.jpg\" \/><\/div><div class=\"section-desc\">See m\u00e4nguk\u00f6\u00f6k, mis on varustatud mitmesuguste tarvikutega, suurendab koordinatsiooni ja tekitab kujutlusv\u00f5imet \u00fcle 3-aastastel lastel. See on loodud selleks, et muuta riistade, v\u00e4rvide ja toitude tundma\u00f5ppimine l\u00f5busaks, parandades samal ajal k\u00e4e-silma koordinatsiooni ja toiduvalmistamisoskusi.<\/div><\/div><div class=\"section\"><div class=\"section-img small\"><img decoding=\"async\" src=\"\/vevor\/product\/ZTCFWJTZFSSHSHZQ5\/kitchen-playset-a100-1.11-pt.jpg\" \/><\/div><div class=\"section-mobile-img\"><img decoding=\"async\" src=\"\/vevor\/product\/ZTCFWJTZFSSHSHZQ5\/kitchen-playset-a100-1.11-pt.jpg\" \/><\/div><\/div><\/div><\/body><\/html><\/div>\n<div class=\"DM_at-title\" id=\"js-DM_at-title\"> <div>Toote spetsifikatsioon<\/div> <i class=\"icon-arrowup_line\"><\/i> <\/div><div class=\"DM_at-goodsDescAttr\" id=\"js-DM_at-goodsDescAttr\"> <div class=\"DM_at-goodsDescAttrInner\"> <dl class=\"goodsDesc_item goodsDesc_item_even\"> <dt>Punkt Mudeli Number<\/dt> <dd> 1234-7F<\/dd> <\/dl> <dl class=\"goodsDesc_item\"> <dt>Stiil<\/dt> <dd> 3-in-1 Modulaarne Disain Play K\u00f6\u00f6k<\/dd> <\/dl> <dl class=\"goodsDesc_item goodsDesc_item_even\"> <dt>Materjal<\/dt> <dd> PP<\/dd> <\/dl> <dl class=\"goodsDesc_item\"> <dt>V\u00e4rv<\/dt> <dd> Roosa<\/dd> <\/dl> <dl class=\"goodsDesc_item goodsDesc_item_even\"> <dt>Toote Suurus<\/dt> <dd> 50.4 x 11.4 x 35.4 in\/128 x 29 x 90 cm<\/dd> <\/dl> <dl class=\"goodsDesc_item\"> <dt>Realistlik K\u00f6\u00f6gitarbed ja Toidu<\/dt> <dd> 74 TK<\/dd> <\/dl> <dl class=\"goodsDesc_item goodsDesc_item_even\"> <dt>Aku Kirjeldused<\/dt> <dd> 6 x AA Patareisid (ei ole komplektis)<\/dd> <\/dl> <dl class=\"goodsDesc_item\"> <dt>Toote Kaal<\/dt> <dd> 15.4 lbs\/7 kg<\/dd> <\/dl> <\/div> <\/div>","protected":false},"excerpt":{"rendered":"<ul>\n<li> Teise lapse 3-in-1 K\u00f6\u00f6k Playset: See play k\u00f6\u00f6k on ideaalne r\u00fchma m\u00e4ngida, v\u00f5imalus kasutada iga osa eraldi v\u00f5i neid omavahel kombineerida kuni 3 last. Hotellis on avarad t\u00f6\u00f6laua l\u00f5ikamine ja korraldamine koostisosi, millele on laiendatud loendurid ja hoiustamise korve m\u00f5lemal pool. M\u00f5\u00f5te-50&#034; (L) x 35&#034; (H) x 11&#034; (W) koos 14.9&#034; counter k\u00f5rgus, see on m\u00f5eldud mugav m\u00e4ngida. <\/li>\n<li> L\u00f5bus Realistlik Toiduvalmistamis: Tulevased kokad armastavad selle kids k\u00f6\u00f6k playset! Lapsed saavad kleit \u00fcles hulka p\u00f5lle ja koka m\u00fcts, pesta koostisosad kraanikaussi, l\u00f5ika need m\u00e4nguasja n\u00f5ud ja k\u00fcpseta neid ahjus. Pliit on klikkige nupud, vilkuvad tuled, ja auru m\u00f5ju realistlik touch. P\u00e4rast keetmist, v\u00f5ivad nad lisada maitseained ja nautida oma loomingut! <\/li>\n<li> 74 Rikas Lisavarustus: k\u00f6\u00f6k playset kaasas fantastilisel plastist tarvikud: 2 potid, 6 n\u00f5ud, a veekeetja, 20 pakke, 7 k\u00f6\u00f6givili, 3 puu -, 3 joogid, 10 k\u00f6\u00f6k t\u00f6\u00f6riistad, 9 v\u00fcrtsid, 4 pudelit, ja 9 grill esemed. Nende tarvikud suurendada v\u00e4rvi tunnustamise, k\u00e4e-silma koordineerimine, ja toiduvalmistamise teadmiste, muutes m\u00e4nguaeg nii l\u00f5bus ja hariv. <\/li>\n<li> Turvaline ja Vastupidav Laste jaoks: Valmistatud ABS materjalist, see k\u00f6\u00f6k seatud funktsioone sile servi, teravaid osi, ja on l\u00f5hnatu, mist\u00f5ttu on ohutu lastele. See on vastupidavad pleegib, l\u00f5henemist, ja koorimine ja on lihtne puhastada lihtsalt p\u00fchkida. Kerge v\u00f5rreldes puidust komplekti, see on suurep\u00e4rane starter k\u00f6\u00f6k playset. See on ka CPC turvalisus kontrollitud ja ehitatud viimase. <\/li>\n<li> Lihtne kokku panna ja suurep\u00e4rane kingitus: meie v\u00e4ikelaste m\u00e4nguasjade komplekt on loodud vastupidavuse ja l\u00f5bu p\u00e4rast ning t\u00e4nu selgele kasutusjuhendile on seda lihtne kokku panna. See sobib suurep\u00e4raselt laste kujutlusv\u00f5ime ja loovuse tekitamiseks. Stiilse ja m\u00e4ngulise v\u00e4limusega on see ideaalne kingitus 3-aastastele ja vanematele lastele. <\/li>\n<\/ul>","protected":false},"featured_media":334961,"comment_status":"closed","ping_status":"open","template":"","meta":{"om_disable_all_campaigns":false,"_uf_show_specific_survey":0,"_uf_disable_surveys":false},"location":[1935,1934],"product_brand":[21],"product_cat":[2495,2490,4449,2378,4448],"product_tag":[],"class_list":{"0":"post-53764","1":"product","2":"type-product","3":"status-publish","4":"has-post-thumbnail","6":"location-supplier_stock_location","7":"location-local_stock_location","8":"product_brand-vevor","9":"product_cat-kids-activity-toys","10":"product_cat-kids-toys","11":"product_cat-kitchen-playsets","12":"product_cat-sports-outdoors","13":"product_cat-toy-kitchen-sets","15":"first","16":"instock","17":"taxable","18":"shipping-taxable","19":"purchasable","20":"product-type-simple"},"aioseo_notices":[],"locations":[{"id":1935,"name":"Pieg\u0101d\u0101t\u0101ja noliktav\u0101 (5-7dd)","slug":"supplier_stock_location","quantity":"86"},{"id":1934,"name":"R\u012bgas veikal\u0101 (0-2d.d.)","slug":"local_stock_location","quantity":"0"}],"_links":{"self":[{"href":"https:\/\/vevorshop.lv\/et\/wp-json\/wp\/v2\/product\/53764","targetHints":{"allow":["GET"]}}],"collection":[{"href":"https:\/\/vevorshop.lv\/et\/wp-json\/wp\/v2\/product"}],"about":[{"href":"https:\/\/vevorshop.lv\/et\/wp-json\/wp\/v2\/types\/product"}],"replies":[{"embeddable":true,"href":"https:\/\/vevorshop.lv\/et\/wp-json\/wp\/v2\/comments?post=53764"}],"wp:featuredmedia":[{"embeddable":true,"href":"https:\/\/vevorshop.lv\/et\/wp-json\/wp\/v2\/media\/334961"}],"wp:attachment":[{"href":"https:\/\/vevorshop.lv\/et\/wp-json\/wp\/v2\/media?parent=53764"}],"wp:term":[{"taxonomy":"location","embeddable":true,"href":"https:\/\/vevorshop.lv\/et\/wp-json\/wp\/v2\/location?post=53764"},{"taxonomy":"product_brand","embeddable":true,"href":"https:\/\/vevorshop.lv\/et\/wp-json\/wp\/v2\/product_brand?post=53764"},{"taxonomy":"product_cat","embeddable":true,"href":"https:\/\/vevorshop.lv\/et\/wp-json\/wp\/v2\/product_cat?post=53764"},{"taxonomy":"product_tag","embeddable":true,"href":"https:\/\/vevorshop.lv\/et\/wp-json\/wp\/v2\/product_tag?post=53764"}],"curies":[{"name":"wp","href":"https:\/\/api.w.org\/{rel}","templated":true}]}}