{"id":54286,"date":"2024-11-20T01:18:05","date_gmt":"2024-11-20T01:18:05","guid":{"rendered":"http:\/\/vevorshop.edigo.lv\/Prece\/vevor-cat-litter-box-enclosure-wooden-litter-box-furniture-hidden-with-3-shelves\/"},"modified":"2026-05-04T22:56:59","modified_gmt":"2026-05-04T19:56:59","slug":"vevor-cat-litter-box-enclosure-wooden-litter-box-furniture-hidden-with-3-shelves","status":"publish","type":"product","link":"https:\/\/vevorshop.lv\/et\/Prece\/vevor-kassi-liivakasti-korpus-puidust-liivakasti-moobel-peidetud-3-riiuliga\/","title":{"rendered":"VEVOR peidetud kassiliivakasti m\u00f6\u00f6bel 3 riiuliga, MDF kapp suurtele kassidele, 85x49x149cm, tumepruun"},"content":{"rendered":"<div style=\"color: #fff!important; font-size: 16px; height: 24px; line-height: 24px; margin-top: -24px; \" class=\"product_original_name\">VEVOR kassipesakonna korpus, peidetud pesakonnakarbi m\u00f6\u00f6bel 3 hoiuriiuliga, puidust kassipesuruum siseruumides, suur kassimaja kapp, mis sobib k\u00f5ige pesakonnakarbiga, 33,5 \"L x 19,3\" W x 58,7\" H, tumepruun<\/div>\n<div style=\"color: #fff!important; font-size: 16px; height: 24px; line-height: 24px; margin-top: -24px; \" class=\"product_sku\">M4I4M7XS<\/div>\n<div style=\"color: #fff!important; font-size: 16px; height: 24px; line-height: 24px; margin-top: -24px; \" class=\"product_mpn\">DHSCBBSNJSMSUOAB6V0<\/div><div id=\"js-DM_at-goodDescRich\"><html><head><style>  body {    font-family: Arial;    line-height: 1.5;    color: #1c1c1c;    overflow-x: hidden;    margin: 0;    padding: 0;  }  .MsoNormal b {    font-weight: bolder;  }<\/style><style>  .container.small {    width: 970px;    margin: 0 auto;  }  .logo {    margin: 0 auto 0;  }  .logo img {    display: block;    margin: 0 auto;    max-width: 100%;  }  .logo .pc-banner {    display: block;    width: 1200px;    height: 247.4px;    margin: 0 auto;  }  .logo .pc-banner.small {    width: 970px;  }  .logo .pc-banner.small img {    height: auto!important;  }  .logo .m-banner {    display: none;  }  .ytvideo {    position: relative;    height: 546px;    width: 100%;    margin: 0 auto;  }  .ytvideo img {    width: 100%;    margin: 0 auto;  }  .ytvideo .play-btn {    width: 60px;    height: 42px;    position: absolute;    top: 50%;    left: 50%;    transform: translate(-50%, -50%);    background: url(\"data:image\/png;base64,iVBORw0KGgoAAAANSUhEUgAAAGQAAABGCAMAAAANWMFbAAAC+lBMVEUAAADBGB3kLCfBGB3kLCfcJC7BFx3KKSbiKybkLCbWJCPSIiLSIiLPICHAFx3kLCfgKSXNHiDZJiTIGx\/p4eHcjo7LHSDbJyTkLCbjKyfOHyHPIiL28fHJHB\/GGh7EGR7eKCXDGB3RISHlLSbBGB3AFxzGHB7DGB7BGB3hKybkKybAFx3lLCfAFxzDGR3hKibDGB7cJyTmz8\/elJTlwcHjurrUIyLlLSflLSfAFx3DGR7lLSfCFx3hKibhKibhKybjKybkLCblLSfbJSX49vbx7e3NNzjNMTLMJyjVIyLZf3\/ZQ0LaeHjx0tLgoqLkLCfCGB3HGx\/BGB3BFx3PICHCGB7WJCLOHyC\/Fxy\/Fx3lLCfQISHkLSe\/FxzbJiTBFx3FGx\/AGB7BFx3EGR7AGB3HHSDfKiXAFh3TISHYNzbhKibbJyTTIiL57e325+f039\/v2NjUV1fOHiHiqanfmprch4feKSXVIyPOICHmLibFGh\/mLSe\/Fx7XJCPeKSXXJSPNHyHaJyTGGh7lLCbmLCflLSjSIiLkLCbdKSXLHiC\/GB3KHh++Fh3lKyfoLiXcKCPkx8fYb2\/XaGfVXl3aU1LLHiDksbHgKibPICHbJyTfKSXbJyTCGB3KHSDiKybFGh7TIiL\/\/\/\/VIyPRISHIHB\/GGx\/HHB\/DGR7gKibdKCXLHiDZJiTMHiDNHyHYJSTOICHPICHWJCPcKCXXJSPjLCblLCf+\/f3NGR\/uLijzLynPGR\/IGB7WISHaIyLLGh7UAADxLynNAADRLzDbICLQAADIAAD3MCrUHSHXMTDpKSbLAADp5OTij4\/ejo\/VLy\/1LyngJSTcJCPQHx\/OHB7+\/PzaMS\/OLS\/vLijrLSjSAADaNTPwLyjkKSbNJCbYISHPHB\/KGB7WAAD7+vrn3d3aKynTKCjoLCfsKifRGh\/YAADq5+fhjo7QNDXXKCfmJyXt5+fTLzDLLi\/QKivYHRvMGBrQJCXLISPMExXLDxLaEAvkkI\/bOTfaFQ\/SCgpvLcnHAAAAmnRSTlMA+vv7+gT9Bvf9+8z8\/NSv\/Pr5+P7++vnQIBMP\/v38\/Pn348XDiCYf9OjbzcqxXVcx\/fz8+\/rj1r2poo1+fXFqX0orGP7+\/v7+\/fz8+\/r68uzn4trIxsG\/vri3p6GcmZSNbWVYUUZEPQv+\/f39+\/v7+\/v7+vr64tvV1NTTz87FtbSurqeblJKFg4B3bUY+NjL7+\/v7+\/v67t1cDo8JLQAABkRJREFUWMO0kz9rwkAYh0OIeJkum6YugUAhISCdKoj\/P4C7SMdS+gEKIhSKil10LSg4mzXkILdlEpxCpwTiWOLX6BujvQaEQuGeHLnL+\/64J+SIcKGYTYWnntpdLjrVdqvZmNdn0+EE40GtpuuWVS6Xx6N7YDSGpWXpeq02wHgynM7q80az1a52HpddtVcpsi1zFARBrdaxbhp9iUReTGmwA4KAAr7vx3EYejnCMI6hQYEgy0LQi4jUN0wL19vqFcUC9\/1dAKmEEFkWRYkh5oBejnxQJiSJPJ\/uKBp0Thszx9Mw8hMRIQjKsptCfuES9zr5WJY6vSFCIvE9fCMUmEM1A1kSXcYGxgVYsvI1IPKTZciSTI0us\/SMGG04gDzELDoFBwdcFJrF88dqgYMTiL6DILWYyfOWE8\/kIz38olCNlC03FK95+imxp6y4oUSvAnBjHHhKNtotSDqJzVFiK8c2SBqhZtsrTtgrLXwAyduxZHNE26eHUt5rtuM4WSmds3G+sUdWYo1L+XyxButoh5eKUHk5lByO3G1LqqCWVnfrv\/lyPtf\/4ps1cndNGIri8J1TJ0lx6dR\/oPjq1nbRwdp2dCk4CtIOLW3pVKRL6WZfS5vF2KkIQhpwSsjiYIgNCs1gEMGqiIq24NQX9NwoXFy8Ufrl3twTcg4fv8T9\/JBEySduj6Mjm4bMzYV7EEOxKjjoNDud7yY3Dy71Hq2oLmqfbNR723edH9PgMrNL2utoQ3VmaIDkiw\/4w51P06hlZsTZvkRrbVuSIs\/zwSOsycgzStQouoAkWQqioRT5XI7n2Z1wfVhoZmcAJLsoqjqpjbWCgpOAJXBwHK8PzWbNvoUZJND5wCnSkLAkZ1legx6vqQzjoiTahKlGUGLAiIIoABOHaNVw4sexZBym6\/HWlH5h3IC7yRbxtipcWxdTOkORKiNQAEkFf66x5S2oeRbroOlLgg0sSYkR0hRGEqJZ0jTPiQKatESdBckpWigxaapEH0lImHdWu9pUFF2XqMNM2Z4kped7IwEJw2qabwtrQqnpw6HyKkgcadKWsmpywwesDyIhYRpdzXddqegtGIJlXbAIUMOLkGxJUjRIkokwjUaX9d\/kK62ps\/tYUqZLIMkLTyBhsMZ3C5Z\/kDxOSCb\/DOs\/\/J0qcWSX\/2ipe56EgTCA4\/cB7NAYOsni4mZM1MUPAISoEwkDi4lhVBQ1cWQyIcwalw4EpqZN68JUSK7XC0kTlkLYii5uXSC8jT5ncCAS7mjCv0uHp\/3lueHEEAeQ\/\/VgmdN71\/2uCSA1Xr6DO6uI6sW56zqT2tp2PhgiRUAajV8CY2fkcz6WGNKMgLAt7tJAhD4YHMTeRxlALE6+43WqjSWi8ITxyJl8WrwWSNESQZZOqhDDntO3hJLsd5RtSpbJqdv3YrDJH3F7jL1R2O2aQkn2MyCyKYz0GPGIvSAMgBCrCEiJyKbBaYGwLW4uPRr0A0M4Ux5kUI7IBh+hMdiCEWNqhMZGyYMsOgNE58UQuEQeUnSWCMYwL54hkxK6IoqucQZbQ3pc3XtL0lky1dL0zZJJDpWJovFqpWj6JEHnyam2eQp5QRVAVHjWparTOaVwUOx99YS2MvgxIGV0bb+qIg2HX2qkFFJB+XZcbLiuRkuxD9GRroKyveLxdh4d7Orx+hb7qc3uVRuEogCOnyIxm4ubUoPgF4jianDrC+SDQDKEfJb0GUKmjCGPYHGJvVC6X4hw1\/sAfQAdfYyephIaspXe36RwOP+Ljvfx9B6B3i+Nk0DGq+oCbLn6JpBa9nWAveAIHwFAwtVcIJXPMPL8kRu5OAYPMaL1WScTxjiZDqB9LTJSWphow\/pTYKRTLjCBhvi9iBidvKcDasGSm0QQkycYuLBqj6QCELPctqChDWpTRMWkngNNpQ1Pfp1KkiT\/Y0DGffXAweUNfLAfaJFKDwhb6I+bkYRbkERoEeu3Fyjg2opMz2daZCS9jt6Q7txNfB+OZEVF6Zl5web2xunnLQrtrjXseXKaFYziYINeMFZVxS9VxRhOoesYwxPKXm+gWLG9cuFeq93UNNeJNsf1KlwuDok9n02n3TgIJpOxNfL9naIoQwXtfH9kjceTIIi709ncTg6LZbg+biLH1V6u\/7rxBem06VXKn9raAAAAAElFTkSuQmCC\")      no-repeat center center \/ contain;  }  @media screen and (max-width: 960px) and (orientation: portrait) {    .logo {      width: 100%;    }    .logo .pc-banner {      display: none;    }    .logo .m-banner {      display: block;      width: 100%;    }    .logo .m-banner img {      height: auto!important;    }    .ytvideo {      height: 200px;      width: 100%;    }  }<\/style><style>  .video-section {    width: 100%;    margin: 0 auto;  }  .video-section > img {    width: 100%;  }  .video-section iframe,  .video-section video {    width: 100%;    height: 100%;      }  .video-section-img-m,  .video-section-img-pc > img {    width: 100%;    height: auto;  }  .video-section-img-pc.small > img {    width: 970px;  }  .video-desc {    line-height: 1.5;    font-size: 20px;    font-weight: 400;    margin: 20px 0;    text-align: center;    color: #0f1111;    word-break: break-word;  }  @media screen and (max-width: 960px) and (orientation: portrait) {    .video-section {      width: 100%;    }    .video-section-pc,    .video-section-img-pc {      display: none;    }    .video-section-m,    .video-section-img-m {      display: block;    }    .video-desc {      font-size: 15px;    }  }  @media screen and (min-width: 960px) {    .video-section {      width: 100%;      margin: 0 auto;    }    .video-section-pc,    .video-section-img-pc {      display: block;    }    .video-section-m,    .video-section-img-m {      display: none;    }    .video-desc {      font-size: 20px;    }  }<\/style><style>  .section + .section {    margin-top: 35px;  }  .section-title {    text-align: center;    font-weight: bold;    color: #0d1111;    font-family: \"Arial\";    font-size: 32px;    margin: 15px 0;  }  .section-title:empty {    display: none;  }  .section-desc {    text-align: center;    font-weight: normal;    color: #0d1111;    margin-top: 20px;  }  .section-desc:empty {    display: none;  }  .section-img {    width: 1200px;    height: 492px;    margin: 0 auto;    display: block;  }  .section-img.small {    width: 970px;    height: auto;  }  .section-img.small > img {    height: auto;  }  .section-img > img {    width: 100%;    height: 100%;  }  .section-mobile-img {    display: none;    max-width: 100vw;    max-height: 75vw;    height: 450px;    margin: 0 auto;  }  .section-mobile-img > img {    width: 100%;    height: 100%;  }  @media screen and (max-width: 960px) and (orientation: portrait) {    .container {      width: 100%;    }    .container.small {      width: 100%;    }    .section-mobile-img {      display: block;    }    .section-img {      display: none;    }    .section-title {      font-size: 22px;      margin: 10px 0;    }    .section-desc {      margin-top: 10px;    }    .section + .section {      margin-top: 20px;    }  }<\/style><\/head><body><div class=\"container small\"><div class=\"logo\"><div class=\"pc-banner small\"><div><img decoding=\"async\" src=\"\/vevor\/vevor\/boutique-banner\/pc\/en-pc@1x.jpg\" style=\"width: 100%;\" \/><\/div><\/div><div class=\"m-banner\"><div><img decoding=\"async\" src=\"\/vevor\/vevor\/boutique-banner\/mobile\/en-m@1x.jpg\" style=\"width: 100%;\" \/><\/div><\/div><\/div><div class=\"section-title\">K\u00e4sit\u00f6\u00f6 Privaatse Ruumi Oma Kass<\/div><div class=\"video-section\"><div class=\"video-section-img-pc small\"><img decoding=\"async\" src=\"\/vevor\/product\/DHSCBBSNJSMSUOAB6\/cat-litter-box-enclosure-a100-1.4-pt.jpg\" \/><\/div><div class=\"video-section-img-m\"><img decoding=\"async\" src=\"\/vevor\/product\/DHSCBBSNJSMSUOAB6\/cat-litter-box-enclosure-a100-1.4-pt.jpg\" \/><\/div><div class=\"section-desc\">See kassiliiv kastis ruumi 3 riiulit suurep\u00e4raselt \u00fchendab endas stiili ja funktsionaalsust, pakkudes oma kass privaatne ja mugav, ruumi kui ka serveerimine praktiline t\u00f6\u00f6 ning kodu-m\u00f6\u00f6bel. Oma elegantse disaini sujuvalt segud arvesse mis tahes decor, hoida oma kodu korras ja oma kassi \u00f5nnelik.<\/div><\/div><div class=\"section\"><div class=\"section-title\"><\/div><div class=\"section-img small\"><img decoding=\"async\" src=\"\/vevor\/product\/DHSCBBSNJSMSUOAB6\/cat-litter-box-enclosure-a100-2.2-pt.jpg\" \/><\/div><div class=\"section-mobile-img\"><img decoding=\"async\" src=\"\/vevor\/product\/DHSCBBSNJSMSUOAB6\/cat-litter-box-enclosure-a100-2.2-pt.jpg\" \/><\/div><div class=\"section-desc\">Koos 33.5&#034;L x 19,3&#034;W suur, mugav suurus, sobib v\u00e4ikeste ja suurte kasside, puidust kassi kasti kapp 3 riiulit omadused ventilatsiooni augu, tagavad korraliku \u00f5huvoolu. See sisaldab ka kriimustada pardal, mis v\u00f5imaldab oma kassi m\u00e4ngida, nautides oma ruumi.<\/div><\/div><div class=\"section\"><div class=\"section-title\"><\/div><div class=\"section-img small\"><img decoding=\"async\" src=\"\/vevor\/product\/DHSCBBSNJSMSUOAB6\/cat-litter-box-enclosure-a100-2.3-pt.jpg\" \/><\/div><div class=\"section-mobile-img\"><img decoding=\"async\" src=\"\/vevor\/product\/DHSCBBSNJSMSUOAB6\/cat-litter-box-enclosure-a100-2.3-pt.jpg\" \/><\/div><div class=\"section-desc\">Suure tihedusega PUITKIUDPLAAT juhatuse ja vastupidav metallist riiulid raam, peidetud pesuruum m\u00f6\u00f6bel koos 2 ust tagab vastupidavuse ja stabiilsuse. Tema tugev konstruktsioon v\u00f5imaldab teil ohutult koht erinevate asjade peal, mille maksimaalne kandev\u00f5ime 150 lbs (68 kg).<\/div><\/div><div class=\"section\"><div class=\"section-title\"><\/div><div class=\"section-img small\"><img decoding=\"async\" src=\"\/vevor\/product\/DHSCBBSNJSMSUOAB6\/cat-litter-box-enclosure-a100-2.4-pt.jpg\" \/><\/div><div class=\"section-mobile-img\"><img decoding=\"async\" src=\"\/vevor\/product\/DHSCBBSNJSMSUOAB6\/cat-litter-box-enclosure-a100-2.4-pt.jpg\" \/><\/div><div class=\"section-desc\">Liivakasti m\u00f6\u00f6bel peidetud on sile ja veekindel pind, lihtne hooldada ja puhastada. Pluss, eelnevalt puuritud disain, rikkalik assamblee tarvikud ja \u00fcksikasjalik kasutusjuhend, teeb paigaldamise kiireks ja lihtsaks.<\/div><\/div><div class=\"section\"><div class=\"section-title\"><\/div><div class=\"section-img small\"><img decoding=\"async\" src=\"\/vevor\/product\/DHSCBBSNJSMSUOAB6\/cat-litter-box-enclosure-a100-2.5-pt.jpg\" \/><\/div><div class=\"section-mobile-img\"><img decoding=\"async\" src=\"\/vevor\/product\/DHSCBBSNJSMSUOAB6\/cat-litter-box-enclosure-a100-2.5-pt.jpg\" \/><\/div><div class=\"section-desc\">Rohkem kui lihtsalt peidetud pr\u00fcgi kasti m\u00f6\u00f6bel, see kass kasti kapp v\u00f5ib olla ka diivanilaud, s\u00e4ilitamise kapp, TELERI v\u00f5i seista. Selle multifunktsionaalne disain muudab suurep\u00e4rane t\u00e4iendus mis tahes ruumi, kas see on elutuba, magamistuba v\u00f5i aken.<\/div><\/div><div class=\"section\"><div class=\"section-img small\"><img decoding=\"async\" src=\"\/vevor\/product\/DHSCBBSNJSMSUOAB6\/cat-litter-box-enclosure-a100-1.11-pt.jpg\" \/><\/div><div class=\"section-mobile-img\"><img decoding=\"async\" src=\"\/vevor\/product\/DHSCBBSNJSMSUOAB6\/cat-litter-box-enclosure-a100-1.11-pt.jpg\" \/><\/div><\/div><\/div><\/body><\/html><\/div>\n<div class=\"DM_at-title\" id=\"js-DM_at-title\"> <div>Toote spetsifikatsioon<\/div> <i class=\"icon-arrowup_line\"><\/i> <\/div><div class=\"DM_at-goodsDescAttr\" id=\"js-DM_at-goodsDescAttr\"> <div class=\"DM_at-goodsDescAttrInner\"> <dl class=\"goodsDesc_item goodsDesc_item_even\"> <dt>Punkt Mudeli Number<\/dt> <dd> CWM003<\/dd> <\/dl> <dl class=\"goodsDesc_item\"> <dt>V\u00e4rv<\/dt> <dd> Tume Pruun<\/dd> <\/dl> <dl class=\"goodsDesc_item goodsDesc_item_even\"> <dt>Uste arv<\/dt> <dd> 2<\/dd> <\/dl> <dl class=\"goodsDesc_item\"> <dt>Kaal V\u00f5imsus<\/dt> <dd> 150 lbs \/ 68 kg<\/dd> <\/dl> <dl class=\"goodsDesc_item goodsDesc_item_even\"> <dt>Peamine Materjal<\/dt> <dd> 12mm MDF<\/dd> <\/dl> <dl class=\"goodsDesc_item\"> <dt>Toote Kaal<\/dt> <dd> 53.79 lbs\/24.4 kg<\/dd> <\/dl> <dl class=\"goodsDesc_item goodsDesc_item_even\"> <dt>Toote M\u00f5\u00f5tmed<\/dt> <dd> 33.5 x 19.3 x 58.7 in\/850.1 x 490.2 x 1490 mm<\/dd> <\/dl> <dl class=\"goodsDesc_item\"> <dt>Kapi K\u00f5rgus<\/dt> <dd> 20.3 in\/515 mm<\/dd> <\/dl> <dl class=\"goodsDesc_item goodsDesc_item_even\"> <dt>Rauast Raami Suurus(HxW)<\/dt> <dd> 38.39 x 9.4 in\/975 x 238.7 mm<\/dd> <\/dl> <dl class=\"goodsDesc_item\"> <dt>Ukse Paneel M\u00f5\u00f5tmed (Iga)<\/dt> <dd> 16.7 x 11.2 in\/425 x 285 mm<\/dd> <\/dl> <\/div> <\/div>","protected":false},"excerpt":{"rendered":"<ul>\n<li> Era Haven Teie Kass: Anna oma kassi privaatse ruumi, samas t\u00f5stame oma kodu stiilis VEVOR kassi kasti sisustus. Tema elegantne disain \u00fchendab oma kodu decor, hoides oma ruumi, puhas ja organiseeritud, k\u00f5ik andes samal ajal oma kassi hubane taganema, sujuvalt peidus oma kassi liivakasti, v\u00e4hendades samal ajal ebameeldivad l\u00f5hnad. <\/li>\n<li> Avar Hoiustamine: 3 \u00fclemised riiulid, lai pr\u00fcgi kasti \u00fcla-ja 2 ust, VEVOR 33.5&#034;L x 19,3&#034;W x 58.7&#034;H peidetud pr\u00fcgi kasti m\u00f6\u00f6bel pakub piisavalt ruumi k\u00f5ige allapanu karbid, kassitoit, m\u00e4nguasjad, ajakirjad, foto raamid, jne. Sobib v\u00e4ikeste, keskmiste v\u00f5i suurte kasside, see tagab mugava ruumi vaba aja veetmiseks ja p\u00f6\u00f6rane aeg. <\/li>\n<li> Tugev ja Vastupidav: kass liivakasti m\u00f6\u00f6bel peidetud on meisterdatud suure tihedusega PUITKIUDPLAAT juhatuse ja funktsioonid vastupidav metallist riiulid raam, tagades erakordse vastupidavuse ja stabiilsuse. Oma tugeva konstruktsiooniga v\u00f5imaldab teil ohutult koht, foto raamid, kaunistused, ja kassi toidu mahutid peal, toetab kuni 150 lbs. <\/li>\n<li> Rohkem Hoolivad Andmed: magnet ukse teeb see kass kasti korpuses avamise ja sulgemise pingutusteta; kass kriimustada juhatuse pakub m\u00e4ngulist meelelahutust oma lemmiklooma. Mugav labidat konks pakkumised on lihtne ladustada ja ventilatsiooni augud tagavad korraliku \u00f5huvoolu hoida salongi kuivaks, luua mugavam ja s\u00f5bralik kass maja kapp. <\/li>\n<li> Stiilne ja Praktiline: P\u00e4rast peidus pr\u00fcgi kasti, see kass kasti sisustus koos 3 riiulit v\u00f5ib olla ka diivanilaud, s\u00e4ilitamise kapp v\u00f5i TV seista, paigaldamise sujuvalt elutoas v\u00f5i magamistoas. Maksimeerida oma ruumi, hoides oma kodu organiseeritud ja stiilne, et saavutada t\u00e4iuslik segu ilu ja praktilisus. <\/li>\n<\/ul>","protected":false},"featured_media":337281,"comment_status":"closed","ping_status":"open","template":"","meta":{"om_disable_all_campaigns":false,"_uf_show_specific_survey":0,"_uf_disable_surveys":false},"location":[1935,1934],"product_brand":[21],"product_cat":[4470,3507,4471,4480,2365,2366],"product_tag":[],"class_list":{"0":"post-54286","1":"product","2":"type-product","3":"status-publish","4":"has-post-thumbnail","6":"location-supplier_stock_location","7":"location-local_stock_location","8":"product_brand-vevor","9":"product_cat-cat-litter-accessories","10":"product_cat-cat-supplies-pet-supplies-wildlife","11":"product_cat-litter-boxes-houses","12":"product_cat-metal-frame-combination-cat-litter-box-enclosures","13":"product_cat-outdoors","14":"product_cat-pet-supplies-wildlife","16":"first","17":"instock","18":"taxable","19":"shipping-taxable","20":"purchasable","21":"product-type-simple"},"aioseo_notices":[],"locations":[{"id":1935,"name":"Pieg\u0101d\u0101t\u0101ja noliktav\u0101 (5-7dd)","slug":"supplier_stock_location","quantity":"45"},{"id":1934,"name":"R\u012bgas veikal\u0101 (0-2d.d.)","slug":"local_stock_location","quantity":"0"}],"_links":{"self":[{"href":"https:\/\/vevorshop.lv\/et\/wp-json\/wp\/v2\/product\/54286","targetHints":{"allow":["GET"]}}],"collection":[{"href":"https:\/\/vevorshop.lv\/et\/wp-json\/wp\/v2\/product"}],"about":[{"href":"https:\/\/vevorshop.lv\/et\/wp-json\/wp\/v2\/types\/product"}],"replies":[{"embeddable":true,"href":"https:\/\/vevorshop.lv\/et\/wp-json\/wp\/v2\/comments?post=54286"}],"wp:featuredmedia":[{"embeddable":true,"href":"https:\/\/vevorshop.lv\/et\/wp-json\/wp\/v2\/media\/337281"}],"wp:attachment":[{"href":"https:\/\/vevorshop.lv\/et\/wp-json\/wp\/v2\/media?parent=54286"}],"wp:term":[{"taxonomy":"location","embeddable":true,"href":"https:\/\/vevorshop.lv\/et\/wp-json\/wp\/v2\/location?post=54286"},{"taxonomy":"product_brand","embeddable":true,"href":"https:\/\/vevorshop.lv\/et\/wp-json\/wp\/v2\/product_brand?post=54286"},{"taxonomy":"product_cat","embeddable":true,"href":"https:\/\/vevorshop.lv\/et\/wp-json\/wp\/v2\/product_cat?post=54286"},{"taxonomy":"product_tag","embeddable":true,"href":"https:\/\/vevorshop.lv\/et\/wp-json\/wp\/v2\/product_tag?post=54286"}],"curies":[{"name":"wp","href":"https:\/\/api.w.org\/{rel}","templated":true}]}}