{"id":54400,"date":"2024-11-20T01:38:32","date_gmt":"2024-11-20T01:38:32","guid":{"rendered":"http:\/\/vevorshop.edigo.lv\/Prece\/vevor-24x-18-whiteboard-cork-board-combo-with-aluminum-frame-for-school-home\/"},"modified":"2026-04-20T00:14:09","modified_gmt":"2026-04-19T21:14:09","slug":"vevor-24x-18-whiteboard-cork-board-combo-with-aluminum-frame-for-school-home","status":"publish","type":"product","link":"https:\/\/vevorshop.lv\/et\/Prece\/vevor-24x-18-tahvli-korkplaadist-alumiiniumraamiga-kombo-koolikodusse\/","title":{"rendered":"VEVOR 60\u00d745 cm Magnetic Whiteboard &amp; Cork Board Combo alumiiniumraamiga (allpool seinakinnitusega kuivkustutusplaat) Kodu, kontor, kool"},"content":{"rendered":"<div style=\"color: #fff!important; font-size: 16px; height: 24px; line-height: 24px; margin-top: -24px; \" class=\"product_original_name\">VEVOR 24 \"x18\" tahvel ja korkplaat Kombo alumiiniumraamiga 2-\u00fches magnetiline kuivkustutusplaat seinakinnitusele (ideaalne kooli, kodu, kontori jaoks)<\/div>\n<div style=\"color: #fff!important; font-size: 16px; height: 24px; line-height: 24px; margin-top: -24px; \" class=\"product_sku\">M4I4M8SE<\/div>\n<div style=\"color: #fff!important; font-size: 16px; height: 24px; line-height: 24px; margin-top: -24px; \" class=\"product_mpn\">RMB24X18BBRMDD95DV0<\/div><div id=\"js-DM_at-goodDescRich\"><html><head><style>  body {    font-family: Arial;    line-height: 1.5;    color: #1c1c1c;    overflow-x: hidden;    margin: 0;    padding: 0;  }  .MsoNormal b {    font-weight: bolder;  }<\/style><style>  .container.small {    width: 970px;    margin: 0 auto;  }  .logo {    margin: 0 auto 0;  }  .logo img {    display: block;    margin: 0 auto;    max-width: 100%;  }  .logo .pc-banner {    display: block;    width: 1200px;    height: 247.4px;    margin: 0 auto;  }  .logo .pc-banner.small {    width: 970px;  }  .logo .pc-banner.small img {    height: auto!important;  }  .logo .m-banner {    display: none;  }  .ytvideo {    position: relative;    height: 546px;    width: 100%;    margin: 0 auto;  }  .ytvideo img {    width: 100%;    margin: 0 auto;  }  .ytvideo .play-btn {    width: 60px;    height: 42px;    position: absolute;    top: 50%;    left: 50%;    transform: translate(-50%, -50%);    background: url(\"data:image\/png;base64,iVBORw0KGgoAAAANSUhEUgAAAGQAAABGCAMAAAANWMFbAAAC+lBMVEUAAADBGB3kLCfBGB3kLCfcJC7BFx3KKSbiKybkLCbWJCPSIiLSIiLPICHAFx3kLCfgKSXNHiDZJiTIGx\/p4eHcjo7LHSDbJyTkLCbjKyfOHyHPIiL28fHJHB\/GGh7EGR7eKCXDGB3RISHlLSbBGB3AFxzGHB7DGB7BGB3hKybkKybAFx3lLCfAFxzDGR3hKibDGB7cJyTmz8\/elJTlwcHjurrUIyLlLSflLSfAFx3DGR7lLSfCFx3hKibhKibhKybjKybkLCblLSfbJSX49vbx7e3NNzjNMTLMJyjVIyLZf3\/ZQ0LaeHjx0tLgoqLkLCfCGB3HGx\/BGB3BFx3PICHCGB7WJCLOHyC\/Fxy\/Fx3lLCfQISHkLSe\/FxzbJiTBFx3FGx\/AGB7BFx3EGR7AGB3HHSDfKiXAFh3TISHYNzbhKibbJyTTIiL57e325+f039\/v2NjUV1fOHiHiqanfmprch4feKSXVIyPOICHmLibFGh\/mLSe\/Fx7XJCPeKSXXJSPNHyHaJyTGGh7lLCbmLCflLSjSIiLkLCbdKSXLHiC\/GB3KHh++Fh3lKyfoLiXcKCPkx8fYb2\/XaGfVXl3aU1LLHiDksbHgKibPICHbJyTfKSXbJyTCGB3KHSDiKybFGh7TIiL\/\/\/\/VIyPRISHIHB\/GGx\/HHB\/DGR7gKibdKCXLHiDZJiTMHiDNHyHYJSTOICHPICHWJCPcKCXXJSPjLCblLCf+\/f3NGR\/uLijzLynPGR\/IGB7WISHaIyLLGh7UAADxLynNAADRLzDbICLQAADIAAD3MCrUHSHXMTDpKSbLAADp5OTij4\/ejo\/VLy\/1LyngJSTcJCPQHx\/OHB7+\/PzaMS\/OLS\/vLijrLSjSAADaNTPwLyjkKSbNJCbYISHPHB\/KGB7WAAD7+vrn3d3aKynTKCjoLCfsKifRGh\/YAADq5+fhjo7QNDXXKCfmJyXt5+fTLzDLLi\/QKivYHRvMGBrQJCXLISPMExXLDxLaEAvkkI\/bOTfaFQ\/SCgpvLcnHAAAAmnRSTlMA+vv7+gT9Bvf9+8z8\/NSv\/Pr5+P7++vnQIBMP\/v38\/Pn348XDiCYf9OjbzcqxXVcx\/fz8+\/rj1r2poo1+fXFqX0orGP7+\/v7+\/fz8+\/r68uzn4trIxsG\/vri3p6GcmZSNbWVYUUZEPQv+\/f39+\/v7+\/v7+vr64tvV1NTTz87FtbSurqeblJKFg4B3bUY+NjL7+\/v7+\/v67t1cDo8JLQAABkRJREFUWMO0kz9rwkAYh0OIeJkum6YugUAhISCdKoj\/P4C7SMdS+gEKIhSKil10LSg4mzXkILdlEpxCpwTiWOLX6BujvQaEQuGeHLnL+\/64J+SIcKGYTYWnntpdLjrVdqvZmNdn0+EE40GtpuuWVS6Xx6N7YDSGpWXpeq02wHgynM7q80az1a52HpddtVcpsi1zFARBrdaxbhp9iUReTGmwA4KAAr7vx3EYejnCMI6hQYEgy0LQi4jUN0wL19vqFcUC9\/1dAKmEEFkWRYkh5oBejnxQJiSJPJ\/uKBp0Thszx9Mw8hMRIQjKsptCfuES9zr5WJY6vSFCIvE9fCMUmEM1A1kSXcYGxgVYsvI1IPKTZciSTI0us\/SMGG04gDzELDoFBwdcFJrF88dqgYMTiL6DILWYyfOWE8\/kIz38olCNlC03FK95+imxp6y4oUSvAnBjHHhKNtotSDqJzVFiK8c2SBqhZtsrTtgrLXwAyduxZHNE26eHUt5rtuM4WSmds3G+sUdWYo1L+XyxButoh5eKUHk5lByO3G1LqqCWVnfrv\/lyPtf\/4ps1cndNGIri8J1TJ0lx6dR\/oPjq1nbRwdp2dCk4CtIOLW3pVKRL6WZfS5vF2KkIQhpwSsjiYIgNCs1gEMGqiIq24NQX9NwoXFy8Ufrl3twTcg4fv8T9\/JBEySduj6Mjm4bMzYV7EEOxKjjoNDud7yY3Dy71Hq2oLmqfbNR723edH9PgMrNL2utoQ3VmaIDkiw\/4w51P06hlZsTZvkRrbVuSIs\/zwSOsycgzStQouoAkWQqioRT5XI7n2Z1wfVhoZmcAJLsoqjqpjbWCgpOAJXBwHK8PzWbNvoUZJND5wCnSkLAkZ1legx6vqQzjoiTahKlGUGLAiIIoABOHaNVw4sexZBym6\/HWlH5h3IC7yRbxtipcWxdTOkORKiNQAEkFf66x5S2oeRbroOlLgg0sSYkR0hRGEqJZ0jTPiQKatESdBckpWigxaapEH0lImHdWu9pUFF2XqMNM2Z4kped7IwEJw2qabwtrQqnpw6HyKkgcadKWsmpywwesDyIhYRpdzXddqegtGIJlXbAIUMOLkGxJUjRIkokwjUaX9d\/kK62ps\/tYUqZLIMkLTyBhsMZ3C5Z\/kDxOSCb\/DOs\/\/J0qcWSX\/2ipe56EgTCA4\/cB7NAYOsni4mZM1MUPAISoEwkDi4lhVBQ1cWQyIcwalw4EpqZN68JUSK7XC0kTlkLYii5uXSC8jT5ncCAS7mjCv0uHp\/3lueHEEAeQ\/\/VgmdN71\/2uCSA1Xr6DO6uI6sW56zqT2tp2PhgiRUAajV8CY2fkcz6WGNKMgLAt7tJAhD4YHMTeRxlALE6+43WqjSWi8ITxyJl8WrwWSNESQZZOqhDDntO3hJLsd5RtSpbJqdv3YrDJH3F7jL1R2O2aQkn2MyCyKYz0GPGIvSAMgBCrCEiJyKbBaYGwLW4uPRr0A0M4Ux5kUI7IBh+hMdiCEWNqhMZGyYMsOgNE58UQuEQeUnSWCMYwL54hkxK6IoqucQZbQ3pc3XtL0lky1dL0zZJJDpWJovFqpWj6JEHnyam2eQp5QRVAVHjWparTOaVwUOx99YS2MvgxIGV0bb+qIg2HX2qkFFJB+XZcbLiuRkuxD9GRroKyveLxdh4d7Orx+hb7qc3uVRuEogCOnyIxm4ubUoPgF4jianDrC+SDQDKEfJb0GUKmjCGPYHGJvVC6X4hw1\/sAfQAdfYyephIaspXe36RwOP+Ljvfx9B6B3i+Nk0DGq+oCbLn6JpBa9nWAveAIHwFAwtVcIJXPMPL8kRu5OAYPMaL1WScTxjiZDqB9LTJSWphow\/pTYKRTLjCBhvi9iBidvKcDasGSm0QQkycYuLBqj6QCELPctqChDWpTRMWkngNNpQ1Pfp1KkiT\/Y0DGffXAweUNfLAfaJFKDwhb6I+bkYRbkERoEeu3Fyjg2opMz2daZCS9jt6Q7txNfB+OZEVF6Zl5web2xunnLQrtrjXseXKaFYziYINeMFZVxS9VxRhOoesYwxPKXm+gWLG9cuFeq93UNNeJNsf1KlwuDok9n02n3TgIJpOxNfL9naIoQwXtfH9kjceTIIi709ncTg6LZbg+biLH1V6u\/7rxBem06VXKn9raAAAAAElFTkSuQmCC\")      no-repeat center center \/ contain;  }  @media screen and (max-width: 960px) and (orientation: portrait) {    .logo {      width: 100%;    }    .logo .pc-banner {      display: none;    }    .logo .m-banner {      display: block;      width: 100%;    }    .logo .m-banner img {      height: auto!important;    }    .ytvideo {      height: 200px;      width: 100%;    }  }<\/style><style>  .video-section {    width: 100%;    margin: 0 auto;  }  .video-section > img {    width: 100%;  }  .video-section iframe,  .video-section video {    width: 100%;    height: 100%;      }  .video-section-img-m,  .video-section-img-pc > img {    width: 100%;    height: auto;  }  .video-section-img-pc.small > img {    width: 970px;  }  .video-desc {    line-height: 1.5;    font-size: 20px;    font-weight: 400;    margin: 20px 0;    text-align: center;    color: #0f1111;    word-break: break-word;  }  @media screen and (max-width: 960px) and (orientation: portrait) {    .video-section {      width: 100%;    }    .video-section-pc,    .video-section-img-pc {      display: none;    }    .video-section-m,    .video-section-img-m {      display: block;    }    .video-desc {      font-size: 15px;    }  }  @media screen and (min-width: 960px) {    .video-section {      width: 100%;      margin: 0 auto;    }    .video-section-pc,    .video-section-img-pc {      display: block;    }    .video-section-m,    .video-section-img-m {      display: none;    }    .video-desc {      font-size: 20px;    }  }<\/style><style>  .section + .section {    margin-top: 35px;  }  .section-title {    text-align: center;    font-weight: bold;    color: #0d1111;    font-family: \"Arial\";    font-size: 32px;    margin: 15px 0;  }  .section-title:empty {    display: none;  }  .section-desc {    text-align: center;    font-weight: normal;    color: #0d1111;    margin-top: 20px;  }  .section-desc:empty {    display: none;  }  .section-img {    width: 1200px;    height: 492px;    margin: 0 auto;    display: block;  }  .section-img.small {    width: 970px;    height: auto;  }  .section-img.small > img {    height: auto;  }  .section-img > img {    width: 100%;    height: 100%;  }  .section-mobile-img {    display: none;    max-width: 100vw;    max-height: 75vw;    height: 450px;    margin: 0 auto;  }  .section-mobile-img > img {    width: 100%;    height: 100%;  }  @media screen and (max-width: 960px) and (orientation: portrait) {    .container {      width: 100%;    }    .container.small {      width: 100%;    }    .section-mobile-img {      display: block;    }    .section-img {      display: none;    }    .section-title {      font-size: 22px;      margin: 10px 0;    }    .section-desc {      margin-top: 10px;    }    .section + .section {      margin-top: 20px;    }  }<\/style><\/head><body><div class=\"container small\"><div class=\"logo\"><div class=\"pc-banner small\"><div><img decoding=\"async\" src=\"\/vevor\/vevor\/boutique-banner\/pc\/en-pc@1x.jpg\" style=\"width: 100%;\" \/><\/div><\/div><div class=\"m-banner\"><div><img decoding=\"async\" src=\"\/vevor\/vevor\/boutique-banner\/mobile\/en-m@1x.jpg\" style=\"width: 100%;\" \/><\/div><\/div><\/div><div class=\"section-title\">VEVOR Multi-Funktsionaalne Koostisega Juhatus<\/div><div class=\"video-section\"><div class=\"video-section-img-pc small\"><img decoding=\"async\" src=\"\/vevor\/product\/RMB24X18BBRMDD95D\/combination-board-a100-1.4-pt.jpg\" \/><\/div><div class=\"video-section-img-m\"><img decoding=\"async\" src=\"\/vevor\/product\/RMB24X18BBRMDD95D\/combination-board-a100-1.4-pt.jpg\" \/><\/div><div class=\"section-desc\">See kombinatsioon juhatuse k\u00f5rgus 24 x 18. See pakub kork ala h\u00f5ive fotod ja memosid, ning lisa punktis salvestamise t\u00e4htsaid s\u00f5numeid ja meeldetuletusi, mist\u00f5ttu on ideaalne korraldada igap\u00e4evaseid \u00fclesandeid.<\/div><\/div><div class=\"section\"><div class=\"section-title\"><\/div><div class=\"section-img small\"><img decoding=\"async\" src=\"\/vevor\/product\/RMB24X18BBRMDD95D\/combination-board-a100-2.2-pt.jpg\" \/><\/div><div class=\"section-mobile-img\"><img decoding=\"async\" src=\"\/vevor\/product\/RMB24X18BBRMDD95D\/combination-board-a100-2.2-pt.jpg\" \/><\/div><div class=\"section-desc\">Kui tahvel on sile, kriimustuskindel pind. Kahe-v\u00e4rvilised markerid on kaasatud erinevate \u00fclesannete, ja dry-erase sm v\u00f5imaldab lihtsat, v\u00f6\u00f6t-free puhastus. P\u00f5hja plaat omab sm-i ja kustutuskummid mugavuse.<\/div><\/div><div class=\"section\"><div class=\"section-title\"><\/div><div class=\"section-img small\"><img decoding=\"async\" src=\"\/vevor\/product\/RMB24X18BBRMDD95D\/combination-board-a100-2.3-pt.jpg\" \/><\/div><div class=\"section-mobile-img\"><img decoding=\"async\" src=\"\/vevor\/product\/RMB24X18BBRMDD95D\/combination-board-a100-2.3-pt.jpg\" \/><\/div><div class=\"section-desc\">Korgi ala on t\u00e4iendatud 7 kihti lainepapist, tugevdada, et v\u00e4ltida punnis ja tagada klanitud v\u00e4limus. Alumiiniumraam on \u00fcmardatud servad, ja on korralikult kokku pandud kruvidega.<\/div><\/div><div class=\"section\"><div class=\"section-title\"><\/div><div class=\"section-img small\"><img decoding=\"async\" src=\"\/vevor\/product\/RMB24X18BBRMDD95D\/combination-board-a100-2.4-pt.jpg\" \/><\/div><div class=\"section-mobile-img\"><img decoding=\"async\" src=\"\/vevor\/product\/RMB24X18BBRMDD95D\/combination-board-a100-2.4-pt.jpg\" \/><\/div><div class=\"section-desc\">Teadetetahvel on varustatud multi-layer kaitsev pakend on tagada see saabub heas seisukorras. See h\u00f5lmab paigalduskomplekt otseseks paigaldamiseks, mis v\u00f5imaldab teil valida asend ja suund (horisontaalne v\u00f5i vertikaalne) lihtne ja turvaline seinale.<\/div><\/div><div class=\"section\"><div class=\"section-title\"><\/div><div class=\"section-img small\"><img decoding=\"async\" src=\"\/vevor\/product\/RMB24X18BBRMDD95D\/combination-board-a100-2.5-pt.jpg\" \/><\/div><div class=\"section-mobile-img\"><img decoding=\"async\" src=\"\/vevor\/product\/RMB24X18BBRMDD95D\/combination-board-a100-2.5-pt.jpg\" \/><\/div><div class=\"section-desc\">Ideaalne kodud, kontorid, klassiruumid, koolid, \u00fclikoolid, \u00fchiselamud, k\u00f6\u00f6gid, riietusruumid, v\u00f5i lapsed, on ruumides. Kasuta seda selleks, et fotosid lisada, j\u00e4lgida iga p\u00e4ev plaanid, m\u00e4rkmed, s\u00f5numid, ja men\u00fc\u00fcd.<\/div><\/div><div class=\"section\"><div class=\"section-img small\"><img decoding=\"async\" src=\"\/vevor\/product\/RMB24X18BBRMDD95D\/combination-board-a100-1.11-pt.jpg\" \/><\/div><div class=\"section-mobile-img\"><img decoding=\"async\" src=\"\/vevor\/product\/RMB24X18BBRMDD95D\/combination-board-a100-1.11-pt.jpg\" \/><\/div><\/div><\/div><\/body><\/html><\/div>\n<div class=\"DM_at-title\" id=\"js-DM_at-title\"> <div>Toote spetsifikatsioon<\/div> <i class=\"icon-arrowup_line\"><\/i> <\/div><div class=\"DM_at-goodsDescAttr\" id=\"js-DM_at-goodsDescAttr\"> <div class=\"DM_at-goodsDescAttrInner\"> <dl class=\"goodsDesc_item goodsDesc_item_even\"> <dt>Punkt Mudeli Number<\/dt> <dd> A015-1824CW<\/dd> <\/dl> <dl class=\"goodsDesc_item\"> <dt>Paneel<\/dt> <dd> Tahvel &amp; Corkboard<\/dd> <\/dl> <dl class=\"goodsDesc_item goodsDesc_item_even\"> <dt>Seinale<\/dt> <dd> Horisontaalne\/Vertikaalne)<\/dd> <\/dl> <dl class=\"goodsDesc_item\"> <dt>V\u00e4rvid<\/dt> <dd> Valge, Pruun<\/dd> <\/dl> <dl class=\"goodsDesc_item goodsDesc_item_even\"> <dt>Salve<\/dt> <dd> Jah<\/dd> <\/dl> <dl class=\"goodsDesc_item\"> <dt>Konksud<\/dt> <dd> 2<\/dd> <\/dl> <dl class=\"goodsDesc_item goodsDesc_item_even\"> <dt>Peamised Materjalid<\/dt> <dd> Alumiinium Raam + Terasest Plaat + Kork + 7-kiht Lainepaber Tagak\u00fclge<\/dd> <\/dl> <dl class=\"goodsDesc_item\"> <dt>Tahvel Paneeli Suurus<\/dt> <dd> 22.3 \u00d7 13.4 in \/ 568 \u00d7 340 mm<\/dd> <\/dl> <dl class=\"goodsDesc_item goodsDesc_item_even\"> <dt>Corkboard Paneeli Suurus<\/dt> <dd> 22.3 \u00d7 3.1 \/ 568 \u00d7 78 mm<\/dd> <\/dl> <dl class=\"goodsDesc_item\"> <dt>Toote M\u00f5\u00f5tmed<\/dt> <dd> 17.7 x 23.6 x 0.4 in \/ 450 \u00d7 600 \u00d7 12 mm<\/dd> <\/dl> <dl class=\"goodsDesc_item goodsDesc_item_even\"> <dt>Neto Kaal<\/dt> <dd> 1.65 lbs \/ 0.75 kg<\/dd> <\/dl> <\/div> <\/div>","protected":false},"excerpt":{"rendered":"<ul>\n<li> Multi-Funktsionaalne Koostisega Juhatus: Meie koostisega juhatuse k\u00f5rgus 24 x 18 ja h\u00f5lmab lisa punkti ja korgi piirkonnas. See integreeritud disain aitab teil hoida k\u00f5ike, mida vajate \u00fches kohas. Korgi piirkond on ideaalne h\u00f5ive fotod, memod ja muud dokumendid, kui m\u00e4rkus jagu on ideaalne jotting ette olulisi s\u00f5numeid ja t\u00f6\u00f6 meeldetuletused. See on ideaalne valik, haldamise igap\u00e4evaseid \u00fclesandeid ja lahendada probleeme t\u00f5husalt. <\/li>\n<li> Sujuv Kirjutamine ja Lihtne Kustutamine: Meie magnet tahvel on sile, kriimustuskindel pind, mis sobib h\u00e4sti dry-erase sm-i, tehes kirjalikult ja kustutamine lihtne. Korgi ala on t\u00e4iendatud 7 kihti lainepaber ja tsingitud lehtmetallist, mis takistab punnis ja hoiab esemeid kindlalt kinnitatud. Lisada dry-erase sm p\u00fchib \u00e4ra puhtalt ja alumine sahtel hoiab oma markerid ja kustutuskummid mugav ja s\u00e4\u00e4stab aega. <\/li>\n<li> Uuendatud Alumiinium Raam:See uuendatud alumiinium raam kork juhatuse funktsioone kruvi \u00fchendused nurkades ja on pakitud koos \u00fcmardatud plastikust servadega, et tagada nii vastupidavuse ja ohutuse ilma teravate servadega. Alumiiniumraam on kergem, \u00f5hem ja vastupidav, mist\u00f5ttu on kogu toote lihtsam liikuda ruumist ruumi. Tema elegantne alumiiniumist raami disain on ideaalne lisades puudutus keerukuse mis tahes ruumi. <\/li>\n<li> T\u00e4ielik Tarvikud ja Turvaline Pakend: Seda teadetetahvel on varustatud k\u00f5ik, mida vajate: 2 v\u00e4rvikas dry-erase sm-i, 1 kustukumm, 4 magnetid, ja 10 raadiosaatja kontakte. Kombinatsioon pardal on turvaliselt pakitud 5 kihti lainepapist, honeycomb ribadeks servadest ja katteplaat, et tagada, et see saabub, v\u00e4ga heas korras, kahjustusteta. Puudub vajadus t\u00e4iendavate ostude v\u00f5i oodanud\u2014lihtsalt lahti ja kasutada komplekt kohe. <\/li>\n<li> Mitmek\u00fclgne Kasutamine: See bulletin board on loodud, et innustada loovust, v\u00f5imaldades teil lisada fotosid ja pilte. See toimib memo pardal, teate juhatuse ja visual juhatuse salvestada iga p\u00e4ev plaanid, m\u00e4rkmed, s\u00f5numid, men\u00fc\u00fcd, ja rohkem. See on v\u00e4ga sobiv erinevate keskkondade, sh kodud, kontorid, klassiruumid, koolid, \u00fclikoolid, \u00fchiselamud, k\u00f6\u00f6gid, riietusruumid ja laste toad. See pakub suurep\u00e4rast toetust juhid, \u00f5petajad, \u00f5pilased ja lapsed samasugused, aidates hoida k\u00f5ike korraldada ja kergesti k\u00e4ttesaadav. <\/li>\n<\/ul>","protected":false},"featured_media":338224,"comment_status":"closed","ping_status":"open","template":"","meta":{"om_disable_all_campaigns":false,"_uf_show_specific_survey":0,"_uf_disable_surveys":false},"location":[1935,1934],"product_brand":[21],"product_cat":[4463,2637,4462,4396],"product_tag":[],"class_list":{"0":"post-54400","1":"product","2":"type-product","3":"status-publish","4":"has-post-thumbnail","6":"location-supplier_stock_location","7":"location-local_stock_location","8":"product_brand-vevor","9":"product_cat-combination-presentation-boards","10":"product_cat-home-decor","11":"product_cat-memo-boards","12":"product_cat-wall-decor","14":"first","15":"outofstock","16":"sale","17":"taxable","18":"shipping-taxable","19":"purchasable","20":"product-type-simple"},"aioseo_notices":[],"locations":[{"id":1935,"name":"Pieg\u0101d\u0101t\u0101ja noliktav\u0101 (5-7dd)","slug":"supplier_stock_location","quantity":"0"},{"id":1934,"name":"R\u012bgas veikal\u0101 (0-2d.d.)","slug":"local_stock_location","quantity":"0"}],"_links":{"self":[{"href":"https:\/\/vevorshop.lv\/et\/wp-json\/wp\/v2\/product\/54400","targetHints":{"allow":["GET"]}}],"collection":[{"href":"https:\/\/vevorshop.lv\/et\/wp-json\/wp\/v2\/product"}],"about":[{"href":"https:\/\/vevorshop.lv\/et\/wp-json\/wp\/v2\/types\/product"}],"replies":[{"embeddable":true,"href":"https:\/\/vevorshop.lv\/et\/wp-json\/wp\/v2\/comments?post=54400"}],"wp:featuredmedia":[{"embeddable":true,"href":"https:\/\/vevorshop.lv\/et\/wp-json\/wp\/v2\/media\/338224"}],"wp:attachment":[{"href":"https:\/\/vevorshop.lv\/et\/wp-json\/wp\/v2\/media?parent=54400"}],"wp:term":[{"taxonomy":"location","embeddable":true,"href":"https:\/\/vevorshop.lv\/et\/wp-json\/wp\/v2\/location?post=54400"},{"taxonomy":"product_brand","embeddable":true,"href":"https:\/\/vevorshop.lv\/et\/wp-json\/wp\/v2\/product_brand?post=54400"},{"taxonomy":"product_cat","embeddable":true,"href":"https:\/\/vevorshop.lv\/et\/wp-json\/wp\/v2\/product_cat?post=54400"},{"taxonomy":"product_tag","embeddable":true,"href":"https:\/\/vevorshop.lv\/et\/wp-json\/wp\/v2\/product_tag?post=54400"}],"curies":[{"name":"wp","href":"https:\/\/api.w.org\/{rel}","templated":true}]}}