{"id":55376,"date":"2024-11-20T03:28:17","date_gmt":"2024-11-20T03:28:17","guid":{"rendered":"http:\/\/vevorshop.edigo.lv\/Prece\/vevor-1000g-commercial-spice-grinder-electric-grain-mill-grinder-high-speed-2\/"},"modified":"2026-04-07T03:23:54","modified_gmt":"2026-04-07T00:23:54","slug":"vevor-1000g-commercial-spice-grinder-electric-grain-mill-grinder-high-speed-2","status":"publish","type":"product","link":"https:\/\/vevorshop.lv\/et\/Prece\/vevor-1000-g-kaubanduslik-vurtsiveski-elektriline-teraviljaveski-veski-suure-kiirusega-2\/","title":{"rendered":"VEVOR 1000g elektriline teravilja- ja v\u00fcrtsiveski, 3000W roostevabast terasest kiik-t\u00fc\u00fcpi purustaja kuivatatud kohvile, maisile, piprale"},"content":{"rendered":"<div style=\"color: #fff!important; font-size: 16px; height: 24px; line-height: 24px; margin-top: -24px; \" class=\"product_original_name\">VEVOR 1000 g elektriline teraviljaveski veski, kiire 3000 W kaubanduslikud v\u00fcrtsiveskid, roostevabast terasest pulverisaatori pulbermasin, kuivade terade jaoks v\u00fcrtsid Teravili Kohvimaisi pipar, kiige t\u00fc\u00fcp<\/div>\n<div style=\"color: #fff!important; font-size: 16px; height: 24px; line-height: 24px; margin-top: -24px; \" class=\"product_sku\">M4I4MCOA<\/div>\n<div style=\"color: #fff!important; font-size: 16px; height: 24px; line-height: 24px; margin-top: -24px; \" class=\"product_mpn\">DDDPSGWYMJ10GU5ZEV2<\/div><div id=\"js-DM_at-goodDescRich\"><html><head><style>  body {    font-family: Arial;    line-height: 1.5;    color: #1c1c1c;    overflow-x: hidden;    margin: 0;    padding: 0;  }  .MsoNormal b {    font-weight: bolder;  }<\/style><style>  .container.small {    width: 970px;    margin: 0 auto;  }  .logo {    margin: 0 auto 0;  }  .logo img {    display: block;    margin: 0 auto;    max-width: 100%;  }  .logo .pc-banner {    display: block;    width: 1200px;    height: 247.4px;    margin: 0 auto;  }  .logo .pc-banner.small {    width: 970px;  }  .logo .pc-banner.small img {    height: auto!important;  }  .logo .m-banner {    display: none;  }  .ytvideo {    position: relative;    height: 546px;    width: 100%;    margin: 0 auto;  }  .ytvideo img {    width: 100%;    margin: 0 auto;  }  .ytvideo .play-btn {    width: 60px;    height: 42px;    position: absolute;    top: 50%;    left: 50%;    transform: translate(-50%, -50%);    background: url(\"data:image\/png;base64,iVBORw0KGgoAAAANSUhEUgAAAGQAAABGCAMAAAANWMFbAAAC+lBMVEUAAADBGB3kLCfBGB3kLCfcJC7BFx3KKSbiKybkLCbWJCPSIiLSIiLPICHAFx3kLCfgKSXNHiDZJiTIGx\/p4eHcjo7LHSDbJyTkLCbjKyfOHyHPIiL28fHJHB\/GGh7EGR7eKCXDGB3RISHlLSbBGB3AFxzGHB7DGB7BGB3hKybkKybAFx3lLCfAFxzDGR3hKibDGB7cJyTmz8\/elJTlwcHjurrUIyLlLSflLSfAFx3DGR7lLSfCFx3hKibhKibhKybjKybkLCblLSfbJSX49vbx7e3NNzjNMTLMJyjVIyLZf3\/ZQ0LaeHjx0tLgoqLkLCfCGB3HGx\/BGB3BFx3PICHCGB7WJCLOHyC\/Fxy\/Fx3lLCfQISHkLSe\/FxzbJiTBFx3FGx\/AGB7BFx3EGR7AGB3HHSDfKiXAFh3TISHYNzbhKibbJyTTIiL57e325+f039\/v2NjUV1fOHiHiqanfmprch4feKSXVIyPOICHmLibFGh\/mLSe\/Fx7XJCPeKSXXJSPNHyHaJyTGGh7lLCbmLCflLSjSIiLkLCbdKSXLHiC\/GB3KHh++Fh3lKyfoLiXcKCPkx8fYb2\/XaGfVXl3aU1LLHiDksbHgKibPICHbJyTfKSXbJyTCGB3KHSDiKybFGh7TIiL\/\/\/\/VIyPRISHIHB\/GGx\/HHB\/DGR7gKibdKCXLHiDZJiTMHiDNHyHYJSTOICHPICHWJCPcKCXXJSPjLCblLCf+\/f3NGR\/uLijzLynPGR\/IGB7WISHaIyLLGh7UAADxLynNAADRLzDbICLQAADIAAD3MCrUHSHXMTDpKSbLAADp5OTij4\/ejo\/VLy\/1LyngJSTcJCPQHx\/OHB7+\/PzaMS\/OLS\/vLijrLSjSAADaNTPwLyjkKSbNJCbYISHPHB\/KGB7WAAD7+vrn3d3aKynTKCjoLCfsKifRGh\/YAADq5+fhjo7QNDXXKCfmJyXt5+fTLzDLLi\/QKivYHRvMGBrQJCXLISPMExXLDxLaEAvkkI\/bOTfaFQ\/SCgpvLcnHAAAAmnRSTlMA+vv7+gT9Bvf9+8z8\/NSv\/Pr5+P7++vnQIBMP\/v38\/Pn348XDiCYf9OjbzcqxXVcx\/fz8+\/rj1r2poo1+fXFqX0orGP7+\/v7+\/fz8+\/r68uzn4trIxsG\/vri3p6GcmZSNbWVYUUZEPQv+\/f39+\/v7+\/v7+vr64tvV1NTTz87FtbSurqeblJKFg4B3bUY+NjL7+\/v7+\/v67t1cDo8JLQAABkRJREFUWMO0kz9rwkAYh0OIeJkum6YugUAhISCdKoj\/P4C7SMdS+gEKIhSKil10LSg4mzXkILdlEpxCpwTiWOLX6BujvQaEQuGeHLnL+\/64J+SIcKGYTYWnntpdLjrVdqvZmNdn0+EE40GtpuuWVS6Xx6N7YDSGpWXpeq02wHgynM7q80az1a52HpddtVcpsi1zFARBrdaxbhp9iUReTGmwA4KAAr7vx3EYejnCMI6hQYEgy0LQi4jUN0wL19vqFcUC9\/1dAKmEEFkWRYkh5oBejnxQJiSJPJ\/uKBp0Thszx9Mw8hMRIQjKsptCfuES9zr5WJY6vSFCIvE9fCMUmEM1A1kSXcYGxgVYsvI1IPKTZciSTI0us\/SMGG04gDzELDoFBwdcFJrF88dqgYMTiL6DILWYyfOWE8\/kIz38olCNlC03FK95+imxp6y4oUSvAnBjHHhKNtotSDqJzVFiK8c2SBqhZtsrTtgrLXwAyduxZHNE26eHUt5rtuM4WSmds3G+sUdWYo1L+XyxButoh5eKUHk5lByO3G1LqqCWVnfrv\/lyPtf\/4ps1cndNGIri8J1TJ0lx6dR\/oPjq1nbRwdp2dCk4CtIOLW3pVKRL6WZfS5vF2KkIQhpwSsjiYIgNCs1gEMGqiIq24NQX9NwoXFy8Ufrl3twTcg4fv8T9\/JBEySduj6Mjm4bMzYV7EEOxKjjoNDud7yY3Dy71Hq2oLmqfbNR723edH9PgMrNL2utoQ3VmaIDkiw\/4w51P06hlZsTZvkRrbVuSIs\/zwSOsycgzStQouoAkWQqioRT5XI7n2Z1wfVhoZmcAJLsoqjqpjbWCgpOAJXBwHK8PzWbNvoUZJND5wCnSkLAkZ1legx6vqQzjoiTahKlGUGLAiIIoABOHaNVw4sexZBym6\/HWlH5h3IC7yRbxtipcWxdTOkORKiNQAEkFf66x5S2oeRbroOlLgg0sSYkR0hRGEqJZ0jTPiQKatESdBckpWigxaapEH0lImHdWu9pUFF2XqMNM2Z4kped7IwEJw2qabwtrQqnpw6HyKkgcadKWsmpywwesDyIhYRpdzXddqegtGIJlXbAIUMOLkGxJUjRIkokwjUaX9d\/kK62ps\/tYUqZLIMkLTyBhsMZ3C5Z\/kDxOSCb\/DOs\/\/J0qcWSX\/2ipe56EgTCA4\/cB7NAYOsni4mZM1MUPAISoEwkDi4lhVBQ1cWQyIcwalw4EpqZN68JUSK7XC0kTlkLYii5uXSC8jT5ncCAS7mjCv0uHp\/3lueHEEAeQ\/\/VgmdN71\/2uCSA1Xr6DO6uI6sW56zqT2tp2PhgiRUAajV8CY2fkcz6WGNKMgLAt7tJAhD4YHMTeRxlALE6+43WqjSWi8ITxyJl8WrwWSNESQZZOqhDDntO3hJLsd5RtSpbJqdv3YrDJH3F7jL1R2O2aQkn2MyCyKYz0GPGIvSAMgBCrCEiJyKbBaYGwLW4uPRr0A0M4Ux5kUI7IBh+hMdiCEWNqhMZGyYMsOgNE58UQuEQeUnSWCMYwL54hkxK6IoqucQZbQ3pc3XtL0lky1dL0zZJJDpWJovFqpWj6JEHnyam2eQp5QRVAVHjWparTOaVwUOx99YS2MvgxIGV0bb+qIg2HX2qkFFJB+XZcbLiuRkuxD9GRroKyveLxdh4d7Orx+hb7qc3uVRuEogCOnyIxm4ubUoPgF4jianDrC+SDQDKEfJb0GUKmjCGPYHGJvVC6X4hw1\/sAfQAdfYyephIaspXe36RwOP+Ljvfx9B6B3i+Nk0DGq+oCbLn6JpBa9nWAveAIHwFAwtVcIJXPMPL8kRu5OAYPMaL1WScTxjiZDqB9LTJSWphow\/pTYKRTLjCBhvi9iBidvKcDasGSm0QQkycYuLBqj6QCELPctqChDWpTRMWkngNNpQ1Pfp1KkiT\/Y0DGffXAweUNfLAfaJFKDwhb6I+bkYRbkERoEeu3Fyjg2opMz2daZCS9jt6Q7txNfB+OZEVF6Zl5web2xunnLQrtrjXseXKaFYziYINeMFZVxS9VxRhOoesYwxPKXm+gWLG9cuFeq93UNNeJNsf1KlwuDok9n02n3TgIJpOxNfL9naIoQwXtfH9kjceTIIi709ncTg6LZbg+biLH1V6u\/7rxBem06VXKn9raAAAAAElFTkSuQmCC\")      no-repeat center center \/ contain;  }  @media screen and (max-width: 960px) and (orientation: portrait) {    .logo {      width: 100%;    }    .logo .pc-banner {      display: none;    }    .logo .m-banner {      display: block;      width: 100%;    }    .logo .m-banner img {      height: auto!important;    }    .ytvideo {      height: 200px;      width: 100%;    }  }<\/style><style>  .video-section {    width: 100%;    margin: 0 auto;  }  .video-section > img {    width: 100%;  }  .video-section iframe,  .video-section video {    width: 100%;    height: 100%;      }  .video-section-img-m,  .video-section-img-pc > img {    width: 100%;    height: auto;  }  .video-section-img-pc.small > img {    width: 970px;  }  .video-desc {    line-height: 1.5;    font-size: 20px;    font-weight: 400;    margin: 20px 0;    text-align: center;    color: #0f1111;    word-break: break-word;  }  @media screen and (max-width: 960px) and (orientation: portrait) {    .video-section {      width: 100%;    }    .video-section-pc,    .video-section-img-pc {      display: none;    }    .video-section-m,    .video-section-img-m {      display: block;    }    .video-desc {      font-size: 15px;    }  }  @media screen and (min-width: 960px) {    .video-section {      width: 100%;      margin: 0 auto;    }    .video-section-pc,    .video-section-img-pc {      display: block;    }    .video-section-m,    .video-section-img-m {      display: none;    }    .video-desc {      font-size: 20px;    }  }<\/style><style>  .section + .section {    margin-top: 35px;  }  .section-title {    text-align: center;    font-weight: bold;    color: #0d1111;    font-family: \"Arial\";    font-size: 32px;    margin: 15px 0;  }  .section-title:empty {    display: none;  }  .section-desc {    text-align: center;    font-weight: normal;    color: #0d1111;    margin-top: 20px;  }  .section-desc:empty {    display: none;  }  .section-img {    width: 1200px;    height: 492px;    margin: 0 auto;    display: block;  }  .section-img.small {    width: 970px;    height: auto;  }  .section-img.small > img {    height: auto;  }  .section-img > img {    width: 100%;    height: 100%;  }  .section-mobile-img {    display: none;    max-width: 100vw;    max-height: 75vw;    height: 450px;    margin: 0 auto;  }  .section-mobile-img > img {    width: 100%;    height: 100%;  }  @media screen and (max-width: 960px) and (orientation: portrait) {    .container {      width: 100%;    }    .container.small {      width: 100%;    }    .section-mobile-img {      display: block;    }    .section-img {      display: none;    }    .section-title {      font-size: 22px;      margin: 10px 0;    }    .section-desc {      margin-top: 10px;    }    .section + .section {      margin-top: 20px;    }  }<\/style><\/head><body><div class=\"container small\"><div class=\"logo\"><div class=\"pc-banner small\"><div><img decoding=\"async\" src=\"\/vevor\/vevor\/boutique-banner\/pc\/en-pc@1x.jpg\" style=\"width: 100%;\" \/><\/div><\/div><div class=\"m-banner\"><div><img decoding=\"async\" src=\"\/vevor\/vevor\/boutique-banner\/mobile\/en-m@1x.jpg\" style=\"width: 100%;\" \/><\/div><\/div><\/div><div class=\"section-title\">Tera Mill Veski Vastab K\u00f5igile Teie Igap\u00e4evaste Vajaduste kohta Lihvimine<\/div><div class=\"video-section\"><video class=\"video-section-pc\" controls poster=\"\/vevor\/product\/DDDPSGWYMJ10GU5ZE\/grain-mill-grinder-a100-1.4-pt.jpg\"><source src=\"\/vevor\/product\/DDMPSGWYMJZTWGW67\/tera-veski-veski-tvc2.mp4\" type=\"video\/mp4\" \/><\/video><video class=\"video-section-m\" controls poster=\"\/vevor\/product\/DDDPSGWYMJ10GU5ZE\/grain-mill-grinder-a100-1.4-m.jpg\"><source src=\"\/vevor\/product\/DDMPSGWYMJZTWGW67\/tera-veski-veski-tvc2.mp4\" type=\"video\/mp4\" \/><\/video><div class=\"section-desc\">Lihvimise koda on helde v\u00f5imsus 1000 g, tagades teil on piisavalt oma vajaduste rahuldamiseks. K\u00f5rge karedus, see annab meelerahu, kui lihvimine toitu.<\/div><\/div><div class=\"section\"><div class=\"section-title\"><\/div><div class=\"section-img small\"><img decoding=\"async\" src=\"\/vevor\/product\/DDDPSGWYMJ10GU5ZE\/grain-mill-grinder-a100-2.2-pt.jpg\" \/><\/div><div class=\"section-mobile-img\"><img decoding=\"async\" src=\"\/vevor\/product\/DDDPSGWYMJ10GU5ZE\/grain-mill-grinder-a100-2.2-pt.jpg\" \/><\/div><div class=\"section-desc\">Sobib nii ravimite ja toidu tootmise eesm\u00e4rgil, on ta kiiresti terad jahvatatakse, v\u00fcrtsid, ja eksperimentaalse proovide trahvi ja t\u00f5husa tulemuse.<\/div><\/div><div class=\"section\"><div class=\"section-title\"><\/div><div class=\"section-img small\"><img decoding=\"async\" src=\"\/vevor\/product\/DDDPSGWYMJ10GU5ZE\/grain-mill-grinder-a100-2.3-pt.jpg\" \/><\/div><div class=\"section-mobile-img\"><img decoding=\"async\" src=\"\/vevor\/product\/DDDPSGWYMJ10GU5ZE\/grain-mill-grinder-a100-2.3-pt.jpg\" \/><\/div><div class=\"section-desc\">Kiik Lihvimis\u2014Funktsioonid 270-kraadise kiik lihvima k\u00f5rge karedus koostis, suureneb kontaktpind vahel toidu-ja labad paremaid tulemusi.<\/div><\/div><div class=\"section\"><div class=\"section-title\"><\/div><div class=\"section-img small\"><img decoding=\"async\" src=\"\/vevor\/product\/DDDPSGWYMJ10GU5ZE\/grain-mill-grinder-a100-2.4-pt.jpg\" \/><\/div><div class=\"section-mobile-img\"><img decoding=\"async\" src=\"\/vevor\/product\/DDDPSGWYMJ10GU5ZE\/grain-mill-grinder-a100-2.4-pt.jpg\" \/><\/div><div class=\"section-desc\">Lihtne kasutamine\u2014Ka lihtne kasutada v\u00e4simatu lihvimine. Paksus on reguleeritav, mugav taimer, mida saab vabalt reguleerida vahemikus 0 kuni 5 minutit.<\/div><\/div><div class=\"section\"><div class=\"section-title\"><\/div><div class=\"section-img small\"><img decoding=\"async\" src=\"\/vevor\/product\/DDDPSGWYMJ10GU5ZE\/grain-mill-grinder-a100-2.5-pt.jpg\" \/><\/div><div class=\"section-mobile-img\"><img decoding=\"async\" src=\"\/vevor\/product\/DDDPSGWYMJ10GU5ZE\/grain-mill-grinder-a100-2.5-pt.jpg\" \/><\/div><div class=\"section-desc\">Kaitsev kaas on loodud selleks, snap kindlalt paigal, v\u00e4ltides pulber leke. Avamine ja sulgemine on lihtne\u2014lifti avatud, vajutage nuppu down, et tihe.<\/div><\/div><div class=\"section\"><div class=\"section-img small\"><img decoding=\"async\" src=\"\/vevor\/product\/DDDPSGWYMJ10GU5ZE\/grain-mill-grinder-a100-1.11-pt.jpg\" \/><\/div><div class=\"section-mobile-img\"><img decoding=\"async\" src=\"\/vevor\/product\/DDDPSGWYMJ10GU5ZE\/grain-mill-grinder-a100-1.11-pt.jpg\" \/><\/div><\/div><\/div><\/body><\/html><\/div>\n<div class=\"DM_at-title\" id=\"js-DM_at-title\"> <div>Toote spetsifikatsioon<\/div> <i class=\"icon-arrowup_line\"><\/i> <\/div><div class=\"DM_at-goodsDescAttr\" id=\"js-DM_at-goodsDescAttr\"> <div class=\"DM_at-goodsDescAttrInner\"> <dl class=\"goodsDesc_item goodsDesc_item_even\"> <dt>Punkt Mudeli Number<\/dt> <dd> HC-1000Y<\/dd> <\/dl> <dl class=\"goodsDesc_item\"> <dt>V\u00f5imsus<\/dt> <dd> 3000W<\/dd> <\/dl> <dl class=\"goodsDesc_item goodsDesc_item_even\"> <dt>Mootori Kiirus<\/dt> <dd> 28000 r\/min<\/dd> <\/dl> <dl class=\"goodsDesc_item\"> <dt>Punker Materjal<\/dt> <dd> 403 Roostevabast Terasest<\/dd> <\/dl> <dl class=\"goodsDesc_item goodsDesc_item_even\"> <dt>Lihvimine Paagi Suurus<\/dt> <dd> 6.89 x 5.12 tolline \/ 17.5 x 13 cm<\/dd> <\/dl> <dl class=\"goodsDesc_item\"> <dt>Lihvimine V\u00f5imsus<\/dt> <dd> 2.2 lbs \/ 1000 g<\/dd> <\/dl> <dl class=\"goodsDesc_item goodsDesc_item_even\"> <dt>Jahvatamise Peenuse<\/dt> <dd> 30-300 V\u00f5re<\/dd> <\/dl> <dl class=\"goodsDesc_item\"> <dt>Pidev T\u00f6\u00f6aeg<\/dt> <dd> 5 minutit<\/dd> <\/dl> <dl class=\"goodsDesc_item goodsDesc_item_even\"> <dt>Toote Kaal<\/dt> <dd> 13.67 lbs \/ 6.2 kg<\/dd> <\/dl> <dl class=\"goodsDesc_item\"> <dt>Toote M\u00f5\u00f5dud (L x W x H)<\/dt> <dd> 8.86 x 7.48 x 14.6 tolline \/ 225 x 190 x 370 mm<\/dd> <\/dl> <\/div> <\/div>","protected":false},"excerpt":{"rendered":"<ul>\n<li> Kiik Veski: kiik t\u00fc\u00fcp on mugavam kui p\u00fcsti t\u00fc\u00fcp. Sa v\u00f5iksid kiik kaubanduslik v\u00fcrtsi veski keha 270\u00b0 aidata valada, selle asemel, pealev\u00f5tmine veski. Lisaks saab kiik veski t\u00f6\u00f6tades, toodavad rohkem \u00fchtlane ja peen pulber. Kui te olete rahulolematu, mille lihvimise m\u00f5ju, saad s\u00f5elutakse v\u00e4lja j\u00e4medateralised osakesed ja lihvima neid veel paremaid tulemusi. <\/li>\n<li> Super Smash Funktsioon: Mootori V\u00f5imsus: 3000W; Mootori Kiirus: 28000(r\/min); V\u00f5imsus: 1000 g; t\u00f6\u00f6aeg: 5 min; Intervalli Aeg: 10 min; Purustatud Tase: superfine veski; P\u00f5him\u00f5te: high-speed veski. Fitness: 30-300mesh. Kolme-kihi tera purustamise tera, sarv tera ja pulber eemaldamise tera, See v\u00f5tab vaid 30 sekundit, et lihvima igasuguseid kuivatatud toidu sisse peen pulber. V\u00fcrtsi ja seemne veski saab kergesti kohandada ja loe ajal ekraani. <\/li>\n<li> Roostevabast terasest materjal ja turvaline disain: Elektriline v\u00e4ike v\u00fcrtsiveski on valmistatud toidukvaliteediga roostevabast terasest, mis tagab vastupidavuse ja ei saasta t\u00f6\u00f6tlemisel. Pandlaga struktuur tagab hea tihenduse ja k\u00f5rge turvalisuse. Nisuveski peatub kaane avamisel automaatselt, suurendades turvalisust ja kaitstes kasutajat vigastuste eest. Kui teravilja jahvatit \u00fcle koormatakse, l\u00fclitub \u00fclekoormuskaitse automaatselt sisse, et t\u00f6\u00f6d juhtida. <\/li>\n<li> Mitmeotstarbeline Kuiv Veski: pulber masin saab tegeleda erinevate kuivatatud materjalist, sh \u2460 terad (soja, mais, oder, nisu, kaer, rukis, hernes, kohvi oad), \u2461 v\u00fcrtsid (apteegitill, paprika, kaneel, rosmariin), (Ei sobi m\u00e4rg, v\u00e4rske, \u00f5line ega kleepuv materjalid.) See on laialdaselt kasutatud peredele, k\u00f6\u00f6gid, haiglad, meditsiini ja t\u00f6\u00f6tlemise tehastes. <\/li>\n<li> Kasutades N\u00e4pun\u00e4ited: 1. See \u00e4ri kohvi veski masin saab sisse l\u00fclitada ainult p\u00e4rast t\u00e4ielikult paindeid kaas. 2. Materjalid valmis lihvimiseks peab olema piisavalt kuiv. 3. \u00dclej\u00e4\u00e4nud masin 5-10 minutit p\u00e4rast iga 5 minuti t\u00f6\u00f6. 4. Tagada lihvima materjalide katta pika tera ja enam kui 2\/3 purki. 1\/2 purki on parim. 5. \u00c4rge puhastage lihvimine mahuti veega otse. Kasuta kuiva lapiga v\u00f5i harjaga puhastamist. <\/li>\n<\/ul>","protected":false},"featured_media":342591,"comment_status":"closed","ping_status":"open","template":"","meta":{"om_disable_all_campaigns":false,"_monsterinsights_skip_tracking":false,"_monsterinsights_sitenote_active":false,"_monsterinsights_sitenote_note":"","_monsterinsights_sitenote_category":0,"_uf_show_specific_survey":0,"_uf_disable_surveys":false},"location":[1935,1934],"product_brand":[21],"product_cat":[2679,2678,2403,2677,2676],"product_tag":[],"class_list":{"0":"post-55376","1":"product","2":"type-product","3":"status-publish","4":"has-post-thumbnail","6":"location-supplier_stock_location","7":"location-local_stock_location","8":"product_brand-vevor","9":"product_cat-electric-grain-grinder","10":"product_cat-food-mills","11":"product_cat-kitchen","12":"product_cat-kitchen-gadgets-tools","13":"product_cat-kitchenware","15":"first","16":"instock","17":"featured","18":"taxable","19":"shipping-taxable","20":"purchasable","21":"product-type-simple"},"aioseo_notices":[],"jetpack_sharing_enabled":true,"locations":[{"id":1935,"name":"Pieg\u0101d\u0101t\u0101ja noliktav\u0101 (5-7d.d.)","slug":"supplier_stock_location","quantity":"26"},{"id":1934,"name":"R\u012bgas veikal\u0101 (0-2d.d.)","slug":"local_stock_location","quantity":"0"}],"_links":{"self":[{"href":"https:\/\/vevorshop.lv\/et\/wp-json\/wp\/v2\/product\/55376","targetHints":{"allow":["GET"]}}],"collection":[{"href":"https:\/\/vevorshop.lv\/et\/wp-json\/wp\/v2\/product"}],"about":[{"href":"https:\/\/vevorshop.lv\/et\/wp-json\/wp\/v2\/types\/product"}],"replies":[{"embeddable":true,"href":"https:\/\/vevorshop.lv\/et\/wp-json\/wp\/v2\/comments?post=55376"}],"wp:featuredmedia":[{"embeddable":true,"href":"https:\/\/vevorshop.lv\/et\/wp-json\/wp\/v2\/media\/342591"}],"wp:attachment":[{"href":"https:\/\/vevorshop.lv\/et\/wp-json\/wp\/v2\/media?parent=55376"}],"wp:term":[{"taxonomy":"location","embeddable":true,"href":"https:\/\/vevorshop.lv\/et\/wp-json\/wp\/v2\/location?post=55376"},{"taxonomy":"product_brand","embeddable":true,"href":"https:\/\/vevorshop.lv\/et\/wp-json\/wp\/v2\/product_brand?post=55376"},{"taxonomy":"product_cat","embeddable":true,"href":"https:\/\/vevorshop.lv\/et\/wp-json\/wp\/v2\/product_cat?post=55376"},{"taxonomy":"product_tag","embeddable":true,"href":"https:\/\/vevorshop.lv\/et\/wp-json\/wp\/v2\/product_tag?post=55376"}],"curies":[{"name":"wp","href":"https:\/\/api.w.org\/{rel}","templated":true}]}}