{"id":55602,"date":"2024-11-20T03:57:58","date_gmt":"2024-11-20T03:57:58","guid":{"rendered":"http:\/\/vevorshop.edigo.lv\/Prece\/vevor-stem-building-toys-for-kids-2-in-1-app-remote-control-car-robot-461-pcs\/"},"modified":"2026-04-28T07:59:18","modified_gmt":"2026-04-28T04:59:18","slug":"vevor-stem-building-toys-for-kids-2-in-1-app-remote-control-car-robot-461-pcs","status":"publish","type":"product","link":"https:\/\/vevorshop.lv\/et\/Prece\/vevor-varre-hoone-manguasjad-lastele-2-in-1-app-kaugjuhtimispult-auto-robot-461-tk\/","title":{"rendered":"VEVOR 2-in-1 STEM RC ehituskomplekt lastele, 461 osa, auto ja robot, puldi ja rakendusega juhitav, hariv kink alates 6+"},"content":{"rendered":"<div style=\"color: #fff!important; font-size: 16px; height: 24px; line-height: 24px; margin-top: -24px; \" class=\"product_original_name\">VEVOR STEM Building m\u00e4nguasjad lastele, 2-in-1 461 PCS plokid, kaugjuhtimisega autode ehituskomplektid Kaug- ja APP-juhitav auto\/robot, RC STEM robotid ehituskomplekt kingitused 6+ aastastele poistele<\/div>\n<div style=\"color: #fff!important; font-size: 16px; height: 24px; line-height: 24px; margin-top: -24px; \" class=\"product_sku\">M4I4MDS2<\/div>\n<div style=\"color: #fff!important; font-size: 16px; height: 24px; line-height: 24px; margin-top: -24px; \" class=\"product_mpn\">YKBCPDJMJQREXQP2UV9<\/div><div id=\"js-DM_at-goodDescRich\"><html><head><style>  body {    font-family: Arial;    line-height: 1.5;    color: #1c1c1c;    overflow-x: hidden;    margin: 0;    padding: 0;  }  .MsoNormal b {    font-weight: bolder;  }<\/style><style>  .container.small {    width: 970px;    margin: 0 auto;  }  .logo {    margin: 0 auto 0;  }  .logo img {    display: block;    margin: 0 auto;    max-width: 100%;  }  .logo .pc-banner {    display: block;    width: 1200px;    height: 247.4px;    margin: 0 auto;  }  .logo .pc-banner.small {    width: 970px;  }  .logo .pc-banner.small img {    height: auto!important;  }  .logo .m-banner {    display: none;  }  .ytvideo {    position: relative;    height: 546px;    width: 100%;    margin: 0 auto;  }  .ytvideo img {    width: 100%;    margin: 0 auto;  }  .ytvideo .play-btn {    width: 60px;    height: 42px;    position: absolute;    top: 50%;    left: 50%;    transform: translate(-50%, -50%);    background: url(\"data:image\/png;base64,iVBORw0KGgoAAAANSUhEUgAAAGQAAABGCAMAAAANWMFbAAAC+lBMVEUAAADBGB3kLCfBGB3kLCfcJC7BFx3KKSbiKybkLCbWJCPSIiLSIiLPICHAFx3kLCfgKSXNHiDZJiTIGx\/p4eHcjo7LHSDbJyTkLCbjKyfOHyHPIiL28fHJHB\/GGh7EGR7eKCXDGB3RISHlLSbBGB3AFxzGHB7DGB7BGB3hKybkKybAFx3lLCfAFxzDGR3hKibDGB7cJyTmz8\/elJTlwcHjurrUIyLlLSflLSfAFx3DGR7lLSfCFx3hKibhKibhKybjKybkLCblLSfbJSX49vbx7e3NNzjNMTLMJyjVIyLZf3\/ZQ0LaeHjx0tLgoqLkLCfCGB3HGx\/BGB3BFx3PICHCGB7WJCLOHyC\/Fxy\/Fx3lLCfQISHkLSe\/FxzbJiTBFx3FGx\/AGB7BFx3EGR7AGB3HHSDfKiXAFh3TISHYNzbhKibbJyTTIiL57e325+f039\/v2NjUV1fOHiHiqanfmprch4feKSXVIyPOICHmLibFGh\/mLSe\/Fx7XJCPeKSXXJSPNHyHaJyTGGh7lLCbmLCflLSjSIiLkLCbdKSXLHiC\/GB3KHh++Fh3lKyfoLiXcKCPkx8fYb2\/XaGfVXl3aU1LLHiDksbHgKibPICHbJyTfKSXbJyTCGB3KHSDiKybFGh7TIiL\/\/\/\/VIyPRISHIHB\/GGx\/HHB\/DGR7gKibdKCXLHiDZJiTMHiDNHyHYJSTOICHPICHWJCPcKCXXJSPjLCblLCf+\/f3NGR\/uLijzLynPGR\/IGB7WISHaIyLLGh7UAADxLynNAADRLzDbICLQAADIAAD3MCrUHSHXMTDpKSbLAADp5OTij4\/ejo\/VLy\/1LyngJSTcJCPQHx\/OHB7+\/PzaMS\/OLS\/vLijrLSjSAADaNTPwLyjkKSbNJCbYISHPHB\/KGB7WAAD7+vrn3d3aKynTKCjoLCfsKifRGh\/YAADq5+fhjo7QNDXXKCfmJyXt5+fTLzDLLi\/QKivYHRvMGBrQJCXLISPMExXLDxLaEAvkkI\/bOTfaFQ\/SCgpvLcnHAAAAmnRSTlMA+vv7+gT9Bvf9+8z8\/NSv\/Pr5+P7++vnQIBMP\/v38\/Pn348XDiCYf9OjbzcqxXVcx\/fz8+\/rj1r2poo1+fXFqX0orGP7+\/v7+\/fz8+\/r68uzn4trIxsG\/vri3p6GcmZSNbWVYUUZEPQv+\/f39+\/v7+\/v7+vr64tvV1NTTz87FtbSurqeblJKFg4B3bUY+NjL7+\/v7+\/v67t1cDo8JLQAABkRJREFUWMO0kz9rwkAYh0OIeJkum6YugUAhISCdKoj\/P4C7SMdS+gEKIhSKil10LSg4mzXkILdlEpxCpwTiWOLX6BujvQaEQuGeHLnL+\/64J+SIcKGYTYWnntpdLjrVdqvZmNdn0+EE40GtpuuWVS6Xx6N7YDSGpWXpeq02wHgynM7q80az1a52HpddtVcpsi1zFARBrdaxbhp9iUReTGmwA4KAAr7vx3EYejnCMI6hQYEgy0LQi4jUN0wL19vqFcUC9\/1dAKmEEFkWRYkh5oBejnxQJiSJPJ\/uKBp0Thszx9Mw8hMRIQjKsptCfuES9zr5WJY6vSFCIvE9fCMUmEM1A1kSXcYGxgVYsvI1IPKTZciSTI0us\/SMGG04gDzELDoFBwdcFJrF88dqgYMTiL6DILWYyfOWE8\/kIz38olCNlC03FK95+imxp6y4oUSvAnBjHHhKNtotSDqJzVFiK8c2SBqhZtsrTtgrLXwAyduxZHNE26eHUt5rtuM4WSmds3G+sUdWYo1L+XyxButoh5eKUHk5lByO3G1LqqCWVnfrv\/lyPtf\/4ps1cndNGIri8J1TJ0lx6dR\/oPjq1nbRwdp2dCk4CtIOLW3pVKRL6WZfS5vF2KkIQhpwSsjiYIgNCs1gEMGqiIq24NQX9NwoXFy8Ufrl3twTcg4fv8T9\/JBEySduj6Mjm4bMzYV7EEOxKjjoNDud7yY3Dy71Hq2oLmqfbNR723edH9PgMrNL2utoQ3VmaIDkiw\/4w51P06hlZsTZvkRrbVuSIs\/zwSOsycgzStQouoAkWQqioRT5XI7n2Z1wfVhoZmcAJLsoqjqpjbWCgpOAJXBwHK8PzWbNvoUZJND5wCnSkLAkZ1legx6vqQzjoiTahKlGUGLAiIIoABOHaNVw4sexZBym6\/HWlH5h3IC7yRbxtipcWxdTOkORKiNQAEkFf66x5S2oeRbroOlLgg0sSYkR0hRGEqJZ0jTPiQKatESdBckpWigxaapEH0lImHdWu9pUFF2XqMNM2Z4kped7IwEJw2qabwtrQqnpw6HyKkgcadKWsmpywwesDyIhYRpdzXddqegtGIJlXbAIUMOLkGxJUjRIkokwjUaX9d\/kK62ps\/tYUqZLIMkLTyBhsMZ3C5Z\/kDxOSCb\/DOs\/\/J0qcWSX\/2ipe56EgTCA4\/cB7NAYOsni4mZM1MUPAISoEwkDi4lhVBQ1cWQyIcwalw4EpqZN68JUSK7XC0kTlkLYii5uXSC8jT5ncCAS7mjCv0uHp\/3lueHEEAeQ\/\/VgmdN71\/2uCSA1Xr6DO6uI6sW56zqT2tp2PhgiRUAajV8CY2fkcz6WGNKMgLAt7tJAhD4YHMTeRxlALE6+43WqjSWi8ITxyJl8WrwWSNESQZZOqhDDntO3hJLsd5RtSpbJqdv3YrDJH3F7jL1R2O2aQkn2MyCyKYz0GPGIvSAMgBCrCEiJyKbBaYGwLW4uPRr0A0M4Ux5kUI7IBh+hMdiCEWNqhMZGyYMsOgNE58UQuEQeUnSWCMYwL54hkxK6IoqucQZbQ3pc3XtL0lky1dL0zZJJDpWJovFqpWj6JEHnyam2eQp5QRVAVHjWparTOaVwUOx99YS2MvgxIGV0bb+qIg2HX2qkFFJB+XZcbLiuRkuxD9GRroKyveLxdh4d7Orx+hb7qc3uVRuEogCOnyIxm4ubUoPgF4jianDrC+SDQDKEfJb0GUKmjCGPYHGJvVC6X4hw1\/sAfQAdfYyephIaspXe36RwOP+Ljvfx9B6B3i+Nk0DGq+oCbLn6JpBa9nWAveAIHwFAwtVcIJXPMPL8kRu5OAYPMaL1WScTxjiZDqB9LTJSWphow\/pTYKRTLjCBhvi9iBidvKcDasGSm0QQkycYuLBqj6QCELPctqChDWpTRMWkngNNpQ1Pfp1KkiT\/Y0DGffXAweUNfLAfaJFKDwhb6I+bkYRbkERoEeu3Fyjg2opMz2daZCS9jt6Q7txNfB+OZEVF6Zl5web2xunnLQrtrjXseXKaFYziYINeMFZVxS9VxRhOoesYwxPKXm+gWLG9cuFeq93UNNeJNsf1KlwuDok9n02n3TgIJpOxNfL9naIoQwXtfH9kjceTIIi709ncTg6LZbg+biLH1V6u\/7rxBem06VXKn9raAAAAAElFTkSuQmCC\")      no-repeat center center \/ contain;  }  @media screen and (max-width: 960px) and (orientation: portrait) {    .logo {      width: 100%;    }    .logo .pc-banner {      display: none;    }    .logo .m-banner {      display: block;      width: 100%;    }    .logo .m-banner img {      height: auto!important;    }    .ytvideo {      height: 200px;      width: 100%;    }  }<\/style><style>  .video-section {    width: 100%;    margin: 0 auto;  }  .video-section > img {    width: 100%;  }  .video-section iframe,  .video-section video {    width: 100%;    height: 100%;      }  .video-section-img-m,  .video-section-img-pc > img {    width: 100%;    height: auto;  }  .video-section-img-pc.small > img {    width: 970px;  }  .video-desc {    line-height: 1.5;    font-size: 20px;    font-weight: 400;    margin: 20px 0;    text-align: center;    color: #0f1111;    word-break: break-word;  }  @media screen and (max-width: 960px) and (orientation: portrait) {    .video-section {      width: 100%;    }    .video-section-pc,    .video-section-img-pc {      display: none;    }    .video-section-m,    .video-section-img-m {      display: block;    }    .video-desc {      font-size: 15px;    }  }  @media screen and (min-width: 960px) {    .video-section {      width: 100%;      margin: 0 auto;    }    .video-section-pc,    .video-section-img-pc {      display: block;    }    .video-section-m,    .video-section-img-m {      display: none;    }    .video-desc {      font-size: 20px;    }  }<\/style><style>  .section + .section {    margin-top: 35px;  }  .section-title {    text-align: center;    font-weight: bold;    color: #0d1111;    font-family: \"Arial\";    font-size: 32px;    margin: 15px 0;  }  .section-title:empty {    display: none;  }  .section-desc {    text-align: center;    font-weight: normal;    color: #0d1111;    margin-top: 20px;  }  .section-desc:empty {    display: none;  }  .section-img {    width: 1200px;    height: 492px;    margin: 0 auto;    display: block;  }  .section-img.small {    width: 970px;    height: auto;  }  .section-img.small > img {    height: auto;  }  .section-img > img {    width: 100%;    height: 100%;  }  .section-mobile-img {    display: none;    max-width: 100vw;    max-height: 75vw;    height: 450px;    margin: 0 auto;  }  .section-mobile-img > img {    width: 100%;    height: 100%;  }  @media screen and (max-width: 960px) and (orientation: portrait) {    .container {      width: 100%;    }    .container.small {      width: 100%;    }    .section-mobile-img {      display: block;    }    .section-img {      display: none;    }    .section-title {      font-size: 22px;      margin: 10px 0;    }    .section-desc {      margin-top: 10px;    }    .section + .section {      margin-top: 20px;    }  }<\/style><\/head><body><div class=\"container\"><div class=\"logo\"><div class=\"pc-banner\"><div><img decoding=\"async\" src=\"\/vevor\/vevor\/boutique-banner\/pc\/en-pc@1x.jpg\" style=\"width: 100%;\" \/><\/div><\/div><div class=\"m-banner\"><div><img decoding=\"async\" src=\"\/vevor\/vevor\/boutique-banner\/mobile\/en-m@1x.jpg\" style=\"width: 100%;\" \/><\/div><\/div><\/div><div class=\"section-title\">VEVOR VARRE Hoone M\u00e4nguasjad \u2013 L\u00f5putu L\u00f5bus Teie K\u00e4tes<\/div><div class=\"video-section\"><div class=\"video-section-img-pc\"><img decoding=\"async\" src=\"\/vevor\/product\/YKBCPDJMJQREXQP2U\/building-kit-a100-1.4.jpg\" \/><\/div><div class=\"video-section-img-m\"><img decoding=\"async\" src=\"\/vevor\/product\/YKBCPDJMJQREXQP2U\/building-kit-a100-1.4-m.jpg\" \/><\/div><div class=\"section-desc\">Kas hoone, programmeerimine, v\u00f5i kontrolli remote, see RC hoone kit k\u00e4siraamat iga\u00fchele midagi. T\u00e4idiseks palju t\u00fckki ja lahe andmed, see haarab t\u00e4helepanu oma pilkup\u00fc\u00fcdev disain. Lihtne alustamine, lapsed armastavad luua ja uurida erinevaid viise, kuidas m\u00e4ngida.<\/div><\/div><div class=\"section\"><div class=\"section-title\"><\/div><div class=\"section-img\"><img decoding=\"async\" src=\"\/vevor\/product\/YKBCPDJMJQREXQP2U\/building-kit-a100-2.2.jpg\" \/><\/div><div class=\"section-mobile-img\"><img decoding=\"async\" src=\"\/vevor\/product\/YKBCPDJMJQREXQP2U\/building-kit-a100-2.2-m.jpg\" \/><\/div><div class=\"section-desc\">See RC-autode ehituskomplekt \u00e4ratab STEM-programmeerimise ellu, v\u00f5imaldades lastel oma robotit kodeerida ning suurendada nende loogilist m\u00f5tlemist ja loovust. See on lastele l\u00f5bus ja praktiline viis m\u00e4ngimise ajal \u00f5ppida.<\/div><\/div><div class=\"section\"><div class=\"section-title\"><\/div><div class=\"section-img\"><img decoding=\"async\" src=\"\/vevor\/product\/YKBCPDJMJQREXQP2U\/building-kit-a100-2.3.jpg\" \/><\/div><div class=\"section-mobile-img\"><img decoding=\"async\" src=\"\/vevor\/product\/YKBCPDJMJQREXQP2U\/building-kit-a100-2.3-m.jpg\" \/><\/div><div class=\"section-desc\">Tugeva liitiumakuga annab see STEM-robotite ehituskomplekt usaldusv\u00e4\u00e4rse toite sujuvaks ja p\u00fcsivaks juhtimiseks. Universaalne laadimisport t\u00e4hendab, et seda on lihtne igal ajal laadida, nii et lapsed saavad j\u00e4tkata m\u00e4ngimist, muretsemata mahla l\u00f5ppemise p\u00e4rast.<\/div><\/div><div class=\"section\"><div class=\"section-title\"><\/div><div class=\"section-img\"><img decoding=\"async\" src=\"\/vevor\/product\/YKBCPDJMJQREXQP2U\/building-kit-a100-2.4.jpg\" \/><\/div><div class=\"section-mobile-img\"><img decoding=\"async\" src=\"\/vevor\/product\/YKBCPDJMJQREXQP2U\/building-kit-a100-2.4-m.jpg\" \/><\/div><div class=\"section-desc\">Valige oma loomingu suunamiseks kas APP v\u00f5i kaugjuhtimispult, kus on paindlikumaks m\u00e4ngimiseks sellised valikud nagu kaugjuhtimispult, tee navigeerimine ja gravitatsioonituvastus. See on suurep\u00e4rane viis vanematele ja lastele koos m\u00e4ngimiseks, lisades kogemusele veelgi rohkem nalja.<\/div><\/div><div class=\"section\"><div class=\"section-title\"><\/div><div class=\"section-img\"><img decoding=\"async\" src=\"\/vevor\/product\/YKBCPDJMJQREXQP2U\/building-kit-a100-2.5.jpg\" \/><\/div><div class=\"section-mobile-img\"><img decoding=\"async\" src=\"\/vevor\/product\/YKBCPDJMJQREXQP2U\/building-kit-a100-2.5-m.jpg\" \/><\/div><div class=\"section-desc\">See STEM-roboti m\u00e4nguasjade ehituskomplekt, mis on valmistatud turvalisest ABS-materjalist ja sertifitseeritud turvalisuse tagamiseks, on loodud teie lapse tervist silmas pidades. Oma l\u00f5busate funktsioonide ja kauni pakendiga on see fantastiline kingitus 6-aastastele ja vanematele lastele.<\/div><\/div><div class=\"section\"><div class=\"section-img\"><img decoding=\"async\" src=\"\/vevor\/product\/YKBCPDJMJQREXQP2U\/building-kit-a100-1.11.jpg\" \/><\/div><div class=\"section-mobile-img\"><img decoding=\"async\" src=\"\/vevor\/product\/YKBCPDJMJQREXQP2U\/building-kit-a100-1.11-m.jpg\" \/><\/div><\/div><\/div><\/body><\/html><\/div>\n<div class=\"DM_at-title\" id=\"js-DM_at-title\"> <div>Toote spetsifikatsioon<\/div> <i class=\"icon-arrowup_line\"><\/i> <\/div><div class=\"DM_at-goodsDescAttr\" id=\"js-DM_at-goodsDescAttr\"> <div class=\"DM_at-goodsDescAttrInner\"> <dl class=\"goodsDesc_item goodsDesc_item_even\"> <dt>Punkt Mudeli Number<\/dt> <dd> 8042<\/dd> <\/dl> <dl class=\"goodsDesc_item\"> <dt>Sportauto Suurus<\/dt> <dd> 9.84 x 4.72 x 2.44 in\/250 x 120 x 62 mm<\/dd> <\/dl> <dl class=\"goodsDesc_item goodsDesc_item_even\"> <dt>Robot Suurus<\/dt> <dd> 11.02 x 5.12 x 5.91 in\/280 x 130 x 150 mm<\/dd> <\/dl> <dl class=\"goodsDesc_item\"> <dt>Toote Kaal<\/dt> <dd> 1.17 lbs\/0.532 kg<\/dd> <\/dl> <\/div> <\/div>","protected":false},"excerpt":{"rendered":"<ul>\n<li> Lihtne Ehitada, Tonni L\u00f5bus: selle 2-in-1 hoone kit, lapsed saavad luua sportauto v\u00f5i robot lahing. Kas nad kokkupanek, kontrolli remote, v\u00f5i sukeldudes programmeerimine, seal on midagi igale tasemele m\u00e4ngida. Kui 461 TK komplekt on pakitud detail, mist\u00f5ttu on lihtne ja p\u00f5nev ehitada. Pluss, lapsed saavad lasta oma kujutlusv\u00f5ime metsikuks ja tulla oma disainilahenduste, hoides l\u00f5bus l\u00e4hen tundi. <\/li>\n<li> VARRE Kavandamise Haridus: M\u00f5eldud poiss-s\u00f5bralik VARRE programmeerimisre\u017eiimist, see RC auto hoone kit aitab noorte m\u00f5tetes \u00f5ppida, kodeerimine samas l\u00f5bus hoone ja m\u00e4ngib. Ta on nutikas viis suurendada loogika ja loovus samal ajal, millega alus tulevastele tehnilisi oskusi. Ekstra tarvikud ja versiooniuuendusi pole saadaval,, kit kasvab koos nende huve, muutes selle veelgi l\u00f5bus ja hariv aja jooksul. <\/li>\n<li> Pikk Aku kasutusaeg: Ei ole vaja muretseda pidevalt t\u00e4idiseid! See pult hoone kit kaasas kaks laetav liitium-patareid, andes lapsed kuni 60 minutit m\u00e4nguaeg. Universaalne laadimine sadamas t\u00f6\u00f6tab k\u00f5ige sise-ja v\u00e4listingimustes kauplused, nii et see on lihtne hoida l\u00f5bus kuhugi minna. H\u00fcvasti aku stressi ja lase seiklus j\u00e4tkub. <\/li>\n<li> Interaktiivseid ja Huvitavat: See VARS robotite ehitamise komplekt toetab APP ja pult valikud. Sees APP, lapsed saavad valida mitme transpordiliikide nagu kaugjuhtimispult, tee navigatsiooni -, gravity kaugseire, ja VARRE programmeerimine. Kontrolli vahemikus kuni 65.6 jalga ja Bluetooth-2.4 G tehnoloogia, nad naudivad stabiilseid signaale ja t\u00f5rgeteta m\u00e4ngida. RAKENDUS t\u00f6\u00f6tab nii iOS ja Android OS, mist\u00f5ttu on ideaalne pere l\u00f5bus v\u00f5idus\u00f5idu v\u00f5i koos s\u00f5pradega. <\/li>\n<li> Ohutu ja ideaalne kingitus: valmistatud turvalisest ABS-materjalist ja sertifitseeritud rahvusvaheliste turvastandardite j\u00e4rgi, tagab see roboti ehitamise m\u00e4nguasi, et lapsed saavad ohutult m\u00e4ngida. Pilkup\u00fc\u00fcdev pakend ja p\u00f5nevad m\u00e4ngufunktsioonid muudavad selle fantastiliseks kingituseks 6-aastastele ja vanematele lastele, olgu siis s\u00fcnnip\u00e4evaks v\u00f5i p\u00fchadeks. See on kingitus, mis hoiab neid \u00f5ppimas, kui neil on tore! <\/li>\n<\/ul>","protected":false},"featured_media":343803,"comment_status":"closed","ping_status":"open","template":"","meta":{"om_disable_all_campaigns":false,"_uf_show_specific_survey":0,"_uf_disable_surveys":false},"location":[1935,1934],"product_brand":[21],"product_cat":[4324,2490,4559,2378],"product_tag":[],"class_list":{"0":"post-55602","1":"product","2":"type-product","3":"status-publish","4":"has-post-thumbnail","6":"location-supplier_stock_location","7":"location-local_stock_location","8":"product_brand-vevor","9":"product_cat-kids-intelligent-toys","10":"product_cat-kids-toys","11":"product_cat-rc-programming-robot-building-kit","12":"product_cat-sports-outdoors","14":"first","15":"instock","16":"taxable","17":"shipping-taxable","18":"purchasable","19":"product-type-simple"},"aioseo_notices":[],"locations":[{"id":1935,"name":"Pieg\u0101d\u0101t\u0101ja noliktav\u0101 (5-7dd)","slug":"supplier_stock_location","quantity":"8"},{"id":1934,"name":"R\u012bgas veikal\u0101 (0-2d.d.)","slug":"local_stock_location","quantity":"0"}],"_links":{"self":[{"href":"https:\/\/vevorshop.lv\/et\/wp-json\/wp\/v2\/product\/55602","targetHints":{"allow":["GET"]}}],"collection":[{"href":"https:\/\/vevorshop.lv\/et\/wp-json\/wp\/v2\/product"}],"about":[{"href":"https:\/\/vevorshop.lv\/et\/wp-json\/wp\/v2\/types\/product"}],"replies":[{"embeddable":true,"href":"https:\/\/vevorshop.lv\/et\/wp-json\/wp\/v2\/comments?post=55602"}],"wp:featuredmedia":[{"embeddable":true,"href":"https:\/\/vevorshop.lv\/et\/wp-json\/wp\/v2\/media\/343803"}],"wp:attachment":[{"href":"https:\/\/vevorshop.lv\/et\/wp-json\/wp\/v2\/media?parent=55602"}],"wp:term":[{"taxonomy":"location","embeddable":true,"href":"https:\/\/vevorshop.lv\/et\/wp-json\/wp\/v2\/location?post=55602"},{"taxonomy":"product_brand","embeddable":true,"href":"https:\/\/vevorshop.lv\/et\/wp-json\/wp\/v2\/product_brand?post=55602"},{"taxonomy":"product_cat","embeddable":true,"href":"https:\/\/vevorshop.lv\/et\/wp-json\/wp\/v2\/product_cat?post=55602"},{"taxonomy":"product_tag","embeddable":true,"href":"https:\/\/vevorshop.lv\/et\/wp-json\/wp\/v2\/product_tag?post=55602"}],"curies":[{"name":"wp","href":"https:\/\/api.w.org\/{rel}","templated":true}]}}