{"id":55972,"date":"2024-11-20T04:51:45","date_gmt":"2024-11-20T04:51:45","guid":{"rendered":"http:\/\/vevorshop.edigo.lv\/Prece\/vevor-pet-feeding-station-w-2-elevated-dog-bowls-dog-food-toy-storage-cabinet\/"},"modified":"2026-04-19T23:08:54","modified_gmt":"2026-04-19T20:08:54","slug":"vevor-pet-feeding-station-w-2-elevated-dog-bowls-dog-food-toy-storage-cabinet","status":"publish","type":"product","link":"https:\/\/vevorshop.lv\/et\/Prece\/vevor-lemmiklooma-sootmisjaam-w-2-korgendatud-koerakausid-koeratoidu-manguasjade-hoiukapp\/","title":{"rendered":"VEVOR T\u00f5stetud lemmikloomade s\u00f6\u00f6tmisjaam 2 roostevabast terasest kausi ja hoiukapiga v\u00e4ikestele koertele"},"content":{"rendered":"<div style=\"color: #fff!important; font-size: 16px; height: 24px; line-height: 24px; margin-top: -24px; \" class=\"product_original_name\">VEVORi lemmikloomade toitmisjaam 2 roostevabast terasest kausiga, k\u00f5rgendatud koerte kausid koos hoiuga, koerte toiduhoidla ja s\u00f6\u00f6tmisjaam koos kallutatava hoiukapiga, lemmikloomade m\u00e4nguasjade ladustamise korraldaja, v\u00e4ikestele koertele<\/div>\n<div style=\"color: #fff!important; font-size: 16px; height: 24px; line-height: 24px; margin-top: -24px; \" class=\"product_sku\">M4I4MFRA<\/div>\n<div style=\"color: #fff!important; font-size: 16px; height: 24px; line-height: 24px; margin-top: -24px; \" class=\"product_mpn\">MZCWHSWJ24YC6P61XV0<\/div><div id=\"js-DM_at-goodDescRich\"><html><head><style>  body {    font-family: Arial;    line-height: 1.5;    color: #1c1c1c;    overflow-x: hidden;    margin: 0;    padding: 0;  }  .MsoNormal b {    font-weight: bolder;  }<\/style><style>  .container.small {    width: 970px;    margin: 0 auto;  }  .logo {    margin: 0 auto 0;  }  .logo img {    display: block;    margin: 0 auto;    max-width: 100%;  }  .logo .pc-banner {    display: block;    width: 1200px;    height: 247.4px;    margin: 0 auto;  }  .logo .pc-banner.small {    width: 970px;  }  .logo .pc-banner.small img {    height: auto!important;  }  .logo .m-banner {    display: none;  }  .ytvideo {    position: relative;    height: 546px;    width: 100%;    margin: 0 auto;  }  .ytvideo img {    width: 100%;    margin: 0 auto;  }  .ytvideo .play-btn {    width: 60px;    height: 42px;    position: absolute;    top: 50%;    left: 50%;    transform: translate(-50%, -50%);    background: url(\"data:image\/png;base64,iVBORw0KGgoAAAANSUhEUgAAAGQAAABGCAMAAAANWMFbAAAC+lBMVEUAAADBGB3kLCfBGB3kLCfcJC7BFx3KKSbiKybkLCbWJCPSIiLSIiLPICHAFx3kLCfgKSXNHiDZJiTIGx\/p4eHcjo7LHSDbJyTkLCbjKyfOHyHPIiL28fHJHB\/GGh7EGR7eKCXDGB3RISHlLSbBGB3AFxzGHB7DGB7BGB3hKybkKybAFx3lLCfAFxzDGR3hKibDGB7cJyTmz8\/elJTlwcHjurrUIyLlLSflLSfAFx3DGR7lLSfCFx3hKibhKibhKybjKybkLCblLSfbJSX49vbx7e3NNzjNMTLMJyjVIyLZf3\/ZQ0LaeHjx0tLgoqLkLCfCGB3HGx\/BGB3BFx3PICHCGB7WJCLOHyC\/Fxy\/Fx3lLCfQISHkLSe\/FxzbJiTBFx3FGx\/AGB7BFx3EGR7AGB3HHSDfKiXAFh3TISHYNzbhKibbJyTTIiL57e325+f039\/v2NjUV1fOHiHiqanfmprch4feKSXVIyPOICHmLibFGh\/mLSe\/Fx7XJCPeKSXXJSPNHyHaJyTGGh7lLCbmLCflLSjSIiLkLCbdKSXLHiC\/GB3KHh++Fh3lKyfoLiXcKCPkx8fYb2\/XaGfVXl3aU1LLHiDksbHgKibPICHbJyTfKSXbJyTCGB3KHSDiKybFGh7TIiL\/\/\/\/VIyPRISHIHB\/GGx\/HHB\/DGR7gKibdKCXLHiDZJiTMHiDNHyHYJSTOICHPICHWJCPcKCXXJSPjLCblLCf+\/f3NGR\/uLijzLynPGR\/IGB7WISHaIyLLGh7UAADxLynNAADRLzDbICLQAADIAAD3MCrUHSHXMTDpKSbLAADp5OTij4\/ejo\/VLy\/1LyngJSTcJCPQHx\/OHB7+\/PzaMS\/OLS\/vLijrLSjSAADaNTPwLyjkKSbNJCbYISHPHB\/KGB7WAAD7+vrn3d3aKynTKCjoLCfsKifRGh\/YAADq5+fhjo7QNDXXKCfmJyXt5+fTLzDLLi\/QKivYHRvMGBrQJCXLISPMExXLDxLaEAvkkI\/bOTfaFQ\/SCgpvLcnHAAAAmnRSTlMA+vv7+gT9Bvf9+8z8\/NSv\/Pr5+P7++vnQIBMP\/v38\/Pn348XDiCYf9OjbzcqxXVcx\/fz8+\/rj1r2poo1+fXFqX0orGP7+\/v7+\/fz8+\/r68uzn4trIxsG\/vri3p6GcmZSNbWVYUUZEPQv+\/f39+\/v7+\/v7+vr64tvV1NTTz87FtbSurqeblJKFg4B3bUY+NjL7+\/v7+\/v67t1cDo8JLQAABkRJREFUWMO0kz9rwkAYh0OIeJkum6YugUAhISCdKoj\/P4C7SMdS+gEKIhSKil10LSg4mzXkILdlEpxCpwTiWOLX6BujvQaEQuGeHLnL+\/64J+SIcKGYTYWnntpdLjrVdqvZmNdn0+EE40GtpuuWVS6Xx6N7YDSGpWXpeq02wHgynM7q80az1a52HpddtVcpsi1zFARBrdaxbhp9iUReTGmwA4KAAr7vx3EYejnCMI6hQYEgy0LQi4jUN0wL19vqFcUC9\/1dAKmEEFkWRYkh5oBejnxQJiSJPJ\/uKBp0Thszx9Mw8hMRIQjKsptCfuES9zr5WJY6vSFCIvE9fCMUmEM1A1kSXcYGxgVYsvI1IPKTZciSTI0us\/SMGG04gDzELDoFBwdcFJrF88dqgYMTiL6DILWYyfOWE8\/kIz38olCNlC03FK95+imxp6y4oUSvAnBjHHhKNtotSDqJzVFiK8c2SBqhZtsrTtgrLXwAyduxZHNE26eHUt5rtuM4WSmds3G+sUdWYo1L+XyxButoh5eKUHk5lByO3G1LqqCWVnfrv\/lyPtf\/4ps1cndNGIri8J1TJ0lx6dR\/oPjq1nbRwdp2dCk4CtIOLW3pVKRL6WZfS5vF2KkIQhpwSsjiYIgNCs1gEMGqiIq24NQX9NwoXFy8Ufrl3twTcg4fv8T9\/JBEySduj6Mjm4bMzYV7EEOxKjjoNDud7yY3Dy71Hq2oLmqfbNR723edH9PgMrNL2utoQ3VmaIDkiw\/4w51P06hlZsTZvkRrbVuSIs\/zwSOsycgzStQouoAkWQqioRT5XI7n2Z1wfVhoZmcAJLsoqjqpjbWCgpOAJXBwHK8PzWbNvoUZJND5wCnSkLAkZ1legx6vqQzjoiTahKlGUGLAiIIoABOHaNVw4sexZBym6\/HWlH5h3IC7yRbxtipcWxdTOkORKiNQAEkFf66x5S2oeRbroOlLgg0sSYkR0hRGEqJZ0jTPiQKatESdBckpWigxaapEH0lImHdWu9pUFF2XqMNM2Z4kped7IwEJw2qabwtrQqnpw6HyKkgcadKWsmpywwesDyIhYRpdzXddqegtGIJlXbAIUMOLkGxJUjRIkokwjUaX9d\/kK62ps\/tYUqZLIMkLTyBhsMZ3C5Z\/kDxOSCb\/DOs\/\/J0qcWSX\/2ipe56EgTCA4\/cB7NAYOsni4mZM1MUPAISoEwkDi4lhVBQ1cWQyIcwalw4EpqZN68JUSK7XC0kTlkLYii5uXSC8jT5ncCAS7mjCv0uHp\/3lueHEEAeQ\/\/VgmdN71\/2uCSA1Xr6DO6uI6sW56zqT2tp2PhgiRUAajV8CY2fkcz6WGNKMgLAt7tJAhD4YHMTeRxlALE6+43WqjSWi8ITxyJl8WrwWSNESQZZOqhDDntO3hJLsd5RtSpbJqdv3YrDJH3F7jL1R2O2aQkn2MyCyKYz0GPGIvSAMgBCrCEiJyKbBaYGwLW4uPRr0A0M4Ux5kUI7IBh+hMdiCEWNqhMZGyYMsOgNE58UQuEQeUnSWCMYwL54hkxK6IoqucQZbQ3pc3XtL0lky1dL0zZJJDpWJovFqpWj6JEHnyam2eQp5QRVAVHjWparTOaVwUOx99YS2MvgxIGV0bb+qIg2HX2qkFFJB+XZcbLiuRkuxD9GRroKyveLxdh4d7Orx+hb7qc3uVRuEogCOnyIxm4ubUoPgF4jianDrC+SDQDKEfJb0GUKmjCGPYHGJvVC6X4hw1\/sAfQAdfYyephIaspXe36RwOP+Ljvfx9B6B3i+Nk0DGq+oCbLn6JpBa9nWAveAIHwFAwtVcIJXPMPL8kRu5OAYPMaL1WScTxjiZDqB9LTJSWphow\/pTYKRTLjCBhvi9iBidvKcDasGSm0QQkycYuLBqj6QCELPctqChDWpTRMWkngNNpQ1Pfp1KkiT\/Y0DGffXAweUNfLAfaJFKDwhb6I+bkYRbkERoEeu3Fyjg2opMz2daZCS9jt6Q7txNfB+OZEVF6Zl5web2xunnLQrtrjXseXKaFYziYINeMFZVxS9VxRhOoesYwxPKXm+gWLG9cuFeq93UNNeJNsf1KlwuDok9n02n3TgIJpOxNfL9naIoQwXtfH9kjceTIIi709ncTg6LZbg+biLH1V6u\/7rxBem06VXKn9raAAAAAElFTkSuQmCC\")      no-repeat center center \/ contain;  }  @media screen and (max-width: 960px) and (orientation: portrait) {    .logo {      width: 100%;    }    .logo .pc-banner {      display: none;    }    .logo .m-banner {      display: block;      width: 100%;    }    .logo .m-banner img {      height: auto!important;    }    .ytvideo {      height: 200px;      width: 100%;    }  }<\/style><style>  .video-section {    width: 100%;    margin: 0 auto;  }  .video-section > img {    width: 100%;  }  .video-section iframe,  .video-section video {    width: 100%;    height: 100%;      }  .video-section-img-m,  .video-section-img-pc > img {    width: 100%;    height: auto;  }  .video-section-img-pc.small > img {    width: 970px;  }  .video-desc {    line-height: 1.5;    font-size: 20px;    font-weight: 400;    margin: 20px 0;    text-align: center;    color: #0f1111;    word-break: break-word;  }  @media screen and (max-width: 960px) and (orientation: portrait) {    .video-section {      width: 100%;    }    .video-section-pc,    .video-section-img-pc {      display: none;    }    .video-section-m,    .video-section-img-m {      display: block;    }    .video-desc {      font-size: 15px;    }  }  @media screen and (min-width: 960px) {    .video-section {      width: 100%;      margin: 0 auto;    }    .video-section-pc,    .video-section-img-pc {      display: block;    }    .video-section-m,    .video-section-img-m {      display: none;    }    .video-desc {      font-size: 20px;    }  }<\/style><style>  .section + .section {    margin-top: 35px;  }  .section-title {    text-align: center;    font-weight: bold;    color: #0d1111;    font-family: \"Arial\";    font-size: 32px;    margin: 15px 0;  }  .section-title:empty {    display: none;  }  .section-desc {    text-align: center;    font-weight: normal;    color: #0d1111;    margin-top: 20px;  }  .section-desc:empty {    display: none;  }  .section-img {    width: 1200px;    height: 492px;    margin: 0 auto;    display: block;  }  .section-img.small {    width: 970px;    height: auto;  }  .section-img.small > img {    height: auto;  }  .section-img > img {    width: 100%;    height: 100%;  }  .section-mobile-img {    display: none;    max-width: 100vw;    max-height: 75vw;    height: 450px;    margin: 0 auto;  }  .section-mobile-img > img {    width: 100%;    height: 100%;  }  @media screen and (max-width: 960px) and (orientation: portrait) {    .container {      width: 100%;    }    .container.small {      width: 100%;    }    .section-mobile-img {      display: block;    }    .section-img {      display: none;    }    .section-title {      font-size: 22px;      margin: 10px 0;    }    .section-desc {      margin-top: 10px;    }    .section + .section {      margin-top: 20px;    }  }<\/style><\/head><body><div class=\"container small\"><div class=\"logo\"><div class=\"pc-banner small\"><div><img decoding=\"async\" src=\"\/vevor\/vevor\/boutique-banner\/pc\/en-pc@1x.jpg\" style=\"width: 100%;\" \/><\/div><\/div><div class=\"m-banner\"><div><img decoding=\"async\" src=\"\/vevor\/vevor\/boutique-banner\/mobile\/en-m@1x.jpg\" style=\"width: 100%;\" \/><\/div><\/div><\/div><div class=\"section-title\">VEVOR Lemmiklooma Toitmine Jaama Hoiustamine: Mugav S\u00f6\u00f6tmine ja Kaela Kaitse<\/div><div class=\"video-section\"><div class=\"video-section-img-pc small\"><img decoding=\"async\" src=\"\/vevor\/product\/MZCWHSWJ24YC6P61X\/elevated-dog-bowl-a100-1.4-pt.jpg\" \/><\/div><div class=\"video-section-img-m\"><img decoding=\"async\" src=\"\/vevor\/product\/MZCWHSWJ24YC6P61X\/elevated-dog-bowl-a100-1.4-pt.jpg\" \/><\/div><div class=\"section-desc\">Lemmiklooma toitmine jaama ladustamine suurendab mugavust ajal, toitmise, t\u00f5stes potid, edendades paremat kaela tervist.<\/div><\/div><div class=\"section\"><div class=\"section-title\"><\/div><div class=\"section-img small\"><img decoding=\"async\" src=\"\/vevor\/product\/MZCWHSWJ24YC6P61X\/elevated-dog-bowl-a100-2.2-pt.jpg\" \/><\/div><div class=\"section-mobile-img\"><img decoding=\"async\" src=\"\/vevor\/product\/MZCWHSWJ24YC6P61X\/elevated-dog-bowl-a100-2.2-pt.jpg\" \/><\/div><div class=\"section-desc\">4-kihi kapp ja 2 konksud, see tekitas koera kaussi seisma pakub rohkelt ladustamise lemmikloomatarbed, kaunistused, ja raamatud.<\/div><\/div><div class=\"section\"><div class=\"section-title\"><\/div><div class=\"section-img small\"><img decoding=\"async\" src=\"\/vevor\/product\/MZCWHSWJ24YC6P61X\/elevated-dog-bowl-a100-2.3-pt.jpg\" \/><\/div><div class=\"section-mobile-img\"><img decoding=\"async\" src=\"\/vevor\/product\/MZCWHSWJ24YC6P61X\/elevated-dog-bowl-a100-2.3-pt.jpg\" \/><\/div><div class=\"section-desc\">Valmistatud MDF melamiin, see pakub sile, tasane pind, mis on tugev, vastupidav ja veekindel.<\/div><\/div><div class=\"section\"><div class=\"section-title\"><\/div><div class=\"section-img small\"><img decoding=\"async\" src=\"\/vevor\/product\/MZCWHSWJ24YC6P61X\/elevated-dog-bowl-a100-2.4-pt.jpg\" \/><\/div><div class=\"section-mobile-img\"><img decoding=\"async\" src=\"\/vevor\/product\/MZCWHSWJ24YC6P61X\/elevated-dog-bowl-a100-2.4-pt.jpg\" \/><\/div><div class=\"section-desc\">Varustatud anti-kalle seade parandada stabiilsust ja v\u00e4hendada riski wobbling v\u00f5i ladestamine.<\/div><\/div><div class=\"section\"><div class=\"section-title\"><\/div><div class=\"section-img small\"><img decoding=\"async\" src=\"\/vevor\/product\/MZCWHSWJ24YC6P61X\/elevated-dog-bowl-a100-2.5-pt.jpg\" \/><\/div><div class=\"section-mobile-img\"><img decoding=\"async\" src=\"\/vevor\/product\/MZCWHSWJ24YC6P61X\/elevated-dog-bowl-a100-2.5-pt.jpg\" \/><\/div><div class=\"section-desc\">Stiilne, moodne disain t\u00e4iesti segusid oma kodu kujundamisel, mist\u00f5ttu see sobib mis tahes decor stiilis.<\/div><\/div><div class=\"section\"><div class=\"section-img small\"><img decoding=\"async\" src=\"\/vevor\/product\/MZCWHSWJ24YC6P61X\/elevated-dog-bowl-a100-1.11-pt.jpg\" \/><\/div><div class=\"section-mobile-img\"><img decoding=\"async\" src=\"\/vevor\/product\/MZCWHSWJ24YC6P61X\/elevated-dog-bowl-a100-1.11-pt.jpg\" \/><\/div><\/div><\/div><\/body><\/html><\/div>\n<div class=\"DM_at-title\" id=\"js-DM_at-title\"> <div>Toote spetsifikatsioon<\/div> <i class=\"icon-arrowup_line\"><\/i> <\/div><div class=\"DM_at-goodsDescAttr\" id=\"js-DM_at-goodsDescAttr\"> <div class=\"DM_at-goodsDescAttrInner\"> <dl class=\"goodsDesc_item goodsDesc_item_even\"> <dt>Punkt Mudeli Number<\/dt> <dd> HYP2FS-01<\/dd> <\/dl> <dl class=\"goodsDesc_item\"> <dt>Peamine Materjal<\/dt> <dd> MDF + Melamiin<\/dd> <\/dl> <dl class=\"goodsDesc_item goodsDesc_item_even\"> <dt>V\u00e4rv<\/dt> <dd> Valge<\/dd> <\/dl> <dl class=\"goodsDesc_item\"> <dt>Neto Kaal<\/dt> <dd> 35.71 lbs \/ 16.2 kg<\/dd> <\/dl> <dl class=\"goodsDesc_item goodsDesc_item_even\"> <dt>Toote M\u00f5\u00f5tmed<\/dt> <dd> 23.62 x 13.78 x 31.38 tolline \/ 600 x 350 x 800 mm<\/dd> <\/dl> <dl class=\"goodsDesc_item\"> <dt>Top Panipaik<\/dt> <dd> 20.75 x 12 x 7.87 tolline \/ 520 x 305 x 200 mm<\/dd> <\/dl> <dl class=\"goodsDesc_item goodsDesc_item_even\"> <dt>Keskmine Sahtel<\/dt> <dd> 20.75 x 14.4 tolline \/ 527 x 365.8 mm<\/dd> <\/dl> <dl class=\"goodsDesc_item\"> <dt>Alumine Sahtel<\/dt> <dd> 20.75 x 13.75 x 5.71 tolline \/ 530 x 330 x 155 mm<\/dd> <\/dl> <dl class=\"goodsDesc_item goodsDesc_item_even\"> <dt>Metallist Koera Kaussi<\/dt> <dd> \u03c67.48&#034; \/ 190 mm<\/dd> <\/dl> <\/div> <\/div>","protected":false},"excerpt":{"rendered":"<ul>\n<li> Mugav S\u00f6\u00f6tmiseks Oma Lemmiklooma: Meie puidust toitmine jaama s\u00e4ilitamise kapp funktsioone, ergonoomiline disain, t\u00f5stame koera kausid v\u00e4hendada kaela t\u00fcve ja kaitsevad kaela. On eemaldatav libistades sahtlis alt t\u00f5mbab v\u00e4lja kergesti, juurdep\u00e4\u00e4su v\u00f5imaldamine toidu-ja joogin\u00f5ud, ja saab suletud peita neid p\u00e4rast kasutamist. <\/li>\n<li> Rohkelt Ruumi: See t\u00f5stis koera kaussi seisma teenib ka suur ladustamise kapp, v\u00f5ttes arvesse k\u00f5iki teie lemmikloomatarbed. Kaks pool konksud saab hoida m\u00e4nguasjad ja jalutusrihmad, v\u00e4ljat\u00f5mmatav kapi kauplustes toidu kotid, ja riiulid ja \u00fclemine pind on t\u00e4iuslik kaunistused, raamatud, konservikarbid, pet-mantlid, poolmantlid, v\u00f5i kohtleb. <\/li>\n<li> Lihtne Paigaldus ja Hooldus: Projekteeritud eelnevalt puuritud augud, meie lemmikloomade toitmine jaama on lihtne kokku panna, kasutades minimaalseid vahendeid ja kaasasolevaid juhiseid. Melamiin MDF on sile, veekindel ja kergesti puhastatav. <\/li>\n<li> Mitmek\u00fclgne Kasutamine: elegantse valge viimistlusega ja klanitud, kaasaegne v\u00e4limus, see t\u00f6\u00f6 lisab veidi rafineeritumalt. Seda saab kasutada diivanilaud, ladustamise rack, v\u00f5i pool lauda elutoas, magamistoas, koridoris v\u00f5i k\u00f6\u00f6gis. <\/li>\n<li> Mida Te saate: Koera Kaussi x 2, M3 isekeermestavad Kruvi x 18, M4 Ekstsentriline Mutter x 26, M4 isekeermestavad Kruvi x 6, M6 Polt x 26, 8mm Puidust Ribad x 2, 6mm Puidust Ribad x 8, Plastikust Korgiga x 1, \u00dcleandmine V\u00f5lli x 2, Tagasi Clip x 4, K\u00e4epide x 1, Polt M4 x 1, Riiul K\u00fc\u00fcnte x 2, Plastikust Laiendamine Polt x 1, M4 isekeermestavad Kruvi x 1, L-kujuline Anti-kalle Rauast x 1, Kasutusjuhend 1 x <\/li>\n<\/ul>","protected":false},"featured_media":345951,"comment_status":"closed","ping_status":"open","template":"","meta":{"om_disable_all_campaigns":false,"_uf_show_specific_survey":0,"_uf_disable_surveys":false},"location":[1935,1934],"product_brand":[21],"product_cat":[4585,2457,4586,2365,2366],"product_tag":[],"class_list":{"0":"post-55972","1":"product","2":"type-product","3":"status-publish","4":"has-post-thumbnail","6":"location-supplier_stock_location","7":"location-local_stock_location","8":"product_brand-vevor","9":"product_cat-dog-feeding-supplies","10":"product_cat-dog-supplies-pet-supplies-wildlife","11":"product_cat-elevated-dog-feeders","12":"product_cat-outdoors","13":"product_cat-pet-supplies-wildlife","15":"first","16":"outofstock","17":"taxable","18":"shipping-taxable","19":"purchasable","20":"product-type-simple"},"aioseo_notices":[],"locations":[{"id":1935,"name":"Pieg\u0101d\u0101t\u0101ja noliktav\u0101 (5-7dd)","slug":"supplier_stock_location","quantity":"0"},{"id":1934,"name":"R\u012bgas veikal\u0101 (0-2d.d.)","slug":"local_stock_location","quantity":"0"}],"_links":{"self":[{"href":"https:\/\/vevorshop.lv\/et\/wp-json\/wp\/v2\/product\/55972","targetHints":{"allow":["GET"]}}],"collection":[{"href":"https:\/\/vevorshop.lv\/et\/wp-json\/wp\/v2\/product"}],"about":[{"href":"https:\/\/vevorshop.lv\/et\/wp-json\/wp\/v2\/types\/product"}],"replies":[{"embeddable":true,"href":"https:\/\/vevorshop.lv\/et\/wp-json\/wp\/v2\/comments?post=55972"}],"wp:featuredmedia":[{"embeddable":true,"href":"https:\/\/vevorshop.lv\/et\/wp-json\/wp\/v2\/media\/345951"}],"wp:attachment":[{"href":"https:\/\/vevorshop.lv\/et\/wp-json\/wp\/v2\/media?parent=55972"}],"wp:term":[{"taxonomy":"location","embeddable":true,"href":"https:\/\/vevorshop.lv\/et\/wp-json\/wp\/v2\/location?post=55972"},{"taxonomy":"product_brand","embeddable":true,"href":"https:\/\/vevorshop.lv\/et\/wp-json\/wp\/v2\/product_brand?post=55972"},{"taxonomy":"product_cat","embeddable":true,"href":"https:\/\/vevorshop.lv\/et\/wp-json\/wp\/v2\/product_cat?post=55972"},{"taxonomy":"product_tag","embeddable":true,"href":"https:\/\/vevorshop.lv\/et\/wp-json\/wp\/v2\/product_tag?post=55972"}],"curies":[{"name":"wp","href":"https:\/\/api.w.org\/{rel}","templated":true}]}}