{"id":56111,"date":"2024-11-20T05:05:16","date_gmt":"2024-11-20T05:05:16","guid":{"rendered":"http:\/\/vevorshop.edigo.lv\/Prece\/vevor-cnc-router-machine-120w-3-axis-grbl-control-wood-engraving-milling-machine\/"},"modified":"2026-05-05T14:04:21","modified_gmt":"2026-05-05T11:04:21","slug":"vevor-cnc-router-machine-120w-3-axis-grbl-control-wood-engraving-milling-machine","status":"publish","type":"product","link":"https:\/\/vevorshop.lv\/et\/Prece\/vevor-cnc-ruuteri-masin-120-w-3-telje-grbl-kontrolli-puidu-graveerimine-freespink\/","title":{"rendered":"VEVOR 3-teljeline CNC graveerimismasin 120W GRBL juhtimisega, 300x200x72mm t\u00f6\u00f6ala, puidu, akr\u00fc\u00fcli, MDF-i ja plasti jaoks"},"content":{"rendered":"<div style=\"color: #fff!important; font-size: 16px; height: 24px; line-height: 24px; margin-top: -24px; \" class=\"product_original_name\">VEVOR CNC ruuteri masin, 120 W, 3 telje GRBL juhtpuidu graveerimise nikerdamise freespingi komplekt, 11,81 x 7,87 x 2,83 tolli\/300 x 200 x 72 mm t\u00f6\u00f6piirkond 1200 p\/min puiduakr\u00fc\u00fcl-MDF PVC plastvahu jaoks<\/div>\n<div style=\"color: #fff!important; font-size: 16px; height: 24px; line-height: 24px; margin-top: -24px; \" class=\"product_sku\">M4I4MG8F<\/div>\n<div style=\"color: #fff!important; font-size: 16px; height: 24px; line-height: 24px; margin-top: -24px; \" class=\"product_mpn\">SKDKJ3020CMURZ4TWV2<\/div><div id=\"js-DM_at-goodDescRich\"><html><head><style>  body {    font-family: Arial;    line-height: 1.5;    color: #1c1c1c;    overflow-x: hidden;    margin: 0;    padding: 0;  }  .MsoNormal b {    font-weight: bolder;  }<\/style><style>  .container.small {    width: 970px;    margin: 0 auto;  }  .logo {    margin: 0 auto 0;  }  .logo img {    display: block;    margin: 0 auto;    max-width: 100%;  }  .logo .pc-banner {    display: block;    width: 1200px;    height: 247.4px;    margin: 0 auto;  }  .logo .pc-banner.small {    width: 970px;  }  .logo .pc-banner.small img {    height: auto!important;  }  .logo .m-banner {    display: none;  }  .ytvideo {    position: relative;    height: 546px;    width: 100%;    margin: 0 auto;  }  .ytvideo img {    width: 100%;    margin: 0 auto;  }  .ytvideo .play-btn {    width: 60px;    height: 42px;    position: absolute;    top: 50%;    left: 50%;    transform: translate(-50%, -50%);    background: url(\"data:image\/png;base64,iVBORw0KGgoAAAANSUhEUgAAAGQAAABGCAMAAAANWMFbAAAC+lBMVEUAAADBGB3kLCfBGB3kLCfcJC7BFx3KKSbiKybkLCbWJCPSIiLSIiLPICHAFx3kLCfgKSXNHiDZJiTIGx\/p4eHcjo7LHSDbJyTkLCbjKyfOHyHPIiL28fHJHB\/GGh7EGR7eKCXDGB3RISHlLSbBGB3AFxzGHB7DGB7BGB3hKybkKybAFx3lLCfAFxzDGR3hKibDGB7cJyTmz8\/elJTlwcHjurrUIyLlLSflLSfAFx3DGR7lLSfCFx3hKibhKibhKybjKybkLCblLSfbJSX49vbx7e3NNzjNMTLMJyjVIyLZf3\/ZQ0LaeHjx0tLgoqLkLCfCGB3HGx\/BGB3BFx3PICHCGB7WJCLOHyC\/Fxy\/Fx3lLCfQISHkLSe\/FxzbJiTBFx3FGx\/AGB7BFx3EGR7AGB3HHSDfKiXAFh3TISHYNzbhKibbJyTTIiL57e325+f039\/v2NjUV1fOHiHiqanfmprch4feKSXVIyPOICHmLibFGh\/mLSe\/Fx7XJCPeKSXXJSPNHyHaJyTGGh7lLCbmLCflLSjSIiLkLCbdKSXLHiC\/GB3KHh++Fh3lKyfoLiXcKCPkx8fYb2\/XaGfVXl3aU1LLHiDksbHgKibPICHbJyTfKSXbJyTCGB3KHSDiKybFGh7TIiL\/\/\/\/VIyPRISHIHB\/GGx\/HHB\/DGR7gKibdKCXLHiDZJiTMHiDNHyHYJSTOICHPICHWJCPcKCXXJSPjLCblLCf+\/f3NGR\/uLijzLynPGR\/IGB7WISHaIyLLGh7UAADxLynNAADRLzDbICLQAADIAAD3MCrUHSHXMTDpKSbLAADp5OTij4\/ejo\/VLy\/1LyngJSTcJCPQHx\/OHB7+\/PzaMS\/OLS\/vLijrLSjSAADaNTPwLyjkKSbNJCbYISHPHB\/KGB7WAAD7+vrn3d3aKynTKCjoLCfsKifRGh\/YAADq5+fhjo7QNDXXKCfmJyXt5+fTLzDLLi\/QKivYHRvMGBrQJCXLISPMExXLDxLaEAvkkI\/bOTfaFQ\/SCgpvLcnHAAAAmnRSTlMA+vv7+gT9Bvf9+8z8\/NSv\/Pr5+P7++vnQIBMP\/v38\/Pn348XDiCYf9OjbzcqxXVcx\/fz8+\/rj1r2poo1+fXFqX0orGP7+\/v7+\/fz8+\/r68uzn4trIxsG\/vri3p6GcmZSNbWVYUUZEPQv+\/f39+\/v7+\/v7+vr64tvV1NTTz87FtbSurqeblJKFg4B3bUY+NjL7+\/v7+\/v67t1cDo8JLQAABkRJREFUWMO0kz9rwkAYh0OIeJkum6YugUAhISCdKoj\/P4C7SMdS+gEKIhSKil10LSg4mzXkILdlEpxCpwTiWOLX6BujvQaEQuGeHLnL+\/64J+SIcKGYTYWnntpdLjrVdqvZmNdn0+EE40GtpuuWVS6Xx6N7YDSGpWXpeq02wHgynM7q80az1a52HpddtVcpsi1zFARBrdaxbhp9iUReTGmwA4KAAr7vx3EYejnCMI6hQYEgy0LQi4jUN0wL19vqFcUC9\/1dAKmEEFkWRYkh5oBejnxQJiSJPJ\/uKBp0Thszx9Mw8hMRIQjKsptCfuES9zr5WJY6vSFCIvE9fCMUmEM1A1kSXcYGxgVYsvI1IPKTZciSTI0us\/SMGG04gDzELDoFBwdcFJrF88dqgYMTiL6DILWYyfOWE8\/kIz38olCNlC03FK95+imxp6y4oUSvAnBjHHhKNtotSDqJzVFiK8c2SBqhZtsrTtgrLXwAyduxZHNE26eHUt5rtuM4WSmds3G+sUdWYo1L+XyxButoh5eKUHk5lByO3G1LqqCWVnfrv\/lyPtf\/4ps1cndNGIri8J1TJ0lx6dR\/oPjq1nbRwdp2dCk4CtIOLW3pVKRL6WZfS5vF2KkIQhpwSsjiYIgNCs1gEMGqiIq24NQX9NwoXFy8Ufrl3twTcg4fv8T9\/JBEySduj6Mjm4bMzYV7EEOxKjjoNDud7yY3Dy71Hq2oLmqfbNR723edH9PgMrNL2utoQ3VmaIDkiw\/4w51P06hlZsTZvkRrbVuSIs\/zwSOsycgzStQouoAkWQqioRT5XI7n2Z1wfVhoZmcAJLsoqjqpjbWCgpOAJXBwHK8PzWbNvoUZJND5wCnSkLAkZ1legx6vqQzjoiTahKlGUGLAiIIoABOHaNVw4sexZBym6\/HWlH5h3IC7yRbxtipcWxdTOkORKiNQAEkFf66x5S2oeRbroOlLgg0sSYkR0hRGEqJZ0jTPiQKatESdBckpWigxaapEH0lImHdWu9pUFF2XqMNM2Z4kped7IwEJw2qabwtrQqnpw6HyKkgcadKWsmpywwesDyIhYRpdzXddqegtGIJlXbAIUMOLkGxJUjRIkokwjUaX9d\/kK62ps\/tYUqZLIMkLTyBhsMZ3C5Z\/kDxOSCb\/DOs\/\/J0qcWSX\/2ipe56EgTCA4\/cB7NAYOsni4mZM1MUPAISoEwkDi4lhVBQ1cWQyIcwalw4EpqZN68JUSK7XC0kTlkLYii5uXSC8jT5ncCAS7mjCv0uHp\/3lueHEEAeQ\/\/VgmdN71\/2uCSA1Xr6DO6uI6sW56zqT2tp2PhgiRUAajV8CY2fkcz6WGNKMgLAt7tJAhD4YHMTeRxlALE6+43WqjSWi8ITxyJl8WrwWSNESQZZOqhDDntO3hJLsd5RtSpbJqdv3YrDJH3F7jL1R2O2aQkn2MyCyKYz0GPGIvSAMgBCrCEiJyKbBaYGwLW4uPRr0A0M4Ux5kUI7IBh+hMdiCEWNqhMZGyYMsOgNE58UQuEQeUnSWCMYwL54hkxK6IoqucQZbQ3pc3XtL0lky1dL0zZJJDpWJovFqpWj6JEHnyam2eQp5QRVAVHjWparTOaVwUOx99YS2MvgxIGV0bb+qIg2HX2qkFFJB+XZcbLiuRkuxD9GRroKyveLxdh4d7Orx+hb7qc3uVRuEogCOnyIxm4ubUoPgF4jianDrC+SDQDKEfJb0GUKmjCGPYHGJvVC6X4hw1\/sAfQAdfYyephIaspXe36RwOP+Ljvfx9B6B3i+Nk0DGq+oCbLn6JpBa9nWAveAIHwFAwtVcIJXPMPL8kRu5OAYPMaL1WScTxjiZDqB9LTJSWphow\/pTYKRTLjCBhvi9iBidvKcDasGSm0QQkycYuLBqj6QCELPctqChDWpTRMWkngNNpQ1Pfp1KkiT\/Y0DGffXAweUNfLAfaJFKDwhb6I+bkYRbkERoEeu3Fyjg2opMz2daZCS9jt6Q7txNfB+OZEVF6Zl5web2xunnLQrtrjXseXKaFYziYINeMFZVxS9VxRhOoesYwxPKXm+gWLG9cuFeq93UNNeJNsf1KlwuDok9n02n3TgIJpOxNfL9naIoQwXtfH9kjceTIIi709ncTg6LZbg+biLH1V6u\/7rxBem06VXKn9raAAAAAElFTkSuQmCC\")      no-repeat center center \/ contain;  }  @media screen and (max-width: 960px) and (orientation: portrait) {    .logo {      width: 100%;    }    .logo .pc-banner {      display: none;    }    .logo .m-banner {      display: block;      width: 100%;    }    .logo .m-banner img {      height: auto!important;    }    .ytvideo {      height: 200px;      width: 100%;    }  }<\/style><style>  .video-section {    width: 100%;    margin: 0 auto;  }  .video-section > img {    width: 100%;  }  .video-section iframe,  .video-section video {    width: 100%;    height: 100%;      }  .video-section-img-m,  .video-section-img-pc > img {    width: 100%;    height: auto;  }  .video-section-img-pc.small > img {    width: 970px;  }  .video-desc {    line-height: 1.5;    font-size: 20px;    font-weight: 400;    margin: 20px 0;    text-align: center;    color: #0f1111;    word-break: break-word;  }  @media screen and (max-width: 960px) and (orientation: portrait) {    .video-section {      width: 100%;    }    .video-section-pc,    .video-section-img-pc {      display: none;    }    .video-section-m,    .video-section-img-m {      display: block;    }    .video-desc {      font-size: 15px;    }  }  @media screen and (min-width: 960px) {    .video-section {      width: 100%;      margin: 0 auto;    }    .video-section-pc,    .video-section-img-pc {      display: block;    }    .video-section-m,    .video-section-img-m {      display: none;    }    .video-desc {      font-size: 20px;    }  }<\/style><style>  .section + .section {    margin-top: 35px;  }  .section-title {    text-align: center;    font-weight: bold;    color: #0d1111;    font-family: \"Arial\";    font-size: 32px;    margin: 15px 0;  }  .section-title:empty {    display: none;  }  .section-desc {    text-align: center;    font-weight: normal;    color: #0d1111;    margin-top: 20px;  }  .section-desc:empty {    display: none;  }  .section-img {    width: 1200px;    height: 492px;    margin: 0 auto;    display: block;  }  .section-img.small {    width: 970px;    height: auto;  }  .section-img.small > img {    height: auto;  }  .section-img > img {    width: 100%;    height: 100%;  }  .section-mobile-img {    display: none;    max-width: 100vw;    max-height: 75vw;    height: 450px;    margin: 0 auto;  }  .section-mobile-img > img {    width: 100%;    height: 100%;  }  @media screen and (max-width: 960px) and (orientation: portrait) {    .container {      width: 100%;    }    .container.small {      width: 100%;    }    .section-mobile-img {      display: block;    }    .section-img {      display: none;    }    .section-title {      font-size: 22px;      margin: 10px 0;    }    .section-desc {      margin-top: 10px;    }    .section + .section {      margin-top: 20px;    }  }<\/style><\/head><body><div class=\"container small\"><div class=\"logo\"><div class=\"pc-banner small\"><div><img decoding=\"async\" src=\"\/vevor\/vevor\/boutique-banner\/pc\/en-pc@1x.jpg\" style=\"width: 100%;\" \/><\/div><\/div><div class=\"m-banner\"><div><img decoding=\"async\" src=\"\/vevor\/vevor\/boutique-banner\/mobile\/en-m@1x.jpg\" style=\"width: 100%;\" \/><\/div><\/div><\/div><div class=\"section-title\">30 x 20 cm CNC Router Machine, koos V\u00f5imsa 120W Spindel<\/div><div class=\"video-section\"><div class=\"video-section-img-pc small\"><img decoding=\"async\" src=\"\/vevor\/product\/SKDKJ3020CMURZ4TW\/cnc-router-machine-a100-1.4-pt.jpg\" \/><\/div><div class=\"video-section-img-m\"><img decoding=\"async\" src=\"\/vevor\/product\/SKDKJ3020CMURZ4TW\/cnc-router-machine-a100-1.4-pt.jpg\" \/><\/div><div class=\"section-desc\">Meie CNC graveerimismasinal on 11,81 x 7,87 x 2,83 tolli (300 x 200 x 72 mm) t\u00f6\u00f6piirkond. Alumiiniumisulamist korpuse, liigvoolukaitse ja CE-standarditele testitud see l\u00f5ikab, puurib ja graveerib vaevata erinevaid materjale.<\/div><\/div><div class=\"section\"><div class=\"section-title\"><\/div><div class=\"section-img small\"><img decoding=\"async\" src=\"\/vevor\/product\/SKDKJ3020CMURZ4TW\/cnc-router-machine-a100-2.2-pt.jpg\" \/><\/div><div class=\"section-mobile-img\"><img decoding=\"async\" src=\"\/vevor\/product\/SKDKJ3020CMURZ4TW\/cnc-router-machine-a100-2.2-pt.jpg\" \/><\/div><div class=\"section-desc\">See pikaealisuse tagamiseks loodud CNC-ruuteri masin tagab kuni 5000-tunnise kasutusea, pakkudes pidevat ja t\u00f6\u00f6kindlat j\u00f5udlust. \u00dclevoolukaitsega varustatud see minimeerib seisakuid ja maksimeerib turvalisust, pakkudes teile meelerahu iga projekti ajal.<\/div><\/div><div class=\"section\"><div class=\"section-title\"><\/div><div class=\"section-img small\"><img decoding=\"async\" src=\"\/vevor\/product\/SKDKJ3020CMURZ4TW\/cnc-router-machine-a100-2.3-pt.jpg\" \/><\/div><div class=\"section-mobile-img\"><img decoding=\"async\" src=\"\/vevor\/product\/SKDKJ3020CMURZ4TW\/cnc-router-machine-a100-2.3-pt.jpg\" \/><\/div><div class=\"section-desc\">Meie CNC graveerimismasin, mille korduv positsioneerimist\u00e4psus on \u22640,05 mm, tagab karged detailid, siledad servad ja nulltolerantsi vigade suhtes. Ideaalne neile, kes n\u00f5uavad \u00fclimat t\u00e4psust, on see \u00fclim lahendus keerukate disainilahenduste ja n\u00f5udlike rakenduste jaoks.<\/div><\/div><div class=\"section\"><div class=\"section-title\"><\/div><div class=\"section-img small\"><img decoding=\"async\" src=\"\/vevor\/product\/SKDKJ3020CMURZ4TW\/cnc-router-machine-a100-2.4-pt.jpg\" \/><\/div><div class=\"section-mobile-img\"><img decoding=\"async\" src=\"\/vevor\/product\/SKDKJ3020CMURZ4TW\/cnc-router-machine-a100-2.4-pt.jpg\" \/><\/div><div class=\"section-desc\">See CNC-puidust ruuter, mis on varustatud reguleeritava spindli ja intuitiivse kiiruse reguleerimise nupuga, pakub v\u00f5rratut paindlikkust ja t\u00e4psust. \u00dcksk\u00f5ik, kas see tegeleb keerukate graveeringutega v\u00f5i keerukate materjalidega, k\u00e4sitleb see k\u00f5ike h\u00f5lpsalt, saades teie \u00fclimaks loominguliseks kaaslaseks.<\/div><\/div><div class=\"section\"><div class=\"section-title\"><\/div><div class=\"section-img small\"><img decoding=\"async\" src=\"\/vevor\/product\/SKDKJ3020CMURZ4TW\/cnc-router-machine-a100-2.5-pt.jpg\" \/><\/div><div class=\"section-mobile-img\"><img decoding=\"async\" src=\"\/vevor\/product\/SKDKJ3020CMURZ4TW\/cnc-router-machine-a100-2.5-pt.jpg\" \/><\/div><div class=\"section-desc\">Vallandada oma loomingulisust piiranguteta! See CNC graveerimine masin vaevata tegeleb puit, akr\u00fc\u00fcl, pehme metall, ja kaugemale. Alates puuliikide l\u00e4bipaistva akr\u00fc\u00fclid, et pehme metall, seda carves v\u00e4lja meistriteosed kergesti, andes sulle tuua mingeid visiooni teostamiseks.<\/div><\/div><div class=\"section\"><div class=\"section-img small\"><img decoding=\"async\" src=\"\/vevor\/product\/SKDKJ3020CMURZ4TW\/cnc-router-machine-a100-1.11-pt.jpg\" \/><\/div><div class=\"section-mobile-img\"><img decoding=\"async\" src=\"\/vevor\/product\/SKDKJ3020CMURZ4TW\/cnc-router-machine-a100-1.11-pt.jpg\" \/><\/div><\/div><\/div><\/body><\/html><\/div>\n<div class=\"DM_at-title\" id=\"js-DM_at-title\"> <div>Toote spetsifikatsioon<\/div> <i class=\"icon-arrowup_line\"><\/i> <\/div><div class=\"DM_at-goodsDescAttr\" id=\"js-DM_at-goodsDescAttr\"> <div class=\"DM_at-goodsDescAttrInner\"> <dl class=\"goodsDesc_item goodsDesc_item_even\"> <dt>Punkt Mudeli Number<\/dt> <dd> S3020<\/dd> <\/dl> <dl class=\"goodsDesc_item\"> <dt>Sisend Pinge<\/dt> <dd> AC110\/220V 50\/60Hz<\/dd> <\/dl> <dl class=\"goodsDesc_item goodsDesc_item_even\"> <dt>Spindli Maksimaalne V\u00f5imsus<\/dt> <dd> 120W<\/dd> <\/dl> <dl class=\"goodsDesc_item\"> <dt>Spindli Nimiv\u00f5imsus<\/dt> <dd> 75W<\/dd> <\/dl> <dl class=\"goodsDesc_item goodsDesc_item_even\"> <dt>T\u00f6\u00f6keskkond<\/dt> <dd> 11.81 x 7.87 x 2.83 in \/ 300 x 200 x 72 mm<\/dd> <\/dl> <dl class=\"goodsDesc_item\"> <dt>Kasutatav Tarkvara<\/dt> <dd> K\u00f5ik tarkvara, mis toetab GRBL f1.1 firmware<\/dd> <\/dl> <dl class=\"goodsDesc_item goodsDesc_item_even\"> <dt>Arvuti \u00dchendus<\/dt> <dd> USB<\/dd> <\/dl> <dl class=\"goodsDesc_item\"> <dt>Spindli Kiirus<\/dt> <dd> 10118 p \/ MIN<\/dd> <\/dl> <dl class=\"goodsDesc_item goodsDesc_item_even\"> <dt>X\/Y\/Z-Telje Kiirus<\/dt> <dd> 1200 mm\/min<\/dd> <\/dl> <dl class=\"goodsDesc_item\"> <dt>Neto Kaal<\/dt> <dd> 18.74 lbs \/ 8,5 kg<\/dd> <\/dl> <dl class=\"goodsDesc_item goodsDesc_item_even\"> <dt>Toote Suurus<\/dt> <dd> 17.52 x 16.14 x 12.01 in \/ 445 x 410 x 305 mm<\/dd> <\/dl> <\/div> <\/div>","protected":false},"excerpt":{"rendered":"<ul>\n<li> V\u00f5rratu Powerhouse, 120 W Spindle: Kogege 11,81 x 7,87 x 2,83 tolli (300 x 200 x 72 mm) t\u00f6\u00f6piirkonna piiritut potentsiaali. Meie CNC-graveerimismasin, mis on varustatud 120 W spindliga, tegeleb puidu, plasti, vahu, vin\u00fc\u00fcli, alumiiniumi ja pehmete metallidega h\u00f5lpsalt l\u00f5ikamise, puurimise ja graveerimisega h\u00f5lpsalt ja t\u00e4pselt! <\/li>\n<li> Turvalisus ja t\u00f6\u00f6kindlus, mida saate usaldada: turvalisus k\u00f5igepealt, alati. Meie CNC-ruuteri masinaga on kaasas liigvoolukaitse, mis kaitseb rikete eest ja tagab probleemideta kogemuse. Ja \u00fcle 5000 tunni pikkuse elueaga on see kaaslane, kes peab vastu aja ja loovuse proovile. <\/li>\n<li> T\u00e4psus Vastab Ruggedness: tere \u00d6elda v\u00f5rratu t\u00e4psus, t\u00e4is alumiinium raskeveokite raam. T\u00f6\u00f6stus-hinne alumiinium ehitus, koos oks\u00fcdeerunud pinnat\u00f6\u00f6tlus, annab kerge veel, rock-solid sihtasutus, mis v\u00e4hendab vibratsiooni ja suurendab stabiilsust. <\/li>\n<li> Setup Lihtsustatud, Plug and Play: Kasutusvalmis \u00f5igus karbist? Meie CNC graveerija ruuteri saabub eelnevalt kokku pandud. Lihtsalt \u00fchendage offline t\u00f6\u00f6tleja, raam ja alus, \u00fchendage toitejuhe, ja sa oled valmis, et vallandada oma loomingulisust\u2014ilma vaevata, ilma probleemideta! <\/li>\n<li> V\u00e4simatu t\u00f6\u00f6 K\u00e4eulatuses: Kogeda vabadust, autonoomne toimimine meie 2.4&#034; offline t\u00f6\u00f6tleja. Arvutit pole vaja \u2013 liikuda kergust kasutades p\u00f6\u00f6ratavat nuppu t\u00e4pse kontrolli oma spindli mootor. \u00dchilduv k\u00f5igi tarkvara toetamine GRBL f1.1 firmware, see on \u00fclim vahend tegijad ja kunstnike seas. <\/li>\n<\/ul>","protected":false},"featured_media":346443,"comment_status":"closed","ping_status":"open","template":"","meta":{"om_disable_all_campaigns":false,"_uf_show_specific_survey":0,"_uf_disable_surveys":false},"location":[1935,1934],"product_brand":[21],"product_cat":[2445,2448,2446,2447],"product_tag":[],"class_list":{"0":"post-56111","1":"product","2":"type-product","3":"status-publish","4":"has-post-thumbnail","6":"location-supplier_stock_location","7":"location-local_stock_location","8":"product_brand-vevor","9":"product_cat-appliances","10":"product_cat-cnc-router-machine","11":"product_cat-crafts-sewing","12":"product_cat-engraving-cutting","14":"first","15":"instock","16":"taxable","17":"shipping-taxable","18":"purchasable","19":"product-type-simple"},"aioseo_notices":[],"locations":[{"id":1935,"name":"Pieg\u0101d\u0101t\u0101ja noliktav\u0101 (5-7dd)","slug":"supplier_stock_location","quantity":"32"},{"id":1934,"name":"R\u012bgas veikal\u0101 (0-2d.d.)","slug":"local_stock_location","quantity":"0"}],"_links":{"self":[{"href":"https:\/\/vevorshop.lv\/et\/wp-json\/wp\/v2\/product\/56111","targetHints":{"allow":["GET"]}}],"collection":[{"href":"https:\/\/vevorshop.lv\/et\/wp-json\/wp\/v2\/product"}],"about":[{"href":"https:\/\/vevorshop.lv\/et\/wp-json\/wp\/v2\/types\/product"}],"replies":[{"embeddable":true,"href":"https:\/\/vevorshop.lv\/et\/wp-json\/wp\/v2\/comments?post=56111"}],"wp:featuredmedia":[{"embeddable":true,"href":"https:\/\/vevorshop.lv\/et\/wp-json\/wp\/v2\/media\/346443"}],"wp:attachment":[{"href":"https:\/\/vevorshop.lv\/et\/wp-json\/wp\/v2\/media?parent=56111"}],"wp:term":[{"taxonomy":"location","embeddable":true,"href":"https:\/\/vevorshop.lv\/et\/wp-json\/wp\/v2\/location?post=56111"},{"taxonomy":"product_brand","embeddable":true,"href":"https:\/\/vevorshop.lv\/et\/wp-json\/wp\/v2\/product_brand?post=56111"},{"taxonomy":"product_cat","embeddable":true,"href":"https:\/\/vevorshop.lv\/et\/wp-json\/wp\/v2\/product_cat?post=56111"},{"taxonomy":"product_tag","embeddable":true,"href":"https:\/\/vevorshop.lv\/et\/wp-json\/wp\/v2\/product_tag?post=56111"}],"curies":[{"name":"wp","href":"https:\/\/api.w.org\/{rel}","templated":true}]}}