{"id":57499,"date":"2024-11-30T00:47:41","date_gmt":"2024-11-30T00:47:41","guid":{"rendered":"https:\/\/vevorshop.lv\/en_us\/Prece\/vevor-air-hydraulic-pump-frame-machine-pump-10000psi-air-over-hydraulic-pump\/"},"modified":"2026-04-06T11:42:11","modified_gmt":"2026-04-06T08:42:11","slug":"vevor-air-hydraulic-pump-frame-machine-pump-10000psi-air-over-hydraulic-pump","status":"publish","type":"product","link":"https:\/\/vevorshop.lv\/et\/Prece\/vevor-air-hydraulic-pump-frame-machine-pump-10000psi-air-over-hydraulic-pump\/","title":{"rendered":"VEVOR 689 bar suru\u00f5hu h\u00fcdraulikapump, 2.3 L paak, kaugjuhtimispult, 9.5 mm v\u00e4ljund, 6.4 mm sisend, raami masinatele ja pressidele"},"content":{"rendered":"<div style=\"color: #fff!important; font-size: 16px; height: 24px; line-height: 24px; margin-top: -24px; \" class=\"product_original_name\">VEVOR 689 bar(10,000PSI) Air Hydraulic Pump, 2.3 L(0.61 Gal) Reservoir, NPT 9.5mm(3\/8 In) Oil Outlet, NPT 6.4mm(1\/4 In) Inlet, Plastic Air Hydraulic Pump with Remote Control Actuator, for Automobile Frame Machine & Hydraulic Press<\/div>\n<div style=\"color: #fff!important; font-size: 16px; height: 24px; line-height: 24px; margin-top: -24px; \" class=\"product_sku\">M4I4MM93<\/div>\n<div style=\"color: #fff!important; font-size: 16px; height: 24px; line-height: 24px; margin-top: -24px; \" class=\"product_mpn\">CGKQBWDZYHS14O5B3V0<\/div><div id=\"js-DM_at-goodDescRich\"><html><head><style>  body {    font-family: Arial;    line-height: 1.5;    color: #1c1c1c;    overflow-x: hidden;    margin: 0;    padding: 0;  }  .MsoNormal b {    font-weight: bolder;  }<\/style><style>  .container.small {    width: 970px;    margin: 0 auto;  }  .logo {    margin: 0 auto 0;  }  .logo img {    display: block;    margin: 0 auto;    max-width: 100%;  }  .logo .pc-banner {    display: block;    width: 1200px;    height: 247.4px;    margin: 0 auto;  }  .logo .pc-banner.small {    width: 970px;  }  .logo .pc-banner.small img {    height: auto!important;  }  .logo .m-banner {    display: none;  }  .ytvideo {    position: relative;    height: 546px;    width: 100%;    margin: 0 auto;  }  .ytvideo img {    width: 100%;    margin: 0 auto;  }  .ytvideo .play-btn {    width: 60px;    height: 42px;    position: absolute;    top: 50%;    left: 50%;    transform: translate(-50%, -50%);    background: url(\"data:image\/png;base64,iVBORw0KGgoAAAANSUhEUgAAAGQAAABGCAMAAAANWMFbAAAC+lBMVEUAAADBGB3kLCfBGB3kLCfcJC7BFx3KKSbiKybkLCbWJCPSIiLSIiLPICHAFx3kLCfgKSXNHiDZJiTIGx\/p4eHcjo7LHSDbJyTkLCbjKyfOHyHPIiL28fHJHB\/GGh7EGR7eKCXDGB3RISHlLSbBGB3AFxzGHB7DGB7BGB3hKybkKybAFx3lLCfAFxzDGR3hKibDGB7cJyTmz8\/elJTlwcHjurrUIyLlLSflLSfAFx3DGR7lLSfCFx3hKibhKibhKybjKybkLCblLSfbJSX49vbx7e3NNzjNMTLMJyjVIyLZf3\/ZQ0LaeHjx0tLgoqLkLCfCGB3HGx\/BGB3BFx3PICHCGB7WJCLOHyC\/Fxy\/Fx3lLCfQISHkLSe\/FxzbJiTBFx3FGx\/AGB7BFx3EGR7AGB3HHSDfKiXAFh3TISHYNzbhKibbJyTTIiL57e325+f039\/v2NjUV1fOHiHiqanfmprch4feKSXVIyPOICHmLibFGh\/mLSe\/Fx7XJCPeKSXXJSPNHyHaJyTGGh7lLCbmLCflLSjSIiLkLCbdKSXLHiC\/GB3KHh++Fh3lKyfoLiXcKCPkx8fYb2\/XaGfVXl3aU1LLHiDksbHgKibPICHbJyTfKSXbJyTCGB3KHSDiKybFGh7TIiL\/\/\/\/VIyPRISHIHB\/GGx\/HHB\/DGR7gKibdKCXLHiDZJiTMHiDNHyHYJSTOICHPICHWJCPcKCXXJSPjLCblLCf+\/f3NGR\/uLijzLynPGR\/IGB7WISHaIyLLGh7UAADxLynNAADRLzDbICLQAADIAAD3MCrUHSHXMTDpKSbLAADp5OTij4\/ejo\/VLy\/1LyngJSTcJCPQHx\/OHB7+\/PzaMS\/OLS\/vLijrLSjSAADaNTPwLyjkKSbNJCbYISHPHB\/KGB7WAAD7+vrn3d3aKynTKCjoLCfsKifRGh\/YAADq5+fhjo7QNDXXKCfmJyXt5+fTLzDLLi\/QKivYHRvMGBrQJCXLISPMExXLDxLaEAvkkI\/bOTfaFQ\/SCgpvLcnHAAAAmnRSTlMA+vv7+gT9Bvf9+8z8\/NSv\/Pr5+P7++vnQIBMP\/v38\/Pn348XDiCYf9OjbzcqxXVcx\/fz8+\/rj1r2poo1+fXFqX0orGP7+\/v7+\/fz8+\/r68uzn4trIxsG\/vri3p6GcmZSNbWVYUUZEPQv+\/f39+\/v7+\/v7+vr64tvV1NTTz87FtbSurqeblJKFg4B3bUY+NjL7+\/v7+\/v67t1cDo8JLQAABkRJREFUWMO0kz9rwkAYh0OIeJkum6YugUAhISCdKoj\/P4C7SMdS+gEKIhSKil10LSg4mzXkILdlEpxCpwTiWOLX6BujvQaEQuGeHLnL+\/64J+SIcKGYTYWnntpdLjrVdqvZmNdn0+EE40GtpuuWVS6Xx6N7YDSGpWXpeq02wHgynM7q80az1a52HpddtVcpsi1zFARBrdaxbhp9iUReTGmwA4KAAr7vx3EYejnCMI6hQYEgy0LQi4jUN0wL19vqFcUC9\/1dAKmEEFkWRYkh5oBejnxQJiSJPJ\/uKBp0Thszx9Mw8hMRIQjKsptCfuES9zr5WJY6vSFCIvE9fCMUmEM1A1kSXcYGxgVYsvI1IPKTZciSTI0us\/SMGG04gDzELDoFBwdcFJrF88dqgYMTiL6DILWYyfOWE8\/kIz38olCNlC03FK95+imxp6y4oUSvAnBjHHhKNtotSDqJzVFiK8c2SBqhZtsrTtgrLXwAyduxZHNE26eHUt5rtuM4WSmds3G+sUdWYo1L+XyxButoh5eKUHk5lByO3G1LqqCWVnfrv\/lyPtf\/4ps1cndNGIri8J1TJ0lx6dR\/oPjq1nbRwdp2dCk4CtIOLW3pVKRL6WZfS5vF2KkIQhpwSsjiYIgNCs1gEMGqiIq24NQX9NwoXFy8Ufrl3twTcg4fv8T9\/JBEySduj6Mjm4bMzYV7EEOxKjjoNDud7yY3Dy71Hq2oLmqfbNR723edH9PgMrNL2utoQ3VmaIDkiw\/4w51P06hlZsTZvkRrbVuSIs\/zwSOsycgzStQouoAkWQqioRT5XI7n2Z1wfVhoZmcAJLsoqjqpjbWCgpOAJXBwHK8PzWbNvoUZJND5wCnSkLAkZ1legx6vqQzjoiTahKlGUGLAiIIoABOHaNVw4sexZBym6\/HWlH5h3IC7yRbxtipcWxdTOkORKiNQAEkFf66x5S2oeRbroOlLgg0sSYkR0hRGEqJZ0jTPiQKatESdBckpWigxaapEH0lImHdWu9pUFF2XqMNM2Z4kped7IwEJw2qabwtrQqnpw6HyKkgcadKWsmpywwesDyIhYRpdzXddqegtGIJlXbAIUMOLkGxJUjRIkokwjUaX9d\/kK62ps\/tYUqZLIMkLTyBhsMZ3C5Z\/kDxOSCb\/DOs\/\/J0qcWSX\/2ipe56EgTCA4\/cB7NAYOsni4mZM1MUPAISoEwkDi4lhVBQ1cWQyIcwalw4EpqZN68JUSK7XC0kTlkLYii5uXSC8jT5ncCAS7mjCv0uHp\/3lueHEEAeQ\/\/VgmdN71\/2uCSA1Xr6DO6uI6sW56zqT2tp2PhgiRUAajV8CY2fkcz6WGNKMgLAt7tJAhD4YHMTeRxlALE6+43WqjSWi8ITxyJl8WrwWSNESQZZOqhDDntO3hJLsd5RtSpbJqdv3YrDJH3F7jL1R2O2aQkn2MyCyKYz0GPGIvSAMgBCrCEiJyKbBaYGwLW4uPRr0A0M4Ux5kUI7IBh+hMdiCEWNqhMZGyYMsOgNE58UQuEQeUnSWCMYwL54hkxK6IoqucQZbQ3pc3XtL0lky1dL0zZJJDpWJovFqpWj6JEHnyam2eQp5QRVAVHjWparTOaVwUOx99YS2MvgxIGV0bb+qIg2HX2qkFFJB+XZcbLiuRkuxD9GRroKyveLxdh4d7Orx+hb7qc3uVRuEogCOnyIxm4ubUoPgF4jianDrC+SDQDKEfJb0GUKmjCGPYHGJvVC6X4hw1\/sAfQAdfYyephIaspXe36RwOP+Ljvfx9B6B3i+Nk0DGq+oCbLn6JpBa9nWAveAIHwFAwtVcIJXPMPL8kRu5OAYPMaL1WScTxjiZDqB9LTJSWphow\/pTYKRTLjCBhvi9iBidvKcDasGSm0QQkycYuLBqj6QCELPctqChDWpTRMWkngNNpQ1Pfp1KkiT\/Y0DGffXAweUNfLAfaJFKDwhb6I+bkYRbkERoEeu3Fyjg2opMz2daZCS9jt6Q7txNfB+OZEVF6Zl5web2xunnLQrtrjXseXKaFYziYINeMFZVxS9VxRhOoesYwxPKXm+gWLG9cuFeq93UNNeJNsf1KlwuDok9n02n3TgIJpOxNfL9naIoQwXtfH9kjceTIIi709ncTg6LZbg+biLH1V6u\/7rxBem06VXKn9raAAAAAElFTkSuQmCC\")      no-repeat center center \/ contain;  }  @media screen and (max-width: 960px) and (orientation: portrait) {    .logo {      width: 100%;    }    .logo .pc-banner {      display: none;    }    .logo .m-banner {      display: block;      width: 100%;    }    .logo .m-banner img {      height: auto!important;    }    .ytvideo {      height: 200px;      width: 100%;    }  }<\/style><style>  .video-section {    width: 100%;    margin: 0 auto;  }  .video-section > img {    width: 100%;  }  .video-section iframe,  .video-section video {    width: 100%;    height: 100%;      }  .video-section-img-m,  .video-section-img-pc > img {    width: 100%;    height: auto;  }  .video-section-img-pc.small > img {    width: 970px;  }  .video-desc {    line-height: 1.5;    font-size: 20px;    font-weight: 400;    margin: 20px 0;    text-align: center;    color: #0f1111;    word-break: break-word;  }  @media screen and (max-width: 960px) and (orientation: portrait) {    .video-section {      width: 100%;    }    .video-section-pc,    .video-section-img-pc {      display: none;    }    .video-section-m,    .video-section-img-m {      display: block;    }    .video-desc {      font-size: 15px;    }  }  @media screen and (min-width: 960px) {    .video-section {      width: 100%;      margin: 0 auto;    }    .video-section-pc,    .video-section-img-pc {      display: block;    }    .video-section-m,    .video-section-img-m {      display: none;    }    .video-desc {      font-size: 20px;    }  }<\/style><style>  .section + .section {    margin-top: 35px;  }  .section-title {    text-align: center;    font-weight: bold;    color: #0d1111;    font-family: \"Arial\";    font-size: 32px;    margin: 15px 0;  }  .section-title:empty {    display: none;  }  .section-desc {    text-align: center;    font-weight: normal;    color: #0d1111;    margin-top: 20px;  }  .section-desc:empty {    display: none;  }  .section-img {    width: 1200px;    height: 492px;    margin: 0 auto;    display: block;  }  .section-img.small {    width: 970px;    height: auto;  }  .section-img.small > img {    height: auto;  }  .section-img > img {    width: 100%;    height: 100%;  }  .section-mobile-img {    display: none;    max-width: 100vw;    max-height: 75vw;    height: 450px;    margin: 0 auto;  }  .section-mobile-img > img {    width: 100%;    height: 100%;  }  @media screen and (max-width: 960px) and (orientation: portrait) {    .container {      width: 100%;    }    .container.small {      width: 100%;    }    .section-mobile-img {      display: block;    }    .section-img {      display: none;    }    .section-title {      font-size: 22px;      margin: 10px 0;    }    .section-desc {      margin-top: 10px;    }    .section + .section {      margin-top: 20px;    }  }<\/style><\/head><body><div class=\"container small\"><div class=\"logo\"><div class=\"pc-banner small\"><div><img decoding=\"async\" src=\"\/vevor\/vevor\/boutique-banner\/pc\/en-pc@1x.jpg\" style=\"width: 100%;\" \/><\/div><\/div><div class=\"m-banner\"><div><img decoding=\"async\" src=\"\/vevor\/vevor\/boutique-banner\/mobile\/en-m@1x.jpg\" style=\"width: 100%;\" \/><\/div><\/div><\/div><div class=\"section-title\">10,000 PSI \u00d5hu H\u00fcdrauliline Pump - Vastupidav ja V\u00f5imas<\/div><div class=\"video-section\"><div class=\"video-section-img-pc small\"><img decoding=\"async\" src=\"\/vevor\/product\/CGKQBWDZYHS14O5B3\/air-hydraulic-pump-a100-1.4-pt.jpg\" \/><\/div><div class=\"video-section-img-m\"><img decoding=\"async\" src=\"\/vevor\/product\/CGKQBWDZYHS14O5B3\/air-hydraulic-pump-a100-1.4-pt.jpg\" \/><\/div><div class=\"section-desc\">Saada usaldusv\u00e4\u00e4rne v\u00f5imu meie 10,000 PSI \u00d5hu H\u00fcdrauliline Pump. Ehitatud karm k\u00f5va koorega, puldiga actuator, ja tehases t\u00e4is h\u00fcdrauliline \u00f5li (#13), see pakub lihtne kontrolli, shock-vastupidavad baasi, ja quick setup. Valmis n\u00f5udlik t\u00f6\u00f6kohti, see on t\u00f5hus ja ehitatud viimase.<\/div><\/div><div class=\"section\"><div class=\"section-title\"><\/div><div class=\"section-img small\"><img decoding=\"async\" src=\"\/vevor\/product\/CGKQBWDZYHS14O5B3\/air-hydraulic-pump-a100-2.2-pt.jpg\" \/><\/div><div class=\"section-mobile-img\"><img decoding=\"async\" src=\"\/vevor\/product\/CGKQBWDZYHS14O5B3\/air-hydraulic-pump-a100-2.2-pt.jpg\" \/><\/div><div class=\"section-desc\">\u00d5hu \u00fcle h\u00fcdrauliline pump on vastupidav v\u00e4limine kest kaitseb sisemiste komponentide nagu champ. See on surve-vastupidavad, korrosiooni-vastupidavad ja deformatsioon-vastupidav rasketes tingimustes. Tehases t\u00e4is h\u00fcdrauliline \u00f5li (#13), see tagab t\u00f5husa, turvalise ja vastupidavad h\u00fcdraulilised operatsiooni.<\/div><\/div><div class=\"section\"><div class=\"section-title\"><\/div><div class=\"section-img small\"><img decoding=\"async\" src=\"\/vevor\/product\/CGKQBWDZYHS14O5B3\/air-hydraulic-pump-a100-2.3-pt.jpg\" \/><\/div><div class=\"section-mobile-img\"><img decoding=\"async\" src=\"\/vevor\/product\/CGKQBWDZYHS14O5B3\/air-hydraulic-pump-a100-2.3-pt.jpg\" \/><\/div><div class=\"section-desc\">Tegutsevad kuni 3 meetri kaugusel ja j\u00e4\u00e4da selge ohud ja kergesti man\u00f6\u00f6verdada kitsastes ruumides. See funktsioon aitab teil t\u00f6\u00f6tada kindlalt ja t\u00f5husalt, v\u00e4hendades \u00f5nnetusi.<\/div><\/div><div class=\"section\"><div class=\"section-title\"><\/div><div class=\"section-img small\"><img decoding=\"async\" src=\"\/vevor\/product\/CGKQBWDZYHS14O5B3\/air-hydraulic-pump-a100-2.4-pt.jpg\" \/><\/div><div class=\"section-mobile-img\"><img decoding=\"async\" src=\"\/vevor\/product\/CGKQBWDZYHS14O5B3\/air-hydraulic-pump-a100-2.4-pt.jpg\" \/><\/div><div class=\"section-desc\">Kaks kinnituskruvi augud allosas, v\u00f5ite kindel see h\u00fcdrauliline \u00f5hk pump stabiilne, vibratsiooni-tasuta kasutamiseks. See k\u00f5ik on umbes hoida oma tegevuse stabiilne ja t\u00f5hus.<\/div><\/div><div class=\"section\"><div class=\"section-title\"><\/div><div class=\"section-img small\"><img decoding=\"async\" src=\"\/vevor\/product\/CGKQBWDZYHS14O5B3\/air-hydraulic-pump-a100-2.5-pt.jpg\" \/><\/div><div class=\"section-mobile-img\"><img decoding=\"async\" src=\"\/vevor\/product\/CGKQBWDZYHS14O5B3\/air-hydraulic-pump-a100-2.5-pt.jpg\" \/><\/div><div class=\"section-desc\">Vaid kolm lihtsat sammu, ja sa oled k\u00f5ik seatud! Pea meeles, open air vent 5 minutit enne alustanud, siis sulgege see, et hoida asjad sujuvalt.<\/div><\/div><div class=\"section\"><div class=\"section-img small\"><img decoding=\"async\" src=\"\/vevor\/product\/CGKQBWDZYHS14O5B3\/air-hydraulic-pump-a100-1.11-pt.jpg\" \/><\/div><div class=\"section-mobile-img\"><img decoding=\"async\" src=\"\/vevor\/product\/CGKQBWDZYHS14O5B3\/air-hydraulic-pump-a100-1.11-pt.jpg\" \/><\/div><\/div><\/div><\/body><\/html><\/div>\n<div class=\"DM_at-title\" id=\"js-DM_at-title\"> <div>Toote spetsifikatsioon<\/div> <i class=\"icon-arrowup_line\"><\/i> <\/div><div class=\"DM_at-goodsDescAttr\" id=\"js-DM_at-goodsDescAttr\"> <div class=\"DM_at-goodsDescAttrInner\"> <dl class=\"goodsDesc_item goodsDesc_item_even\"> <dt>Punkt Mudeli Number<\/dt> <dd> TL-A5121<\/dd> <\/dl> <dl class=\"goodsDesc_item\"> <dt>Siseneva \u00d5hu R\u00f5hk<\/dt> <dd> 110 PSI - 145 PSI<\/dd> <\/dl> <dl class=\"goodsDesc_item goodsDesc_item_even\"> <dt>Maksimaalne V\u00e4ljundr\u00f5hk<\/dt> <dd> 10,000 PSI<\/dd> <\/dl> <dl class=\"goodsDesc_item\"> <dt>\u00d5li Paak, Mis On Saadaval Mahutavus<\/dt> <dd> 2.3 L \/ 0.61 Gal<\/dd> <\/dl> <dl class=\"goodsDesc_item goodsDesc_item_even\"> <dt>\u00d5hu Vooluhulk<\/dt> <dd> 340 L\/min<\/dd> <\/dl> <dl class=\"goodsDesc_item\"> <dt>H\u00fcdraulilise Pumba Vooluhulk<\/dt> <dd> 0.8 L\/min (ilma koormuseta) \/ 0.16 L\/min (Koormus)<\/dd> <\/dl> <dl class=\"goodsDesc_item goodsDesc_item_even\"> <dt>\u00d5hu Sisendava L\u00e4bim\u00f5\u00f5t<\/dt> <dd> NPT 1\/4&#034; (13.7 mm)<\/dd> <\/dl> <dl class=\"goodsDesc_item\"> <dt>\u00d5li V\u00e4ljalaskeava L\u00e4bim\u00f5\u00f5t<\/dt> <dd> NPT 3\/8&#034; (16.66 mm)<\/dd> <\/dl> <dl class=\"goodsDesc_item goodsDesc_item_even\"> <dt>Neto Kaal<\/dt> <dd> 18.74 lbs \/ 8,5 kg<\/dd> <\/dl> <dl class=\"goodsDesc_item\"> <dt>Toote M\u00f5\u00f5tmed<\/dt> <dd> 12.40 x 6.77 x 7.87 in \/ 315 x 172 x 200 mm<\/dd> <\/dl> <\/div> <\/div>","protected":false},"excerpt":{"rendered":"<ul>\n<li> 10,000 PSI High Power: Saavutada kuni 10 000 PSI h\u00fcdraulilise r\u00f5hu koos \u00f5huvoolu 340 L\/min. See \u00f5hk h\u00fcdrauliline pump pakub 0.8 L\/min (ilma koormuseta) ja 0.16 L\/min (koormus) vooluhulgad, mist\u00f5ttu on ideaalne raskeveokite \u00fclesandeid, nagu t\u00f5ste -, pressimis -, painutamine, sirgestamine, l\u00f5ikamine, kokkupanek ja lahtiv\u00f5tmine. <\/li>\n<li> 3-Meetrine Kaugjuhtimispult: Naudi mugavuse 9.84 in \/ 3 m serveri, mis hoiab sa kindel, et blokeerida. See funktsioon muudab tegutsevad k\u00e4ttesaadavamaks ja mugavamaks, v\u00f5imaldades kiire reageerimine h\u00e4daolukorras aitab v\u00e4ltida \u00f5nnetusi. <\/li>\n<li> Tehases T\u00e4is \u00d5li: See \u00f5hk \u00fcle h\u00fcdrauliline pump on varustatud suure 2.3 L \/ 0.61 gal tank tehases t\u00e4is h\u00fcdrauliline \u00f5li (#13), nii, et saate alustada t\u00f6\u00f6d kohe. See funktsioon kergendab setup aega ja vaeva. See h\u00f5lmab \u00f5hu sisselaskeava koos NPT 1\/4 ja k\u00f5rgsurve-v\u00e4ljund NPT 3\/8 aastal. <\/li>\n<li> Standard Suurus, Lihtne Setup: \u00f5hu sisselaske juures NPT 1\/4 ja k\u00f5rgsurve-v\u00e4ljund NPT 3\/8, see \u00f5hu h\u00fcdrauliline pump on koosk\u00f5las standardi pneumaatilised tarvikud. Ta lihtsalt \u00fchendab teie olemasoleva pneumaatiline s\u00fcsteem kiusame tasuta integratsiooni. <\/li>\n<li> Vastupidav ja Vastupidav: Tehtud aerospace klassi alumiiniumi ja kvaliteetne mantel, see \u00f5hk h\u00fcdrauliline pump on ehitatud taluma karmi t\u00f6\u00f6stus-keskkondades. Sise-kaitseklapp tagab usaldusv\u00e4\u00e4rse kaitse h\u00fcdraulilised komponendid surve all. <\/li>\n<\/ul>","protected":false},"featured_media":352942,"comment_status":"closed","ping_status":"open","template":"","meta":{"om_disable_all_campaigns":false,"_monsterinsights_skip_tracking":false,"_monsterinsights_sitenote_active":false,"_monsterinsights_sitenote_note":"","_monsterinsights_sitenote_category":0,"_uf_show_specific_survey":0,"_uf_disable_surveys":false},"location":[1935,1934],"product_brand":[21],"product_cat":[2760,2759,71],"product_tag":[],"class_list":{"0":"post-57499","1":"product","2":"type-product","3":"status-publish","4":"has-post-thumbnail","6":"location-supplier_stock_location","7":"location-local_stock_location","8":"product_brand-vevor","9":"product_cat-air-hydraulic-pump-hydraulic-pumps-plumbing","10":"product_cat-hydraulic-pumps-plumbing","11":"product_cat-plumbing","13":"first","14":"instock","15":"taxable","16":"shipping-taxable","17":"purchasable","18":"product-type-simple"},"aioseo_notices":[],"jetpack_sharing_enabled":true,"locations":[{"id":1935,"name":"Pieg\u0101d\u0101t\u0101ja noliktav\u0101 (5-7d.d.)","slug":"supplier_stock_location","quantity":"9"},{"id":1934,"name":"R\u012bgas veikal\u0101 (0-2d.d.)","slug":"local_stock_location","quantity":"0"}],"_links":{"self":[{"href":"https:\/\/vevorshop.lv\/et\/wp-json\/wp\/v2\/product\/57499","targetHints":{"allow":["GET"]}}],"collection":[{"href":"https:\/\/vevorshop.lv\/et\/wp-json\/wp\/v2\/product"}],"about":[{"href":"https:\/\/vevorshop.lv\/et\/wp-json\/wp\/v2\/types\/product"}],"replies":[{"embeddable":true,"href":"https:\/\/vevorshop.lv\/et\/wp-json\/wp\/v2\/comments?post=57499"}],"wp:featuredmedia":[{"embeddable":true,"href":"https:\/\/vevorshop.lv\/et\/wp-json\/wp\/v2\/media\/352942"}],"wp:attachment":[{"href":"https:\/\/vevorshop.lv\/et\/wp-json\/wp\/v2\/media?parent=57499"}],"wp:term":[{"taxonomy":"location","embeddable":true,"href":"https:\/\/vevorshop.lv\/et\/wp-json\/wp\/v2\/location?post=57499"},{"taxonomy":"product_brand","embeddable":true,"href":"https:\/\/vevorshop.lv\/et\/wp-json\/wp\/v2\/product_brand?post=57499"},{"taxonomy":"product_cat","embeddable":true,"href":"https:\/\/vevorshop.lv\/et\/wp-json\/wp\/v2\/product_cat?post=57499"},{"taxonomy":"product_tag","embeddable":true,"href":"https:\/\/vevorshop.lv\/et\/wp-json\/wp\/v2\/product_tag?post=57499"}],"curies":[{"name":"wp","href":"https:\/\/api.w.org\/{rel}","templated":true}]}}