{"id":57629,"date":"2024-12-03T12:27:49","date_gmt":"2024-12-03T12:27:49","guid":{"rendered":"https:\/\/vevorshop.lv\/en_us\/Prece\/vevor-hair-blow-dryer-brush-ionic-hair-dryer-and-styler-with-75mm-oval-barrel\/"},"modified":"2026-05-01T16:13:45","modified_gmt":"2026-05-01T13:13:45","slug":"vevor-hair-blow-dryer-brush-ionic-hair-dryer-and-styler-with-75mm-oval-barrel","status":"publish","type":"product","link":"https:\/\/vevorshop.lv\/et\/Prece\/vevor-juuksefoon-harja-ioonfoon-ja-styler-75-mm-ovaalse-tunniga\/","title":{"rendered":"VEVOR 4-\u00fches iooniline f\u00f6\u00f6nihari 75 mm keraamilise ovaalse t\u00fcnniga, 3 kuumuse seadistust kuivatamiseks, sirgendamiseks, lokitamiseks, vol\u00fc\u00fcmi andmiseks"},"content":{"rendered":"<div style=\"color: #fff!important; font-size: 16px; height: 24px; line-height: 24px; margin-top: -24px; \" class=\"product_original_name\">VEVOR Juuksepuhumiskuivati pintsel, 4-tolline 1-iooniline f\u00f6\u00f6n ja Styleri vol\u00fc\u00fcmimismasin 75 mm keraamilise kattega ovaalse t\u00fcnni ja 3 kuumuse seadistusega, professionaalne kuuma\u00f5hupintsel kuivatamise loki sirgendamiseks<\/div>\n<div style=\"color: #fff!important; font-size: 16px; height: 24px; line-height: 24px; margin-top: -24px; \" class=\"product_sku\">M4I4MMYI<\/div>\n<div style=\"color: #fff!important; font-size: 16px; height: 24px; line-height: 24px; margin-top: -24px; \" class=\"product_mpn\">TYXJFRFSYTCT1JGYPV2<\/div><div id=\"js-DM_at-goodDescRich\"><html><head><style>  body {    font-family: Arial;    line-height: 1.5;    color: #1c1c1c;    overflow-x: hidden;    margin: 0;    padding: 0;  }  .MsoNormal b {    font-weight: bolder;  }<\/style><style>  .container.small {    width: 970px;    margin: 0 auto;  }  .logo {    margin: 0 auto 0;  }  .logo img {    display: block;    margin: 0 auto;    max-width: 100%;  }  .logo .pc-banner {    display: block;    width: 1200px;    height: 247.4px;    margin: 0 auto;  }  .logo .pc-banner.small {    width: 970px;  }  .logo .pc-banner.small img {    height: auto!important;  }  .logo .m-banner {    display: none;  }  .ytvideo {    position: relative;    height: 546px;    width: 100%;    margin: 0 auto;  }  .ytvideo img {    width: 100%;    margin: 0 auto;  }  .ytvideo .play-btn {    width: 60px;    height: 42px;    position: absolute;    top: 50%;    left: 50%;    transform: translate(-50%, -50%);    background: url(\"data:image\/png;base64,iVBORw0KGgoAAAANSUhEUgAAAGQAAABGCAMAAAANWMFbAAAC+lBMVEUAAADBGB3kLCfBGB3kLCfcJC7BFx3KKSbiKybkLCbWJCPSIiLSIiLPICHAFx3kLCfgKSXNHiDZJiTIGx\/p4eHcjo7LHSDbJyTkLCbjKyfOHyHPIiL28fHJHB\/GGh7EGR7eKCXDGB3RISHlLSbBGB3AFxzGHB7DGB7BGB3hKybkKybAFx3lLCfAFxzDGR3hKibDGB7cJyTmz8\/elJTlwcHjurrUIyLlLSflLSfAFx3DGR7lLSfCFx3hKibhKibhKybjKybkLCblLSfbJSX49vbx7e3NNzjNMTLMJyjVIyLZf3\/ZQ0LaeHjx0tLgoqLkLCfCGB3HGx\/BGB3BFx3PICHCGB7WJCLOHyC\/Fxy\/Fx3lLCfQISHkLSe\/FxzbJiTBFx3FGx\/AGB7BFx3EGR7AGB3HHSDfKiXAFh3TISHYNzbhKibbJyTTIiL57e325+f039\/v2NjUV1fOHiHiqanfmprch4feKSXVIyPOICHmLibFGh\/mLSe\/Fx7XJCPeKSXXJSPNHyHaJyTGGh7lLCbmLCflLSjSIiLkLCbdKSXLHiC\/GB3KHh++Fh3lKyfoLiXcKCPkx8fYb2\/XaGfVXl3aU1LLHiDksbHgKibPICHbJyTfKSXbJyTCGB3KHSDiKybFGh7TIiL\/\/\/\/VIyPRISHIHB\/GGx\/HHB\/DGR7gKibdKCXLHiDZJiTMHiDNHyHYJSTOICHPICHWJCPcKCXXJSPjLCblLCf+\/f3NGR\/uLijzLynPGR\/IGB7WISHaIyLLGh7UAADxLynNAADRLzDbICLQAADIAAD3MCrUHSHXMTDpKSbLAADp5OTij4\/ejo\/VLy\/1LyngJSTcJCPQHx\/OHB7+\/PzaMS\/OLS\/vLijrLSjSAADaNTPwLyjkKSbNJCbYISHPHB\/KGB7WAAD7+vrn3d3aKynTKCjoLCfsKifRGh\/YAADq5+fhjo7QNDXXKCfmJyXt5+fTLzDLLi\/QKivYHRvMGBrQJCXLISPMExXLDxLaEAvkkI\/bOTfaFQ\/SCgpvLcnHAAAAmnRSTlMA+vv7+gT9Bvf9+8z8\/NSv\/Pr5+P7++vnQIBMP\/v38\/Pn348XDiCYf9OjbzcqxXVcx\/fz8+\/rj1r2poo1+fXFqX0orGP7+\/v7+\/fz8+\/r68uzn4trIxsG\/vri3p6GcmZSNbWVYUUZEPQv+\/f39+\/v7+\/v7+vr64tvV1NTTz87FtbSurqeblJKFg4B3bUY+NjL7+\/v7+\/v67t1cDo8JLQAABkRJREFUWMO0kz9rwkAYh0OIeJkum6YugUAhISCdKoj\/P4C7SMdS+gEKIhSKil10LSg4mzXkILdlEpxCpwTiWOLX6BujvQaEQuGeHLnL+\/64J+SIcKGYTYWnntpdLjrVdqvZmNdn0+EE40GtpuuWVS6Xx6N7YDSGpWXpeq02wHgynM7q80az1a52HpddtVcpsi1zFARBrdaxbhp9iUReTGmwA4KAAr7vx3EYejnCMI6hQYEgy0LQi4jUN0wL19vqFcUC9\/1dAKmEEFkWRYkh5oBejnxQJiSJPJ\/uKBp0Thszx9Mw8hMRIQjKsptCfuES9zr5WJY6vSFCIvE9fCMUmEM1A1kSXcYGxgVYsvI1IPKTZciSTI0us\/SMGG04gDzELDoFBwdcFJrF88dqgYMTiL6DILWYyfOWE8\/kIz38olCNlC03FK95+imxp6y4oUSvAnBjHHhKNtotSDqJzVFiK8c2SBqhZtsrTtgrLXwAyduxZHNE26eHUt5rtuM4WSmds3G+sUdWYo1L+XyxButoh5eKUHk5lByO3G1LqqCWVnfrv\/lyPtf\/4ps1cndNGIri8J1TJ0lx6dR\/oPjq1nbRwdp2dCk4CtIOLW3pVKRL6WZfS5vF2KkIQhpwSsjiYIgNCs1gEMGqiIq24NQX9NwoXFy8Ufrl3twTcg4fv8T9\/JBEySduj6Mjm4bMzYV7EEOxKjjoNDud7yY3Dy71Hq2oLmqfbNR723edH9PgMrNL2utoQ3VmaIDkiw\/4w51P06hlZsTZvkRrbVuSIs\/zwSOsycgzStQouoAkWQqioRT5XI7n2Z1wfVhoZmcAJLsoqjqpjbWCgpOAJXBwHK8PzWbNvoUZJND5wCnSkLAkZ1legx6vqQzjoiTahKlGUGLAiIIoABOHaNVw4sexZBym6\/HWlH5h3IC7yRbxtipcWxdTOkORKiNQAEkFf66x5S2oeRbroOlLgg0sSYkR0hRGEqJZ0jTPiQKatESdBckpWigxaapEH0lImHdWu9pUFF2XqMNM2Z4kped7IwEJw2qabwtrQqnpw6HyKkgcadKWsmpywwesDyIhYRpdzXddqegtGIJlXbAIUMOLkGxJUjRIkokwjUaX9d\/kK62ps\/tYUqZLIMkLTyBhsMZ3C5Z\/kDxOSCb\/DOs\/\/J0qcWSX\/2ipe56EgTCA4\/cB7NAYOsni4mZM1MUPAISoEwkDi4lhVBQ1cWQyIcwalw4EpqZN68JUSK7XC0kTlkLYii5uXSC8jT5ncCAS7mjCv0uHp\/3lueHEEAeQ\/\/VgmdN71\/2uCSA1Xr6DO6uI6sW56zqT2tp2PhgiRUAajV8CY2fkcz6WGNKMgLAt7tJAhD4YHMTeRxlALE6+43WqjSWi8ITxyJl8WrwWSNESQZZOqhDDntO3hJLsd5RtSpbJqdv3YrDJH3F7jL1R2O2aQkn2MyCyKYz0GPGIvSAMgBCrCEiJyKbBaYGwLW4uPRr0A0M4Ux5kUI7IBh+hMdiCEWNqhMZGyYMsOgNE58UQuEQeUnSWCMYwL54hkxK6IoqucQZbQ3pc3XtL0lky1dL0zZJJDpWJovFqpWj6JEHnyam2eQp5QRVAVHjWparTOaVwUOx99YS2MvgxIGV0bb+qIg2HX2qkFFJB+XZcbLiuRkuxD9GRroKyveLxdh4d7Orx+hb7qc3uVRuEogCOnyIxm4ubUoPgF4jianDrC+SDQDKEfJb0GUKmjCGPYHGJvVC6X4hw1\/sAfQAdfYyephIaspXe36RwOP+Ljvfx9B6B3i+Nk0DGq+oCbLn6JpBa9nWAveAIHwFAwtVcIJXPMPL8kRu5OAYPMaL1WScTxjiZDqB9LTJSWphow\/pTYKRTLjCBhvi9iBidvKcDasGSm0QQkycYuLBqj6QCELPctqChDWpTRMWkngNNpQ1Pfp1KkiT\/Y0DGffXAweUNfLAfaJFKDwhb6I+bkYRbkERoEeu3Fyjg2opMz2daZCS9jt6Q7txNfB+OZEVF6Zl5web2xunnLQrtrjXseXKaFYziYINeMFZVxS9VxRhOoesYwxPKXm+gWLG9cuFeq93UNNeJNsf1KlwuDok9n02n3TgIJpOxNfL9naIoQwXtfH9kjceTIIi709ncTg6LZbg+biLH1V6u\/7rxBem06VXKn9raAAAAAElFTkSuQmCC\")      no-repeat center center \/ contain;  }  @media screen and (max-width: 960px) and (orientation: portrait) {    .logo {      width: 100%;    }    .logo .pc-banner {      display: none;    }    .logo .m-banner {      display: block;      width: 100%;    }    .logo .m-banner img {      height: auto!important;    }    .ytvideo {      height: 200px;      width: 100%;    }  }<\/style><style>  .video-section {    width: 100%;    margin: 0 auto;  }  .video-section > img {    width: 100%;  }  .video-section iframe,  .video-section video {    width: 100%;    height: 100%;      }  .video-section-img-m,  .video-section-img-pc > img {    width: 100%;    height: auto;  }  .video-section-img-pc.small > img {    width: 970px;  }  .video-desc {    line-height: 1.5;    font-size: 20px;    font-weight: 400;    margin: 20px 0;    text-align: center;    color: #0f1111;    word-break: break-word;  }  @media screen and (max-width: 960px) and (orientation: portrait) {    .video-section {      width: 100%;    }    .video-section-pc,    .video-section-img-pc {      display: none;    }    .video-section-m,    .video-section-img-m {      display: block;    }    .video-desc {      font-size: 15px;    }  }  @media screen and (min-width: 960px) {    .video-section {      width: 100%;      margin: 0 auto;    }    .video-section-pc,    .video-section-img-pc {      display: block;    }    .video-section-m,    .video-section-img-m {      display: none;    }    .video-desc {      font-size: 20px;    }  }<\/style><style>  .section + .section {    margin-top: 35px;  }  .section-title {    text-align: center;    font-weight: bold;    color: #0d1111;    font-family: \"Arial\";    font-size: 32px;    margin: 15px 0;  }  .section-title:empty {    display: none;  }  .section-desc {    text-align: center;    font-weight: normal;    color: #0d1111;    margin-top: 20px;  }  .section-desc:empty {    display: none;  }  .section-img {    width: 1200px;    height: 492px;    margin: 0 auto;    display: block;  }  .section-img.small {    width: 970px;    height: auto;  }  .section-img.small > img {    height: auto;  }  .section-img > img {    width: 100%;    height: 100%;  }  .section-mobile-img {    display: none;    max-width: 100vw;    max-height: 75vw;    height: 450px;    margin: 0 auto;  }  .section-mobile-img > img {    width: 100%;    height: 100%;  }  @media screen and (max-width: 960px) and (orientation: portrait) {    .container {      width: 100%;    }    .container.small {      width: 100%;    }    .section-mobile-img {      display: block;    }    .section-img {      display: none;    }    .section-title {      font-size: 22px;      margin: 10px 0;    }    .section-desc {      margin-top: 10px;    }    .section + .section {      margin-top: 20px;    }  }<\/style><\/head><body><div class=\"container\"><div class=\"logo\"><div class=\"pc-banner\"><div><img decoding=\"async\" src=\"\/vevor\/vevor\/boutique-banner\/pc\/en-pc@1x.jpg\" style=\"width: 100%;\" \/><\/div><\/div><div class=\"m-banner\"><div><img decoding=\"async\" src=\"\/vevor\/vevor\/boutique-banner\/mobile\/en-m@1x.jpg\" style=\"width: 100%;\" \/><\/div><\/div><\/div><div class=\"section-title\">Kuiv, Lokkima, Sirutada, Sile \u2014 K\u00f5ik \u00dches!<\/div><div class=\"video-section\"><div class=\"video-section-img-pc\"><img decoding=\"async\" src=\"\/vevor\/product\/TYXJFRFSYTCT1JGYP\/hair-air-brushes-a100-1.4.jpg\" \/><\/div><div class=\"video-section-img-m\"><img decoding=\"async\" src=\"\/vevor\/product\/TYXJFRFSYTCT1JGYP\/hair-air-brushes-a100-1.4-m.jpg\" \/><\/div><div class=\"section-desc\">VEVOR 4-in-1 f\u00f6\u00f6n pintsel: teie stiil v\u00f5lur! Vaevata saavutada kuivatamine, curling, sirgestamine, ja vol\u00fc\u00fcmi, et rahuldada k\u00f5ik soeng vajadustele. T\u00e4iustatud keraamiline kate ja 30W+ negatiivseid ioone, see v\u00e4hendab efektiivselt soojust kahju kui lukustavad niiskuse siledam, tervemad juuksed.<\/div><\/div><div class=\"section\"><div class=\"section-title\"><\/div><div class=\"section-img\"><img decoding=\"async\" src=\"\/vevor\/product\/TYXJFRFSYTCT1JGYP\/hair-air-brushes-a100-2.2.jpg\" \/><\/div><div class=\"section-mobile-img\"><img decoding=\"async\" src=\"\/vevor\/product\/TYXJFRFSYTCT1JGYP\/hair-air-brushes-a100-2.2-m.jpg\" \/><\/div><div class=\"section-desc\">VEVOR f\u00f6\u00f6n harja \u00fchendab uuendatud keraamiline kate ja 30W+ k\u00f5rge kontsentratsioon negatiivseid ioone kiire, isegi soojuse jaotamine, mis v\u00e4hendab soojuse kahju. See v\u00e4hendab t\u00f5husalt staatiline ja frizz kuigi puldiga niiskust, mille tulemuseks on siledad, l\u00e4ikivad juuksed t\u00e4iustatud helitugevuse.<\/div><\/div><div class=\"section\"><div class=\"section-title\"><\/div><div class=\"section-img\"><img decoding=\"async\" src=\"\/vevor\/product\/TYXJFRFSYTCT1JGYP\/hair-air-brushes-a100-2.3.jpg\" \/><\/div><div class=\"section-mobile-img\"><img decoding=\"async\" src=\"\/vevor\/product\/TYXJFRFSYTCT1JGYP\/hair-air-brushes-a100-2.3-m.jpg\" \/><\/div><div class=\"section-desc\">Naudi sile soeng vaevata meie 360\u00b0 surround \u00f5huvoolu, mis annab \u00fchtlase soojuse v\u00e4hendamiseks frizz. Kui 2.95-tolline (75 mm) ovaalne pintsel funktsioone nailon s\u00f5rmed ja taftingvaibad harjased, et v\u00e4ltida juuste sasipundar.<\/div><\/div><div class=\"section\"><div class=\"section-title\"><\/div><div class=\"section-img\"><img decoding=\"async\" src=\"\/vevor\/product\/TYXJFRFSYTCT1JGYP\/hair-air-brushes-a100-2.4.jpg\" \/><\/div><div class=\"section-mobile-img\"><img decoding=\"async\" src=\"\/vevor\/product\/TYXJFRFSYTCT1JGYP\/hair-air-brushes-a100-2.4-m.jpg\" \/><\/div><div class=\"section-desc\">Meie multifunktsionaalne kuuma \u00f5hu stiil pintsel on ideaalne k\u00f5ikidele juukset\u00fc\u00fcpidele, vaevata k\u00e4itlemise sirged, lokkis, ja kuivatamine vajadustele. 3 reguleeritavad seaded (lahe), low (madal ja k\u00f5rge), saate h\u00f5lpsasti kohandada, et t\u00e4ita erinevaid stiil vajadusi ja saavutada oma unistuste v\u00e4limus kergust.<\/div><\/div><div class=\"section\"><div class=\"section-title\"><\/div><div class=\"section-img\"><img decoding=\"async\" src=\"\/vevor\/product\/TYXJFRFSYTCT1JGYP\/hair-air-brushes-a100-2.5.jpg\" \/><\/div><div class=\"section-mobile-img\"><img decoding=\"async\" src=\"\/vevor\/product\/TYXJFRFSYTCT1JGYP\/hair-air-brushes-a100-2.5-m.jpg\" \/><\/div><div class=\"section-desc\">See juuksekujundaja vol\u00fc\u00fcmija on ideaalne kaaslane teie igap\u00e4evaelus, mis sobib koduseks kasutamiseks, kinkimiseks, reisimiseks ja tutvumiseks. Olenemata sellest, kas kujundate oma juukseid kodus v\u00f5i teete s\u00f5pradele ja perele l\u00e4bim\u00f5eldud kingituse, vastab see juuksekujundaja pintsel k\u00f5igile nende soenguvajadustele.<\/div><\/div><div class=\"section\"><div class=\"section-img\"><img decoding=\"async\" src=\"\/vevor\/product\/TYXJFRFSYTCT1JGYP\/hair-air-brushes-a100-1.11.jpg\" \/><\/div><div class=\"section-mobile-img\"><img decoding=\"async\" src=\"\/vevor\/product\/TYXJFRFSYTCT1JGYP\/hair-air-brushes-a100-1.11-m.jpg\" \/><\/div><\/div><\/div><\/body><\/html><\/div>\n<div class=\"DM_at-title\" id=\"js-DM_at-title\"> <div>Toote spetsifikatsioon<\/div> <i class=\"icon-arrowup_line\"><\/i> <\/div><div class=\"DM_at-goodsDescAttr\" id=\"js-DM_at-goodsDescAttr\"> <div class=\"DM_at-goodsDescAttrInner\"> <dl class=\"goodsDesc_item goodsDesc_item_even\"> <dt>Punkt Mudeli Number<\/dt> <dd> CT-529<\/dd> <\/dl> <dl class=\"goodsDesc_item\"> <dt>Harja L\u00e4bim\u00f5\u00f5t<\/dt> <dd> 2.95 in \/ 75 mm<\/dd> <\/dl> <dl class=\"goodsDesc_item goodsDesc_item_even\"> <dt>Toote Suurus<\/dt> <dd> 12 x 4.1 x 4.1 \/ 305 x 105 x 105 mm<\/dd> <\/dl> <dl class=\"goodsDesc_item\"> <dt>Toote Kaal<\/dt> <dd> 1.08 lbs \/ 0.488 kg<\/dd> <\/dl> <\/div> <\/div>","protected":false},"excerpt":{"rendered":"<ul>\n<li> Toidavad ja Kaitsevad Juukseid: h\u00fcvasti soojuse kahju traditsiooniline stiil t\u00f6\u00f6riistad. VEVOR ionic f\u00f6\u00f6n harja funktsioone 30W+ negatiivseid ioone ja t\u00e4iustatud keraamiline kate, mis tagab \u00fchtlasema soojuse jaotumise, v\u00e4ltides samal ajal soojust kahju. See v\u00e4hendab t\u00f5husalt frizz ja staatiline, j\u00e4ttes juuksed siledaks, siidiseks ja mahukas. <\/li>\n<li> Isikliku Juuste Stiil: mis on Varustatud 3 reguleeritavad seaded (lahe), low (madal ja k\u00f5rge), VEVOR f\u00f6\u00f6n styler pintsel on m\u00f5eldud erinevatele juukset\u00fc\u00fcpidele ja stiil eelistused. Kas teil on fine, paksud, lokkis v\u00f5i sirged juuksed, v\u00f5id kergesti kohandada oma stiili kogemusi, et saavutada soovitud ilme. <\/li>\n<li> Kuiv ja Stiilis \u00dcks Samm: Meie 4-in-1 multifunktsionaalne kuuma \u00f5hu styling brush \u00fchendab kuivatamine, curling, sirgestamine, ja vol\u00fc\u00fcmi v\u00f5imeid \u00fchte seadmesse. Sobib k\u00f5ikidele juukset\u00fc\u00fcpidele, see kuivab kiiresti juuksed, samal ajal suurendades mahtu ja kuju, pingutuseta saavutada salon kvaliteediga tulemused, ilma et oleks vaja ekstra stiil t\u00f6\u00f6riistad. <\/li>\n<li> Kiire ja Sujuv Disain: Saavutada pehme ja ideaalne soenguid kergesti meie 360\u00b0 \u00f5huvoolu s\u00fcsteem ja v\u00f5imas 1000W v\u00e4ljundi. Kui 2.95-tolline (75 mm) ovaalne pintsel pea, koos nailonist s\u00f5rmed ja taftingvaibad harjased, efektiivselt, silub juukseid ja takistab tangling.  <\/li>\n<li> Professionaalsete juuksehooldusvahendite Kodus: Kaalumine lihtsalt 1.08 lbs, meie 4-in-1 f\u00f6\u00f6n ja styler volumizer boasts mugav k\u00e4epide laiendatud kasutamine ilma v\u00e4simus. Selle stiilne, ergonoomiline disain muudab selle stiilne ja kaasaskantav, mist\u00f5ttu on ideaalne kaaslane kodus, salong, ja reisi kasutada ! <\/li>\n<\/ul>","protected":false},"featured_media":353710,"comment_status":"closed","ping_status":"open","template":"","meta":{"om_disable_all_campaigns":false,"_uf_show_specific_survey":0,"_uf_disable_surveys":false},"location":[1935,1934],"product_brand":[21],"product_cat":[4612,4074,2393,3641],"product_tag":[],"class_list":{"0":"post-57629","1":"product","2":"type-product","3":"status-publish","4":"has-post-thumbnail","6":"location-supplier_stock_location","7":"location-local_stock_location","8":"product_brand-vevor","9":"product_cat-hair-curling-air-barrel-brushes","10":"product_cat-hair-styling-tools","11":"product_cat-health-and-wellness","12":"product_cat-personal-care-appliances","14":"first","15":"instock","16":"taxable","17":"shipping-taxable","18":"purchasable","19":"product-type-simple"},"aioseo_notices":[],"locations":[{"id":1935,"name":"Pieg\u0101d\u0101t\u0101ja noliktav\u0101 (5-7dd)","slug":"supplier_stock_location","quantity":"62"},{"id":1934,"name":"R\u012bgas veikal\u0101 (0-2d.d.)","slug":"local_stock_location","quantity":"0"}],"_links":{"self":[{"href":"https:\/\/vevorshop.lv\/et\/wp-json\/wp\/v2\/product\/57629","targetHints":{"allow":["GET"]}}],"collection":[{"href":"https:\/\/vevorshop.lv\/et\/wp-json\/wp\/v2\/product"}],"about":[{"href":"https:\/\/vevorshop.lv\/et\/wp-json\/wp\/v2\/types\/product"}],"replies":[{"embeddable":true,"href":"https:\/\/vevorshop.lv\/et\/wp-json\/wp\/v2\/comments?post=57629"}],"wp:featuredmedia":[{"embeddable":true,"href":"https:\/\/vevorshop.lv\/et\/wp-json\/wp\/v2\/media\/353710"}],"wp:attachment":[{"href":"https:\/\/vevorshop.lv\/et\/wp-json\/wp\/v2\/media?parent=57629"}],"wp:term":[{"taxonomy":"location","embeddable":true,"href":"https:\/\/vevorshop.lv\/et\/wp-json\/wp\/v2\/location?post=57629"},{"taxonomy":"product_brand","embeddable":true,"href":"https:\/\/vevorshop.lv\/et\/wp-json\/wp\/v2\/product_brand?post=57629"},{"taxonomy":"product_cat","embeddable":true,"href":"https:\/\/vevorshop.lv\/et\/wp-json\/wp\/v2\/product_cat?post=57629"},{"taxonomy":"product_tag","embeddable":true,"href":"https:\/\/vevorshop.lv\/et\/wp-json\/wp\/v2\/product_tag?post=57629"}],"curies":[{"name":"wp","href":"https:\/\/api.w.org\/{rel}","templated":true}]}}