{"id":57761,"date":"2024-12-06T12:26:38","date_gmt":"2024-12-06T12:26:38","guid":{"rendered":"https:\/\/vevorshop.lv\/en_us\/Prece\/vevor-6-ton-13000-lbs-pneumatic-air-jack-with-heightened-column-for-sedans-suvs-and-trucks-lifting-height-260-673mm-10-2-26-5-in\/"},"modified":"2026-05-05T13:06:11","modified_gmt":"2026-05-05T10:06:11","slug":"vevor-6-ton-13000-lbs-pneumatic-air-jack-with-heightened-column-for-sedans-suvs-and-trucks-lifting-height-260-673mm-10-2-26-5-in","status":"publish","type":"product","link":"https:\/\/vevorshop.lv\/et\/Prece\/vevor-6-tonni-13000-naela-pneumaatiline-ohupistik-korgendatud-sambaga-sedaanide-maasturite-ja-veoautode-tostekorgus-260-673-mm-10-2-26-5-tolli\/","title":{"rendered":"VEVOR 6-tonnine pneumaatiline tungraud reguleeritava k\u00e4epidemega, t\u00f5stek\u00f5rgus 260\u2013673 mm, sobib sedaanidele, maasturitele, pikapidele"},"content":{"rendered":"<div style=\"color: #fff!important; font-size: 16px; height: 24px; line-height: 24px; margin-top: -24px; \" class=\"product_original_name\">VEVOR \u00f5hutungraud, 6 tonni\/13 000 naela, 2-5 S pneumaatiline t\u00f5stetungraud k\u00f5rgendatud samba ja reguleeritava k\u00e4epidemega, h\u00f5lpsasti t\u00f5stetav ja ruumis\u00e4\u00e4stlik paksu kummipadjaga pistikupesa, sobib sedaanile, maasturile, pikapile<\/div>\n<div style=\"color: #fff!important; font-size: 16px; height: 24px; line-height: 24px; margin-top: -24px; \" class=\"product_sku\">M4I4MND2<\/div>\n<div style=\"color: #fff!important; font-size: 16px; height: 24px; line-height: 24px; margin-top: -24px; \" class=\"product_mpn\">DZGZQNQJDHS6FM4X3V0<\/div><div id=\"js-DM_at-goodDescRich\"><html><head><style>  body {    font-family: Arial;    line-height: 1.5;    color: #1c1c1c;    overflow-x: hidden;    margin: 0;    padding: 0;  }  .MsoNormal b {    font-weight: bolder;  }<\/style><style>  .container.small {    width: 970px;    margin: 0 auto;  }  .logo {    margin: 0 auto 0;  }  .logo img {    display: block;    margin: 0 auto;    max-width: 100%;  }  .logo .pc-banner {    display: block;    width: 1200px;    height: 247.4px;    margin: 0 auto;  }  .logo .pc-banner.small {    width: 970px;  }  .logo .pc-banner.small img {    height: auto!important;  }  .logo .m-banner {    display: none;  }  .ytvideo {    position: relative;    height: 546px;    width: 100%;    margin: 0 auto;  }  .ytvideo img {    width: 100%;    margin: 0 auto;  }  .ytvideo .play-btn {    width: 60px;    height: 42px;    position: absolute;    top: 50%;    left: 50%;    transform: translate(-50%, -50%);    background: url(\"data:image\/png;base64,iVBORw0KGgoAAAANSUhEUgAAAGQAAABGCAMAAAANWMFbAAAC+lBMVEUAAADBGB3kLCfBGB3kLCfcJC7BFx3KKSbiKybkLCbWJCPSIiLSIiLPICHAFx3kLCfgKSXNHiDZJiTIGx\/p4eHcjo7LHSDbJyTkLCbjKyfOHyHPIiL28fHJHB\/GGh7EGR7eKCXDGB3RISHlLSbBGB3AFxzGHB7DGB7BGB3hKybkKybAFx3lLCfAFxzDGR3hKibDGB7cJyTmz8\/elJTlwcHjurrUIyLlLSflLSfAFx3DGR7lLSfCFx3hKibhKibhKybjKybkLCblLSfbJSX49vbx7e3NNzjNMTLMJyjVIyLZf3\/ZQ0LaeHjx0tLgoqLkLCfCGB3HGx\/BGB3BFx3PICHCGB7WJCLOHyC\/Fxy\/Fx3lLCfQISHkLSe\/FxzbJiTBFx3FGx\/AGB7BFx3EGR7AGB3HHSDfKiXAFh3TISHYNzbhKibbJyTTIiL57e325+f039\/v2NjUV1fOHiHiqanfmprch4feKSXVIyPOICHmLibFGh\/mLSe\/Fx7XJCPeKSXXJSPNHyHaJyTGGh7lLCbmLCflLSjSIiLkLCbdKSXLHiC\/GB3KHh++Fh3lKyfoLiXcKCPkx8fYb2\/XaGfVXl3aU1LLHiDksbHgKibPICHbJyTfKSXbJyTCGB3KHSDiKybFGh7TIiL\/\/\/\/VIyPRISHIHB\/GGx\/HHB\/DGR7gKibdKCXLHiDZJiTMHiDNHyHYJSTOICHPICHWJCPcKCXXJSPjLCblLCf+\/f3NGR\/uLijzLynPGR\/IGB7WISHaIyLLGh7UAADxLynNAADRLzDbICLQAADIAAD3MCrUHSHXMTDpKSbLAADp5OTij4\/ejo\/VLy\/1LyngJSTcJCPQHx\/OHB7+\/PzaMS\/OLS\/vLijrLSjSAADaNTPwLyjkKSbNJCbYISHPHB\/KGB7WAAD7+vrn3d3aKynTKCjoLCfsKifRGh\/YAADq5+fhjo7QNDXXKCfmJyXt5+fTLzDLLi\/QKivYHRvMGBrQJCXLISPMExXLDxLaEAvkkI\/bOTfaFQ\/SCgpvLcnHAAAAmnRSTlMA+vv7+gT9Bvf9+8z8\/NSv\/Pr5+P7++vnQIBMP\/v38\/Pn348XDiCYf9OjbzcqxXVcx\/fz8+\/rj1r2poo1+fXFqX0orGP7+\/v7+\/fz8+\/r68uzn4trIxsG\/vri3p6GcmZSNbWVYUUZEPQv+\/f39+\/v7+\/v7+vr64tvV1NTTz87FtbSurqeblJKFg4B3bUY+NjL7+\/v7+\/v67t1cDo8JLQAABkRJREFUWMO0kz9rwkAYh0OIeJkum6YugUAhISCdKoj\/P4C7SMdS+gEKIhSKil10LSg4mzXkILdlEpxCpwTiWOLX6BujvQaEQuGeHLnL+\/64J+SIcKGYTYWnntpdLjrVdqvZmNdn0+EE40GtpuuWVS6Xx6N7YDSGpWXpeq02wHgynM7q80az1a52HpddtVcpsi1zFARBrdaxbhp9iUReTGmwA4KAAr7vx3EYejnCMI6hQYEgy0LQi4jUN0wL19vqFcUC9\/1dAKmEEFkWRYkh5oBejnxQJiSJPJ\/uKBp0Thszx9Mw8hMRIQjKsptCfuES9zr5WJY6vSFCIvE9fCMUmEM1A1kSXcYGxgVYsvI1IPKTZciSTI0us\/SMGG04gDzELDoFBwdcFJrF88dqgYMTiL6DILWYyfOWE8\/kIz38olCNlC03FK95+imxp6y4oUSvAnBjHHhKNtotSDqJzVFiK8c2SBqhZtsrTtgrLXwAyduxZHNE26eHUt5rtuM4WSmds3G+sUdWYo1L+XyxButoh5eKUHk5lByO3G1LqqCWVnfrv\/lyPtf\/4ps1cndNGIri8J1TJ0lx6dR\/oPjq1nbRwdp2dCk4CtIOLW3pVKRL6WZfS5vF2KkIQhpwSsjiYIgNCs1gEMGqiIq24NQX9NwoXFy8Ufrl3twTcg4fv8T9\/JBEySduj6Mjm4bMzYV7EEOxKjjoNDud7yY3Dy71Hq2oLmqfbNR723edH9PgMrNL2utoQ3VmaIDkiw\/4w51P06hlZsTZvkRrbVuSIs\/zwSOsycgzStQouoAkWQqioRT5XI7n2Z1wfVhoZmcAJLsoqjqpjbWCgpOAJXBwHK8PzWbNvoUZJND5wCnSkLAkZ1legx6vqQzjoiTahKlGUGLAiIIoABOHaNVw4sexZBym6\/HWlH5h3IC7yRbxtipcWxdTOkORKiNQAEkFf66x5S2oeRbroOlLgg0sSYkR0hRGEqJZ0jTPiQKatESdBckpWigxaapEH0lImHdWu9pUFF2XqMNM2Z4kped7IwEJw2qabwtrQqnpw6HyKkgcadKWsmpywwesDyIhYRpdzXddqegtGIJlXbAIUMOLkGxJUjRIkokwjUaX9d\/kK62ps\/tYUqZLIMkLTyBhsMZ3C5Z\/kDxOSCb\/DOs\/\/J0qcWSX\/2ipe56EgTCA4\/cB7NAYOsni4mZM1MUPAISoEwkDi4lhVBQ1cWQyIcwalw4EpqZN68JUSK7XC0kTlkLYii5uXSC8jT5ncCAS7mjCv0uHp\/3lueHEEAeQ\/\/VgmdN71\/2uCSA1Xr6DO6uI6sW56zqT2tp2PhgiRUAajV8CY2fkcz6WGNKMgLAt7tJAhD4YHMTeRxlALE6+43WqjSWi8ITxyJl8WrwWSNESQZZOqhDDntO3hJLsd5RtSpbJqdv3YrDJH3F7jL1R2O2aQkn2MyCyKYz0GPGIvSAMgBCrCEiJyKbBaYGwLW4uPRr0A0M4Ux5kUI7IBh+hMdiCEWNqhMZGyYMsOgNE58UQuEQeUnSWCMYwL54hkxK6IoqucQZbQ3pc3XtL0lky1dL0zZJJDpWJovFqpWj6JEHnyam2eQp5QRVAVHjWparTOaVwUOx99YS2MvgxIGV0bb+qIg2HX2qkFFJB+XZcbLiuRkuxD9GRroKyveLxdh4d7Orx+hb7qc3uVRuEogCOnyIxm4ubUoPgF4jianDrC+SDQDKEfJb0GUKmjCGPYHGJvVC6X4hw1\/sAfQAdfYyephIaspXe36RwOP+Ljvfx9B6B3i+Nk0DGq+oCbLn6JpBa9nWAveAIHwFAwtVcIJXPMPL8kRu5OAYPMaL1WScTxjiZDqB9LTJSWphow\/pTYKRTLjCBhvi9iBidvKcDasGSm0QQkycYuLBqj6QCELPctqChDWpTRMWkngNNpQ1Pfp1KkiT\/Y0DGffXAweUNfLAfaJFKDwhb6I+bkYRbkERoEeu3Fyjg2opMz2daZCS9jt6Q7txNfB+OZEVF6Zl5web2xunnLQrtrjXseXKaFYziYINeMFZVxS9VxRhOoesYwxPKXm+gWLG9cuFeq93UNNeJNsf1KlwuDok9n02n3TgIJpOxNfL9naIoQwXtfH9kjceTIIi709ncTg6LZbg+biLH1V6u\/7rxBem06VXKn9raAAAAAElFTkSuQmCC\")      no-repeat center center \/ contain;  }  @media screen and (max-width: 960px) and (orientation: portrait) {    .logo {      width: 100%;    }    .logo .pc-banner {      display: none;    }    .logo .m-banner {      display: block;      width: 100%;    }    .logo .m-banner img {      height: auto!important;    }    .ytvideo {      height: 200px;      width: 100%;    }  }<\/style><style>  .video-section {    width: 100%;    margin: 0 auto;  }  .video-section > img {    width: 100%;  }  .video-section iframe,  .video-section video {    width: 100%;    height: 100%;      }  .video-section-img-m,  .video-section-img-pc > img {    width: 100%;    height: auto;  }  .video-section-img-pc.small > img {    width: 970px;  }  .video-desc {    line-height: 1.5;    font-size: 20px;    font-weight: 400;    margin: 20px 0;    text-align: center;    color: #0f1111;    word-break: break-word;  }  @media screen and (max-width: 960px) and (orientation: portrait) {    .video-section {      width: 100%;    }    .video-section-pc,    .video-section-img-pc {      display: none;    }    .video-section-m,    .video-section-img-m {      display: block;    }    .video-desc {      font-size: 15px;    }  }  @media screen and (min-width: 960px) {    .video-section {      width: 100%;      margin: 0 auto;    }    .video-section-pc,    .video-section-img-pc {      display: block;    }    .video-section-m,    .video-section-img-m {      display: none;    }    .video-desc {      font-size: 20px;    }  }<\/style><style>  .section + .section {    margin-top: 35px;  }  .section-title {    text-align: center;    font-weight: bold;    color: #0d1111;    font-family: \"Arial\";    font-size: 32px;    margin: 15px 0;  }  .section-title:empty {    display: none;  }  .section-desc {    text-align: center;    font-weight: normal;    color: #0d1111;    margin-top: 20px;  }  .section-desc:empty {    display: none;  }  .section-img {    width: 1200px;    height: 492px;    margin: 0 auto;    display: block;  }  .section-img.small {    width: 970px;    height: auto;  }  .section-img.small > img {    height: auto;  }  .section-img > img {    width: 100%;    height: 100%;  }  .section-mobile-img {    display: none;    max-width: 100vw;    max-height: 75vw;    height: 450px;    margin: 0 auto;  }  .section-mobile-img > img {    width: 100%;    height: 100%;  }  @media screen and (max-width: 960px) and (orientation: portrait) {    .container {      width: 100%;    }    .container.small {      width: 100%;    }    .section-mobile-img {      display: block;    }    .section-img {      display: none;    }    .section-title {      font-size: 22px;      margin: 10px 0;    }    .section-desc {      margin-top: 10px;    }    .section + .section {      margin-top: 20px;    }  }<\/style><\/head><body><div class=\"container small\"><div class=\"logo\"><div class=\"pc-banner small\"><div><img decoding=\"async\" src=\"\/vevor\/vevor\/boutique-banner\/pc\/en-pc@1x.jpg\" style=\"width: 100%;\" \/><\/div><\/div><div class=\"m-banner\"><div><img decoding=\"async\" src=\"\/vevor\/vevor\/boutique-banner\/mobile\/en-m@1x.jpg\" style=\"width: 100%;\" \/><\/div><\/div><\/div><div class=\"section-title\">Reguleeritav K\u00e4epide Kummist \u00d5hk Jack<\/div><div class=\"video-section\"><div class=\"video-section-img-pc small\"><img decoding=\"async\" src=\"\/vevor\/product\/DZGZQNQJDHS6FM4X3\/air-jack-a100-1.4-pt.jpg\" \/><\/div><div class=\"video-section-img-m\"><img decoding=\"async\" src=\"\/vevor\/product\/DZGZQNQJDHS6FM4X3\/air-jack-a100-1.4-pt.jpg\" \/><\/div><div class=\"section-desc\">\u00d5hu jack on k\u00f5rge, kandev\u00f5ime \u00f5igus, lift, enamik s\u00f5idukeid. V\u00f5rreldes traditsiooniliste tungrauad -, \u00f5hu-jack on rohkem aja s\u00e4\u00e4stmise ja lihtne kasutada. Reguleeritav sanga saab reguleerida kolme nurga alt, mugav, oma hooldus kasutada.<\/div><\/div><div class=\"section\"><div class=\"section-title\"><\/div><div class=\"section-img small\"><img decoding=\"async\" src=\"\/vevor\/product\/DZGZQNQJDHS6FM4X3\/air-jack-a100-2.2-pt.jpg\" \/><\/div><div class=\"section-mobile-img\"><img decoding=\"async\" src=\"\/vevor\/product\/DZGZQNQJDHS6FM4X3\/air-jack-a100-2.2-pt.jpg\" \/><\/div><div class=\"section-desc\">\u00d5hu jacki sisemine t\u00f5stmise osa, mis asendab traditsioonilise 5-punkti terasest toru, mille 6-sektsiooni terasest toru, teaduslikult optimeerimine k\u00f5rgus ja struktuuri, iga sektsiooni terasest toru. See muudab \u00f5hu jack stabiilsem ja ei ole lihtne j\u00e4nni ka siis, kui t\u00f5ste-ja raskeveokeid.<\/div><\/div><div class=\"section\"><div class=\"section-title\"><\/div><div class=\"section-img small\"><img decoding=\"async\" src=\"\/vevor\/product\/DZGZQNQJDHS6FM4X3\/air-jack-a100-2.3-pt.jpg\" \/><\/div><div class=\"section-mobile-img\"><img decoding=\"async\" src=\"\/vevor\/product\/DZGZQNQJDHS6FM4X3\/air-jack-a100-2.3-pt.jpg\" \/><\/div><div class=\"section-desc\">Pikem k\u00e4epide, mis kohandub kolm asendit, see \u00f5hk jack teeb oma t\u00f6\u00f6 imelihtne. Hoidke seda p\u00fcstises asendis v\u00e4hemalt 90\u00b0nurga vitsutama see \u00e4ra kitsastes ruumides v\u00f5i kasutada 45\u00b0v\u00f5i 180\u00b0nurga all lihtne liikumine, \u00fcksk\u00f5ik, teie k\u00f5rgus. See sobib iga mehhaanik v\u00f5i DIYer.<\/div><\/div><div class=\"section\"><div class=\"section-title\"><\/div><div class=\"section-img small\"><img decoding=\"async\" src=\"\/vevor\/product\/DZGZQNQJDHS6FM4X3\/air-jack-a100-2.4-pt.jpg\" \/><\/div><div class=\"section-mobile-img\"><img decoding=\"async\" src=\"\/vevor\/product\/DZGZQNQJDHS6FM4X3\/air-jack-a100-2.4-pt.jpg\" \/><\/div><div class=\"section-desc\">\u00dchendades \u00f5hu kompressor, \u00f5hu-pesa avada ja sulgeda ventiil kiiresti, lift. V\u00f5rreldes traditsioonilise mehaanilise jack, \u00f5hu jack v\u00e4ldib t\u00f6\u00f6j\u00f5udu korduvalt ja t\u00f6\u00f6mahukas operatsioon, mis teeb hooldamise lihtsaks.<\/div><\/div><div class=\"section\"><div class=\"section-title\"><\/div><div class=\"section-img small\"><img decoding=\"async\" src=\"\/vevor\/product\/DZGZQNQJDHS6FM4X3\/air-jack-a100-2.5-pt.jpg\" \/><\/div><div class=\"section-mobile-img\"><img decoding=\"async\" src=\"\/vevor\/product\/DZGZQNQJDHS6FM4X3\/air-jack-a100-2.5-pt.jpg\" \/><\/div><div class=\"section-desc\">Top jack ja k\u00f5rgendatud veerus on t\u00e4iendatud paksenenud ja suurenenud mittelibiseva kummist padjad, mis on suurem kontakt pind. Selle tulemusena, see on rohkem \u00fchtne j\u00f5ud ja ei ole lihtne olla kahjustatud.<\/div><\/div><div class=\"section\"><div class=\"section-img small\"><img decoding=\"async\" src=\"\/vevor\/product\/DZGZQNQJDHS6FM4X3\/air-jack-a100-1.11-pt.jpg\" \/><\/div><div class=\"section-mobile-img\"><img decoding=\"async\" src=\"\/vevor\/product\/DZGZQNQJDHS6FM4X3\/air-jack-a100-1.11-pt.jpg\" \/><\/div><\/div><\/div><\/body><\/html><\/div>\n<div class=\"DM_at-title\" id=\"js-DM_at-title\"> <div>Toote spetsifikatsioon<\/div> <i class=\"icon-arrowup_line\"><\/i> <\/div><div class=\"DM_at-goodsDescAttr\" id=\"js-DM_at-goodsDescAttr\"> <div class=\"DM_at-goodsDescAttrInner\"> <dl class=\"goodsDesc_item goodsDesc_item_even\"> <dt>Punkt Mudeli Number<\/dt> <dd> ZG-I+<\/dd> <\/dl> <dl class=\"goodsDesc_item\"> <dt>Neto Kaal<\/dt> <dd> 57.2 lbs\/25.7 kg (Kaasa k\u00f5ik tarvikud)<\/dd> <\/dl> <dl class=\"goodsDesc_item goodsDesc_item_even\"> <dt>Toote M\u00f5\u00f5tmed<\/dt> <dd> 48.0 x 12.8 x 6.7-22.9 in\/1220 x 325 x 170-583 mm<\/dd> <\/dl> <dl class=\"goodsDesc_item\"> <dt>T\u00f6\u00f6r\u00f5hk<\/dt> <dd> 0.8-1.0 Mpa<\/dd> <\/dl> <dl class=\"goodsDesc_item goodsDesc_item_even\"> <dt>T\u00f6\u00f6temperatuur<\/dt> <dd> -76~122 \u2109\/-60~50 \u2103<\/dd> <\/dl> <\/div> <\/div>","protected":false},"excerpt":{"rendered":"<ul>\n<li> 6 Tonni Tugev Kandev\u00f5ime: Meie kantavate turvapadi jack on 6 Tonni\/13000 lbs suure koormuse v\u00f5imsusega, mis on v\u00f5imalik toetada ja aidata teil, lift k\u00f5ige pere-v\u00f5i tarbes\u00f5idukite, nagu perekond sedaanid, pikap veoautod, mikro-veoautod, Maasturid ja nii edasi. <\/li>\n<li> T\u00f5ste K\u00f5rgus: T\u00e4iendatud k\u00f5rgendatud veerus \u00f5hu lohistage on t\u00f5ste vahemik on 10.2-26.5 in\/260-673mm (sealhulgas korduva veerg), mis on kasulikum kohanemiseks hooldus peab s\u00f5idukite erinevatel k\u00f5rgustel. Ilma k\u00f5rgendatud veerg, minimaalne k\u00f5rgus on on 6,7 in\/170 mm, mis on rohkem soodustab juurdep\u00e4\u00e4su madal \u0161assii s\u00f5idukid. <\/li>\n<li> Kiire T\u00f5ste: sisseehitatud stabiliseeritud teleskoop terasest toru, meie turvapadi jack v\u00f5imaldab t\u00f5sta oma s\u00f5iduki mitu sekundit. Lisaks, te saate samuti kasutada ventiili, et kontrollida inflatsiooni kiirus. Sisselaske klapp suurus: G1\/4. M\u00e4rkus: tuleb kasutada \u00f5hu kompressor. <\/li>\n<li> Reguleeritava Nurgaga K\u00e4epide: k\u00e4epide kohaneb kolm nurgad ja, siduda vastupidav nailon rattad, mis v\u00f5imaldab teil l\u00fckake pistik auto all ilma painutamine \u00fcle. H\u00fcvasti tagasi t\u00fcvi. Usaldusv\u00e4\u00e4rne rattad kergesti toetada suuri raskusi ilma l\u00f5henemist. <\/li>\n<li> Mugav Kasutada: top \u00f5hu jack ja laiendamine, veerg, funktsioon, paks, lai kummist padjad on haare parem ja suurem kontaktpind, v\u00e4ltides libiseb. Kolme-kihi vastupidav kummist turvapadi on m\u00f5eldud tugeva katmine, viia miinimumini oht, et lekib v\u00f5i kahju. <\/li>\n<\/ul>","protected":false},"featured_media":354173,"comment_status":"closed","ping_status":"open","template":"","meta":{"om_disable_all_campaigns":false,"_uf_show_specific_survey":0,"_uf_disable_surveys":false},"location":[1935,1934],"product_brand":[21],"product_cat":[2924,133,2580,2462],"product_tag":[],"class_list":{"0":"post-57761","1":"product","2":"type-product","3":"status-publish","4":"has-post-thumbnail","6":"location-supplier_stock_location","7":"location-local_stock_location","8":"product_brand-vevor","9":"product_cat-air-jacks","10":"product_cat-automotive","11":"product_cat-car-jacks","12":"product_cat-shop-equipment","14":"first","15":"instock","16":"taxable","17":"shipping-taxable","18":"purchasable","19":"product-type-simple"},"aioseo_notices":[],"locations":[{"id":1935,"name":"Pieg\u0101d\u0101t\u0101ja noliktav\u0101 (5-7dd)","slug":"supplier_stock_location","quantity":"76"},{"id":1934,"name":"R\u012bgas veikal\u0101 (0-2d.d.)","slug":"local_stock_location","quantity":"0"}],"_links":{"self":[{"href":"https:\/\/vevorshop.lv\/et\/wp-json\/wp\/v2\/product\/57761","targetHints":{"allow":["GET"]}}],"collection":[{"href":"https:\/\/vevorshop.lv\/et\/wp-json\/wp\/v2\/product"}],"about":[{"href":"https:\/\/vevorshop.lv\/et\/wp-json\/wp\/v2\/types\/product"}],"replies":[{"embeddable":true,"href":"https:\/\/vevorshop.lv\/et\/wp-json\/wp\/v2\/comments?post=57761"}],"wp:featuredmedia":[{"embeddable":true,"href":"https:\/\/vevorshop.lv\/et\/wp-json\/wp\/v2\/media\/354173"}],"wp:attachment":[{"href":"https:\/\/vevorshop.lv\/et\/wp-json\/wp\/v2\/media?parent=57761"}],"wp:term":[{"taxonomy":"location","embeddable":true,"href":"https:\/\/vevorshop.lv\/et\/wp-json\/wp\/v2\/location?post=57761"},{"taxonomy":"product_brand","embeddable":true,"href":"https:\/\/vevorshop.lv\/et\/wp-json\/wp\/v2\/product_brand?post=57761"},{"taxonomy":"product_cat","embeddable":true,"href":"https:\/\/vevorshop.lv\/et\/wp-json\/wp\/v2\/product_cat?post=57761"},{"taxonomy":"product_tag","embeddable":true,"href":"https:\/\/vevorshop.lv\/et\/wp-json\/wp\/v2\/product_tag?post=57761"}],"curies":[{"name":"wp","href":"https:\/\/api.w.org\/{rel}","templated":true}]}}