{"id":61616,"date":"2024-12-10T14:10:55","date_gmt":"2024-12-10T14:10:55","guid":{"rendered":"https:\/\/vevorshop.lv\/en_us\/Prece\/vevor-65l-foldable-stair-climbing-cart-with-collapsible-rolling-crate-adjustable-handle-6-climbing-wheels-7-cm-4-universal-wheels-4-5-cm-supports-up-to-68-kg-150-lbs\/"},"modified":"2026-05-03T17:24:53","modified_gmt":"2026-05-03T14:24:53","slug":"vevor-65l-foldable-stair-climbing-cart-with-collapsible-rolling-crate-adjustable-handle-6-climbing-wheels-7-cm-4-universal-wheels-4-5-cm-supports-up-to-68-kg-150-lbs","status":"publish","type":"product","link":"https:\/\/vevorshop.lv\/et\/Prece\/vevor-65-l-kokkupandav-trepi-ronimiskaru-kokkupandava-valtsimiskastiga-reguleeritav-kaepide-6-ronimisratast-7-cm-4-universaalratast-4-5-cm-tuge-kuni-68-kg-150-naela\/","title":{"rendered":"VEVOR 65L kokkupandav trepiratas p\u00f6\u00f6rlevate rataste ja teleskooptoruga \u2013 Kaasaskantav kast ostlemiseks ja kolimiseks, roosa"},"content":{"rendered":"<div style=\"color: #fff!important; font-size: 16px; height: 24px; line-height: 24px; margin-top: -24px; \" class=\"product_original_name\">VEVOR kokkupandav tarbek\u00e4ru, 65-liitrine kokkupandav kaasaskantav kastevaltsk\u00e4ru trepist ronimisrataste ja 360\u00b0 p\u00f6\u00f6rdratastega, teleskoopk\u00e4epidemega k\u00e4sik\u00e4ru ostukontori liikuvale \u00f5petajale, roosa<\/div>\n<div style=\"color: #fff!important; font-size: 16px; height: 24px; line-height: 24px; margin-top: -24px; \" class=\"product_sku\">M4IBQCF2<\/div>\n<div style=\"color: #fff!important; font-size: 16px; height: 24px; line-height: 24px; margin-top: -24px; \" class=\"product_mpn\">BXSPLCFS176L2ECQCV0<\/div><div id=\"js-DM_at-goodDescRich\"><html><head><style>  body {    font-family: Arial;    line-height: 1.5;    color: #1c1c1c;    overflow-x: hidden;    margin: 0;    padding: 0;  }  .MsoNormal b {    font-weight: bolder;  }<\/style><style>  .container.small {    width: 970px;    margin: 0 auto;  }  .logo {    margin: 0 auto 0;  }  .logo img {    display: block;    margin: 0 auto;    max-width: 100%;  }  .logo .pc-banner {    display: block;    width: 1200px;    height: 247.4px;    margin: 0 auto;  }  .logo .pc-banner.small {    width: 970px;  }  .logo .pc-banner.small img {    height: auto!important;  }  .logo .m-banner {    display: none;  }  .ytvideo {    position: relative;    height: 546px;    width: 100%;    margin: 0 auto;  }  .ytvideo img {    width: 100%;    margin: 0 auto;  }  .ytvideo .play-btn {    width: 60px;    height: 42px;    position: absolute;    top: 50%;    left: 50%;    transform: translate(-50%, -50%);    background: url(\"data:image\/png;base64,iVBORw0KGgoAAAANSUhEUgAAAGQAAABGCAMAAAANWMFbAAAC+lBMVEUAAADBGB3kLCfBGB3kLCfcJC7BFx3KKSbiKybkLCbWJCPSIiLSIiLPICHAFx3kLCfgKSXNHiDZJiTIGx\/p4eHcjo7LHSDbJyTkLCbjKyfOHyHPIiL28fHJHB\/GGh7EGR7eKCXDGB3RISHlLSbBGB3AFxzGHB7DGB7BGB3hKybkKybAFx3lLCfAFxzDGR3hKibDGB7cJyTmz8\/elJTlwcHjurrUIyLlLSflLSfAFx3DGR7lLSfCFx3hKibhKibhKybjKybkLCblLSfbJSX49vbx7e3NNzjNMTLMJyjVIyLZf3\/ZQ0LaeHjx0tLgoqLkLCfCGB3HGx\/BGB3BFx3PICHCGB7WJCLOHyC\/Fxy\/Fx3lLCfQISHkLSe\/FxzbJiTBFx3FGx\/AGB7BFx3EGR7AGB3HHSDfKiXAFh3TISHYNzbhKibbJyTTIiL57e325+f039\/v2NjUV1fOHiHiqanfmprch4feKSXVIyPOICHmLibFGh\/mLSe\/Fx7XJCPeKSXXJSPNHyHaJyTGGh7lLCbmLCflLSjSIiLkLCbdKSXLHiC\/GB3KHh++Fh3lKyfoLiXcKCPkx8fYb2\/XaGfVXl3aU1LLHiDksbHgKibPICHbJyTfKSXbJyTCGB3KHSDiKybFGh7TIiL\/\/\/\/VIyPRISHIHB\/GGx\/HHB\/DGR7gKibdKCXLHiDZJiTMHiDNHyHYJSTOICHPICHWJCPcKCXXJSPjLCblLCf+\/f3NGR\/uLijzLynPGR\/IGB7WISHaIyLLGh7UAADxLynNAADRLzDbICLQAADIAAD3MCrUHSHXMTDpKSbLAADp5OTij4\/ejo\/VLy\/1LyngJSTcJCPQHx\/OHB7+\/PzaMS\/OLS\/vLijrLSjSAADaNTPwLyjkKSbNJCbYISHPHB\/KGB7WAAD7+vrn3d3aKynTKCjoLCfsKifRGh\/YAADq5+fhjo7QNDXXKCfmJyXt5+fTLzDLLi\/QKivYHRvMGBrQJCXLISPMExXLDxLaEAvkkI\/bOTfaFQ\/SCgpvLcnHAAAAmnRSTlMA+vv7+gT9Bvf9+8z8\/NSv\/Pr5+P7++vnQIBMP\/v38\/Pn348XDiCYf9OjbzcqxXVcx\/fz8+\/rj1r2poo1+fXFqX0orGP7+\/v7+\/fz8+\/r68uzn4trIxsG\/vri3p6GcmZSNbWVYUUZEPQv+\/f39+\/v7+\/v7+vr64tvV1NTTz87FtbSurqeblJKFg4B3bUY+NjL7+\/v7+\/v67t1cDo8JLQAABkRJREFUWMO0kz9rwkAYh0OIeJkum6YugUAhISCdKoj\/P4C7SMdS+gEKIhSKil10LSg4mzXkILdlEpxCpwTiWOLX6BujvQaEQuGeHLnL+\/64J+SIcKGYTYWnntpdLjrVdqvZmNdn0+EE40GtpuuWVS6Xx6N7YDSGpWXpeq02wHgynM7q80az1a52HpddtVcpsi1zFARBrdaxbhp9iUReTGmwA4KAAr7vx3EYejnCMI6hQYEgy0LQi4jUN0wL19vqFcUC9\/1dAKmEEFkWRYkh5oBejnxQJiSJPJ\/uKBp0Thszx9Mw8hMRIQjKsptCfuES9zr5WJY6vSFCIvE9fCMUmEM1A1kSXcYGxgVYsvI1IPKTZciSTI0us\/SMGG04gDzELDoFBwdcFJrF88dqgYMTiL6DILWYyfOWE8\/kIz38olCNlC03FK95+imxp6y4oUSvAnBjHHhKNtotSDqJzVFiK8c2SBqhZtsrTtgrLXwAyduxZHNE26eHUt5rtuM4WSmds3G+sUdWYo1L+XyxButoh5eKUHk5lByO3G1LqqCWVnfrv\/lyPtf\/4ps1cndNGIri8J1TJ0lx6dR\/oPjq1nbRwdp2dCk4CtIOLW3pVKRL6WZfS5vF2KkIQhpwSsjiYIgNCs1gEMGqiIq24NQX9NwoXFy8Ufrl3twTcg4fv8T9\/JBEySduj6Mjm4bMzYV7EEOxKjjoNDud7yY3Dy71Hq2oLmqfbNR723edH9PgMrNL2utoQ3VmaIDkiw\/4w51P06hlZsTZvkRrbVuSIs\/zwSOsycgzStQouoAkWQqioRT5XI7n2Z1wfVhoZmcAJLsoqjqpjbWCgpOAJXBwHK8PzWbNvoUZJND5wCnSkLAkZ1legx6vqQzjoiTahKlGUGLAiIIoABOHaNVw4sexZBym6\/HWlH5h3IC7yRbxtipcWxdTOkORKiNQAEkFf66x5S2oeRbroOlLgg0sSYkR0hRGEqJZ0jTPiQKatESdBckpWigxaapEH0lImHdWu9pUFF2XqMNM2Z4kped7IwEJw2qabwtrQqnpw6HyKkgcadKWsmpywwesDyIhYRpdzXddqegtGIJlXbAIUMOLkGxJUjRIkokwjUaX9d\/kK62ps\/tYUqZLIMkLTyBhsMZ3C5Z\/kDxOSCb\/DOs\/\/J0qcWSX\/2ipe56EgTCA4\/cB7NAYOsni4mZM1MUPAISoEwkDi4lhVBQ1cWQyIcwalw4EpqZN68JUSK7XC0kTlkLYii5uXSC8jT5ncCAS7mjCv0uHp\/3lueHEEAeQ\/\/VgmdN71\/2uCSA1Xr6DO6uI6sW56zqT2tp2PhgiRUAajV8CY2fkcz6WGNKMgLAt7tJAhD4YHMTeRxlALE6+43WqjSWi8ITxyJl8WrwWSNESQZZOqhDDntO3hJLsd5RtSpbJqdv3YrDJH3F7jL1R2O2aQkn2MyCyKYz0GPGIvSAMgBCrCEiJyKbBaYGwLW4uPRr0A0M4Ux5kUI7IBh+hMdiCEWNqhMZGyYMsOgNE58UQuEQeUnSWCMYwL54hkxK6IoqucQZbQ3pc3XtL0lky1dL0zZJJDpWJovFqpWj6JEHnyam2eQp5QRVAVHjWparTOaVwUOx99YS2MvgxIGV0bb+qIg2HX2qkFFJB+XZcbLiuRkuxD9GRroKyveLxdh4d7Orx+hb7qc3uVRuEogCOnyIxm4ubUoPgF4jianDrC+SDQDKEfJb0GUKmjCGPYHGJvVC6X4hw1\/sAfQAdfYyephIaspXe36RwOP+Ljvfx9B6B3i+Nk0DGq+oCbLn6JpBa9nWAveAIHwFAwtVcIJXPMPL8kRu5OAYPMaL1WScTxjiZDqB9LTJSWphow\/pTYKRTLjCBhvi9iBidvKcDasGSm0QQkycYuLBqj6QCELPctqChDWpTRMWkngNNpQ1Pfp1KkiT\/Y0DGffXAweUNfLAfaJFKDwhb6I+bkYRbkERoEeu3Fyjg2opMz2daZCS9jt6Q7txNfB+OZEVF6Zl5web2xunnLQrtrjXseXKaFYziYINeMFZVxS9VxRhOoesYwxPKXm+gWLG9cuFeq93UNNeJNsf1KlwuDok9n02n3TgIJpOxNfL9naIoQwXtfH9kjceTIIi709ncTg6LZbg+biLH1V6u\/7rxBem06VXKn9raAAAAAElFTkSuQmCC\")      no-repeat center center \/ contain;  }  @media screen and (max-width: 960px) and (orientation: portrait) {    .logo {      width: 100%;    }    .logo .pc-banner {      display: none;    }    .logo .m-banner {      display: block;      width: 100%;    }    .logo .m-banner img {      height: auto!important;    }    .ytvideo {      height: 200px;      width: 100%;    }  }<\/style><style>  .video-section {    width: 100%;    margin: 0 auto;  }  .video-section > img {    width: 100%;  }  .video-section iframe,  .video-section video {    width: 100%;    height: 100%;      }  .video-section-img-m,  .video-section-img-pc > img {    width: 100%;    height: auto;  }  .video-section-img-pc.small > img {    width: 970px;  }  .video-desc {    line-height: 1.5;    font-size: 20px;    font-weight: 400;    margin: 20px 0;    text-align: center;    color: #0f1111;    word-break: break-word;  }  @media screen and (max-width: 960px) and (orientation: portrait) {    .video-section {      width: 100%;    }    .video-section-pc,    .video-section-img-pc {      display: none;    }    .video-section-m,    .video-section-img-m {      display: block;    }    .video-desc {      font-size: 15px;    }  }  @media screen and (min-width: 960px) {    .video-section {      width: 100%;      margin: 0 auto;    }    .video-section-pc,    .video-section-img-pc {      display: block;    }    .video-section-m,    .video-section-img-m {      display: none;    }    .video-desc {      font-size: 20px;    }  }<\/style><style>  .section + .section {    margin-top: 35px;  }  .section-title {    text-align: center;    font-weight: bold;    color: #0d1111;    font-family: \"Arial\";    font-size: 32px;    margin: 15px 0;  }  .section-title:empty {    display: none;  }  .section-desc {    text-align: center;    font-weight: normal;    color: #0d1111;    margin-top: 20px;  }  .section-desc:empty {    display: none;  }  .section-img {    width: 1200px;    height: 492px;    margin: 0 auto;    display: block;  }  .section-img.small {    width: 970px;    height: auto;  }  .section-img.small > img {    height: auto;  }  .section-img > img {    width: 100%;    height: 100%;  }  .section-mobile-img {    display: none;    max-width: 100vw;    max-height: 75vw;    height: 450px;    margin: 0 auto;  }  .section-mobile-img > img {    width: 100%;    height: 100%;  }  @media screen and (max-width: 960px) and (orientation: portrait) {    .container {      width: 100%;    }    .container.small {      width: 100%;    }    .section-mobile-img {      display: block;    }    .section-img {      display: none;    }    .section-title {      font-size: 22px;      margin: 10px 0;    }    .section-desc {      margin-top: 10px;    }    .section + .section {      margin-top: 20px;    }  }<\/style><\/head><body><div class=\"container small\"><div class=\"logo\"><div class=\"pc-banner small\"><div><img decoding=\"async\" src=\"\/vevor\/vevor\/boutique-banner\/pc\/en-pc@1x.jpg\" style=\"width: 100%;\" \/><\/div><\/div><div class=\"m-banner\"><div><img decoding=\"async\" src=\"\/vevor\/vevor\/boutique-banner\/mobile\/en-m@1x.jpg\" style=\"width: 100%;\" \/><\/div><\/div><\/div><div class=\"section-title\">Trepp Ronida Ostukorvi: Go-To Liigub P\u00e4ev Imesid<\/div><div class=\"video-section\"><video class=\"video-section-pc\" controls poster=\"\/vevor\/product\/BXSPLCFS176L2ECQC\/climbing-cart-a100-1.4-pt.jpg\"><source src=\"\/vevor\/product\/TCSPLCHS440LT7YFC\/climbing-cart-tvc2.mp4\" type=\"video\/mp4\" \/><\/video><video class=\"video-section-m\" controls poster=\"\/vevor\/product\/BXSPLCFS176L2ECQC\/climbing-cart-a100-1.4-m.jpg\"><source src=\"\/vevor\/product\/TCSPLCHS440LT7YFC\/climbing-cart-tvc2.mp4\" type=\"video\/mp4\" \/><\/video><div class=\"section-desc\">Sellel treppide k\u00e4rul on avar maht, mis teeb sellest teie ideaalse abilise k\u00f5igi ostude ja kolimisvajaduste jaoks. K\u00e4ru sisemine suurus: 13,98 x 13,7 x 15,75 tolli \/355 x 348 x 400 mm<\/div><\/div><div class=\"section\"><div class=\"section-title\"><\/div><div class=\"section-img small\"><img decoding=\"async\" src=\"\/vevor\/product\/BXSPLCFS176L2ECQC\/climbing-cart-a100-2.2-pt.jpg\" \/><\/div><div class=\"section-mobile-img\"><img decoding=\"async\" src=\"\/vevor\/product\/BXSPLCFS176L2ECQC\/climbing-cart-a100-2.2-pt.jpg\" \/><\/div><div class=\"section-desc\">T\u00e4nu tark combo 6 ronida rattad ja 4 universaalsed rattad, meie trepp ostukorvi v\u00f5imaldab lihtne man\u00f6\u00f6verdamine nii lamedad pinnad ning trepid.<\/div><\/div><div class=\"section\"><div class=\"section-title\"><\/div><div class=\"section-img small\"><img decoding=\"async\" src=\"\/vevor\/product\/BXSPLCFS176L2ECQC\/climbing-cart-a100-2.3-pt.jpg\" \/><\/div><div class=\"section-mobile-img\"><img decoding=\"async\" src=\"\/vevor\/product\/BXSPLCFS176L2ECQC\/climbing-cart-a100-2.3-pt.jpg\" \/><\/div><div class=\"section-desc\">Reguleerige meie trepist ronimise ostukorvi k\u00e4epide kahele erinevale k\u00f5rgusele, sest see k\u00f5ik on teie l\u00fckkamise ja t\u00f5mbamise muutmine nii mugavaks kui v\u00f5imalik!<\/div><\/div><div class=\"section\"><div class=\"section-title\"><\/div><div class=\"section-img small\"><img decoding=\"async\" src=\"\/vevor\/product\/BXSPLCFS176L2ECQC\/climbing-cart-a100-2.4-pt.jpg\" \/><\/div><div class=\"section-mobile-img\"><img decoding=\"async\" src=\"\/vevor\/product\/BXSPLCFS176L2ECQC\/climbing-cart-a100-2.4-pt.jpg\" \/><\/div><div class=\"section-desc\">Voldi see ostukorvi trepironija \u00fcles, kui olete l\u00f5petanud, ja hoidke seda k\u00f5ikjal oma auto pagasiruumist voodi alla. Ruumi s\u00e4\u00e4stev maagia!<\/div><\/div><div class=\"section\"><div class=\"section-title\"><\/div><div class=\"section-img small\"><img decoding=\"async\" src=\"\/vevor\/product\/BXSPLCFS176L2ECQC\/climbing-cart-a100-2.5-pt.jpg\" \/><\/div><div class=\"section-mobile-img\"><img decoding=\"async\" src=\"\/vevor\/product\/BXSPLCFS176L2ECQC\/climbing-cart-a100-2.5-pt.jpg\" \/><\/div><div class=\"section-desc\">Alates kaubanduskeskusest kuni kodukolimiseni, t\u00f6\u00f6riistakasti hoidmisest kuni v\u00e4litelkimiseni on see trepinukk igas stsenaariumis seljataga.<\/div><\/div><div class=\"section\"><div class=\"section-img small\"><img decoding=\"async\" src=\"\/vevor\/product\/BXSPLCFS176L2ECQC\/climbing-cart-a100-1.11-pt.jpg\" \/><\/div><div class=\"section-mobile-img\"><img decoding=\"async\" src=\"\/vevor\/product\/BXSPLCFS176L2ECQC\/climbing-cart-a100-1.11-pt.jpg\" \/><\/div><\/div><\/div><\/body><\/html><\/div>\n<div class=\"DM_at-title\" id=\"js-DM_at-title\"> <div>Toote spetsifikatsioon<\/div> <i class=\"icon-arrowup_line\"><\/i> <\/div><div class=\"DM_at-goodsDescAttr\" id=\"js-DM_at-goodsDescAttr\"> <div class=\"DM_at-goodsDescAttrInner\"> <dl class=\"goodsDesc_item goodsDesc_item_even\"> <dt>Punkt Mudeli Number<\/dt> <dd> YN8803<\/dd> <\/dl> <dl class=\"goodsDesc_item\"> <dt>Kandev\u00f5ime kohapeal<\/dt> <dd> 150 lbs\/68 kg<\/dd> <\/dl> <dl class=\"goodsDesc_item goodsDesc_item_even\"> <dt>Kandev\u00f5ime, Kui Ronida<\/dt> <dd> 55 lbs\/25 kg<\/dd> <\/dl> <dl class=\"goodsDesc_item\"> <dt>Kaane Kandev\u00f5ime<\/dt> <dd> 240 lbs\/109 kg<\/dd> <\/dl> <dl class=\"goodsDesc_item goodsDesc_item_even\"> <dt>Materjal<\/dt> <dd> PP + TPU + Raua Sulam<\/dd> <\/dl> <dl class=\"goodsDesc_item\"> <dt>Ronimine Ratta L\u00e4bim\u00f5\u00f5t<\/dt> <dd> \u03c62.76&#034;\/70 mm<\/dd> <\/dl> <dl class=\"goodsDesc_item goodsDesc_item_even\"> <dt>Universaalne Ratta L\u00e4bim\u00f5\u00f5t<\/dt> <dd> \u03c61.77&#034;\/45 mm<\/dd> <\/dl> <dl class=\"goodsDesc_item\"> <dt>Maht<\/dt> <dd> 65L<\/dd> <\/dl> <dl class=\"goodsDesc_item goodsDesc_item_even\"> <dt>Toote Kaal<\/dt> <dd> 8.6 lbs\/3,9 kg<\/dd> <\/dl> <dl class=\"goodsDesc_item\"> <dt>Volditud Suurus<\/dt> <dd> 20.16&#034; x 6.69&#034; x 17.72&#034;\/512 x 170 x 450 mm<\/dd> <\/dl> <dl class=\"goodsDesc_item goodsDesc_item_even\"> <dt>T\u00e4ielikult Pikendada Suurus<\/dt> <dd> 20.16&#034; x 18.9&#034; x 35.31&#034;\/512 x 480 x 897 mm<\/dd> <\/dl> <dl class=\"goodsDesc_item\"> <dt>K\u00e4ru sisemine suurus<\/dt> <dd> 13,98 x 13,7 x 15,75 tolli\/355 x 348 x 400 mm<\/dd> <\/dl> <\/div> <\/div>","protected":false},"excerpt":{"rendered":"<ul>\n<li> Vaevatu Surudes: Valmis, et muuta oma perspektiivi ratastel! Meie trepp ronida ostukorvi uhke 6 vastupidav plastikust ronida rattad (2.76&#034; O. D.) ja 4 PP universaalne rattad (1.77&#034; O. D.), mist\u00f5ttu seda on lihtne transportida kaupa nii \u00fcles ja trepist alla ja kohapeal. See on teie go-to sile man\u00f6\u00f6verdamine mis tahes pinna\u2014muru, tellised, betoon, ja trepid (kuid mitte \u00f5\u00f5nsate puidust omad). <\/li>\n<li> Ehitatud karm, mahutab tonne: Valmistatud tipptasemel PP-plastist, see vastupidav trepik\u00e4ru seisab stabiilselt ja tugevalt erinevate transpordi\u00fclesannete jaoks. Olenemata sellest, kas k\u00e4rpite 150 naela tasasel pinnasel v\u00f5i 55 naela trepist \u00fcles, ei liigu see edasi. Isegi kaas suudab toetada kuni 240 naela! Sobib ideaalselt enamiku majapidamisk\u00e4ikude jaoks. K\u00e4ru sisemine suurus: 13,98 x 13,7 x 15,75 tolli \/355 x 348 x 400 mm <\/li>\n<li> Reguleeritav &amp; Mugav k\u00e4epide: Meie trepist roniva ostukorvi ergonoomiline silmusk\u00e4epide, mis on m\u00e4hitud plastikust k\u00e4epidemesse, muudab l\u00fckkamise ja t\u00f5mbamise imelihtsaks. Reguleerige see kahele k\u00f5rgusele 31,5\u2033\/80 cm v\u00f5i 35,43\u2033\/90 cm, et see sobiks teie mugavusega. Enam ei painuta! <\/li>\n<li> Lihtne Paigaldada ja Klapp: Pange see ostukorvi trepp ronija vaid m\u00f5ne sammu ja keera see \u00fcles flash! Ideaalne pension\u00e4rid ja lapsed (paigaldamise juhend kaasas). Kui volditud, see on lihtsalt 20.16&#034; x 6.69&#034; x 17.72&#034;, paigaldamise mugavalt t\u00f5stukid, kapid, reisikohvrid, v\u00f5i all voodit. Oma kerge konstruktsiooni (8.6 lbs) ja k\u00e4epide teeb lihtsaks teha. <\/li>\n<li> Mitmek\u00fclgsed kasutusv\u00f5imalused: Koos avar 65L v\u00f5imsus, see ostukorvi trepid on rohkem kui lihtsalt transporter. See on oma shopping s\u00f5ber, raamat vedaja, ladustamise bin eest majapidamistarbeid ja aiat\u00f6\u00f6riistad, telkimine korraldaja, maali t\u00f6\u00f6riistakast, ja kaugemale! Vallandada oma loomingulisust ja avastada oma l\u00f5putu kasutab! <\/li>\n<\/ul>","protected":false},"featured_media":355523,"comment_status":"closed","ping_status":"open","template":"","meta":{"om_disable_all_campaigns":false,"_uf_show_specific_survey":0,"_uf_disable_surveys":false},"location":[1935,1934],"product_brand":[21],"product_cat":[2562,3224,4664,3052],"product_tag":[],"class_list":{"0":"post-61616","1":"product","2":"type-product","3":"status-publish","4":"has-post-thumbnail","6":"location-supplier_stock_location","7":"location-local_stock_location","8":"product_brand-vevor","9":"product_cat-cleaning","10":"product_cat-cleaning-carts","11":"product_cat-janitorial-carts","12":"product_cat-janitorial-supplies-cleaning","14":"first","15":"instock","16":"taxable","17":"shipping-taxable","18":"purchasable","19":"product-type-simple"},"aioseo_notices":[],"locations":[{"id":1935,"name":"Pieg\u0101d\u0101t\u0101ja noliktav\u0101 (5-7dd)","slug":"supplier_stock_location","quantity":"61"},{"id":1934,"name":"R\u012bgas veikal\u0101 (0-2d.d.)","slug":"local_stock_location","quantity":"0"}],"_links":{"self":[{"href":"https:\/\/vevorshop.lv\/et\/wp-json\/wp\/v2\/product\/61616","targetHints":{"allow":["GET"]}}],"collection":[{"href":"https:\/\/vevorshop.lv\/et\/wp-json\/wp\/v2\/product"}],"about":[{"href":"https:\/\/vevorshop.lv\/et\/wp-json\/wp\/v2\/types\/product"}],"replies":[{"embeddable":true,"href":"https:\/\/vevorshop.lv\/et\/wp-json\/wp\/v2\/comments?post=61616"}],"wp:featuredmedia":[{"embeddable":true,"href":"https:\/\/vevorshop.lv\/et\/wp-json\/wp\/v2\/media\/355523"}],"wp:attachment":[{"href":"https:\/\/vevorshop.lv\/et\/wp-json\/wp\/v2\/media?parent=61616"}],"wp:term":[{"taxonomy":"location","embeddable":true,"href":"https:\/\/vevorshop.lv\/et\/wp-json\/wp\/v2\/location?post=61616"},{"taxonomy":"product_brand","embeddable":true,"href":"https:\/\/vevorshop.lv\/et\/wp-json\/wp\/v2\/product_brand?post=61616"},{"taxonomy":"product_cat","embeddable":true,"href":"https:\/\/vevorshop.lv\/et\/wp-json\/wp\/v2\/product_cat?post=61616"},{"taxonomy":"product_tag","embeddable":true,"href":"https:\/\/vevorshop.lv\/et\/wp-json\/wp\/v2\/product_tag?post=61616"}],"curies":[{"name":"wp","href":"https:\/\/api.w.org\/{rel}","templated":true}]}}