{"id":62371,"date":"2024-12-24T12:36:06","date_gmt":"2024-12-24T12:36:06","guid":{"rendered":"https:\/\/vevorshop.lv\/en_us\/Prece\/vevor-durable-air-compressor-line-kit-19mm-x-61m-3-4-x-200ft-with-hdpe-aluminum-structure-complete-accessory-package\/"},"modified":"2026-04-19T21:27:49","modified_gmt":"2026-04-19T18:27:49","slug":"vevor-durable-air-compressor-line-kit-19mm-x-61m-3-4-x-200ft-with-hdpe-aluminum-structure-complete-accessory-package","status":"publish","type":"product","link":"https:\/\/vevorshop.lv\/et\/Prece\/vevor-vastupidav-ohukompressori-liinikomplekt-19-mm-x-61-m-3-4-x-200-jalga-hdpe-alumiiniumkonstruktsiooniga-taielik-lisavarustuspakett\/","title":{"rendered":"VEVOR 60,96m x 19mm HDPE-Alumiinium Suru\u00f5hu Torustiku Komplekt, Lekkevaba \u00d5hutorus\u00fcsteem T\u00f6\u00f6kojale ja Garaa\u017eile"},"content":{"rendered":"<div style=\"color: #fff!important; font-size: 16px; height: 24px; line-height: 24px; margin-top: -24px; \" class=\"product_original_name\">VEVOR \u00f5hukompressori liinikomplekt, 200 FT x 3\/4\", HDPE-alumiiniumist suru\u00f5hutorustiku s\u00fcsteem, lekkekindel ja h\u00f5lpsasti paigaldatav, suru\u00f5huliini torustiku komplekt garaa\u017eide t\u00f6\u00f6tubadele, must<\/div>\n<div style=\"color: #fff!important; font-size: 16px; height: 24px; line-height: 24px; margin-top: -24px; \" class=\"product_sku\">M52FAPSS<\/div>\n<div style=\"color: #fff!important; font-size: 16px; height: 24px; line-height: 24px; margin-top: -24px; \" class=\"product_mpn\">YSKQGDXT34INFHQD2V0<\/div><div id=\"js-DM_at-goodDescRich\"><html><head><style>  body {    font-family: Arial;    line-height: 1.5;    color: #1c1c1c;    overflow-x: hidden;    margin: 0;    padding: 0;  }  .MsoNormal b {    font-weight: bolder;  }<\/style><style>  .container.small {    width: 970px;    margin: 0 auto;  }  .logo {    margin: 0 auto 0;  }  .logo img {    display: block;    margin: 0 auto;    max-width: 100%;  }  .logo .pc-banner {    display: block;    width: 1200px;    height: 247.4px;    margin: 0 auto;  }  .logo .pc-banner.small {    width: 970px;  }  .logo .pc-banner.small img {    height: auto!important;  }  .logo .m-banner {    display: none;  }  .ytvideo {    position: relative;    height: 546px;    width: 100%;    margin: 0 auto;  }  .ytvideo img {    width: 100%;    margin: 0 auto;  }  .ytvideo .play-btn {    width: 60px;    height: 42px;    position: absolute;    top: 50%;    left: 50%;    transform: translate(-50%, -50%);    background: url(\"data:image\/png;base64,iVBORw0KGgoAAAANSUhEUgAAAGQAAABGCAMAAAANWMFbAAAC+lBMVEUAAADBGB3kLCfBGB3kLCfcJC7BFx3KKSbiKybkLCbWJCPSIiLSIiLPICHAFx3kLCfgKSXNHiDZJiTIGx\/p4eHcjo7LHSDbJyTkLCbjKyfOHyHPIiL28fHJHB\/GGh7EGR7eKCXDGB3RISHlLSbBGB3AFxzGHB7DGB7BGB3hKybkKybAFx3lLCfAFxzDGR3hKibDGB7cJyTmz8\/elJTlwcHjurrUIyLlLSflLSfAFx3DGR7lLSfCFx3hKibhKibhKybjKybkLCblLSfbJSX49vbx7e3NNzjNMTLMJyjVIyLZf3\/ZQ0LaeHjx0tLgoqLkLCfCGB3HGx\/BGB3BFx3PICHCGB7WJCLOHyC\/Fxy\/Fx3lLCfQISHkLSe\/FxzbJiTBFx3FGx\/AGB7BFx3EGR7AGB3HHSDfKiXAFh3TISHYNzbhKibbJyTTIiL57e325+f039\/v2NjUV1fOHiHiqanfmprch4feKSXVIyPOICHmLibFGh\/mLSe\/Fx7XJCPeKSXXJSPNHyHaJyTGGh7lLCbmLCflLSjSIiLkLCbdKSXLHiC\/GB3KHh++Fh3lKyfoLiXcKCPkx8fYb2\/XaGfVXl3aU1LLHiDksbHgKibPICHbJyTfKSXbJyTCGB3KHSDiKybFGh7TIiL\/\/\/\/VIyPRISHIHB\/GGx\/HHB\/DGR7gKibdKCXLHiDZJiTMHiDNHyHYJSTOICHPICHWJCPcKCXXJSPjLCblLCf+\/f3NGR\/uLijzLynPGR\/IGB7WISHaIyLLGh7UAADxLynNAADRLzDbICLQAADIAAD3MCrUHSHXMTDpKSbLAADp5OTij4\/ejo\/VLy\/1LyngJSTcJCPQHx\/OHB7+\/PzaMS\/OLS\/vLijrLSjSAADaNTPwLyjkKSbNJCbYISHPHB\/KGB7WAAD7+vrn3d3aKynTKCjoLCfsKifRGh\/YAADq5+fhjo7QNDXXKCfmJyXt5+fTLzDLLi\/QKivYHRvMGBrQJCXLISPMExXLDxLaEAvkkI\/bOTfaFQ\/SCgpvLcnHAAAAmnRSTlMA+vv7+gT9Bvf9+8z8\/NSv\/Pr5+P7++vnQIBMP\/v38\/Pn348XDiCYf9OjbzcqxXVcx\/fz8+\/rj1r2poo1+fXFqX0orGP7+\/v7+\/fz8+\/r68uzn4trIxsG\/vri3p6GcmZSNbWVYUUZEPQv+\/f39+\/v7+\/v7+vr64tvV1NTTz87FtbSurqeblJKFg4B3bUY+NjL7+\/v7+\/v67t1cDo8JLQAABkRJREFUWMO0kz9rwkAYh0OIeJkum6YugUAhISCdKoj\/P4C7SMdS+gEKIhSKil10LSg4mzXkILdlEpxCpwTiWOLX6BujvQaEQuGeHLnL+\/64J+SIcKGYTYWnntpdLjrVdqvZmNdn0+EE40GtpuuWVS6Xx6N7YDSGpWXpeq02wHgynM7q80az1a52HpddtVcpsi1zFARBrdaxbhp9iUReTGmwA4KAAr7vx3EYejnCMI6hQYEgy0LQi4jUN0wL19vqFcUC9\/1dAKmEEFkWRYkh5oBejnxQJiSJPJ\/uKBp0Thszx9Mw8hMRIQjKsptCfuES9zr5WJY6vSFCIvE9fCMUmEM1A1kSXcYGxgVYsvI1IPKTZciSTI0us\/SMGG04gDzELDoFBwdcFJrF88dqgYMTiL6DILWYyfOWE8\/kIz38olCNlC03FK95+imxp6y4oUSvAnBjHHhKNtotSDqJzVFiK8c2SBqhZtsrTtgrLXwAyduxZHNE26eHUt5rtuM4WSmds3G+sUdWYo1L+XyxButoh5eKUHk5lByO3G1LqqCWVnfrv\/lyPtf\/4ps1cndNGIri8J1TJ0lx6dR\/oPjq1nbRwdp2dCk4CtIOLW3pVKRL6WZfS5vF2KkIQhpwSsjiYIgNCs1gEMGqiIq24NQX9NwoXFy8Ufrl3twTcg4fv8T9\/JBEySduj6Mjm4bMzYV7EEOxKjjoNDud7yY3Dy71Hq2oLmqfbNR723edH9PgMrNL2utoQ3VmaIDkiw\/4w51P06hlZsTZvkRrbVuSIs\/zwSOsycgzStQouoAkWQqioRT5XI7n2Z1wfVhoZmcAJLsoqjqpjbWCgpOAJXBwHK8PzWbNvoUZJND5wCnSkLAkZ1legx6vqQzjoiTahKlGUGLAiIIoABOHaNVw4sexZBym6\/HWlH5h3IC7yRbxtipcWxdTOkORKiNQAEkFf66x5S2oeRbroOlLgg0sSYkR0hRGEqJZ0jTPiQKatESdBckpWigxaapEH0lImHdWu9pUFF2XqMNM2Z4kped7IwEJw2qabwtrQqnpw6HyKkgcadKWsmpywwesDyIhYRpdzXddqegtGIJlXbAIUMOLkGxJUjRIkokwjUaX9d\/kK62ps\/tYUqZLIMkLTyBhsMZ3C5Z\/kDxOSCb\/DOs\/\/J0qcWSX\/2ipe56EgTCA4\/cB7NAYOsni4mZM1MUPAISoEwkDi4lhVBQ1cWQyIcwalw4EpqZN68JUSK7XC0kTlkLYii5uXSC8jT5ncCAS7mjCv0uHp\/3lueHEEAeQ\/\/VgmdN71\/2uCSA1Xr6DO6uI6sW56zqT2tp2PhgiRUAajV8CY2fkcz6WGNKMgLAt7tJAhD4YHMTeRxlALE6+43WqjSWi8ITxyJl8WrwWSNESQZZOqhDDntO3hJLsd5RtSpbJqdv3YrDJH3F7jL1R2O2aQkn2MyCyKYz0GPGIvSAMgBCrCEiJyKbBaYGwLW4uPRr0A0M4Ux5kUI7IBh+hMdiCEWNqhMZGyYMsOgNE58UQuEQeUnSWCMYwL54hkxK6IoqucQZbQ3pc3XtL0lky1dL0zZJJDpWJovFqpWj6JEHnyam2eQp5QRVAVHjWparTOaVwUOx99YS2MvgxIGV0bb+qIg2HX2qkFFJB+XZcbLiuRkuxD9GRroKyveLxdh4d7Orx+hb7qc3uVRuEogCOnyIxm4ubUoPgF4jianDrC+SDQDKEfJb0GUKmjCGPYHGJvVC6X4hw1\/sAfQAdfYyephIaspXe36RwOP+Ljvfx9B6B3i+Nk0DGq+oCbLn6JpBa9nWAveAIHwFAwtVcIJXPMPL8kRu5OAYPMaL1WScTxjiZDqB9LTJSWphow\/pTYKRTLjCBhvi9iBidvKcDasGSm0QQkycYuLBqj6QCELPctqChDWpTRMWkngNNpQ1Pfp1KkiT\/Y0DGffXAweUNfLAfaJFKDwhb6I+bkYRbkERoEeu3Fyjg2opMz2daZCS9jt6Q7txNfB+OZEVF6Zl5web2xunnLQrtrjXseXKaFYziYINeMFZVxS9VxRhOoesYwxPKXm+gWLG9cuFeq93UNNeJNsf1KlwuDok9n02n3TgIJpOxNfL9naIoQwXtfH9kjceTIIi709ncTg6LZbg+biLH1V6u\/7rxBem06VXKn9raAAAAAElFTkSuQmCC\")      no-repeat center center \/ contain;  }  @media screen and (max-width: 960px) and (orientation: portrait) {    .logo {      width: 100%;    }    .logo .pc-banner {      display: none;    }    .logo .m-banner {      display: block;      width: 100%;    }    .logo .m-banner img {      height: auto!important;    }    .ytvideo {      height: 200px;      width: 100%;    }  }<\/style><style>  .video-section {    width: 100%;    margin: 0 auto;  }  .video-section > img {    width: 100%;  }  .video-section iframe,  .video-section video {    width: 100%;    height: 100%;      }  .video-section-img-m,  .video-section-img-pc > img {    width: 100%;    height: auto;  }  .video-section-img-pc.small > img {    width: 970px;  }  .video-desc {    line-height: 1.5;    font-size: 20px;    font-weight: 400;    margin: 20px 0;    text-align: center;    color: #0f1111;    word-break: break-word;  }  @media screen and (max-width: 960px) and (orientation: portrait) {    .video-section {      width: 100%;    }    .video-section-pc,    .video-section-img-pc {      display: none;    }    .video-section-m,    .video-section-img-m {      display: block;    }    .video-desc {      font-size: 15px;    }  }  @media screen and (min-width: 960px) {    .video-section {      width: 100%;      margin: 0 auto;    }    .video-section-pc,    .video-section-img-pc {      display: block;    }    .video-section-m,    .video-section-img-m {      display: none;    }    .video-desc {      font-size: 20px;    }  }<\/style><style>  .section + .section {    margin-top: 35px;  }  .section-title {    text-align: center;    font-weight: bold;    color: #0d1111;    font-family: \"Arial\";    font-size: 32px;    margin: 15px 0;  }  .section-title:empty {    display: none;  }  .section-desc {    text-align: center;    font-weight: normal;    color: #0d1111;    margin-top: 20px;  }  .section-desc:empty {    display: none;  }  .section-img {    width: 1200px;    height: 492px;    margin: 0 auto;    display: block;  }  .section-img.small {    width: 970px;    height: auto;  }  .section-img.small > img {    height: auto;  }  .section-img > img {    width: 100%;    height: 100%;  }  .section-mobile-img {    display: none;    max-width: 100vw;    max-height: 75vw;    height: 450px;    margin: 0 auto;  }  .section-mobile-img > img {    width: 100%;    height: 100%;  }  @media screen and (max-width: 960px) and (orientation: portrait) {    .container {      width: 100%;    }    .container.small {      width: 100%;    }    .section-mobile-img {      display: block;    }    .section-img {      display: none;    }    .section-title {      font-size: 22px;      margin: 10px 0;    }    .section-desc {      margin-top: 10px;    }    .section + .section {      margin-top: 20px;    }  }<\/style><\/head><body><div class=\"container\"><div class=\"logo\"><div class=\"pc-banner\"><div><img decoding=\"async\" src=\"\/vevor\/vevor\/boutique-banner\/pc\/en-pc@1x.jpg\" style=\"width: 100%;\" \/><\/div><\/div><div class=\"m-banner\"><div><img decoding=\"async\" src=\"\/vevor\/vevor\/boutique-banner\/mobile\/en-m@1x.jpg\" style=\"width: 100%;\" \/><\/div><\/div><\/div><div class=\"section-title\">Uuendada Oma Suru\u00f5hus\u00fcsteemiga<\/div><div class=\"video-section\"><div class=\"video-section-img-pc\"><img decoding=\"async\" src=\"\/vevor\/product\/YSKQGDXT34INFHQD2\/compressed-air-line-kit-a100-1.4.jpg\" \/><\/div><div class=\"video-section-img-m\"><img decoding=\"async\" src=\"\/vevor\/product\/YSKQGDXT34INFHQD2\/compressed-air-line-kit-a100-1.4-m.jpg\" \/><\/div><div class=\"section-desc\">Meie 200FT x 3\/4&#034; suru\u00f5hu torustik pakub HDPE-Alumiinium-HDPE triple-kihi struktuuri, tagades suurep\u00e4rane korrosioonikindlus, k\u00f5rge vastupidavus r\u00f5hule ja hea tugevus. Leki-tasuta ja lihtne paigaldada, see annab usaldusv\u00e4\u00e4rse ja t\u00f5husa \u00f5hu juurdevoolu tehase ja seminaril.<\/div><\/div><div class=\"section\"><div class=\"section-title\"><\/div><div class=\"section-img\"><img decoding=\"async\" src=\"\/vevor\/product\/YSKQGDXT34INFHQD2\/compressed-air-line-kit-a100-2.2.jpg\" \/><\/div><div class=\"section-mobile-img\"><img decoding=\"async\" src=\"\/vevor\/product\/YSKQGDXT34INFHQD2\/compressed-air-line-kit-a100-2.2-m.jpg\" \/><\/div><div class=\"section-desc\">Ehitatud vastupidav HDPE-Alumiinium-HDPE 3-kihiline struktuur, see \u00f5hukompressor torustik kit pakub erakordne vastupidavus korrosioonile, tugevdatud vastupidavuse ja v\u00f5ime vastu panna suure surve. See tagab j\u00e4rjepideva ja t\u00f5husa \u00f5hu juurdevoolu, mis on ideaalne tehased ja t\u00f6\u00f6toad.<\/div><\/div><div class=\"section\"><div class=\"section-title\"><\/div><div class=\"section-img\"><img decoding=\"async\" src=\"\/vevor\/product\/YSKQGDXT34INFHQD2\/compressed-air-line-kit-a100-2.3.jpg\" \/><\/div><div class=\"section-mobile-img\"><img decoding=\"async\" src=\"\/vevor\/product\/YSKQGDXT34INFHQD2\/compressed-air-line-kit-a100-2.3-m.jpg\" \/><\/div><div class=\"section-desc\">Meie HDPE-alumiinium \u00f5hu torustik komplektiga on kaasas k\u00f5ik vahendid, mida vajate paigaldus. Lihtsalt j\u00e4rgige lihtne juhiseid, et luua kogu oma suru\u00f5hu s\u00fcsteem\u2014ei ole vaja t\u00e4iendavaid vahendeid v\u00f5i ostmiseks.<\/div><\/div><div class=\"section\"><div class=\"section-title\"><\/div><div class=\"section-img\"><img decoding=\"async\" src=\"\/vevor\/product\/YSKQGDXT34INFHQD2\/compressed-air-line-kit-a100-2.4.jpg\" \/><\/div><div class=\"section-mobile-img\"><img decoding=\"async\" src=\"\/vevor\/product\/YSKQGDXT34INFHQD2\/compressed-air-line-kit-a100-2.4-m.jpg\" \/><\/div><div class=\"section-desc\">See suru\u00f5hu torustikud, pakub s\u00fcsteem 2 paindlik nurgas \u00fchendus meetodeid. Saate valida 90-kraadine p\u00f6\u00f6re paigaldamise eest paremale-nurga alt \u00fchendus, mis v\u00e4hendab painde raadius, v\u00f5i valida raadiusega kurv meetod, lihtsalt kohanda soovitud kuju painde raadius on 6 kuni 8 cm.<\/div><\/div><div class=\"section\"><div class=\"section-title\"><\/div><div class=\"section-img\"><img decoding=\"async\" src=\"\/vevor\/product\/YSKQGDXT34INFHQD2\/compressed-air-line-kit-a100-2.5.jpg\" \/><\/div><div class=\"section-mobile-img\"><img decoding=\"async\" src=\"\/vevor\/product\/YSKQGDXT34INFHQD2\/compressed-air-line-kit-a100-2.5-m.jpg\" \/><\/div><div class=\"section-desc\">Kogemus k\u00f5rge t\u00f5husus ja stabiilset \u00f5huvoolu meie suru\u00f5hu torustik. Meisterdatud lisatasu materjalide k\u00f5rge r\u00f5hu ja korrosioonikindlus, see lekke-off s\u00fcsteem on go-ideaalne lahendus teie poodides v\u00f5i garaa\u017eide.<\/div><\/div><div class=\"section\"><div class=\"section-img\"><img decoding=\"async\" src=\"\/vevor\/product\/YSKQGDXT34INFHQD2\/compressed-air-line-kit-a100-1.11.jpg\" \/><\/div><div class=\"section-mobile-img\"><img decoding=\"async\" src=\"\/vevor\/product\/YSKQGDXT34INFHQD2\/compressed-air-line-kit-a100-1.11-m.jpg\" \/><\/div><\/div><\/div><\/body><\/html><\/div>\n<div class=\"DM_at-title\" id=\"js-DM_at-title\"> <div>Toote spetsifikatsioon<\/div> <i class=\"icon-arrowup_line\"><\/i> <\/div><div class=\"DM_at-goodsDescAttr\" id=\"js-DM_at-goodsDescAttr\"> <div class=\"DM_at-goodsDescAttrInner\"> <dl class=\"goodsDesc_item goodsDesc_item_even\"> <dt>Punkt Mudeli Number<\/dt> <dd> \u00dcPP 200ft<\/dd> <\/dl> <dl class=\"goodsDesc_item\"> <dt>Materjal<\/dt> <dd> HDPE + Alumiinium<\/dd> <\/dl> <dl class=\"goodsDesc_item goodsDesc_item_even\"> <dt>V\u00e4lisl\u00e4bim\u00f5\u00f5t<\/dt> <dd> 1 inch \/ 25.4 mm<\/dd> <\/dl> <dl class=\"goodsDesc_item\"> <dt>Sisemine L\u00e4bim\u00f5\u00f5t<\/dt> <dd> 3\/4 tolli \/ 19.05 mm<\/dd> <\/dl> <dl class=\"goodsDesc_item goodsDesc_item_even\"> <dt>PU-Toru Pikkus<\/dt> <dd> 200 jalga \/ 60.96 m<\/dd> <\/dl> <dl class=\"goodsDesc_item\"> <dt>T\u00f6\u00f6r\u00f5hk<\/dt> <dd> 200 PSI (73\u00b0F) ja 160 PSI (140\u00b0F)<\/dd> <\/dl> <dl class=\"goodsDesc_item goodsDesc_item_even\"> <dt>V\u00e4rv<\/dt> <dd> Must<\/dd> <\/dl> <dl class=\"goodsDesc_item\"> <dt>Neto Kaal<\/dt> <dd> 35.71 lb \/ 16.2 kg<\/dd> <\/dl> <dl class=\"goodsDesc_item goodsDesc_item_even\"> <dt>Toote M\u00f5\u00f5tmed<\/dt> <dd> \u00d820.30 x 12.79 in \/ \u00d8515 x 325 mm<\/dd> <\/dl> <\/div> <\/div>","protected":false},"excerpt":{"rendered":"<ul>\n<li> Kolmekihiline vastupidavus: meie 200FT x 3\/4\u2033 \u00f5hukompressoriliini komplekt, mis on konstrueeritud vastupidava HDPE-alumiinium-HDPE kolmekihilise struktuuriga, tagab silmapaistva korrosiooni- ja pragunemiskindluse ning tugevuse, et taluda k\u00f5rget r\u00f5hku. See tagab usaldusv\u00e4\u00e4rse ja t\u00f5husa \u00f5huvoolu, mis sobib suurep\u00e4raselt teie tehases ja t\u00f6\u00f6kojas kasutamiseks. <\/li>\n<li> T\u00e4ielik Tarvik Pakend: See suru\u00f5hu torustik accessory kit sisaldab 200FT x 3\/4&#034; toru, 4 tee liitmikud, 1 k\u00fc\u00fcnarnuki paigaldamine, 6 tuumarelva leviku t\u00f5kestamise lepingu liitmikud, 5 neli-viis alumiinium plokki, 5 messingist ventiilid, 5 messing pistikud, 40 toru klambrid, koos toru, l\u00f5ikur ja kantimise vahend. K\u00f5ik osad lisada, see aitab teil t\u00f5husalt luua stabiilne ja usaldusv\u00e4\u00e4rne \u00f5hu jaotuss\u00fcsteem. <\/li>\n<li> Usaldusv\u00e4\u00e4rne Surve-Vastupidavus: \u00dchendab suurep\u00e4rased omadused HDPE ja alumiinium, meie \u00f5hukompressor line-s\u00fcsteem tagab tasumata vastupidavus ja vastupidavus r\u00f5hule. See t\u00f6\u00f6tab usaldusv\u00e4\u00e4rselt alusel t\u00f6\u00f6tavad surve kuni 200 PSI (73\u00b0F) ja 160 PSI (140\u00b0F), mis pakuvad teile kauakestev ja t\u00f6\u00f6kindel \u00f5hu tarne lahendus. <\/li>\n<li> Paindlik Paigaldus Valikud: See suru\u00f5hu torustikud s\u00fcsteem annab 2 paindlik nurgas \u00fchendus valikud. Saate valida 90-kraadine p\u00f6\u00f6re paigaldamise \u00f5igus-angle-\u00fchendus ; v\u00f5i valida raadiusega kurv meetod, mis v\u00f5imaldab teil kergesti kuju torud, mille painde raadius alates 6 kuni 8 cm. <\/li>\n<li> Leki-Tasuta, Lihtne Seadistamine: Meie HDPE\/alumiinium \u00f5hu torustik on varustatud ka O-r\u00f5ngas tihend jaoks t\u00f6\u00f6kindel lekke v\u00e4ltimine, mist\u00f5ttu on ideaalne erinevaid erialaseid seminare. Ideaalselt auto remont, garaa\u017eid, ja tehase seaded, see s\u00fcsteem tagab t\u00f5hus ja usaldusv\u00e4\u00e4rne \u00f5hu edastamine. <\/li>\n<\/ul>","protected":false},"featured_media":359005,"comment_status":"closed","ping_status":"open","template":"","meta":{"om_disable_all_campaigns":false,"_uf_show_specific_survey":0,"_uf_disable_surveys":false},"location":[1935,1934],"product_brand":[21],"product_cat":[2376,2375,4757,2374],"product_tag":[],"class_list":{"0":"post-62371","1":"product","2":"type-product","3":"status-publish","4":"has-post-thumbnail","6":"location-supplier_stock_location","7":"location-local_stock_location","8":"product_brand-vevor","9":"product_cat-air-compressor-parts-accessories","10":"product_cat-air-compressor-tools","11":"product_cat-compressed-air-piping-system","12":"product_cat-tools","14":"first","15":"instock","16":"taxable","17":"shipping-taxable","18":"purchasable","19":"product-type-simple"},"aioseo_notices":[],"locations":[{"id":1935,"name":"Pieg\u0101d\u0101t\u0101ja noliktav\u0101 (5-7dd)","slug":"supplier_stock_location","quantity":"24"},{"id":1934,"name":"R\u012bgas veikal\u0101 (0-2d.d.)","slug":"local_stock_location","quantity":"0"}],"_links":{"self":[{"href":"https:\/\/vevorshop.lv\/et\/wp-json\/wp\/v2\/product\/62371","targetHints":{"allow":["GET"]}}],"collection":[{"href":"https:\/\/vevorshop.lv\/et\/wp-json\/wp\/v2\/product"}],"about":[{"href":"https:\/\/vevorshop.lv\/et\/wp-json\/wp\/v2\/types\/product"}],"replies":[{"embeddable":true,"href":"https:\/\/vevorshop.lv\/et\/wp-json\/wp\/v2\/comments?post=62371"}],"wp:featuredmedia":[{"embeddable":true,"href":"https:\/\/vevorshop.lv\/et\/wp-json\/wp\/v2\/media\/359005"}],"wp:attachment":[{"href":"https:\/\/vevorshop.lv\/et\/wp-json\/wp\/v2\/media?parent=62371"}],"wp:term":[{"taxonomy":"location","embeddable":true,"href":"https:\/\/vevorshop.lv\/et\/wp-json\/wp\/v2\/location?post=62371"},{"taxonomy":"product_brand","embeddable":true,"href":"https:\/\/vevorshop.lv\/et\/wp-json\/wp\/v2\/product_brand?post=62371"},{"taxonomy":"product_cat","embeddable":true,"href":"https:\/\/vevorshop.lv\/et\/wp-json\/wp\/v2\/product_cat?post=62371"},{"taxonomy":"product_tag","embeddable":true,"href":"https:\/\/vevorshop.lv\/et\/wp-json\/wp\/v2\/product_tag?post=62371"}],"curies":[{"name":"wp","href":"https:\/\/api.w.org\/{rel}","templated":true}]}}