{"id":148004,"date":"2025-01-25T06:25:48","date_gmt":"2025-01-25T06:25:48","guid":{"rendered":"https:\/\/vevorshop.lv\/en_us\/Prece\/vevor-2000-rpm-drive-clutch-kit-for-2-8-hp-engines-with-rubber-belt-3-4-inch-1-9-cm-5-8-inch-1-6-cm-diameter\/"},"modified":"2026-05-10T17:17:32","modified_gmt":"2026-05-10T14:17:32","slug":"vevor-2000-rpm-drive-clutch-kit-for-2-8-hp-engines-with-rubber-belt-3-4-inch-1-9-cm-5-8-inch-1-6-cm-diameter","status":"publish","type":"product","link":"https:\/\/vevorshop.lv\/lt\/Prece\/vevor-2000-aps-m-pavaros-sankabos-komplektas-2-8-ag-varikliams-su-guminiu-dirzu-3-4-coliu-1-9-cm-5-8-coliu-1-6-cm-skersmens\/","title":{"rendered":"VEVOR 30 serijos sankabos komplektas 2\u20138 AG varikliams, 2000 RPM, patvarus su dir\u017eu, asimetrinis dizainas, tinka kartingams ir ATV"},"content":{"rendered":"<div style=\"color: #fff!important; font-size: 16px; height: 24px; line-height: 24px; margin-top: -24px; \" class=\"product_original_name\">VEVOR varomoji sankaba, 2-8 AG variklis, 2000 RPM didelio stiprumo varomoji sankaba su asimetrinio dizaino ratais ir tvirtu guminiu dir\u017eu, tvirta ir patvari sankaba su visais priedais, tinka \u012fvairiems varikliams<\/div>\n<div style=\"color: #fff!important; font-size: 16px; height: 24px; line-height: 24px; margin-top: -24px; \" class=\"product_sku\">M6BSNKWO<\/div>\n<div style=\"color: #fff!important; font-size: 16px; height: 24px; line-height: 24px; margin-top: -24px; \" class=\"product_mpn\">KDCLHQXLCLBJQQZAXV0<\/div><div id=\"js-DM_at-goodDescRich\"><html><head><style>  body {    font-family: Arial;    line-height: 1.5;    color: #1c1c1c;    overflow-x: hidden;    margin: 0;    padding: 0;  }  .MsoNormal b {    font-weight: bolder;  }<\/style><style>  .container.small {    width: 970px;    margin: 0 auto;  }  .logo {    margin: 0 auto 0;  }  .logo img {    display: block;    margin: 0 auto;    max-width: 100%;  }  .logo .pc-banner {    display: block;    width: 1200px;    height: 247.4px;    margin: 0 auto;  }  .logo .pc-banner.small {    width: 970px;  }  .logo .pc-banner.small img {    height: auto!important;  }  .logo .m-banner {    display: none;  }  .ytvideo {    position: relative;    height: 546px;    width: 100%;    margin: 0 auto;  }  .ytvideo img {    width: 100%;    margin: 0 auto;  }  .ytvideo .play-btn {    width: 60px;    height: 42px;    position: absolute;    top: 50%;    left: 50%;    transform: translate(-50%, -50%);    background: url(\"data:image\/png;base64,iVBORw0KGgoAAAANSUhEUgAAAGQAAABGCAMAAAANWMFbAAAC+lBMVEUAAADBGB3kLCfBGB3kLCfcJC7BFx3KKSbiKybkLCbWJCPSIiLSIiLPICHAFx3kLCfgKSXNHiDZJiTIGx\/p4eHcjo7LHSDbJyTkLCbjKyfOHyHPIiL28fHJHB\/GGh7EGR7eKCXDGB3RISHlLSbBGB3AFxzGHB7DGB7BGB3hKybkKybAFx3lLCfAFxzDGR3hKibDGB7cJyTmz8\/elJTlwcHjurrUIyLlLSflLSfAFx3DGR7lLSfCFx3hKibhKibhKybjKybkLCblLSfbJSX49vbx7e3NNzjNMTLMJyjVIyLZf3\/ZQ0LaeHjx0tLgoqLkLCfCGB3HGx\/BGB3BFx3PICHCGB7WJCLOHyC\/Fxy\/Fx3lLCfQISHkLSe\/FxzbJiTBFx3FGx\/AGB7BFx3EGR7AGB3HHSDfKiXAFh3TISHYNzbhKibbJyTTIiL57e325+f039\/v2NjUV1fOHiHiqanfmprch4feKSXVIyPOICHmLibFGh\/mLSe\/Fx7XJCPeKSXXJSPNHyHaJyTGGh7lLCbmLCflLSjSIiLkLCbdKSXLHiC\/GB3KHh++Fh3lKyfoLiXcKCPkx8fYb2\/XaGfVXl3aU1LLHiDksbHgKibPICHbJyTfKSXbJyTCGB3KHSDiKybFGh7TIiL\/\/\/\/VIyPRISHIHB\/GGx\/HHB\/DGR7gKibdKCXLHiDZJiTMHiDNHyHYJSTOICHPICHWJCPcKCXXJSPjLCblLCf+\/f3NGR\/uLijzLynPGR\/IGB7WISHaIyLLGh7UAADxLynNAADRLzDbICLQAADIAAD3MCrUHSHXMTDpKSbLAADp5OTij4\/ejo\/VLy\/1LyngJSTcJCPQHx\/OHB7+\/PzaMS\/OLS\/vLijrLSjSAADaNTPwLyjkKSbNJCbYISHPHB\/KGB7WAAD7+vrn3d3aKynTKCjoLCfsKifRGh\/YAADq5+fhjo7QNDXXKCfmJyXt5+fTLzDLLi\/QKivYHRvMGBrQJCXLISPMExXLDxLaEAvkkI\/bOTfaFQ\/SCgpvLcnHAAAAmnRSTlMA+vv7+gT9Bvf9+8z8\/NSv\/Pr5+P7++vnQIBMP\/v38\/Pn348XDiCYf9OjbzcqxXVcx\/fz8+\/rj1r2poo1+fXFqX0orGP7+\/v7+\/fz8+\/r68uzn4trIxsG\/vri3p6GcmZSNbWVYUUZEPQv+\/f39+\/v7+\/v7+vr64tvV1NTTz87FtbSurqeblJKFg4B3bUY+NjL7+\/v7+\/v67t1cDo8JLQAABkRJREFUWMO0kz9rwkAYh0OIeJkum6YugUAhISCdKoj\/P4C7SMdS+gEKIhSKil10LSg4mzXkILdlEpxCpwTiWOLX6BujvQaEQuGeHLnL+\/64J+SIcKGYTYWnntpdLjrVdqvZmNdn0+EE40GtpuuWVS6Xx6N7YDSGpWXpeq02wHgynM7q80az1a52HpddtVcpsi1zFARBrdaxbhp9iUReTGmwA4KAAr7vx3EYejnCMI6hQYEgy0LQi4jUN0wL19vqFcUC9\/1dAKmEEFkWRYkh5oBejnxQJiSJPJ\/uKBp0Thszx9Mw8hMRIQjKsptCfuES9zr5WJY6vSFCIvE9fCMUmEM1A1kSXcYGxgVYsvI1IPKTZciSTI0us\/SMGG04gDzELDoFBwdcFJrF88dqgYMTiL6DILWYyfOWE8\/kIz38olCNlC03FK95+imxp6y4oUSvAnBjHHhKNtotSDqJzVFiK8c2SBqhZtsrTtgrLXwAyduxZHNE26eHUt5rtuM4WSmds3G+sUdWYo1L+XyxButoh5eKUHk5lByO3G1LqqCWVnfrv\/lyPtf\/4ps1cndNGIri8J1TJ0lx6dR\/oPjq1nbRwdp2dCk4CtIOLW3pVKRL6WZfS5vF2KkIQhpwSsjiYIgNCs1gEMGqiIq24NQX9NwoXFy8Ufrl3twTcg4fv8T9\/JBEySduj6Mjm4bMzYV7EEOxKjjoNDud7yY3Dy71Hq2oLmqfbNR723edH9PgMrNL2utoQ3VmaIDkiw\/4w51P06hlZsTZvkRrbVuSIs\/zwSOsycgzStQouoAkWQqioRT5XI7n2Z1wfVhoZmcAJLsoqjqpjbWCgpOAJXBwHK8PzWbNvoUZJND5wCnSkLAkZ1legx6vqQzjoiTahKlGUGLAiIIoABOHaNVw4sexZBym6\/HWlH5h3IC7yRbxtipcWxdTOkORKiNQAEkFf66x5S2oeRbroOlLgg0sSYkR0hRGEqJZ0jTPiQKatESdBckpWigxaapEH0lImHdWu9pUFF2XqMNM2Z4kped7IwEJw2qabwtrQqnpw6HyKkgcadKWsmpywwesDyIhYRpdzXddqegtGIJlXbAIUMOLkGxJUjRIkokwjUaX9d\/kK62ps\/tYUqZLIMkLTyBhsMZ3C5Z\/kDxOSCb\/DOs\/\/J0qcWSX\/2ipe56EgTCA4\/cB7NAYOsni4mZM1MUPAISoEwkDi4lhVBQ1cWQyIcwalw4EpqZN68JUSK7XC0kTlkLYii5uXSC8jT5ncCAS7mjCv0uHp\/3lueHEEAeQ\/\/VgmdN71\/2uCSA1Xr6DO6uI6sW56zqT2tp2PhgiRUAajV8CY2fkcz6WGNKMgLAt7tJAhD4YHMTeRxlALE6+43WqjSWi8ITxyJl8WrwWSNESQZZOqhDDntO3hJLsd5RtSpbJqdv3YrDJH3F7jL1R2O2aQkn2MyCyKYz0GPGIvSAMgBCrCEiJyKbBaYGwLW4uPRr0A0M4Ux5kUI7IBh+hMdiCEWNqhMZGyYMsOgNE58UQuEQeUnSWCMYwL54hkxK6IoqucQZbQ3pc3XtL0lky1dL0zZJJDpWJovFqpWj6JEHnyam2eQp5QRVAVHjWparTOaVwUOx99YS2MvgxIGV0bb+qIg2HX2qkFFJB+XZcbLiuRkuxD9GRroKyveLxdh4d7Orx+hb7qc3uVRuEogCOnyIxm4ubUoPgF4jianDrC+SDQDKEfJb0GUKmjCGPYHGJvVC6X4hw1\/sAfQAdfYyephIaspXe36RwOP+Ljvfx9B6B3i+Nk0DGq+oCbLn6JpBa9nWAveAIHwFAwtVcIJXPMPL8kRu5OAYPMaL1WScTxjiZDqB9LTJSWphow\/pTYKRTLjCBhvi9iBidvKcDasGSm0QQkycYuLBqj6QCELPctqChDWpTRMWkngNNpQ1Pfp1KkiT\/Y0DGffXAweUNfLAfaJFKDwhb6I+bkYRbkERoEeu3Fyjg2opMz2daZCS9jt6Q7txNfB+OZEVF6Zl5web2xunnLQrtrjXseXKaFYziYINeMFZVxS9VxRhOoesYwxPKXm+gWLG9cuFeq93UNNeJNsf1KlwuDok9n02n3TgIJpOxNfL9naIoQwXtfH9kjceTIIi709ncTg6LZbg+biLH1V6u\/7rxBem06VXKn9raAAAAAElFTkSuQmCC\")      no-repeat center center \/ contain;  }  @media screen and (max-width: 960px) and (orientation: portrait) {    .logo {      width: 100%;    }    .logo .pc-banner {      display: none;    }    .logo .m-banner {      display: block;      width: 100%;    }    .logo .m-banner img {      height: auto!important;    }    .ytvideo {      height: 200px;      width: 100%;    }  }<\/style><style>  .video-section {    width: 100%;    margin: 0 auto;  }  .video-section > img {    width: 100%;  }  .video-section iframe,  .video-section video {    width: 100%;    height: 100%;      }  .video-section-img-m,  .video-section-img-pc > img {    width: 100%;    height: auto;  }  .video-section-img-pc.small > img {    width: 970px;  }  .video-desc {    line-height: 1.5;    font-size: 20px;    font-weight: 400;    margin: 20px 0;    text-align: center;    color: #0f1111;    word-break: break-word;  }  @media screen and (max-width: 960px) and (orientation: portrait) {    .video-section {      width: 100%;    }    .video-section-pc,    .video-section-img-pc {      display: none;    }    .video-section-m,    .video-section-img-m {      display: block;    }    .video-desc {      font-size: 15px;    }  }  @media screen and (min-width: 960px) {    .video-section {      width: 100%;      margin: 0 auto;    }    .video-section-pc,    .video-section-img-pc {      display: block;    }    .video-section-m,    .video-section-img-m {      display: none;    }    .video-desc {      font-size: 20px;    }  }<\/style><style>  .section + .section {    margin-top: 35px;  }  .section-title {    text-align: center;    font-weight: bold;    color: #0d1111;    font-family: \"Arial\";    font-size: 32px;    margin: 15px 0;  }  .section-title:empty {    display: none;  }  .section-desc {    text-align: center;    font-weight: normal;    color: #0d1111;    margin-top: 20px;  }  .section-desc:empty {    display: none;  }  .section-img {    width: 1200px;    height: 492px;    margin: 0 auto;    display: block;  }  .section-img.small {    width: 970px;    height: auto;  }  .section-img.small > img {    height: auto;  }  .section-img > img {    width: 100%;    height: 100%;  }  .section-mobile-img {    display: none;    max-width: 100vw;    max-height: 75vw;    height: 450px;    margin: 0 auto;  }  .section-mobile-img > img {    width: 100%;    height: 100%;  }  @media screen and (max-width: 960px) and (orientation: portrait) {    .container {      width: 100%;    }    .container.small {      width: 100%;    }    .section-mobile-img {      display: block;    }    .section-img {      display: none;    }    .section-title {      font-size: 22px;      margin: 10px 0;    }    .section-desc {      margin-top: 10px;    }    .section + .section {      margin-top: 20px;    }  }<\/style><\/head><body><div class=\"container small\"><div class=\"logo\"><div class=\"pc-banner small\"><div><img decoding=\"async\" src=\"\/vevor\/vevor\/boutique-banner\/pc\/en-pc@1x.jpg\" style=\"width: 100%;\" \/><\/div><\/div><div class=\"m-banner\"><div><img decoding=\"async\" src=\"\/vevor\/vevor\/boutique-banner\/mobile\/en-m@1x.jpg\" style=\"width: 100%;\" \/><\/div><\/div><\/div><div class=\"section-title\">Go Kart Ratai Sankabos Pakeitimas Kit<\/div><div class=\"video-section\"><div class=\"video-section-img-pc small\"><img decoding=\"async\" src=\"\/vevor\/product\/KDCLHQXLCLBJQQZAX\/drive-clutch-a100-1.4-pt.jpg\" \/><\/div><div class=\"video-section-img-m\"><img decoding=\"async\" src=\"\/vevor\/product\/KDCLHQXLCLBJQQZAX\/drive-clutch-a100-1.4-pt.jpg\" \/><\/div><div class=\"section-desc\">\u0160io disko sankabos pakeitimo komplekt\u0105 \u012feina visi reikalingi komponentai, siekiant skland\u017eiai, efektyviai sukeisti. Pagamintas i\u0161 tvirto plieno, tai u\u017etikrina ger\u0105 dilimo, atsparumas ir ilgaam\u017ei\u0161kumas, suma\u017einti prie\u017ei\u016bros poreikius. Idealiai tinka atkurti elektros energijos perdavimo ir didinti na\u0161um\u0105.<\/div><\/div><div class=\"section\"><div class=\"section-title\"><\/div><div class=\"section-img small\"><img decoding=\"async\" src=\"\/vevor\/product\/KDCLHQXLCLBJQQZAX\/drive-clutch-a100-2.2-pt.jpg\" \/><\/div><div class=\"section-mobile-img\"><img decoding=\"async\" src=\"\/vevor\/product\/KDCLHQXLCLBJQQZAX\/drive-clutch-a100-2.2-pt.jpg\" \/><\/div><div class=\"section-desc\">Atnaujintas asimetrinis dizainas su 4-coli\u0173 ratai varantys vidinis skersmuo ir 5\/8 colio varan\u010di\u0173j\u0173 rat\u0173 vidinis skersmuo. \u0160io projekto ma\u017eina degal\u0173 s\u0105naudas, kartu u\u017etikrinant greit\u0105 variklio atsako u\u017e pa\u017eangias saugumo ir naudingumo.<\/div><\/div><div class=\"section\"><div class=\"section-title\"><\/div><div class=\"section-img small\"><img decoding=\"async\" src=\"\/vevor\/product\/KDCLHQXLCLBJQQZAX\/drive-clutch-a100-2.3-pt.jpg\" \/><\/div><div class=\"section-mobile-img\"><img decoding=\"async\" src=\"\/vevor\/product\/KDCLHQXLCLBJQQZAX\/drive-clutch-a100-2.3-pt.jpg\" \/><\/div><div class=\"section-desc\">Pagaminti i\u0161 gele\u017eies ir j\u0173 lydini\u0173 med\u017eiagos, \u0161io disko sankaba turi i\u0161pl\u0117t\u0117 gumos dir\u017eas saugus ry\u0161ys, leid\u017eiantis ma\u017eoms varikliams pasiekti geresni\u0173 RPM ir pagreitis skland\u017eiau. Pabandykite m\u016bs\u0173 tvirtas produktas.<\/div><\/div><div class=\"section\"><div class=\"section-title\"><\/div><div class=\"section-img small\"><img decoding=\"async\" src=\"\/vevor\/product\/KDCLHQXLCLBJQQZAX\/drive-clutch-a100-2.4-pt.jpg\" \/><\/div><div class=\"section-mobile-img\"><img decoding=\"async\" src=\"\/vevor\/product\/KDCLHQXLCLBJQQZAX\/drive-clutch-a100-2.4-pt.jpg\" \/><\/div><div class=\"section-desc\">Diskas sankabos vartotojo instrukcija yra visi\u0161kai asambl\u0117jos pamoka, u\u017etikrinant tinkam\u0105 ir saug\u0173 surinkim\u0105, siekiant i\u0161vengti i\u0161montavimo metu didel\u0117s spartos veikimu. Be to, vadovas gali padaryti j\u016bs\u0173 \u012frenginio saugus.<\/div><\/div><div class=\"section\"><div class=\"section-title\"><\/div><div class=\"section-img small\"><img decoding=\"async\" src=\"\/vevor\/product\/KDCLHQXLCLBJQQZAX\/drive-clutch-a100-2.5-pt.jpg\" \/><\/div><div class=\"section-mobile-img\"><img decoding=\"async\" src=\"\/vevor\/product\/KDCLHQXLCLBJQQZAX\/drive-clutch-a100-2.5-pt.jpg\" \/><\/div><div class=\"section-desc\">Aktyvus ir varom\u0173j\u0173 rat\u0173 funkcija r\u016bd\u017ei\u0173 \u012frodymas danga, u\u017etikrinant ilgaam\u017ei\u0161kum\u0105 visoje \u012fvairiomis kelio s\u0105lygomis ir oras. Jums nereik\u0117s nerimauti apie tai, ne\u0161ioti nuo sm\u0117lio ir \u017evyro arba nuo nuo lietaus. Be to, danga yra corresion atsparus, tod\u0117l ji prailgina tarnavimo laikas i\u0161 j\u016bs\u0173 dali\u0173.<\/div><\/div><div class=\"section\"><div class=\"section-img small\"><img decoding=\"async\" src=\"\/vevor\/product\/KDCLHQXLCLBJQQZAX\/drive-clutch-a100-1.11-pt.jpg\" \/><\/div><div class=\"section-mobile-img\"><img decoding=\"async\" src=\"\/vevor\/product\/KDCLHQXLCLBJQQZAX\/drive-clutch-a100-1.11-pt.jpg\" \/><\/div><\/div><\/div><\/body><\/html><\/div>\n<div class=\"DM_at-title\" id=\"js-DM_at-title\"> <div>Produkto specifikacija<\/div> <i class=\"icon-arrowup_line\"><\/i> <\/div><div class=\"DM_at-goodsDescAttr\" id=\"js-DM_at-goodsDescAttr\"> <div class=\"DM_at-goodsDescAttrInner\"> <dl class=\"goodsDesc_item goodsDesc_item_even\"> <dt>Prek\u0117s Modelio Numeris<\/dt> <dd> MC30K75D10T12T<\/dd> <\/dl> <dl class=\"goodsDesc_item\"> <dt>Neto Svoris<\/dt> <dd> 12.3 svar\u0173\/5.6 kg<\/dd> <\/dl> <dl class=\"goodsDesc_item goodsDesc_item_even\"> <dt>Ma\u017eesnis Greitis<\/dt> <dd> Kaip 1400 APS \/ min<\/dd> <\/dl> <dl class=\"goodsDesc_item\"> <dt>Darbo Greitis<\/dt> <dd> 2000 APS \/ min<\/dd> <\/dl> <dl class=\"goodsDesc_item goodsDesc_item_even\"> <dt>Ratai Varantys Vidinis Skersmuo<\/dt> <dd> 3\/4 colio<\/dd> <\/dl> <dl class=\"goodsDesc_item\"> <dt>Varan\u010di\u0173j\u0173 Rat\u0173 Vidinis Skersmuo<\/dt> <dd> 5\/8 colio<\/dd> <\/dl> <dl class=\"goodsDesc_item goodsDesc_item_even\"> <dt>Gaminio Matmenys<\/dt> <dd>12.6 x 6.7 x 9.1 colio\/320\u00d7170\u00d7230 mm<\/dd> <\/dl> <\/div> <\/div>","protected":false},"excerpt":{"rendered":"<ul>\n<li> 30 Serija Sankabos Komplektas: varantys Ratai vidinis diametras: 3\/4 colio, varan\u010di\u0173j\u0173 rat\u0173 vidinis skersmuo: 5\/8 colio. Suderinama su atsargini\u0173 dali\u0173 numeriai: 218353A\uff0c219552A\uff0c219456A\uff0c218352A. <\/li>\n<li> Suderinama su 2-8 KW Varikliai: \u0160is rinkinys tinka go-kortel\u0117s, mini dvira\u010diai, Keturra\u010diai, UTVs, vejapjovi\u0173, generatori\u0173, ir daugiau. Pastaba: pasir\u016bpinkite, kad j\u016bs\u0173 variklis yra Amerikos ar Metrini\u0173 prie\u0161 \u012frengimas ir tinkamas var\u017et\u0173 n\u0117ra \u012ftrauktas. <\/li>\n<li> Geresni\u0173 Rezultat\u0173 su Asimetri\u0161kas Dizainas: asimetri\u0161kas dizainas, pavaros ir varom\u0173j\u0173 rat\u0173 padidina automobilio gali\u0105, didina sukimo perdavimo, leid\u017eia efektyviai veikti, ir leid\u017eia greitai engine start\/stop, suma\u017einti kuro suvartojim\u0105. <\/li>\n<li> Auk\u0161to danties skai\u010diavimo dir\u017eas: i\u0161pl\u0117stas, didelio tempimo guminis dir\u017eas sukurtas taip, kad b\u016bt\u0173 ilgaam\u017eis patvarumas, d\u0117v\u0117jimasis ir atsparumas l\u016b\u017eiams. Su gilesniais, gausesniais dantimis jis u\u017etikrina tvirtesn\u012f sukibim\u0105, u\u017etikrinant stabil\u0173 sukibim\u0105 su pavara ir varomais ratais \u012fvairiais grei\u010diais. <\/li>\n<li> Sunki\u0173j\u0173 Lydinio Konstrukcija: ratai ir varomi ratai yra pagaminti i\u0161 gele\u017eies ir cinko lydinys, su r\u016bd\u017ei\u0173 atsparia danga. Tai sunki, patvarus dizainas si\u016blo gera \u0161ilumos i\u0161sklaidymo, ir atsparios korozijai. <\/li>\n<\/ul>","protected":false},"featured_media":366511,"comment_status":"open","ping_status":"open","template":"","meta":{"om_disable_all_campaigns":false,"_uf_show_specific_survey":0,"_uf_disable_surveys":false},"location":[1935,1934],"product_brand":[21],"product_cat":[2483,2659,2365,3717,3716],"product_tag":[],"class_list":{"0":"post-148004","1":"product","2":"type-product","3":"status-publish","4":"has-post-thumbnail","6":"location-supplier_stock_location","7":"location-local_stock_location","8":"product_brand-vevor","9":"product_cat-outdoor-power-equipment-outdoors","10":"product_cat-outdoor-power-equipment-parts","11":"product_cat-outdoors","12":"product_cat-replacement-clutch","13":"product_cat-replacement-engine-parts","15":"first","16":"onbackorder","17":"taxable","18":"shipping-taxable","19":"purchasable","20":"product-type-simple"},"aioseo_notices":[],"locations":[{"id":1935,"name":"Pieg\u0101d\u0101t\u0101ja noliktav\u0101 (5-7d.d.)","slug":"supplier_stock_location","quantity":"0"},{"id":1934,"name":"R\u012bgas veikal\u0101 (0-2d.d.)","slug":"local_stock_location","quantity":"0"}],"_links":{"self":[{"href":"https:\/\/vevorshop.lv\/lt\/wp-json\/wp\/v2\/product\/148004","targetHints":{"allow":["GET"]}}],"collection":[{"href":"https:\/\/vevorshop.lv\/lt\/wp-json\/wp\/v2\/product"}],"about":[{"href":"https:\/\/vevorshop.lv\/lt\/wp-json\/wp\/v2\/types\/product"}],"replies":[{"embeddable":true,"href":"https:\/\/vevorshop.lv\/lt\/wp-json\/wp\/v2\/comments?post=148004"}],"wp:featuredmedia":[{"embeddable":true,"href":"https:\/\/vevorshop.lv\/lt\/wp-json\/wp\/v2\/media\/366511"}],"wp:attachment":[{"href":"https:\/\/vevorshop.lv\/lt\/wp-json\/wp\/v2\/media?parent=148004"}],"wp:term":[{"taxonomy":"location","embeddable":true,"href":"https:\/\/vevorshop.lv\/lt\/wp-json\/wp\/v2\/location?post=148004"},{"taxonomy":"product_brand","embeddable":true,"href":"https:\/\/vevorshop.lv\/lt\/wp-json\/wp\/v2\/product_brand?post=148004"},{"taxonomy":"product_cat","embeddable":true,"href":"https:\/\/vevorshop.lv\/lt\/wp-json\/wp\/v2\/product_cat?post=148004"},{"taxonomy":"product_tag","embeddable":true,"href":"https:\/\/vevorshop.lv\/lt\/wp-json\/wp\/v2\/product_tag?post=148004"}],"curies":[{"name":"wp","href":"https:\/\/api.w.org\/{rel}","templated":true}]}}