{"id":149441,"date":"2025-02-12T00:29:32","date_gmt":"2025-02-12T00:29:32","guid":{"rendered":"https:\/\/vevorshop.lv\/en_us\/Prece\/vevor-300w-pcp-air-compressor-30mpa-auto-stop-with-built-in-converter-for-airguns-scuba-tanks\/"},"modified":"2026-04-06T21:47:06","modified_gmt":"2026-04-06T18:47:06","slug":"vevor-300w-pcp-air-compressor-30mpa-auto-stop-with-built-in-converter-for-airguns-scuba-tanks","status":"publish","type":"product","link":"https:\/\/vevorshop.lv\/lt\/Prece\/vevor-300w-pcp-oro-kompresorius-30mpa-auto-stotele-su-imontuotu-konverteriu-pneumatiniu-ginklu-akvalango-bakams\/","title":{"rendered":"VEVOR PCP oro kompresorius 300W 30MPa 4500PSI su Auto Stop, dvigubu ekranu, ventiliatoriumi, DC12V\/AC230V da\u017eymui ir nardymui"},"content":{"rendered":"<div style=\"color: #fff!important; font-size: 16px; height: 24px; line-height: 24px; margin-top: -24px; \" class=\"product_original_name\">VEVOR PCP oro kompresorius, 4500PSI\/30Mpa PCP pneumatinio pistoleto kompresorius su \u012fmontuota keitiklio ir ventiliatoriaus au\u0161inimo sistema, automatinio stabdymo DC12V\/AC230V ne\u0161iojamasis da\u017e\u0173 kamuolio bako kompresorius pneumatiniam \u0161autuvui, nardymo butelis<\/div>\n<div style=\"color: #fff!important; font-size: 16px; height: 24px; line-height: 24px; margin-top: -24px; \" class=\"product_sku\">M715NYB1<\/div>\n<div style=\"color: #fff!important; font-size: 16px; height: 24px; line-height: 24px; margin-top: -24px; \" class=\"product_mpn\">QQGYCQJJS300PB0NLV2<\/div><div id=\"js-DM_at-goodDescRich\"><html><head><style>  body {    font-family: Arial;    line-height: 1.5;    color: #1c1c1c;    overflow-x: hidden;    margin: 0;    padding: 0;  }  .MsoNormal b {    font-weight: bolder;  }<\/style><style>  .container.small {    width: 970px;    margin: 0 auto;  }  .logo {    margin: 0 auto 0;  }  .logo img {    display: block;    margin: 0 auto;    max-width: 100%;  }  .logo .pc-banner {    display: block;    width: 1200px;    height: 247.4px;    margin: 0 auto;  }  .logo .pc-banner.small {    width: 970px;  }  .logo .pc-banner.small img {    height: auto!important;  }  .logo .m-banner {    display: none;  }  .ytvideo {    position: relative;    height: 546px;    width: 100%;    margin: 0 auto;  }  .ytvideo img {    width: 100%;    margin: 0 auto;  }  .ytvideo .play-btn {    width: 60px;    height: 42px;    position: absolute;    top: 50%;    left: 50%;    transform: translate(-50%, -50%);    background: url(\"data:image\/png;base64,iVBORw0KGgoAAAANSUhEUgAAAGQAAABGCAMAAAANWMFbAAAC+lBMVEUAAADBGB3kLCfBGB3kLCfcJC7BFx3KKSbiKybkLCbWJCPSIiLSIiLPICHAFx3kLCfgKSXNHiDZJiTIGx\/p4eHcjo7LHSDbJyTkLCbjKyfOHyHPIiL28fHJHB\/GGh7EGR7eKCXDGB3RISHlLSbBGB3AFxzGHB7DGB7BGB3hKybkKybAFx3lLCfAFxzDGR3hKibDGB7cJyTmz8\/elJTlwcHjurrUIyLlLSflLSfAFx3DGR7lLSfCFx3hKibhKibhKybjKybkLCblLSfbJSX49vbx7e3NNzjNMTLMJyjVIyLZf3\/ZQ0LaeHjx0tLgoqLkLCfCGB3HGx\/BGB3BFx3PICHCGB7WJCLOHyC\/Fxy\/Fx3lLCfQISHkLSe\/FxzbJiTBFx3FGx\/AGB7BFx3EGR7AGB3HHSDfKiXAFh3TISHYNzbhKibbJyTTIiL57e325+f039\/v2NjUV1fOHiHiqanfmprch4feKSXVIyPOICHmLibFGh\/mLSe\/Fx7XJCPeKSXXJSPNHyHaJyTGGh7lLCbmLCflLSjSIiLkLCbdKSXLHiC\/GB3KHh++Fh3lKyfoLiXcKCPkx8fYb2\/XaGfVXl3aU1LLHiDksbHgKibPICHbJyTfKSXbJyTCGB3KHSDiKybFGh7TIiL\/\/\/\/VIyPRISHIHB\/GGx\/HHB\/DGR7gKibdKCXLHiDZJiTMHiDNHyHYJSTOICHPICHWJCPcKCXXJSPjLCblLCf+\/f3NGR\/uLijzLynPGR\/IGB7WISHaIyLLGh7UAADxLynNAADRLzDbICLQAADIAAD3MCrUHSHXMTDpKSbLAADp5OTij4\/ejo\/VLy\/1LyngJSTcJCPQHx\/OHB7+\/PzaMS\/OLS\/vLijrLSjSAADaNTPwLyjkKSbNJCbYISHPHB\/KGB7WAAD7+vrn3d3aKynTKCjoLCfsKifRGh\/YAADq5+fhjo7QNDXXKCfmJyXt5+fTLzDLLi\/QKivYHRvMGBrQJCXLISPMExXLDxLaEAvkkI\/bOTfaFQ\/SCgpvLcnHAAAAmnRSTlMA+vv7+gT9Bvf9+8z8\/NSv\/Pr5+P7++vnQIBMP\/v38\/Pn348XDiCYf9OjbzcqxXVcx\/fz8+\/rj1r2poo1+fXFqX0orGP7+\/v7+\/fz8+\/r68uzn4trIxsG\/vri3p6GcmZSNbWVYUUZEPQv+\/f39+\/v7+\/v7+vr64tvV1NTTz87FtbSurqeblJKFg4B3bUY+NjL7+\/v7+\/v67t1cDo8JLQAABkRJREFUWMO0kz9rwkAYh0OIeJkum6YugUAhISCdKoj\/P4C7SMdS+gEKIhSKil10LSg4mzXkILdlEpxCpwTiWOLX6BujvQaEQuGeHLnL+\/64J+SIcKGYTYWnntpdLjrVdqvZmNdn0+EE40GtpuuWVS6Xx6N7YDSGpWXpeq02wHgynM7q80az1a52HpddtVcpsi1zFARBrdaxbhp9iUReTGmwA4KAAr7vx3EYejnCMI6hQYEgy0LQi4jUN0wL19vqFcUC9\/1dAKmEEFkWRYkh5oBejnxQJiSJPJ\/uKBp0Thszx9Mw8hMRIQjKsptCfuES9zr5WJY6vSFCIvE9fCMUmEM1A1kSXcYGxgVYsvI1IPKTZciSTI0us\/SMGG04gDzELDoFBwdcFJrF88dqgYMTiL6DILWYyfOWE8\/kIz38olCNlC03FK95+imxp6y4oUSvAnBjHHhKNtotSDqJzVFiK8c2SBqhZtsrTtgrLXwAyduxZHNE26eHUt5rtuM4WSmds3G+sUdWYo1L+XyxButoh5eKUHk5lByO3G1LqqCWVnfrv\/lyPtf\/4ps1cndNGIri8J1TJ0lx6dR\/oPjq1nbRwdp2dCk4CtIOLW3pVKRL6WZfS5vF2KkIQhpwSsjiYIgNCs1gEMGqiIq24NQX9NwoXFy8Ufrl3twTcg4fv8T9\/JBEySduj6Mjm4bMzYV7EEOxKjjoNDud7yY3Dy71Hq2oLmqfbNR723edH9PgMrNL2utoQ3VmaIDkiw\/4w51P06hlZsTZvkRrbVuSIs\/zwSOsycgzStQouoAkWQqioRT5XI7n2Z1wfVhoZmcAJLsoqjqpjbWCgpOAJXBwHK8PzWbNvoUZJND5wCnSkLAkZ1legx6vqQzjoiTahKlGUGLAiIIoABOHaNVw4sexZBym6\/HWlH5h3IC7yRbxtipcWxdTOkORKiNQAEkFf66x5S2oeRbroOlLgg0sSYkR0hRGEqJZ0jTPiQKatESdBckpWigxaapEH0lImHdWu9pUFF2XqMNM2Z4kped7IwEJw2qabwtrQqnpw6HyKkgcadKWsmpywwesDyIhYRpdzXddqegtGIJlXbAIUMOLkGxJUjRIkokwjUaX9d\/kK62ps\/tYUqZLIMkLTyBhsMZ3C5Z\/kDxOSCb\/DOs\/\/J0qcWSX\/2ipe56EgTCA4\/cB7NAYOsni4mZM1MUPAISoEwkDi4lhVBQ1cWQyIcwalw4EpqZN68JUSK7XC0kTlkLYii5uXSC8jT5ncCAS7mjCv0uHp\/3lueHEEAeQ\/\/VgmdN71\/2uCSA1Xr6DO6uI6sW56zqT2tp2PhgiRUAajV8CY2fkcz6WGNKMgLAt7tJAhD4YHMTeRxlALE6+43WqjSWi8ITxyJl8WrwWSNESQZZOqhDDntO3hJLsd5RtSpbJqdv3YrDJH3F7jL1R2O2aQkn2MyCyKYz0GPGIvSAMgBCrCEiJyKbBaYGwLW4uPRr0A0M4Ux5kUI7IBh+hMdiCEWNqhMZGyYMsOgNE58UQuEQeUnSWCMYwL54hkxK6IoqucQZbQ3pc3XtL0lky1dL0zZJJDpWJovFqpWj6JEHnyam2eQp5QRVAVHjWparTOaVwUOx99YS2MvgxIGV0bb+qIg2HX2qkFFJB+XZcbLiuRkuxD9GRroKyveLxdh4d7Orx+hb7qc3uVRuEogCOnyIxm4ubUoPgF4jianDrC+SDQDKEfJb0GUKmjCGPYHGJvVC6X4hw1\/sAfQAdfYyephIaspXe36RwOP+Ljvfx9B6B3i+Nk0DGq+oCbLn6JpBa9nWAveAIHwFAwtVcIJXPMPL8kRu5OAYPMaL1WScTxjiZDqB9LTJSWphow\/pTYKRTLjCBhvi9iBidvKcDasGSm0QQkycYuLBqj6QCELPctqChDWpTRMWkngNNpQ1Pfp1KkiT\/Y0DGffXAweUNfLAfaJFKDwhb6I+bkYRbkERoEeu3Fyjg2opMz2daZCS9jt6Q7txNfB+OZEVF6Zl5web2xunnLQrtrjXseXKaFYziYINeMFZVxS9VxRhOoesYwxPKXm+gWLG9cuFeq93UNNeJNsf1KlwuDok9n02n3TgIJpOxNfL9naIoQwXtfH9kjceTIIi709ncTg6LZbg+biLH1V6u\/7rxBem06VXKn9raAAAAAElFTkSuQmCC\")      no-repeat center center \/ contain;  }  @media screen and (max-width: 960px) and (orientation: portrait) {    .logo {      width: 100%;    }    .logo .pc-banner {      display: none;    }    .logo .m-banner {      display: block;      width: 100%;    }    .logo .m-banner img {      height: auto!important;    }    .ytvideo {      height: 200px;      width: 100%;    }  }<\/style><style>  .video-section {    width: 100%;    margin: 0 auto;  }  .video-section > img {    width: 100%;  }  .video-section iframe,  .video-section video {    width: 100%;    height: 100%;      }  .video-section-img-m,  .video-section-img-pc > img {    width: 100%;    height: auto;  }  .video-section-img-pc.small > img {    width: 970px;  }  .video-desc {    line-height: 1.5;    font-size: 20px;    font-weight: 400;    margin: 20px 0;    text-align: center;    color: #0f1111;    word-break: break-word;  }  @media screen and (max-width: 960px) and (orientation: portrait) {    .video-section {      width: 100%;    }    .video-section-pc,    .video-section-img-pc {      display: none;    }    .video-section-m,    .video-section-img-m {      display: block;    }    .video-desc {      font-size: 15px;    }  }  @media screen and (min-width: 960px) {    .video-section {      width: 100%;      margin: 0 auto;    }    .video-section-pc,    .video-section-img-pc {      display: block;    }    .video-section-m,    .video-section-img-m {      display: none;    }    .video-desc {      font-size: 20px;    }  }<\/style><style>  .section + .section {    margin-top: 35px;  }  .section-title {    text-align: center;    font-weight: bold;    color: #0d1111;    font-family: \"Arial\";    font-size: 32px;    margin: 15px 0;  }  .section-title:empty {    display: none;  }  .section-desc {    text-align: center;    font-weight: normal;    color: #0d1111;    margin-top: 20px;  }  .section-desc:empty {    display: none;  }  .section-img {    width: 1200px;    height: 492px;    margin: 0 auto;    display: block;  }  .section-img.small {    width: 970px;    height: auto;  }  .section-img.small > img {    height: auto;  }  .section-img > img {    width: 100%;    height: 100%;  }  .section-mobile-img {    display: none;    max-width: 100vw;    max-height: 75vw;    height: 450px;    margin: 0 auto;  }  .section-mobile-img > img {    width: 100%;    height: 100%;  }  @media screen and (max-width: 960px) and (orientation: portrait) {    .container {      width: 100%;    }    .container.small {      width: 100%;    }    .section-mobile-img {      display: block;    }    .section-img {      display: none;    }    .section-title {      font-size: 22px;      margin: 10px 0;    }    .section-desc {      margin-top: 10px;    }    .section + .section {      margin-top: 20px;    }  }<\/style><\/head><body><div class=\"container small\"><div class=\"logo\"><div class=\"pc-banner small\"><div><img decoding=\"async\" src=\"\/vevor\/vevor\/boutique-banner\/pc\/en-pc@1x.jpg\" style=\"width: 100%;\" \/><\/div><\/div><div class=\"m-banner\"><div><img decoding=\"async\" src=\"\/vevor\/vevor\/boutique-banner\/mobile\/en-m@1x.jpg\" style=\"width: 100%;\" \/><\/div><\/div><\/div><div class=\"section-title\">I\u0161p\u016bsti Protingesni ir Grei\u010diau, Paruo\u0161tas J\u016bs\u0173 Nuotyki\u0173<\/div><div class=\"video-section\"><div class=\"video-section-img-pc small\"><img decoding=\"async\" src=\"\/vevor\/product\/QQGYCQJJS300PB0NL\/pcp-air-compressor-a100-1.4-pt.jpg\" \/><\/div><div class=\"video-section-img-m\"><img decoding=\"async\" src=\"\/vevor\/product\/QQGYCQJJS300PB0NL\/pcp-air-compressor-a100-1.4-pt.jpg\" \/><\/div><div class=\"section-desc\">M\u0117gaukit\u0117s patikimu oro tiekimo ir bet kada, bet kur, su m\u016bs\u0173 IVP oro kompresorius. Su built-in konverteris, ji suteikia DC12V ir AC230V dual \u012fkrovimo funkcijos. M\u0117gautis greita ir stabili infliacija su auto-stop, 4500PSI\/30Mpa did\u017eiausias sl\u0117gis, built-in ventiliatorius au\u0161inimo sistemos ir realaus laiko sl\u0117gis ekranas.<\/div><\/div><div class=\"section\"><div class=\"section-title\"><\/div><div class=\"section-img small\"><img decoding=\"async\" src=\"\/vevor\/product\/QQGYCQJJS300PB0NL\/pcp-air-compressor-a100-2.2-pt.jpg\" \/><\/div><div class=\"section-mobile-img\"><img decoding=\"async\" src=\"\/vevor\/product\/QQGYCQJJS300PB0NL\/pcp-air-compressor-a100-2.2-pt.jpg\" \/><\/div><div class=\"section-desc\">Tai 300W IVP striuk\u0117s siurblys efektyviai u\u017epildo 0,5 L oro cilindras nuo 0 iki 300bar vos 18 minu\u010di\u0173, taupyti laik\u0105 ir i\u0161laikyti, j\u016bs esate pasireng\u0119s u\u017e savo kit\u0105 nuotyk\u012f.<\/div><\/div><div class=\"section\"><div class=\"section-title\"><\/div><div class=\"section-img small\"><img decoding=\"async\" src=\"\/vevor\/product\/QQGYCQJJS300PB0NL\/pcp-air-compressor-a100-2.3-pt.jpg\" \/><\/div><div class=\"section-mobile-img\"><img decoding=\"async\" src=\"\/vevor\/product\/QQGYCQJJS300PB0NL\/pcp-air-compressor-a100-2.3-pt.jpg\" \/><\/div><div class=\"section-desc\">Peintbolo bako kompresorius yra \u012frengta su auto shut-off &#034; sistema, kuri stebi sl\u0117gio realiu laiku, automati\u0161kai sustabdyti pripu\u010diamos kart\u0105 gamintojo nustatytas maksimalus sl\u0117gis pasiekiamas. Ji u\u017etikrina, patogus valdymas ir sustiprintos saugos be jokio vargo patirtis.<\/div><\/div><div class=\"section\"><div class=\"section-title\"><\/div><div class=\"section-img small\"><img decoding=\"async\" src=\"\/vevor\/product\/QQGYCQJJS300PB0NL\/pcp-air-compressor-a100-2.4-pt.jpg\" \/><\/div><div class=\"section-mobile-img\"><img decoding=\"async\" src=\"\/vevor\/product\/QQGYCQJJS300PB0NL\/pcp-air-compressor-a100-2.4-pt.jpg\" \/><\/div><div class=\"section-desc\">Su \u012fmontuotu keitikliu, \u0161is IVP oro \u0161autuvas kompresorius prisitaiko prie j\u016bs\u0173 poreiki\u0173. J\u012f naudoti lauke su DC12V automobilio akumuliatoriaus ar namuose su AC230V elektros lizdas, si\u016blanti ultimate lankstum\u0105, kur esate.<\/div><\/div><div class=\"section\"><div class=\"section-title\"><\/div><div class=\"section-img small\"><img decoding=\"async\" src=\"\/vevor\/product\/QQGYCQJJS300PB0NL\/pcp-air-compressor-a100-2.5-pt.jpg\" \/><\/div><div class=\"section-mobile-img\"><img decoding=\"async\" src=\"\/vevor\/product\/QQGYCQJJS300PB0NL\/pcp-air-compressor-a100-2.5-pt.jpg\" \/><\/div><div class=\"section-desc\">\u0160is ne\u0161iojamas IVP kompresorius yra kompakti\u0161kas, lengvas ir lengvai atlikti. Jis ateina su patogiu ne\u0161iojimo rankena, ir j\u016bs galite pasiimti su savimi visur, kur jums eiti, ar namie, ar lauke, be na\u0161ta sunki\u0173j\u0173 \u012franga.<\/div><\/div><div class=\"section\"><div class=\"section-img small\"><img decoding=\"async\" src=\"\/vevor\/product\/QQGYCQJJS300PB0NL\/pcp-air-compressor-a100-1.11-pt.jpg\" \/><\/div><div class=\"section-mobile-img\"><img decoding=\"async\" src=\"\/vevor\/product\/QQGYCQJJS300PB0NL\/pcp-air-compressor-a100-1.11-pt.jpg\" \/><\/div><\/div><\/div><\/body><\/html><\/div>\n<div class=\"DM_at-title\" id=\"js-DM_at-title\"> <div>Produkto specifikacija<\/div> <i class=\"icon-arrowup_line\"><\/i> <\/div><div class=\"DM_at-goodsDescAttr\" id=\"js-DM_at-goodsDescAttr\"> <div class=\"DM_at-goodsDescAttrInner\"> <dl class=\"goodsDesc_item goodsDesc_item_even\"> <dt>Nominali Galia<\/dt> <dd> 300 W<\/dd> <\/dl> <dl class=\"goodsDesc_item\"> <dt>Maksimalus Sl\u0117gis<\/dt> <dd> 4500PSI \/ 30Mpa<\/dd> <\/dl> <dl class=\"goodsDesc_item goodsDesc_item_even\"> <dt>Did\u017eiausia Temperat\u016bra<\/dt> <dd> 176 \u2109 \/ 80\u2103<\/dd> <\/dl> <dl class=\"goodsDesc_item\"> <dt>Stop Tipas<\/dt> <dd> Auto Stop<\/dd> <\/dl> <dl class=\"goodsDesc_item goodsDesc_item_even\"> <dt>Au\u0161inimo Metodas<\/dt> <dd> Efektyvi Au\u0161inimo Ventiliatorius<\/dd> <\/dl> <dl class=\"goodsDesc_item\"> <dt>Neto Svoris<\/dt> <dd> 18.1 svar\u0173 \/ 8.2 kg<\/dd> <\/dl> <dl class=\"goodsDesc_item goodsDesc_item_even\"> <dt>Gaminio Matmenys<\/dt> <dd> 11.8 x 7.9 x 10.2 \u012f \/ 300 x 200 x 260 mm<\/dd> <\/dl> <\/div> <\/div>","protected":false},"excerpt":{"rendered":"<ul>\n<li> Sparti Infliacija su Auto Stop: atsisveikinti su ilgu laukimu. M\u016bs\u0173 300W PCP, oro kompresorius gali be vargo u\u017epildyti 0,5 L oro cilindras nuo 0 iki 300bar vos 18 minu\u010di\u0173. Kai jis pasiekia nustatyt\u0105 sl\u0117g\u012f, ji automati\u0161kai i\u0161sijungia, teikti be jokio vargo infliacijos j\u016bs\u0173 da\u017easvyd\u017eio ginklai, PCP ginklai, ir nardymas buteli\u0173. <\/li>\n<li> Smart Dvigubas Ekranas: M\u016bs\u0173 ne\u0161iojam\u0173 IVP kompresorius, funkcijos, pa\u017eangi dviguba rodymo sistema, kuri teikia realaus laiko sl\u0117gio ir temperat\u016bros rodmenis. Su 4500PSI\/30Mpa did\u017eiausias sl\u0117gis, ji puikiai atitinka poreikius \u012fvairi\u0173 pneumatinius. Maksimali Temperat\u016bra: 80\u2103 \/ 176 \u2109. <\/li>\n<li> Universalus Nam\u0173 ir Naudoti Lauko s\u0105lygomis: Su integruotu galios keitiklis, tai IVP oro \u0161autuvas kompresorius gali b\u016bti maitinamas tiek AC230V lizdas namuose ir 12V automobilio akumuliatoriaus lauke. Gauti \u0161is kompakti\u0161kas oro siurblys, ar esate namie, ar i\u0161 laukini\u0173, galia visuomet yra pasiekiamas. <\/li>\n<li> Built-in Ventiliatorius Au\u0161inimo Sistema: PCP striuk\u0117s kompresorius savyb\u0117s pa\u017eangiosios ventiliatorius au\u0161inimo sistemos kokybi\u0161k\u0105 \u0161ilumos i\u0161sklaidymo\u2014joks i\u0161orinis vandens siurblio reikia. Greit\u0173j\u0173 au\u0161inimo ventiliatorius efektyviai apsaugo nuo perkaitimo, u\u017etikrinti optimal\u0173 na\u0161um\u0105 ir prat\u0119sti produkto tarnavimo laik\u0105. <\/li>\n<li> Comprehensive All-in-One Package: Our oil &amp; water free paintball tank air pump provides 8mm quick-connect high-pressure hose, battery clamp, and a set of accessory pack for easy connections and replacements. (* Note: When inflating the scuba diving tank, please connect an external air filter.) <\/li>\n<\/ul>","protected":false},"featured_media":368440,"comment_status":"open","ping_status":"open","template":"","meta":{"om_disable_all_campaigns":false,"_monsterinsights_skip_tracking":false,"_monsterinsights_sitenote_active":false,"_monsterinsights_sitenote_note":"","_monsterinsights_sitenote_category":0,"_uf_show_specific_survey":0,"_uf_disable_surveys":false},"location":[1935,1934],"product_brand":[21],"product_cat":[2375,2415,3049,2374],"product_tag":[],"class_list":{"0":"post-149441","1":"product","2":"type-product","3":"status-publish","4":"has-post-thumbnail","6":"location-supplier_stock_location","7":"location-local_stock_location","8":"product_brand-vevor","9":"product_cat-air-compressor-tools","10":"product_cat-air-compressors-air-compressor-tools","11":"product_cat-pcp-air-compressors","12":"product_cat-tools","14":"first","15":"instock","16":"featured","17":"taxable","18":"shipping-taxable","19":"purchasable","20":"product-type-simple"},"aioseo_notices":[],"jetpack_sharing_enabled":true,"locations":[{"id":1935,"name":"Pieg\u0101d\u0101t\u0101ja noliktav\u0101 (5-7d.d.)","slug":"supplier_stock_location","quantity":"33"},{"id":1934,"name":"R\u012bgas veikal\u0101 (0-2d.d.)","slug":"local_stock_location","quantity":"0"}],"_links":{"self":[{"href":"https:\/\/vevorshop.lv\/lt\/wp-json\/wp\/v2\/product\/149441","targetHints":{"allow":["GET"]}}],"collection":[{"href":"https:\/\/vevorshop.lv\/lt\/wp-json\/wp\/v2\/product"}],"about":[{"href":"https:\/\/vevorshop.lv\/lt\/wp-json\/wp\/v2\/types\/product"}],"replies":[{"embeddable":true,"href":"https:\/\/vevorshop.lv\/lt\/wp-json\/wp\/v2\/comments?post=149441"}],"wp:featuredmedia":[{"embeddable":true,"href":"https:\/\/vevorshop.lv\/lt\/wp-json\/wp\/v2\/media\/368440"}],"wp:attachment":[{"href":"https:\/\/vevorshop.lv\/lt\/wp-json\/wp\/v2\/media?parent=149441"}],"wp:term":[{"taxonomy":"location","embeddable":true,"href":"https:\/\/vevorshop.lv\/lt\/wp-json\/wp\/v2\/location?post=149441"},{"taxonomy":"product_brand","embeddable":true,"href":"https:\/\/vevorshop.lv\/lt\/wp-json\/wp\/v2\/product_brand?post=149441"},{"taxonomy":"product_cat","embeddable":true,"href":"https:\/\/vevorshop.lv\/lt\/wp-json\/wp\/v2\/product_cat?post=149441"},{"taxonomy":"product_tag","embeddable":true,"href":"https:\/\/vevorshop.lv\/lt\/wp-json\/wp\/v2\/product_tag?post=149441"}],"curies":[{"name":"wp","href":"https:\/\/api.w.org\/{rel}","templated":true}]}}