{"id":14997,"date":"2024-11-18T02:05:58","date_gmt":"2024-11-18T02:05:58","guid":{"rendered":"http:\/\/vevorshop.edigo.lv\/Prece\/vevor-ball-joint-press-kit-25-pcstool-kit-c-press-ball-joint-remove-and-install-tools-for-most-2wd-and-4wd-cars-heavy-duty-ball-joint-repair-kit-for-automotive-repairing\/"},"modified":"2026-04-22T14:17:42","modified_gmt":"2026-04-22T11:17:42","slug":"vevor-ball-joint-press-kit-25-pcstool-kit-c-press-ball-joint-remove-and-install-tools-for-most-2wd-and-4wd-cars-heavy-duty-ball-joint-repair-kit-for-automotive-repairing","status":"publish","type":"product","link":"https:\/\/vevorshop.lv\/lt\/Prece\/vevor-rutuliniu-jungciu-presavimo-rinkinys-25-vntvamzdziu-rinkinys-c-presavimo-rutuliniu-jungciu-nuemimo-ir-montavimo-irankiai-daugumai-2wd-ir-4wd-automobiliu-sunkiuju-rutuliniu-jungciu-remonto-rinkin\/","title":{"rendered":"VEVOR 25 dali\u0173 \u0161arnyr\u0173 presavimo rinkinys \u2013 tvirtas C formos \u012franki\u0173 komplektas 2WD\/4WD automobili\u0173 pakabos remontui, tinka Dana a\u0161ims"},"content":{"rendered":"<div style=\"color: #fff!important; font-size: 16px; height: 24px; line-height: 24px; margin-top: -24px; \" class=\"product_original_name\">VEVOR rutulini\u0173 jung\u010di\u0173 presavimo rinkinys, 25 vnt. \u012eranki\u0173 rinkinys, C formos presavimo rutulin\u0117 jungtis Pa\u0161alinti ir \u012fdiegti \u012frankiai, skirti daugumai 2WD ir 4WD automobili\u0173, sunki\u0173j\u0173 rutulini\u0173 jung\u010di\u0173 remonto rinkinys automobili\u0173 remontui<\/div>\n<div style=\"color: #fff!important; font-size: 16px; height: 24px; line-height: 24px; margin-top: -24px; \" class=\"product_sku\">M4I4KFVD<\/div>\n<div style=\"color: #fff!important; font-size: 16px; height: 24px; line-height: 24px; margin-top: -24px; \" class=\"product_mpn\">QXJTYLJTJZXDGG6APV0<\/div><div id=\"js-DM_at-goodDescRich\"><html><head><style>  body {    font-family: Arial;    line-height: 1.5;    color: #1c1c1c;    overflow-x: hidden;    margin: 0;    padding: 0;  }  .MsoNormal b {    font-weight: bolder;  }<\/style><style>  .container.small {    width: 970px;    margin: 0 auto;  }  .logo {    margin: 0 auto 0;  }  .logo img {    display: block;    margin: 0 auto;    max-width: 100%;  }  .logo .pc-banner {    display: block;    width: 1200px;    height: 247.4px;    margin: 0 auto;  }  .logo .pc-banner.small {    width: 970px;  }  .logo .pc-banner.small img {    height: auto!important;  }  .logo .m-banner {    display: none;  }  .ytvideo {    position: relative;    height: 546px;    width: 100%;    margin: 0 auto;  }  .ytvideo img {    width: 100%;    margin: 0 auto;  }  .ytvideo .play-btn {    width: 60px;    height: 42px;    position: absolute;    top: 50%;    left: 50%;    transform: translate(-50%, -50%);    background: url(\"data:image\/png;base64,iVBORw0KGgoAAAANSUhEUgAAAGQAAABGCAMAAAANWMFbAAAC+lBMVEUAAADBGB3kLCfBGB3kLCfcJC7BFx3KKSbiKybkLCbWJCPSIiLSIiLPICHAFx3kLCfgKSXNHiDZJiTIGx\/p4eHcjo7LHSDbJyTkLCbjKyfOHyHPIiL28fHJHB\/GGh7EGR7eKCXDGB3RISHlLSbBGB3AFxzGHB7DGB7BGB3hKybkKybAFx3lLCfAFxzDGR3hKibDGB7cJyTmz8\/elJTlwcHjurrUIyLlLSflLSfAFx3DGR7lLSfCFx3hKibhKibhKybjKybkLCblLSfbJSX49vbx7e3NNzjNMTLMJyjVIyLZf3\/ZQ0LaeHjx0tLgoqLkLCfCGB3HGx\/BGB3BFx3PICHCGB7WJCLOHyC\/Fxy\/Fx3lLCfQISHkLSe\/FxzbJiTBFx3FGx\/AGB7BFx3EGR7AGB3HHSDfKiXAFh3TISHYNzbhKibbJyTTIiL57e325+f039\/v2NjUV1fOHiHiqanfmprch4feKSXVIyPOICHmLibFGh\/mLSe\/Fx7XJCPeKSXXJSPNHyHaJyTGGh7lLCbmLCflLSjSIiLkLCbdKSXLHiC\/GB3KHh++Fh3lKyfoLiXcKCPkx8fYb2\/XaGfVXl3aU1LLHiDksbHgKibPICHbJyTfKSXbJyTCGB3KHSDiKybFGh7TIiL\/\/\/\/VIyPRISHIHB\/GGx\/HHB\/DGR7gKibdKCXLHiDZJiTMHiDNHyHYJSTOICHPICHWJCPcKCXXJSPjLCblLCf+\/f3NGR\/uLijzLynPGR\/IGB7WISHaIyLLGh7UAADxLynNAADRLzDbICLQAADIAAD3MCrUHSHXMTDpKSbLAADp5OTij4\/ejo\/VLy\/1LyngJSTcJCPQHx\/OHB7+\/PzaMS\/OLS\/vLijrLSjSAADaNTPwLyjkKSbNJCbYISHPHB\/KGB7WAAD7+vrn3d3aKynTKCjoLCfsKifRGh\/YAADq5+fhjo7QNDXXKCfmJyXt5+fTLzDLLi\/QKivYHRvMGBrQJCXLISPMExXLDxLaEAvkkI\/bOTfaFQ\/SCgpvLcnHAAAAmnRSTlMA+vv7+gT9Bvf9+8z8\/NSv\/Pr5+P7++vnQIBMP\/v38\/Pn348XDiCYf9OjbzcqxXVcx\/fz8+\/rj1r2poo1+fXFqX0orGP7+\/v7+\/fz8+\/r68uzn4trIxsG\/vri3p6GcmZSNbWVYUUZEPQv+\/f39+\/v7+\/v7+vr64tvV1NTTz87FtbSurqeblJKFg4B3bUY+NjL7+\/v7+\/v67t1cDo8JLQAABkRJREFUWMO0kz9rwkAYh0OIeJkum6YugUAhISCdKoj\/P4C7SMdS+gEKIhSKil10LSg4mzXkILdlEpxCpwTiWOLX6BujvQaEQuGeHLnL+\/64J+SIcKGYTYWnntpdLjrVdqvZmNdn0+EE40GtpuuWVS6Xx6N7YDSGpWXpeq02wHgynM7q80az1a52HpddtVcpsi1zFARBrdaxbhp9iUReTGmwA4KAAr7vx3EYejnCMI6hQYEgy0LQi4jUN0wL19vqFcUC9\/1dAKmEEFkWRYkh5oBejnxQJiSJPJ\/uKBp0Thszx9Mw8hMRIQjKsptCfuES9zr5WJY6vSFCIvE9fCMUmEM1A1kSXcYGxgVYsvI1IPKTZciSTI0us\/SMGG04gDzELDoFBwdcFJrF88dqgYMTiL6DILWYyfOWE8\/kIz38olCNlC03FK95+imxp6y4oUSvAnBjHHhKNtotSDqJzVFiK8c2SBqhZtsrTtgrLXwAyduxZHNE26eHUt5rtuM4WSmds3G+sUdWYo1L+XyxButoh5eKUHk5lByO3G1LqqCWVnfrv\/lyPtf\/4ps1cndNGIri8J1TJ0lx6dR\/oPjq1nbRwdp2dCk4CtIOLW3pVKRL6WZfS5vF2KkIQhpwSsjiYIgNCs1gEMGqiIq24NQX9NwoXFy8Ufrl3twTcg4fv8T9\/JBEySduj6Mjm4bMzYV7EEOxKjjoNDud7yY3Dy71Hq2oLmqfbNR723edH9PgMrNL2utoQ3VmaIDkiw\/4w51P06hlZsTZvkRrbVuSIs\/zwSOsycgzStQouoAkWQqioRT5XI7n2Z1wfVhoZmcAJLsoqjqpjbWCgpOAJXBwHK8PzWbNvoUZJND5wCnSkLAkZ1legx6vqQzjoiTahKlGUGLAiIIoABOHaNVw4sexZBym6\/HWlH5h3IC7yRbxtipcWxdTOkORKiNQAEkFf66x5S2oeRbroOlLgg0sSYkR0hRGEqJZ0jTPiQKatESdBckpWigxaapEH0lImHdWu9pUFF2XqMNM2Z4kped7IwEJw2qabwtrQqnpw6HyKkgcadKWsmpywwesDyIhYRpdzXddqegtGIJlXbAIUMOLkGxJUjRIkokwjUaX9d\/kK62ps\/tYUqZLIMkLTyBhsMZ3C5Z\/kDxOSCb\/DOs\/\/J0qcWSX\/2ipe56EgTCA4\/cB7NAYOsni4mZM1MUPAISoEwkDi4lhVBQ1cWQyIcwalw4EpqZN68JUSK7XC0kTlkLYii5uXSC8jT5ncCAS7mjCv0uHp\/3lueHEEAeQ\/\/VgmdN71\/2uCSA1Xr6DO6uI6sW56zqT2tp2PhgiRUAajV8CY2fkcz6WGNKMgLAt7tJAhD4YHMTeRxlALE6+43WqjSWi8ITxyJl8WrwWSNESQZZOqhDDntO3hJLsd5RtSpbJqdv3YrDJH3F7jL1R2O2aQkn2MyCyKYz0GPGIvSAMgBCrCEiJyKbBaYGwLW4uPRr0A0M4Ux5kUI7IBh+hMdiCEWNqhMZGyYMsOgNE58UQuEQeUnSWCMYwL54hkxK6IoqucQZbQ3pc3XtL0lky1dL0zZJJDpWJovFqpWj6JEHnyam2eQp5QRVAVHjWparTOaVwUOx99YS2MvgxIGV0bb+qIg2HX2qkFFJB+XZcbLiuRkuxD9GRroKyveLxdh4d7Orx+hb7qc3uVRuEogCOnyIxm4ubUoPgF4jianDrC+SDQDKEfJb0GUKmjCGPYHGJvVC6X4hw1\/sAfQAdfYyephIaspXe36RwOP+Ljvfx9B6B3i+Nk0DGq+oCbLn6JpBa9nWAveAIHwFAwtVcIJXPMPL8kRu5OAYPMaL1WScTxjiZDqB9LTJSWphow\/pTYKRTLjCBhvi9iBidvKcDasGSm0QQkycYuLBqj6QCELPctqChDWpTRMWkngNNpQ1Pfp1KkiT\/Y0DGffXAweUNfLAfaJFKDwhb6I+bkYRbkERoEeu3Fyjg2opMz2daZCS9jt6Q7txNfB+OZEVF6Zl5web2xunnLQrtrjXseXKaFYziYINeMFZVxS9VxRhOoesYwxPKXm+gWLG9cuFeq93UNNeJNsf1KlwuDok9n02n3TgIJpOxNfL9naIoQwXtfH9kjceTIIi709ncTg6LZbg+biLH1V6u\/7rxBem06VXKn9raAAAAAElFTkSuQmCC\")      no-repeat center center \/ contain;  }  @media screen and (max-width: 960px) and (orientation: portrait) {    .logo {      width: 100%;    }    .logo .pc-banner {      display: none;    }    .logo .m-banner {      display: block;      width: 100%;    }    .logo .m-banner img {      height: auto!important;    }    .ytvideo {      height: 200px;      width: 100%;    }  }<\/style><style>  .video-section {    width: 100%;    margin: 0 auto;  }  .video-section > img {    width: 100%;  }  .video-section iframe,  .video-section video {    width: 100%;    height: 100%;      }  .video-section-img-m,  .video-section-img-pc > img {    width: 100%;    height: auto;  }  .video-section-img-pc.small > img {    width: 970px;  }  .video-desc {    line-height: 1.5;    font-size: 20px;    font-weight: 400;    margin: 20px 0;    text-align: center;    color: #0f1111;    word-break: break-word;  }  @media screen and (max-width: 960px) and (orientation: portrait) {    .video-section {      width: 100%;    }    .video-section-pc,    .video-section-img-pc {      display: none;    }    .video-section-m,    .video-section-img-m {      display: block;    }    .video-desc {      font-size: 15px;    }  }  @media screen and (min-width: 960px) {    .video-section {      width: 100%;      margin: 0 auto;    }    .video-section-pc,    .video-section-img-pc {      display: block;    }    .video-section-m,    .video-section-img-m {      display: none;    }    .video-desc {      font-size: 20px;    }  }<\/style><style>  .section + .section {    margin-top: 35px;  }  .section-title {    text-align: center;    font-weight: bold;    color: #0d1111;    font-family: \"Arial\";    font-size: 32px;    margin: 15px 0;  }  .section-title:empty {    display: none;  }  .section-desc {    text-align: center;    font-weight: normal;    color: #0d1111;    margin-top: 20px;  }  .section-desc:empty {    display: none;  }  .section-img {    width: 1200px;    height: 492px;    margin: 0 auto;    display: block;  }  .section-img.small {    width: 970px;    height: auto;  }  .section-img.small > img {    height: auto;  }  .section-img > img {    width: 100%;    height: 100%;  }  .section-mobile-img {    display: none;    max-width: 100vw;    max-height: 75vw;    height: 450px;    margin: 0 auto;  }  .section-mobile-img > img {    width: 100%;    height: 100%;  }  @media screen and (max-width: 960px) and (orientation: portrait) {    .container {      width: 100%;    }    .container.small {      width: 100%;    }    .section-mobile-img {      display: block;    }    .section-img {      display: none;    }    .section-title {      font-size: 22px;      margin: 10px 0;    }    .section-desc {      margin-top: 10px;    }    .section + .section {      margin-top: 20px;    }  }<\/style><\/head><body><div class=\"container\"><div class=\"logo\"><div class=\"pc-banner\"><div><img decoding=\"async\" src=\"\/vevor\/vevor\/boutique-banner\/pc\/en-pc@1x.jpg\" style=\"width: 100%;\" \/><\/div><\/div><div class=\"m-banner\"><div><img decoding=\"async\" src=\"\/vevor\/vevor\/boutique-banner\/mobile\/en-m@1x.jpg\" style=\"width: 100%;\" \/><\/div><\/div><\/div><div class=\"section-title\">25 VNT Kamuolys Bendr\u0105 Spaudos Rinkinys<\/div><div class=\"video-section\"><div class=\"video-section-img-pc\"><img decoding=\"async\" src=\"\/vevor\/product\/QXJTYLJTJZXDGG6AP\/ball-joint-press-a100-1.4.jpg\" \/><\/div><div class=\"video-section-img-m\"><img decoding=\"async\" src=\"\/vevor\/product\/QXJTYLJTJZXDGG6AP\/ball-joint-press-a100-1.4-m.jpg\" \/><\/div><div class=\"section-desc\">M\u016bs\u0173 25-gabalas kamuolys bendras \u012franki\u0173 rinkinys yra pagamintas i\u0161 auk\u0161tos kokyb\u0117s anglies plieno ir gydomi profesin\u0117s \u0161ilumos proces\u0105 maksimal\u0173 stiprum\u0105 ir ilgaam\u017ei\u0161kum\u0105.<\/div><\/div><div class=\"section\"><div class=\"section-title\"><\/div><div class=\"section-img\"><img decoding=\"async\" src=\"\/vevor\/product\/QXJTYLJTJZXDGG6AP\/ball-joint-press-a100-2.2.jpg\" \/><\/div><div class=\"section-mobile-img\"><img decoding=\"async\" src=\"\/vevor\/product\/QXJTYLJTJZXDGG6AP\/ball-joint-press-a100-2.2-m.jpg\" \/><\/div><div class=\"section-desc\">M\u016bs\u0173 kamuolys bendras \u012franki\u0173 rinkinys paslaugos transporto priemon\u0117s su Dana 28, 30, 35, 44 arba 60 priekin\u0117s a\u0161ies. Puikiai tinka transporto priemon\u0117s prekini\u0173 \u017eenkl\u0173, toki\u0173 kaip &#034;Ford&#034;, GM, Dodge, IHC, Jeep.<\/div><\/div><div class=\"section\"><div class=\"section-title\"><\/div><div class=\"section-img\"><img decoding=\"async\" src=\"\/vevor\/product\/QXJTYLJTJZXDGG6AP\/ball-joint-press-a100-2.3.jpg\" \/><\/div><div class=\"section-mobile-img\"><img decoding=\"async\" src=\"\/vevor\/product\/QXJTYLJTJZXDGG6AP\/ball-joint-press-a100-2.3-m.jpg\" \/><\/div><div class=\"section-desc\">900\u00b0C \u0161ilumos gydymas turi 7 procesus, tod\u0117l kamuolys bendras \u012fdiegti rinkinys turi didesn\u012f kietum\u0105. Tai yra ner\u016bdijantys, n\u0117ra lengva sulenkti, ir ne taip lengva nutraukti.<\/div><\/div><div class=\"section\"><div class=\"section-title\"><\/div><div class=\"section-img\"><img decoding=\"async\" src=\"\/vevor\/product\/QXJTYLJTJZXDGG6AP\/ball-joint-press-a100-2.4.jpg\" \/><\/div><div class=\"section-mobile-img\"><img decoding=\"async\" src=\"\/vevor\/product\/QXJTYLJTJZXDGG6AP\/ball-joint-press-a100-2.4-m.jpg\" \/><\/div><div class=\"section-desc\">M\u016bs\u0173 ballpoint rinkinyje yra pastatytas sunki\u0173j\u0173 anglies plieno, tod\u0117l pakankamai tvirtos, kad i\u0161tverti gyvenim\u0105 d\u0117v\u0117jimosi ir ply\u0161imo.<\/div><\/div><div class=\"section\"><div class=\"section-title\"><\/div><div class=\"section-img\"><img decoding=\"async\" src=\"\/vevor\/product\/QXJTYLJTJZXDGG6AP\/ball-joint-press-a100-2.5.jpg\" \/><\/div><div class=\"section-mobile-img\"><img decoding=\"async\" src=\"\/vevor\/product\/QXJTYLJTJZXDGG6AP\/ball-joint-press-a100-2.5-m.jpg\" \/><\/div><div class=\"section-desc\">Lengva \u012fdiegti ir pa\u0161alinti!<\/div><\/div><div class=\"section\"><div class=\"section-img\"><img decoding=\"async\" src=\"\/vevor\/product\/QXJTYLJTJZXDGG6AP\/ball-joint-press-a100-1.11.jpg\" \/><\/div><div class=\"section-mobile-img\"><img decoding=\"async\" src=\"\/vevor\/product\/QXJTYLJTJZXDGG6AP\/ball-joint-press-a100-1.11-m.jpg\" \/><\/div><\/div><\/div><\/body><\/html><\/div>\n<div class=\"DM_at-title\" id=\"js-DM_at-title\"> <div>Produkto specifikacija<\/div> <i class=\"icon-arrowup_line\"><\/i> <\/div><div class=\"DM_at-goodsDescAttr\" id=\"js-DM_at-goodsDescAttr\"> <div class=\"DM_at-goodsDescAttrInner\"> <dl class=\"goodsDesc_item goodsDesc_item_even\"> <dt>Prek\u0117s Modelio Numeris<\/dt> <dd> ZX-J045<\/dd> <\/dl> <dl class=\"goodsDesc_item\"> <dt>C-clamp Kietumas<\/dt> <dd> HRC32-38<\/dd> <\/dl> <dl class=\"goodsDesc_item goodsDesc_item_even\"> <dt>Var\u017etas Kietumas<\/dt> <dd> HRC28-36<\/dd> <\/dl> <dl class=\"goodsDesc_item\"> <dt>Med\u017eiaga<\/dt> <dd> Anglies Plieno<\/dd> <\/dl> <dl class=\"goodsDesc_item goodsDesc_item_even\"> <dt>Neto Svoris<\/dt> <dd> 27.8 svar\u0173\/12.6 kg<\/dd> <\/dl> <dl class=\"goodsDesc_item\"> <dt>Gaminio Dydis<\/dt> <dd> 20.5&#034;\u00d716.9&#034;\u00d73.5&#034;\/520\u00d7430\u00d790 mm<\/dd> <\/dl> <\/div> <\/div>","protected":false},"excerpt":{"rendered":"<ul>\n<li> Tamprus \u012eranki\u0173 Rinkinys: ar Esate pasireng\u0119s gauti savo automobil\u012f i\u0161 gara\u017eas? M\u016bs\u0173 25-gabalas kamuolys bendras \u012franki\u0173 rinkinys yra suprojektuoti, kad tilpt\u0173 dauguma 2-varantys ratai (2WD) ir 4-rat\u0173 pavara (4WD) transporto priemon\u0117mis, taip pat transporto priemoni\u0173 su Dana 28, 30, 35, 44 arba 60 priekini\u0173 a\u0161i\u0173. Ji yra suderinama su populiariausi\u0173 automobili\u0173 marki\u0173, toki\u0173 kaip &#034;Ford&#034;, &#034;General Motors&#034;, Dodge, IHC, ir Jeep. <\/li>\n<li> Sunkiau: M\u016bs\u0173 kamuolys bendras \u012fdiegti rinkinys yra pastatytas taip, kad rankena nelengva u\u017eduotis, be lenkimo arba breaking. C-clamp kietumas yra HRC32-38, ir jack var\u017etas kietumas yra HRC28-36, pasiekti multiprocess terminio apdorojimo. Tai daro m\u016bs\u0173 rinkinio patikimos ir geban\u010dios valdyti labiausiai sud\u0117tingas ir didelio streso u\u017eduotis. <\/li>\n<li> Tvirta ir galinga strukt\u016bra: m\u016bs\u0173 sunki\u0173j\u0173 rutulini\u0173 pres\u0173 rinkinys pagamintas i\u0161 auk\u0161tos kokyb\u0117s anglinio plieno, u\u017etikrinan\u010dio tvirtum\u0105 ir ilgaam\u017ei\u0161kum\u0105, reikaling\u0105 bet kokiai u\u017eduo\u010diai atlikti. Jis padengtas juoda spalva, u\u017etikrinantis puiki\u0105 apsaug\u0105 nuo vandens, korozijos ir r\u016bd\u017ei\u0173. tai u\u017etikrina, kad rinkinys i\u0161liks efektyvus ir patvarus net at\u0161iauriausiomis s\u0105lygomis. <\/li>\n<li> Apsaug\u0105 Visiems J\u016bs\u0173 Priemon\u0117s: kamuolys bendr\u0105 spaudos leid\u017eia lengvai pa\u0161alinti ir \u012fdiegti kamuolys s\u0105nari\u0173, U-\u0161arnyrai, stabd\u017ei\u0173 inkaro kai\u0161\u010di\u0173 be i\u0161montavimo valdymo svirties. M\u016bs\u0173 ne\u0161iojamasis lagaminas rinkin\u012f sudaro 10 auk\u0161tos kokyb\u0117s gabalus, ir jis yra sukurtas patogiam transportavimui ir saugojimui. <\/li>\n<li> Kas Pakuot\u0117je: 25 vnt kamuolys bendr\u0105 komplekt\u0105 \u012feina 9 adapteriai, 1 ki\u0161tukas, 1 kamuol\u012f bendr\u0105 spaudos, 1 montavimo adapteris, 1 montavimo taur\u0117, 1 montavimo taur\u0117s adapteris, 1 pri\u0117mimas taur\u0117s, 7 gavimo vamzd\u017eiai, 1 \u0161alinimo adapteris, 1 var\u017etu ir ki\u0161tukinis lizdas. Su \u0161iais \u012frankiais savo \u017einioje, tur\u0117site profesionali\u0105 automobili\u0173 remontas asistentas, kuris gali pad\u0117ti jums gauti darb\u0105, teis\u0119. <\/li>\n<\/ul>","protected":false},"featured_media":266028,"comment_status":"closed","ping_status":"open","template":"","meta":{"om_disable_all_campaigns":false,"_uf_show_specific_survey":0,"_uf_disable_surveys":false},"location":[1935,1934],"product_brand":[21],"product_cat":[133,2858,3312],"product_tag":[],"class_list":{"0":"post-14997","1":"product","2":"type-product","3":"status-publish","4":"has-post-thumbnail","6":"location-supplier_stock_location","7":"location-local_stock_location","8":"product_brand-vevor","9":"product_cat-automotive","10":"product_cat-mechanics-tools","11":"product_cat-steering-suspension-tools","13":"first","14":"instock","15":"taxable","16":"shipping-taxable","17":"purchasable","18":"product-type-simple"},"aioseo_notices":[],"locations":[{"id":1935,"name":"Pieg\u0101d\u0101t\u0101ja noliktav\u0101 (5-7d.d.)","slug":"supplier_stock_location","quantity":"59"},{"id":1934,"name":"R\u012bgas veikal\u0101 (0-2d.d.)","slug":"local_stock_location","quantity":"0"}],"_links":{"self":[{"href":"https:\/\/vevorshop.lv\/lt\/wp-json\/wp\/v2\/product\/14997","targetHints":{"allow":["GET"]}}],"collection":[{"href":"https:\/\/vevorshop.lv\/lt\/wp-json\/wp\/v2\/product"}],"about":[{"href":"https:\/\/vevorshop.lv\/lt\/wp-json\/wp\/v2\/types\/product"}],"replies":[{"embeddable":true,"href":"https:\/\/vevorshop.lv\/lt\/wp-json\/wp\/v2\/comments?post=14997"}],"wp:featuredmedia":[{"embeddable":true,"href":"https:\/\/vevorshop.lv\/lt\/wp-json\/wp\/v2\/media\/266028"}],"wp:attachment":[{"href":"https:\/\/vevorshop.lv\/lt\/wp-json\/wp\/v2\/media?parent=14997"}],"wp:term":[{"taxonomy":"location","embeddable":true,"href":"https:\/\/vevorshop.lv\/lt\/wp-json\/wp\/v2\/location?post=14997"},{"taxonomy":"product_brand","embeddable":true,"href":"https:\/\/vevorshop.lv\/lt\/wp-json\/wp\/v2\/product_brand?post=14997"},{"taxonomy":"product_cat","embeddable":true,"href":"https:\/\/vevorshop.lv\/lt\/wp-json\/wp\/v2\/product_cat?post=14997"},{"taxonomy":"product_tag","embeddable":true,"href":"https:\/\/vevorshop.lv\/lt\/wp-json\/wp\/v2\/product_tag?post=14997"}],"curies":[{"name":"wp","href":"https:\/\/api.w.org\/{rel}","templated":true}]}}