{"id":152066,"date":"2025-02-25T17:08:52","date_gmt":"2025-02-25T17:08:52","guid":{"rendered":"https:\/\/vevorshop.lv\/en_us\/Prece\/vevor-commercial-electric-meat-grinder-800w-max-2-3-kg-min-sausage-stuffer-aluminum-stainless-steel-with-accessories\/"},"modified":"2026-04-19T19:29:01","modified_gmt":"2026-04-19T16:29:01","slug":"vevor-commercial-electric-meat-grinder-800w-max-2-3-kg-min-sausage-stuffer-aluminum-stainless-steel-with-accessories","status":"publish","type":"product","link":"https:\/\/vevorshop.lv\/lt\/Prece\/vevor-komercinis-elektrinis-mesmalis-800w-max-2-3-kg-min-desros-idaras-aliuminio-nerudijantis-plienas-su-priedais\/","title":{"rendered":"VEVOR Elektrin\u0117 m\u0117sos malimo ma\u0161ina 3,6 kg\/min, 800W max, komercinis aliumininis mal\u016bnas su de\u0161r\u0173 antgaliais ir priedais"},"content":{"rendered":"<div style=\"color: #fff!important; font-size: 16px; height: 24px; line-height: 24px; margin-top: -24px; \" class=\"product_original_name\">VEVOR elektrinis m\u0117sos mal\u016bn\u0117lis, 5 svar\u0173\/min talpos, 575W (800W MAX) pramoninis m\u0117sos kalimo aparatas su a\u0161menimis, \u0161lifavimo plok\u0161te, de\u0161ros \u012fdarymo peiliuku ir 3 vamzdeliais, aliuminio komercinis m\u0117sos mal\u016bn\u0117lis<\/div>\n<div style=\"color: #fff!important; font-size: 16px; height: 24px; line-height: 24px; margin-top: -24px; \" class=\"product_sku\">M7K6785Q<\/div>\n<div style=\"color: #fff!important; font-size: 16px; height: 24px; line-height: 24px; margin-top: -24px; \" class=\"product_mpn\">SYTMDDJRJSYSLBANTV2<\/div><div id=\"js-DM_at-goodDescRich\"><html><head><style>  body {    font-family: Arial;    line-height: 1.5;    color: #1c1c1c;    overflow-x: hidden;    margin: 0;    padding: 0;  }  .MsoNormal b {    font-weight: bolder;  }<\/style><style>  .container.small {    width: 970px;    margin: 0 auto;  }  .logo {    margin: 0 auto 0;  }  .logo img {    display: block;    margin: 0 auto;    max-width: 100%;  }  .logo .pc-banner {    display: block;    width: 1200px;    height: 247.4px;    margin: 0 auto;  }  .logo .pc-banner.small {    width: 970px;  }  .logo .pc-banner.small img {    height: auto!important;  }  .logo .m-banner {    display: none;  }  .ytvideo {    position: relative;    height: 546px;    width: 100%;    margin: 0 auto;  }  .ytvideo img {    width: 100%;    margin: 0 auto;  }  .ytvideo .play-btn {    width: 60px;    height: 42px;    position: absolute;    top: 50%;    left: 50%;    transform: translate(-50%, -50%);    background: url(\"data:image\/png;base64,iVBORw0KGgoAAAANSUhEUgAAAGQAAABGCAMAAAANWMFbAAAC+lBMVEUAAADBGB3kLCfBGB3kLCfcJC7BFx3KKSbiKybkLCbWJCPSIiLSIiLPICHAFx3kLCfgKSXNHiDZJiTIGx\/p4eHcjo7LHSDbJyTkLCbjKyfOHyHPIiL28fHJHB\/GGh7EGR7eKCXDGB3RISHlLSbBGB3AFxzGHB7DGB7BGB3hKybkKybAFx3lLCfAFxzDGR3hKibDGB7cJyTmz8\/elJTlwcHjurrUIyLlLSflLSfAFx3DGR7lLSfCFx3hKibhKibhKybjKybkLCblLSfbJSX49vbx7e3NNzjNMTLMJyjVIyLZf3\/ZQ0LaeHjx0tLgoqLkLCfCGB3HGx\/BGB3BFx3PICHCGB7WJCLOHyC\/Fxy\/Fx3lLCfQISHkLSe\/FxzbJiTBFx3FGx\/AGB7BFx3EGR7AGB3HHSDfKiXAFh3TISHYNzbhKibbJyTTIiL57e325+f039\/v2NjUV1fOHiHiqanfmprch4feKSXVIyPOICHmLibFGh\/mLSe\/Fx7XJCPeKSXXJSPNHyHaJyTGGh7lLCbmLCflLSjSIiLkLCbdKSXLHiC\/GB3KHh++Fh3lKyfoLiXcKCPkx8fYb2\/XaGfVXl3aU1LLHiDksbHgKibPICHbJyTfKSXbJyTCGB3KHSDiKybFGh7TIiL\/\/\/\/VIyPRISHIHB\/GGx\/HHB\/DGR7gKibdKCXLHiDZJiTMHiDNHyHYJSTOICHPICHWJCPcKCXXJSPjLCblLCf+\/f3NGR\/uLijzLynPGR\/IGB7WISHaIyLLGh7UAADxLynNAADRLzDbICLQAADIAAD3MCrUHSHXMTDpKSbLAADp5OTij4\/ejo\/VLy\/1LyngJSTcJCPQHx\/OHB7+\/PzaMS\/OLS\/vLijrLSjSAADaNTPwLyjkKSbNJCbYISHPHB\/KGB7WAAD7+vrn3d3aKynTKCjoLCfsKifRGh\/YAADq5+fhjo7QNDXXKCfmJyXt5+fTLzDLLi\/QKivYHRvMGBrQJCXLISPMExXLDxLaEAvkkI\/bOTfaFQ\/SCgpvLcnHAAAAmnRSTlMA+vv7+gT9Bvf9+8z8\/NSv\/Pr5+P7++vnQIBMP\/v38\/Pn348XDiCYf9OjbzcqxXVcx\/fz8+\/rj1r2poo1+fXFqX0orGP7+\/v7+\/fz8+\/r68uzn4trIxsG\/vri3p6GcmZSNbWVYUUZEPQv+\/f39+\/v7+\/v7+vr64tvV1NTTz87FtbSurqeblJKFg4B3bUY+NjL7+\/v7+\/v67t1cDo8JLQAABkRJREFUWMO0kz9rwkAYh0OIeJkum6YugUAhISCdKoj\/P4C7SMdS+gEKIhSKil10LSg4mzXkILdlEpxCpwTiWOLX6BujvQaEQuGeHLnL+\/64J+SIcKGYTYWnntpdLjrVdqvZmNdn0+EE40GtpuuWVS6Xx6N7YDSGpWXpeq02wHgynM7q80az1a52HpddtVcpsi1zFARBrdaxbhp9iUReTGmwA4KAAr7vx3EYejnCMI6hQYEgy0LQi4jUN0wL19vqFcUC9\/1dAKmEEFkWRYkh5oBejnxQJiSJPJ\/uKBp0Thszx9Mw8hMRIQjKsptCfuES9zr5WJY6vSFCIvE9fCMUmEM1A1kSXcYGxgVYsvI1IPKTZciSTI0us\/SMGG04gDzELDoFBwdcFJrF88dqgYMTiL6DILWYyfOWE8\/kIz38olCNlC03FK95+imxp6y4oUSvAnBjHHhKNtotSDqJzVFiK8c2SBqhZtsrTtgrLXwAyduxZHNE26eHUt5rtuM4WSmds3G+sUdWYo1L+XyxButoh5eKUHk5lByO3G1LqqCWVnfrv\/lyPtf\/4ps1cndNGIri8J1TJ0lx6dR\/oPjq1nbRwdp2dCk4CtIOLW3pVKRL6WZfS5vF2KkIQhpwSsjiYIgNCs1gEMGqiIq24NQX9NwoXFy8Ufrl3twTcg4fv8T9\/JBEySduj6Mjm4bMzYV7EEOxKjjoNDud7yY3Dy71Hq2oLmqfbNR723edH9PgMrNL2utoQ3VmaIDkiw\/4w51P06hlZsTZvkRrbVuSIs\/zwSOsycgzStQouoAkWQqioRT5XI7n2Z1wfVhoZmcAJLsoqjqpjbWCgpOAJXBwHK8PzWbNvoUZJND5wCnSkLAkZ1legx6vqQzjoiTahKlGUGLAiIIoABOHaNVw4sexZBym6\/HWlH5h3IC7yRbxtipcWxdTOkORKiNQAEkFf66x5S2oeRbroOlLgg0sSYkR0hRGEqJZ0jTPiQKatESdBckpWigxaapEH0lImHdWu9pUFF2XqMNM2Z4kped7IwEJw2qabwtrQqnpw6HyKkgcadKWsmpywwesDyIhYRpdzXddqegtGIJlXbAIUMOLkGxJUjRIkokwjUaX9d\/kK62ps\/tYUqZLIMkLTyBhsMZ3C5Z\/kDxOSCb\/DOs\/\/J0qcWSX\/2ipe56EgTCA4\/cB7NAYOsni4mZM1MUPAISoEwkDi4lhVBQ1cWQyIcwalw4EpqZN68JUSK7XC0kTlkLYii5uXSC8jT5ncCAS7mjCv0uHp\/3lueHEEAeQ\/\/VgmdN71\/2uCSA1Xr6DO6uI6sW56zqT2tp2PhgiRUAajV8CY2fkcz6WGNKMgLAt7tJAhD4YHMTeRxlALE6+43WqjSWi8ITxyJl8WrwWSNESQZZOqhDDntO3hJLsd5RtSpbJqdv3YrDJH3F7jL1R2O2aQkn2MyCyKYz0GPGIvSAMgBCrCEiJyKbBaYGwLW4uPRr0A0M4Ux5kUI7IBh+hMdiCEWNqhMZGyYMsOgNE58UQuEQeUnSWCMYwL54hkxK6IoqucQZbQ3pc3XtL0lky1dL0zZJJDpWJovFqpWj6JEHnyam2eQp5QRVAVHjWparTOaVwUOx99YS2MvgxIGV0bb+qIg2HX2qkFFJB+XZcbLiuRkuxD9GRroKyveLxdh4d7Orx+hb7qc3uVRuEogCOnyIxm4ubUoPgF4jianDrC+SDQDKEfJb0GUKmjCGPYHGJvVC6X4hw1\/sAfQAdfYyephIaspXe36RwOP+Ljvfx9B6B3i+Nk0DGq+oCbLn6JpBa9nWAveAIHwFAwtVcIJXPMPL8kRu5OAYPMaL1WScTxjiZDqB9LTJSWphow\/pTYKRTLjCBhvi9iBidvKcDasGSm0QQkycYuLBqj6QCELPctqChDWpTRMWkngNNpQ1Pfp1KkiT\/Y0DGffXAweUNfLAfaJFKDwhb6I+bkYRbkERoEeu3Fyjg2opMz2daZCS9jt6Q7txNfB+OZEVF6Zl5web2xunnLQrtrjXseXKaFYziYINeMFZVxS9VxRhOoesYwxPKXm+gWLG9cuFeq93UNNeJNsf1KlwuDok9n02n3TgIJpOxNfL9naIoQwXtfH9kjceTIIi709ncTg6LZbg+biLH1V6u\/7rxBem06VXKn9raAAAAAElFTkSuQmCC\")      no-repeat center center \/ contain;  }  @media screen and (max-width: 960px) and (orientation: portrait) {    .logo {      width: 100%;    }    .logo .pc-banner {      display: none;    }    .logo .m-banner {      display: block;      width: 100%;    }    .logo .m-banner img {      height: auto!important;    }    .ytvideo {      height: 200px;      width: 100%;    }  }<\/style><style>  .video-section {    width: 100%;    margin: 0 auto;  }  .video-section > img {    width: 100%;  }  .video-section iframe,  .video-section video {    width: 100%;    height: 100%;      }  .video-section-img-m,  .video-section-img-pc > img {    width: 100%;    height: auto;  }  .video-section-img-pc.small > img {    width: 970px;  }  .video-desc {    line-height: 1.5;    font-size: 20px;    font-weight: 400;    margin: 20px 0;    text-align: center;    color: #0f1111;    word-break: break-word;  }  @media screen and (max-width: 960px) and (orientation: portrait) {    .video-section {      width: 100%;    }    .video-section-pc,    .video-section-img-pc {      display: none;    }    .video-section-m,    .video-section-img-m {      display: block;    }    .video-desc {      font-size: 15px;    }  }  @media screen and (min-width: 960px) {    .video-section {      width: 100%;      margin: 0 auto;    }    .video-section-pc,    .video-section-img-pc {      display: block;    }    .video-section-m,    .video-section-img-m {      display: none;    }    .video-desc {      font-size: 20px;    }  }<\/style><style>  .section + .section {    margin-top: 35px;  }  .section-title {    text-align: center;    font-weight: bold;    color: #0d1111;    font-family: \"Arial\";    font-size: 32px;    margin: 15px 0;  }  .section-title:empty {    display: none;  }  .section-desc {    text-align: center;    font-weight: normal;    color: #0d1111;    margin-top: 20px;  }  .section-desc:empty {    display: none;  }  .section-img {    width: 1200px;    height: 492px;    margin: 0 auto;    display: block;  }  .section-img.small {    width: 970px;    height: auto;  }  .section-img.small > img {    height: auto;  }  .section-img > img {    width: 100%;    height: 100%;  }  .section-mobile-img {    display: none;    max-width: 100vw;    max-height: 75vw;    height: 450px;    margin: 0 auto;  }  .section-mobile-img > img {    width: 100%;    height: 100%;  }  @media screen and (max-width: 960px) and (orientation: portrait) {    .container {      width: 100%;    }    .container.small {      width: 100%;    }    .section-mobile-img {      display: block;    }    .section-img {      display: none;    }    .section-title {      font-size: 22px;      margin: 10px 0;    }    .section-desc {      margin-top: 10px;    }    .section + .section {      margin-top: 20px;    }  }<\/style><\/head><body><div class=\"container small\"><div class=\"logo\"><div class=\"pc-banner small\"><div><img decoding=\"async\" src=\"\/vevor\/vevor\/boutique-banner\/pc\/en-pc@1x.jpg\" style=\"width: 100%;\" \/><\/div><\/div><div class=\"m-banner\"><div><img decoding=\"async\" src=\"\/vevor\/vevor\/boutique-banner\/mobile\/en-m@1x.jpg\" style=\"width: 100%;\" \/><\/div><\/div><\/div><div class=\"section-title\">M\u0117gaukit\u0117s Sveiko Maisto Visais Laikais<\/div><div class=\"video-section\"><div class=\"video-section-img-pc small\"><img decoding=\"async\" src=\"\/vevor\/product\/SYTMDDJRJSYSLBANT\/electric-meat-grinder-a100-1.4-pt.jpg\" \/><\/div><div class=\"video-section-img-m\"><img decoding=\"async\" src=\"\/vevor\/product\/SYTMDDJRJSYSLBANT\/electric-meat-grinder-a100-1.4-pt.jpg\" \/><\/div><div class=\"section-desc\">\u0160i m\u0117smal\u0117 turi did\u017eiausioji galia 800W ir nominali galia 575W. Galima \u0161lifuoti iki 5 kilogram\u0173 m\u0117sos per minut\u0119! Darbai nuolat per 30 minu\u010di\u0173. Tai patikimas pagalbininkas pri\u0117mimo maltos m\u0117sos, greitai ir efektyviai namuose!<\/div><\/div><div class=\"section\"><div class=\"section-title\"><\/div><div class=\"section-img small\"><img decoding=\"async\" src=\"\/vevor\/product\/SYTMDDJRJSYSLBANT\/electric-meat-grinder-a100-2.2-pt.jpg\" \/><\/div><div class=\"section-mobile-img\"><img decoding=\"async\" src=\"\/vevor\/product\/SYTMDDJRJSYSLBANT\/electric-meat-grinder-a100-2.2-pt.jpg\" \/><\/div><div class=\"section-desc\">M\u016bs\u0173 m\u0117smal\u0117, yra auk\u0161\u010diausios kokyb\u0117s aliuminio korpus\u0105 ir didesnes maisto d\u0117kl\u0105, su priedais, pagamintas i\u0161 maistin\u0117s med\u017eiagos sveikesnio maisto perdirbimo. Be to, didel\u012f kietum\u0105, atsparum\u0105 kar\u0161\u010diui ir r\u016bd\u017ei\u0173 \u012frodymas yra gerokai prana\u0161esnis u\u017e kitus modelius.<\/div><\/div><div class=\"section\"><div class=\"section-title\"><\/div><div class=\"section-img small\"><img decoding=\"async\" src=\"\/vevor\/product\/SYTMDDJRJSYSLBANT\/electric-meat-grinder-a100-2.3-pt.jpg\" \/><\/div><div class=\"section-mobile-img\"><img decoding=\"async\" src=\"\/vevor\/product\/SYTMDDJRJSYSLBANT\/electric-meat-grinder-a100-2.3-pt.jpg\" \/><\/div><div class=\"section-desc\">Be to, pri\u0117mimo maltos m\u0117sos, taip pat galite naudoti j\u0105 padaryti \u012fvairi\u0173 r\u016b\u0161i\u0173 de\u0161ras. \u012etraukti ner\u016bdijan\u010dio plieno peilis, pjovimo plok\u0161tel\u0117s \u0161iurk\u0161\u010diavilni\u0173 ir bauda, \u0161lifavimo m\u0117sos, de\u0161reli\u0173 kim\u0161imui plok\u0161t\u0117, trys de\u0161ros \u012fdaru vamzd\u017eiai, m\u0117sos, \u0142omotanie stick, ir valymo \u0161epet\u0117lis.<\/div><\/div><div class=\"section\"><div class=\"section-title\"><\/div><div class=\"section-img small\"><img decoding=\"async\" src=\"\/vevor\/product\/SYTMDDJRJSYSLBANT\/electric-meat-grinder-a100-2.4-pt.jpg\" \/><\/div><div class=\"section-mobile-img\"><img decoding=\"async\" src=\"\/vevor\/product\/SYTMDDJRJSYSLBANT\/electric-meat-grinder-a100-2.4-pt.jpg\" \/><\/div><div class=\"section-desc\">Komponentai tai m\u0117smal\u0117, ma\u0161ina yra lengva i\u0161montuoti, derinti ir \u0161varus. Pastaba: Ner\u016bdijan\u010dio Plieno dalys gali b\u016bti plaunami indaplov\u0117je, bet kit\u0173 dali\u0173, reikia plauti rankomis su neutraliu plovikliu, kai valymo.<\/div><\/div><div class=\"section\"><div class=\"section-title\"><\/div><div class=\"section-img small\"><img decoding=\"async\" src=\"\/vevor\/product\/SYTMDDJRJSYSLBANT\/electric-meat-grinder-a100-2.5-pt.jpg\" \/><\/div><div class=\"section-mobile-img\"><img decoding=\"async\" src=\"\/vevor\/product\/SYTMDDJRJSYSLBANT\/electric-meat-grinder-a100-2.5-pt.jpg\" \/><\/div><div class=\"section-desc\">Vienas mygtukas, su ON\/OFF\/Rezervas leid\u017eia tvarkyti lengva. Trukdymo, galite \u012fjungti &#034;Atvirk\u0161tinio&#034; mygtuk\u0105, sraigto bus pasukti prie\u0161inga kryptimi, ir galva bus gauti tu\u0161\u010di\u0105 greitai.<\/div><\/div><div class=\"section\"><div class=\"section-img small\"><img decoding=\"async\" src=\"\/vevor\/product\/SYTMDDJRJSYSLBANT\/electric-meat-grinder-a100-1.11-pt.jpg\" \/><\/div><div class=\"section-mobile-img\"><img decoding=\"async\" src=\"\/vevor\/product\/SYTMDDJRJSYSLBANT\/electric-meat-grinder-a100-1.11-pt.jpg\" \/><\/div><\/div><\/div><\/body><\/html><\/div>\n<div class=\"DM_at-title\" id=\"js-DM_at-title\"> <div>Produkto specifikacija<\/div> <i class=\"icon-arrowup_line\"><\/i> <\/div><div class=\"DM_at-goodsDescAttr\" id=\"js-DM_at-goodsDescAttr\"> <div class=\"DM_at-goodsDescAttrInner\"> <dl class=\"goodsDesc_item goodsDesc_item_even\"> <dt>Prek\u0117s Modelio Numeris<\/dt> <dd> 1A-PG612G<\/dd> <\/dl> <dl class=\"goodsDesc_item\"> <dt>Talpa (min.)<\/dt> <dd> 5 lbs \/ 2.27 kg<\/dd> <\/dl> <dl class=\"goodsDesc_item goodsDesc_item_even\"> <dt>Nepertraukiamo Darbo Laikas (Min.)<\/dt> <dd> 30<\/dd> <\/dl> <dl class=\"goodsDesc_item\"> <dt>Korpuso Med\u017eiaga<\/dt> <dd> Aliuminio<\/dd> <\/dl> <dl class=\"goodsDesc_item goodsDesc_item_even\"> <dt>Bendras Ma\u0161inos Dydis<\/dt> <dd> 17.3 x 7.87 x 11,8 cm \/ 440 x 200 x 300 mm<\/dd> <\/dl> <dl class=\"goodsDesc_item\"> <dt>Neto Svoris<\/dt> <dd> 13.9 svar\u0173 \/ 6.3 kg<\/dd> <\/dl> <\/div> <\/div>","protected":false},"excerpt":{"rendered":"<ul>\n<li> 800W Max m\u0117smal\u0117: m\u0117sa, \u0161lifuoklis mechanin\u0117 naudoja 100% gryno vario variklis normalus vardin\u0117 iki 575W (800W max) ir negabaritini\u0173 m\u0117sos bunker\u012f, kuris gali tur\u0117ti didel\u0117s sumos paruo\u0161ti m\u0117sos malimo. \u0160is mal\u016bn\u0117lis galima \u0161lifuoti iki 5 kilogram\u0173 m\u0117sos per minut\u0119 ir veikti nepertraukiamai daugiau kaip 30 minu\u010di\u0173 <\/li>\n<li> Gerai Pastatytas: aliuminio konstrukcijos, dalis liestis su maistu, yra pagamintas i\u0161 100% maistin\u0117 med\u017eiaga; anti-backloading nustatymas a\u0161menys padeda veikti tiksliai, be to, galite koreguoti, greitai ir l\u0117tai; atbulin\u0117s eigos funkcija leid\u017eia jums gr\u012f\u017eti \u012f normal\u0173 darb\u0105, greitai, kai j\u016bs uogiene m\u0117sos; rankena vir\u0161uje ma\u0161ina leid\u017eia lengvai j\u012f pasiimti bet kur, kur j\u016bs norite naudoti <\/li>\n<li> Premija Priedai: \u0160is klasikinis m\u0117sos ruo\u0161imo apima: Vienas 420 ner\u016bdijan\u010dio plieno a\u0161menys, vienas 4.5 mm pjovimo plok\u0161tel\u0117s, viena de\u0161ra \u012fdaru peilis, trys de\u0161ros \u012fdaru vamzd\u017eiai, viena m\u0117sos \u0142omotanie stick, ir valymo \u0161epetys <\/li>\n<li> Valymas yra V\u0117jas: Visos dalys yra nuimamos valymui, ner\u016bdijan\u010dio plieno priedai gali b\u016bti tiesiogiai i\u0161metamos \u012f indaplov\u0117s ma\u0161inos, o likusios priedai gali b\u016bti valomi su nemokama valymo \u0161epe\u010diu ar dr\u0117gna \u0161luoste su vandeniu ir nedideliu kiekiu ploviklio. <\/li>\n<li> Penki\u0173 \u017evaig\u017edu\u010di\u0173 Pagalbiniai Maisto Paruo\u0161imo: Padaryti greitai dirbti jautiena, vi\u0161tiena, kalakutiena, bizon\u0173, elnienos ir kit\u0173 m\u0117sos savo virtuv\u0117je su \u0161iuo universalus m\u0117smal\u0117, kad gali net ir sumalkite vi\u0161tienos skerden\u0173 ir u\u017e\u0161aldyta m\u0117sa! Ji taip pat gali lengvai padaryti de\u0161ra, ir gali b\u016bti naudojamas \u012fvairi\u0173 program\u0173, virtuv\u0117, restoranas, maisto perdirbimo parduotuv\u0117s, verslo ir kt. Tai puikus pagalbininkas pjovimo m\u0117sos (Atkreipkite d\u0117mes\u012f: Jis negali \u0161lifuoti storesnis kaul\u0173, pvz., vi\u0161tienos koj\u0173 kaulai) <\/li>\n<\/ul>","protected":false},"featured_media":372259,"comment_status":"open","ping_status":"open","template":"","meta":{"om_disable_all_campaigns":false,"_uf_show_specific_survey":0,"_uf_disable_surveys":false},"location":[1935,1934],"product_brand":[21],"product_cat":[2445,2694,2559,2693,2449],"product_tag":[],"class_list":{"0":"post-152066","1":"product","2":"type-product","3":"status-publish","4":"has-post-thumbnail","6":"location-supplier_stock_location","7":"location-local_stock_location","8":"product_brand-vevor","9":"product_cat-appliances","10":"product_cat-commercial-electric-meat-grinder","11":"product_cat-meat-poultry-tools","12":"product_cat-meat-grinders","13":"product_cat-small-kitchen-appliances","15":"first","16":"instock","17":"taxable","18":"shipping-taxable","19":"purchasable","20":"product-type-simple"},"aioseo_notices":[],"locations":[{"id":1935,"name":"Pieg\u0101d\u0101t\u0101ja noliktav\u0101 (5-7d.d.)","slug":"supplier_stock_location","quantity":"155"},{"id":1934,"name":"R\u012bgas veikal\u0101 (0-2d.d.)","slug":"local_stock_location","quantity":"0"}],"_links":{"self":[{"href":"https:\/\/vevorshop.lv\/lt\/wp-json\/wp\/v2\/product\/152066","targetHints":{"allow":["GET"]}}],"collection":[{"href":"https:\/\/vevorshop.lv\/lt\/wp-json\/wp\/v2\/product"}],"about":[{"href":"https:\/\/vevorshop.lv\/lt\/wp-json\/wp\/v2\/types\/product"}],"replies":[{"embeddable":true,"href":"https:\/\/vevorshop.lv\/lt\/wp-json\/wp\/v2\/comments?post=152066"}],"wp:featuredmedia":[{"embeddable":true,"href":"https:\/\/vevorshop.lv\/lt\/wp-json\/wp\/v2\/media\/372259"}],"wp:attachment":[{"href":"https:\/\/vevorshop.lv\/lt\/wp-json\/wp\/v2\/media?parent=152066"}],"wp:term":[{"taxonomy":"location","embeddable":true,"href":"https:\/\/vevorshop.lv\/lt\/wp-json\/wp\/v2\/location?post=152066"},{"taxonomy":"product_brand","embeddable":true,"href":"https:\/\/vevorshop.lv\/lt\/wp-json\/wp\/v2\/product_brand?post=152066"},{"taxonomy":"product_cat","embeddable":true,"href":"https:\/\/vevorshop.lv\/lt\/wp-json\/wp\/v2\/product_cat?post=152066"},{"taxonomy":"product_tag","embeddable":true,"href":"https:\/\/vevorshop.lv\/lt\/wp-json\/wp\/v2\/product_tag?post=152066"}],"curies":[{"name":"wp","href":"https:\/\/api.w.org\/{rel}","templated":true}]}}