{"id":152587,"date":"2025-02-27T08:09:22","date_gmt":"2025-02-27T08:09:22","guid":{"rendered":"https:\/\/vevorshop.lv\/en_us\/Prece\/vevor-portable-bladeless-desk-fan-33-cm-6-speed-quiet-energy-efficient-cooling-for-home-office\/"},"modified":"2026-04-23T21:57:20","modified_gmt":"2026-04-23T18:57:20","slug":"vevor-portable-bladeless-desk-fan-33-cm-6-speed-quiet-energy-efficient-cooling-for-home-office","status":"publish","type":"product","link":"https:\/\/vevorshop.lv\/lt\/Prece\/vevor-nesiojamas-stalo-ventiliatorius-be-asmenu-33-cm-6-greiciu-tylus-energija-taupantis-ausinimas-namu-biurui\/","title":{"rendered":"VEVOR 33 cm USB be\u0161menis stalo ventiliatorius, 6 grei\u010diai, tylus bok\u0161tinis v\u0117sintuvas namams ir biurui, saugus vaikams"},"content":{"rendered":"<div style=\"color: #fff!important; font-size: 16px; height: 24px; line-height: 24px; margin-top: -24px; \" class=\"product_original_name\">VEVOR stalinis ventiliatorius be a\u0161men\u0173, 12,99 colio vaikams pritaikytas asmeninis ne\u0161iojamasis stalinis ventiliatorius, 6 grei\u010di\u0173 USB tyliai au\u0161inamas ma\u017eas bok\u0161to ventiliatorius su mygtuk\u0173 valdymu, pu\u010dia \u0161alt\u0105 or\u0105 biurui, namams (naudojamas ki\u0161tukas, n\u0117ra akumuliatoriaus)<\/div>\n<div style=\"color: #fff!important; font-size: 16px; height: 24px; line-height: 24px; margin-top: -24px; \" class=\"product_sku\">M7MVOOZY<\/div>\n<div style=\"color: #fff!important; font-size: 16px; height: 24px; line-height: 24px; margin-top: -24px; \" class=\"product_mpn\">JNXWYTSBDDCXJLAIWV9<\/div><div id=\"js-DM_at-goodDescRich\"><html><head><style>  body {    font-family: Arial;    line-height: 1.5;    color: #1c1c1c;    overflow-x: hidden;    margin: 0;    padding: 0;  }  .MsoNormal b {    font-weight: bolder;  }<\/style><style>  .container.small {    width: 970px;    margin: 0 auto;  }  .logo {    margin: 0 auto 0;  }  .logo img {    display: block;    margin: 0 auto;    max-width: 100%;  }  .logo .pc-banner {    display: block;    width: 1200px;    height: 247.4px;    margin: 0 auto;  }  .logo .pc-banner.small {    width: 970px;  }  .logo .pc-banner.small img {    height: auto!important;  }  .logo .m-banner {    display: none;  }  .ytvideo {    position: relative;    height: 546px;    width: 100%;    margin: 0 auto;  }  .ytvideo img {    width: 100%;    margin: 0 auto;  }  .ytvideo .play-btn {    width: 60px;    height: 42px;    position: absolute;    top: 50%;    left: 50%;    transform: translate(-50%, -50%);    background: url(\"data:image\/png;base64,iVBORw0KGgoAAAANSUhEUgAAAGQAAABGCAMAAAANWMFbAAAC+lBMVEUAAADBGB3kLCfBGB3kLCfcJC7BFx3KKSbiKybkLCbWJCPSIiLSIiLPICHAFx3kLCfgKSXNHiDZJiTIGx\/p4eHcjo7LHSDbJyTkLCbjKyfOHyHPIiL28fHJHB\/GGh7EGR7eKCXDGB3RISHlLSbBGB3AFxzGHB7DGB7BGB3hKybkKybAFx3lLCfAFxzDGR3hKibDGB7cJyTmz8\/elJTlwcHjurrUIyLlLSflLSfAFx3DGR7lLSfCFx3hKibhKibhKybjKybkLCblLSfbJSX49vbx7e3NNzjNMTLMJyjVIyLZf3\/ZQ0LaeHjx0tLgoqLkLCfCGB3HGx\/BGB3BFx3PICHCGB7WJCLOHyC\/Fxy\/Fx3lLCfQISHkLSe\/FxzbJiTBFx3FGx\/AGB7BFx3EGR7AGB3HHSDfKiXAFh3TISHYNzbhKibbJyTTIiL57e325+f039\/v2NjUV1fOHiHiqanfmprch4feKSXVIyPOICHmLibFGh\/mLSe\/Fx7XJCPeKSXXJSPNHyHaJyTGGh7lLCbmLCflLSjSIiLkLCbdKSXLHiC\/GB3KHh++Fh3lKyfoLiXcKCPkx8fYb2\/XaGfVXl3aU1LLHiDksbHgKibPICHbJyTfKSXbJyTCGB3KHSDiKybFGh7TIiL\/\/\/\/VIyPRISHIHB\/GGx\/HHB\/DGR7gKibdKCXLHiDZJiTMHiDNHyHYJSTOICHPICHWJCPcKCXXJSPjLCblLCf+\/f3NGR\/uLijzLynPGR\/IGB7WISHaIyLLGh7UAADxLynNAADRLzDbICLQAADIAAD3MCrUHSHXMTDpKSbLAADp5OTij4\/ejo\/VLy\/1LyngJSTcJCPQHx\/OHB7+\/PzaMS\/OLS\/vLijrLSjSAADaNTPwLyjkKSbNJCbYISHPHB\/KGB7WAAD7+vrn3d3aKynTKCjoLCfsKifRGh\/YAADq5+fhjo7QNDXXKCfmJyXt5+fTLzDLLi\/QKivYHRvMGBrQJCXLISPMExXLDxLaEAvkkI\/bOTfaFQ\/SCgpvLcnHAAAAmnRSTlMA+vv7+gT9Bvf9+8z8\/NSv\/Pr5+P7++vnQIBMP\/v38\/Pn348XDiCYf9OjbzcqxXVcx\/fz8+\/rj1r2poo1+fXFqX0orGP7+\/v7+\/fz8+\/r68uzn4trIxsG\/vri3p6GcmZSNbWVYUUZEPQv+\/f39+\/v7+\/v7+vr64tvV1NTTz87FtbSurqeblJKFg4B3bUY+NjL7+\/v7+\/v67t1cDo8JLQAABkRJREFUWMO0kz9rwkAYh0OIeJkum6YugUAhISCdKoj\/P4C7SMdS+gEKIhSKil10LSg4mzXkILdlEpxCpwTiWOLX6BujvQaEQuGeHLnL+\/64J+SIcKGYTYWnntpdLjrVdqvZmNdn0+EE40GtpuuWVS6Xx6N7YDSGpWXpeq02wHgynM7q80az1a52HpddtVcpsi1zFARBrdaxbhp9iUReTGmwA4KAAr7vx3EYejnCMI6hQYEgy0LQi4jUN0wL19vqFcUC9\/1dAKmEEFkWRYkh5oBejnxQJiSJPJ\/uKBp0Thszx9Mw8hMRIQjKsptCfuES9zr5WJY6vSFCIvE9fCMUmEM1A1kSXcYGxgVYsvI1IPKTZciSTI0us\/SMGG04gDzELDoFBwdcFJrF88dqgYMTiL6DILWYyfOWE8\/kIz38olCNlC03FK95+imxp6y4oUSvAnBjHHhKNtotSDqJzVFiK8c2SBqhZtsrTtgrLXwAyduxZHNE26eHUt5rtuM4WSmds3G+sUdWYo1L+XyxButoh5eKUHk5lByO3G1LqqCWVnfrv\/lyPtf\/4ps1cndNGIri8J1TJ0lx6dR\/oPjq1nbRwdp2dCk4CtIOLW3pVKRL6WZfS5vF2KkIQhpwSsjiYIgNCs1gEMGqiIq24NQX9NwoXFy8Ufrl3twTcg4fv8T9\/JBEySduj6Mjm4bMzYV7EEOxKjjoNDud7yY3Dy71Hq2oLmqfbNR723edH9PgMrNL2utoQ3VmaIDkiw\/4w51P06hlZsTZvkRrbVuSIs\/zwSOsycgzStQouoAkWQqioRT5XI7n2Z1wfVhoZmcAJLsoqjqpjbWCgpOAJXBwHK8PzWbNvoUZJND5wCnSkLAkZ1legx6vqQzjoiTahKlGUGLAiIIoABOHaNVw4sexZBym6\/HWlH5h3IC7yRbxtipcWxdTOkORKiNQAEkFf66x5S2oeRbroOlLgg0sSYkR0hRGEqJZ0jTPiQKatESdBckpWigxaapEH0lImHdWu9pUFF2XqMNM2Z4kped7IwEJw2qabwtrQqnpw6HyKkgcadKWsmpywwesDyIhYRpdzXddqegtGIJlXbAIUMOLkGxJUjRIkokwjUaX9d\/kK62ps\/tYUqZLIMkLTyBhsMZ3C5Z\/kDxOSCb\/DOs\/\/J0qcWSX\/2ipe56EgTCA4\/cB7NAYOsni4mZM1MUPAISoEwkDi4lhVBQ1cWQyIcwalw4EpqZN68JUSK7XC0kTlkLYii5uXSC8jT5ncCAS7mjCv0uHp\/3lueHEEAeQ\/\/VgmdN71\/2uCSA1Xr6DO6uI6sW56zqT2tp2PhgiRUAajV8CY2fkcz6WGNKMgLAt7tJAhD4YHMTeRxlALE6+43WqjSWi8ITxyJl8WrwWSNESQZZOqhDDntO3hJLsd5RtSpbJqdv3YrDJH3F7jL1R2O2aQkn2MyCyKYz0GPGIvSAMgBCrCEiJyKbBaYGwLW4uPRr0A0M4Ux5kUI7IBh+hMdiCEWNqhMZGyYMsOgNE58UQuEQeUnSWCMYwL54hkxK6IoqucQZbQ3pc3XtL0lky1dL0zZJJDpWJovFqpWj6JEHnyam2eQp5QRVAVHjWparTOaVwUOx99YS2MvgxIGV0bb+qIg2HX2qkFFJB+XZcbLiuRkuxD9GRroKyveLxdh4d7Orx+hb7qc3uVRuEogCOnyIxm4ubUoPgF4jianDrC+SDQDKEfJb0GUKmjCGPYHGJvVC6X4hw1\/sAfQAdfYyephIaspXe36RwOP+Ljvfx9B6B3i+Nk0DGq+oCbLn6JpBa9nWAveAIHwFAwtVcIJXPMPL8kRu5OAYPMaL1WScTxjiZDqB9LTJSWphow\/pTYKRTLjCBhvi9iBidvKcDasGSm0QQkycYuLBqj6QCELPctqChDWpTRMWkngNNpQ1Pfp1KkiT\/Y0DGffXAweUNfLAfaJFKDwhb6I+bkYRbkERoEeu3Fyjg2opMz2daZCS9jt6Q7txNfB+OZEVF6Zl5web2xunnLQrtrjXseXKaFYziYINeMFZVxS9VxRhOoesYwxPKXm+gWLG9cuFeq93UNNeJNsf1KlwuDok9n02n3TgIJpOxNfL9naIoQwXtfH9kjceTIIi709ncTg6LZbg+biLH1V6u\/7rxBem06VXKn9raAAAAAElFTkSuQmCC\")      no-repeat center center \/ contain;  }  @media screen and (max-width: 960px) and (orientation: portrait) {    .logo {      width: 100%;    }    .logo .pc-banner {      display: none;    }    .logo .m-banner {      display: block;      width: 100%;    }    .logo .m-banner img {      height: auto!important;    }    .ytvideo {      height: 200px;      width: 100%;    }  }<\/style><style>  .video-section {    width: 100%;    margin: 0 auto;  }  .video-section > img {    width: 100%;  }  .video-section iframe,  .video-section video {    width: 100%;    height: 100%;      }  .video-section-img-m,  .video-section-img-pc > img {    width: 100%;    height: auto;  }  .video-section-img-pc.small > img {    width: 970px;  }  .video-desc {    line-height: 1.5;    font-size: 20px;    font-weight: 400;    margin: 20px 0;    text-align: center;    color: #0f1111;    word-break: break-word;  }  @media screen and (max-width: 960px) and (orientation: portrait) {    .video-section {      width: 100%;    }    .video-section-pc,    .video-section-img-pc {      display: none;    }    .video-section-m,    .video-section-img-m {      display: block;    }    .video-desc {      font-size: 15px;    }  }  @media screen and (min-width: 960px) {    .video-section {      width: 100%;      margin: 0 auto;    }    .video-section-pc,    .video-section-img-pc {      display: block;    }    .video-section-m,    .video-section-img-m {      display: none;    }    .video-desc {      font-size: 20px;    }  }<\/style><style>  .section + .section {    margin-top: 35px;  }  .section-title {    text-align: center;    font-weight: bold;    color: #0d1111;    font-family: \"Arial\";    font-size: 32px;    margin: 15px 0;  }  .section-title:empty {    display: none;  }  .section-desc {    text-align: center;    font-weight: normal;    color: #0d1111;    margin-top: 20px;  }  .section-desc:empty {    display: none;  }  .section-img {    width: 1200px;    height: 492px;    margin: 0 auto;    display: block;  }  .section-img.small {    width: 970px;    height: auto;  }  .section-img.small > img {    height: auto;  }  .section-img > img {    width: 100%;    height: 100%;  }  .section-mobile-img {    display: none;    max-width: 100vw;    max-height: 75vw;    height: 450px;    margin: 0 auto;  }  .section-mobile-img > img {    width: 100%;    height: 100%;  }  @media screen and (max-width: 960px) and (orientation: portrait) {    .container {      width: 100%;    }    .container.small {      width: 100%;    }    .section-mobile-img {      display: block;    }    .section-img {      display: none;    }    .section-title {      font-size: 22px;      margin: 10px 0;    }    .section-desc {      margin-top: 10px;    }    .section + .section {      margin-top: 20px;    }  }<\/style><\/head><body><div class=\"container small\"><div class=\"logo\"><div class=\"pc-banner small\"><div><img decoding=\"async\" src=\"\/vevor\/vevor\/boutique-banner\/pc\/en-pc@1x.jpg\" style=\"width: 100%;\" \/><\/div><\/div><div class=\"m-banner\"><div><img decoding=\"async\" src=\"\/vevor\/vevor\/boutique-banner\/mobile\/en-m@1x.jpg\" style=\"width: 100%;\" \/><\/div><\/div><\/div><div class=\"section-title\">Bladeless Stalas, Ventiliatorius<\/div><div class=\"video-section\"><div class=\"video-section-img-pc small\"><img decoding=\"async\" src=\"\/vevor\/product\/JNXWYTSBDDCXJLAIW\/bladeless-table-fan-a100-1.4-pt.jpg\" \/><\/div><div class=\"video-section-img-m\"><img decoding=\"async\" src=\"\/vevor\/product\/JNXWYTSBDDCXJLAIW\/bladeless-table-fan-a100-1.4-pt.jpg\" \/><\/div><div class=\"section-desc\">Be a\u0161men\u0173 ventiliatorius si\u016blo sustiprint\u0105 apsaug\u0105 su 7W didelio efektyvumo varikliu, Suteikiant galing\u0105, bet tyl\u0173 oro sraut\u0105, jis yra energij\u0105 taupantis ir gaiviai universalus Su 6 reguliuojamais grei\u010diais jis skland\u017eiai pereina nuo \u0161velnaus v\u0117jo prie stipraus g\u016bsio, suteikdamas pritaikyt\u0105 komfort\u0105 kiekvienai akimirkai.<\/div><\/div><div class=\"section\"><div class=\"section-title\"><\/div><div class=\"section-img small\"><img decoding=\"async\" src=\"\/vevor\/product\/JNXWYTSBDDCXJLAIW\/bladeless-table-fan-a100-2.2-pt.jpg\" \/><\/div><div class=\"section-mobile-img\"><img decoding=\"async\" src=\"\/vevor\/product\/JNXWYTSBDDCXJLAIW\/bladeless-table-fan-a100-2.2-pt.jpg\" \/><\/div><div class=\"section-desc\">Atsisveikinti su sud\u0117tinga valyti! \u012e bladeless stalas, ventiliatorius pasi\u017eymi ne ment\u0117s dizainas, i\u0161vengiant dulki\u0173 kaupimosi. Tiesiog greitai nuvalykite j\u012f saugo, kaip gera, kaip naujas, si\u016blo ne-vargo i\u0161laikymo.<\/div><\/div><div class=\"section\"><div class=\"section-title\"><\/div><div class=\"section-img small\"><img decoding=\"async\" src=\"\/vevor\/product\/JNXWYTSBDDCXJLAIW\/bladeless-table-fan-a100-2.3-pt.jpg\" \/><\/div><div class=\"section-mobile-img\"><img decoding=\"async\" src=\"\/vevor\/product\/JNXWYTSBDDCXJLAIW\/bladeless-table-fan-a100-2.3-pt.jpg\" \/><\/div><div class=\"section-desc\">Kompakti\u0161kas ir universalus, \u0161is ne\u0161iojamas bladeless ventiliatorius be vargo telpa \u012f \u012fvairias vietos. Jos ekonomi\u0161kos, paruo\u0161tas naudoti dizainas reikalauja ne asambl\u0117jos, lanks\u010diau prie nam\u0173 gyvenimo.<\/div><\/div><div class=\"section\"><div class=\"section-title\"><\/div><div class=\"section-img small\"><img decoding=\"async\" src=\"\/vevor\/product\/JNXWYTSBDDCXJLAIW\/bladeless-table-fan-a100-2.4-pt.jpg\" \/><\/div><div class=\"section-mobile-img\"><img decoding=\"async\" src=\"\/vevor\/product\/JNXWYTSBDDCXJLAIW\/bladeless-table-fan-a100-2.4-pt.jpg\" \/><\/div><div class=\"section-desc\">M\u0117gaukit\u0117s intuityvus v\u0117sinimo mygtuk\u0105 kontrol\u0117s bladeless ramioje office ventiliatorius. Jo vieno mygtuko dizainas leid\u017eia lengvai koreguoti 6 v\u0117jo greitis, pareik\u0161ti tech-atjaut\u012bba dar lengvas b\u016bdas sustabdyti atv\u0117sti.<\/div><\/div><div class=\"section\"><div class=\"section-title\"><\/div><div class=\"section-img small\"><img decoding=\"async\" src=\"\/vevor\/product\/JNXWYTSBDDCXJLAIW\/bladeless-table-fan-a100-2.5-pt.jpg\" \/><\/div><div class=\"section-mobile-img\"><img decoding=\"async\" src=\"\/vevor\/product\/JNXWYTSBDDCXJLAIW\/bladeless-table-fan-a100-2.5-pt.jpg\" \/><\/div><div class=\"section-desc\">I\u0161 ramios akimirkos miegamasis siekiant padidinti produktyvum\u0105 biure ar m\u0117gautis \u0161eimos laikas \u012f kambar\u012f, tai bladeless mini stalas, ventiliatorius prisitaiko skland\u017eiai au\u0161inti, kur esate.<\/div><\/div><div class=\"section\"><div class=\"section-img small\"><img decoding=\"async\" src=\"\/vevor\/product\/JNXWYTSBDDCXJLAIW\/bladeless-table-fan-a100-1.11-pt.jpg\" \/><\/div><div class=\"section-mobile-img\"><img decoding=\"async\" src=\"\/vevor\/product\/JNXWYTSBDDCXJLAIW\/bladeless-table-fan-a100-1.11-pt.jpg\" \/><\/div><\/div><\/div><\/body><\/html><\/div>\n<div class=\"DM_at-title\" id=\"js-DM_at-title\"> <div>Produkto specifikacija<\/div> <i class=\"icon-arrowup_line\"><\/i> <\/div><div class=\"DM_at-goodsDescAttr\" id=\"js-DM_at-goodsDescAttr\"> <div class=\"DM_at-goodsDescAttrInner\"> <dl class=\"goodsDesc_item goodsDesc_item_even\"> <dt>Prek\u0117s Modelio Numeris<\/dt> <dd> X25<\/dd> <\/dl> <dl class=\"goodsDesc_item\"> <dt>Galia<\/dt> <dd> 7W<\/dd> <\/dl> <dl class=\"goodsDesc_item goodsDesc_item_even\"> <dt>Ekrano Tipas<\/dt> <dd> LCD Skaitmeninis Ekranas<\/dd> <\/dl> <dl class=\"goodsDesc_item\"> <dt>Skai\u010di\u0173 Greitis<\/dt> <dd> 6<\/dd> <\/dl> <dl class=\"goodsDesc_item goodsDesc_item_even\"> <dt>Valdymo Metodas<\/dt> <dd> Mechaniniai Mygtukai<\/dd> <\/dl> <dl class=\"goodsDesc_item\"> <dt>Prek\u0117s Svoris<\/dt> <dd> 1.32 svar\u0173 \/ 0,6 kg<\/dd> <\/dl> <dl class=\"goodsDesc_item goodsDesc_item_even\"> <dt>Gaminio Matmenys<\/dt> <dd> 5.31 x 5.31 x 12.99 coli\u0173 \/ 135 x 135 x 330 mm<\/dd> <\/dl> <\/div> <\/div>","protected":false},"excerpt":{"rendered":"<ul>\n<li> \u012ejungiamas naudojimas: \u0160is ma\u017eas ra\u0161omasis ventiliatorius be a\u0161men\u0173 turi b\u016bti prijungtas, kad veikt\u0173 Jame n\u0117ra akumuliatoriaus ar adapterio. Papras\u010diausiai prijunkite j\u012f prie USB prievado arba naudokite j\u012f su adapteriu Su \u012fmontuotu 7W maitinimu jis greitai au\u0161ina PASTABA: \u012ekroviklio i\u0161\u0117jimas turi b\u016bti didesnis nei 10W (rekomenduojama 5V\/2A) <\/li>\n<li> Saugus Bladeless Dizainas: novatori\u0161ka bladeless stalas, ventiliatorius, i\u0161vengiama pavojaus tradicini\u0173 peiliukai, tod\u0117l jis idealiai tinka namuose su k\u016bdikiams, vaikams, ir naminiams gyv\u016bnams. Featuring aerodinaminis principus ir saugi\u0105 oro pa\u0117mimo grotel\u0117s, ji u\u017etikrina skland\u0173 oro srautas su padidintu v\u0117jo garsas, si\u016blanti ramyb\u0117 su kiekvienu v\u0117jas. <\/li>\n<li> Lengvas ir kompakti\u0161kas: itin lengvas, vos 1,32 svaro sveriantis ventiliatorius su itin lengvu dizainu yra lengvai perkeliamas ir telpa \u012f bet kur\u012f kamp\u0105 neu\u017eimdamas vietos Idealiai tinka lanks\u010diam i\u0161d\u0117stymui ir nuolatiniam v\u0117sinimui visur, kur to reikia. <\/li>\n<li> Operacija Padaryta Lengva: mygtukas valdyti bladeless ramioje office ventiliatorius funkcij\u0173 LCD ekranas ir reaguoja jutikliniai mygtukai, leid\u017eia skland\u017eiai reguliavimas 6 v\u0117jo greitis. \u0160velnus brizas stiprus oro srautas, jis prisitaiko prie j\u016bs\u0173 au\u0161inimo poreikius, tod\u0117l kiekvien\u0105 akimirk\u0105 \u012fdomiai universalus. <\/li>\n<li> Universalus Keli Skyriai: \u012erengtas su silikoninis neslystantis pagrindas, \u0161io biuro stalas, ventiliatorius patikimai \u012ftvirtintas naudojimo metu. Ar miegamojo, biuro, ar kambar\u012f, m\u0117gautis tyla, nepertraukiamo au\u0161inimo, kuris tinka \u012fvairiose aplinkose. <\/li>\n<\/ul>","protected":false},"featured_media":372859,"comment_status":"open","ping_status":"open","template":"","meta":{"om_disable_all_campaigns":false,"_uf_show_specific_survey":0,"_uf_disable_surveys":false},"location":[1935,1934],"product_brand":[21],"product_cat":[4922,4921,2662,2527],"product_tag":[],"class_list":{"0":"post-152587","1":"product","2":"type-product","3":"status-publish","4":"has-post-thumbnail","6":"location-supplier_stock_location","7":"location-local_stock_location","8":"product_brand-vevor","9":"product_cat-bladeless-table-fan","10":"product_cat-desk-fans","11":"product_cat-fans","12":"product_cat-heating-venting-cooling","14":"first","15":"instock","16":"taxable","17":"shipping-taxable","18":"purchasable","19":"product-type-simple"},"aioseo_notices":[],"locations":[{"id":1935,"name":"Pieg\u0101d\u0101t\u0101ja noliktav\u0101 (5-7d.d.)","slug":"supplier_stock_location","quantity":"195"},{"id":1934,"name":"R\u012bgas veikal\u0101 (0-2d.d.)","slug":"local_stock_location","quantity":"0"}],"_links":{"self":[{"href":"https:\/\/vevorshop.lv\/lt\/wp-json\/wp\/v2\/product\/152587","targetHints":{"allow":["GET"]}}],"collection":[{"href":"https:\/\/vevorshop.lv\/lt\/wp-json\/wp\/v2\/product"}],"about":[{"href":"https:\/\/vevorshop.lv\/lt\/wp-json\/wp\/v2\/types\/product"}],"replies":[{"embeddable":true,"href":"https:\/\/vevorshop.lv\/lt\/wp-json\/wp\/v2\/comments?post=152587"}],"wp:featuredmedia":[{"embeddable":true,"href":"https:\/\/vevorshop.lv\/lt\/wp-json\/wp\/v2\/media\/372859"}],"wp:attachment":[{"href":"https:\/\/vevorshop.lv\/lt\/wp-json\/wp\/v2\/media?parent=152587"}],"wp:term":[{"taxonomy":"location","embeddable":true,"href":"https:\/\/vevorshop.lv\/lt\/wp-json\/wp\/v2\/location?post=152587"},{"taxonomy":"product_brand","embeddable":true,"href":"https:\/\/vevorshop.lv\/lt\/wp-json\/wp\/v2\/product_brand?post=152587"},{"taxonomy":"product_cat","embeddable":true,"href":"https:\/\/vevorshop.lv\/lt\/wp-json\/wp\/v2\/product_cat?post=152587"},{"taxonomy":"product_tag","embeddable":true,"href":"https:\/\/vevorshop.lv\/lt\/wp-json\/wp\/v2\/product_tag?post=152587"}],"curies":[{"name":"wp","href":"https:\/\/api.w.org\/{rel}","templated":true}]}}