{"id":15592,"date":"2024-11-18T02:29:53","date_gmt":"2024-11-18T02:29:53","guid":{"rendered":"http:\/\/vevorshop.edigo.lv\/Prece\/vevor-metal-detector-for-adults-kids-8-inch-waterproof-search-coil-with-high-accuracy-pointer-display-adjustable-38-49-gold-detector-lightweight-aluminum-stem-for-detecting-gold-treas\/"},"modified":"2026-04-22T14:13:01","modified_gmt":"2026-04-22T11:13:01","slug":"vevor-metal-detector-for-adults-kids-8-inch-waterproof-search-coil-with-high-accuracy-pointer-display-adjustable-38-49-gold-detector-lightweight-aluminum-stem-for-detecting-gold-treas","status":"publish","type":"product","link":"https:\/\/vevorshop.lv\/lt\/Prece\/vevor-metalo-detektorius-suaugusiems-vaikams-8-coliu-vandeniui-atspari-paieskos-rite-su-didelio-tikslumo-rodykles-ekranu-reguliuojamu-38-49-aukso-detektoriaus-lengvu-aliuminio-koteliu-aukso-lobiams-ap\/","title":{"rendered":"VEVOR Metalo detektorius suaugusiems ir vaikams, atsparus vandeniui 20,3 cm rit\u0117, reguliuojamas auk\u0161tis 96,5\u2013124,5 cm, aukso ie\u0161kiklis"},"content":{"rendered":"<div style=\"color: #fff!important; font-size: 16px; height: 24px; line-height: 24px; margin-top: -24px; \" class=\"product_original_name\">VEVOR metalo detektorius suaugusiems ir vaikams, 20,3 cm vandeniui atspari paie\u0161kos rit\u0117 su didelio tikslumo rodykl\u0117s ekranu, reguliuojamas 96,5 cm - 124,5 cm aukso detektorius, lengvas aliuminio kotelis aukso lobiui aptikti<\/div>\n<div style=\"color: #fff!important; font-size: 16px; height: 24px; line-height: 24px; margin-top: -24px; \" class=\"product_sku\">M4I4KGO2<\/div>\n<div style=\"color: #fff!important; font-size: 16px; height: 24px; line-height: 24px; margin-top: -24px; \" class=\"product_mpn\">ZZSJSTCQY82109C07V0<\/div><div id=\"js-DM_at-goodDescRich\"><html><head><style>  body {    font-family: Arial;    line-height: 1.5;    color: #1c1c1c;    overflow-x: hidden;    margin: 0;    padding: 0;  }  .MsoNormal b {    font-weight: bolder;  }<\/style><style>  .container.small {    width: 970px;    margin: 0 auto;  }  .logo {    margin: 0 auto 0;  }  .logo img {    display: block;    margin: 0 auto;    max-width: 100%;  }  .logo .pc-banner {    display: block;    width: 1200px;    height: 247.4px;    margin: 0 auto;  }  .logo .pc-banner.small {    width: 970px;  }  .logo .pc-banner.small img {    height: auto!important;  }  .logo .m-banner {    display: none;  }  .ytvideo {    position: relative;    height: 546px;    width: 100%;    margin: 0 auto;  }  .ytvideo img {    width: 100%;    margin: 0 auto;  }  .ytvideo .play-btn {    width: 60px;    height: 42px;    position: absolute;    top: 50%;    left: 50%;    transform: translate(-50%, -50%);    background: url(\"data:image\/png;base64,iVBORw0KGgoAAAANSUhEUgAAAGQAAABGCAMAAAANWMFbAAAC+lBMVEUAAADBGB3kLCfBGB3kLCfcJC7BFx3KKSbiKybkLCbWJCPSIiLSIiLPICHAFx3kLCfgKSXNHiDZJiTIGx\/p4eHcjo7LHSDbJyTkLCbjKyfOHyHPIiL28fHJHB\/GGh7EGR7eKCXDGB3RISHlLSbBGB3AFxzGHB7DGB7BGB3hKybkKybAFx3lLCfAFxzDGR3hKibDGB7cJyTmz8\/elJTlwcHjurrUIyLlLSflLSfAFx3DGR7lLSfCFx3hKibhKibhKybjKybkLCblLSfbJSX49vbx7e3NNzjNMTLMJyjVIyLZf3\/ZQ0LaeHjx0tLgoqLkLCfCGB3HGx\/BGB3BFx3PICHCGB7WJCLOHyC\/Fxy\/Fx3lLCfQISHkLSe\/FxzbJiTBFx3FGx\/AGB7BFx3EGR7AGB3HHSDfKiXAFh3TISHYNzbhKibbJyTTIiL57e325+f039\/v2NjUV1fOHiHiqanfmprch4feKSXVIyPOICHmLibFGh\/mLSe\/Fx7XJCPeKSXXJSPNHyHaJyTGGh7lLCbmLCflLSjSIiLkLCbdKSXLHiC\/GB3KHh++Fh3lKyfoLiXcKCPkx8fYb2\/XaGfVXl3aU1LLHiDksbHgKibPICHbJyTfKSXbJyTCGB3KHSDiKybFGh7TIiL\/\/\/\/VIyPRISHIHB\/GGx\/HHB\/DGR7gKibdKCXLHiDZJiTMHiDNHyHYJSTOICHPICHWJCPcKCXXJSPjLCblLCf+\/f3NGR\/uLijzLynPGR\/IGB7WISHaIyLLGh7UAADxLynNAADRLzDbICLQAADIAAD3MCrUHSHXMTDpKSbLAADp5OTij4\/ejo\/VLy\/1LyngJSTcJCPQHx\/OHB7+\/PzaMS\/OLS\/vLijrLSjSAADaNTPwLyjkKSbNJCbYISHPHB\/KGB7WAAD7+vrn3d3aKynTKCjoLCfsKifRGh\/YAADq5+fhjo7QNDXXKCfmJyXt5+fTLzDLLi\/QKivYHRvMGBrQJCXLISPMExXLDxLaEAvkkI\/bOTfaFQ\/SCgpvLcnHAAAAmnRSTlMA+vv7+gT9Bvf9+8z8\/NSv\/Pr5+P7++vnQIBMP\/v38\/Pn348XDiCYf9OjbzcqxXVcx\/fz8+\/rj1r2poo1+fXFqX0orGP7+\/v7+\/fz8+\/r68uzn4trIxsG\/vri3p6GcmZSNbWVYUUZEPQv+\/f39+\/v7+\/v7+vr64tvV1NTTz87FtbSurqeblJKFg4B3bUY+NjL7+\/v7+\/v67t1cDo8JLQAABkRJREFUWMO0kz9rwkAYh0OIeJkum6YugUAhISCdKoj\/P4C7SMdS+gEKIhSKil10LSg4mzXkILdlEpxCpwTiWOLX6BujvQaEQuGeHLnL+\/64J+SIcKGYTYWnntpdLjrVdqvZmNdn0+EE40GtpuuWVS6Xx6N7YDSGpWXpeq02wHgynM7q80az1a52HpddtVcpsi1zFARBrdaxbhp9iUReTGmwA4KAAr7vx3EYejnCMI6hQYEgy0LQi4jUN0wL19vqFcUC9\/1dAKmEEFkWRYkh5oBejnxQJiSJPJ\/uKBp0Thszx9Mw8hMRIQjKsptCfuES9zr5WJY6vSFCIvE9fCMUmEM1A1kSXcYGxgVYsvI1IPKTZciSTI0us\/SMGG04gDzELDoFBwdcFJrF88dqgYMTiL6DILWYyfOWE8\/kIz38olCNlC03FK95+imxp6y4oUSvAnBjHHhKNtotSDqJzVFiK8c2SBqhZtsrTtgrLXwAyduxZHNE26eHUt5rtuM4WSmds3G+sUdWYo1L+XyxButoh5eKUHk5lByO3G1LqqCWVnfrv\/lyPtf\/4ps1cndNGIri8J1TJ0lx6dR\/oPjq1nbRwdp2dCk4CtIOLW3pVKRL6WZfS5vF2KkIQhpwSsjiYIgNCs1gEMGqiIq24NQX9NwoXFy8Ufrl3twTcg4fv8T9\/JBEySduj6Mjm4bMzYV7EEOxKjjoNDud7yY3Dy71Hq2oLmqfbNR723edH9PgMrNL2utoQ3VmaIDkiw\/4w51P06hlZsTZvkRrbVuSIs\/zwSOsycgzStQouoAkWQqioRT5XI7n2Z1wfVhoZmcAJLsoqjqpjbWCgpOAJXBwHK8PzWbNvoUZJND5wCnSkLAkZ1legx6vqQzjoiTahKlGUGLAiIIoABOHaNVw4sexZBym6\/HWlH5h3IC7yRbxtipcWxdTOkORKiNQAEkFf66x5S2oeRbroOlLgg0sSYkR0hRGEqJZ0jTPiQKatESdBckpWigxaapEH0lImHdWu9pUFF2XqMNM2Z4kped7IwEJw2qabwtrQqnpw6HyKkgcadKWsmpywwesDyIhYRpdzXddqegtGIJlXbAIUMOLkGxJUjRIkokwjUaX9d\/kK62ps\/tYUqZLIMkLTyBhsMZ3C5Z\/kDxOSCb\/DOs\/\/J0qcWSX\/2ipe56EgTCA4\/cB7NAYOsni4mZM1MUPAISoEwkDi4lhVBQ1cWQyIcwalw4EpqZN68JUSK7XC0kTlkLYii5uXSC8jT5ncCAS7mjCv0uHp\/3lueHEEAeQ\/\/VgmdN71\/2uCSA1Xr6DO6uI6sW56zqT2tp2PhgiRUAajV8CY2fkcz6WGNKMgLAt7tJAhD4YHMTeRxlALE6+43WqjSWi8ITxyJl8WrwWSNESQZZOqhDDntO3hJLsd5RtSpbJqdv3YrDJH3F7jL1R2O2aQkn2MyCyKYz0GPGIvSAMgBCrCEiJyKbBaYGwLW4uPRr0A0M4Ux5kUI7IBh+hMdiCEWNqhMZGyYMsOgNE58UQuEQeUnSWCMYwL54hkxK6IoqucQZbQ3pc3XtL0lky1dL0zZJJDpWJovFqpWj6JEHnyam2eQp5QRVAVHjWparTOaVwUOx99YS2MvgxIGV0bb+qIg2HX2qkFFJB+XZcbLiuRkuxD9GRroKyveLxdh4d7Orx+hb7qc3uVRuEogCOnyIxm4ubUoPgF4jianDrC+SDQDKEfJb0GUKmjCGPYHGJvVC6X4hw1\/sAfQAdfYyephIaspXe36RwOP+Ljvfx9B6B3i+Nk0DGq+oCbLn6JpBa9nWAveAIHwFAwtVcIJXPMPL8kRu5OAYPMaL1WScTxjiZDqB9LTJSWphow\/pTYKRTLjCBhvi9iBidvKcDasGSm0QQkycYuLBqj6QCELPctqChDWpTRMWkngNNpQ1Pfp1KkiT\/Y0DGffXAweUNfLAfaJFKDwhb6I+bkYRbkERoEeu3Fyjg2opMz2daZCS9jt6Q7txNfB+OZEVF6Zl5web2xunnLQrtrjXseXKaFYziYINeMFZVxS9VxRhOoesYwxPKXm+gWLG9cuFeq93UNNeJNsf1KlwuDok9n02n3TgIJpOxNfL9naIoQwXtfH9kjceTIIi709ncTg6LZbg+biLH1V6u\/7rxBem06VXKn9raAAAAAElFTkSuQmCC\")      no-repeat center center \/ contain;  }  @media screen and (max-width: 960px) and (orientation: portrait) {    .logo {      width: 100%;    }    .logo .pc-banner {      display: none;    }    .logo .m-banner {      display: block;      width: 100%;    }    .logo .m-banner img {      height: auto!important;    }    .ytvideo {      height: 200px;      width: 100%;    }  }<\/style><style>  .video-section {    width: 100%;    margin: 0 auto;  }  .video-section > img {    width: 100%;  }  .video-section iframe,  .video-section video {    width: 100%;    height: 100%;      }  .video-section-img-m,  .video-section-img-pc > img {    width: 100%;    height: auto;  }  .video-section-img-pc.small > img {    width: 970px;  }  .video-desc {    line-height: 1.5;    font-size: 20px;    font-weight: 400;    margin: 20px 0;    text-align: center;    color: #0f1111;    word-break: break-word;  }  @media screen and (max-width: 960px) and (orientation: portrait) {    .video-section {      width: 100%;    }    .video-section-pc,    .video-section-img-pc {      display: none;    }    .video-section-m,    .video-section-img-m {      display: block;    }    .video-desc {      font-size: 15px;    }  }  @media screen and (min-width: 960px) {    .video-section {      width: 100%;      margin: 0 auto;    }    .video-section-pc,    .video-section-img-pc {      display: block;    }    .video-section-m,    .video-section-img-m {      display: none;    }    .video-desc {      font-size: 20px;    }  }<\/style><style>  .section + .section {    margin-top: 35px;  }  .section-title {    text-align: center;    font-weight: bold;    color: #0d1111;    font-family: \"Arial\";    font-size: 32px;    margin: 15px 0;  }  .section-title:empty {    display: none;  }  .section-desc {    text-align: center;    font-weight: normal;    color: #0d1111;    margin-top: 20px;  }  .section-desc:empty {    display: none;  }  .section-img {    width: 1200px;    height: 492px;    margin: 0 auto;    display: block;  }  .section-img.small {    width: 970px;    height: auto;  }  .section-img.small > img {    height: auto;  }  .section-img > img {    width: 100%;    height: 100%;  }  .section-mobile-img {    display: none;    max-width: 100vw;    max-height: 75vw;    height: 450px;    margin: 0 auto;  }  .section-mobile-img > img {    width: 100%;    height: 100%;  }  @media screen and (max-width: 960px) and (orientation: portrait) {    .container {      width: 100%;    }    .container.small {      width: 100%;    }    .section-mobile-img {      display: block;    }    .section-img {      display: none;    }    .section-title {      font-size: 22px;      margin: 10px 0;    }    .section-desc {      margin-top: 10px;    }    .section + .section {      margin-top: 20px;    }  }<\/style><\/head><body><div class=\"container\"><div class=\"logo\"><div class=\"pc-banner\"><div><img decoding=\"async\" src=\"\/vevor\/vevor\/boutique-banner\/pc\/en-pc@1x.jpg\" style=\"width: 100%;\" \/><\/div><\/div><div class=\"m-banner\"><div><img decoding=\"async\" src=\"\/vevor\/vevor\/boutique-banner\/mobile\/en-m@1x.jpg\" style=\"width: 100%;\" \/><\/div><\/div><\/div><div class=\"section-title\">8-Coli\u0173, Profesionalus Metalo Detektorius, skirtas Suaugusiems,<\/div><div class=\"video-section\"><div class=\"video-section-img-pc\"><img decoding=\"async\" src=\"\/vevor\/product\/ZZSJSTCQY82109C07\/metal-detector-a100-1.4.jpg\" \/><\/div><div class=\"video-section-img-m\"><img decoding=\"async\" src=\"\/vevor\/product\/ZZSJSTCQY82109C07\/metal-detector-a100-1.4-m.jpg\" \/><\/div><div class=\"section-desc\">8 coli\u0173 profesionalus metalo detektorius turi 2 aptikimo re\u017eimus ir didel\u012f tikslum\u0105, fiksuoja ma\u017ey\u010dius metalinius signalus ir u\u017etikrina, kad nepraleisite joki\u0173 brangi\u0173 lobi\u0173.<\/div><\/div><div class=\"section\"><div class=\"section-title\"><\/div><div class=\"section-img\"><img decoding=\"async\" src=\"\/vevor\/product\/ZZSJSTCQY82109C07\/metal-detector-a100-2.2.jpg\" \/><\/div><div class=\"section-mobile-img\"><img decoding=\"async\" src=\"\/vevor\/product\/ZZSJSTCQY82109C07\/metal-detector-a100-2.2-m.jpg\" \/><\/div><div class=\"section-desc\">\u012e 38-49 \u012f\/965.2-1244.6 mm reguliuojamas rankenos telpa vartotojams \u012fvairi\u0173 auk\u0161\u010di\u0173 ir suteikia patogi\u0105 darbo patirt\u012f.<\/div><\/div><div class=\"section\"><div class=\"section-title\"><\/div><div class=\"section-img\"><img decoding=\"async\" src=\"\/vevor\/product\/ZZSJSTCQY82109C07\/metal-detector-a100-2.3.jpg\" \/><\/div><div class=\"section-mobile-img\"><img decoding=\"async\" src=\"\/vevor\/product\/ZZSJSTCQY82109C07\/metal-detector-a100-2.3-m.jpg\" \/><\/div><div class=\"section-desc\">Metalo detektoriaus priima 2 r\u016b\u0161i\u0173, vis\u0173 metal\u0173 re\u017eim\u0105 ir diskriminacija re\u017eim\u0105, kad atitikt\u0173 j\u016bs\u0173 poreikius pagal \u012fvairius scenarijus.<\/div><\/div><div class=\"section\"><div class=\"section-title\"><\/div><div class=\"section-img\"><img decoding=\"async\" src=\"\/vevor\/product\/ZZSJSTCQY82109C07\/metal-detector-a100-2.4.jpg\" \/><\/div><div class=\"section-mobile-img\"><img decoding=\"async\" src=\"\/vevor\/product\/ZZSJSTCQY82109C07\/metal-detector-a100-2.4-m.jpg\" \/><\/div><div class=\"section-desc\">IP68 vandeniui, ar lauko nuotykius ar patalp\u0173 paie\u0161ka, j\u016bs galite m\u0117gautis aptikti bet kur, bet kada.<\/div><\/div><div class=\"section\"><div class=\"section-title\"><\/div><div class=\"section-img\"><img decoding=\"async\" src=\"\/vevor\/product\/ZZSJSTCQY82109C07\/metal-detector-a100-2.5.jpg\" \/><\/div><div class=\"section-mobile-img\"><img decoding=\"async\" src=\"\/vevor\/product\/ZZSJSTCQY82109C07\/metal-detector-a100-2.5-m.jpg\" \/><\/div><div class=\"section-desc\">Su komplekte ausin\u0117s, j\u016bs galite i\u0161girsti signal\u0105 triuk\u0161mingoje aplinkoje. Ji taip pat apima rankin\u0117s, kasti kastuvu, ausini\u0173 ki\u0161tukas, ir rit\u0117, apsauginis dangtis.<\/div><\/div><div class=\"section\"><div class=\"section-img\"><img decoding=\"async\" src=\"\/vevor\/product\/ZZSJSTCQY82109C07\/metal-detector-a100-1.11.jpg\" \/><\/div><div class=\"section-mobile-img\"><img decoding=\"async\" src=\"\/vevor\/product\/ZZSJSTCQY82109C07\/metal-detector-a100-1.11-m.jpg\" \/><\/div><\/div><\/div><\/body><\/html><\/div>\n<div class=\"DM_at-title\" id=\"js-DM_at-title\"> <div>Produkto specifikacija<\/div> <i class=\"icon-arrowup_line\"><\/i> <\/div><div class=\"DM_at-goodsDescAttr\" id=\"js-DM_at-goodsDescAttr\"> <div class=\"DM_at-goodsDescAttrInner\"> <dl class=\"goodsDesc_item goodsDesc_item_even\"> <dt>Prek\u0117s Modelio Numeris<\/dt> <dd> TS156A<\/dd> <\/dl> <dl class=\"goodsDesc_item\"> <dt>\u012etampa<\/dt> <dd> 7.2-9.6 V<\/dd> <\/dl> <dl class=\"goodsDesc_item goodsDesc_item_even\"> <dt>Da\u017enis<\/dt> <dd> 5.8 kHz<\/dd> <\/dl> <dl class=\"goodsDesc_item\"> <dt>Rankenos Ilgis<\/dt> <dd> 38-49 \u012f\/965.2-1244.6 mm<\/dd> <\/dl> <dl class=\"goodsDesc_item goodsDesc_item_even\"> <dt>Paie\u0161kos Rit\u0117<\/dt> <dd> 8<\/dd> <\/dl> <dl class=\"goodsDesc_item\"> <dt>Aptikimo Gylis<\/dt> <dd> 8<\/dd> <\/dl> <dl class=\"goodsDesc_item goodsDesc_item_even\"> <dt>Paie\u0161kos Rit\u0117 IP Reitingas<\/dt> <dd> IP68<\/dd> <\/dl> <dl class=\"goodsDesc_item\"> <dt>Triuk\u0161mo<\/dt> <dd> \u2265 80 dB<\/dd> <\/dl> <dl class=\"goodsDesc_item goodsDesc_item_even\"> <dt>Jautrumas<\/dt> <dd> Kaip 25 cm\/9.84 \u012f<\/dd> <\/dl> <dl class=\"goodsDesc_item\"> <dt>Darbo Aplinka<\/dt> <dd> Nuo -10\u2103 iki 50\u2103<\/dd> <\/dl> <dl class=\"goodsDesc_item goodsDesc_item_even\"> <dt>Med\u017eiaga<\/dt> <dd> ABS<\/dd> <\/dl> <dl class=\"goodsDesc_item\"> <dt>Neto Svoris<\/dt> <dd> 2.15 kg\/4.74 lbs<\/dd> <\/dl> <dl class=\"goodsDesc_item goodsDesc_item_even\"> <dt>Prek\u0117s Matmenys<\/dt> <dd> 204 x 204 x 1240 mm\/8.03 x 8.03 x 51.97 \u012f<\/dd> <\/dl> <dl class=\"goodsDesc_item\"> <dt>Pakuot\u0117s Dydis<\/dt> <dd> 586 x 263 x 105 mm\/23.07 x 10.35 x 4.13 \u012f<\/dd> <\/dl> <\/div> <\/div>","protected":false},"excerpt":{"rendered":"<ul>\n<li> Didelio tikslumo Nustatymo: metalo detektorius, skirtas suaugusiems yra tiksliai priderintas u\u017efiksuoti ma\u017ea metalo signalus, u\u017etikrinant jums nebus praleisti bet brangakmeniai lobi\u0173. Ai\u0161ku, pyptel\u0117s ir LCD ap\u0161vie\u010diamas ekranas leid\u017eia suvokti nustatymo pad\u0117tis per aptikimo lengvai. <\/li>\n<li> Lengva Ne\u0161ti: profesionalus metalo detektorius yra \u012frengta su 8 coli\u0173 paie\u0161kos rit\u0117, kuri yra lengvas ir ne\u0161iojam\u0173. Ar lauko nuotykius ar patalp\u0173 paie\u0161ka, j\u016bs galite m\u0117gautis aptikimo \u012fdomus, bet kur, bet kuriuo metu. Ir 38-49 \u012f\/965.2-1244.6 mm reguliuojama rankena gali prisitaikyti prie skirting\u0173 auk\u0161\u010di\u0173 vartotojo pasi\u016blyti patogi\u0105 darbo patirt\u012f. <\/li>\n<li> Daugiafunkcinis Programos: aukso detektoriai suaugusi\u0173j\u0173 profesin\u0117s turi visus metalus re\u017eim\u0105 ir diskriminacija re\u017eimu. Nesvarbu, ar j\u016bs ie\u0161kote u\u017e metalo pamatai, atlikti saugumo patikrinimai, nustatyti prarastus daiktus, arba dalyvaujan\u010diai lauko med\u017eioti aukso ir lobis, m\u016bs\u0173 produkt\u0173, kad b\u016bt\u0173 lengva pasiekti savo tikslus. <\/li>\n<li> Patvarus &amp; Patikimas: M\u016bs\u0173 geriausias metalo detektorius suaugusiems yra pagamintas i\u0161 kruop\u0161\u010diai atrinkt\u0173 auk\u0161tos kokyb\u0117s med\u017eiag\u0173, kurios gali atlaikyti lauko aplink\u0105 ir toliau teikti jums ilgalaik\u012f stabil\u0173, ir patikim\u0105 veikim\u0105, Padid\u0117j\u0119s jutimo tikslumas daro metalo paie\u0161k\u0105 efektyvesn\u012f. <\/li>\n<li> Viskas, k\u0105 Jums Reikia: medalis detektyvas ateina su laidinio ausin\u0117s, kuris leid\u017eia jums i\u0161girsti signal\u0105 triuk\u0161mingoje aplinkoje ir \u0161e\u0161i\u0173 baterij\u0173 prat\u0119sti tyrin\u0117jimo laikas. Ji taip pat apima rankin\u0117s, kasti kastuvu, ausini\u0173 ki\u0161tukas, ir rit\u0117, apsauginis dangtis. Pasirinkti VEVOR metalo detektorius ir prad\u0117ti savo lobio ie\u0161kotojo dabar! <\/li>\n<\/ul>","protected":false},"featured_media":266935,"comment_status":"closed","ping_status":"open","template":"","meta":{"om_disable_all_campaigns":false,"_uf_show_specific_survey":0,"_uf_disable_surveys":false},"location":[1935,1934],"product_brand":[21],"product_cat":[2482,2481,2480,2378],"product_tag":[],"class_list":{"0":"post-15592","1":"product","2":"type-product","3":"status-publish","4":"has-post-thumbnail","6":"location-supplier_stock_location","7":"location-local_stock_location","8":"product_brand-vevor","9":"product_cat-handheld-metal-detector","10":"product_cat-metal-detectors-outdoor-hobbies","11":"product_cat-outdoor-hobbies","12":"product_cat-sports-outdoors","14":"first","15":"instock","16":"taxable","17":"shipping-taxable","18":"purchasable","19":"product-type-simple"},"aioseo_notices":[],"locations":[{"id":1935,"name":"Pieg\u0101d\u0101t\u0101ja noliktav\u0101 (5-7d.d.)","slug":"supplier_stock_location","quantity":"290"},{"id":1934,"name":"R\u012bgas veikal\u0101 (0-2d.d.)","slug":"local_stock_location","quantity":"0"}],"_links":{"self":[{"href":"https:\/\/vevorshop.lv\/lt\/wp-json\/wp\/v2\/product\/15592","targetHints":{"allow":["GET"]}}],"collection":[{"href":"https:\/\/vevorshop.lv\/lt\/wp-json\/wp\/v2\/product"}],"about":[{"href":"https:\/\/vevorshop.lv\/lt\/wp-json\/wp\/v2\/types\/product"}],"replies":[{"embeddable":true,"href":"https:\/\/vevorshop.lv\/lt\/wp-json\/wp\/v2\/comments?post=15592"}],"wp:featuredmedia":[{"embeddable":true,"href":"https:\/\/vevorshop.lv\/lt\/wp-json\/wp\/v2\/media\/266935"}],"wp:attachment":[{"href":"https:\/\/vevorshop.lv\/lt\/wp-json\/wp\/v2\/media?parent=15592"}],"wp:term":[{"taxonomy":"location","embeddable":true,"href":"https:\/\/vevorshop.lv\/lt\/wp-json\/wp\/v2\/location?post=15592"},{"taxonomy":"product_brand","embeddable":true,"href":"https:\/\/vevorshop.lv\/lt\/wp-json\/wp\/v2\/product_brand?post=15592"},{"taxonomy":"product_cat","embeddable":true,"href":"https:\/\/vevorshop.lv\/lt\/wp-json\/wp\/v2\/product_cat?post=15592"},{"taxonomy":"product_tag","embeddable":true,"href":"https:\/\/vevorshop.lv\/lt\/wp-json\/wp\/v2\/product_tag?post=15592"}],"curies":[{"name":"wp","href":"https:\/\/api.w.org\/{rel}","templated":true}]}}