{"id":15748,"date":"2024-11-18T02:35:21","date_gmt":"2024-11-18T02:35:21","guid":{"rendered":"http:\/\/vevorshop.edigo.lv\/Prece\/vevor-high-lift-farm-jack-60-utility-farm-jack-7000-lbs-capacity-ratcheting-off-road-utility-jack-heavy-duty-farm-jack-for-tractor-truck-suv-bumper-lift-orange\/"},"modified":"2026-02-26T15:56:43","modified_gmt":"2026-02-26T13:56:43","slug":"vevor-high-lift-farm-jack-60-utility-farm-jack-7000-lbs-capacity-ratcheting-off-road-utility-jack-heavy-duty-farm-jack-for-tractor-truck-suv-bumper-lift-orange","status":"publish","type":"product","link":"https:\/\/vevorshop.lv\/lt\/Prece\/vevor-high-lift-farm-jack-60-utility-farm-jack-7000-lbs-capacity-ratcheting-off-road-utility-jack-heavy-duty-farm-jack-for-tractor-truck-suv-bumper-lift-orange\/","title":{"rendered":"VEVOR 152.4 cm Heavy-Duty Farm Jack, 3175 kg Capacity, Ratcheting Utility Jack for Tractor, Truck, SUV, Off-Road Use &#8211; Orange"},"content":{"rendered":"<div style=\"color: #fff!important; font-size: 16px; height: 24px; line-height: 24px; margin-top: -24px; \" class=\"product_original_name\">VEVOR High Lift Farm Jack, 152.4 cm Utility Farm Jack, 3175.1 kg Capacity Ratcheting Off Road Utility Jack, Heavy-Duty Farm Jack for Tractor, Truck, SUV, Bumper Lift, Orange<\/div>\n<div style=\"color: #fff!important; font-size: 16px; height: 24px; line-height: 24px; margin-top: -24px; \" class=\"product_sku\">M4I4KGWE<\/div>\n<div style=\"color: #fff!important; font-size: 16px; height: 24px; line-height: 24px; margin-top: -24px; \" class=\"product_mpn\">NCJYQJDHJG60I6KU2V0<\/div><div id=\"js-DM_at-goodDescRich\"><html><head><style>  body {    font-family: Arial;    line-height: 1.5;    color: #1c1c1c;    overflow-x: hidden;    margin: 0;    padding: 0;  }  .MsoNormal b {    font-weight: bolder;  }<\/style><style>  .container.small {    width: 970px;    margin: 0 auto;  }  .logo {    margin: 0 auto 0;  }  .logo img {    display: block;    margin: 0 auto;    max-width: 100%;  }  .logo .pc-banner {    display: block;    width: 1200px;    height: 247.4px;    margin: 0 auto;  }  .logo .pc-banner.small {    width: 970px;  }  .logo .pc-banner.small img {    height: auto!important;  }  .logo .m-banner {    display: none;  }  .ytvideo {    position: relative;    height: 546px;    width: 100%;    margin: 0 auto;  }  .ytvideo img {    width: 100%;    margin: 0 auto;  }  .ytvideo .play-btn {    width: 60px;    height: 42px;    position: absolute;    top: 50%;    left: 50%;    transform: translate(-50%, -50%);    background: url(\"data:image\/png;base64,iVBORw0KGgoAAAANSUhEUgAAAGQAAABGCAMAAAANWMFbAAAC+lBMVEUAAADBGB3kLCfBGB3kLCfcJC7BFx3KKSbiKybkLCbWJCPSIiLSIiLPICHAFx3kLCfgKSXNHiDZJiTIGx\/p4eHcjo7LHSDbJyTkLCbjKyfOHyHPIiL28fHJHB\/GGh7EGR7eKCXDGB3RISHlLSbBGB3AFxzGHB7DGB7BGB3hKybkKybAFx3lLCfAFxzDGR3hKibDGB7cJyTmz8\/elJTlwcHjurrUIyLlLSflLSfAFx3DGR7lLSfCFx3hKibhKibhKybjKybkLCblLSfbJSX49vbx7e3NNzjNMTLMJyjVIyLZf3\/ZQ0LaeHjx0tLgoqLkLCfCGB3HGx\/BGB3BFx3PICHCGB7WJCLOHyC\/Fxy\/Fx3lLCfQISHkLSe\/FxzbJiTBFx3FGx\/AGB7BFx3EGR7AGB3HHSDfKiXAFh3TISHYNzbhKibbJyTTIiL57e325+f039\/v2NjUV1fOHiHiqanfmprch4feKSXVIyPOICHmLibFGh\/mLSe\/Fx7XJCPeKSXXJSPNHyHaJyTGGh7lLCbmLCflLSjSIiLkLCbdKSXLHiC\/GB3KHh++Fh3lKyfoLiXcKCPkx8fYb2\/XaGfVXl3aU1LLHiDksbHgKibPICHbJyTfKSXbJyTCGB3KHSDiKybFGh7TIiL\/\/\/\/VIyPRISHIHB\/GGx\/HHB\/DGR7gKibdKCXLHiDZJiTMHiDNHyHYJSTOICHPICHWJCPcKCXXJSPjLCblLCf+\/f3NGR\/uLijzLynPGR\/IGB7WISHaIyLLGh7UAADxLynNAADRLzDbICLQAADIAAD3MCrUHSHXMTDpKSbLAADp5OTij4\/ejo\/VLy\/1LyngJSTcJCPQHx\/OHB7+\/PzaMS\/OLS\/vLijrLSjSAADaNTPwLyjkKSbNJCbYISHPHB\/KGB7WAAD7+vrn3d3aKynTKCjoLCfsKifRGh\/YAADq5+fhjo7QNDXXKCfmJyXt5+fTLzDLLi\/QKivYHRvMGBrQJCXLISPMExXLDxLaEAvkkI\/bOTfaFQ\/SCgpvLcnHAAAAmnRSTlMA+vv7+gT9Bvf9+8z8\/NSv\/Pr5+P7++vnQIBMP\/v38\/Pn348XDiCYf9OjbzcqxXVcx\/fz8+\/rj1r2poo1+fXFqX0orGP7+\/v7+\/fz8+\/r68uzn4trIxsG\/vri3p6GcmZSNbWVYUUZEPQv+\/f39+\/v7+\/v7+vr64tvV1NTTz87FtbSurqeblJKFg4B3bUY+NjL7+\/v7+\/v67t1cDo8JLQAABkRJREFUWMO0kz9rwkAYh0OIeJkum6YugUAhISCdKoj\/P4C7SMdS+gEKIhSKil10LSg4mzXkILdlEpxCpwTiWOLX6BujvQaEQuGeHLnL+\/64J+SIcKGYTYWnntpdLjrVdqvZmNdn0+EE40GtpuuWVS6Xx6N7YDSGpWXpeq02wHgynM7q80az1a52HpddtVcpsi1zFARBrdaxbhp9iUReTGmwA4KAAr7vx3EYejnCMI6hQYEgy0LQi4jUN0wL19vqFcUC9\/1dAKmEEFkWRYkh5oBejnxQJiSJPJ\/uKBp0Thszx9Mw8hMRIQjKsptCfuES9zr5WJY6vSFCIvE9fCMUmEM1A1kSXcYGxgVYsvI1IPKTZciSTI0us\/SMGG04gDzELDoFBwdcFJrF88dqgYMTiL6DILWYyfOWE8\/kIz38olCNlC03FK95+imxp6y4oUSvAnBjHHhKNtotSDqJzVFiK8c2SBqhZtsrTtgrLXwAyduxZHNE26eHUt5rtuM4WSmds3G+sUdWYo1L+XyxButoh5eKUHk5lByO3G1LqqCWVnfrv\/lyPtf\/4ps1cndNGIri8J1TJ0lx6dR\/oPjq1nbRwdp2dCk4CtIOLW3pVKRL6WZfS5vF2KkIQhpwSsjiYIgNCs1gEMGqiIq24NQX9NwoXFy8Ufrl3twTcg4fv8T9\/JBEySduj6Mjm4bMzYV7EEOxKjjoNDud7yY3Dy71Hq2oLmqfbNR723edH9PgMrNL2utoQ3VmaIDkiw\/4w51P06hlZsTZvkRrbVuSIs\/zwSOsycgzStQouoAkWQqioRT5XI7n2Z1wfVhoZmcAJLsoqjqpjbWCgpOAJXBwHK8PzWbNvoUZJND5wCnSkLAkZ1legx6vqQzjoiTahKlGUGLAiIIoABOHaNVw4sexZBym6\/HWlH5h3IC7yRbxtipcWxdTOkORKiNQAEkFf66x5S2oeRbroOlLgg0sSYkR0hRGEqJZ0jTPiQKatESdBckpWigxaapEH0lImHdWu9pUFF2XqMNM2Z4kped7IwEJw2qabwtrQqnpw6HyKkgcadKWsmpywwesDyIhYRpdzXddqegtGIJlXbAIUMOLkGxJUjRIkokwjUaX9d\/kK62ps\/tYUqZLIMkLTyBhsMZ3C5Z\/kDxOSCb\/DOs\/\/J0qcWSX\/2ipe56EgTCA4\/cB7NAYOsni4mZM1MUPAISoEwkDi4lhVBQ1cWQyIcwalw4EpqZN68JUSK7XC0kTlkLYii5uXSC8jT5ncCAS7mjCv0uHp\/3lueHEEAeQ\/\/VgmdN71\/2uCSA1Xr6DO6uI6sW56zqT2tp2PhgiRUAajV8CY2fkcz6WGNKMgLAt7tJAhD4YHMTeRxlALE6+43WqjSWi8ITxyJl8WrwWSNESQZZOqhDDntO3hJLsd5RtSpbJqdv3YrDJH3F7jL1R2O2aQkn2MyCyKYz0GPGIvSAMgBCrCEiJyKbBaYGwLW4uPRr0A0M4Ux5kUI7IBh+hMdiCEWNqhMZGyYMsOgNE58UQuEQeUnSWCMYwL54hkxK6IoqucQZbQ3pc3XtL0lky1dL0zZJJDpWJovFqpWj6JEHnyam2eQp5QRVAVHjWparTOaVwUOx99YS2MvgxIGV0bb+qIg2HX2qkFFJB+XZcbLiuRkuxD9GRroKyveLxdh4d7Orx+hb7qc3uVRuEogCOnyIxm4ubUoPgF4jianDrC+SDQDKEfJb0GUKmjCGPYHGJvVC6X4hw1\/sAfQAdfYyephIaspXe36RwOP+Ljvfx9B6B3i+Nk0DGq+oCbLn6JpBa9nWAveAIHwFAwtVcIJXPMPL8kRu5OAYPMaL1WScTxjiZDqB9LTJSWphow\/pTYKRTLjCBhvi9iBidvKcDasGSm0QQkycYuLBqj6QCELPctqChDWpTRMWkngNNpQ1Pfp1KkiT\/Y0DGffXAweUNfLAfaJFKDwhb6I+bkYRbkERoEeu3Fyjg2opMz2daZCS9jt6Q7txNfB+OZEVF6Zl5web2xunnLQrtrjXseXKaFYziYINeMFZVxS9VxRhOoesYwxPKXm+gWLG9cuFeq93UNNeJNsf1KlwuDok9n02n3TgIJpOxNfL9naIoQwXtfH9kjceTIIi709ncTg6LZbg+biLH1V6u\/7rxBem06VXKn9raAAAAAElFTkSuQmCC\")      no-repeat center center \/ contain;  }  @media screen and (max-width: 960px) and (orientation: portrait) {    .logo {      width: 100%;    }    .logo .pc-banner {      display: none;    }    .logo .m-banner {      display: block;      width: 100%;    }    .logo .m-banner img {      height: auto!important;    }    .ytvideo {      height: 200px;      width: 100%;    }  }<\/style><style>  .video-section {    width: 100%;    margin: 0 auto;  }  .video-section > img {    width: 100%;  }  .video-section iframe,  .video-section video {    width: 100%;    height: 100%;      }  .video-section-img-m,  .video-section-img-pc > img {    width: 100%;    height: auto;  }  .video-section-img-pc.small > img {    width: 970px;  }  .video-desc {    line-height: 1.5;    font-size: 20px;    font-weight: 400;    margin: 20px 0;    text-align: center;    color: #0f1111;    word-break: break-word;  }  @media screen and (max-width: 960px) and (orientation: portrait) {    .video-section {      width: 100%;    }    .video-section-pc,    .video-section-img-pc {      display: none;    }    .video-section-m,    .video-section-img-m {      display: block;    }    .video-desc {      font-size: 15px;    }  }  @media screen and (min-width: 960px) {    .video-section {      width: 100%;      margin: 0 auto;    }    .video-section-pc,    .video-section-img-pc {      display: block;    }    .video-section-m,    .video-section-img-m {      display: none;    }    .video-desc {      font-size: 20px;    }  }<\/style><style>  .section + .section {    margin-top: 35px;  }  .section-title {    text-align: center;    font-weight: bold;    color: #0d1111;    font-family: \"Arial\";    font-size: 32px;    margin: 15px 0;  }  .section-title:empty {    display: none;  }  .section-desc {    text-align: center;    font-weight: normal;    color: #0d1111;    margin-top: 20px;  }  .section-desc:empty {    display: none;  }  .section-img {    width: 1200px;    height: 492px;    margin: 0 auto;    display: block;  }  .section-img.small {    width: 970px;    height: auto;  }  .section-img.small > img {    height: auto;  }  .section-img > img {    width: 100%;    height: 100%;  }  .section-mobile-img {    display: none;    max-width: 100vw;    max-height: 75vw;    height: 450px;    margin: 0 auto;  }  .section-mobile-img > img {    width: 100%;    height: 100%;  }  @media screen and (max-width: 960px) and (orientation: portrait) {    .container {      width: 100%;    }    .container.small {      width: 100%;    }    .section-mobile-img {      display: block;    }    .section-img {      display: none;    }    .section-title {      font-size: 22px;      margin: 10px 0;    }    .section-desc {      margin-top: 10px;    }    .section + .section {      margin-top: 20px;    }  }<\/style><\/head><body><div class=\"container\"><div class=\"logo\"><div class=\"pc-banner\"><div><img decoding=\"async\" src=\"\/vevor\/vevor\/boutique-banner\/pc\/en-pc@1x.jpg\" style=\"width: 100%;\" \/><\/div><\/div><div class=\"m-banner\"><div><img decoding=\"async\" src=\"\/vevor\/vevor\/boutique-banner\/mobile\/en-m@1x.jpg\" style=\"width: 100%;\" \/><\/div><\/div><\/div><div class=\"section-title\">Lengvas K\u0117limo Kiekvien\u0105 I\u0161\u0161\u016bkis!<\/div><div class=\"video-section\"><div class=\"video-section-img-pc\"><img decoding=\"async\" src=\"\/vevor\/product\/NCJYQJDHJG60I6KU2\/farm-jack-a100-1.4.jpg\" \/><\/div><div class=\"video-section-img-m\"><img decoding=\"async\" src=\"\/vevor\/product\/NCJYQJDHJG60I6KU2\/farm-jack-a100-1.4-m.jpg\" \/><\/div><div class=\"section-desc\">\u012e 7,000 lbs komunalini\u0173 \u016bki\u0173 d\u017eekas yra galingas ir universalus \u012frankis, skirtas dirbti \u012fvairius \u016bkio darbus problemas ir teikia universalus parama \u012fvairi\u0173 tip\u0173 transporto priemon\u0117s. Daugiafunkcinis paj\u0117gumus, kad ji vertinga d\u0117l \u012fvairi\u0173 k\u0117limo u\u017eduotys, \u017eem\u0117s \u016bkio, transporto priemoni\u0173, ir u\u017e jos rib\u0173.<\/div><\/div><div class=\"section\"><div class=\"section-title\"><\/div><div class=\"section-img\"><img decoding=\"async\" src=\"\/vevor\/product\/NCJYQJDHJG60I6KU2\/farm-jack-a100-2.2.jpg\" \/><\/div><div class=\"section-mobile-img\"><img decoding=\"async\" src=\"\/vevor\/product\/NCJYQJDHJG60I6KU2\/farm-jack-a100-2.2-m.jpg\" \/><\/div><div class=\"section-desc\">\u016akio jack funkcijos sutir\u0161t\u0117s plieno statybos, i\u0161skirtin\u0117s tvirtum\u0105 ir ilgaam\u017ei\u0161kum\u0105. Jo kar\u0161tai cinkuoti milteli\u0173 pur\u0161kimo proces\u0105, u\u017etikrina dvigub\u0105 apsaug\u0105 metalo pavir\u0161iaus, veiksmingai saugo nuo korozijos ir i\u0161pl\u0117sti bendr\u0105 tarnavimo laik\u0105.<\/div><\/div><div class=\"section\"><div class=\"section-title\"><\/div><div class=\"section-img\"><img decoding=\"async\" src=\"\/vevor\/product\/NCJYQJDHJG60I6KU2\/farm-jack-a100-2.3.jpg\" \/><\/div><div class=\"section-mobile-img\"><img decoding=\"async\" src=\"\/vevor\/product\/NCJYQJDHJG60I6KU2\/farm-jack-a100-2.3-m.jpg\" \/><\/div><div class=\"section-desc\">Su 750mm ilgio rankena ir sverto principas, k\u0117limo tampa v\u0117jas. Platus baz\u0119, kartu su neslid\u017eia rankena, u\u017etikrina stabilum\u0105 ir patogum\u0105 naudotis, k\u0117limo operacij\u0173 metu.<\/div><\/div><div class=\"section\"><div class=\"section-title\"><\/div><div class=\"section-img\"><img decoding=\"async\" src=\"\/vevor\/product\/NCJYQJDHJG60I6KU2\/farm-jack-a100-2.4.jpg\" \/><\/div><div class=\"section-mobile-img\"><img decoding=\"async\" src=\"\/vevor\/product\/NCJYQJDHJG60I6KU2\/farm-jack-a100-2.4-m.jpg\" \/><\/div><div class=\"section-desc\">Kiekvien\u0105 reketas, hole numatyta, auk\u0161tis 20mm, galima efektyviai lazanija su tikslaus auk\u0161\u010dio reguliavimas. Tiesiog atidarymo raktas pereiti, galite greitai ir skland\u017eiai ma\u017eesn\u0117s apkrovos.<\/div><\/div><div class=\"section\"><div class=\"section-title\"><\/div><div class=\"section-img\"><img decoding=\"async\" src=\"\/vevor\/product\/NCJYQJDHJG60I6KU2\/farm-jack-a100-2.5.jpg\" \/><\/div><div class=\"section-mobile-img\"><img decoding=\"async\" src=\"\/vevor\/product\/NCJYQJDHJG60I6KU2\/farm-jack-a100-2.5-m.jpg\" \/><\/div><div class=\"section-desc\">\u0160is universalus lizdas, tinka \u012fvairi\u0173 k\u0117limo u\u017eduotys, \u016bkio, keli\u0173 gelbsti, ir off-road pab\u0117ga. Ji taip pat gali tarnauti kaip gerv\u0117, teikiantis i\u0161tiesti kair\u0119 ir \u012f de\u0161in\u0119, kaip reikia.<\/div><\/div><div class=\"section\"><div class=\"section-img\"><img decoding=\"async\" src=\"\/vevor\/product\/NCJYQJDHJG60I6KU2\/farm-jack-a100-1.11.jpg\" \/><\/div><div class=\"section-mobile-img\"><img decoding=\"async\" src=\"\/vevor\/product\/NCJYQJDHJG60I6KU2\/farm-jack-a100-1.11-m.jpg\" \/><\/div><\/div><\/div><\/body><\/html><\/div>\n<div class=\"DM_at-title\" id=\"js-DM_at-title\"> <div>Produkto specifikacija<\/div> <i class=\"icon-arrowup_line\"><\/i> <\/div><div class=\"DM_at-goodsDescAttr\" id=\"js-DM_at-goodsDescAttr\"> <div class=\"DM_at-goodsDescAttrInner\"> <dl class=\"goodsDesc_item goodsDesc_item_even\"> <dt>Prek\u0117s Modelio Numeris<\/dt> <dd> AH081060<\/dd> <\/dl> <dl class=\"goodsDesc_item\"> <dt>Maks. Talpa<\/dt> <dd> 7000 svar\u0173\/3.18 Tona<\/dd> <\/dl> <dl class=\"goodsDesc_item goodsDesc_item_even\"> <dt>K\u0117limo Diapazonas<\/dt> <dd> 4.13-52.36 coli\u0173\/105-1330 mm<\/dd> <\/dl> <dl class=\"goodsDesc_item\"> <dt>Gaminio Matmenys<\/dt> <dd> 5.11&#034; x 9.06 straipsnis&#034; x 60.04&#034;\/130 x 230 x 1525 mm<\/dd> <\/dl> <dl class=\"goodsDesc_item goodsDesc_item_even\"> <dt>Matmenys Laipiojimo R\u0117mas<\/dt> <dd> 2.44&#034; x 4.13&#034;\/62 x 105 mm<\/dd> <\/dl> <dl class=\"goodsDesc_item\"> <dt>Pagrindo Matmenys<\/dt> <dd> 4.52&#034; x 7.08&#034;\/115 x 180 mm<\/dd> <\/dl> <dl class=\"goodsDesc_item goodsDesc_item_even\"> <dt>K\u0117limo Rankos Dydis<\/dt> <dd> 59.84&#034; x 1,97&#034;\/1520 x 50 mm<\/dd> <\/dl> <dl class=\"goodsDesc_item\"> <dt>Auk\u0161tis Kiekvien\u0105 Reketas Skyl\u0119<\/dt> <dd> 0.79&#034;\/20 mm<\/dd> <\/dl> <dl class=\"goodsDesc_item goodsDesc_item_even\"> <dt>Neto Svoris<\/dt> <dd> 29.76 svar\u0173\/13.5 kg<\/dd> <\/dl> <\/div> <\/div>","protected":false},"excerpt":{"rendered":"<ul>\n<li> Galingas ir Universalus: naudingumo \u016bkio jack pasigirti didel\u0117 apkrova 7,000 svar\u0173, k\u0117limo diapazonas: 4.13-52.36 coli\u0173\/105-1330 mm, tod\u0117l puikiai tiks \u012fvairi\u0173 \u016bkio darb\u0173 u\u017eduotis, tokias, kaip efektyviai k\u0117limo, \u017eem\u0117s \u016bkio ma\u0161in\u0173, transporto priemoni\u0173 ir ne\u0161ti sunkius objektus, pavyzd\u017eiui, r\u0105stgaliai ir tvor\u0173 stulpeliams. Su 60 coli\u0173 didel\u0117s k\u0117limo vietos, \u016bkio lizdas tinka \u012fvairias transporto priemones, \u012fskaitant ir ne keli\u0173 transporto priemon\u0117s, automobiliai ir sunkve\u017eimiai, ir gali b\u016bti naudojami net kaip gerv\u0117. <\/li>\n<li> Patikimos ir Tvirtos Konstrukcijos: Meistri\u0161kai su integruota liejimo ir \u0161tampavimo dalys plieno, \u0161is \u016bkis jack u\u017etikrina patikimum\u0105 ir ilgaam\u017ei\u0161kum\u0105. Jos tvirtos med\u017eiagos apsaugo nuo lenkimo, o kar\u0161tai cinkuoti milteli\u0173 pur\u0161kimo proces\u0105, apsaugo metalo pavir\u0161i\u0173, ma\u017eina da\u017e\u0173 ir r\u016bd\u017ei\u0173. Ilg\u0105 tarnavimo laik\u0105, \u0161varus ir taikyti r\u016bd\u017ei\u0173 atsparia alyva po dienos. <\/li>\n<li> Taupantis K\u0117limo: Su savo 750 mm ilgio rankena, \u0161i \u016bkio lizdas suteikia didesn\u012f svert\u0105 daugiau taupantis k\u0117limo. Platus baz\u0117 neleid\u017eia jack i\u0161 \u0161ulini\u0173, ir neslid\u017eia rankena u\u017etikrina saug\u0173 sukibim\u0105, net per dideles u\u017eduotis. Jo patogus dizainas, tiek vyrai, tiek moterys gali lengvai valdyti j\u012f. <\/li>\n<li> Efektyvus ir Tikslus Veikimas: 20 mm reketas, skyl\u0117 leid\u017eia tiksliai fiksavimo laipiojimo auk\u0161tis, u\u017etikrinant stabilum\u0105 k\u0117limo operacij\u0173 metu. Ver\u017eliarak\u010dio jungiklis leid\u017eia greitai suma\u017einti, ir to, gumine mova apsaugo rank\u0173 nukrypim\u0173, didinant patogum\u0105 ir saug\u0105 eksploatavimo metu. <\/li>\n<li> Multi-Funkcinis Universalumas: naudingumo \u016bkio jack tarnauja daugeliui tiksl\u0173, tod\u0117l yra universalus \u012frankis, skirtas \u012fvairi\u0173 scenarij\u0173. Ji palengvina transporto priemoni\u0173 padang\u0173 poky\u010dius, \u016bkio med\u017eio traukimas, val\u010di\u0173 k\u0117limo, off-road atk\u016brimo, u\u017emiestyje gelb\u0117jimo ir netgi gali veikti kaip gerv\u0117 u\u017e \u0161oninis tempimas. <\/li>\n<\/ul>","protected":false},"featured_media":267187,"comment_status":"closed","ping_status":"open","template":"","meta":{"om_disable_all_campaigns":false,"_monsterinsights_skip_tracking":false,"_monsterinsights_sitenote_active":false,"_monsterinsights_sitenote_note":"","_monsterinsights_sitenote_category":0,"_uf_show_specific_survey":0,"_uf_disable_surveys":false},"location":[1935,1934],"product_brand":[21],"product_cat":[133,2580,3343,2462],"product_tag":[],"class_list":{"0":"post-15748","1":"product","2":"type-product","3":"status-publish","4":"has-post-thumbnail","6":"location-supplier_stock_location","7":"location-local_stock_location","8":"product_brand-vevor","9":"product_cat-automotive","10":"product_cat-car-jacks","11":"product_cat-farm-jacks","12":"product_cat-shop-equipment","14":"first","15":"outofstock","16":"taxable","17":"shipping-taxable","18":"purchasable","19":"product-type-simple"},"aioseo_notices":[],"jetpack_sharing_enabled":true,"locations":[{"id":1935,"name":"Pieg\u0101d\u0101t\u0101ja noliktav\u0101 (5-7d.d.)","slug":"supplier_stock_location","quantity":"0"},{"id":1934,"name":"R\u012bgas veikal\u0101 (0-2d.d.)","slug":"local_stock_location","quantity":"0"}],"_links":{"self":[{"href":"https:\/\/vevorshop.lv\/lt\/wp-json\/wp\/v2\/product\/15748","targetHints":{"allow":["GET"]}}],"collection":[{"href":"https:\/\/vevorshop.lv\/lt\/wp-json\/wp\/v2\/product"}],"about":[{"href":"https:\/\/vevorshop.lv\/lt\/wp-json\/wp\/v2\/types\/product"}],"replies":[{"embeddable":true,"href":"https:\/\/vevorshop.lv\/lt\/wp-json\/wp\/v2\/comments?post=15748"}],"wp:featuredmedia":[{"embeddable":true,"href":"https:\/\/vevorshop.lv\/lt\/wp-json\/wp\/v2\/media\/267187"}],"wp:attachment":[{"href":"https:\/\/vevorshop.lv\/lt\/wp-json\/wp\/v2\/media?parent=15748"}],"wp:term":[{"taxonomy":"location","embeddable":true,"href":"https:\/\/vevorshop.lv\/lt\/wp-json\/wp\/v2\/location?post=15748"},{"taxonomy":"product_brand","embeddable":true,"href":"https:\/\/vevorshop.lv\/lt\/wp-json\/wp\/v2\/product_brand?post=15748"},{"taxonomy":"product_cat","embeddable":true,"href":"https:\/\/vevorshop.lv\/lt\/wp-json\/wp\/v2\/product_cat?post=15748"},{"taxonomy":"product_tag","embeddable":true,"href":"https:\/\/vevorshop.lv\/lt\/wp-json\/wp\/v2\/product_tag?post=15748"}],"curies":[{"name":"wp","href":"https:\/\/api.w.org\/{rel}","templated":true}]}}