{"id":157824,"date":"2025-03-26T05:05:19","date_gmt":"2025-03-26T05:05:19","guid":{"rendered":"https:\/\/vevorshop.lv\/en_us\/Prece\/vevor-tree-watering-bags-3-pack-75-7l-slow-release-irrigation-for-healthy-tree-growth-durable-pvc-easy-to-use\/"},"modified":"2026-05-05T19:54:05","modified_gmt":"2026-05-05T16:54:05","slug":"vevor-tree-watering-bags-3-pack-75-7l-slow-release-irrigation-for-healthy-tree-growth-durable-pvc-easy-to-use","status":"publish","type":"product","link":"https:\/\/vevorshop.lv\/lt\/Prece\/vevor-medziu-laistymo-maiseliai-3-pakuotes-75-7l-leto-atpalaidavimo-drekinimas-sveikam-medziu-augimui-patvarus-pvc-kuri-lengva-naudoti\/","title":{"rendered":"VEVOR 75,7L Med\u017ei\u0173 Laistymo Mai\u0161ai, 3 vnt. Komplektas, L\u0117to I\u0161leidimo Dr\u0117kinimo Sistema Naujiems Med\u017eiams su U\u017etrauktuku"},"content":{"rendered":"<div style=\"color: #fff!important; font-size: 16px; height: 24px; line-height: 24px; margin-top: -24px; \" class=\"product_original_name\">VEVOR med\u017ei\u0173 laistymo krep\u0161ys, 3 pakuot\u0117s 20 galon\u0173 laistymo mai\u0161eliai naujiems med\u017eiams, 5-9 valand\u0173 l\u0117to i\u0161leidimo pakartotinai u\u017epildomi med\u017ei\u0173 la\u0161inimo dr\u0117kinimo mai\u0161eliai su u\u017etrauktuku, patvari med\u017ei\u0173 laistymo sistema, skirta giliai nukreipti \u0161aknis<\/div>\n<div style=\"color: #fff!important; font-size: 16px; height: 24px; line-height: 24px; margin-top: -24px; \" class=\"product_sku\">M8PGNNCS<\/div>\n<div style=\"color: #fff!important; font-size: 16px; height: 24px; line-height: 24px; margin-top: -24px; \" class=\"product_mpn\">DSJSD20GAL3JHNCKJV0<\/div><div id=\"js-DM_at-goodDescRich\"><html><head><style>  body {    font-family: Arial;    line-height: 1.5;    color: #1c1c1c;    overflow-x: hidden;    margin: 0;    padding: 0;  }  .MsoNormal b {    font-weight: bolder;  }<\/style><style>  .container.small {    width: 970px;    margin: 0 auto;  }  .logo {    margin: 0 auto 0;  }  .logo img {    display: block;    margin: 0 auto;    max-width: 100%;  }  .logo .pc-banner {    display: block;    width: 1200px;    height: 247.4px;    margin: 0 auto;  }  .logo .pc-banner.small {    width: 970px;  }  .logo .pc-banner.small img {    height: auto!important;  }  .logo .m-banner {    display: none;  }  .ytvideo {    position: relative;    height: 546px;    width: 100%;    margin: 0 auto;  }  .ytvideo img {    width: 100%;    margin: 0 auto;  }  .ytvideo .play-btn {    width: 60px;    height: 42px;    position: absolute;    top: 50%;    left: 50%;    transform: translate(-50%, -50%);    background: url(\"data:image\/png;base64,iVBORw0KGgoAAAANSUhEUgAAAGQAAABGCAMAAAANWMFbAAAC+lBMVEUAAADBGB3kLCfBGB3kLCfcJC7BFx3KKSbiKybkLCbWJCPSIiLSIiLPICHAFx3kLCfgKSXNHiDZJiTIGx\/p4eHcjo7LHSDbJyTkLCbjKyfOHyHPIiL28fHJHB\/GGh7EGR7eKCXDGB3RISHlLSbBGB3AFxzGHB7DGB7BGB3hKybkKybAFx3lLCfAFxzDGR3hKibDGB7cJyTmz8\/elJTlwcHjurrUIyLlLSflLSfAFx3DGR7lLSfCFx3hKibhKibhKybjKybkLCblLSfbJSX49vbx7e3NNzjNMTLMJyjVIyLZf3\/ZQ0LaeHjx0tLgoqLkLCfCGB3HGx\/BGB3BFx3PICHCGB7WJCLOHyC\/Fxy\/Fx3lLCfQISHkLSe\/FxzbJiTBFx3FGx\/AGB7BFx3EGR7AGB3HHSDfKiXAFh3TISHYNzbhKibbJyTTIiL57e325+f039\/v2NjUV1fOHiHiqanfmprch4feKSXVIyPOICHmLibFGh\/mLSe\/Fx7XJCPeKSXXJSPNHyHaJyTGGh7lLCbmLCflLSjSIiLkLCbdKSXLHiC\/GB3KHh++Fh3lKyfoLiXcKCPkx8fYb2\/XaGfVXl3aU1LLHiDksbHgKibPICHbJyTfKSXbJyTCGB3KHSDiKybFGh7TIiL\/\/\/\/VIyPRISHIHB\/GGx\/HHB\/DGR7gKibdKCXLHiDZJiTMHiDNHyHYJSTOICHPICHWJCPcKCXXJSPjLCblLCf+\/f3NGR\/uLijzLynPGR\/IGB7WISHaIyLLGh7UAADxLynNAADRLzDbICLQAADIAAD3MCrUHSHXMTDpKSbLAADp5OTij4\/ejo\/VLy\/1LyngJSTcJCPQHx\/OHB7+\/PzaMS\/OLS\/vLijrLSjSAADaNTPwLyjkKSbNJCbYISHPHB\/KGB7WAAD7+vrn3d3aKynTKCjoLCfsKifRGh\/YAADq5+fhjo7QNDXXKCfmJyXt5+fTLzDLLi\/QKivYHRvMGBrQJCXLISPMExXLDxLaEAvkkI\/bOTfaFQ\/SCgpvLcnHAAAAmnRSTlMA+vv7+gT9Bvf9+8z8\/NSv\/Pr5+P7++vnQIBMP\/v38\/Pn348XDiCYf9OjbzcqxXVcx\/fz8+\/rj1r2poo1+fXFqX0orGP7+\/v7+\/fz8+\/r68uzn4trIxsG\/vri3p6GcmZSNbWVYUUZEPQv+\/f39+\/v7+\/v7+vr64tvV1NTTz87FtbSurqeblJKFg4B3bUY+NjL7+\/v7+\/v67t1cDo8JLQAABkRJREFUWMO0kz9rwkAYh0OIeJkum6YugUAhISCdKoj\/P4C7SMdS+gEKIhSKil10LSg4mzXkILdlEpxCpwTiWOLX6BujvQaEQuGeHLnL+\/64J+SIcKGYTYWnntpdLjrVdqvZmNdn0+EE40GtpuuWVS6Xx6N7YDSGpWXpeq02wHgynM7q80az1a52HpddtVcpsi1zFARBrdaxbhp9iUReTGmwA4KAAr7vx3EYejnCMI6hQYEgy0LQi4jUN0wL19vqFcUC9\/1dAKmEEFkWRYkh5oBejnxQJiSJPJ\/uKBp0Thszx9Mw8hMRIQjKsptCfuES9zr5WJY6vSFCIvE9fCMUmEM1A1kSXcYGxgVYsvI1IPKTZciSTI0us\/SMGG04gDzELDoFBwdcFJrF88dqgYMTiL6DILWYyfOWE8\/kIz38olCNlC03FK95+imxp6y4oUSvAnBjHHhKNtotSDqJzVFiK8c2SBqhZtsrTtgrLXwAyduxZHNE26eHUt5rtuM4WSmds3G+sUdWYo1L+XyxButoh5eKUHk5lByO3G1LqqCWVnfrv\/lyPtf\/4ps1cndNGIri8J1TJ0lx6dR\/oPjq1nbRwdp2dCk4CtIOLW3pVKRL6WZfS5vF2KkIQhpwSsjiYIgNCs1gEMGqiIq24NQX9NwoXFy8Ufrl3twTcg4fv8T9\/JBEySduj6Mjm4bMzYV7EEOxKjjoNDud7yY3Dy71Hq2oLmqfbNR723edH9PgMrNL2utoQ3VmaIDkiw\/4w51P06hlZsTZvkRrbVuSIs\/zwSOsycgzStQouoAkWQqioRT5XI7n2Z1wfVhoZmcAJLsoqjqpjbWCgpOAJXBwHK8PzWbNvoUZJND5wCnSkLAkZ1legx6vqQzjoiTahKlGUGLAiIIoABOHaNVw4sexZBym6\/HWlH5h3IC7yRbxtipcWxdTOkORKiNQAEkFf66x5S2oeRbroOlLgg0sSYkR0hRGEqJZ0jTPiQKatESdBckpWigxaapEH0lImHdWu9pUFF2XqMNM2Z4kped7IwEJw2qabwtrQqnpw6HyKkgcadKWsmpywwesDyIhYRpdzXddqegtGIJlXbAIUMOLkGxJUjRIkokwjUaX9d\/kK62ps\/tYUqZLIMkLTyBhsMZ3C5Z\/kDxOSCb\/DOs\/\/J0qcWSX\/2ipe56EgTCA4\/cB7NAYOsni4mZM1MUPAISoEwkDi4lhVBQ1cWQyIcwalw4EpqZN68JUSK7XC0kTlkLYii5uXSC8jT5ncCAS7mjCv0uHp\/3lueHEEAeQ\/\/VgmdN71\/2uCSA1Xr6DO6uI6sW56zqT2tp2PhgiRUAajV8CY2fkcz6WGNKMgLAt7tJAhD4YHMTeRxlALE6+43WqjSWi8ITxyJl8WrwWSNESQZZOqhDDntO3hJLsd5RtSpbJqdv3YrDJH3F7jL1R2O2aQkn2MyCyKYz0GPGIvSAMgBCrCEiJyKbBaYGwLW4uPRr0A0M4Ux5kUI7IBh+hMdiCEWNqhMZGyYMsOgNE58UQuEQeUnSWCMYwL54hkxK6IoqucQZbQ3pc3XtL0lky1dL0zZJJDpWJovFqpWj6JEHnyam2eQp5QRVAVHjWparTOaVwUOx99YS2MvgxIGV0bb+qIg2HX2qkFFJB+XZcbLiuRkuxD9GRroKyveLxdh4d7Orx+hb7qc3uVRuEogCOnyIxm4ubUoPgF4jianDrC+SDQDKEfJb0GUKmjCGPYHGJvVC6X4hw1\/sAfQAdfYyephIaspXe36RwOP+Ljvfx9B6B3i+Nk0DGq+oCbLn6JpBa9nWAveAIHwFAwtVcIJXPMPL8kRu5OAYPMaL1WScTxjiZDqB9LTJSWphow\/pTYKRTLjCBhvi9iBidvKcDasGSm0QQkycYuLBqj6QCELPctqChDWpTRMWkngNNpQ1Pfp1KkiT\/Y0DGffXAweUNfLAfaJFKDwhb6I+bkYRbkERoEeu3Fyjg2opMz2daZCS9jt6Q7txNfB+OZEVF6Zl5web2xunnLQrtrjXseXKaFYziYINeMFZVxS9VxRhOoesYwxPKXm+gWLG9cuFeq93UNNeJNsf1KlwuDok9n02n3TgIJpOxNfL9naIoQwXtfH9kjceTIIi709ncTg6LZbg+biLH1V6u\/7rxBem06VXKn9raAAAAAElFTkSuQmCC\")      no-repeat center center \/ contain;  }  @media screen and (max-width: 960px) and (orientation: portrait) {    .logo {      width: 100%;    }    .logo .pc-banner {      display: none;    }    .logo .m-banner {      display: block;      width: 100%;    }    .logo .m-banner img {      height: auto!important;    }    .ytvideo {      height: 200px;      width: 100%;    }  }<\/style><style>  .video-section {    width: 100%;    margin: 0 auto;  }  .video-section > img {    width: 100%;  }  .video-section iframe,  .video-section video {    width: 100%;    height: 100%;      }  .video-section-img-m,  .video-section-img-pc > img {    width: 100%;    height: auto;  }  .video-section-img-pc.small > img {    width: 970px;  }  .video-desc {    line-height: 1.5;    font-size: 20px;    font-weight: 400;    margin: 20px 0;    text-align: center;    color: #0f1111;    word-break: break-word;  }  @media screen and (max-width: 960px) and (orientation: portrait) {    .video-section {      width: 100%;    }    .video-section-pc,    .video-section-img-pc {      display: none;    }    .video-section-m,    .video-section-img-m {      display: block;    }    .video-desc {      font-size: 15px;    }  }  @media screen and (min-width: 960px) {    .video-section {      width: 100%;      margin: 0 auto;    }    .video-section-pc,    .video-section-img-pc {      display: block;    }    .video-section-m,    .video-section-img-m {      display: none;    }    .video-desc {      font-size: 20px;    }  }<\/style><style>  .section + .section {    margin-top: 35px;  }  .section-title {    text-align: center;    font-weight: bold;    color: #0d1111;    font-family: \"Arial\";    font-size: 32px;    margin: 15px 0;  }  .section-title:empty {    display: none;  }  .section-desc {    text-align: center;    font-weight: normal;    color: #0d1111;    margin-top: 20px;  }  .section-desc:empty {    display: none;  }  .section-img {    width: 1200px;    height: 492px;    margin: 0 auto;    display: block;  }  .section-img.small {    width: 970px;    height: auto;  }  .section-img.small > img {    height: auto;  }  .section-img > img {    width: 100%;    height: 100%;  }  .section-mobile-img {    display: none;    max-width: 100vw;    max-height: 75vw;    height: 450px;    margin: 0 auto;  }  .section-mobile-img > img {    width: 100%;    height: 100%;  }  @media screen and (max-width: 960px) and (orientation: portrait) {    .container {      width: 100%;    }    .container.small {      width: 100%;    }    .section-mobile-img {      display: block;    }    .section-img {      display: none;    }    .section-title {      font-size: 22px;      margin: 10px 0;    }    .section-desc {      margin-top: 10px;    }    .section + .section {      margin-top: 20px;    }  }<\/style><\/head><body><div class=\"container small\"><div class=\"logo\"><div class=\"pc-banner small\"><div><img decoding=\"async\" src=\"\/vevor\/vevor\/boutique-banner\/pc\/en-pc@1x.jpg\" style=\"width: 100%;\" \/><\/div><\/div><div class=\"m-banner\"><div><img decoding=\"async\" src=\"\/vevor\/vevor\/boutique-banner\/mobile\/en-m@1x.jpg\" style=\"width: 100%;\" \/><\/div><\/div><\/div><div class=\"section-title\">Dideli\u0173 Paj\u0117gum\u0173 Ir L\u0117tai Atleiskite Med\u017ei\u0173 Laistymo Krep\u0161ys<\/div><div class=\"video-section\"><div class=\"video-section-img-pc small\"><img decoding=\"async\" src=\"\/vevor\/product\/DSJSD20GAL3JHNCKJ\/tree-watering-bag-a100-1.4-pt.jpg\" \/><\/div><div class=\"video-section-img-m\"><img decoding=\"async\" src=\"\/vevor\/product\/DSJSD20GAL3JHNCKJ\/tree-watering-bag-a100-1.4-pt.jpg\" \/><\/div><div class=\"section-desc\">Idealiai tinka naujus vynmed\u017eius, ar sausra-jautrus med\u017ei\u0173 sodai ir dar\u017eai, \u0161is Medis Laistymo Mai\u0161elis u\u017etikrina efektyv\u0173 ir stabil\u0173 dr\u0117kinimo. Su dideliu 20-galonas (75.7 L) talpos, mai\u0161el\u012f pama\u017eu i\u0161leid\u017eia vanden\u012f nuo 5 iki 9 valandos, giliai dr\u0117kinantis med\u017ei\u0173 \u0161akn\u0173, palaikyti sveik\u0105 augim\u0105.<\/div><\/div><div class=\"section\"><div class=\"section-title\"><\/div><div class=\"section-img small\"><img decoding=\"async\" src=\"\/vevor\/product\/DSJSD20GAL3JHNCKJ\/tree-watering-bag-a100-2.2-pt.jpg\" \/><\/div><div class=\"section-mobile-img\"><img decoding=\"async\" src=\"\/vevor\/product\/DSJSD20GAL3JHNCKJ\/tree-watering-bag-a100-2.2-pt.jpg\" \/><\/div><div class=\"section-desc\">Ilgalaikio naudojimo, tu\u0161\u010dias med\u017eio krep\u0161iai likus\u012f vanden\u012f, leiskite jiems i\u0161d\u017ei\u016bti, ir laikyti v\u0117sioje, sausoje vietoje, kol reikia dar kart\u0105.<\/div><\/div><div class=\"section\"><div class=\"section-title\"><\/div><div class=\"section-img small\"><img decoding=\"async\" src=\"\/vevor\/product\/DSJSD20GAL3JHNCKJ\/tree-watering-bag-a100-2.3-pt.jpg\" \/><\/div><div class=\"section-mobile-img\"><img decoding=\"async\" src=\"\/vevor\/product\/DSJSD20GAL3JHNCKJ\/tree-watering-bag-a100-2.3-pt.jpg\" \/><\/div><div class=\"section-desc\">Pa\u0161alinti vargo da\u017enai rankinis laistymo. \u0160i\u0173 med\u017ei\u0173 la\u0161elin\u0119 mai\u0161eliai jums sutaupyti laiko, pastang\u0173, ir vandens, u\u017etikrinti veiksming\u0105 ir laiku hidratacijos sveik\u0173 med\u017ei\u0173 augimo.<\/div><\/div><div class=\"section\"><div class=\"section-title\"><\/div><div class=\"section-img small\"><img decoding=\"async\" src=\"\/vevor\/product\/DSJSD20GAL3JHNCKJ\/tree-watering-bag-a100-2.4-pt.jpg\" \/><\/div><div class=\"section-mobile-img\"><img decoding=\"async\" src=\"\/vevor\/product\/DSJSD20GAL3JHNCKJ\/tree-watering-bag-a100-2.4-pt.jpg\" \/><\/div><div class=\"section-desc\">Nesvarbu, ar namuose, sodai, dar\u017eai, ar miesto \u017eali\u0173j\u0173 erdvi\u0173, \u0161ie mai\u0161eliai veiksmingai dr\u0117kinti med\u017ei\u0173 \u012fvairi\u0173 aplink\u0173.<\/div><\/div><div class=\"section\"><div class=\"section-title\"><\/div><div class=\"section-img small\"><img decoding=\"async\" src=\"\/vevor\/product\/DSJSD20GAL3JHNCKJ\/tree-watering-bag-a100-2.5-pt.jpg\" \/><\/div><div class=\"section-mobile-img\"><img decoding=\"async\" src=\"\/vevor\/product\/DSJSD20GAL3JHNCKJ\/tree-watering-bag-a100-2.5-pt.jpg\" \/><\/div><div class=\"section-desc\">Joki\u0173 \u012franki\u0173 ar sud\u0117tingas setup reikia. Tiesiog prisijungti bendr\u0105 sodo \u017earna greitai u\u017epildykite mai\u0161us ir prad\u0117ti laistyti.<\/div><\/div><div class=\"section\"><div class=\"section-img small\"><img decoding=\"async\" src=\"\/vevor\/product\/DSJSD20GAL3JHNCKJ\/tree-watering-bag-a100-1.11-pt.jpg\" \/><\/div><div class=\"section-mobile-img\"><img decoding=\"async\" src=\"\/vevor\/product\/DSJSD20GAL3JHNCKJ\/tree-watering-bag-a100-1.11-pt.jpg\" \/><\/div><\/div><\/div><\/body><\/html><\/div>\n<div class=\"DM_at-title\" id=\"js-DM_at-title\"> <div>Produkto specifikacija<\/div> <i class=\"icon-arrowup_line\"><\/i> <\/div><div class=\"DM_at-goodsDescAttr\" id=\"js-DM_at-goodsDescAttr\"> <div class=\"DM_at-goodsDescAttrInner\"> <dl class=\"goodsDesc_item goodsDesc_item_even\"> <dt>Prek\u0117s Modelio Numeris<\/dt> <dd> TWB-20gal-D3<\/dd> <\/dl> <dl class=\"goodsDesc_item\"> <dt>Nustatytas Kiekis<\/dt> <dd> 3-piece set<\/dd> <\/dl> <dl class=\"goodsDesc_item goodsDesc_item_even\"> <dt>Talpa<\/dt> <dd> 20gal \/ 75.7 L<\/dd> <\/dl> <dl class=\"goodsDesc_item\"> <dt>Suderinama Med\u017eio Skersmuo<\/dt> <dd> 1-4in \/ 25.4 - 101.6 mm<\/dd> <\/dl> <dl class=\"goodsDesc_item goodsDesc_item_even\"> <dt>Minimalus Auk\u0161tis, Reikalingas<\/dt> <dd> 25in \/ 635mm<\/dd> <\/dl> <dl class=\"goodsDesc_item\"> <dt>Suderinama \u017darna<\/dt> <dd> 2in \/ 50,8 mm skersmuo (Ilgis<\/dd> <\/dl> <dl class=\"goodsDesc_item goodsDesc_item_even\"> <dt>Pagrindin\u0117 Med\u017eiaga<\/dt> <dd> PVC (400gsm)<\/dd> <\/dl> <dl class=\"goodsDesc_item\"> <dt>Neto Svoris<\/dt> <dd> 4.41 svar\u0173 \/ 2kg<\/dd> <\/dl> <\/div> <\/div>","protected":false},"excerpt":{"rendered":"<ul>\n<li> Skatina Sveik\u0173 Med\u017ei\u0173 Augimo: Kiekvienas medis laistymo mai\u0161el\u012f telpa iki 20 galon\u0173 (75.7 L) vandens, kuris paprastai trunka 5-9 valandas palaipsniui tu\u0161\u010dias. Tai pailginto atpalaidavimo laistymo sistema u\u017etikrina vanduo pasiekia giliai \u012f \u017eem\u0119, tiesiogiai maitinanti \u0161aknis. Idealiai tinka naujai persodinami med\u017eiai ar per kar\u0161tas vasaros m\u0117nesiams, jis padeda savo med\u017ei\u0173 likti hidratuotas ir klest\u0117ti. <\/li>\n<li> Patvarus ir Patikimas Kokyb\u0117s: Pagaminti i\u0161 sunki\u0173j\u0173, atsparus oro PVC med\u017eiaga, \u0161i\u0173 med\u017ei\u0173 laistymo mai\u0161eliai yra pastatytas paskutinis. Jie yra a\u0161ara-atspar\u016bs ir skirti i\u0161laikyti \u017ealos, i\u0161 med\u017eio \u0161ak\u0173 ar \u012fbr\u0117\u017eim\u0173. Su sustiprinto nailono u\u017etrauktukai ir tvirtas rankenos, jie gali lengvai pad\u0117ti svorio mai\u0161\u0105, kai visi\u0161kai u\u017epildyta. <\/li>\n<li> Universalus Suderinamumas: Tai komplekt\u0105 \u012feina 3 med\u012f dr\u0117kinimo krep\u0161iai, kiekvienam tinka med\u017ei\u0173, kuri\u0173 kamieno skersmuo 1-4 \u012f (25.4-101.6 mm), o auk\u0161tis-ne ma\u017eesnis kaip 25 (635mm). D\u0117l didesni\u0173 med\u017ei\u0173, tiesiog sujungti du mai\u0161us kartu, kad tilpt\u0173 kamieno skersmuo tarp 2-8 m. (50.8-203.2 mm). <\/li>\n<li> Vanden\u012f Taupan\u010dius: skirtas l\u0117ta vandens i\u0161leidimo, \u0161i\u0173 laistymo krep\u0161iai nauj\u0173 med\u017ei\u0173 u\u017etikrinti minimal\u0173 vandens sunaudojim\u0105, u\u017etikrinant ilgalaik\u012f dr\u0117kinim\u0105 savo med\u017eiai. Sistema suma\u017eina b\u016btinum\u0105 da\u017enai rankinis laistymo, taupyti vanden\u012f, laiko, pastang\u0173, pinig\u0173 ir iki minimumo suma\u017einti atliek\u0173. <\/li>\n<li> Paprastos Naudoti ir \u012ediegti: nustatyti, tiesiog wrap l\u0117tai atleiskite laistymo krep\u0161ys aplink med\u017eio kamien\u0105, zip pus\u0117se, ir u\u017epildyti j\u012f su vandeniu. \u012e gator mai\u0161eliai laistymo med\u017eiai yra 3.54-in (90mm) platus u\u017epildyti skyl\u0119, suderinama su standard \u017earnos iki 2 (50,8 mm) skersmens, leid\u017eiantis greitai u\u017epildyti tik 2-5 minutes. <\/li>\n<\/ul>","protected":false},"featured_media":379202,"comment_status":"open","ping_status":"open","template":"","meta":{"om_disable_all_campaigns":false,"_uf_show_specific_survey":0,"_uf_disable_surveys":false},"location":[1935,1934],"product_brand":[21],"product_cat":[5017,2370,2365,5018,2492],"product_tag":[],"class_list":{"0":"post-157824","1":"product","2":"type-product","3":"status-publish","4":"has-post-thumbnail","6":"location-supplier_stock_location","7":"location-local_stock_location","8":"product_brand-vevor","9":"product_cat-drip-irrigation-watering-irrigation-garden-center","10":"product_cat-garden-center","11":"product_cat-outdoors","12":"product_cat-tree-watering-bags","13":"product_cat-watering-irrigation-garden-center","15":"first","16":"instock","17":"taxable","18":"shipping-taxable","19":"purchasable","20":"product-type-simple"},"aioseo_notices":[],"locations":[{"id":1935,"name":"Pieg\u0101d\u0101t\u0101ja noliktav\u0101 (5-7d.d.)","slug":"supplier_stock_location","quantity":"259"},{"id":1934,"name":"R\u012bgas veikal\u0101 (0-2d.d.)","slug":"local_stock_location","quantity":"0"}],"_links":{"self":[{"href":"https:\/\/vevorshop.lv\/lt\/wp-json\/wp\/v2\/product\/157824","targetHints":{"allow":["GET"]}}],"collection":[{"href":"https:\/\/vevorshop.lv\/lt\/wp-json\/wp\/v2\/product"}],"about":[{"href":"https:\/\/vevorshop.lv\/lt\/wp-json\/wp\/v2\/types\/product"}],"replies":[{"embeddable":true,"href":"https:\/\/vevorshop.lv\/lt\/wp-json\/wp\/v2\/comments?post=157824"}],"wp:featuredmedia":[{"embeddable":true,"href":"https:\/\/vevorshop.lv\/lt\/wp-json\/wp\/v2\/media\/379202"}],"wp:attachment":[{"href":"https:\/\/vevorshop.lv\/lt\/wp-json\/wp\/v2\/media?parent=157824"}],"wp:term":[{"taxonomy":"location","embeddable":true,"href":"https:\/\/vevorshop.lv\/lt\/wp-json\/wp\/v2\/location?post=157824"},{"taxonomy":"product_brand","embeddable":true,"href":"https:\/\/vevorshop.lv\/lt\/wp-json\/wp\/v2\/product_brand?post=157824"},{"taxonomy":"product_cat","embeddable":true,"href":"https:\/\/vevorshop.lv\/lt\/wp-json\/wp\/v2\/product_cat?post=157824"},{"taxonomy":"product_tag","embeddable":true,"href":"https:\/\/vevorshop.lv\/lt\/wp-json\/wp\/v2\/product_tag?post=157824"}],"curies":[{"name":"wp","href":"https:\/\/api.w.org\/{rel}","templated":true}]}}