{"id":159361,"date":"2025-04-03T10:34:09","date_gmt":"2025-04-03T10:34:09","guid":{"rendered":"https:\/\/vevorshop.lv\/en_us\/Prece\/vevor-4-6-m%c2%b2-pool-cartridge-filter-for-in-ground-above-ground-pools-50-micron-leak-proof-with-pressure-gauge\/"},"modified":"2026-04-19T18:11:43","modified_gmt":"2026-04-19T15:11:43","slug":"vevor-4-6-m%c2%b2-pool-cartridge-filter-for-in-ground-above-ground-pools-50-micron-leak-proof-with-pressure-gauge","status":"publish","type":"product","link":"https:\/\/vevorshop.lv\/lt\/Prece\/vevor-4-6-m-baseino-kasetes-filtras-skirtas-grunto-virs-zemes-baseinuose-50-mikronu-nepralaidumui-su-manometru\/","title":{"rendered":"VEVOR kasetinis baseino filtras 4,6 m\u00b2 ant\u017eeminiams\/\u012fkastiems baseinams, SPA ir s\u016bkurin\u0117ms vonioms \u2013 sandarus, 50\u03bc filtras"},"content":{"rendered":"<div style=\"color: #fff!important; font-size: 16px; height: 24px; line-height: 24px; margin-top: -24px; \" class=\"product_original_name\">VEVOR kaset\u0117s baseino filtras, 4,6 kv.m filtro ploto \u012f\u017eemintas baseino filtras, vir\u0161 \u017eem\u0117s esan\u010dio baseino filtravimo filtro sistema su atnaujintu filtru ir nuot\u0117kiui atspariu korpusu, s\u016bkurin\u0117ms vonioms, SPA, pripu\u010diamam baseinui<\/div>\n<div style=\"color: #fff!important; font-size: 16px; height: 24px; line-height: 24px; margin-top: -24px; \" class=\"product_sku\">M917XD32<\/div>\n<div style=\"color: #fff!important; font-size: 16px; height: 24px; line-height: 24px; margin-top: -24px; \" class=\"product_mpn\">ZHSKU00000000000126<\/div><div id=\"js-DM_at-goodDescRich\"><html><head><style>  body {    font-family: Arial;    line-height: 1.5;    color: #1c1c1c;    overflow-x: hidden;    margin: 0;    padding: 0;  }  .MsoNormal b {    font-weight: bolder;  }<\/style><style>  .container.small {    width: 970px;    margin: 0 auto;  }  .logo {    margin: 0 auto 0;  }  .logo img {    display: block;    margin: 0 auto;    max-width: 100%;  }  .logo .pc-banner {    display: block;    width: 1200px;    height: 247.4px;    margin: 0 auto;  }  .logo .pc-banner.small {    width: 970px;  }  .logo .pc-banner.small img {    height: auto!important;  }  .logo .m-banner {    display: none;  }  .ytvideo {    position: relative;    height: 546px;    width: 100%;    margin: 0 auto;  }  .ytvideo img {    width: 100%;    margin: 0 auto;  }  .ytvideo .play-btn {    width: 60px;    height: 42px;    position: absolute;    top: 50%;    left: 50%;    transform: translate(-50%, -50%);    background: url(\"data:image\/png;base64,iVBORw0KGgoAAAANSUhEUgAAAGQAAABGCAMAAAANWMFbAAAC+lBMVEUAAADBGB3kLCfBGB3kLCfcJC7BFx3KKSbiKybkLCbWJCPSIiLSIiLPICHAFx3kLCfgKSXNHiDZJiTIGx\/p4eHcjo7LHSDbJyTkLCbjKyfOHyHPIiL28fHJHB\/GGh7EGR7eKCXDGB3RISHlLSbBGB3AFxzGHB7DGB7BGB3hKybkKybAFx3lLCfAFxzDGR3hKibDGB7cJyTmz8\/elJTlwcHjurrUIyLlLSflLSfAFx3DGR7lLSfCFx3hKibhKibhKybjKybkLCblLSfbJSX49vbx7e3NNzjNMTLMJyjVIyLZf3\/ZQ0LaeHjx0tLgoqLkLCfCGB3HGx\/BGB3BFx3PICHCGB7WJCLOHyC\/Fxy\/Fx3lLCfQISHkLSe\/FxzbJiTBFx3FGx\/AGB7BFx3EGR7AGB3HHSDfKiXAFh3TISHYNzbhKibbJyTTIiL57e325+f039\/v2NjUV1fOHiHiqanfmprch4feKSXVIyPOICHmLibFGh\/mLSe\/Fx7XJCPeKSXXJSPNHyHaJyTGGh7lLCbmLCflLSjSIiLkLCbdKSXLHiC\/GB3KHh++Fh3lKyfoLiXcKCPkx8fYb2\/XaGfVXl3aU1LLHiDksbHgKibPICHbJyTfKSXbJyTCGB3KHSDiKybFGh7TIiL\/\/\/\/VIyPRISHIHB\/GGx\/HHB\/DGR7gKibdKCXLHiDZJiTMHiDNHyHYJSTOICHPICHWJCPcKCXXJSPjLCblLCf+\/f3NGR\/uLijzLynPGR\/IGB7WISHaIyLLGh7UAADxLynNAADRLzDbICLQAADIAAD3MCrUHSHXMTDpKSbLAADp5OTij4\/ejo\/VLy\/1LyngJSTcJCPQHx\/OHB7+\/PzaMS\/OLS\/vLijrLSjSAADaNTPwLyjkKSbNJCbYISHPHB\/KGB7WAAD7+vrn3d3aKynTKCjoLCfsKifRGh\/YAADq5+fhjo7QNDXXKCfmJyXt5+fTLzDLLi\/QKivYHRvMGBrQJCXLISPMExXLDxLaEAvkkI\/bOTfaFQ\/SCgpvLcnHAAAAmnRSTlMA+vv7+gT9Bvf9+8z8\/NSv\/Pr5+P7++vnQIBMP\/v38\/Pn348XDiCYf9OjbzcqxXVcx\/fz8+\/rj1r2poo1+fXFqX0orGP7+\/v7+\/fz8+\/r68uzn4trIxsG\/vri3p6GcmZSNbWVYUUZEPQv+\/f39+\/v7+\/v7+vr64tvV1NTTz87FtbSurqeblJKFg4B3bUY+NjL7+\/v7+\/v67t1cDo8JLQAABkRJREFUWMO0kz9rwkAYh0OIeJkum6YugUAhISCdKoj\/P4C7SMdS+gEKIhSKil10LSg4mzXkILdlEpxCpwTiWOLX6BujvQaEQuGeHLnL+\/64J+SIcKGYTYWnntpdLjrVdqvZmNdn0+EE40GtpuuWVS6Xx6N7YDSGpWXpeq02wHgynM7q80az1a52HpddtVcpsi1zFARBrdaxbhp9iUReTGmwA4KAAr7vx3EYejnCMI6hQYEgy0LQi4jUN0wL19vqFcUC9\/1dAKmEEFkWRYkh5oBejnxQJiSJPJ\/uKBp0Thszx9Mw8hMRIQjKsptCfuES9zr5WJY6vSFCIvE9fCMUmEM1A1kSXcYGxgVYsvI1IPKTZciSTI0us\/SMGG04gDzELDoFBwdcFJrF88dqgYMTiL6DILWYyfOWE8\/kIz38olCNlC03FK95+imxp6y4oUSvAnBjHHhKNtotSDqJzVFiK8c2SBqhZtsrTtgrLXwAyduxZHNE26eHUt5rtuM4WSmds3G+sUdWYo1L+XyxButoh5eKUHk5lByO3G1LqqCWVnfrv\/lyPtf\/4ps1cndNGIri8J1TJ0lx6dR\/oPjq1nbRwdp2dCk4CtIOLW3pVKRL6WZfS5vF2KkIQhpwSsjiYIgNCs1gEMGqiIq24NQX9NwoXFy8Ufrl3twTcg4fv8T9\/JBEySduj6Mjm4bMzYV7EEOxKjjoNDud7yY3Dy71Hq2oLmqfbNR723edH9PgMrNL2utoQ3VmaIDkiw\/4w51P06hlZsTZvkRrbVuSIs\/zwSOsycgzStQouoAkWQqioRT5XI7n2Z1wfVhoZmcAJLsoqjqpjbWCgpOAJXBwHK8PzWbNvoUZJND5wCnSkLAkZ1legx6vqQzjoiTahKlGUGLAiIIoABOHaNVw4sexZBym6\/HWlH5h3IC7yRbxtipcWxdTOkORKiNQAEkFf66x5S2oeRbroOlLgg0sSYkR0hRGEqJZ0jTPiQKatESdBckpWigxaapEH0lImHdWu9pUFF2XqMNM2Z4kped7IwEJw2qabwtrQqnpw6HyKkgcadKWsmpywwesDyIhYRpdzXddqegtGIJlXbAIUMOLkGxJUjRIkokwjUaX9d\/kK62ps\/tYUqZLIMkLTyBhsMZ3C5Z\/kDxOSCb\/DOs\/\/J0qcWSX\/2ipe56EgTCA4\/cB7NAYOsni4mZM1MUPAISoEwkDi4lhVBQ1cWQyIcwalw4EpqZN68JUSK7XC0kTlkLYii5uXSC8jT5ncCAS7mjCv0uHp\/3lueHEEAeQ\/\/VgmdN71\/2uCSA1Xr6DO6uI6sW56zqT2tp2PhgiRUAajV8CY2fkcz6WGNKMgLAt7tJAhD4YHMTeRxlALE6+43WqjSWi8ITxyJl8WrwWSNESQZZOqhDDntO3hJLsd5RtSpbJqdv3YrDJH3F7jL1R2O2aQkn2MyCyKYz0GPGIvSAMgBCrCEiJyKbBaYGwLW4uPRr0A0M4Ux5kUI7IBh+hMdiCEWNqhMZGyYMsOgNE58UQuEQeUnSWCMYwL54hkxK6IoqucQZbQ3pc3XtL0lky1dL0zZJJDpWJovFqpWj6JEHnyam2eQp5QRVAVHjWparTOaVwUOx99YS2MvgxIGV0bb+qIg2HX2qkFFJB+XZcbLiuRkuxD9GRroKyveLxdh4d7Orx+hb7qc3uVRuEogCOnyIxm4ubUoPgF4jianDrC+SDQDKEfJb0GUKmjCGPYHGJvVC6X4hw1\/sAfQAdfYyephIaspXe36RwOP+Ljvfx9B6B3i+Nk0DGq+oCbLn6JpBa9nWAveAIHwFAwtVcIJXPMPL8kRu5OAYPMaL1WScTxjiZDqB9LTJSWphow\/pTYKRTLjCBhvi9iBidvKcDasGSm0QQkycYuLBqj6QCELPctqChDWpTRMWkngNNpQ1Pfp1KkiT\/Y0DGffXAweUNfLAfaJFKDwhb6I+bkYRbkERoEeu3Fyjg2opMz2daZCS9jt6Q7txNfB+OZEVF6Zl5web2xunnLQrtrjXseXKaFYziYINeMFZVxS9VxRhOoesYwxPKXm+gWLG9cuFeq93UNNeJNsf1KlwuDok9n02n3TgIJpOxNfL9naIoQwXtfH9kjceTIIi709ncTg6LZbg+biLH1V6u\/7rxBem06VXKn9raAAAAAElFTkSuQmCC\")      no-repeat center center \/ contain;  }  @media screen and (max-width: 960px) and (orientation: portrait) {    .logo {      width: 100%;    }    .logo .pc-banner {      display: none;    }    .logo .m-banner {      display: block;      width: 100%;    }    .logo .m-banner img {      height: auto!important;    }    .ytvideo {      height: 200px;      width: 100%;    }  }<\/style><style>  .video-section {    width: 100%;    margin: 0 auto;  }  .video-section > img {    width: 100%;  }  .video-section iframe,  .video-section video {    width: 100%;    height: 100%;      }  .video-section-img-m,  .video-section-img-pc > img {    width: 100%;    height: auto;  }  .video-section-img-pc.small > img {    width: 970px;  }  .video-desc {    line-height: 1.5;    font-size: 20px;    font-weight: 400;    margin: 20px 0;    text-align: center;    color: #0f1111;    word-break: break-word;  }  @media screen and (max-width: 960px) and (orientation: portrait) {    .video-section {      width: 100%;    }    .video-section-pc,    .video-section-img-pc {      display: none;    }    .video-section-m,    .video-section-img-m {      display: block;    }    .video-desc {      font-size: 15px;    }  }  @media screen and (min-width: 960px) {    .video-section {      width: 100%;      margin: 0 auto;    }    .video-section-pc,    .video-section-img-pc {      display: block;    }    .video-section-m,    .video-section-img-m {      display: none;    }    .video-desc {      font-size: 20px;    }  }<\/style><style>  .section + .section {    margin-top: 35px;  }  .section-title {    text-align: center;    font-weight: bold;    color: #0d1111;    font-family: \"Arial\";    font-size: 32px;    margin: 15px 0;  }  .section-title:empty {    display: none;  }  .section-desc {    text-align: center;    font-weight: normal;    color: #0d1111;    margin-top: 20px;  }  .section-desc:empty {    display: none;  }  .section-img {    width: 1200px;    height: 492px;    margin: 0 auto;    display: block;  }  .section-img.small {    width: 970px;    height: auto;  }  .section-img.small > img {    height: auto;  }  .section-img > img {    width: 100%;    height: 100%;  }  .section-mobile-img {    display: none;    max-width: 100vw;    max-height: 75vw;    height: 450px;    margin: 0 auto;  }  .section-mobile-img > img {    width: 100%;    height: 100%;  }  @media screen and (max-width: 960px) and (orientation: portrait) {    .container {      width: 100%;    }    .container.small {      width: 100%;    }    .section-mobile-img {      display: block;    }    .section-img {      display: none;    }    .section-title {      font-size: 22px;      margin: 10px 0;    }    .section-desc {      margin-top: 10px;    }    .section + .section {      margin-top: 20px;    }  }<\/style><\/head><body><div class=\"container\"><div class=\"logo\"><div class=\"pc-banner\"><div><img decoding=\"async\" src=\"\/vevor\/vevor\/boutique-banner\/pc\/en-pc@1x.jpg\" style=\"width: 100%;\" \/><\/div><\/div><div class=\"m-banner\"><div><img decoding=\"async\" src=\"\/vevor\/vevor\/boutique-banner\/mobile\/en-m@1x.jpg\" style=\"width: 100%;\" \/><\/div><\/div><\/div><div class=\"section-title\">VEVOR Profesin\u0117s Baseinas Filtras - Lengvai ir Saugiai Filtravimo<\/div><div class=\"video-section\"><div class=\"video-section-img-pc\"><img decoding=\"async\" src=\"\/vevor\/product\/ZHSKU00000000000126\/cartridge-pool-filter-a100-1.4.jpg\" \/><\/div><div class=\"video-section-img-m\"><img decoding=\"async\" src=\"\/vevor\/product\/ZHSKU00000000000126\/cartridge-pool-filter-a100-1.4-m.jpg\" \/><\/div><div class=\"section-desc\">M\u016bs\u0173 tvirtas vientisas composite korpusas neleid\u017eia nutek\u0117jimas, ir skydai vidaus komponentus nuo oro veiksni\u0173. Ji apima sl\u0117gio daviklis lengva steb\u0117ti ir i\u0161 vir\u0161aus montuojamas automatinis sl\u0117gio ribojimo vo\u017etuvas, kad b\u016bt\u0173 i\u0161vengta sprogim\u0173, si\u016blanti saugus ir efektyvus valymas sprendimas j\u016bs\u0173 baseinas.<\/div><\/div><div class=\"section\"><div class=\"section-title\"><\/div><div class=\"section-img\"><img decoding=\"async\" src=\"\/vevor\/product\/ZHSKU00000000000126\/cartridge-pool-filter-a100-2.2.jpg\" \/><\/div><div class=\"section-mobile-img\"><img decoding=\"async\" src=\"\/vevor\/product\/ZHSKU00000000000126\/cartridge-pool-filter-a100-2.2-m.jpg\" \/><\/div><div class=\"section-desc\">M\u016bs\u0173 galingas filtras be vargo tvarko \u012fvairi\u0173 tip\u0173 baseinus, tinkamus namams, vie\u0161bu\u010diams ir mokykloms, tod\u0117l j\u016bs\u0173 baseinas suteikia precedento neturin\u010di\u0105 \u0161var\u0105. J\u012f lengva valyti ir pri\u017ei\u016br\u0117ti, tod\u0117l sutaupysite daug laiko ir pastang\u0173.<\/div><\/div><div class=\"section\"><div class=\"section-title\"><\/div><div class=\"section-img\"><img decoding=\"async\" src=\"\/vevor\/product\/ZHSKU00000000000126\/cartridge-pool-filter-a100-2.3.jpg\" \/><\/div><div class=\"section-mobile-img\"><img decoding=\"async\" src=\"\/vevor\/product\/ZHSKU00000000000126\/cartridge-pool-filter-a100-2.3-m.jpg\" \/><\/div><div class=\"section-desc\">Pagaminta i\u0161 PP+ stiklo pluo\u0161to kompozicin\u0117s med\u017eiagos vientiso liejimo dizaino, ji yra tvirta ir patvari, veiksmingai apsauganti nuo nuot\u0117kio Unikalus besi\u016blis dizainas ne tik pagerina jo i\u0161vaizd\u0105, bet ir pailgina filtro tarnavimo laik\u0105.<\/div><\/div><div class=\"section\"><div class=\"section-title\"><\/div><div class=\"section-img\"><img decoding=\"async\" src=\"\/vevor\/product\/ZHSKU00000000000126\/cartridge-pool-filter-a100-2.4.jpg\" \/><\/div><div class=\"section-mobile-img\"><img decoding=\"async\" src=\"\/vevor\/product\/ZHSKU00000000000126\/cartridge-pool-filter-a100-2.4-m.jpg\" \/><\/div><div class=\"section-desc\">\u012erengta 50 mikron\u0173 didelio efektyvumo filtras core, ji veiksmingai pa\u0161alina kiet\u0173j\u0173 daleli\u0173 priemai\u0161\u0173 i\u0161 vandens. Filtro branduolys yra lengva i\u0161ardyti ir valyti, suma\u017einti savo darbo kr\u016bv\u012f.<\/div><\/div><div class=\"section\"><div class=\"section-title\"><\/div><div class=\"section-img\"><img decoding=\"async\" src=\"\/vevor\/product\/ZHSKU00000000000126\/cartridge-pool-filter-a100-2.5.jpg\" \/><\/div><div class=\"section-mobile-img\"><img decoding=\"async\" src=\"\/vevor\/product\/ZHSKU00000000000126\/cartridge-pool-filter-a100-2.5-m.jpg\" \/><\/div><div class=\"section-desc\">Filtras pateikiamas su tiksliu sl\u0117gio matuokliu, skirtu sl\u0117gio steb\u0117jimui realiuoju laiku. Be to, vir\u0161uje \u012ftrauk\u0117me sl\u0117gio ma\u017einimo vo\u017etuv\u0105, kuris automati\u0161kai i\u0161leid\u017eia or\u0105, kad b\u016bt\u0173 i\u0161vengta sprogimo pavojaus d\u0117l didelio vandens sl\u0117gio.<\/div><\/div><div class=\"section\"><div class=\"section-img\"><img decoding=\"async\" src=\"\/vevor\/product\/ZHSKU00000000000126\/cartridge-pool-filter-a100-1.11.jpg\" \/><\/div><div class=\"section-mobile-img\"><img decoding=\"async\" src=\"\/vevor\/product\/ZHSKU00000000000126\/cartridge-pool-filter-a100-1.11-m.jpg\" \/><\/div><\/div><\/div><\/body><\/html><\/div>\n<div class=\"DM_at-title\" id=\"js-DM_at-title\"> <div>Produkto specifikacija<\/div> <i class=\"icon-arrowup_line\"><\/i> <\/div><div class=\"DM_at-goodsDescAttr\" id=\"js-DM_at-goodsDescAttr\"> <div class=\"DM_at-goodsDescAttrInner\"> <dl class=\"goodsDesc_item goodsDesc_item_even\"> <dt>Modelis<\/dt> <dd> GL50<\/dd> <\/dl> <dl class=\"goodsDesc_item\"> <dt>Produkto Matmenys (Ilgis X Plotis X Auk\u0161tis)<\/dt> <dd> 14.96x14.96x27.95 coli\u0173 (380x380x710 mm)<\/dd> <\/dl> <dl class=\"goodsDesc_item goodsDesc_item_even\"> <dt>\u012eleidimo\/I\u0161leidimo Angos Skersmuo<\/dt> <dd> 1.5 coli\u0173 (38.1 mm)<\/dd> <\/dl> <dl class=\"goodsDesc_item\"> <dt>Filtro Sritis<\/dt> <dd> 50sq.ft<\/dd> <\/dl> <dl class=\"goodsDesc_item goodsDesc_item_even\"> <dt>Filtro Kaset\u0117 Med\u017eiaga<\/dt> <dd> \u0160vinas-Nemokama Knyga<\/dd> <\/dl> <dl class=\"goodsDesc_item\"> <dt>Filtro Kaset\u0117s Matmenys<\/dt> <dd> \u0424178 x 508mm (Vidinis Diametras 76mm)<\/dd> <\/dl> <dl class=\"goodsDesc_item goodsDesc_item_even\"> <dt>Skai\u010dius Filtro Kaset\u0117s<\/dt> <dd> 1<\/dd> <\/dl> <dl class=\"goodsDesc_item\"> <dt>Korpuso Med\u017eiaga<\/dt> <dd> PP+Stiklo Pluo\u0161tas<\/dd> <\/dl> <dl class=\"goodsDesc_item goodsDesc_item_even\"> <dt>Siurblys Pasirinkimo Diapazonas<\/dt> <dd> 0.37 KW - 0.55 KW<\/dd> <\/dl> <dl class=\"goodsDesc_item\"> <dt>Filtravimo Tikslumas<\/dt> <dd> 50\u00b5m<\/dd> <\/dl> <\/div> <\/div>","protected":false},"excerpt":{"rendered":"<ul>\n<li> 50sq.p\u0117d\u0173 Filtro Plotas: M\u016bs\u0173 galingas filtras gali lengvai tvarkyti baseinas, vandens apimtis svyruoja nuo 22.8 iki 34.2 kubini\u0173 metr\u0173, tinka nam\u0173, vie\u0161bu\u010di\u0173, ir mokyklos, teikian\u010dios precedento \u0161vara j\u016bs\u0173 baseinas. M\u016bs\u0173 filtras yra lengva valyti ir pri\u017ei\u016br\u0117ti, sutaupant jums daug laiko ir pastang\u0173. Jis si\u016blo puiki\u0105 kokyb\u0119 ir ramyb\u0119. <\/li>\n<li> Nepralaid\u017eiose vientisas Korpusas: Pagamintos su PP+stiklo pluo\u0161to kompozicin\u0117s med\u017eiagos vientisas die-casting dizainas, m\u016bs\u0173 b\u016bstas yra tiek tvirtas ir patvarus, veiksmingai u\u017ekirsti keli\u0105 nutek\u0117jimas. Unikalus besi\u016blis dizainas ne tik pagerina i\u0161vaizd\u0105, bet taip pat apsaugo vidinius komponentus nuo i\u0161orini\u0173 aplinkos veiksni\u0173, taip prat\u0119siant filtro tarnavimo laikas. <\/li>\n<li> Atnaujintas Filtras Core Veiksmingai Valymo: \u012erengtas 50 mikron\u0173 didelio efektyvumo filtras core ir didelio tankio plisuotos skaidul\u0173, ji gali veiksmingai pa\u0161alinti daleli\u0173 priemai\u0161\u0173 i\u0161 vandens, u\u017etikrinant, kri\u0161tolo skaidrumo vandens baseine. Filtro popierius yra pagamintas i\u0161 \u0161vino, \u017eem\u0117-nekenksming\u0173 med\u017eiag\u0173, vandens kokyb\u0117s i\u0161saugojimas ir u\u017etikrinti sveikesnes ir saugesnes baseinas. <\/li>\n<li> Manometras ir apsauginis Sl\u0117gio Vo\u017etuvas \u012etraukta: filtro ateina su tiksliai sl\u0117gio matuoklis, leid\u017eiantis steb\u0117ti sl\u0117gio status\u0105 realiu laiku, u\u017etikrinant stabil\u0173 ir patikim\u0105 \u012frangos veikim\u0105. Be to, mes turime \u012ftraukti automatinis apsauginis sl\u0117gio vo\u017etuvas vir\u0161uje, kad veiksmingai apsaugo nuo sprogimo pavojaus d\u0117l auk\u0161to vandens sl\u0117gio. \u0160ie saugos savyb\u0117s suteikia ramyb\u0119, kai naudojant filtr\u0105. <\/li>\n<li> Trij\u0173 pakop\u0173 Greitas Surinkimas: Pirmasis, saugus filtro \u0161alia j\u016bs\u0173 baseinas, tada prijunkite siurblio vamzdis su viena i\u0161 &#034;\u012fsiurbimo&#034; vandens \u012fvadai, ir, gal\u0173 gale, prisijungti prie baseino gr\u012f\u017eti vamzd\u017eio \u012f &#034;lizd\u0105&#034; uostas. Visas procesas nereikalauja specializuot\u0173 \u012franki\u0173 ir gali b\u016bti lengvai atlikti net ir pradedantiesiems. <\/li>\n<\/ul>","protected":false},"featured_media":381374,"comment_status":"open","ping_status":"open","template":"","meta":{"om_disable_all_campaigns":false,"_monsterinsights_skip_tracking":false,"_monsterinsights_sitenote_active":false,"_monsterinsights_sitenote_note":"","_monsterinsights_sitenote_category":0,"_uf_show_specific_survey":0,"_uf_disable_surveys":false},"location":[1935,1934],"product_brand":[21],"product_cat":[3937,2365,2538,3889,2501,2500],"product_tag":[],"class_list":{"0":"post-159361","1":"product","2":"type-product","3":"status-publish","4":"has-post-thumbnail","6":"location-supplier_stock_location","7":"location-local_stock_location","8":"product_brand-vevor","9":"product_cat-cartridge-pool-filters","10":"product_cat-outdoors","11":"product_cat-pool-equipment","12":"product_cat-pool-filters","13":"product_cat-pool-supplies","14":"product_cat-pools","16":"first","17":"instock","18":"taxable","19":"shipping-taxable","20":"purchasable","21":"product-type-simple"},"aioseo_notices":[],"jetpack_sharing_enabled":true,"locations":[{"id":1935,"name":"Pieg\u0101d\u0101t\u0101ja noliktav\u0101 (5-7d.d.)","slug":"supplier_stock_location","quantity":"121"},{"id":1934,"name":"R\u012bgas veikal\u0101 (0-2d.d.)","slug":"local_stock_location","quantity":"0"}],"_links":{"self":[{"href":"https:\/\/vevorshop.lv\/lt\/wp-json\/wp\/v2\/product\/159361","targetHints":{"allow":["GET"]}}],"collection":[{"href":"https:\/\/vevorshop.lv\/lt\/wp-json\/wp\/v2\/product"}],"about":[{"href":"https:\/\/vevorshop.lv\/lt\/wp-json\/wp\/v2\/types\/product"}],"replies":[{"embeddable":true,"href":"https:\/\/vevorshop.lv\/lt\/wp-json\/wp\/v2\/comments?post=159361"}],"wp:featuredmedia":[{"embeddable":true,"href":"https:\/\/vevorshop.lv\/lt\/wp-json\/wp\/v2\/media\/381374"}],"wp:attachment":[{"href":"https:\/\/vevorshop.lv\/lt\/wp-json\/wp\/v2\/media?parent=159361"}],"wp:term":[{"taxonomy":"location","embeddable":true,"href":"https:\/\/vevorshop.lv\/lt\/wp-json\/wp\/v2\/location?post=159361"},{"taxonomy":"product_brand","embeddable":true,"href":"https:\/\/vevorshop.lv\/lt\/wp-json\/wp\/v2\/product_brand?post=159361"},{"taxonomy":"product_cat","embeddable":true,"href":"https:\/\/vevorshop.lv\/lt\/wp-json\/wp\/v2\/product_cat?post=159361"},{"taxonomy":"product_tag","embeddable":true,"href":"https:\/\/vevorshop.lv\/lt\/wp-json\/wp\/v2\/product_tag?post=159361"}],"curies":[{"name":"wp","href":"https:\/\/api.w.org\/{rel}","templated":true}]}}