{"id":162707,"date":"2025-05-20T07:34:33","date_gmt":"2025-05-20T07:34:33","guid":{"rendered":"https:\/\/vevorshop.lv\/en_us\/Prece\/vevor-kids-engine-toy-car-repair-set-with-removable-parts-educational-mechanic-playset-red\/"},"modified":"2026-04-19T16:49:17","modified_gmt":"2026-04-19T13:49:17","slug":"vevor-kids-engine-toy-car-repair-set-with-removable-parts-educational-mechanic-playset-red","status":"publish","type":"product","link":"https:\/\/vevorshop.lv\/lt\/Prece\/vevor-kids-variklio-zaisliniu-automobiliu-remonto-rinkinys-su-nuimamomis-dalimis-mokomasis-mechanikas-playset-red\/","title":{"rendered":"VEVOR vaik\u0173 variklio remonto \u017eaisl\u0173 rinkinys \u2013 60 dali\u0173 interaktyvi dirbtuv\u0117 su \u0161viesomis, garsais ir \u012frankiais, nuo 3 met\u0173, raudona"},"content":{"rendered":"<div style=\"color: #fff!important; font-size: 16px; height: 24px; line-height: 24px; margin-top: -24px; \" class=\"product_original_name\">VEVOR variklio \u017eaislas, 60 vienet\u0173, vaiki\u0161kas mechaniko automobili\u0173 remonto rinkinys su nuimamomis dalimis, \u017eibintai ir garsai, vairas ir ragas, vaiki\u0161kas mechaniko dirbtuvi\u0173 rinkinys 3 met\u0173 ir vyresniems vaikams, raudonas<\/div>\n<div style=\"color: #fff!important; font-size: 16px; height: 24px; line-height: 24px; margin-top: -24px; \" class=\"product_sku\">MAW77JLN<\/div>\n<div style=\"color: #fff!important; font-size: 16px; height: 24px; line-height: 24px; margin-top: -24px; \" class=\"product_mpn\">KCYQWJHSKCZXMUPE2001V9<\/div><div id=\"js-DM_at-goodDescRich\"><html><head><style>  body {    font-family: Arial;    line-height: 1.5;    color: #1c1c1c;    overflow-x: hidden;    margin: 0;    padding: 0;  }  .MsoNormal b {    font-weight: bolder;  }<\/style><style>  .container.small {    width: 970px;    margin: 0 auto;  }  .logo {    margin: 0 auto 0;  }  .logo img {    display: block;    margin: 0 auto;    max-width: 100%;  }  .logo .pc-banner {    display: block;    width: 1200px;    height: 247.4px;    margin: 0 auto;  }  .logo .pc-banner.small {    width: 970px;  }  .logo .pc-banner.small img {    height: auto!important;  }  .logo .m-banner {    display: none;  }  .ytvideo {    position: relative;    height: 546px;    width: 100%;    margin: 0 auto;  }  .ytvideo img {    width: 100%;    margin: 0 auto;  }  .ytvideo .play-btn {    width: 60px;    height: 42px;    position: absolute;    top: 50%;    left: 50%;    transform: translate(-50%, -50%);    background: url(\"data:image\/png;base64,iVBORw0KGgoAAAANSUhEUgAAAGQAAABGCAMAAAANWMFbAAAC+lBMVEUAAADBGB3kLCfBGB3kLCfcJC7BFx3KKSbiKybkLCbWJCPSIiLSIiLPICHAFx3kLCfgKSXNHiDZJiTIGx\/p4eHcjo7LHSDbJyTkLCbjKyfOHyHPIiL28fHJHB\/GGh7EGR7eKCXDGB3RISHlLSbBGB3AFxzGHB7DGB7BGB3hKybkKybAFx3lLCfAFxzDGR3hKibDGB7cJyTmz8\/elJTlwcHjurrUIyLlLSflLSfAFx3DGR7lLSfCFx3hKibhKibhKybjKybkLCblLSfbJSX49vbx7e3NNzjNMTLMJyjVIyLZf3\/ZQ0LaeHjx0tLgoqLkLCfCGB3HGx\/BGB3BFx3PICHCGB7WJCLOHyC\/Fxy\/Fx3lLCfQISHkLSe\/FxzbJiTBFx3FGx\/AGB7BFx3EGR7AGB3HHSDfKiXAFh3TISHYNzbhKibbJyTTIiL57e325+f039\/v2NjUV1fOHiHiqanfmprch4feKSXVIyPOICHmLibFGh\/mLSe\/Fx7XJCPeKSXXJSPNHyHaJyTGGh7lLCbmLCflLSjSIiLkLCbdKSXLHiC\/GB3KHh++Fh3lKyfoLiXcKCPkx8fYb2\/XaGfVXl3aU1LLHiDksbHgKibPICHbJyTfKSXbJyTCGB3KHSDiKybFGh7TIiL\/\/\/\/VIyPRISHIHB\/GGx\/HHB\/DGR7gKibdKCXLHiDZJiTMHiDNHyHYJSTOICHPICHWJCPcKCXXJSPjLCblLCf+\/f3NGR\/uLijzLynPGR\/IGB7WISHaIyLLGh7UAADxLynNAADRLzDbICLQAADIAAD3MCrUHSHXMTDpKSbLAADp5OTij4\/ejo\/VLy\/1LyngJSTcJCPQHx\/OHB7+\/PzaMS\/OLS\/vLijrLSjSAADaNTPwLyjkKSbNJCbYISHPHB\/KGB7WAAD7+vrn3d3aKynTKCjoLCfsKifRGh\/YAADq5+fhjo7QNDXXKCfmJyXt5+fTLzDLLi\/QKivYHRvMGBrQJCXLISPMExXLDxLaEAvkkI\/bOTfaFQ\/SCgpvLcnHAAAAmnRSTlMA+vv7+gT9Bvf9+8z8\/NSv\/Pr5+P7++vnQIBMP\/v38\/Pn348XDiCYf9OjbzcqxXVcx\/fz8+\/rj1r2poo1+fXFqX0orGP7+\/v7+\/fz8+\/r68uzn4trIxsG\/vri3p6GcmZSNbWVYUUZEPQv+\/f39+\/v7+\/v7+vr64tvV1NTTz87FtbSurqeblJKFg4B3bUY+NjL7+\/v7+\/v67t1cDo8JLQAABkRJREFUWMO0kz9rwkAYh0OIeJkum6YugUAhISCdKoj\/P4C7SMdS+gEKIhSKil10LSg4mzXkILdlEpxCpwTiWOLX6BujvQaEQuGeHLnL+\/64J+SIcKGYTYWnntpdLjrVdqvZmNdn0+EE40GtpuuWVS6Xx6N7YDSGpWXpeq02wHgynM7q80az1a52HpddtVcpsi1zFARBrdaxbhp9iUReTGmwA4KAAr7vx3EYejnCMI6hQYEgy0LQi4jUN0wL19vqFcUC9\/1dAKmEEFkWRYkh5oBejnxQJiSJPJ\/uKBp0Thszx9Mw8hMRIQjKsptCfuES9zr5WJY6vSFCIvE9fCMUmEM1A1kSXcYGxgVYsvI1IPKTZciSTI0us\/SMGG04gDzELDoFBwdcFJrF88dqgYMTiL6DILWYyfOWE8\/kIz38olCNlC03FK95+imxp6y4oUSvAnBjHHhKNtotSDqJzVFiK8c2SBqhZtsrTtgrLXwAyduxZHNE26eHUt5rtuM4WSmds3G+sUdWYo1L+XyxButoh5eKUHk5lByO3G1LqqCWVnfrv\/lyPtf\/4ps1cndNGIri8J1TJ0lx6dR\/oPjq1nbRwdp2dCk4CtIOLW3pVKRL6WZfS5vF2KkIQhpwSsjiYIgNCs1gEMGqiIq24NQX9NwoXFy8Ufrl3twTcg4fv8T9\/JBEySduj6Mjm4bMzYV7EEOxKjjoNDud7yY3Dy71Hq2oLmqfbNR723edH9PgMrNL2utoQ3VmaIDkiw\/4w51P06hlZsTZvkRrbVuSIs\/zwSOsycgzStQouoAkWQqioRT5XI7n2Z1wfVhoZmcAJLsoqjqpjbWCgpOAJXBwHK8PzWbNvoUZJND5wCnSkLAkZ1legx6vqQzjoiTahKlGUGLAiIIoABOHaNVw4sexZBym6\/HWlH5h3IC7yRbxtipcWxdTOkORKiNQAEkFf66x5S2oeRbroOlLgg0sSYkR0hRGEqJZ0jTPiQKatESdBckpWigxaapEH0lImHdWu9pUFF2XqMNM2Z4kped7IwEJw2qabwtrQqnpw6HyKkgcadKWsmpywwesDyIhYRpdzXddqegtGIJlXbAIUMOLkGxJUjRIkokwjUaX9d\/kK62ps\/tYUqZLIMkLTyBhsMZ3C5Z\/kDxOSCb\/DOs\/\/J0qcWSX\/2ipe56EgTCA4\/cB7NAYOsni4mZM1MUPAISoEwkDi4lhVBQ1cWQyIcwalw4EpqZN68JUSK7XC0kTlkLYii5uXSC8jT5ncCAS7mjCv0uHp\/3lueHEEAeQ\/\/VgmdN71\/2uCSA1Xr6DO6uI6sW56zqT2tp2PhgiRUAajV8CY2fkcz6WGNKMgLAt7tJAhD4YHMTeRxlALE6+43WqjSWi8ITxyJl8WrwWSNESQZZOqhDDntO3hJLsd5RtSpbJqdv3YrDJH3F7jL1R2O2aQkn2MyCyKYz0GPGIvSAMgBCrCEiJyKbBaYGwLW4uPRr0A0M4Ux5kUI7IBh+hMdiCEWNqhMZGyYMsOgNE58UQuEQeUnSWCMYwL54hkxK6IoqucQZbQ3pc3XtL0lky1dL0zZJJDpWJovFqpWj6JEHnyam2eQp5QRVAVHjWparTOaVwUOx99YS2MvgxIGV0bb+qIg2HX2qkFFJB+XZcbLiuRkuxD9GRroKyveLxdh4d7Orx+hb7qc3uVRuEogCOnyIxm4ubUoPgF4jianDrC+SDQDKEfJb0GUKmjCGPYHGJvVC6X4hw1\/sAfQAdfYyephIaspXe36RwOP+Ljvfx9B6B3i+Nk0DGq+oCbLn6JpBa9nWAveAIHwFAwtVcIJXPMPL8kRu5OAYPMaL1WScTxjiZDqB9LTJSWphow\/pTYKRTLjCBhvi9iBidvKcDasGSm0QQkycYuLBqj6QCELPctqChDWpTRMWkngNNpQ1Pfp1KkiT\/Y0DGffXAweUNfLAfaJFKDwhb6I+bkYRbkERoEeu3Fyjg2opMz2daZCS9jt6Q7txNfB+OZEVF6Zl5web2xunnLQrtrjXseXKaFYziYINeMFZVxS9VxRhOoesYwxPKXm+gWLG9cuFeq93UNNeJNsf1KlwuDok9n02n3TgIJpOxNfL9naIoQwXtfH9kjceTIIi709ncTg6LZbg+biLH1V6u\/7rxBem06VXKn9raAAAAAElFTkSuQmCC\")      no-repeat center center \/ contain;  }  @media screen and (max-width: 960px) and (orientation: portrait) {    .logo {      width: 100%;    }    .logo .pc-banner {      display: none;    }    .logo .m-banner {      display: block;      width: 100%;    }    .logo .m-banner img {      height: auto!important;    }    .ytvideo {      height: 200px;      width: 100%;    }  }<\/style><style>  .video-section {    width: 100%;    margin: 0 auto;  }  .video-section > img {    width: 100%;  }  .video-section iframe,  .video-section video {    width: 100%;    height: 100%;      }  .video-section-img-m,  .video-section-img-pc > img {    width: 100%;    height: auto;  }  .video-section-img-pc.small > img {    width: 970px;  }  .video-desc {    line-height: 1.5;    font-size: 20px;    font-weight: 400;    margin: 20px 0;    text-align: center;    color: #0f1111;    word-break: break-word;  }  @media screen and (max-width: 960px) and (orientation: portrait) {    .video-section {      width: 100%;    }    .video-section-pc,    .video-section-img-pc {      display: none;    }    .video-section-m,    .video-section-img-m {      display: block;    }    .video-desc {      font-size: 15px;    }  }  @media screen and (min-width: 960px) {    .video-section {      width: 100%;      margin: 0 auto;    }    .video-section-pc,    .video-section-img-pc {      display: block;    }    .video-section-m,    .video-section-img-m {      display: none;    }    .video-desc {      font-size: 20px;    }  }<\/style><style>  .section + .section {    margin-top: 35px;  }  .section-title {    text-align: center;    font-weight: bold;    color: #0d1111;    font-family: \"Arial\";    font-size: 32px;    margin: 15px 0;  }  .section-title:empty {    display: none;  }  .section-desc {    text-align: center;    font-weight: normal;    color: #0d1111;    margin-top: 20px;  }  .section-desc:empty {    display: none;  }  .section-img {    width: 1200px;    height: 492px;    margin: 0 auto;    display: block;  }  .section-img.small {    width: 970px;    height: auto;  }  .section-img.small > img {    height: auto;  }  .section-img > img {    width: 100%;    height: 100%;  }  .section-mobile-img {    display: none;    max-width: 100vw;    max-height: 75vw;    height: 450px;    margin: 0 auto;  }  .section-mobile-img > img {    width: 100%;    height: 100%;  }  @media screen and (max-width: 960px) and (orientation: portrait) {    .container {      width: 100%;    }    .container.small {      width: 100%;    }    .section-mobile-img {      display: block;    }    .section-img {      display: none;    }    .section-title {      font-size: 22px;      margin: 10px 0;    }    .section-desc {      margin-top: 10px;    }    .section + .section {      margin-top: 20px;    }  }<\/style><\/head><body><div class=\"container\"><div class=\"logo\"><div class=\"pc-banner\"><div><img decoding=\"async\" src=\"\/vevor\/vevor\/boutique-banner\/pc\/en-pc@1x.jpg\" style=\"width: 100%;\" \/><\/div><\/div><div class=\"m-banner\"><div><img decoding=\"async\" src=\"\/vevor\/vevor\/boutique-banner\/mobile\/en-m@1x.jpg\" style=\"width: 100%;\" \/><\/div><\/div><\/div><div class=\"section-title\">Interaktyvus Sunkve\u017eimi\u0173 Varikli\u0173 \u017daislas: Kibirk\u0161tis K\u016brybi\u0161kum\u0105<\/div><div class=\"video-section\"><div class=\"video-section-img-pc\"><img decoding=\"async\" src=\"\/vevor\/product\/KCYQWJHSKCZXMUPE2001\/engine-toy-a100-1.4.jpg\" \/><\/div><div class=\"video-section-img-m\"><img decoding=\"async\" src=\"\/vevor\/product\/KCYQWJHSKCZXMUPE2001\/engine-toy-a100-1.4-m.jpg\" \/><\/div><div class=\"section-desc\">Ruo\u0161kit\u0117s didinu smagu! \u0160\u012f sunkve\u017eimi\u0173 varikli\u0173 \u017eaisl\u0173 rinkinys leid\u017eia vaikams \u017eaisti mechanikas ir sunkve\u017eimio vairuotojas, statybos ir nustatyti savo variklio ir kartu did\u0117t\u0173 problem\u0173 sprendimo \u012fg\u016bd\u017eius. Tai valand\u0173 k\u016brybos smagu \u012f vien\u0105 puikius komplektas!<\/div><\/div><div class=\"section\"><div class=\"section-title\"><\/div><div class=\"section-img\"><img decoding=\"async\" src=\"\/vevor\/product\/KCYQWJHSKCZXMUPE2001\/engine-toy-a100-2.2.jpg\" \/><\/div><div class=\"section-mobile-img\"><img decoding=\"async\" src=\"\/vevor\/product\/KCYQWJHSKCZXMUPE2001\/engine-toy-a100-2.2-m.jpg\" \/><\/div><div class=\"section-desc\">Laiko gauti hands-on! Kiekvien\u0105 variklio dalis m\u016bs\u0173 sunkve\u017eimi\u0173 mechanikas \u017eaislas yra nuimamas ir reassembleable. Su v\u0117sioje elektrinis atsuktuvas (baterijos ne\u012ftrauktos) ir daug \u012franki\u0173, vaikai jausis kaip tikra, mechanika, o mokytis apie tai, kaip automobili\u0173 varikli\u0173 darb\u0105.<\/div><\/div><div class=\"section\"><div class=\"section-title\"><\/div><div class=\"section-img\"><img decoding=\"async\" src=\"\/vevor\/product\/KCYQWJHSKCZXMUPE2001\/engine-toy-a100-2.3.jpg\" \/><\/div><div class=\"section-mobile-img\"><img decoding=\"async\" src=\"\/vevor\/product\/KCYQWJHSKCZXMUPE2001\/engine-toy-a100-2.3-m.jpg\" \/><\/div><div class=\"section-desc\">Prad\u0117ti savo variklius! \u012edomus lipdukais ir imituojant kabinos, vaikai gali vaidinti ratai, kintan\u010di\u0173 \u017evejybos \u012frankiais, honking, ir naudojant skubios pagalbos flashers. M\u016bs\u0173 variklis \u017eaislas puikus b\u016bdas jiems tyrin\u0117ti pasaul\u012f vairavimo!<\/div><\/div><div class=\"section\"><div class=\"section-title\"><\/div><div class=\"section-img\"><img decoding=\"async\" src=\"\/vevor\/product\/KCYQWJHSKCZXMUPE2001\/engine-toy-a100-2.4.jpg\" \/><\/div><div class=\"section-mobile-img\"><img decoding=\"async\" src=\"\/vevor\/product\/KCYQWJHSKCZXMUPE2001\/engine-toy-a100-2.4-m.jpg\" \/><\/div><div class=\"section-desc\">Vroom vroom! Leiskite vaikams jaustis kaip jie \u012f vairuotojo s\u0117dyn\u0117 su variklio sprogimo ir mirksi \u017eiburiai. Naudojant vairas ir pavar\u0173 perjungimo svirtis, jie bus sukurti rankos-akies koordinacija, o srautinis!<\/div><\/div><div class=\"section\"><div class=\"section-title\"><\/div><div class=\"section-img\"><img decoding=\"async\" src=\"\/vevor\/product\/KCYQWJHSKCZXMUPE2001\/engine-toy-a100-2.5.jpg\" \/><\/div><div class=\"section-mobile-img\"><img decoding=\"async\" src=\"\/vevor\/product\/KCYQWJHSKCZXMUPE2001\/engine-toy-a100-2.5-m.jpg\" \/><\/div><div class=\"section-desc\">Pagamintas i\u0161 saugaus ABS+PP med\u017eiag\u0173, tai variklio remontas \u017eaislas yra lygus, tvirtas, ir pasiruo\u0161\u0119s valand\u0173 \u012fdomus. Idealiai tinka gimtadienius ar \u0161ventes, ji susilieja mokytis, \u017eaisti ir tur\u0117ti savo ma\u017eai vien\u0105 besi\u0161ypsant\u012f vis\u0105 dien\u0105!<\/div><\/div><div class=\"section\"><div class=\"section-img\"><img decoding=\"async\" src=\"\/vevor\/product\/KCYQWJHSKCZXMUPE2001\/engine-toy-a100-1.11.jpg\" \/><\/div><div class=\"section-mobile-img\"><img decoding=\"async\" src=\"\/vevor\/product\/KCYQWJHSKCZXMUPE2001\/engine-toy-a100-1.11-m.jpg\" \/><\/div><\/div><\/div><\/body><\/html><\/div>\n<div class=\"DM_at-title\" id=\"js-DM_at-title\"> <div>Produkto specifikacija<\/div> <i class=\"icon-arrowup_line\"><\/i> <\/div><div class=\"DM_at-goodsDescAttr\" id=\"js-DM_at-goodsDescAttr\"> <div class=\"DM_at-goodsDescAttrInner\"> <dl class=\"goodsDesc_item goodsDesc_item_even\"> <dt>Prek\u0117s Modelio Numeris<\/dt> <dd> D001-2<\/dd> <\/dl> <dl class=\"goodsDesc_item\"> <dt>Spalva<\/dt> <dd> Raudona<\/dd> <\/dl> <dl class=\"goodsDesc_item goodsDesc_item_even\"> <dt>Med\u017eiaga<\/dt> <dd> PP + ABS<\/dd> <\/dl> <dl class=\"goodsDesc_item\"> <dt>Gabalas Skai\u010dius<\/dt> <dd> 60 Vienet\u0173<\/dd> <\/dl> <dl class=\"goodsDesc_item goodsDesc_item_even\"> <dt>Rekomenduojamas Am\u017eius<\/dt> <dd> 3 met\u0173 ir iki<\/dd> <\/dl> <dl class=\"goodsDesc_item\"> <dt>Produkto Svoris<\/dt> <dd> 4.15 svar\u0173 \/ 1.88 kg<\/dd> <\/dl> <dl class=\"goodsDesc_item goodsDesc_item_even\"> <dt>Gaminio Matmenys<\/dt> <dd> 13 x 13 x 14.6 \u012f \/ 330 x 330 x 370 mm<\/dd> <\/dl> <dl class=\"goodsDesc_item\"> <dt>Pakuot\u0117s Matmenys<\/dt> <dd> 14.2 x 12.4 x 14.4 \u012f \/ 360 x 315 x 365 mm<\/dd> <\/dl> <\/div> <\/div>","protected":false},"excerpt":{"rendered":"<ul>\n<li> Pramogos su vairavimu ir remontu: \u0161is automobilio variklio \u017eaislas yra jaudinantis nuotykis! Su 60 pried\u0173 ir lipduk\u0173 vaikai gali b\u016bti ir vairuotojai, ir mechanikai. jiems patiks pritaikyti kabin\u0105 ir tyrin\u0117ti automobili\u0173 pasaul\u012f taisydami variklius ir vairuodami sunkve\u017eimius - k\u016brybi\u0161ka pramoga geriausiu atveju! <\/li>\n<li> Realaus gyvenimo mechanikas \u017daisti: Pasiruo\u0161\u0119 b\u016bti mechanikas? vaikai gali pa\u0161alinti variklio dalis, patikrinti alyv\u0105, pakeisti padangas, ir dar daugiau! su v\u0117siu elektriniu atsuktuvu (baterijos ne\u012fskai\u010diuotos) ir \u012frankiais, jie bus jaustis kaip tikri profesionalai, o mokytis ir smagiai. <\/li>\n<li> Drive Like a Pro: U\u017eveskite varikl\u012f, perjunkite pavaras ir skambinkite ragu! interaktyvioje m\u016bs\u0173 variklio \u017eaislo kabinoje yra \u0161viesos ir garsai, kad kiekvienas judesys jaust\u0173si tikras. be to, \u012franki\u0173 laikymo d\u0117\u017eut\u0117 su signalizacijos garsais moko vaikus organizuotis smagiai! <\/li>\n<li> \u017daisti bet kur, bet kada: \u0161is lengvai judinamas sunkve\u017eimio mechaniko \u017eaislas leid\u017eia vaikams smagiai praleisti laik\u0105 bet kur! Su tikrovi\u0161komis sunkve\u017eimio detal\u0117mis ir galinio vaizdo veidrod\u017eiu jis idealiai tinka vaidmen\u0173 \u017eaidimui, pasitik\u0117jimo stiprinimui ir motorini\u0173 \u012fg\u016bd\u017ei\u0173 stiprinimui. <\/li>\n<li> Dovana ma\u017eai mechanikai: pagaminta i\u0161 patvarios ABS+PP, \u0161is variklio remonto \u017eaislas sukurtas taip, kad tarnaut\u0173. su lygiais kra\u0161tais ir smagiu STEM dizainu, tai puiki dovana vaikams nuo 3 m. Supakuota \u012f spalving\u0105 d\u0117\u017eut\u0119, idealiai tinka gimtadieniams ar \u0161vent\u0117ms! (Reikia 3 AA baterij\u0173, ne\u012fskai\u010diuota) <\/li>\n<\/ul>","protected":false},"featured_media":390836,"comment_status":"open","ping_status":"open","template":"","meta":{"om_disable_all_campaigns":false,"_uf_show_specific_survey":0,"_uf_disable_surveys":false},"location":[1935,1934],"product_brand":[21],"product_cat":[5141,4550,2490,2378],"product_tag":[],"class_list":{"0":"post-162707","1":"product","2":"type-product","3":"status-publish","4":"has-post-thumbnail","6":"location-supplier_stock_location","7":"location-local_stock_location","8":"product_brand-vevor","9":"product_cat-engine-toy","10":"product_cat-kids-educational-toys","11":"product_cat-kids-toys","12":"product_cat-sports-outdoors","14":"first","15":"instock","16":"taxable","17":"shipping-taxable","18":"purchasable","19":"product-type-simple"},"aioseo_notices":[],"locations":[{"id":1935,"name":"Pieg\u0101d\u0101t\u0101ja noliktav\u0101 (5-7d.d.)","slug":"supplier_stock_location","quantity":"74"},{"id":1934,"name":"R\u012bgas veikal\u0101 (0-2d.d.)","slug":"local_stock_location","quantity":"0"}],"_links":{"self":[{"href":"https:\/\/vevorshop.lv\/lt\/wp-json\/wp\/v2\/product\/162707","targetHints":{"allow":["GET"]}}],"collection":[{"href":"https:\/\/vevorshop.lv\/lt\/wp-json\/wp\/v2\/product"}],"about":[{"href":"https:\/\/vevorshop.lv\/lt\/wp-json\/wp\/v2\/types\/product"}],"replies":[{"embeddable":true,"href":"https:\/\/vevorshop.lv\/lt\/wp-json\/wp\/v2\/comments?post=162707"}],"wp:featuredmedia":[{"embeddable":true,"href":"https:\/\/vevorshop.lv\/lt\/wp-json\/wp\/v2\/media\/390836"}],"wp:attachment":[{"href":"https:\/\/vevorshop.lv\/lt\/wp-json\/wp\/v2\/media?parent=162707"}],"wp:term":[{"taxonomy":"location","embeddable":true,"href":"https:\/\/vevorshop.lv\/lt\/wp-json\/wp\/v2\/location?post=162707"},{"taxonomy":"product_brand","embeddable":true,"href":"https:\/\/vevorshop.lv\/lt\/wp-json\/wp\/v2\/product_brand?post=162707"},{"taxonomy":"product_cat","embeddable":true,"href":"https:\/\/vevorshop.lv\/lt\/wp-json\/wp\/v2\/product_cat?post=162707"},{"taxonomy":"product_tag","embeddable":true,"href":"https:\/\/vevorshop.lv\/lt\/wp-json\/wp\/v2\/product_tag?post=162707"}],"curies":[{"name":"wp","href":"https:\/\/api.w.org\/{rel}","templated":true}]}}