{"id":16298,"date":"2024-11-18T02:54:10","date_gmt":"2024-11-18T02:54:10","guid":{"rendered":"http:\/\/vevorshop.edigo.lv\/Prece\/vevor-pliers-set-8-piece-high-carbon-steel-12-10-8-groove-joint-pliers-8-linesmans-pliers-6-slip-joint-pliers-8-long-nose-pliers-6-diagonal-cutter-10-adjustable-wrench-and-t\/"},"modified":"2026-03-31T10:45:12","modified_gmt":"2026-03-31T07:45:12","slug":"vevor-pliers-set-8-piece-high-carbon-steel-12-10-8-groove-joint-pliers-8-linesmans-pliers-6-slip-joint-pliers-8-long-nose-pliers-6-diagonal-cutter-10-adjustable-wrench-and-t","status":"publish","type":"product","link":"https:\/\/vevorshop.lv\/lt\/Prece\/vevor-pliers-set-8-piece-high-carbon-steel-12-10-8-groove-joint-pliers-8-linesmans-pliers-6-slip-joint-pliers-8-long-nose-pliers-6-diagonal-cutter-10-adjustable-wrench-and-t\/","title":{"rendered":"VEVOR 8 dali\u0173 auk\u0161tos anglies plieno repli\u0173 rinkinys su \u012franki\u0173 krep\u0161iu \u2013 reguliuojamas ver\u017eliaraktis, ilgos ir griovelio repl\u0117s"},"content":{"rendered":"<div style=\"color: #fff!important; font-size: 16px; height: 24px; line-height: 24px; margin-top: -24px; \" class=\"product_original_name\">VEVOR Pliers Set, 8-Piece, High Carbon Steel, 30.5cm\/25.4cm\/20.3cm Groove Joint Pliers, 20.3cm Linesman's Pliers, 15.2cm Slip Joint Pliers, 20.3cm Long Nose Pliers, 15.2cm Diagonal Cutter, 25.4cm Adjustable Wrench, and Tool Bag<\/div>\n<div style=\"color: #fff!important; font-size: 16px; height: 24px; line-height: 24px; margin-top: -24px; \" class=\"product_sku\">M4I4KHO7<\/div>\n<div style=\"color: #fff!important; font-size: 16px; height: 24px; line-height: 24px; margin-top: -24px; \" class=\"product_mpn\">QZZT612INCH86GK4UV0<\/div><div id=\"js-DM_at-goodDescRich\"><html><head><style>  body {    font-family: Arial;    line-height: 1.5;    color: #1c1c1c;    overflow-x: hidden;    margin: 0;    padding: 0;  }  .MsoNormal b {    font-weight: bolder;  }<\/style><style>  .container.small {    width: 970px;    margin: 0 auto;  }  .logo {    margin: 0 auto 0;  }  .logo img {    display: block;    margin: 0 auto;    max-width: 100%;  }  .logo .pc-banner {    display: block;    width: 1200px;    height: 247.4px;    margin: 0 auto;  }  .logo .pc-banner.small {    width: 970px;  }  .logo .pc-banner.small img {    height: auto!important;  }  .logo .m-banner {    display: none;  }  .ytvideo {    position: relative;    height: 546px;    width: 100%;    margin: 0 auto;  }  .ytvideo img {    width: 100%;    margin: 0 auto;  }  .ytvideo .play-btn {    width: 60px;    height: 42px;    position: absolute;    top: 50%;    left: 50%;    transform: translate(-50%, -50%);    background: url(\"data:image\/png;base64,iVBORw0KGgoAAAANSUhEUgAAAGQAAABGCAMAAAANWMFbAAAC+lBMVEUAAADBGB3kLCfBGB3kLCfcJC7BFx3KKSbiKybkLCbWJCPSIiLSIiLPICHAFx3kLCfgKSXNHiDZJiTIGx\/p4eHcjo7LHSDbJyTkLCbjKyfOHyHPIiL28fHJHB\/GGh7EGR7eKCXDGB3RISHlLSbBGB3AFxzGHB7DGB7BGB3hKybkKybAFx3lLCfAFxzDGR3hKibDGB7cJyTmz8\/elJTlwcHjurrUIyLlLSflLSfAFx3DGR7lLSfCFx3hKibhKibhKybjKybkLCblLSfbJSX49vbx7e3NNzjNMTLMJyjVIyLZf3\/ZQ0LaeHjx0tLgoqLkLCfCGB3HGx\/BGB3BFx3PICHCGB7WJCLOHyC\/Fxy\/Fx3lLCfQISHkLSe\/FxzbJiTBFx3FGx\/AGB7BFx3EGR7AGB3HHSDfKiXAFh3TISHYNzbhKibbJyTTIiL57e325+f039\/v2NjUV1fOHiHiqanfmprch4feKSXVIyPOICHmLibFGh\/mLSe\/Fx7XJCPeKSXXJSPNHyHaJyTGGh7lLCbmLCflLSjSIiLkLCbdKSXLHiC\/GB3KHh++Fh3lKyfoLiXcKCPkx8fYb2\/XaGfVXl3aU1LLHiDksbHgKibPICHbJyTfKSXbJyTCGB3KHSDiKybFGh7TIiL\/\/\/\/VIyPRISHIHB\/GGx\/HHB\/DGR7gKibdKCXLHiDZJiTMHiDNHyHYJSTOICHPICHWJCPcKCXXJSPjLCblLCf+\/f3NGR\/uLijzLynPGR\/IGB7WISHaIyLLGh7UAADxLynNAADRLzDbICLQAADIAAD3MCrUHSHXMTDpKSbLAADp5OTij4\/ejo\/VLy\/1LyngJSTcJCPQHx\/OHB7+\/PzaMS\/OLS\/vLijrLSjSAADaNTPwLyjkKSbNJCbYISHPHB\/KGB7WAAD7+vrn3d3aKynTKCjoLCfsKifRGh\/YAADq5+fhjo7QNDXXKCfmJyXt5+fTLzDLLi\/QKivYHRvMGBrQJCXLISPMExXLDxLaEAvkkI\/bOTfaFQ\/SCgpvLcnHAAAAmnRSTlMA+vv7+gT9Bvf9+8z8\/NSv\/Pr5+P7++vnQIBMP\/v38\/Pn348XDiCYf9OjbzcqxXVcx\/fz8+\/rj1r2poo1+fXFqX0orGP7+\/v7+\/fz8+\/r68uzn4trIxsG\/vri3p6GcmZSNbWVYUUZEPQv+\/f39+\/v7+\/v7+vr64tvV1NTTz87FtbSurqeblJKFg4B3bUY+NjL7+\/v7+\/v67t1cDo8JLQAABkRJREFUWMO0kz9rwkAYh0OIeJkum6YugUAhISCdKoj\/P4C7SMdS+gEKIhSKil10LSg4mzXkILdlEpxCpwTiWOLX6BujvQaEQuGeHLnL+\/64J+SIcKGYTYWnntpdLjrVdqvZmNdn0+EE40GtpuuWVS6Xx6N7YDSGpWXpeq02wHgynM7q80az1a52HpddtVcpsi1zFARBrdaxbhp9iUReTGmwA4KAAr7vx3EYejnCMI6hQYEgy0LQi4jUN0wL19vqFcUC9\/1dAKmEEFkWRYkh5oBejnxQJiSJPJ\/uKBp0Thszx9Mw8hMRIQjKsptCfuES9zr5WJY6vSFCIvE9fCMUmEM1A1kSXcYGxgVYsvI1IPKTZciSTI0us\/SMGG04gDzELDoFBwdcFJrF88dqgYMTiL6DILWYyfOWE8\/kIz38olCNlC03FK95+imxp6y4oUSvAnBjHHhKNtotSDqJzVFiK8c2SBqhZtsrTtgrLXwAyduxZHNE26eHUt5rtuM4WSmds3G+sUdWYo1L+XyxButoh5eKUHk5lByO3G1LqqCWVnfrv\/lyPtf\/4ps1cndNGIri8J1TJ0lx6dR\/oPjq1nbRwdp2dCk4CtIOLW3pVKRL6WZfS5vF2KkIQhpwSsjiYIgNCs1gEMGqiIq24NQX9NwoXFy8Ufrl3twTcg4fv8T9\/JBEySduj6Mjm4bMzYV7EEOxKjjoNDud7yY3Dy71Hq2oLmqfbNR723edH9PgMrNL2utoQ3VmaIDkiw\/4w51P06hlZsTZvkRrbVuSIs\/zwSOsycgzStQouoAkWQqioRT5XI7n2Z1wfVhoZmcAJLsoqjqpjbWCgpOAJXBwHK8PzWbNvoUZJND5wCnSkLAkZ1legx6vqQzjoiTahKlGUGLAiIIoABOHaNVw4sexZBym6\/HWlH5h3IC7yRbxtipcWxdTOkORKiNQAEkFf66x5S2oeRbroOlLgg0sSYkR0hRGEqJZ0jTPiQKatESdBckpWigxaapEH0lImHdWu9pUFF2XqMNM2Z4kped7IwEJw2qabwtrQqnpw6HyKkgcadKWsmpywwesDyIhYRpdzXddqegtGIJlXbAIUMOLkGxJUjRIkokwjUaX9d\/kK62ps\/tYUqZLIMkLTyBhsMZ3C5Z\/kDxOSCb\/DOs\/\/J0qcWSX\/2ipe56EgTCA4\/cB7NAYOsni4mZM1MUPAISoEwkDi4lhVBQ1cWQyIcwalw4EpqZN68JUSK7XC0kTlkLYii5uXSC8jT5ncCAS7mjCv0uHp\/3lueHEEAeQ\/\/VgmdN71\/2uCSA1Xr6DO6uI6sW56zqT2tp2PhgiRUAajV8CY2fkcz6WGNKMgLAt7tJAhD4YHMTeRxlALE6+43WqjSWi8ITxyJl8WrwWSNESQZZOqhDDntO3hJLsd5RtSpbJqdv3YrDJH3F7jL1R2O2aQkn2MyCyKYz0GPGIvSAMgBCrCEiJyKbBaYGwLW4uPRr0A0M4Ux5kUI7IBh+hMdiCEWNqhMZGyYMsOgNE58UQuEQeUnSWCMYwL54hkxK6IoqucQZbQ3pc3XtL0lky1dL0zZJJDpWJovFqpWj6JEHnyam2eQp5QRVAVHjWparTOaVwUOx99YS2MvgxIGV0bb+qIg2HX2qkFFJB+XZcbLiuRkuxD9GRroKyveLxdh4d7Orx+hb7qc3uVRuEogCOnyIxm4ubUoPgF4jianDrC+SDQDKEfJb0GUKmjCGPYHGJvVC6X4hw1\/sAfQAdfYyephIaspXe36RwOP+Ljvfx9B6B3i+Nk0DGq+oCbLn6JpBa9nWAveAIHwFAwtVcIJXPMPL8kRu5OAYPMaL1WScTxjiZDqB9LTJSWphow\/pTYKRTLjCBhvi9iBidvKcDasGSm0QQkycYuLBqj6QCELPctqChDWpTRMWkngNNpQ1Pfp1KkiT\/Y0DGffXAweUNfLAfaJFKDwhb6I+bkYRbkERoEeu3Fyjg2opMz2daZCS9jt6Q7txNfB+OZEVF6Zl5web2xunnLQrtrjXseXKaFYziYINeMFZVxS9VxRhOoesYwxPKXm+gWLG9cuFeq93UNNeJNsf1KlwuDok9n02n3TgIJpOxNfL9naIoQwXtfH9kjceTIIi709ncTg6LZbg+biLH1V6u\/7rxBem06VXKn9raAAAAAElFTkSuQmCC\")      no-repeat center center \/ contain;  }  @media screen and (max-width: 960px) and (orientation: portrait) {    .logo {      width: 100%;    }    .logo .pc-banner {      display: none;    }    .logo .m-banner {      display: block;      width: 100%;    }    .logo .m-banner img {      height: auto!important;    }    .ytvideo {      height: 200px;      width: 100%;    }  }<\/style><style>  .video-section {    width: 100%;    margin: 0 auto;  }  .video-section > img {    width: 100%;  }  .video-section iframe,  .video-section video {    width: 100%;    height: 100%;      }  .video-section-img-m,  .video-section-img-pc > img {    width: 100%;    height: auto;  }  .video-section-img-pc.small > img {    width: 970px;  }  .video-desc {    line-height: 1.5;    font-size: 20px;    font-weight: 400;    margin: 20px 0;    text-align: center;    color: #0f1111;    word-break: break-word;  }  @media screen and (max-width: 960px) and (orientation: portrait) {    .video-section {      width: 100%;    }    .video-section-pc,    .video-section-img-pc {      display: none;    }    .video-section-m,    .video-section-img-m {      display: block;    }    .video-desc {      font-size: 15px;    }  }  @media screen and (min-width: 960px) {    .video-section {      width: 100%;      margin: 0 auto;    }    .video-section-pc,    .video-section-img-pc {      display: block;    }    .video-section-m,    .video-section-img-m {      display: none;    }    .video-desc {      font-size: 20px;    }  }<\/style><style>  .section + .section {    margin-top: 35px;  }  .section-title {    text-align: center;    font-weight: bold;    color: #0d1111;    font-family: \"Arial\";    font-size: 32px;    margin: 15px 0;  }  .section-title:empty {    display: none;  }  .section-desc {    text-align: center;    font-weight: normal;    color: #0d1111;    margin-top: 20px;  }  .section-desc:empty {    display: none;  }  .section-img {    width: 1200px;    height: 492px;    margin: 0 auto;    display: block;  }  .section-img.small {    width: 970px;    height: auto;  }  .section-img.small > img {    height: auto;  }  .section-img > img {    width: 100%;    height: 100%;  }  .section-mobile-img {    display: none;    max-width: 100vw;    max-height: 75vw;    height: 450px;    margin: 0 auto;  }  .section-mobile-img > img {    width: 100%;    height: 100%;  }  @media screen and (max-width: 960px) and (orientation: portrait) {    .container {      width: 100%;    }    .container.small {      width: 100%;    }    .section-mobile-img {      display: block;    }    .section-img {      display: none;    }    .section-title {      font-size: 22px;      margin: 10px 0;    }    .section-desc {      margin-top: 10px;    }    .section + .section {      margin-top: 20px;    }  }<\/style><\/head><body><div class=\"container\"><div class=\"logo\"><div class=\"pc-banner\"><div><img decoding=\"async\" src=\"\/vevor\/vevor\/boutique-banner\/pc\/en-pc@1x.jpg\" style=\"width: 100%;\" \/><\/div><\/div><div class=\"m-banner\"><div><img decoding=\"async\" src=\"\/vevor\/vevor\/boutique-banner\/mobile\/en-m@1x.jpg\" style=\"width: 100%;\" \/><\/div><\/div><\/div><div class=\"section-title\">Itin Sunku, 8 Dali\u0173 Repl\u0117s Rinkinys<\/div><div class=\"video-section\"><div class=\"video-section-img-pc\"><img decoding=\"async\" src=\"\/vevor\/product\/QZZT612INCH86GK4U\/pliers-set-a100-1.4.jpg\" \/><\/div><div class=\"video-section-img-m\"><img decoding=\"async\" src=\"\/vevor\/product\/QZZT612INCH86GK4U\/pliers-set-a100-1.4-m.jpg\" \/><\/div><div class=\"section-desc\">Patirtis galia premium didelio anglinio plieno, kartu su terminio apdorojimo proceso metu m\u016bs\u0173 repl\u0117s nustatyti. Su \u012fsp\u016bdinga kietumas, i\u0161skirtinis atsparumas korozijai, didelis atsparumas tempimui, m\u016bs\u0173 repl\u0117s skirtos atlaikyti sunki\u0173j\u0173 operacij\u0173, u\u017etikrinant auk\u0161\u010diausios kokyb\u0117s.<\/div><\/div><div class=\"section\"><div class=\"section-title\"><\/div><div class=\"section-img\"><img decoding=\"async\" src=\"\/vevor\/product\/QZZT612INCH86GK4U\/pliers-set-a100-2.2.jpg\" \/><\/div><div class=\"section-mobile-img\"><img decoding=\"async\" src=\"\/vevor\/product\/QZZT612INCH86GK4U\/pliers-set-a100-2.2-m.jpg\" \/><\/div><div class=\"section-desc\">M\u016bs\u0173 repl\u0117s nustatykite funkcijos, ergonomi\u0161kas dual-spalva TPR rankenos, kad suteikt\u0173 neprilygstam\u0105 sukibim\u0105. Bekvapis ir labai atsparus \u012fbr\u0117\u017eimams, \u0161i\u0173 rankenos suma\u017einti rank\u0173 virpesius, suma\u017einti nuovarg\u012f per ilgesn\u012f naudojimo, ir suteikia optimal\u0173 komfort\u0105, u\u017e \u012fvairiausias u\u017eduotis.<\/div><\/div><div class=\"section\"><div class=\"section-title\"><\/div><div class=\"section-img\"><img decoding=\"async\" src=\"\/vevor\/product\/QZZT612INCH86GK4U\/pliers-set-a100-2.3.jpg\" \/><\/div><div class=\"section-mobile-img\"><img decoding=\"async\" src=\"\/vevor\/product\/QZZT612INCH86GK4U\/pliers-set-a100-2.3-m.jpg\" \/><\/div><div class=\"section-desc\">M\u016bs\u0173 raktas ir slydimo bendras repl\u0117s pateikti reguliuojami parametrai, pl\u0117sti ir lankstumo i\u0161 j\u016bs\u0173 \u012frankiai. Didinant darbo efektyvum\u0105, suma\u017einti s\u0105naudas ir patikim\u0105 spaudimo j\u0117ga, m\u016bs\u0173 \u012frankiai suteikia neprilygstam\u0105 lankstum\u0105 ir patikimum\u0105.<\/div><\/div><div class=\"section\"><div class=\"section-title\"><\/div><div class=\"section-img\"><img decoding=\"async\" src=\"\/vevor\/product\/QZZT612INCH86GK4U\/pliers-set-a100-2.4.jpg\" \/><\/div><div class=\"section-mobile-img\"><img decoding=\"async\" src=\"\/vevor\/product\/QZZT612INCH86GK4U\/pliers-set-a100-2.4-m.jpg\" \/><\/div><div class=\"section-desc\">Lengvai rankena daikt\u0173 skirting\u0173 dyd\u017ei\u0173 ir form\u0173, \u012fskaitant apvalus, kvadratas, \u0161e\u0161iakampis, ir plok\u0161ti, su m\u016bs\u0173 tiksliai reguliuojamas vandens siurbli\u0173 repl\u0117s. Patirtis efektyvum\u0105 linesman tai, repl\u0117s, kad sujungti \u012fsp\u016bdingos ir pjovimo funkcijas, tod\u0117l juos b\u016btina priemon\u0117 bet koki\u0105 u\u017eduot\u012f.<\/div><\/div><div class=\"section\"><div class=\"section-title\"><\/div><div class=\"section-img\"><img decoding=\"async\" src=\"\/vevor\/product\/QZZT612INCH86GK4U\/pliers-set-a100-2.5.jpg\" \/><\/div><div class=\"section-mobile-img\"><img decoding=\"async\" src=\"\/vevor\/product\/QZZT612INCH86GK4U\/pliers-set-a100-2.5-m.jpg\" \/><\/div><div class=\"section-desc\">M\u016bs\u0173 ilgos repl\u0117s skirtos tiksliam darbui siaurose srityse, i\u0161skirtin\u0117s manevringum\u0105. \u012estri\u017eain\u0117 pjovimo repl\u0117s excel pjovimo \u012fvairi\u0173 med\u017eiag\u0173, pristatymas a\u0161tr\u016bs ir \u0161var\u016bs pj\u016bviai, nepaliekant joki\u0173 \u0161iurk\u0161\u010di\u0173 kra\u0161t\u0173 ar liku\u010di\u0173 atsilieka.<\/div><\/div><div class=\"section\"><div class=\"section-img\"><img decoding=\"async\" src=\"\/vevor\/product\/QZZT612INCH86GK4U\/pliers-set-a100-1.11.jpg\" \/><\/div><div class=\"section-mobile-img\"><img decoding=\"async\" src=\"\/vevor\/product\/QZZT612INCH86GK4U\/pliers-set-a100-1.11-m.jpg\" \/><\/div><\/div><\/div><\/body><\/html><\/div>\n<div class=\"DM_at-title\" id=\"js-DM_at-title\"> <div>Produkto specifikacija<\/div> <i class=\"icon-arrowup_line\"><\/i> <\/div><div class=\"DM_at-goodsDescAttr\" id=\"js-DM_at-goodsDescAttr\"> <div class=\"DM_at-goodsDescAttrInner\"> <dl class=\"goodsDesc_item goodsDesc_item_even\"> <dt>Prek\u0117s Modelio Numeris<\/dt> <dd> SY-808<\/dd> <\/dl> <dl class=\"goodsDesc_item\"> <dt>Pagrindin\u0117 Med\u017eiaga<\/dt> <dd> 45# Plieno<\/dd> <\/dl> <dl class=\"goodsDesc_item goodsDesc_item_even\"> <dt>Neto Svoris<\/dt> <dd> 5.97 svar\u0173 \/ 2,7 kg<\/dd> <\/dl> <dl class=\"goodsDesc_item\"> <dt>Kietumas<\/dt> <dd> 42HRC<\/dd> <\/dl> <dl class=\"goodsDesc_item goodsDesc_item_even\"> <dt>Rankenos Med\u017eiaga<\/dt> <dd> Nat\u016brali Guma<\/dd> <\/dl> <\/div> <\/div>","protected":false},"excerpt":{"rendered":"<ul>\n<li> Auk\u0161\u010diausios Kietumo ir Patvarumo: M\u016bs\u0173 didelis anglies plieno repl\u0117s rinkinio eksponat\u0173 \u012fsp\u016bdingas kietumo 42HRC, u\u017etikrinant i\u0161skirtinis atsparumas nuo dilimo ir deformacijos. Patirtis prat\u0119stas ilgaam\u017ei\u0161kum\u0105 ir patikim\u0105 veikim\u0105 su m\u016bs\u0173 auk\u0161tos kokyb\u0117s \u012frankiai. <\/li>\n<li> Pa\u017eangios Terminio Apdorojimo Procesas: M\u016bs\u0173 repl\u0117s \u012franki\u0173 rinkinys vyksta kruop\u0161tus terminio apdorojimo proceso metu, \u012fskaitant antrinis d\u0117l didelio streso srityse, pavyzd\u017eiui, pjovimo briaunos. Tai lemia tvirtesn\u012f kietumas, tvirtumas ir atsparumas nusid\u0117v\u0117jimui, atsparumas korozijai, deformacija, ir r\u016bd\u017ei\u0173. Pasitik\u0117jim\u0105 m\u016bs\u0173 repl\u0117s pristatyti nepriekai\u0161ting\u0105 atlikimo net dr\u0117gnoje aplinkoje. <\/li>\n<li> Neprilygstamas Komfortas ir Rankena: ergonomi\u0161ka, Si\u016blanti dual-spalva TPR rankenos, m\u016bs\u0173 repl\u0117s rinkinys suteikia itin patogus ir stabilus va\u017eiuojant \u0161lapia danga. Rankenos yra bekvapis ir siekiama u\u017ekirsti keli\u0105 chemini\u0173 reakcij\u0173 arba nemalonius kvapus, kai lie\u010diasi su r\u016bd\u017ei\u0173 prevencini\u0173 aliejus. <\/li>\n<li> Tiksliai Reguliuojamas Parametrai: be Vargo tvarkyti objektus, \u012fvairi\u0173 dyd\u017ei\u0173 ir form\u0173, \u012fskaitant apvalus, kvadratas, \u0161e\u0161iakampis, ir plok\u0161ti elementai, su m\u016bs\u0173 groove jungtinio repl\u0117s &#034; tiksli\u0105 reguliuojami parametrai. U\u017etikrinti saugias ir tiksli \u012ftempimo su paprastumas ir patogumas. <\/li>\n<li> Pilnas Paketas: \u0160ios repl\u0117s rinkinys apima pagrindinius repl\u0117s u\u017e \u012fvairiausias u\u017eduotis: 1 x 6&#034; slydimo bendras repl\u0117s, 1x 8&#034; ilgos repl\u0117s, 1 x 6&#034; \u012fstri\u017eain\u0117s cutter, 1 x 8&#034; groove jungtinio repl\u0117s, 1 x 10&#034; groove jungtinio repl\u0117s, 1 x 12&#034; groove jungtinio repl\u0117s, 1 x 8&#034; linesman tai, repl\u0117s, 1 x 10&#034; reguliuojamas raktas. Be to, ji ateina su \u012franki\u0173 krep\u0161ys patogus laikymas ir paprastas transportavimas, u\u017etikrinant ilgaam\u017ei\u0161kum\u0105 ir apsaugoti savo \u012frankius nuo sugadinimo ar praradimo. <\/li>\n<\/ul>","protected":false},"featured_media":268051,"comment_status":"closed","ping_status":"open","template":"","meta":{"om_disable_all_campaigns":false,"_monsterinsights_skip_tracking":false,"_monsterinsights_sitenote_active":false,"_monsterinsights_sitenote_note":"","_monsterinsights_sitenote_category":0,"_uf_show_specific_survey":0,"_uf_disable_surveys":false},"location":[1935,1934],"product_brand":[21],"product_cat":[2400,3362,2828,2374],"product_tag":[],"class_list":{"0":"post-16298","1":"product","2":"type-product","3":"status-publish","4":"has-post-thumbnail","6":"location-supplier_stock_location","7":"location-local_stock_location","8":"product_brand-vevor","9":"product_cat-hand-tools-tools","10":"product_cat-plier-sets","11":"product_cat-pliers","12":"product_cat-tools","14":"first","15":"instock","16":"taxable","17":"shipping-taxable","18":"purchasable","19":"product-type-simple"},"aioseo_notices":[],"jetpack_sharing_enabled":true,"locations":[{"id":1935,"name":"Pieg\u0101d\u0101t\u0101ja noliktav\u0101 (5-7d.d.)","slug":"supplier_stock_location","quantity":"217"},{"id":1934,"name":"R\u012bgas veikal\u0101 (0-2d.d.)","slug":"local_stock_location","quantity":"0"}],"_links":{"self":[{"href":"https:\/\/vevorshop.lv\/lt\/wp-json\/wp\/v2\/product\/16298","targetHints":{"allow":["GET"]}}],"collection":[{"href":"https:\/\/vevorshop.lv\/lt\/wp-json\/wp\/v2\/product"}],"about":[{"href":"https:\/\/vevorshop.lv\/lt\/wp-json\/wp\/v2\/types\/product"}],"replies":[{"embeddable":true,"href":"https:\/\/vevorshop.lv\/lt\/wp-json\/wp\/v2\/comments?post=16298"}],"wp:featuredmedia":[{"embeddable":true,"href":"https:\/\/vevorshop.lv\/lt\/wp-json\/wp\/v2\/media\/268051"}],"wp:attachment":[{"href":"https:\/\/vevorshop.lv\/lt\/wp-json\/wp\/v2\/media?parent=16298"}],"wp:term":[{"taxonomy":"location","embeddable":true,"href":"https:\/\/vevorshop.lv\/lt\/wp-json\/wp\/v2\/location?post=16298"},{"taxonomy":"product_brand","embeddable":true,"href":"https:\/\/vevorshop.lv\/lt\/wp-json\/wp\/v2\/product_brand?post=16298"},{"taxonomy":"product_cat","embeddable":true,"href":"https:\/\/vevorshop.lv\/lt\/wp-json\/wp\/v2\/product_cat?post=16298"},{"taxonomy":"product_tag","embeddable":true,"href":"https:\/\/vevorshop.lv\/lt\/wp-json\/wp\/v2\/product_tag?post=16298"}],"curies":[{"name":"wp","href":"https:\/\/api.w.org\/{rel}","templated":true}]}}