{"id":16761,"date":"2024-11-18T03:14:01","date_gmt":"2024-11-18T03:14:01","guid":{"rendered":"http:\/\/vevorshop.edigo.lv\/Prece\/vevor-fruit-wine-press-1-6-gallon-6l-2-stainless-steel-barrels-manual-juice-maker-cider-apple-grape-tincture-vegetables-honey-olive-oil-making-press-with-t-handle-triangular-structure-for-kitchen\/"},"modified":"2026-02-26T15:58:22","modified_gmt":"2026-02-26T13:58:22","slug":"vevor-fruit-wine-press-1-6-gallon-6l-2-stainless-steel-barrels-manual-juice-maker-cider-apple-grape-tincture-vegetables-honey-olive-oil-making-press-with-t-handle-triangular-structure-for-kitchen","status":"publish","type":"product","link":"https:\/\/vevorshop.lv\/lt\/Prece\/vevor-fruit-wine-press-1-6-gallon-6l-2-stainless-steel-barrels-manual-juice-maker-cider-apple-grape-tincture-vegetables-honey-olive-oil-making-press-with-t-handle-triangular-structure-for-kitchen\/","title":{"rendered":"VEVOR 5.5L rankin\u0117 vaisi\u0173 ir vyno spaudykla su 2 ner\u016bdijan\u010dio plieno talpomis, sul\u010di\u0173 ir aliejaus spaudiklis virtuvei, s\u016briui, alyvoms, vynuog\u0117ms"},"content":{"rendered":"<div style=\"color: #fff!important; font-size: 16px; height: 24px; line-height: 24px; margin-top: -24px; \" class=\"product_original_name\">VEVOR Fruit Wine Press, 1.5 Gal\/5.5L, 2 Stainless Steel Barrels, Manual Juice Maker, Cider Apple Grape Tincture Vegetables Honey Olive Oil Making Press with T-Handle, Triangular Structure for Kitchen<\/div>\n<div style=\"color: #fff!important; font-size: 16px; height: 24px; line-height: 24px; margin-top: -24px; \" class=\"product_sku\">M4I4KIBS<\/div>\n<div style=\"color: #fff!important; font-size: 16px; height: 24px; line-height: 24px; margin-top: -24px; \" class=\"product_mpn\">TSGJYZJBXG6L26ASIV0<\/div><div id=\"js-DM_at-goodDescRich\"><html><head><style>  body {    font-family: Arial;    line-height: 1.5;    color: #1c1c1c;    overflow-x: hidden;    margin: 0;    padding: 0;  }  .MsoNormal b {    font-weight: bolder;  }<\/style><style>  .container.small {    width: 970px;    margin: 0 auto;  }  .logo {    margin: 0 auto 0;  }  .logo img {    display: block;    margin: 0 auto;    max-width: 100%;  }  .logo .pc-banner {    display: block;    width: 1200px;    height: 247.4px;    margin: 0 auto;  }  .logo .pc-banner.small {    width: 970px;  }  .logo .pc-banner.small img {    height: auto!important;  }  .logo .m-banner {    display: none;  }  .ytvideo {    position: relative;    height: 546px;    width: 100%;    margin: 0 auto;  }  .ytvideo img {    width: 100%;    margin: 0 auto;  }  .ytvideo .play-btn {    width: 60px;    height: 42px;    position: absolute;    top: 50%;    left: 50%;    transform: translate(-50%, -50%);    background: url(\"data:image\/png;base64,iVBORw0KGgoAAAANSUhEUgAAAGQAAABGCAMAAAANWMFbAAAC+lBMVEUAAADBGB3kLCfBGB3kLCfcJC7BFx3KKSbiKybkLCbWJCPSIiLSIiLPICHAFx3kLCfgKSXNHiDZJiTIGx\/p4eHcjo7LHSDbJyTkLCbjKyfOHyHPIiL28fHJHB\/GGh7EGR7eKCXDGB3RISHlLSbBGB3AFxzGHB7DGB7BGB3hKybkKybAFx3lLCfAFxzDGR3hKibDGB7cJyTmz8\/elJTlwcHjurrUIyLlLSflLSfAFx3DGR7lLSfCFx3hKibhKibhKybjKybkLCblLSfbJSX49vbx7e3NNzjNMTLMJyjVIyLZf3\/ZQ0LaeHjx0tLgoqLkLCfCGB3HGx\/BGB3BFx3PICHCGB7WJCLOHyC\/Fxy\/Fx3lLCfQISHkLSe\/FxzbJiTBFx3FGx\/AGB7BFx3EGR7AGB3HHSDfKiXAFh3TISHYNzbhKibbJyTTIiL57e325+f039\/v2NjUV1fOHiHiqanfmprch4feKSXVIyPOICHmLibFGh\/mLSe\/Fx7XJCPeKSXXJSPNHyHaJyTGGh7lLCbmLCflLSjSIiLkLCbdKSXLHiC\/GB3KHh++Fh3lKyfoLiXcKCPkx8fYb2\/XaGfVXl3aU1LLHiDksbHgKibPICHbJyTfKSXbJyTCGB3KHSDiKybFGh7TIiL\/\/\/\/VIyPRISHIHB\/GGx\/HHB\/DGR7gKibdKCXLHiDZJiTMHiDNHyHYJSTOICHPICHWJCPcKCXXJSPjLCblLCf+\/f3NGR\/uLijzLynPGR\/IGB7WISHaIyLLGh7UAADxLynNAADRLzDbICLQAADIAAD3MCrUHSHXMTDpKSbLAADp5OTij4\/ejo\/VLy\/1LyngJSTcJCPQHx\/OHB7+\/PzaMS\/OLS\/vLijrLSjSAADaNTPwLyjkKSbNJCbYISHPHB\/KGB7WAAD7+vrn3d3aKynTKCjoLCfsKifRGh\/YAADq5+fhjo7QNDXXKCfmJyXt5+fTLzDLLi\/QKivYHRvMGBrQJCXLISPMExXLDxLaEAvkkI\/bOTfaFQ\/SCgpvLcnHAAAAmnRSTlMA+vv7+gT9Bvf9+8z8\/NSv\/Pr5+P7++vnQIBMP\/v38\/Pn348XDiCYf9OjbzcqxXVcx\/fz8+\/rj1r2poo1+fXFqX0orGP7+\/v7+\/fz8+\/r68uzn4trIxsG\/vri3p6GcmZSNbWVYUUZEPQv+\/f39+\/v7+\/v7+vr64tvV1NTTz87FtbSurqeblJKFg4B3bUY+NjL7+\/v7+\/v67t1cDo8JLQAABkRJREFUWMO0kz9rwkAYh0OIeJkum6YugUAhISCdKoj\/P4C7SMdS+gEKIhSKil10LSg4mzXkILdlEpxCpwTiWOLX6BujvQaEQuGeHLnL+\/64J+SIcKGYTYWnntpdLjrVdqvZmNdn0+EE40GtpuuWVS6Xx6N7YDSGpWXpeq02wHgynM7q80az1a52HpddtVcpsi1zFARBrdaxbhp9iUReTGmwA4KAAr7vx3EYejnCMI6hQYEgy0LQi4jUN0wL19vqFcUC9\/1dAKmEEFkWRYkh5oBejnxQJiSJPJ\/uKBp0Thszx9Mw8hMRIQjKsptCfuES9zr5WJY6vSFCIvE9fCMUmEM1A1kSXcYGxgVYsvI1IPKTZciSTI0us\/SMGG04gDzELDoFBwdcFJrF88dqgYMTiL6DILWYyfOWE8\/kIz38olCNlC03FK95+imxp6y4oUSvAnBjHHhKNtotSDqJzVFiK8c2SBqhZtsrTtgrLXwAyduxZHNE26eHUt5rtuM4WSmds3G+sUdWYo1L+XyxButoh5eKUHk5lByO3G1LqqCWVnfrv\/lyPtf\/4ps1cndNGIri8J1TJ0lx6dR\/oPjq1nbRwdp2dCk4CtIOLW3pVKRL6WZfS5vF2KkIQhpwSsjiYIgNCs1gEMGqiIq24NQX9NwoXFy8Ufrl3twTcg4fv8T9\/JBEySduj6Mjm4bMzYV7EEOxKjjoNDud7yY3Dy71Hq2oLmqfbNR723edH9PgMrNL2utoQ3VmaIDkiw\/4w51P06hlZsTZvkRrbVuSIs\/zwSOsycgzStQouoAkWQqioRT5XI7n2Z1wfVhoZmcAJLsoqjqpjbWCgpOAJXBwHK8PzWbNvoUZJND5wCnSkLAkZ1legx6vqQzjoiTahKlGUGLAiIIoABOHaNVw4sexZBym6\/HWlH5h3IC7yRbxtipcWxdTOkORKiNQAEkFf66x5S2oeRbroOlLgg0sSYkR0hRGEqJZ0jTPiQKatESdBckpWigxaapEH0lImHdWu9pUFF2XqMNM2Z4kped7IwEJw2qabwtrQqnpw6HyKkgcadKWsmpywwesDyIhYRpdzXddqegtGIJlXbAIUMOLkGxJUjRIkokwjUaX9d\/kK62ps\/tYUqZLIMkLTyBhsMZ3C5Z\/kDxOSCb\/DOs\/\/J0qcWSX\/2ipe56EgTCA4\/cB7NAYOsni4mZM1MUPAISoEwkDi4lhVBQ1cWQyIcwalw4EpqZN68JUSK7XC0kTlkLYii5uXSC8jT5ncCAS7mjCv0uHp\/3lueHEEAeQ\/\/VgmdN71\/2uCSA1Xr6DO6uI6sW56zqT2tp2PhgiRUAajV8CY2fkcz6WGNKMgLAt7tJAhD4YHMTeRxlALE6+43WqjSWi8ITxyJl8WrwWSNESQZZOqhDDntO3hJLsd5RtSpbJqdv3YrDJH3F7jL1R2O2aQkn2MyCyKYz0GPGIvSAMgBCrCEiJyKbBaYGwLW4uPRr0A0M4Ux5kUI7IBh+hMdiCEWNqhMZGyYMsOgNE58UQuEQeUnSWCMYwL54hkxK6IoqucQZbQ3pc3XtL0lky1dL0zZJJDpWJovFqpWj6JEHnyam2eQp5QRVAVHjWparTOaVwUOx99YS2MvgxIGV0bb+qIg2HX2qkFFJB+XZcbLiuRkuxD9GRroKyveLxdh4d7Orx+hb7qc3uVRuEogCOnyIxm4ubUoPgF4jianDrC+SDQDKEfJb0GUKmjCGPYHGJvVC6X4hw1\/sAfQAdfYyephIaspXe36RwOP+Ljvfx9B6B3i+Nk0DGq+oCbLn6JpBa9nWAveAIHwFAwtVcIJXPMPL8kRu5OAYPMaL1WScTxjiZDqB9LTJSWphow\/pTYKRTLjCBhvi9iBidvKcDasGSm0QQkycYuLBqj6QCELPctqChDWpTRMWkngNNpQ1Pfp1KkiT\/Y0DGffXAweUNfLAfaJFKDwhb6I+bkYRbkERoEeu3Fyjg2opMz2daZCS9jt6Q7txNfB+OZEVF6Zl5web2xunnLQrtrjXseXKaFYziYINeMFZVxS9VxRhOoesYwxPKXm+gWLG9cuFeq93UNNeJNsf1KlwuDok9n02n3TgIJpOxNfL9naIoQwXtfH9kjceTIIi709ncTg6LZbg+biLH1V6u\/7rxBem06VXKn9raAAAAAElFTkSuQmCC\")      no-repeat center center \/ contain;  }  @media screen and (max-width: 960px) and (orientation: portrait) {    .logo {      width: 100%;    }    .logo .pc-banner {      display: none;    }    .logo .m-banner {      display: block;      width: 100%;    }    .logo .m-banner img {      height: auto!important;    }    .ytvideo {      height: 200px;      width: 100%;    }  }<\/style><style>  .video-section {    width: 100%;    margin: 0 auto;  }  .video-section > img {    width: 100%;  }  .video-section iframe,  .video-section video {    width: 100%;    height: 100%;      }  .video-section-img-m,  .video-section-img-pc > img {    width: 100%;    height: auto;  }  .video-section-img-pc.small > img {    width: 970px;  }  .video-desc {    line-height: 1.5;    font-size: 20px;    font-weight: 400;    margin: 20px 0;    text-align: center;    color: #0f1111;    word-break: break-word;  }  @media screen and (max-width: 960px) and (orientation: portrait) {    .video-section {      width: 100%;    }    .video-section-pc,    .video-section-img-pc {      display: none;    }    .video-section-m,    .video-section-img-m {      display: block;    }    .video-desc {      font-size: 15px;    }  }  @media screen and (min-width: 960px) {    .video-section {      width: 100%;      margin: 0 auto;    }    .video-section-pc,    .video-section-img-pc {      display: block;    }    .video-section-m,    .video-section-img-m {      display: none;    }    .video-desc {      font-size: 20px;    }  }<\/style><style>  .section + .section {    margin-top: 35px;  }  .section-title {    text-align: center;    font-weight: bold;    color: #0d1111;    font-family: \"Arial\";    font-size: 32px;    margin: 15px 0;  }  .section-title:empty {    display: none;  }  .section-desc {    text-align: center;    font-weight: normal;    color: #0d1111;    margin-top: 20px;  }  .section-desc:empty {    display: none;  }  .section-img {    width: 1200px;    height: 492px;    margin: 0 auto;    display: block;  }  .section-img.small {    width: 970px;    height: auto;  }  .section-img.small > img {    height: auto;  }  .section-img > img {    width: 100%;    height: 100%;  }  .section-mobile-img {    display: none;    max-width: 100vw;    max-height: 75vw;    height: 450px;    margin: 0 auto;  }  .section-mobile-img > img {    width: 100%;    height: 100%;  }  @media screen and (max-width: 960px) and (orientation: portrait) {    .container {      width: 100%;    }    .container.small {      width: 100%;    }    .section-mobile-img {      display: block;    }    .section-img {      display: none;    }    .section-title {      font-size: 22px;      margin: 10px 0;    }    .section-desc {      margin-top: 10px;    }    .section + .section {      margin-top: 20px;    }  }<\/style><\/head><body><div class=\"container\"><div class=\"logo\"><div class=\"pc-banner\"><div><img decoding=\"async\" src=\"\/vevor\/vevor\/boutique-banner\/pc\/en-pc@1x.jpg\" style=\"width: 100%;\" \/><\/div><\/div><div class=\"m-banner\"><div><img decoding=\"async\" src=\"\/vevor\/vevor\/boutique-banner\/mobile\/en-m@1x.jpg\" style=\"width: 100%;\" \/><\/div><\/div><\/div><div class=\"section-title\">Galingas Spaudimas Efektyviai Juicing<\/div><div class=\"video-section\"><div class=\"video-section-img-pc\"><img decoding=\"async\" src=\"\/vevor\/product\/TSGJYZJBXG6L26ASI\/fruit-wine-press-a100-1.4.jpg\" alt=\"VEVOR fruit wine press for efficient juice extraction, featuring sturdy design and easy cleaning.\" \/><\/div><div class=\"video-section-img-m\"><img decoding=\"async\" src=\"\/vevor\/product\/TSGJYZJBXG6L26ASI\/fruit-wine-press-a100-1.4-m.jpg\" alt=\"VEVOR fruit wine press for efficient juice extraction, featuring sturdy design and easy cleaning.\" \/><\/div><div class=\"section-desc\">M\u016bs\u0173 vaisi\u0173 vyno paspauskite funkcijos sutir\u0161t\u0117s ner\u016bdijan\u010dio plieno paspauskite plok\u0161t\u0117, veiksmingai ma\u017einti ir greitai syv\u0173 ekstrahavimo.<\/div><\/div><div class=\"section\"><div class=\"section-title\"><\/div><div class=\"section-img\"><img decoding=\"async\" src=\"\/vevor\/product\/TSGJYZJBXG6L26ASI\/fruit-wine-press-a100-2.2.jpg\" alt=\"rotary handle press steps for VEVOR fruit wine press: chop fruits, place in mesh, press handle for juice.\" \/><\/div><div class=\"section-mobile-img\"><img decoding=\"async\" src=\"\/vevor\/product\/TSGJYZJBXG6L26ASI\/fruit-wine-press-a100-2.2-m.jpg\" alt=\"rotary handle press steps for VEVOR fruit wine press: chop fruits, place in mesh, press handle for juice.\" \/><\/div><div class=\"section-desc\">Vaisi\u0173 vyno vadovas paspauskite yra skirta reguliuojamas T-formos rankena, lengvas ir patogus operacijos. J\u016bs tur\u0117site savo m\u0117gstamiausi\u0173 g\u0117rimas paruo\u0161tas sr\u0117bti minu\u010di\u0173!<\/div><\/div><div class=\"section\"><div class=\"section-title\"><\/div><div class=\"section-img\"><img decoding=\"async\" src=\"\/vevor\/product\/TSGJYZJBXG6L26ASI\/fruit-wine-press-a100-2.3.jpg\" alt=\"VEVOR fruit wine press, stainless steel, food-grade filters, and triangle base on an outdoor table.\" \/><\/div><div class=\"section-mobile-img\"><img decoding=\"async\" src=\"\/vevor\/product\/TSGJYZJBXG6L26ASI\/fruit-wine-press-a100-2.3-m.jpg\" alt=\"VEVOR fruit wine press, stainless steel, food-grade filters, and triangle base on an outdoor table.\" \/><\/div><div class=\"section-desc\">Pagamintas i\u0161 ner\u016bdijan\u010dio plieno, vaisi\u0173 ir vyno paspauskite suteikia tvirtas ir stabilus statybos. Ji taip pat yra FDA patvirtintas u\u017e patikim\u0105 kokyb\u0119.<\/div><\/div><div class=\"section\"><div class=\"section-title\"><\/div><div class=\"section-img\"><img decoding=\"async\" src=\"\/vevor\/product\/TSGJYZJBXG6L26ASI\/fruit-wine-press-a100-2.4.jpg\" alt=\"detachable and washable VEVOR fruit wine press barrel being rinsed under a kitchen faucet.\" \/><\/div><div class=\"section-mobile-img\"><img decoding=\"async\" src=\"\/vevor\/product\/TSGJYZJBXG6L26ASI\/fruit-wine-press-a100-2.4-m.jpg\" alt=\"detachable and washable VEVOR fruit wine press barrel being rinsed under a kitchen faucet.\" \/><\/div><div class=\"section-desc\">Our honey press is designed with detachable inner and outer barrels, making cleanup as simple as a quick rinse. It's all about enjoying the juice without the mess!<\/div><\/div><div class=\"section\"><div class=\"section-title\"><\/div><div class=\"section-img\"><img decoding=\"async\" src=\"\/vevor\/product\/TSGJYZJBXG6L26ASI\/fruit-wine-press-a100-2.5.jpg\" alt=\"VEVOR fruit wine press with 1.5-gallon capacity, various uses: fruit juice, cheese, herbs, olive oil.\" \/><\/div><div class=\"section-mobile-img\"><img decoding=\"async\" src=\"\/vevor\/product\/TSGJYZJBXG6L26ASI\/fruit-wine-press-a100-2.5-m.jpg\" alt=\"VEVOR fruit wine press with 1.5-gallon capacity, various uses: fruit juice, cheese, herbs, olive oil.\" \/><\/div><div class=\"section-desc\">M\u016bs\u0173 vyno spauda gali b\u016bti naudojamas paspauskite vaisi\u0173 ir dar\u017eovi\u0173 sul\u010di\u0173, s\u016brio, vaisi\u0173 tyr\u0117s, alyvuogi\u0173 aliejus, ir daugiau.<\/div><\/div><div class=\"section\"><div class=\"section-img\"><img decoding=\"async\" src=\"\/vevor\/product\/TSGJYZJBXG6L26ASI\/fruit-wine-press-a100-1.11.jpg\" alt=\"VEVOR fruit wine press with dimensions, capacities, and weights, including food-grade filter screens.\" \/><\/div><div class=\"section-mobile-img\"><img decoding=\"async\" src=\"\/vevor\/product\/TSGJYZJBXG6L26ASI\/fruit-wine-press-a100-1.11-m.jpg\" alt=\"VEVOR fruit wine press with dimensions, capacities, and weights, including food-grade filter screens.\" \/><\/div><\/div><\/div><\/body><\/html><\/div>\n<div class=\"DM_at-title\" id=\"js-DM_at-title\"> <div>Produkto specifikacija<\/div> <i class=\"icon-arrowup_line\"><\/i> <\/div><div class=\"DM_at-goodsDescAttr\" id=\"js-DM_at-goodsDescAttr\"> <div class=\"DM_at-goodsDescAttrInner\"> <dl class=\"goodsDesc_item goodsDesc_item_even\"> <dt>Prek\u0117s Modelio Numeris<\/dt> <dd> YZQ-6A<\/dd> <\/dl> <dl class=\"goodsDesc_item\"> <dt>Vidinis Barel\u012f Dydis<\/dt> <dd> 6.88 x 5.51 \u012f\/17.5 x 14 cm<\/dd> <\/dl> <dl class=\"goodsDesc_item goodsDesc_item_even\"> <dt>I\u0161orinis Barel\u012f Dydis<\/dt> <dd> 8.66 x 5.62 \u012f\/22 x 14.3 cm<\/dd> <\/dl> <dl class=\"goodsDesc_item\"> <dt>Produkto Svoris<\/dt> <dd> 9.7 svar\u0173\/4.4 kg<\/dd> <\/dl> <dl class=\"goodsDesc_item goodsDesc_item_even\"> <dt>Vidinis Barel\u012f Talpa<\/dt> <dd> 0.88 gal\/3.36 L<\/dd> <\/dl> <dl class=\"goodsDesc_item\"> <dt>I\u0161orinis Barel\u012f Talpa<\/dt> <dd> 1.5 gal\/5.5 L<\/dd> <\/dl> <dl class=\"goodsDesc_item goodsDesc_item_even\"> <dt>Gaminio Matmenys<\/dt> <dd> 11.8 x 12.6 x 16.9 in\/30 x 32 x 43 cm<\/dd> <\/dl> <\/div> <\/div>","protected":false},"excerpt":{"rendered":"<ul>\n<li> Meet Your Juicing Power-up: Packed with a thick stainless steel press plate, our fruit wine press enhances the pressure to give you a more thorough juice extraction compared to traditional cloth squeezing. Now, you can whip up a cup of fresh, natural juice in minutes. It&#8217;s all about efficiency and a fun time in your kitchen or winery! <\/li>\n<li> Ne Ph. D. Reikalinga: Tai vaisi\u0173 vynas vadovas paspauskite v\u0117jas veikti. Tiesiog \u012fkelti savo pjaustyt\u0173 vaisi\u0173 ir veggies \u012f filtro mai\u0161elis, suteikti reguliuojamas T-formos rankena geras \u017eemyn, pasukti, ir voila \u2013 \u0161vie\u017ei\u0173 sul\u010di\u0173, j\u016bs\u0173 paslaugoms! Mes pasisteng\u0117me tai ne raket\u0173 mokslas, tiesiog skan\u0173 lengva. Pastaba: Vynuog\u0117s\/apelsinai turi b\u016bti nulupti ir supjaustyti \u012f ma\u017eus gabaliukus prie\u0161 spausdami. Sunku vaisi\u0173, toki\u0173 kaip obuoli\u0173\/mork\u0173 turi b\u016bti ko\u0161e prie\u0161 spausdami. <\/li>\n<li> Built Like a Champ: The handle, press plate, inner barrel, and outer barrel are made of food-grade stainless steel, ready for the long haul and standing up to corrosion and wear. With an aluminum triangular base and bracket, this fruit and wine press ensures stability and impact resistance. FDA-certified, it&#8217;s a tough cookie that prioritizes your security. <\/li>\n<li> V\u0117jas Valyti: Valymas yra taip pat lengva, kaip operacija. Vidin\u0117s ir i\u0161orin\u0117s bareli\u0173 vyn\u0105, vynuogi\u0173 spauda gali b\u016bti i\u0161montuotos lengvas valymas. Pagamintas i\u0161 ner\u016bdijan\u010dio plieno, greitai nuplaukite bus nuplauna maisto padugn\u0117s, paliekant \u012franga \u0161var\u016bs ir blizga. Arba, tiesiog \u012fd\u0117kite juos indaplov\u0117je u\u017e lengvas valymas. <\/li>\n<li> Galutinis Sul\u010di\u0173 Multi-Tasker: M\u016bs\u0173 vyno paspauskite nesibaigia vaisi\u0173 ir dar\u017eovi\u0173. J\u016bs galite kurti vaisi\u0173 vyno, s\u016brio, vaisi\u0173 tyr\u0117s, alyvuogi\u0173 aliejus, ir net \u017eol\u0117s. I\u0161spausti kiekvienai progai su gal 1.5\/5.5 L i\u0161orinis barel\u012f geb\u0117jimus ir 0.88 gal\/3.36 L vidin\u0117s barel\u012f talpa, nesvarbu, ar tai \u0161eimos susib\u016brimo, ferm\u0105, restoran\u0105, arba \u0161vie\u017ei\u0173 sul\u010di\u0173 parduotuv\u0117je \u2013 j\u016bs\u0173 juicing kompanionas yra \u010dia. <\/li>\n<\/ul>","protected":false},"featured_media":268719,"comment_status":"closed","ping_status":"open","template":"","meta":{"om_disable_all_campaigns":false,"_monsterinsights_skip_tracking":false,"_monsterinsights_sitenote_active":false,"_monsterinsights_sitenote_note":"","_monsterinsights_sitenote_category":0,"_uf_show_specific_survey":0,"_uf_disable_surveys":false},"location":[1935,1934],"product_brand":[21],"product_cat":[2445,3372,2768,2449],"product_tag":[],"class_list":{"0":"post-16761","1":"product","2":"type-product","3":"status-publish","4":"has-post-thumbnail","6":"location-supplier_stock_location","7":"location-local_stock_location","8":"product_brand-vevor","9":"product_cat-appliances","10":"product_cat-fruit-wine-press-juicers","11":"product_cat-juicers","12":"product_cat-small-kitchen-appliances","14":"first","15":"outofstock","16":"taxable","17":"shipping-taxable","18":"purchasable","19":"product-type-simple"},"aioseo_notices":[],"jetpack_sharing_enabled":true,"locations":[{"id":1935,"name":"Pieg\u0101d\u0101t\u0101ja noliktav\u0101 (5-7d.d.)","slug":"supplier_stock_location","quantity":"0"},{"id":1934,"name":"R\u012bgas veikal\u0101 (0-2d.d.)","slug":"local_stock_location","quantity":"0"}],"_links":{"self":[{"href":"https:\/\/vevorshop.lv\/lt\/wp-json\/wp\/v2\/product\/16761","targetHints":{"allow":["GET"]}}],"collection":[{"href":"https:\/\/vevorshop.lv\/lt\/wp-json\/wp\/v2\/product"}],"about":[{"href":"https:\/\/vevorshop.lv\/lt\/wp-json\/wp\/v2\/types\/product"}],"replies":[{"embeddable":true,"href":"https:\/\/vevorshop.lv\/lt\/wp-json\/wp\/v2\/comments?post=16761"}],"wp:featuredmedia":[{"embeddable":true,"href":"https:\/\/vevorshop.lv\/lt\/wp-json\/wp\/v2\/media\/268719"}],"wp:attachment":[{"href":"https:\/\/vevorshop.lv\/lt\/wp-json\/wp\/v2\/media?parent=16761"}],"wp:term":[{"taxonomy":"location","embeddable":true,"href":"https:\/\/vevorshop.lv\/lt\/wp-json\/wp\/v2\/location?post=16761"},{"taxonomy":"product_brand","embeddable":true,"href":"https:\/\/vevorshop.lv\/lt\/wp-json\/wp\/v2\/product_brand?post=16761"},{"taxonomy":"product_cat","embeddable":true,"href":"https:\/\/vevorshop.lv\/lt\/wp-json\/wp\/v2\/product_cat?post=16761"},{"taxonomy":"product_tag","embeddable":true,"href":"https:\/\/vevorshop.lv\/lt\/wp-json\/wp\/v2\/product_tag?post=16761"}],"curies":[{"name":"wp","href":"https:\/\/api.w.org\/{rel}","templated":true}]}}