{"id":16830,"date":"2024-11-18T03:19:58","date_gmt":"2024-11-18T03:19:58","guid":{"rendered":"http:\/\/vevorshop.edigo.lv\/Prece\/vevor-diesel-air-heater-12v-2kw-bluetooth-app-lcd-display-for-car-bus-rv-indoors\/"},"modified":"2026-04-22T14:00:55","modified_gmt":"2026-04-22T11:00:55","slug":"vevor-diesel-air-heater-12v-2kw-bluetooth-app-lcd-display-for-car-bus-rv-indoors","status":"publish","type":"product","link":"https:\/\/vevorshop.lv\/lt\/Prece\/vevor-dyzelinis-oro-sildytuvas-12v-2kw-bluetooth-app-lcd-ekranas-automobiliu-autobusu-rv-patalpose\/","title":{"rendered":"VEVOR 12V 2KW dyzelinis oro \u0161ildytuvas su Bluetooth valdymu, LCD, nuotolinio valdymo pultu, auk\u0161\u010dio reguliavimu kemperiams, valtims"},"content":{"rendered":"<div style=\"color: #fff!important; font-size: 16px; height: 24px; line-height: 24px; margin-top: -24px; \" class=\"product_original_name\">VEVOR Bluetooth App Control Dyzelinis oro \u0161ildytuvas, 12V 2KW dyzelinis \u0161ildytuvas su automatiniu auk\u0161\u010dio reguliavimu, nuotolinio valdymo pultu ir LCD, dyzelinis parkavimo \u0161ildytuvas RV priekabos kemperiui Van Boat<\/div>\n<div style=\"color: #fff!important; font-size: 16px; height: 24px; line-height: 24px; margin-top: -24px; \" class=\"product_sku\">M4I4KIEK<\/div>\n<div style=\"color: #fff!important; font-size: 16px; height: 24px; line-height: 24px; margin-top: -24px; \" class=\"product_mpn\">ZCJRQFT12V2KWF2BYV9<\/div><div id=\"js-DM_at-goodDescRich\"><html><head><style>  body {    font-family: Arial;    line-height: 1.5;    color: #1c1c1c;    overflow-x: hidden;    margin: 0;    padding: 0;  }  .MsoNormal b {    font-weight: bolder;  }<\/style><style>  .container.small {    width: 970px;    margin: 0 auto;  }  .logo {    margin: 0 auto 0;  }  .logo img {    display: block;    margin: 0 auto;    max-width: 100%;  }  .logo .pc-banner {    display: block;    width: 1200px;    height: 247.4px;    margin: 0 auto;  }  .logo .pc-banner.small {    width: 970px;  }  .logo .pc-banner.small img {    height: auto!important;  }  .logo .m-banner {    display: none;  }  .ytvideo {    position: relative;    height: 546px;    width: 100%;    margin: 0 auto;  }  .ytvideo img {    width: 100%;    margin: 0 auto;  }  .ytvideo .play-btn {    width: 60px;    height: 42px;    position: absolute;    top: 50%;    left: 50%;    transform: translate(-50%, -50%);    background: url(\"data:image\/png;base64,iVBORw0KGgoAAAANSUhEUgAAAGQAAABGCAMAAAANWMFbAAAC+lBMVEUAAADBGB3kLCfBGB3kLCfcJC7BFx3KKSbiKybkLCbWJCPSIiLSIiLPICHAFx3kLCfgKSXNHiDZJiTIGx\/p4eHcjo7LHSDbJyTkLCbjKyfOHyHPIiL28fHJHB\/GGh7EGR7eKCXDGB3RISHlLSbBGB3AFxzGHB7DGB7BGB3hKybkKybAFx3lLCfAFxzDGR3hKibDGB7cJyTmz8\/elJTlwcHjurrUIyLlLSflLSfAFx3DGR7lLSfCFx3hKibhKibhKybjKybkLCblLSfbJSX49vbx7e3NNzjNMTLMJyjVIyLZf3\/ZQ0LaeHjx0tLgoqLkLCfCGB3HGx\/BGB3BFx3PICHCGB7WJCLOHyC\/Fxy\/Fx3lLCfQISHkLSe\/FxzbJiTBFx3FGx\/AGB7BFx3EGR7AGB3HHSDfKiXAFh3TISHYNzbhKibbJyTTIiL57e325+f039\/v2NjUV1fOHiHiqanfmprch4feKSXVIyPOICHmLibFGh\/mLSe\/Fx7XJCPeKSXXJSPNHyHaJyTGGh7lLCbmLCflLSjSIiLkLCbdKSXLHiC\/GB3KHh++Fh3lKyfoLiXcKCPkx8fYb2\/XaGfVXl3aU1LLHiDksbHgKibPICHbJyTfKSXbJyTCGB3KHSDiKybFGh7TIiL\/\/\/\/VIyPRISHIHB\/GGx\/HHB\/DGR7gKibdKCXLHiDZJiTMHiDNHyHYJSTOICHPICHWJCPcKCXXJSPjLCblLCf+\/f3NGR\/uLijzLynPGR\/IGB7WISHaIyLLGh7UAADxLynNAADRLzDbICLQAADIAAD3MCrUHSHXMTDpKSbLAADp5OTij4\/ejo\/VLy\/1LyngJSTcJCPQHx\/OHB7+\/PzaMS\/OLS\/vLijrLSjSAADaNTPwLyjkKSbNJCbYISHPHB\/KGB7WAAD7+vrn3d3aKynTKCjoLCfsKifRGh\/YAADq5+fhjo7QNDXXKCfmJyXt5+fTLzDLLi\/QKivYHRvMGBrQJCXLISPMExXLDxLaEAvkkI\/bOTfaFQ\/SCgpvLcnHAAAAmnRSTlMA+vv7+gT9Bvf9+8z8\/NSv\/Pr5+P7++vnQIBMP\/v38\/Pn348XDiCYf9OjbzcqxXVcx\/fz8+\/rj1r2poo1+fXFqX0orGP7+\/v7+\/fz8+\/r68uzn4trIxsG\/vri3p6GcmZSNbWVYUUZEPQv+\/f39+\/v7+\/v7+vr64tvV1NTTz87FtbSurqeblJKFg4B3bUY+NjL7+\/v7+\/v67t1cDo8JLQAABkRJREFUWMO0kz9rwkAYh0OIeJkum6YugUAhISCdKoj\/P4C7SMdS+gEKIhSKil10LSg4mzXkILdlEpxCpwTiWOLX6BujvQaEQuGeHLnL+\/64J+SIcKGYTYWnntpdLjrVdqvZmNdn0+EE40GtpuuWVS6Xx6N7YDSGpWXpeq02wHgynM7q80az1a52HpddtVcpsi1zFARBrdaxbhp9iUReTGmwA4KAAr7vx3EYejnCMI6hQYEgy0LQi4jUN0wL19vqFcUC9\/1dAKmEEFkWRYkh5oBejnxQJiSJPJ\/uKBp0Thszx9Mw8hMRIQjKsptCfuES9zr5WJY6vSFCIvE9fCMUmEM1A1kSXcYGxgVYsvI1IPKTZciSTI0us\/SMGG04gDzELDoFBwdcFJrF88dqgYMTiL6DILWYyfOWE8\/kIz38olCNlC03FK95+imxp6y4oUSvAnBjHHhKNtotSDqJzVFiK8c2SBqhZtsrTtgrLXwAyduxZHNE26eHUt5rtuM4WSmds3G+sUdWYo1L+XyxButoh5eKUHk5lByO3G1LqqCWVnfrv\/lyPtf\/4ps1cndNGIri8J1TJ0lx6dR\/oPjq1nbRwdp2dCk4CtIOLW3pVKRL6WZfS5vF2KkIQhpwSsjiYIgNCs1gEMGqiIq24NQX9NwoXFy8Ufrl3twTcg4fv8T9\/JBEySduj6Mjm4bMzYV7EEOxKjjoNDud7yY3Dy71Hq2oLmqfbNR723edH9PgMrNL2utoQ3VmaIDkiw\/4w51P06hlZsTZvkRrbVuSIs\/zwSOsycgzStQouoAkWQqioRT5XI7n2Z1wfVhoZmcAJLsoqjqpjbWCgpOAJXBwHK8PzWbNvoUZJND5wCnSkLAkZ1legx6vqQzjoiTahKlGUGLAiIIoABOHaNVw4sexZBym6\/HWlH5h3IC7yRbxtipcWxdTOkORKiNQAEkFf66x5S2oeRbroOlLgg0sSYkR0hRGEqJZ0jTPiQKatESdBckpWigxaapEH0lImHdWu9pUFF2XqMNM2Z4kped7IwEJw2qabwtrQqnpw6HyKkgcadKWsmpywwesDyIhYRpdzXddqegtGIJlXbAIUMOLkGxJUjRIkokwjUaX9d\/kK62ps\/tYUqZLIMkLTyBhsMZ3C5Z\/kDxOSCb\/DOs\/\/J0qcWSX\/2ipe56EgTCA4\/cB7NAYOsni4mZM1MUPAISoEwkDi4lhVBQ1cWQyIcwalw4EpqZN68JUSK7XC0kTlkLYii5uXSC8jT5ncCAS7mjCv0uHp\/3lueHEEAeQ\/\/VgmdN71\/2uCSA1Xr6DO6uI6sW56zqT2tp2PhgiRUAajV8CY2fkcz6WGNKMgLAt7tJAhD4YHMTeRxlALE6+43WqjSWi8ITxyJl8WrwWSNESQZZOqhDDntO3hJLsd5RtSpbJqdv3YrDJH3F7jL1R2O2aQkn2MyCyKYz0GPGIvSAMgBCrCEiJyKbBaYGwLW4uPRr0A0M4Ux5kUI7IBh+hMdiCEWNqhMZGyYMsOgNE58UQuEQeUnSWCMYwL54hkxK6IoqucQZbQ3pc3XtL0lky1dL0zZJJDpWJovFqpWj6JEHnyam2eQp5QRVAVHjWparTOaVwUOx99YS2MvgxIGV0bb+qIg2HX2qkFFJB+XZcbLiuRkuxD9GRroKyveLxdh4d7Orx+hb7qc3uVRuEogCOnyIxm4ubUoPgF4jianDrC+SDQDKEfJb0GUKmjCGPYHGJvVC6X4hw1\/sAfQAdfYyephIaspXe36RwOP+Ljvfx9B6B3i+Nk0DGq+oCbLn6JpBa9nWAveAIHwFAwtVcIJXPMPL8kRu5OAYPMaL1WScTxjiZDqB9LTJSWphow\/pTYKRTLjCBhvi9iBidvKcDasGSm0QQkycYuLBqj6QCELPctqChDWpTRMWkngNNpQ1Pfp1KkiT\/Y0DGffXAweUNfLAfaJFKDwhb6I+bkYRbkERoEeu3Fyjg2opMz2daZCS9jt6Q7txNfB+OZEVF6Zl5web2xunnLQrtrjXseXKaFYziYINeMFZVxS9VxRhOoesYwxPKXm+gWLG9cuFeq93UNNeJNsf1KlwuDok9n02n3TgIJpOxNfL9naIoQwXtfH9kjceTIIi709ncTg6LZbg+biLH1V6u\/7rxBem06VXKn9raAAAAAElFTkSuQmCC\")      no-repeat center center \/ contain;  }  @media screen and (max-width: 960px) and (orientation: portrait) {    .logo {      width: 100%;    }    .logo .pc-banner {      display: none;    }    .logo .m-banner {      display: block;      width: 100%;    }    .logo .m-banner img {      height: auto!important;    }    .ytvideo {      height: 200px;      width: 100%;    }  }<\/style><style>  .video-section {    width: 100%;    margin: 0 auto;  }  .video-section > img {    width: 100%;  }  .video-section iframe,  .video-section video {    width: 100%;    height: 100%;      }  .video-section-img-m,  .video-section-img-pc > img {    width: 100%;    height: auto;  }  .video-section-img-pc.small > img {    width: 970px;  }  .video-desc {    line-height: 1.5;    font-size: 20px;    font-weight: 400;    margin: 20px 0;    text-align: center;    color: #0f1111;    word-break: break-word;  }  @media screen and (max-width: 960px) and (orientation: portrait) {    .video-section {      width: 100%;    }    .video-section-pc,    .video-section-img-pc {      display: none;    }    .video-section-m,    .video-section-img-m {      display: block;    }    .video-desc {      font-size: 15px;    }  }  @media screen and (min-width: 960px) {    .video-section {      width: 100%;      margin: 0 auto;    }    .video-section-pc,    .video-section-img-pc {      display: block;    }    .video-section-m,    .video-section-img-m {      display: none;    }    .video-desc {      font-size: 20px;    }  }<\/style><style>  .section + .section {    margin-top: 35px;  }  .section-title {    text-align: center;    font-weight: bold;    color: #0d1111;    font-family: \"Arial\";    font-size: 32px;    margin: 15px 0;  }  .section-title:empty {    display: none;  }  .section-desc {    text-align: center;    font-weight: normal;    color: #0d1111;    margin-top: 20px;  }  .section-desc:empty {    display: none;  }  .section-img {    width: 1200px;    height: 492px;    margin: 0 auto;    display: block;  }  .section-img.small {    width: 970px;    height: auto;  }  .section-img.small > img {    height: auto;  }  .section-img > img {    width: 100%;    height: 100%;  }  .section-mobile-img {    display: none;    max-width: 100vw;    max-height: 75vw;    height: 450px;    margin: 0 auto;  }  .section-mobile-img > img {    width: 100%;    height: 100%;  }  @media screen and (max-width: 960px) and (orientation: portrait) {    .container {      width: 100%;    }    .container.small {      width: 100%;    }    .section-mobile-img {      display: block;    }    .section-img {      display: none;    }    .section-title {      font-size: 22px;      margin: 10px 0;    }    .section-desc {      margin-top: 10px;    }    .section + .section {      margin-top: 20px;    }  }<\/style><\/head><body><div class=\"container\"><div class=\"logo\"><div class=\"pc-banner\"><div><img decoding=\"async\" src=\"\/vevor\/vevor\/boutique-banner\/pc\/en-pc@1x.jpg\" style=\"width: 100%;\" \/><\/div><\/div><div class=\"m-banner\"><div><img decoding=\"async\" src=\"\/vevor\/vevor\/boutique-banner\/mobile\/en-m@1x.jpg\" style=\"width: 100%;\" \/><\/div><\/div><\/div><div class=\"section-title\">Likti \u0161iltas ir jaukus, nesvarbu, kur esate<\/div><div class=\"video-section\"><video class=\"video-section-pc\" controls poster=\"\/vevor\/product\/ZCJRQFT12V2KWF2BY\/diesel-heater-a100-1.4.jpg\"><source src=\"\/vevor\/product\/ZCJRQFT12V2KWF2BY\/diesel-heater-tvc2.mp4\" type=\"video\/mp4\" \/><\/video><video class=\"video-section-m\" controls poster=\"\/vevor\/product\/ZCJRQFT12V2KWF2BY\/diesel-heater-a100-1.4-m.jpg\"><source src=\"\/vevor\/product\/ZCJRQFT12V2KWF2BY\/diesel-heater-tvc2.mp4\" type=\"video\/mp4\" \/><\/video><div class=\"section-desc\">Nebereikia k\u0119sti diskomforto va\u017eiuojant \u0161altu oru. VEVOR dyzelinis \u0161ildytuvas yra puikus sprendimas j\u016bs\u0173 automobiliui, kemperiui, sunkve\u017eimiui ir kt. Jis greitai tiekia nuolatin\u012f \u0161ilto oro sraut\u0105, pa\u0161alindamas \u0161alt\u0105 atmosfer\u0105 j\u016bs\u0173 transporto priemon\u0117je ir u\u017etikrindamas jauk\u0173 kelion\u0119.<\/div><\/div><div class=\"section\"><div class=\"section-title\"><\/div><div class=\"section-img\"><img decoding=\"async\" src=\"\/vevor\/product\/ZCJRQFT12V2KWF2BY\/diesel-heater-a100-2.2.jpg\" \/><\/div><div class=\"section-mobile-img\"><img decoding=\"async\" src=\"\/vevor\/product\/ZCJRQFT12V2KWF2BY\/diesel-heater-a100-2.2-m.jpg\" \/><\/div><div class=\"section-desc\">M\u016bs\u0173 dyzelinis oro \u0161ildytuvas ateina su automatiniu auk\u0161\u010dio kompensacij\u0105, kuri leid\u017eia, kad jis veikt\u0173 efektyviai auk\u0161tyje iki 18,045 koj\u0173\/5,500 metr\u0173. M\u0117gautis naud\u0105 stabili kuro tiekimo ir \u017eemas triuk\u0161mo lygis, sukurti \u0161ilt\u0105 ir taiki\u0105 aplink\u0105 j\u016bs\u0173 komfortas<\/div><\/div><div class=\"section\"><div class=\"section-title\"><\/div><div class=\"section-img\"><img decoding=\"async\" src=\"\/vevor\/product\/ZCJRQFT12V2KWF2BY\/diesel-heater-a100-2.3.jpg\" \/><\/div><div class=\"section-mobile-img\"><img decoding=\"async\" src=\"\/vevor\/product\/ZCJRQFT12V2KWF2BY\/diesel-heater-a100-2.3-m.jpg\" \/><\/div><div class=\"section-desc\">M\u016bs\u0173 atnaujintas dyzelinis \u0161ildytuvas dabar turi &#034;Bluetooth&#034; kontrol\u0117s didesnis patogumas. Atsisi\u0173sti program\u0105 \u012f \u012fkaitinkite j\u016bs\u0173 \u0161ildytuvas i\u0161 iki 98 ft\/30 m atstumu, arba naudoti komplekte 32 ft\/10 m nuotolinio valdymo ir LCD<\/div><\/div><div class=\"section\"><div class=\"section-title\"><\/div><div class=\"section-img\"><img decoding=\"async\" src=\"\/vevor\/product\/ZCJRQFT12V2KWF2BY\/diesel-heater-a100-2.4.jpg\" \/><\/div><div class=\"section-mobile-img\"><img decoding=\"async\" src=\"\/vevor\/product\/ZCJRQFT12V2KWF2BY\/diesel-heater-a100-2.4-m.jpg\" \/><\/div><div class=\"section-desc\">Atsisveikinti su triuk\u0161minga \u0161ildymo sistemos ir sveiki ramioje komfort\u0105 m\u016bs\u0173 ma\u017eai triuk\u0161mo dyzelinis oro \u0161ildytuvas. M\u0117gautis taikiai \u0161ildymo kokioje aplinkoje ir priimti tobul\u0105 harmonij\u0105 \u0161ilumos ir ramyb\u0117s \u0161iandien!<\/div><\/div><div class=\"section\"><div class=\"section-title\"><\/div><div class=\"section-img\"><img decoding=\"async\" src=\"\/vevor\/product\/ZCJRQFT12V2KWF2BY\/diesel-heater-a100-2.5.jpg\" \/><\/div><div class=\"section-mobile-img\"><img decoding=\"async\" src=\"\/vevor\/product\/ZCJRQFT12V2KWF2BY\/diesel-heater-a100-2.5-m.jpg\" \/><\/div><div class=\"section-desc\">M\u016bs\u0173 dyzelinio \u0161ildytuvo montavimas yra v\u0117jas. Be vargo galite j\u012f nustatyti pageidaujamoje vietoje naudodami vartotojo vadov\u0105 Nesvarbu, ar esate automobilyje, RV ar sunkve\u017eimyje, \u0161iluma greitai pasim\u0117gausite.<\/div><\/div><div class=\"section\"><div class=\"section-img\"><img decoding=\"async\" src=\"\/vevor\/product\/ZCJRQFT12V2KWF2BY\/diesel-heater-a100-1.11.jpg\" alt=\"VEVOR dyzelinis oro \u0161ildytuvas komponentai: oro filtras, kuro siurblys, nuotolinio valdymo pultas, i\u0161metam\u0173j\u0173 duj\u0173 triuk\u0161mo slopintuvas, lcd skydelis.\" \/><\/div><div class=\"section-mobile-img\"><img decoding=\"async\" src=\"\/vevor\/product\/ZCJRQFT12V2KWF2BY\/diesel-heater-a100-1.11-m.jpg\" alt=\"VEVOR dyzelinis oro \u0161ildytuvas komponentai: oro filtras, kuro siurblys, nuotolinio valdymo pultas, i\u0161metam\u0173j\u0173 duj\u0173 triuk\u0161mo slopintuvas, lcd skydelis.\" \/><\/div><\/div><\/div><\/body><\/html><\/div>\n<div class=\"DM_at-title\" id=\"js-DM_at-title\"> <div>Produkto specifikacija<\/div> <i class=\"icon-arrowup_line\"><\/i> <\/div><div class=\"DM_at-goodsDescAttr\" id=\"js-DM_at-goodsDescAttr\"> <div class=\"DM_at-goodsDescAttrInner\"> <dl class=\"goodsDesc_item goodsDesc_item_even\"> <dt>Prek\u0117s Modelio Numeris<\/dt> <dd> XMZ-D2<\/dd> <\/dl> <dl class=\"goodsDesc_item\"> <dt>Veiklos Vartojimas<\/dt> <dd> 12V\/3A<\/dd> <\/dl> <dl class=\"goodsDesc_item goodsDesc_item_even\"> <dt>\u0160ildymo Galia<\/dt> <dd> 2KW<\/dd> <\/dl> <dl class=\"goodsDesc_item\"> <dt>Kuro S\u0105naudos<\/dt> <dd> 0.12-0.26 L\/H<\/dd> <\/dl> <dl class=\"goodsDesc_item goodsDesc_item_even\"> <dt>Degal\u0173 Bako T\u016bris<\/dt> <dd> 10 L\/Gal 2.6<\/dd> <\/dl> <dl class=\"goodsDesc_item\"> <dt>Valdymo Metodas<\/dt> <dd> LCD+Nuotolinio Valdymo pultas+ &#034;Bluetooth&#034; PROGRAM\u0104<\/dd> <\/dl> <dl class=\"goodsDesc_item goodsDesc_item_even\"> <dt>Reguliuojamas Temperat\u016bros Diapazonas<\/dt> <dd> 46\u2109-96.8\u2109\/8\u2103-36\u2103<\/dd> <\/dl> <dl class=\"goodsDesc_item\"> <dt>Darbin\u0117 Temperat\u016bra<\/dt> <dd> -104\u2109-104\u2109\/-40\u2103-40\u2103<\/dd> <\/dl> <dl class=\"goodsDesc_item goodsDesc_item_even\"> <dt>Taikoma Auk\u0161tis<\/dt> <dd> \u017demiau 5500 m\/18045 ft<\/dd> <\/dl> <dl class=\"goodsDesc_item\"> <dt>BTU<\/dt> <dd> 108-161ft2\/10-15 m2<\/dd> <\/dl> <dl class=\"goodsDesc_item goodsDesc_item_even\"> <dt>Neto Svoris<\/dt> <dd> 11 kg\/5 kg<\/dd> <\/dl> <dl class=\"goodsDesc_item\"> <dt>Oro I\u0161leidimo Vamzd\u017eio Vidinio Skersmens<\/dt> <dd> 3\/76,5 mm<\/dd> <\/dl> <dl class=\"goodsDesc_item goodsDesc_item_even\"> <dt>Gaminio Dydis<\/dt> <dd> 13.4 x 4.5 x 5.5 cm\/340\u00d7115\u00d7140 mm<\/dd> <\/dl> <\/div> <\/div>","protected":false},"excerpt":{"rendered":"<ul>\n<li> Efektyvus \u0161ildymas: \u0161ildytuvo galia: 2 KW; Nominali \u012ftampa: 12 V. Taikomas diapazonas: 108-161 ft\u00b2\/10-15 m\u00b2 M\u016bs\u0173 dyzelinis oro \u0161ildytuvas priima sm\u0117liavimo aliuminio \u0161ilumokait\u012f, skirt\u0105 greitai \u0161ilumos gamybai ir perdavimui, u\u017etikrinant patogi\u0105 temperat\u016br\u0105 j\u016bs\u0173 transporto priemon\u0117s ar valties viduje per 10 minu\u010di\u0173. <\/li>\n<li> Telefonas=Valdytojas: M\u016bs\u0173 v\u0117liausiai atnaujintas dyzelinis \u0161ildytuvas funkcijos, patobulintas &#034;Bluetooth&#034; kontrol\u0117s dar didesn\u012f patogum\u0105. Tiesiog atsisi\u0173sti program\u0105 ir \u012fgyti kontrol\u0119 \u012f \u012fkaitinkite j\u016bs\u0173 \u0161ildytuvas i\u0161 atstumas iki 98 ft\/30 m. Ir ji taip pat ateina su 32 ft\/10 m nuotolinio valdymo ir LCD; pasirinkti j\u016bs\u0173 patogu kontrol\u0117s metodas. Temperat\u016bra gali b\u016bti koreguojama nuo 46 \u00b0F-96.8 \u00b0F\/8 \u00b0C-36 \u00b0C, maitinimas j\u016bs\u0173 specifinius poreikius. <\/li>\n<li> Automatin\u0117 Auk\u0161\u010dio Kompensacija: M\u016bs\u0173 dyzelinis oro \u0161ildytuvas yra \u012frengta automatin\u0117 auk\u0161\u010dio kompensavimo, tod\u0117l jis tinkamas i\u0161laikyti iki 18,045 koj\u0173\/5,500 metr\u0173. Jis reguliuoja savo veikim\u0105, remiantis auk\u0161tis vir\u0161 j\u016bros lygio, taigi jums nereik\u0117s rankiniu b\u016bdu kontroliuoti j\u0105. M\u0117gautis besi\u016bli\u0173 \u0161ildymo na\u0161um\u0105 net ir dideliame auk\u0161tyje aplinkoje. <\/li>\n<li> Ma\u017eas energijos suvartojimas ir didelis na\u0161umas: sutaupykite degal\u0173 s\u0105naud\u0173 naudodami m\u016bs\u0173 dyzelinio \u0161ildytuvo tiksl\u0173 ma\u017eo triuk\u0161mo kuro siurbl\u012f, sunaudodami ma\u017eiau nei 1 galon\u0105 per nakt\u012f ir suma\u017eindami degal\u0173 s\u0105naudas iki 0,12 L-0,26 L\/val. Su 10 L\/2,6 gal didel\u0117s talpos degal\u0173 baku dyzelinis oro \u0161ildytuvas gali nuolat \u0161ildyti iki 38 valand\u0173, maksimaliai padidindamas degal\u0173 efektyvum\u0105 ir suma\u017eindamas energijos \u0161vaistym\u0105. <\/li>\n<li> Saugus ir patikimas: m\u016bs\u0173 dyzelinis oro \u0161ildytuvas pasi\u017eymi auk\u0161to saugumo sistema, leid\u017eian\u010dia be r\u016bpes\u010di\u0173 naudoti \u012fvairiose aplinkose, tokiose kaip automobiliai, RV ir laivai. Jis u\u017etikrina nuolatin\u0119 temperat\u016bros kontrol\u0119, laiko funkcij\u0105, balso transliacij\u0105, i\u0161ankstin\u012f \u0161ildym\u0105 ir apsaug\u0105 nuo perkaitimo esant \u2265270 \u00b0C\/518 \u00b0F, u\u017etikrindamas saugi\u0105 ir patogi\u0105 patirt\u012f vis\u0105 nakt\u012f. <\/li>\n<\/ul>","protected":false},"featured_media":268821,"comment_status":"closed","ping_status":"open","template":"","meta":{"om_disable_all_campaigns":false,"_uf_show_specific_survey":0,"_uf_disable_surveys":false},"location":[1935,1934],"product_brand":[21],"product_cat":[3062,3061,2986,2527,3060],"product_tag":[],"class_list":{"0":"post-16830","1":"product","2":"type-product","3":"status-publish","4":"has-post-thumbnail","6":"location-supplier_stock_location","7":"location-local_stock_location","8":"product_brand-vevor","9":"product_cat-diesel-heater-gas-heaters","10":"product_cat-gas-heaters","11":"product_cat-heaters","12":"product_cat-heating-venting-cooling","13":"product_cat-space-heaters","15":"first","16":"instock","17":"taxable","18":"shipping-taxable","19":"purchasable","20":"product-type-simple"},"aioseo_notices":[],"locations":[{"id":1935,"name":"Pieg\u0101d\u0101t\u0101ja noliktav\u0101 (5-7d.d.)","slug":"supplier_stock_location","quantity":"207"},{"id":1934,"name":"R\u012bgas veikal\u0101 (0-2d.d.)","slug":"local_stock_location","quantity":"0"}],"_links":{"self":[{"href":"https:\/\/vevorshop.lv\/lt\/wp-json\/wp\/v2\/product\/16830","targetHints":{"allow":["GET"]}}],"collection":[{"href":"https:\/\/vevorshop.lv\/lt\/wp-json\/wp\/v2\/product"}],"about":[{"href":"https:\/\/vevorshop.lv\/lt\/wp-json\/wp\/v2\/types\/product"}],"replies":[{"embeddable":true,"href":"https:\/\/vevorshop.lv\/lt\/wp-json\/wp\/v2\/comments?post=16830"}],"wp:featuredmedia":[{"embeddable":true,"href":"https:\/\/vevorshop.lv\/lt\/wp-json\/wp\/v2\/media\/268821"}],"wp:attachment":[{"href":"https:\/\/vevorshop.lv\/lt\/wp-json\/wp\/v2\/media?parent=16830"}],"wp:term":[{"taxonomy":"location","embeddable":true,"href":"https:\/\/vevorshop.lv\/lt\/wp-json\/wp\/v2\/location?post=16830"},{"taxonomy":"product_brand","embeddable":true,"href":"https:\/\/vevorshop.lv\/lt\/wp-json\/wp\/v2\/product_brand?post=16830"},{"taxonomy":"product_cat","embeddable":true,"href":"https:\/\/vevorshop.lv\/lt\/wp-json\/wp\/v2\/product_cat?post=16830"},{"taxonomy":"product_tag","embeddable":true,"href":"https:\/\/vevorshop.lv\/lt\/wp-json\/wp\/v2\/product_tag?post=16830"}],"curies":[{"name":"wp","href":"https:\/\/api.w.org\/{rel}","templated":true}]}}