{"id":17117,"date":"2024-11-18T03:25:31","date_gmt":"2024-11-18T03:25:31","guid":{"rendered":"http:\/\/vevorshop.edigo.lv\/Prece\/vevor-chimney-cap-431-8x431-8mm-304-stainless-steel-fireplace-chimney-cover-not-easily-toppled-practical-accessories-easy-installation-fits-mesh-flue-covers-outside-clay-flue-shingles\/"},"modified":"2026-04-22T13:59:10","modified_gmt":"2026-04-22T10:59:10","slug":"vevor-chimney-cap-431-8x431-8mm-304-stainless-steel-fireplace-chimney-cover-not-easily-toppled-practical-accessories-easy-installation-fits-mesh-flue-covers-outside-clay-flue-shingles","status":"publish","type":"product","link":"https:\/\/vevorshop.lv\/lt\/Prece\/vevor-chimney-cap-431-8x431-8mm-304-stainless-steel-fireplace-chimney-cover-not-easily-toppled-practical-accessories-easy-installation-fits-mesh-flue-covers-outside-clay-flue-shingles\/","title":{"rendered":"VEVOR 431.8&#215;431.8mm Chimney Cap, 304 Stainless Steel, Wind-Resistant, Rustproof, Easy Install, Fits Mesh &amp; Clay Flues"},"content":{"rendered":"<div style=\"color: #fff!important; font-size: 16px; height: 24px; line-height: 24px; margin-top: -24px; \" class=\"product_original_name\">VEVOR Chimney Cap, 431.8x431.8mm, 304 Stainless Steel Fireplace Chimney Cover, Not Easily Toppled & Practical Accessories & Easy Installation, Fits Mesh Flue Covers Outside Clay Flue Shingles, Silver<\/div>\n<div style=\"color: #fff!important; font-size: 16px; height: 24px; line-height: 24px; margin-top: -24px; \" class=\"product_sku\">M4I4KISY<\/div>\n<div style=\"color: #fff!important; font-size: 16px; height: 24px; line-height: 24px; margin-top: -24px; \" class=\"product_mpn\">BXGFXPDYDGYSTSRS6V0<\/div><div id=\"js-DM_at-goodDescRich\"><html><head><style>  body {    font-family: Arial;    line-height: 1.5;    color: #1c1c1c;    overflow-x: hidden;    margin: 0;    padding: 0;  }  .MsoNormal b {    font-weight: bolder;  }<\/style><style>  .container.small {    width: 970px;    margin: 0 auto;  }  .logo {    margin: 0 auto 0;  }  .logo img {    display: block;    margin: 0 auto;    max-width: 100%;  }  .logo .pc-banner {    display: block;    width: 1200px;    height: 247.4px;    margin: 0 auto;  }  .logo .pc-banner.small {    width: 970px;  }  .logo .pc-banner.small img {    height: auto!important;  }  .logo .m-banner {    display: none;  }  .ytvideo {    position: relative;    height: 546px;    width: 100%;    margin: 0 auto;  }  .ytvideo img {    width: 100%;    margin: 0 auto;  }  .ytvideo .play-btn {    width: 60px;    height: 42px;    position: absolute;    top: 50%;    left: 50%;    transform: translate(-50%, -50%);    background: url(\"data:image\/png;base64,iVBORw0KGgoAAAANSUhEUgAAAGQAAABGCAMAAAANWMFbAAAC+lBMVEUAAADBGB3kLCfBGB3kLCfcJC7BFx3KKSbiKybkLCbWJCPSIiLSIiLPICHAFx3kLCfgKSXNHiDZJiTIGx\/p4eHcjo7LHSDbJyTkLCbjKyfOHyHPIiL28fHJHB\/GGh7EGR7eKCXDGB3RISHlLSbBGB3AFxzGHB7DGB7BGB3hKybkKybAFx3lLCfAFxzDGR3hKibDGB7cJyTmz8\/elJTlwcHjurrUIyLlLSflLSfAFx3DGR7lLSfCFx3hKibhKibhKybjKybkLCblLSfbJSX49vbx7e3NNzjNMTLMJyjVIyLZf3\/ZQ0LaeHjx0tLgoqLkLCfCGB3HGx\/BGB3BFx3PICHCGB7WJCLOHyC\/Fxy\/Fx3lLCfQISHkLSe\/FxzbJiTBFx3FGx\/AGB7BFx3EGR7AGB3HHSDfKiXAFh3TISHYNzbhKibbJyTTIiL57e325+f039\/v2NjUV1fOHiHiqanfmprch4feKSXVIyPOICHmLibFGh\/mLSe\/Fx7XJCPeKSXXJSPNHyHaJyTGGh7lLCbmLCflLSjSIiLkLCbdKSXLHiC\/GB3KHh++Fh3lKyfoLiXcKCPkx8fYb2\/XaGfVXl3aU1LLHiDksbHgKibPICHbJyTfKSXbJyTCGB3KHSDiKybFGh7TIiL\/\/\/\/VIyPRISHIHB\/GGx\/HHB\/DGR7gKibdKCXLHiDZJiTMHiDNHyHYJSTOICHPICHWJCPcKCXXJSPjLCblLCf+\/f3NGR\/uLijzLynPGR\/IGB7WISHaIyLLGh7UAADxLynNAADRLzDbICLQAADIAAD3MCrUHSHXMTDpKSbLAADp5OTij4\/ejo\/VLy\/1LyngJSTcJCPQHx\/OHB7+\/PzaMS\/OLS\/vLijrLSjSAADaNTPwLyjkKSbNJCbYISHPHB\/KGB7WAAD7+vrn3d3aKynTKCjoLCfsKifRGh\/YAADq5+fhjo7QNDXXKCfmJyXt5+fTLzDLLi\/QKivYHRvMGBrQJCXLISPMExXLDxLaEAvkkI\/bOTfaFQ\/SCgpvLcnHAAAAmnRSTlMA+vv7+gT9Bvf9+8z8\/NSv\/Pr5+P7++vnQIBMP\/v38\/Pn348XDiCYf9OjbzcqxXVcx\/fz8+\/rj1r2poo1+fXFqX0orGP7+\/v7+\/fz8+\/r68uzn4trIxsG\/vri3p6GcmZSNbWVYUUZEPQv+\/f39+\/v7+\/v7+vr64tvV1NTTz87FtbSurqeblJKFg4B3bUY+NjL7+\/v7+\/v67t1cDo8JLQAABkRJREFUWMO0kz9rwkAYh0OIeJkum6YugUAhISCdKoj\/P4C7SMdS+gEKIhSKil10LSg4mzXkILdlEpxCpwTiWOLX6BujvQaEQuGeHLnL+\/64J+SIcKGYTYWnntpdLjrVdqvZmNdn0+EE40GtpuuWVS6Xx6N7YDSGpWXpeq02wHgynM7q80az1a52HpddtVcpsi1zFARBrdaxbhp9iUReTGmwA4KAAr7vx3EYejnCMI6hQYEgy0LQi4jUN0wL19vqFcUC9\/1dAKmEEFkWRYkh5oBejnxQJiSJPJ\/uKBp0Thszx9Mw8hMRIQjKsptCfuES9zr5WJY6vSFCIvE9fCMUmEM1A1kSXcYGxgVYsvI1IPKTZciSTI0us\/SMGG04gDzELDoFBwdcFJrF88dqgYMTiL6DILWYyfOWE8\/kIz38olCNlC03FK95+imxp6y4oUSvAnBjHHhKNtotSDqJzVFiK8c2SBqhZtsrTtgrLXwAyduxZHNE26eHUt5rtuM4WSmds3G+sUdWYo1L+XyxButoh5eKUHk5lByO3G1LqqCWVnfrv\/lyPtf\/4ps1cndNGIri8J1TJ0lx6dR\/oPjq1nbRwdp2dCk4CtIOLW3pVKRL6WZfS5vF2KkIQhpwSsjiYIgNCs1gEMGqiIq24NQX9NwoXFy8Ufrl3twTcg4fv8T9\/JBEySduj6Mjm4bMzYV7EEOxKjjoNDud7yY3Dy71Hq2oLmqfbNR723edH9PgMrNL2utoQ3VmaIDkiw\/4w51P06hlZsTZvkRrbVuSIs\/zwSOsycgzStQouoAkWQqioRT5XI7n2Z1wfVhoZmcAJLsoqjqpjbWCgpOAJXBwHK8PzWbNvoUZJND5wCnSkLAkZ1legx6vqQzjoiTahKlGUGLAiIIoABOHaNVw4sexZBym6\/HWlH5h3IC7yRbxtipcWxdTOkORKiNQAEkFf66x5S2oeRbroOlLgg0sSYkR0hRGEqJZ0jTPiQKatESdBckpWigxaapEH0lImHdWu9pUFF2XqMNM2Z4kped7IwEJw2qabwtrQqnpw6HyKkgcadKWsmpywwesDyIhYRpdzXddqegtGIJlXbAIUMOLkGxJUjRIkokwjUaX9d\/kK62ps\/tYUqZLIMkLTyBhsMZ3C5Z\/kDxOSCb\/DOs\/\/J0qcWSX\/2ipe56EgTCA4\/cB7NAYOsni4mZM1MUPAISoEwkDi4lhVBQ1cWQyIcwalw4EpqZN68JUSK7XC0kTlkLYii5uXSC8jT5ncCAS7mjCv0uHp\/3lueHEEAeQ\/\/VgmdN71\/2uCSA1Xr6DO6uI6sW56zqT2tp2PhgiRUAajV8CY2fkcz6WGNKMgLAt7tJAhD4YHMTeRxlALE6+43WqjSWi8ITxyJl8WrwWSNESQZZOqhDDntO3hJLsd5RtSpbJqdv3YrDJH3F7jL1R2O2aQkn2MyCyKYz0GPGIvSAMgBCrCEiJyKbBaYGwLW4uPRr0A0M4Ux5kUI7IBh+hMdiCEWNqhMZGyYMsOgNE58UQuEQeUnSWCMYwL54hkxK6IoqucQZbQ3pc3XtL0lky1dL0zZJJDpWJovFqpWj6JEHnyam2eQp5QRVAVHjWparTOaVwUOx99YS2MvgxIGV0bb+qIg2HX2qkFFJB+XZcbLiuRkuxD9GRroKyveLxdh4d7Orx+hb7qc3uVRuEogCOnyIxm4ubUoPgF4jianDrC+SDQDKEfJb0GUKmjCGPYHGJvVC6X4hw1\/sAfQAdfYyephIaspXe36RwOP+Ljvfx9B6B3i+Nk0DGq+oCbLn6JpBa9nWAveAIHwFAwtVcIJXPMPL8kRu5OAYPMaL1WScTxjiZDqB9LTJSWphow\/pTYKRTLjCBhvi9iBidvKcDasGSm0QQkycYuLBqj6QCELPctqChDWpTRMWkngNNpQ1Pfp1KkiT\/Y0DGffXAweUNfLAfaJFKDwhb6I+bkYRbkERoEeu3Fyjg2opMz2daZCS9jt6Q7txNfB+OZEVF6Zl5web2xunnLQrtrjXseXKaFYziYINeMFZVxS9VxRhOoesYwxPKXm+gWLG9cuFeq93UNNeJNsf1KlwuDok9n02n3TgIJpOxNfL9naIoQwXtfH9kjceTIIi709ncTg6LZbg+biLH1V6u\/7rxBem06VXKn9raAAAAAElFTkSuQmCC\")      no-repeat center center \/ contain;  }  @media screen and (max-width: 960px) and (orientation: portrait) {    .logo {      width: 100%;    }    .logo .pc-banner {      display: none;    }    .logo .m-banner {      display: block;      width: 100%;    }    .logo .m-banner img {      height: auto!important;    }    .ytvideo {      height: 200px;      width: 100%;    }  }<\/style><style>  .video-section {    width: 100%;    margin: 0 auto;  }  .video-section > img {    width: 100%;  }  .video-section iframe,  .video-section video {    width: 100%;    height: 100%;      }  .video-section-img-m,  .video-section-img-pc > img {    width: 100%;    height: auto;  }  .video-section-img-pc.small > img {    width: 970px;  }  .video-desc {    line-height: 1.5;    font-size: 20px;    font-weight: 400;    margin: 20px 0;    text-align: center;    color: #0f1111;    word-break: break-word;  }  @media screen and (max-width: 960px) and (orientation: portrait) {    .video-section {      width: 100%;    }    .video-section-pc,    .video-section-img-pc {      display: none;    }    .video-section-m,    .video-section-img-m {      display: block;    }    .video-desc {      font-size: 15px;    }  }  @media screen and (min-width: 960px) {    .video-section {      width: 100%;      margin: 0 auto;    }    .video-section-pc,    .video-section-img-pc {      display: block;    }    .video-section-m,    .video-section-img-m {      display: none;    }    .video-desc {      font-size: 20px;    }  }<\/style><style>  .section + .section {    margin-top: 35px;  }  .section-title {    text-align: center;    font-weight: bold;    color: #0d1111;    font-family: \"Arial\";    font-size: 32px;    margin: 15px 0;  }  .section-title:empty {    display: none;  }  .section-desc {    text-align: center;    font-weight: normal;    color: #0d1111;    margin-top: 20px;  }  .section-desc:empty {    display: none;  }  .section-img {    width: 1200px;    height: 492px;    margin: 0 auto;    display: block;  }  .section-img.small {    width: 970px;    height: auto;  }  .section-img.small > img {    height: auto;  }  .section-img > img {    width: 100%;    height: 100%;  }  .section-mobile-img {    display: none;    max-width: 100vw;    max-height: 75vw;    height: 450px;    margin: 0 auto;  }  .section-mobile-img > img {    width: 100%;    height: 100%;  }  @media screen and (max-width: 960px) and (orientation: portrait) {    .container {      width: 100%;    }    .container.small {      width: 100%;    }    .section-mobile-img {      display: block;    }    .section-img {      display: none;    }    .section-title {      font-size: 22px;      margin: 10px 0;    }    .section-desc {      margin-top: 10px;    }    .section + .section {      margin-top: 20px;    }  }<\/style><\/head><body><div class=\"container\"><div class=\"logo\"><div class=\"pc-banner\"><div><img decoding=\"async\" src=\"\/vevor\/vevor\/boutique-banner\/pc\/en-pc@1x.jpg\" style=\"width: 100%;\" \/><\/div><\/div><div class=\"m-banner\"><div><img decoding=\"async\" src=\"\/vevor\/vevor\/boutique-banner\/mobile\/en-m@1x.jpg\" style=\"width: 100%;\" \/><\/div><\/div><\/div><div class=\"section-title\">Rainproof \u017didinys, Kamin\u0173 Kepur\u0117s Lauke<\/div><div class=\"video-section\"><div class=\"video-section-img-pc\"><img decoding=\"async\" src=\"\/vevor\/product\/BXGFXPDYDGYSTSRS6\/chimney-cap-a100-1.4.jpg\" alt=\"VEVOR kamin\u0173 b\u017e\u016bp lengva, 4-\u017eingsnio diegimo \u017einynas \u012franki\u0173 ir var\u017etai vaizduojamas.\" \/><\/div><div class=\"video-section-img-m\"><img decoding=\"async\" src=\"\/vevor\/product\/BXGFXPDYDGYSTSRS6\/chimney-cap-a100-1.4-m.jpg\" alt=\"VEVOR kamin\u0173 b\u017e\u016bp lengva, 4-\u017eingsnio diegimo \u017einynas \u012franki\u0173 ir var\u017etai vaizduojamas.\" \/><\/div><div class=\"section-desc\">Pasirinkite \u0161onin\u012f arba apatin\u012f montavimo b\u016bd\u0105 pagal savo kamino dyd\u017eio reikalavimus Vos 4 paprastais \u017eingsniais montavim\u0105 gal\u0117site atlikti be vargo Jame yra i\u0161 anksto i\u0161gr\u0119\u017etos skyl\u0117s, tod\u0117l net pradedantiesiems bus lengva sumontuoti kamino dangtel\u012f ir m\u0117gautis apsauga be r\u016bpes\u010di\u0173.<\/div><\/div><div class=\"section\"><div class=\"section-title\"><\/div><div class=\"section-img\"><img decoding=\"async\" src=\"\/vevor\/product\/BXGFXPDYDGYSTSRS6\/chimney-cap-a100-2.2.jpg\" alt=\"neperpu\u010diamas ir patikimas VEVOR kamin\u0173 b\u017e\u016bp, atskleis rainproof, sunproof, ir snowproof funkcij\u0173.\" \/><\/div><div class=\"section-mobile-img\"><img decoding=\"async\" src=\"\/vevor\/product\/BXGFXPDYDGYSTSRS6\/chimney-cap-a100-2.2-m.jpg\" alt=\"neperpu\u010diamas ir patikimas VEVOR kamin\u0173 b\u017e\u016bp, atskleis rainproof, sunproof, ir snowproof funkcij\u0173.\" \/><\/div><div class=\"section-desc\">Kruop\u0161\u010diai atrinkt\u0173 patvarus 304 ner\u016bdijan\u010dio plieno plok\u0161t\u0117, teikti r\u016bd\u017ei\u0173, atsparumas, atsparumas dilimui, bei atsparum\u0105 erozijai. Jums nebereikia nerimauti d\u0117l nepalanki\u0173 oro kenkia j\u016bs\u0173 kamin\u0173 i\u0161tisus metus, m\u0117gautis ilg\u0105 tarnavimo laik\u0105.<\/div><\/div><div class=\"section\"><div class=\"section-title\"><\/div><div class=\"section-img\"><img decoding=\"async\" src=\"\/vevor\/product\/BXGFXPDYDGYSTSRS6\/chimney-cap-a100-2.3.jpg\" alt=\"6-sluoksnis VEVOR kamin\u0173 b\u017e\u016bp su pauk\u0161\u010di\u0173, vover\u0117, lapai, kaminas, kibirk\u0161\u010di\u0173, ir lietus atvaizdus.\" \/><\/div><div class=\"section-mobile-img\"><img decoding=\"async\" src=\"\/vevor\/product\/BXGFXPDYDGYSTSRS6\/chimney-cap-a100-2.3-m.jpg\" alt=\"6-sluoksnis VEVOR kamin\u0173 b\u017e\u016bp su pauk\u0161\u010di\u0173, vover\u0117, lapai, kaminas, kibirk\u0161\u010di\u0173, ir lietus atvaizdus.\" \/><\/div><div class=\"section-desc\">Atsisveikinti su kamin\u0173 sp\u016bstys sukelia pa\u0161alini\u0173 daikt\u0173 ir saugoti gyv\u016bnus, \u0161iuk\u0161les, ar lapai nuo invazija, u\u017etikrinti nekliudom\u0105 kaminas i\u0161trauka. B\u017e\u016bp atlaiko stipraus v\u0117jo poveikio ir apsaugo nuo kibirk\u0161\u010di\u0173 nuo kritimo.<\/div><\/div><div class=\"section\"><div class=\"section-title\"><\/div><div class=\"section-img\"><img decoding=\"async\" src=\"\/vevor\/product\/BXGFXPDYDGYSTSRS6\/chimney-cap-a100-2.4.jpg\" alt=\"VEVOR kamin\u0173 b\u017e\u016bp be jokio vargo valymas, vir\u0161uje var\u017etai paprasta nuimti, ir \u0161laitini\u0173 pus\u0117je bar\u0173.\" \/><\/div><div class=\"section-mobile-img\"><img decoding=\"async\" src=\"\/vevor\/product\/BXGFXPDYDGYSTSRS6\/chimney-cap-a100-2.4-m.jpg\" alt=\"VEVOR kamin\u0173 b\u017e\u016bp be jokio vargo valymas, vir\u0161uje var\u017etai paprasta nuimti, ir \u0161laitini\u0173 pus\u0117je bar\u0173.\" \/><\/div><div class=\"section-desc\">Vir\u0161\u0173 padengti yra \u012frengta su var\u017etais, tod\u0117l lengvai i\u0161ardyti planini\u0173 kamin\u0173 valymas. Su pasvir\u0119s \u0161onin\u0117s panel\u0117s, ji veiksmingai apsaugo nuo purvo, lietaus, ir sniego kaupimosi, tod\u0117l j\u012f patogu ir paprasta.<\/div><\/div><div class=\"section\"><div class=\"section-title\"><\/div><div class=\"section-img\"><img decoding=\"async\" src=\"\/vevor\/product\/BXGFXPDYDGYSTSRS6\/chimney-cap-a100-2.5.jpg\" alt=\"VEVOR kamin\u0173 b\u017e\u016bp ant plyt\u0173 kaminas, metalo d\u016bmtraukio vamzd\u012f ir lauko virykl\u0117s d\u016bmtraukio.\" \/><\/div><div class=\"section-mobile-img\"><img decoding=\"async\" src=\"\/vevor\/product\/BXGFXPDYDGYSTSRS6\/chimney-cap-a100-2.5-m.jpg\" alt=\"VEVOR kamin\u0173 b\u017e\u016bp ant plyt\u0173 kaminas, metalo d\u016bmtraukio vamzd\u012f ir lauko virykl\u0117s d\u016bmtraukio.\" \/><\/div><div class=\"section-desc\">M\u016bs\u0173 d\u016bmtrauki\u0173 kamin\u0173 b\u017e\u016bp yra suderinamas su \u012fvairi\u0173 tip\u0173 kamin\u0173, teikti lanks\u010dias apsaugos i\u0161laikyti liepsnos degimo ir malkos sausos. Jis veiksmingai apsaugo nuo pavojaus, kur\u012f kelia stipri\u0173 v\u0117j\u0173 ir downdrafts, u\u017etikrinti saugum\u0105 \u012fvairi\u0173 kamin\u0173 konfig\u016bracijos.<\/div><\/div><div class=\"section\"><div class=\"section-img\"><img decoding=\"async\" src=\"\/vevor\/product\/BXGFXPDYDGYSTSRS6\/chimney-cap-a100-1.11.jpg\" alt=\"VEVOR kamin\u0173 b\u017e\u016bp, 22.83x22.83, 304 ner\u016bdijan\u010dio plieno, modelis ssrc-17*17, 8.16 lb netto.\" \/><\/div><div class=\"section-mobile-img\"><img decoding=\"async\" src=\"\/vevor\/product\/BXGFXPDYDGYSTSRS6\/chimney-cap-a100-1.11-m.jpg\" alt=\"VEVOR kamin\u0173 b\u017e\u016bp, 22.83x22.83, 304 ner\u016bdijan\u010dio plieno, modelis ssrc-17*17, 8.16 lb netto.\" \/><\/div><\/div><\/div><\/body><\/html><\/div>\n<div class=\"DM_at-title\" id=\"js-DM_at-title\"> <div>Produkto specifikacija<\/div> <i class=\"icon-arrowup_line\"><\/i> <\/div><div class=\"DM_at-goodsDescAttr\" id=\"js-DM_at-goodsDescAttr\"> <div class=\"DM_at-goodsDescAttrInner\"> <dl class=\"goodsDesc_item goodsDesc_item_even\"> <dt>Prek\u0117s Modelio Numeris<\/dt> <dd> SSRC-17*17<\/dd> <\/dl> <dl class=\"goodsDesc_item\"> <dt>Med\u017eiaga<\/dt> <dd> 304 Ner\u016bdijan\u010dio Plieno<\/dd> <\/dl> <dl class=\"goodsDesc_item goodsDesc_item_even\"> <dt>Neto Svoris (\u012fskaitant visus jos priedus)<\/dt> <dd> 8.16 lb \/ 3.7 kg<\/dd> <\/dl> <dl class=\"goodsDesc_item\"> <dt>Bendroji Mas\u0117 (\u012fskaitant visus priedus ir pakavimas)<\/dt> <dd> 10.14 lb \/ 4,6 kg<\/dd> <\/dl> <dl class=\"goodsDesc_item goodsDesc_item_even\"> <dt>Prek\u0117s Matmenys (L x W x H)<\/dt> <dd> 22.91&#034; x 22.91&#034; x 9.65&#034; \/ 582 x 582 x 245 mm<\/dd> <\/dl> <dl class=\"goodsDesc_item\"> <dt>Kolegijai Matmenys<\/dt> <dd> 24.02&#034; x 24.02&#034; x 3.35&#034; \/ 610 x 610 x 85 mm<\/dd> <\/dl> <dl class=\"goodsDesc_item goodsDesc_item_even\"> <dt>Skydelis B Matmenys<\/dt> <dd> 17.01&#034; x 9.84&#034; x 0.02&#034; \/ 432 x 250 x 0,6 mm<\/dd> <\/dl> <dl class=\"goodsDesc_item\"> <dt>Vir\u0161utin\u0117s Plok\u0161t\u0117s Matmenys<\/dt> <dd> 22.83&#034; x 22.83&#034; x 0.02&#034; \/ 580 x 580 x 0,6 mm<\/dd> <\/dl> <\/div> <\/div>","protected":false},"excerpt":{"rendered":"<ul>\n<li> 2 Montavimo B\u016bd\u0173: kvadratin\u0119 baz\u0119 kamin\u0173 b\u017e\u016bp si\u016blo du \u012frenginio funkcijos: \u0161oninis montavimas ir apa\u010dioje montavimo. Jis gali lengvai prisitaikyti prie \u012fvairi\u0173 tip\u0173 kamin\u0173. Jame yra i\u0161 anksto i\u0161gr\u0119\u017etas skyles ir paprastas 4-\u017eingsnio diegimo procesas, tod\u0117l r\u016bpes\u010di\u0173, net pradedantiesiems. <\/li>\n<li> 304 Ner\u016bdijan\u010dio Plieno: Atnaujintas 304 ner\u016bdijan\u010dio plieno, tai yra daugiau r\u016bd\u017ei\u0173 atsparia ir patvaresni nei cinkuoto plieno arba 430 ner\u016bdijan\u010dio plieno. Jis gali atlaikyti at\u0161iauri\u0173 lauko oro s\u0105lyg\u0173, \u012fskaitant taif\u016bn\u0173, lietaus, sniego ir intensyvios saul\u0117s, lik\u0119 tvirtas ir apsaugoti j\u016bs\u0173 kamin\u0173 visais laikais. <\/li>\n<li> V\u0117jo Atsparus ir Stabilus: patvarus ner\u016bdijan\u010dio plieno tinklelio, kartu su kamino vir\u0161utinis dangtis, formos, tvirta strukt\u016bra. \u012erengtas su pl\u0117timosi var\u017etai, ji tvirtai tvirtinasi prie sienos, neleid\u017eianti apvirsti net labiausiai nepalanki\u0173 oro s\u0105lyg\u0173, u\u017etikrinti saugum\u0105 savo kamino. <\/li>\n<li> Atsisveikinti su Kamin\u0173 Stabdym\u0173: Jis apsaugo nuo pa\u0161alini\u0173 daikt\u0173 patekimo ir u\u017esikim\u0161o kaminas, veiksmingai pasiprie\u0161inti pauk\u0161\u010diai, grau\u017eikai ir kiti gyv\u016bnai. Jis lengvai neleid\u017eia kaupti lapai, lietaus, ir sniego, taip pat pavojus d\u0117l stipri\u0173 v\u0117j\u0173 ir kibirk\u0161tys, teikti i\u0161tisus metus apsaug\u0105 j\u016bs\u0173 kamin\u0173 sauga. <\/li>\n<li> Profesional\u016bs Priedai: priedai yra prakti\u0161kas ir i\u0161sami, tinka plyt\u0173 ir skiedinio kaminai, metalo d\u016bmtraukius ir lauko virykl\u0117 kaminai. Jis ateina su pakankamai var\u017etai ir ver\u017el\u0117s, ir apima m\u0105stantis diegimo instrukcijas, kad pad\u0117t\u0173 jums per proces\u0105. <\/li>\n<\/ul>","protected":false},"featured_media":269277,"comment_status":"closed","ping_status":"open","template":"","meta":{"om_disable_all_campaigns":false,"_monsterinsights_skip_tracking":false,"_monsterinsights_sitenote_active":false,"_monsterinsights_sitenote_note":"","_monsterinsights_sitenote_category":0,"_uf_show_specific_survey":0,"_uf_disable_surveys":false},"location":[1935,1934],"product_brand":[21],"product_cat":[3395,2606,2605,2527],"product_tag":[],"class_list":{"0":"post-17117","1":"product","2":"type-product","3":"status-publish","4":"has-post-thumbnail","6":"location-supplier_stock_location","7":"location-local_stock_location","8":"product_brand-vevor","9":"product_cat-chimney-caps","10":"product_cat-fireplace-accessories","11":"product_cat-fireplaces","12":"product_cat-heating-venting-cooling","14":"first","15":"instock","16":"taxable","17":"shipping-taxable","18":"purchasable","19":"product-type-simple"},"aioseo_notices":[],"jetpack_sharing_enabled":true,"locations":[{"id":1935,"name":"Pieg\u0101d\u0101t\u0101ja noliktav\u0101 (5-7d.d.)","slug":"supplier_stock_location","quantity":"178"},{"id":1934,"name":"R\u012bgas veikal\u0101 (0-2d.d.)","slug":"local_stock_location","quantity":"0"}],"_links":{"self":[{"href":"https:\/\/vevorshop.lv\/lt\/wp-json\/wp\/v2\/product\/17117","targetHints":{"allow":["GET"]}}],"collection":[{"href":"https:\/\/vevorshop.lv\/lt\/wp-json\/wp\/v2\/product"}],"about":[{"href":"https:\/\/vevorshop.lv\/lt\/wp-json\/wp\/v2\/types\/product"}],"replies":[{"embeddable":true,"href":"https:\/\/vevorshop.lv\/lt\/wp-json\/wp\/v2\/comments?post=17117"}],"wp:featuredmedia":[{"embeddable":true,"href":"https:\/\/vevorshop.lv\/lt\/wp-json\/wp\/v2\/media\/269277"}],"wp:attachment":[{"href":"https:\/\/vevorshop.lv\/lt\/wp-json\/wp\/v2\/media?parent=17117"}],"wp:term":[{"taxonomy":"location","embeddable":true,"href":"https:\/\/vevorshop.lv\/lt\/wp-json\/wp\/v2\/location?post=17117"},{"taxonomy":"product_brand","embeddable":true,"href":"https:\/\/vevorshop.lv\/lt\/wp-json\/wp\/v2\/product_brand?post=17117"},{"taxonomy":"product_cat","embeddable":true,"href":"https:\/\/vevorshop.lv\/lt\/wp-json\/wp\/v2\/product_cat?post=17117"},{"taxonomy":"product_tag","embeddable":true,"href":"https:\/\/vevorshop.lv\/lt\/wp-json\/wp\/v2\/product_tag?post=17117"}],"curies":[{"name":"wp","href":"https:\/\/api.w.org\/{rel}","templated":true}]}}