{"id":171891,"date":"2025-06-06T13:05:01","date_gmt":"2025-06-06T13:05:01","guid":{"rendered":"https:\/\/vevorshop.lv\/en_us\/Prece\/vevor-122x61cm-solid-wood-cornhole-game-set-with-carry-bag-portable-outdoor-toss-board-foldable-customizable-design\/"},"modified":"2026-04-19T16:24:20","modified_gmt":"2026-04-19T13:24:20","slug":"vevor-122x61cm-solid-wood-cornhole-game-set-with-carry-bag-portable-outdoor-toss-board-foldable-customizable-design","status":"publish","type":"product","link":"https:\/\/vevorshop.lv\/lt\/Prece\/vevor-122x61cm-medzio-masyvo-kornhole-zaidimu-rinkinys-su-nesiojimo-krepsiu-nesiojamas-lauko-metimo-lenta-sulankstomas-pritaikomas-dizainas\/","title":{"rendered":"VEVOR med\u017eio masyvo kukur\u016bz\u0173 skylu\u010di\u0173 rinkinys 120\u00d760 cm, ne\u0161iojamos metimo \u017eaidim\u0173 lentos su ne\u0161iojimo d\u0117klu, skirtas \u017eaisti viduje \/ lauke, be s\u0117dmai\u0161i\u0173"},"content":{"rendered":"<div style=\"color: #fff!important; font-size: 16px; height: 24px; line-height: 24px; margin-top: -24px; \" class=\"product_original_name\">VEVOR kukur\u016bz\u0173 skylu\u010di\u0173 rinkinys, 4x2 p\u0117d\u0173 kukur\u016bz\u0173 skylu\u010di\u0173 \u017eaidim\u0173 lentos, med\u017eio masyvo ne\u0161iojama m\u0117tymo lenta, vidaus ir lauko kukur\u016bz\u0173 skylu\u010di\u0173 \u017eaidimas suaugusiems, m\u0117tymo \u017eaidimas apima ne\u0161iojimo d\u0117kl\u0105, kiemui, kiemui, papl\u016bdimiui, stovyklavimui<\/div>\n<div style=\"color: #fff!important; font-size: 16px; height: 24px; line-height: 24px; margin-top: -24px; \" class=\"product_sku\">MBKTHQ3F<\/div>\n<div style=\"color: #fff!important; font-size: 16px; height: 24px; line-height: 24px; margin-top: -24px; \" class=\"product_mpn\">HWDDBSM42FT2YO188001V0<\/div><div id=\"js-DM_at-goodDescRich\"><html><head><style>  body {    font-family: Arial;    line-height: 1.5;    color: #1c1c1c;    overflow-x: hidden;    margin: 0;    padding: 0;  }  .MsoNormal b {    font-weight: bolder;  }<\/style><style>  .container.small {    width: 970px;    margin: 0 auto;  }  .logo {    margin: 0 auto 0;  }  .logo img {    display: block;    margin: 0 auto;    max-width: 100%;  }  .logo .pc-banner {    display: block;    width: 1200px;    height: 247.4px;    margin: 0 auto;  }  .logo .pc-banner.small {    width: 970px;  }  .logo .pc-banner.small img {    height: auto!important;  }  .logo .m-banner {    display: none;  }  .ytvideo {    position: relative;    height: 546px;    width: 100%;    margin: 0 auto;  }  .ytvideo img {    width: 100%;    margin: 0 auto;  }  .ytvideo .play-btn {    width: 60px;    height: 42px;    position: absolute;    top: 50%;    left: 50%;    transform: translate(-50%, -50%);    background: url(\"data:image\/png;base64,iVBORw0KGgoAAAANSUhEUgAAAGQAAABGCAMAAAANWMFbAAAC+lBMVEUAAADBGB3kLCfBGB3kLCfcJC7BFx3KKSbiKybkLCbWJCPSIiLSIiLPICHAFx3kLCfgKSXNHiDZJiTIGx\/p4eHcjo7LHSDbJyTkLCbjKyfOHyHPIiL28fHJHB\/GGh7EGR7eKCXDGB3RISHlLSbBGB3AFxzGHB7DGB7BGB3hKybkKybAFx3lLCfAFxzDGR3hKibDGB7cJyTmz8\/elJTlwcHjurrUIyLlLSflLSfAFx3DGR7lLSfCFx3hKibhKibhKybjKybkLCblLSfbJSX49vbx7e3NNzjNMTLMJyjVIyLZf3\/ZQ0LaeHjx0tLgoqLkLCfCGB3HGx\/BGB3BFx3PICHCGB7WJCLOHyC\/Fxy\/Fx3lLCfQISHkLSe\/FxzbJiTBFx3FGx\/AGB7BFx3EGR7AGB3HHSDfKiXAFh3TISHYNzbhKibbJyTTIiL57e325+f039\/v2NjUV1fOHiHiqanfmprch4feKSXVIyPOICHmLibFGh\/mLSe\/Fx7XJCPeKSXXJSPNHyHaJyTGGh7lLCbmLCflLSjSIiLkLCbdKSXLHiC\/GB3KHh++Fh3lKyfoLiXcKCPkx8fYb2\/XaGfVXl3aU1LLHiDksbHgKibPICHbJyTfKSXbJyTCGB3KHSDiKybFGh7TIiL\/\/\/\/VIyPRISHIHB\/GGx\/HHB\/DGR7gKibdKCXLHiDZJiTMHiDNHyHYJSTOICHPICHWJCPcKCXXJSPjLCblLCf+\/f3NGR\/uLijzLynPGR\/IGB7WISHaIyLLGh7UAADxLynNAADRLzDbICLQAADIAAD3MCrUHSHXMTDpKSbLAADp5OTij4\/ejo\/VLy\/1LyngJSTcJCPQHx\/OHB7+\/PzaMS\/OLS\/vLijrLSjSAADaNTPwLyjkKSbNJCbYISHPHB\/KGB7WAAD7+vrn3d3aKynTKCjoLCfsKifRGh\/YAADq5+fhjo7QNDXXKCfmJyXt5+fTLzDLLi\/QKivYHRvMGBrQJCXLISPMExXLDxLaEAvkkI\/bOTfaFQ\/SCgpvLcnHAAAAmnRSTlMA+vv7+gT9Bvf9+8z8\/NSv\/Pr5+P7++vnQIBMP\/v38\/Pn348XDiCYf9OjbzcqxXVcx\/fz8+\/rj1r2poo1+fXFqX0orGP7+\/v7+\/fz8+\/r68uzn4trIxsG\/vri3p6GcmZSNbWVYUUZEPQv+\/f39+\/v7+\/v7+vr64tvV1NTTz87FtbSurqeblJKFg4B3bUY+NjL7+\/v7+\/v67t1cDo8JLQAABkRJREFUWMO0kz9rwkAYh0OIeJkum6YugUAhISCdKoj\/P4C7SMdS+gEKIhSKil10LSg4mzXkILdlEpxCpwTiWOLX6BujvQaEQuGeHLnL+\/64J+SIcKGYTYWnntpdLjrVdqvZmNdn0+EE40GtpuuWVS6Xx6N7YDSGpWXpeq02wHgynM7q80az1a52HpddtVcpsi1zFARBrdaxbhp9iUReTGmwA4KAAr7vx3EYejnCMI6hQYEgy0LQi4jUN0wL19vqFcUC9\/1dAKmEEFkWRYkh5oBejnxQJiSJPJ\/uKBp0Thszx9Mw8hMRIQjKsptCfuES9zr5WJY6vSFCIvE9fCMUmEM1A1kSXcYGxgVYsvI1IPKTZciSTI0us\/SMGG04gDzELDoFBwdcFJrF88dqgYMTiL6DILWYyfOWE8\/kIz38olCNlC03FK95+imxp6y4oUSvAnBjHHhKNtotSDqJzVFiK8c2SBqhZtsrTtgrLXwAyduxZHNE26eHUt5rtuM4WSmds3G+sUdWYo1L+XyxButoh5eKUHk5lByO3G1LqqCWVnfrv\/lyPtf\/4ps1cndNGIri8J1TJ0lx6dR\/oPjq1nbRwdp2dCk4CtIOLW3pVKRL6WZfS5vF2KkIQhpwSsjiYIgNCs1gEMGqiIq24NQX9NwoXFy8Ufrl3twTcg4fv8T9\/JBEySduj6Mjm4bMzYV7EEOxKjjoNDud7yY3Dy71Hq2oLmqfbNR723edH9PgMrNL2utoQ3VmaIDkiw\/4w51P06hlZsTZvkRrbVuSIs\/zwSOsycgzStQouoAkWQqioRT5XI7n2Z1wfVhoZmcAJLsoqjqpjbWCgpOAJXBwHK8PzWbNvoUZJND5wCnSkLAkZ1legx6vqQzjoiTahKlGUGLAiIIoABOHaNVw4sexZBym6\/HWlH5h3IC7yRbxtipcWxdTOkORKiNQAEkFf66x5S2oeRbroOlLgg0sSYkR0hRGEqJZ0jTPiQKatESdBckpWigxaapEH0lImHdWu9pUFF2XqMNM2Z4kped7IwEJw2qabwtrQqnpw6HyKkgcadKWsmpywwesDyIhYRpdzXddqegtGIJlXbAIUMOLkGxJUjRIkokwjUaX9d\/kK62ps\/tYUqZLIMkLTyBhsMZ3C5Z\/kDxOSCb\/DOs\/\/J0qcWSX\/2ipe56EgTCA4\/cB7NAYOsni4mZM1MUPAISoEwkDi4lhVBQ1cWQyIcwalw4EpqZN68JUSK7XC0kTlkLYii5uXSC8jT5ncCAS7mjCv0uHp\/3lueHEEAeQ\/\/VgmdN71\/2uCSA1Xr6DO6uI6sW56zqT2tp2PhgiRUAajV8CY2fkcz6WGNKMgLAt7tJAhD4YHMTeRxlALE6+43WqjSWi8ITxyJl8WrwWSNESQZZOqhDDntO3hJLsd5RtSpbJqdv3YrDJH3F7jL1R2O2aQkn2MyCyKYz0GPGIvSAMgBCrCEiJyKbBaYGwLW4uPRr0A0M4Ux5kUI7IBh+hMdiCEWNqhMZGyYMsOgNE58UQuEQeUnSWCMYwL54hkxK6IoqucQZbQ3pc3XtL0lky1dL0zZJJDpWJovFqpWj6JEHnyam2eQp5QRVAVHjWparTOaVwUOx99YS2MvgxIGV0bb+qIg2HX2qkFFJB+XZcbLiuRkuxD9GRroKyveLxdh4d7Orx+hb7qc3uVRuEogCOnyIxm4ubUoPgF4jianDrC+SDQDKEfJb0GUKmjCGPYHGJvVC6X4hw1\/sAfQAdfYyephIaspXe36RwOP+Ljvfx9B6B3i+Nk0DGq+oCbLn6JpBa9nWAveAIHwFAwtVcIJXPMPL8kRu5OAYPMaL1WScTxjiZDqB9LTJSWphow\/pTYKRTLjCBhvi9iBidvKcDasGSm0QQkycYuLBqj6QCELPctqChDWpTRMWkngNNpQ1Pfp1KkiT\/Y0DGffXAweUNfLAfaJFKDwhb6I+bkYRbkERoEeu3Fyjg2opMz2daZCS9jt6Q7txNfB+OZEVF6Zl5web2xunnLQrtrjXseXKaFYziYINeMFZVxS9VxRhOoesYwxPKXm+gWLG9cuFeq93UNNeJNsf1KlwuDok9n02n3TgIJpOxNfL9naIoQwXtfH9kjceTIIi709ncTg6LZbg+biLH1V6u\/7rxBem06VXKn9raAAAAAElFTkSuQmCC\")      no-repeat center center \/ contain;  }  @media screen and (max-width: 960px) and (orientation: portrait) {    .logo {      width: 100%;    }    .logo .pc-banner {      display: none;    }    .logo .m-banner {      display: block;      width: 100%;    }    .logo .m-banner img {      height: auto!important;    }    .ytvideo {      height: 200px;      width: 100%;    }  }<\/style><style>  .video-section {    width: 100%;    margin: 0 auto;  }  .video-section > img {    width: 100%;  }  .video-section iframe,  .video-section video {    width: 100%;    height: 100%;      }  .video-section-img-m,  .video-section-img-pc > img {    width: 100%;    height: auto;  }  .video-section-img-pc.small > img {    width: 970px;  }  .video-desc {    line-height: 1.5;    font-size: 20px;    font-weight: 400;    margin: 20px 0;    text-align: center;    color: #0f1111;    word-break: break-word;  }  @media screen and (max-width: 960px) and (orientation: portrait) {    .video-section {      width: 100%;    }    .video-section-pc,    .video-section-img-pc {      display: none;    }    .video-section-m,    .video-section-img-m {      display: block;    }    .video-desc {      font-size: 15px;    }  }  @media screen and (min-width: 960px) {    .video-section {      width: 100%;      margin: 0 auto;    }    .video-section-pc,    .video-section-img-pc {      display: block;    }    .video-section-m,    .video-section-img-m {      display: none;    }    .video-desc {      font-size: 20px;    }  }<\/style><style>  .section + .section {    margin-top: 35px;  }  .section-title {    text-align: center;    font-weight: bold;    color: #0d1111;    font-family: \"Arial\";    font-size: 32px;    margin: 15px 0;  }  .section-title:empty {    display: none;  }  .section-desc {    text-align: center;    font-weight: normal;    color: #0d1111;    margin-top: 20px;  }  .section-desc:empty {    display: none;  }  .section-img {    width: 1200px;    height: 492px;    margin: 0 auto;    display: block;  }  .section-img.small {    width: 970px;    height: auto;  }  .section-img.small > img {    height: auto;  }  .section-img > img {    width: 100%;    height: 100%;  }  .section-mobile-img {    display: none;    max-width: 100vw;    max-height: 75vw;    height: 450px;    margin: 0 auto;  }  .section-mobile-img > img {    width: 100%;    height: 100%;  }  @media screen and (max-width: 960px) and (orientation: portrait) {    .container {      width: 100%;    }    .container.small {      width: 100%;    }    .section-mobile-img {      display: block;    }    .section-img {      display: none;    }    .section-title {      font-size: 22px;      margin: 10px 0;    }    .section-desc {      margin-top: 10px;    }    .section + .section {      margin-top: 20px;    }  }<\/style><\/head><body><div class=\"container\"><div class=\"logo\"><div class=\"pc-banner\"><div><img decoding=\"async\" src=\"\/vevor\/vevor\/boutique-banner\/pc\/en-pc@1x.jpg\" style=\"width: 100%;\" \/><\/div><\/div><div class=\"m-banner\"><div><img decoding=\"async\" src=\"\/vevor\/vevor\/boutique-banner\/mobile\/en-m@1x.jpg\" style=\"width: 100%;\" \/><\/div><\/div><\/div><div class=\"section-title\">Lauko cornhole \u017daidimas Valdybos Rinkinys<\/div><div class=\"video-section\"><div class=\"video-section-img-pc\"><img decoding=\"async\" src=\"\/vevor\/product\/HWDDBSM42FT2YO188001\/cornhole-board-set-a100-1.4.jpg\" \/><\/div><div class=\"video-section-img-m\"><img decoding=\"async\" src=\"\/vevor\/product\/HWDDBSM42FT2YO188001\/cornhole-board-set-a100-1.4-m.jpg\" \/><\/div><div class=\"section-desc\">Pagaminti i\u0161 100% premium med\u017eio masyvo, su poliruoto pavir\u0161iaus, kad b\u016bt\u0173 sklandus ir esteti\u0161kai malonus, atitinkan\u010di\u0173 j\u016bs\u0173 pritaikymas poreikius. M\u016bs\u0173 standart\u0173 valdyba dydis yra 4 p\u0117d\u0173 x 2 metr\u0173.<\/div><\/div><div class=\"section\"><div class=\"section-title\"><\/div><div class=\"section-img\"><img decoding=\"async\" src=\"\/vevor\/product\/HWDDBSM42FT2YO188001\/cornhole-board-set-a100-2.2.jpg\" \/><\/div><div class=\"section-mobile-img\"><img decoding=\"async\" src=\"\/vevor\/product\/HWDDBSM42FT2YO188001\/cornhole-board-set-a100-2.2-m.jpg\" \/><\/div><div class=\"section-desc\">Kukur\u016bz\u0173 skyl\u0119 nustatytas funkcijas, med\u017eio masyvo r\u0117mas ir vir\u0161uje valdybos u\u017etikrintas kartu su mitra s\u0105nari\u0173 ir sunki\u0173j\u0173 aparat\u016bros, tod\u0117l \u017eaidimas valdybos patvarus bei atsparus deformacijai arba skilin\u0117jim\u0105.<\/div><\/div><div class=\"section\"><div class=\"section-title\"><\/div><div class=\"section-img\"><img decoding=\"async\" src=\"\/vevor\/product\/HWDDBSM42FT2YO188001\/cornhole-board-set-a100-2.3.jpg\" \/><\/div><div class=\"section-mobile-img\"><img decoding=\"async\" src=\"\/vevor\/product\/HWDDBSM42FT2YO188001\/cornhole-board-set-a100-2.3-m.jpg\" \/><\/div><div class=\"section-desc\">Sulankstoma konstrukcija leid\u017eia lengvai setup arba sulankstomas sand\u0117liavimui. Kukur\u016bz\u0173 skyl\u0119 \u017eaidimo lentos ateina su 420D krep\u0161ys patogus sand\u0117liavimas, padeda sutaupyti vietos.<\/div><\/div><div class=\"section\"><div class=\"section-title\"><\/div><div class=\"section-img\"><img decoding=\"async\" src=\"\/vevor\/product\/HWDDBSM42FT2YO188001\/cornhole-board-set-a100-2.4.jpg\" \/><\/div><div class=\"section-mobile-img\"><img decoding=\"async\" src=\"\/vevor\/product\/HWDDBSM42FT2YO188001\/cornhole-board-set-a100-2.4-m.jpg\" \/><\/div><div class=\"section-desc\">Skland\u017eiai lakuoti pavir\u0161ius leid\u017eia lengvai tapyba ar pritaikymas, tod\u0117l j\u016bs galite lengvai da\u017e\u0173 ant stalo su savo \u0161eima prid\u0117ti asmenin\u012f ry\u0161\u012f.<\/div><\/div><div class=\"section\"><div class=\"section-title\"><\/div><div class=\"section-img\"><img decoding=\"async\" src=\"\/vevor\/product\/HWDDBSM42FT2YO188001\/cornhole-board-set-a100-2.5.jpg\" \/><\/div><div class=\"section-mobile-img\"><img decoding=\"async\" src=\"\/vevor\/product\/HWDDBSM42FT2YO188001\/cornhole-board-set-a100-2.5-m.jpg\" \/><\/div><div class=\"section-desc\">Pupeli\u0173 mai\u0161as toss \u017eaidimas yra puikus lauko kiem\u0105, veikla, \u0161eimos \u0161alys, kelion\u0117s, kempingas pramogos, i\u0161kylos, ir susib\u016brimai. Jis gali \u017eaisti bet kur, \u012fskaitant u\u017edaras, parkuose, kiemuose, stovyklavietes, papl\u016bdimiai, tailgates, socialini\u0173 \u012fvyki\u0173, ir daugiau.<\/div><\/div><div class=\"section\"><div class=\"section-img\"><img decoding=\"async\" src=\"\/vevor\/product\/HWDDBSM42FT2YO188001\/cornhole-board-set-a100-1.11.jpg\" \/><\/div><div class=\"section-mobile-img\"><img decoding=\"async\" src=\"\/vevor\/product\/HWDDBSM42FT2YO188001\/cornhole-board-set-a100-1.11-m.jpg\" \/><\/div><\/div><\/div><\/body><\/html><\/div>\n<div class=\"DM_at-title\" id=\"js-DM_at-title\"> <div>Produkto specifikacija<\/div> <i class=\"icon-arrowup_line\"><\/i> <\/div><div class=\"DM_at-goodsDescAttr\" id=\"js-DM_at-goodsDescAttr\"> <div class=\"DM_at-goodsDescAttrInner\"> <dl class=\"goodsDesc_item goodsDesc_item_even\"> <dt>Prek\u0117s Modelio Numeris<\/dt> <dd> 4A-29-7<\/dd> <\/dl> <dl class=\"goodsDesc_item\"> <dt>Pagrindin\u0117 Med\u017eiaga<\/dt> <dd> Fanera Skydelis + Pu\u0161ies R\u0117mas + Lakas<\/dd> <\/dl> <dl class=\"goodsDesc_item goodsDesc_item_even\"> <dt>Produkto Svoris<\/dt> <dd> 29.98 svar\u0173\/ 13.6 kg<\/dd> <\/dl> <dl class=\"goodsDesc_item\"> <dt>Produkto Matmenys I\u0161klojus<\/dt> <dd> 4.12x1.97x0.99 p\u0117d\u0173\/ 1255x600x302 mm<\/dd> <\/dl> <dl class=\"goodsDesc_item goodsDesc_item_even\"> <dt>Produkto Sulankstyti Matmenys<\/dt> <dd> 3.94x1.97x0.17 ft\/ 1200x600x51 mm<\/dd> <\/dl> <\/div> <\/div>","protected":false},"excerpt":{"rendered":"<ul>\n<li> Patvari Med\u017eiaga-cornhole rinkinys yra pagamintas i\u0161 100% auk\u0161tos kokyb\u0117s med\u017eio masyvo, su poliruoto pavir\u0161iaus, kad b\u016bt\u0173 sklandus ir esteti\u0161kai malonus, atitinkan\u010di\u0173 j\u016bs\u0173 pritaikymas poreikius. M\u016bs\u0173 valdyba dydis-4 x 2 ft, paruo\u0161tas naudoti i\u0161 d\u0117\u017eut\u0117s ir \u012frengta paramos crossbars i\u0161vengti \u0161oktel\u0117ti <\/li>\n<li> Tvirta Konstrukcija: cornhole valdybos med\u017eio masyvo r\u0117mas ir vir\u0161uje valdyba yra u\u017etikrintas kartu su mitra s\u0105nari\u0173 ir sunki\u0173j\u0173 aparat\u016bros, tod\u0117l \u017eaidimas valdybos patvarus bei atsparus deformacijai arba skilin\u0117jim\u0105. Tai leid\u017eia vartotojams i\u0161laikyti pusiausvyr\u0105 metu intensyvaus \u017eaidimai, teikti skland\u017eiau \u017eaisti patirtis <\/li>\n<li> Ne\u0161iojami &amp; Lengvas Sand\u0117liavimas: Ne\u0161iojami kukur\u016bz\u0173 skyl\u0117s rinkinys pasi\u017eymi sulankstoma konstrukcija, kad b\u016bt\u0173 lengva nustatyti ir laikyti Jis ateina su 420D ne\u0161iojimo mai\u0161el\u012f saugojimui, padeda sutaupyti vietos Sustiprintos \u0161onin\u0117s rankenos leid\u017eia lengvai ne\u0161iotis lent\u0105, ypa\u010d tinka \u017eaisti papl\u016bdimyje ar kitose vietose, kur vilkimo medienos lentos n\u0117ra idealus <\/li>\n<li> Custom Modelius: kukur\u016bz\u0173 skyl\u0117s lauko \u017eaidimas lobizmas valdybos funkcijos lakuoto pavir\u0161iaus dizainas, skland\u017eiai apdaila, kuri leid\u017eia lengvai da\u017e\u0173 arba tinkinti. J\u016bs galite prid\u0117ti savo lipdukus ir dizaino custom modelius, m\u0117gautis \u012fdomus &#034;PASIDARYK pats&#034; su savo \u0161eima <\/li>\n<li> Pritaikoma: \u0160i versija neapima pupeli\u0173 mai\u0161ai, suteikiant jums galimyb\u0119 sumai\u0161oma ir suderinti \u012fvairi\u0173 pupeli\u0173 mai\u0161as spalvas, pritaikyti savo i\u0161skirtinis cornhole valdybos nustatyti. Lengvai suderinti savo pageidavimus d\u0117l sporto komandos, atostog\u0173 spalvas, ar \u012fvykiai <\/li>\n<\/ul>","protected":false},"featured_media":393848,"comment_status":"open","ping_status":"open","template":"","meta":{"om_disable_all_campaigns":false,"_monsterinsights_skip_tracking":false,"_monsterinsights_sitenote_active":false,"_monsterinsights_sitenote_note":"","_monsterinsights_sitenote_category":0,"_uf_show_specific_survey":0,"_uf_disable_surveys":false},"location":[1935,1934],"product_brand":[21],"product_cat":[5174,2816,2378,3080],"product_tag":[],"class_list":{"0":"post-171891","1":"product","2":"type-product","3":"status-publish","4":"has-post-thumbnail","6":"location-supplier_stock_location","7":"location-local_stock_location","8":"product_brand-vevor","9":"product_cat-cornhole-set","10":"product_cat-games-sports-outdoors","11":"product_cat-sports-outdoors","12":"product_cat-yard-games","14":"first","15":"instock","16":"taxable","17":"shipping-taxable","18":"purchasable","19":"product-type-simple"},"aioseo_notices":[],"jetpack_sharing_enabled":true,"locations":[{"id":1935,"name":"Pieg\u0101d\u0101t\u0101ja noliktav\u0101 (5-7d.d.)","slug":"supplier_stock_location","quantity":"84"},{"id":1934,"name":"R\u012bgas veikal\u0101 (0-2d.d.)","slug":"local_stock_location","quantity":"0"}],"_links":{"self":[{"href":"https:\/\/vevorshop.lv\/lt\/wp-json\/wp\/v2\/product\/171891","targetHints":{"allow":["GET"]}}],"collection":[{"href":"https:\/\/vevorshop.lv\/lt\/wp-json\/wp\/v2\/product"}],"about":[{"href":"https:\/\/vevorshop.lv\/lt\/wp-json\/wp\/v2\/types\/product"}],"replies":[{"embeddable":true,"href":"https:\/\/vevorshop.lv\/lt\/wp-json\/wp\/v2\/comments?post=171891"}],"wp:featuredmedia":[{"embeddable":true,"href":"https:\/\/vevorshop.lv\/lt\/wp-json\/wp\/v2\/media\/393848"}],"wp:attachment":[{"href":"https:\/\/vevorshop.lv\/lt\/wp-json\/wp\/v2\/media?parent=171891"}],"wp:term":[{"taxonomy":"location","embeddable":true,"href":"https:\/\/vevorshop.lv\/lt\/wp-json\/wp\/v2\/location?post=171891"},{"taxonomy":"product_brand","embeddable":true,"href":"https:\/\/vevorshop.lv\/lt\/wp-json\/wp\/v2\/product_brand?post=171891"},{"taxonomy":"product_cat","embeddable":true,"href":"https:\/\/vevorshop.lv\/lt\/wp-json\/wp\/v2\/product_cat?post=171891"},{"taxonomy":"product_tag","embeddable":true,"href":"https:\/\/vevorshop.lv\/lt\/wp-json\/wp\/v2\/product_tag?post=171891"}],"curies":[{"name":"wp","href":"https:\/\/api.w.org\/{rel}","templated":true}]}}